{"id":568,"date":"2020-06-27T20:23:04","date_gmt":"2020-06-27T20:23:04","guid":{"rendered":"http:\/\/haitises.com\/?post_type=product&#038;p=568"},"modified":"2024-04-16T21:12:55","modified_gmt":"2024-04-16T21:12:55","slug":"excursion-cascada-el-limon-y-almuerzo-en-playa-de-las-terrenas","status":"publish","type":"product","link":"https:\/\/haitises.com\/et\/privaatne\/excursion-cascada-el-limon-y-almuerzo-en-playa-de-las-terrenas\/","title":{"rendered":"Excursi\u00f3n Cascada El Lim\u00f3n y almuerzo en Playa de Las terrenas"},"content":{"rendered":"<div class=\"vc_row wpb_row vc_row-fluid\" ><div class=\"wpb_column vc_column_container vc_col-sm-12\"><div class=\"vc_column-inner\"><div class=\"wpb_wrapper\">[mkdf_section_title subtitle_tag=\u00bb\u00bb subtitle=\u00bbCaballos + Cascadas + Playa\u00bb]<\/div><\/div><\/div><\/div><div class=\"vc_row wpb_row vc_row-fluid\" ><div class=\"wpb_column vc_column_container vc_col-sm-12\"><div class=\"vc_column-inner\"><div class=\"wpb_wrapper\">\n\t<div class=\"wpb_text_column wpb_content_element\" >\n\t\t<div class=\"wpb_wrapper\">\n\t\t\t<h2>Cascadas El Lim\u00f3n + Las Terrenas con almuerzo en la playa<\/h2>\n<h3>Kirjeldus<\/h3>\n<p>Este es un tour privado a la Cascada El Lim\u00f3n con paseos a caballo o senderismo. Visitando el bosque de cacao y caf\u00e9 bajo el cultivo de cocos. Cuando llegue a las cascadas, podr\u00e1 nadar y establecer la hora con su gu\u00eda local. Despu\u00e9s de disfrutar de un almuerzo t\u00edpico en la playa de Las Terrenas.<\/p>\n<p>Aprenda con los lugare\u00f1os y disfrute de un viaje seguro. Obtenga sus entradas en oferta hoy.<\/p>\n<ul>\n<li>Incluye almuerzo en la playa<\/li>\n<li>Caballos o senderismo<\/li>\n<li>El gu\u00eda proporciona instrucciones y supervisi\u00f3n.<\/li>\n<li>Tarifas al Parque Nacional<\/li>\n<\/ul>\n<h3>Kaasamised ja v\u00e4listused<\/h3>\n<h4>Kaasamised<\/h4>\n<ol>\n<li>Almuerzo buffet en la playa.<\/li>\n<li>Excursi\u00f3n a pie o a caballo<\/li>\n<li>Todos los impuestos, tarifas y cargos por manejo<\/li>\n<li>Kohalikud maksud<\/li>\n<li>Joogid<\/li>\n<li>K\u00f5ik tegevused<\/li>\n<li>Kohalik giid<\/li>\n<\/ol>\n<h4>V\u00e4listused<\/h4>\n<ol>\n<li>N\u00e4pun\u00e4iteid<\/li>\n<li>Transport<\/li>\n<li>Alkohoolsed joogid<\/li>\n<\/ol>\n<h3><em>V\u00e4ljas\u00f5it ja tagasis\u00f5it<\/em><\/h3>\n<p>El viajero obtendr\u00e1 un punto de encuentro despu\u00e9s del proceso de reserva. Los tours comienzan y terminan en nuestros puntos de encuentro.<\/p>\n<h3><em>Mida oodata?<\/em><\/h3>\n<p>Obtenga sus boletos para visitar La cascada El Lim\u00f3n en Saman\u00e1, adem\u00e1s de un maravilloso almuerzo y tiempo de playa en la playa de Las Terrenas.<\/p>\n<p>El recorrido organizado por \u00abBooking Adventures\u00bb, comienza en el punto de encuentro establecido con el gu\u00eda tur\u00edstico.<\/p>\n<p>Los mejores viajes privados a las cascadas de El Lim\u00f3n con un gu\u00eda tur\u00edstico local. Reserve un viaje a caballo por el bosque, rodeando el r\u00edo Lim\u00f3n, visitando plantaciones de cacao y caf\u00e9 bajo las palmeras de sombra de coco.<\/p>\n<p>Primero, det\u00e9ngase en la peque\u00f1a cascada donde generalmente no hay mucha gente y puede nadar. Luego continuamos hacia la gran cascada donde nos quedaremos durante una hora o m\u00e1s si lo desea.<\/p>\n<p>Llevar los caballos de vuelta al restaurante donde disfrutaremos de un almuerzo t\u00edpico en la playa. Pescado frito con Tostones y Ensalada o puede obtener otras opciones en el men\u00fa con cargos adicionales.<\/p>\n<p>Despu\u00e9s de la hora de playa nuestro recorrido termina.<\/p>\n<p>Almuerza en la playa y puedes quedarte todo el tiempo que quieras nadando. Se ofrecen Pescado frito y Tostones! Si eres vegano, tambi\u00e9n podemos prepararte algo de comida.<\/p>\n<h3><em>Mida peaksite kaasa v\u00f5tma?<\/em><\/h3>\n<ul>\n<li>Kaamera<\/li>\n<li>Repellendid<\/li>\n<li>P\u00e4ikesekaitsekreem<\/li>\n<li>M\u00fcts<\/li>\n<li>Mugavad p\u00fcksid<\/li>\n<li>Metsa matkajalatsid<\/li>\n<li>Sandalias de playa<\/li>\n<li>Ujumisriided<\/li>\n<\/ul>\n<h3><em>Hotelli vastuv\u00f5tt<\/em><\/h3>\n<p>No se ofrece la recogida en el hotel para este tour.<\/p>\n<p><strong>Nota:<\/strong> Si realiza la reserva dentro de las 24 horas de la hora de salida del tour \/ excursi\u00f3n, podemos organizar la recogida en el hotel con cargos adicionales. Una vez que se complete su compra, le enviaremos informaci\u00f3n de contacto completa (n\u00famero de tel\u00e9fono, direcci\u00f3n de correo electr\u00f3nico, etc.) para que nuestro gu\u00eda tur\u00edstico local organice los arreglos de recogida.<\/p>\n<h3><em>Lisainfo kinnitus<\/em><\/h3>\n<ul>\n<li>Piletid on kviitung p\u00e4rast selle tuuri eest tasumist. Saate n\u00e4idata makset oma telefonis.<\/li>\n<li>Kohtumiskoha saab k\u00e4tte p\u00e4rast broneerimisprotsessi.<\/li>\n<li>Lastega peab kaasas olema t\u00e4iskasvanu.<\/li>\n<li>Pole ratastooliga ligip\u00e4\u00e4setav<\/li>\n<li>Los infantes deben sentarse en un asiento para beb\u00e9s o con un adulto<\/li>\n<li>Ei soovitata seljaprobleemidega reisijatele.<\/li>\n<li>Ei soovitata rasedatele.<\/li>\n<li>Puuduvad s\u00fcdameprobleemid ega muud t\u00f5sised haigusseisundid.<\/li>\n<li>Enamik reisijaid saab osaleda.<\/li>\n<\/ul>\n<h3><em>T\u00fchistamispoliitika<\/em><\/h3>\n<p>Para obtener un reembolso completo, cancele al menos 24 horas antes de la fecha de inicio de la experiencia.<\/p>\n\n\t\t<\/div>\n\t<\/div>\n<\/div><\/div><\/div><\/div><div class=\"vc_row wpb_row vc_row-fluid\" ><div class=\"wpb_column vc_column_container vc_col-sm-12\"><div class=\"vc_column-inner\"><div class=\"wpb_wrapper\"><div class=\"vc_empty_space\"   style=\"height: 32px\"><span class=\"vc_empty_space_inner\"><\/span><\/div><\/div><\/div><\/div><\/div><div class=\"vc_row wpb_row vc_row-fluid\" ><div class=\"wpb_column vc_column_container vc_col-sm-12\"><div class=\"vc_column-inner\"><div class=\"wpb_wrapper\">\n\t<div class=\"wpb_text_column wpb_content_element\" >\n\t\t<div class=\"wpb_wrapper\">\n\t\t\t<h4>V\u00f5ta meiega \u00fchendust?<\/h4>\n<h3><em>\u00bfContactarnos?<\/em><\/h3>\n<p>Reservas de aventuras<br \/>\nKohalikud ja riiklikud giidid ja k\u00fclalisteenused<\/p>\n<p>Broneeringud: ekskursioonid ja ekskursioonid Dom. Reps.<\/p>\n<p>\ud83d\udcde Tel\/Whatsapp +1-809-720-6035.<\/p>\n<p>\ud83d\udce9 info@bookingadventures.com.do<\/p>\n<p>Hacemos tours privados de con flexibilidad por Whatsapp: +18097206035.<\/p>\n\n\t\t<\/div>\n\t<\/div>\n<\/div><\/div><\/div><\/div>","protected":false},"excerpt":{"rendered":"<p>Este es un tour privado a las cascadas El Lim\u00f3n con paseos a caballo o senderismo. Visitando el bosque de cacao y caf\u00e9 bajo los cultivos de coco. Cuando llegue a las cascadas, podr\u00e1 nadar y establecer la hora con su gu\u00eda local. Despu\u00e9s de disfrutar de un almuerzo t\u00edpico en la playa de Las Terrenas.<\/p>\n<p>Aprenda con los locales y disfrute de un viaje seguro. Obtenga sus entradas en oferta hoy.<\/p>\n<p><strong>Por favor seleccione la fecha para el Tour:<\/strong><\/p>","protected":false},"featured_media":226,"template":"","meta":[],"product_brand":[],"product_cat":[97,194,122,443,123,124],"product_tag":[137,138,140,142,143],"class_list":{"0":"post-568","1":"product","2":"type-product","3":"status-publish","4":"has-post-thumbnail","6":"product_cat-horse-riding-to-waterfalls","7":"product_cat-salto-el-limon-samana-dominican-republic","8":"product_cat-tours-and-excursions","9":"product_cat-tours-y-excursiones-es","10":"product_cat-tours-excursions-los-haitises-national-park","11":"product_cat-tours-excursions-samana-bay-dominican-republic","12":"product_tag-bacardi-island","13":"product_tag-beach-time","14":"product_tag-el-limon-waterfalls","15":"product_tag-samana","16":"product_tag-samana-tours","18":"first","19":"instock","20":"sale","21":"sold-individually","22":"shipping-taxable","23":"product-type-external"},"_links":{"self":[{"href":"https:\/\/haitises.com\/et\/wp-json\/wp\/v2\/product\/568","targetHints":{"allow":["GET"]}}],"collection":[{"href":"https:\/\/haitises.com\/et\/wp-json\/wp\/v2\/product"}],"about":[{"href":"https:\/\/haitises.com\/et\/wp-json\/wp\/v2\/types\/product"}],"wp:featuredmedia":[{"embeddable":true,"href":"https:\/\/haitises.com\/et\/wp-json\/wp\/v2\/media\/226"}],"wp:attachment":[{"href":"https:\/\/haitises.com\/et\/wp-json\/wp\/v2\/media?parent=568"}],"wp:term":[{"taxonomy":"product_brand","embeddable":true,"href":"https:\/\/haitises.com\/et\/wp-json\/wp\/v2\/product_brand?post=568"},{"taxonomy":"product_cat","embeddable":true,"href":"https:\/\/haitises.com\/et\/wp-json\/wp\/v2\/product_cat?post=568"},{"taxonomy":"product_tag","embeddable":true,"href":"https:\/\/haitises.com\/et\/wp-json\/wp\/v2\/product_tag?post=568"}],"curies":[{"name":"wp","href":"https:\/\/api.w.org\/{rel}","templated":true}]}}