{"id":548,"date":"2020-06-15T15:48:44","date_gmt":"2020-06-15T15:48:44","guid":{"rendered":"http:\/\/haitises.com\/?post_type=product&#038;p=548"},"modified":"2024-04-19T15:58:28","modified_gmt":"2024-04-19T15:58:28","slug":"los-haitises-rahvuspargi-susta-ja-matkaretk","status":"publish","type":"product","link":"https:\/\/haitises.com\/et\/privaatne\/los-haitises-rahvuspargi-susta-ja-matkaretk\/","title":{"rendered":"Los Haitisese rahvuspargi s\u00fcsta- ja matkaretk"},"content":{"rendered":"<div class=\"vc_row wpb_row vc_row-fluid\" ><div class=\"wpb_column vc_column_container vc_col-sm-12\"><div class=\"vc_column-inner\"><div class=\"wpb_wrapper\">\n\t<div class=\"wpb_text_column wpb_content_element\" >\n\t\t<div class=\"wpb_wrapper\">\n\t\t\t<h3>Kirjeldus<\/h3>\n<p>See matka- ja s\u00fcstamarsruut algab Ca\u00f1o Hondo \/ Sabana de La Mari sadamast. Jalutame umbes 3 tundi m\u00f6\u00f6da Los Haitisese rahvuspargi m\u00e4rga metsa. Saate teada selle piirkonna ravimtaimedest, n\u00e4ha esmast ja teisest laialehelist metsa Los Haitisese rahvuspargi m\u00e4gedes ning samal ajal j\u00f5uda Jivalese j\u00f5e allikani, kust voolab looduslike \u00f6kobasseinide vesi. \u00f6\u00f6maja tule v\u00e4lja Hondo Ca\u00f1o. Seej\u00e4rel v\u00f5tame kaasa Sinu turvalisuse tagamiseks vajaliku varustuse (p\u00e4\u00e4stevestid jms), s\u00fcstad ja \u00fcletame mangroovid. N\u00e4ete lindudega t\u00e4idetud mangroove, lopsaka rohelusega m\u00e4gesid. L\u00e4bi mangroovide ja maa San Lorenzo avatud lahes, kust saab pildistada imelist metsamaastikku.<\/p>\n<p>P\u00e4rast seda kogemust naasete Cano Hondosse v\u00f5i Sabana de la mari.<\/p>\n<ul>\n<li>Maksud hinna sees<\/li>\n<li>Matkaretk Los Haitisese rahvusparki<\/li>\n<li>Juhend annab juhendamist ja j\u00e4relevalvet.<\/li>\n<\/ul>\n<h3>Kaasamised ja v\u00e4listused<\/h3>\n<h4>Kaasamised<\/h4>\n<ol>\n<li>Los Haitisese rahvuspark<\/li>\n<li>Matk + s\u00fcsta<\/li>\n<li>K\u00f5ik maksud, tasud ja k\u00e4itlustasud.<\/li>\n<li>Kohalikud maksud<\/li>\n<li>Joogid<\/li>\n<li>K\u00f5ik tegevused<\/li>\n<li>Kohalik giid<\/li>\n<\/ol>\n<h4>V\u00e4listused<\/h4>\n<ol>\n<li>N\u00e4pun\u00e4iteid<\/li>\n<li>Transport<\/li>\n<li>L\u00f5unas\u00f6\u00f6k<\/li>\n<li>Alkohoolsed joogid<\/li>\n<\/ol>\n<h3><em>V\u00e4ljas\u00f5it ja tagasis\u00f5it<\/em><\/h3>\n<p>Reisija saab p\u00e4rast broneerimisprotsessi kohtumispunkti. Ekskursioonid algavad ja l\u00f5pevad meie kohtumispunktides.<\/p>\n<h2>Matk + kajak Los Haitisese rahvuspark<\/h2>\n<h3><em>Mida oodata?<\/em><\/h3>\n<p>El nombre del parque nacional proviene de sus habitantes originales, los indios ta\u00ednos. En su idioma, \u00abHaitises\u00bb se traduce en tierras altas o colinas, una referencia a las empinadas formaciones geol\u00f3gicas de la costa con calizas. La actividad en Kayak es de 2 horas.<\/p>\n<p>Aprender sobre la historia y la naturaleza con gu\u00edas tur\u00edsticos locales que crecen como protectores y voluntarios ambientales dentro de esta \u00e1rea del proyecto. El recorrido, organizado por \u00abBooking Adventures\u00bb comienza en el punto de encuentro establecido con el gu\u00eda tur\u00edstico.<\/p>\n<p>P\u00e4rast esialgset jalutusk\u00e4iku l\u00e4bi p\u00f5ldude ja p\u00f5llumaade, alustate k\u00f5ndimist l\u00e4bi kookose- ja kakaometsa. Olge iga minut Los Haitisese rahvuspargi peamises ja ainulaadses metsapiirkonnas. Tulge Booking Adventuresiga ja tutvuge endeemiliste linnu-, imetajate- ja taimeliikidega, lopsaka taimestikuga m\u00e4gede ja Los Haitisese rahvuspargi koobastega.<\/p>\n<p>El nombre del parque nacional proviene de sus habitantes originales, los indios ta\u00ednos. En su idioma, \u00abHaitises\u00bb se traduce en tierras altas o colinas, una referencia a las empinadas formaciones geol\u00f3gicas de la costa con calizas. Avent\u00farate en el parque para explorar cuevas como la Cueva de la Arena y la Cueva de la L\u00ednea. Puede combinar el recorrido en barco con el viaje de senderismo. Solo cont\u00e1ctenos.<\/p>\n<p>Reservi koopaid kasutasid varjupaigana Ta\u00edno indiaanlased ja hiljem varjatud piraadid. Otsige jooniseid indiaanlastest, kes kaunistavad m\u00f5nda seina. Vihmametsas kasvab \u00fcle 700 taimeliigi, p\u00fc\u00fcame k\u00fclastajatele sel matkateel tutvustada k\u00f5iki meile tuttavaid ravimtaimi.<\/p>\n<p>Tulge \u00f5ppima, matkama ja nautige Los Haitisese rahvuspargi t\u00f5elist loodust.<\/p>\n<h3><em>Mida peaksite kaasa v\u00f5tma?<\/em><\/h3>\n<ul>\n<li>Kaamera<\/li>\n<li>Repellendid<\/li>\n<li>P\u00e4ikesekaitsekreem<\/li>\n<li>M\u00fcts<\/li>\n<li>Mugavad p\u00fcksid<\/li>\n<li>Metsa matkajalatsid<\/li>\n<li>Sandaalid kevadpiirkondadesse.<\/li>\n<li>Ujumisriided<\/li>\n<\/ul>\n<h3><em>Hotelli vastuv\u00f5tt<\/em><\/h3>\n<p>Sellel ekskursioonil ei pakuta hotelli j\u00e4reletulemist. Ainult siis, kui viibite Cano Hondo hotellis v\u00f5i hotellides Sabana de la Mari piirkonnas.<\/p>\n<p><strong>M\u00e4rge<\/strong>: Kui broneerite 24 tunni jooksul p\u00e4rast ekskursiooni\/ekskursiooni v\u00e4ljumisaega, saame korraldada lisatasudega hotelli j\u00e4reletulemise k\u00f5ikjalt Dominikaani Vabariigist. Kui ost on l\u00f5pule viidud, saadame teile kohaliku giidi t\u00e4ieliku kontaktteabe (telefoninumbri, e-posti aadressi jne), et korraldada j\u00e4reletulemise korraldamine.<\/p>\n<h3><em>Lisainfo kinnitus<\/em><\/h3>\n<ol>\n<li>Piletid on kviitung p\u00e4rast selle tuuri eest tasumist. Saate n\u00e4idata makset oma telefonis.<\/li>\n<li>Kohtumiskoha saab k\u00e4tte p\u00e4rast broneerimisprotsessi.<\/li>\n<li>Lastega peab kaasas olema t\u00e4iskasvanu.<\/li>\n<li>Pole ratastooliga ligip\u00e4\u00e4setav<\/li>\n<li>Imikud peaksid istuma lapseistmel v\u00f5i koos vanematega<\/li>\n<li>Ei soovitata seljaprobleemidega reisijatele.<\/li>\n<li>Ei soovitata rasedatele.<\/li>\n<li>Puuduvad s\u00fcdameprobleemid ega muud t\u00f5sised haigusseisundid.<\/li>\n<li>Enamik reisijaid saab osaleda.<\/li>\n<\/ol>\n<h3><em>T\u00fchistamispoliitika<\/em><\/h3>\n<p>T\u00e4ieliku tagasimakse saamiseks t\u00fchistage v\u00e4hemalt 24 tundi enne kogemuse alguskuup\u00e4eva. Vahendid l\u00e4hevad kaotsi, kui broneering t\u00fchistatakse samal reisip\u00e4eval.<\/p>\n<h2>Vihmametsa matkamine ja s\u00fcsta<br \/>\nMatk + kajak Los Haitisese rahvuspark<\/h2>\n<p>See kogemus n\u00f5uab v\u00e4hemalt 2 osalejat. Kui te pole veel 2-aastane, v\u00f5tke meiega julgelt \u00fchendust!<\/p>\n<h3>V\u00f5ta meiega \u00fchendust?<\/h3>\n<p><em>Seikluste broneerimine<\/em><br \/>\nKohalikud ja riiklikud giidid ja k\u00fclalisteenused<\/p>\n<p>Broneeringud: ekskursioonid ja ekskursioonid Dom. Reps.<\/p>\n<p>\ud83d\udcde Tel\/Whatsapp +1-809-720-6035.<\/p>\n<p>\ud83d\udce9 info@bookingadventures.com.do<\/p>\n<p>Oleme Whatsapi paindliku konfiguratsiooniga privaatreisid: +18097206035.<\/p>\n\n\t\t<\/div>\n\t<\/div>\n<\/div><\/div><\/div><\/div>","protected":false},"excerpt":{"rendered":"<p>3-tunnine matkamine ja s\u00fcstas\u00f5it mangroovides Los Haitisese rahvuspargis koos kohaliku giidiga Sabana de la marist. Vihmametsa, kookose-, kohvi- ja kakaoalade k\u00fclastamine. Tutvuge Los Haitisese rahvuspargi esialgse ajalooga.<\/p>\n<p><strong>Valige matka kuup\u00e4ev:<\/strong><\/p>","protected":false},"featured_media":515,"template":"","meta":[],"product_brand":[],"product_cat":[356,96,443,123,124],"product_tag":[341,206,129,130,412,413,221,414,415,152,153,198,133,416,215,217,417,223,114,418,148,143,419],"class_list":{"0":"post-548","1":"product","2":"type-product","3":"status-publish","4":"has-post-thumbnail","6":"product_cat-day-trips","7":"product_cat-hiking","8":"product_cat-tours-y-excursiones-es","9":"product_cat-tours-excursions-los-haitises-national-park","10":"product_cat-tours-excursions-samana-bay-dominican-republic","11":"product_tag-cano-hondo-sabana-de-la-mar","12":"product_tag-caves-los-haitises","13":"product_tag-eco-tours","14":"product_tag-excursion","15":"product_tag-hike-kayak","16":"product_tag-hike-kayak-los-haitises-national-park","17":"product_tag-hiking-los-haitises","18":"product_tag-hiking-sabana-de-la-mar","19":"product_tag-hiking-samana","20":"product_tag-kayak-tour","21":"product_tag-kayaking","22":"product_tag-kayaking-los-haitises","23":"product_tag-los-haitises-national-park","24":"product_tag-los-haitises-national-park-entrance-fee","25":"product_tag-los-haitises-national-park-tour-from-las-terrenas","26":"product_tag-los-haitises-national-park-tour-from-santo-domingo","27":"product_tag-los-haitises-national-park-weather","28":"product_tag-los-haitises-sabana-de-la-mar","29":"product_tag-sabana-de-la-mar","30":"product_tag-sabana-de-la-mar-tour","31":"product_tag-samana-excursions","32":"product_tag-samana-tours","33":"product_tag-secrets-of-los-haitises","35":"first","36":"instock","37":"sale","38":"sold-individually","39":"shipping-taxable","40":"product-type-external"},"_links":{"self":[{"href":"https:\/\/haitises.com\/et\/wp-json\/wp\/v2\/product\/548","targetHints":{"allow":["GET"]}}],"collection":[{"href":"https:\/\/haitises.com\/et\/wp-json\/wp\/v2\/product"}],"about":[{"href":"https:\/\/haitises.com\/et\/wp-json\/wp\/v2\/types\/product"}],"wp:featuredmedia":[{"embeddable":true,"href":"https:\/\/haitises.com\/et\/wp-json\/wp\/v2\/media\/515"}],"wp:attachment":[{"href":"https:\/\/haitises.com\/et\/wp-json\/wp\/v2\/media?parent=548"}],"wp:term":[{"taxonomy":"product_brand","embeddable":true,"href":"https:\/\/haitises.com\/et\/wp-json\/wp\/v2\/product_brand?post=548"},{"taxonomy":"product_cat","embeddable":true,"href":"https:\/\/haitises.com\/et\/wp-json\/wp\/v2\/product_cat?post=548"},{"taxonomy":"product_tag","embeddable":true,"href":"https:\/\/haitises.com\/et\/wp-json\/wp\/v2\/product_tag?post=548"}],"curies":[{"name":"wp","href":"https:\/\/api.w.org\/{rel}","templated":true}]}}