{"id":11647,"date":"2023-10-04T07:39:47","date_gmt":"2023-10-04T07:39:47","guid":{"rendered":"http:\/\/haitises.com\/?post_type=product&#038;p=11647"},"modified":"2024-04-01T15:37:17","modified_gmt":"2024-04-01T15:37:17","slug":"el-limon-waterfall-and-bacardi-island-cayo-levantado-tour-from-punta-cana-hotels-3","status":"publish","type":"product","link":"https:\/\/haitises.com\/et\/privaatne\/el-limon-waterfall-and-bacardi-island-cayo-levantado-tour-from-punta-cana-hotels-3\/","title":{"rendered":"El Lim\u00f3n Waterfall and Bacardi Island (Cayo Levantado) Tour from Punta Cana Hotels"},"content":{"rendered":"<div class=\"vc_row wpb_row vc_row-fluid\" ><div class=\"wpb_column vc_column_container vc_col-sm-12\"><div class=\"vc_column-inner\"><div class=\"wpb_wrapper\">[mkdf_section_title title_tag=\u00bb\u00bb disable_break_words=\u00bbno\u00bb subtitle_tag=\u00bb\u00bb title=\u00bbEl Limon Waterfall &amp; Bacardi Island from Punta Cana Hotels\u00bb subtitle=\u00bb(Pick-up in Punta Cana)\u00bb]<\/div><\/div><\/div><\/div><div class=\"vc_row wpb_row vc_row-fluid\" ><div class=\"wpb_column vc_column_container vc_col-sm-12\"><div class=\"vc_column-inner\"><div class=\"wpb_wrapper\"><div class=\"vc_btn3-container vc_btn3-inline\" ><button class=\"vc_general vc_btn3 vc_btn3-size-md vc_btn3-shape-rounded vc_btn3-style-modern vc_btn3-color-green\">BRONEERI KOHE<\/button><\/div>\n\t<div class=\"wpb_text_column wpb_content_element\" >\n\t\t<div class=\"wpb_wrapper\">\n\t\t\t<h4><b><i>\u00dclevaade <\/i><\/b><\/h4>\n<p>If you are in Punta Cana or Bavaro, Looking for a day trip paying less than normal. Book this trip with a pick up at your hotel in Punta Cana. Bus will tak eyou to Sabana de la mar where we take catamaran to pass Samana bay . Visiting Samana community on Safari to arrive in El Lim\u00f3n Comunity, Horse riding or Hiking to the Waterfalls after crossing Samana Bay and Luch time at Bacardi Island. This trip Starts at 6: 00 am and finish at 6:30 pm.<\/p>\n<p>After this experience, you will get Back to Your Hotel.<\/p>\n<ul>\n<li style=\"font-weight: 400;\">Tasud hinna sees<\/li>\n<li>Hinna sees l\u00f5unas\u00f6\u00f6k rannas<\/li>\n<li>Transfer sisaldub<\/li>\n<li style=\"font-weight: 400;\"><span style=\"font-weight: 400;\">Juhend pakub juhendamist ja j\u00e4relevalvet<\/span><\/li>\n<\/ul>\n<p>&nbsp;<\/p>\n<h4><b>Kaasamised ja v\u00e4listused<\/b><\/h4>\n<p>&nbsp;<\/p>\n<p><b>Kaasamised<\/b><\/p>\n<p>&nbsp;<\/p>\n<ol>\n<li style=\"font-weight: 400;\">hotelli pealetulemine<\/li>\n<li style=\"font-weight: 400;\">Samana laht<\/li>\n<li>Bacardi saar, rand ja l\u00f5unas\u00f6\u00f6k<\/li>\n<li>Safari El Lim\u00f3ni<\/li>\n<li>Ratsutamine v\u00f5i matkamine koskede juurde<\/li>\n<li>Dominikaani kokteilid<\/li>\n<li style=\"font-weight: 400;\"><span style=\"font-weight: 400;\">K\u00f5ik maksud, tasud ja k\u00e4itlustasud<\/span><\/li>\n<li style=\"font-weight: 400;\"><span style=\"font-weight: 400;\">Kohalikud maksud<\/span><\/li>\n<li style=\"font-weight: 400;\"><span style=\"font-weight: 400;\">Joogid<\/span><\/li>\n<li style=\"font-weight: 400;\"><span style=\"font-weight: 400;\">K\u00f5ik tegevused<\/span><\/li>\n<li style=\"font-weight: 400;\"><span style=\"font-weight: 400;\">Kohalik giid<\/span><\/li>\n<\/ol>\n<p><b> V\u00e4listused<\/b><\/p>\n<ol>\n<li style=\"font-weight: 400;\"><span style=\"font-weight: 400;\">Jootraha<\/span><\/li>\n<li style=\"font-weight: 400;\"><span style=\"font-weight: 400;\">Alkohoolsed joogid p\u00e4rast kokteile\u00a0<\/span><\/li>\n<\/ol>\n<p>&nbsp;<\/p>\n<h4><em><strong>V\u00e4ljumine ja tagasitulek<\/strong><\/em><\/h4>\n<p><span style=\"font-weight: 400;\">Reisija saab p\u00e4rast broneerimisprotsessi kohtumispunkti. Ekskursioonid algavad ja l\u00f5ppevad meie kohtumispunktides.<\/span><\/p>\n<p>&nbsp;<\/p>\n<h4><b><i>Mida oodata?<\/i><\/b><\/h4>\n<p>&nbsp;<\/p>\n<p><em><strong>Hankige oma piletid<\/strong><\/em> for visiting The Waterfalls on Horses riding or Hiking, Safari Saman\u00e1, Swimming at the Natural Springs from the waterfalls lunch at Bacardi island plus Beach Time.<\/p>\n<p>Starting from Punta Cana on Bus we will drive to Samana bay port. In the Port we get onboard of a Boat or Catamaran with a Local tour guide we pass Saman\u00e1 Bay to Saman\u00e1 community. Taking a Safari with a local tour guide to talk about Saman\u00e1 history until arrive in El Limon Comunity. In El Lim\u00f3n Comunity we start hiking or Horse riding by El Limon waterfalls forest to the El Lim\u00f3n Waterfalls. Where when we arrive we can swim!\u00a0 After back to Safari to go to Samana port. Visit Bacardi island for lunch on the beach and swimming in one of the most beautiful islands from the Dominican Republic.<\/p>\n<p>In Case you will like this trip longer or Shorter just contact Us&#8230;<\/p>\n<p>&nbsp;<\/p>\n<p>&nbsp;<\/p>\n<h4><em><strong>Mida peaksite kaasa v\u00f5tma?<\/strong><\/em><\/h4>\n<ul>\n<li style=\"font-weight: 400;\"><span style=\"font-weight: 400;\">kaamera<\/span><\/li>\n<li style=\"font-weight: 400;\"><span style=\"font-weight: 400;\">T\u00f5rjuvad pungad<\/span><\/li>\n<li style=\"font-weight: 400;\"><span style=\"font-weight: 400;\">p\u00e4ikesekreem<\/span><\/li>\n<li style=\"font-weight: 400;\"><span style=\"font-weight: 400;\">M\u00fcts<\/span><\/li>\n<li style=\"font-weight: 400;\"><span style=\"font-weight: 400;\">Mugavad p\u00fcksid<\/span><\/li>\n<li style=\"font-weight: 400;\"><span style=\"font-weight: 400;\">Matkajalatsid metsa<\/span><\/li>\n<li style=\"font-weight: 400;\"><span style=\"font-weight: 400;\">Sandaalid kevadpiirkondadesse.<\/span><\/li>\n<li style=\"font-weight: 400;\"><span style=\"font-weight: 400;\">Ujumisriided<\/span><\/li>\n<\/ul>\n<p>&nbsp;<\/p>\n<h4><b><i>Hotelli j\u00e4reletulemine <\/i><\/b><\/h4>\n<p><span style=\"font-weight: 400;\">Pakutakse reisijate j\u00e4reletulemist!<\/span><\/p>\n<p><span style=\"font-weight: 400;\">Tuleme j\u00e4rele k\u00f5ikidest Punta Cana hotellidest. Vastuv\u00f5tukoht on Hotel Lobby<br \/>\nKui peatute selles piirkonnas asuvas korteris, tuleme teile j\u00e4rele korterist v\u00f5i l\u00e4hima kuurordi sissep\u00e4\u00e4su juurest. V\u00f5tame teiega \u00fchendust Whatsapi kaudu.<\/span><\/p>\n<p><b>M\u00e4rge:<\/b><span style=\"font-weight: 400;\"> Kui olete broneeritud 24 tunni jooksul p\u00e4rast ekskursiooni\/ekskursiooni v\u00e4ljumisaega, saame korraldada hotelli pealetulemise. Kui teie ost on l\u00f5pule viidud, saadame teile meie kohaliku giidi t\u00e4ieliku kontaktteabe (telefoninumber, e-posti aadress jne), et korraldada j\u00e4reletulemise korraldamine.<\/span><\/p>\n<h4><b><i>Lisateabe kinnitus <\/i><\/b><\/h4>\n<ol>\n<li>Piletid on kviitung p\u00e4rast selle ekskursiooni tasumist. Saate n\u00e4idata makset oma telefonis.<\/li>\n<li style=\"font-weight: 400;\"><span style=\"font-weight: 400;\">Kohtumispunkt v\u00f5etakse vastu p\u00e4rast broneerimisprotsessi.<\/span><\/li>\n<li style=\"font-weight: 400;\"><span style=\"font-weight: 400;\">Lastega peab kaasas olema t\u00e4iskasvanu.<\/span><\/li>\n<li style=\"font-weight: 400;\"><span style=\"font-weight: 400;\"> Pole ratastooliga ligip\u00e4\u00e4setav <\/span><\/li>\n<li style=\"font-weight: 400;\"><span style=\"font-weight: 400;\">Imikud peavad istuma s\u00fcles <\/span><\/li>\n<li style=\"font-weight: 400;\"><span style=\"font-weight: 400;\">Ei soovitata seljaprobleemidega reisijatele<\/span><\/li>\n<li style=\"font-weight: 400;\"><span style=\"font-weight: 400;\">Ei soovitata rasedatele reisijatele <\/span><\/li>\n<li style=\"font-weight: 400;\"><span style=\"font-weight: 400;\"> Puuduvad s\u00fcdameprobleemid ega muud t\u00f5sised haigusseisundid <\/span><\/li>\n<li style=\"font-weight: 400;\"><span style=\"font-weight: 400;\">Enamik reisijaid saab osaleda<\/span><\/li>\n<\/ol>\n<h4><b><i>T\u00fchistamispoliitika<\/i><\/b><\/h4>\n<p>T\u00e4ieliku tagasimakse saamiseks lugege palun meie t\u00fchistamiseeskirju\u00a0<a href=\"https:\/\/www.ticketswhales.com\/online-booking\/\" target=\"_blank\" rel=\"noopener\" data-saferedirecturl=\"https:\/\/www.google.com\/url?q=https:\/\/www.ticketswhales.com\/online-booking\/&amp;source=gmail&amp;ust=1672449202351000&amp;usg=AOvVaw1yAeVAPktmaVCqDujgUn90\">Kliki siia<\/a>. Vahendid l\u00e4hevad kaotsi, kui broneering t\u00fchistatakse samal reisip\u00e4eval.<\/p>\n\n\t\t<\/div>\n\t<\/div>\n<\/div><\/div><\/div><\/div><div class=\"vc_row wpb_row vc_row-fluid\" ><div class=\"wpb_column vc_column_container vc_col-sm-12\"><div class=\"vc_column-inner\"><div class=\"wpb_wrapper\"><div class=\"vc_empty_space\"   style=\"height: 32px\"><span class=\"vc_empty_space_inner\"><\/span><\/div>\n\t<div class=\"wpb_text_column wpb_content_element\" >\n\t\t<div class=\"wpb_wrapper\">\n\t\t\t<h4>V\u00f5ta meiega \u00fchendust?<\/h4>\n<h5><em><strong>Seikluste broneerimine<\/strong><\/em><\/h5>\n<p><em><strong>Kohalikud<\/strong> ja <strong>Rahvuslased<\/strong> Giidid ja k\u00fclalisteteenused<\/em><\/p>\n<p><span class=\"text-turquoise\">Broneeringud:<\/span> Reisid ja ekskursioonid Dom Rep.<\/p>\n<p><img decoding=\"async\" class=\"emoji\" draggable=\"false\" src=\"https:\/\/s.w.org\/images\/core\/emoji\/11.2.0\/svg\/1f4de.svg\" alt=\"\ud83d\udcde\" title=\"\"> Tel\/Whatsapp\u00a0 <a href=\"tel:+1-809-720-6035\">+1-809-720-6035<\/a>.<\/p>\n<p><img decoding=\"async\" class=\"emoji\" draggable=\"false\" src=\"https:\/\/s.w.org\/images\/core\/emoji\/11.2.0\/svg\/1f4e9.svg\" alt=\"\ud83d\udce9\" title=\"\"> <a href=\"mailto:info@bookingadventures.com.do\">info@bookingadventures.com.do<\/a><\/p>\n<p><strong>Me korraldame paindlikult Whatsapi privaatreise: <a href=\"tel:+18097206035\">+18097206035.<\/a><\/strong><\/p>\n\n\t\t<\/div>\n\t<\/div>\n<div class=\"vc_empty_space\"   style=\"height: 32px\"><span class=\"vc_empty_space_inner\"><\/span><\/div><\/div><\/div><\/div><\/div><div class=\"vc_row wpb_row vc_row-fluid\" ><div class=\"wpb_column vc_column_container vc_col-sm-12\"><div class=\"vc_column-inner\"><div class=\"wpb_wrapper\"><div class=\"vc_btn3-container vc_btn3-inline\" ><button class=\"vc_general vc_btn3 vc_btn3-size-md vc_btn3-shape-rounded vc_btn3-style-modern vc_btn3-color-green\">BRONEERI KOHE<\/button><\/div><\/div><\/div><\/div><\/div>","protected":false},"excerpt":{"rendered":"<p>If you are in Punta Cana or Bavaro, Looking for a day trip paying less than normal. Book this trip with a pick up at your hotel in Punta Cana. The bus will take you to Sabana de la mar where we take a catamaran to pass Samana bay. Visiting Samana community on Safari to arrive in El Lim\u00f3n Comunity, Horse riding or Hiking to the Waterfalls after crossing Samana Bay and Luch time at Bacardi Island. This trip starts at 6: 00 am and finish at 6:30 pm.<\/p>\n<p>&nbsp;<\/p>\n<p>&nbsp;<\/p>\n<p><strong>Palun valige ringk\u00e4igu kuup\u00e4ev\u00a0<\/strong><\/p>","protected":false},"featured_media":11427,"template":"","meta":[],"product_brand":[],"product_cat":[576,567,590,96,97,569,570,136,264,122,123,124],"product_tag":[137,138,281,139,282,283,140,284,141,114,285,142,143],"class_list":{"0":"post-11647","1":"product","2":"type-product","3":"status-publish","4":"has-post-thumbnail","6":"product_cat-1-punta-cana","7":"product_cat-el-limon-horseback-riding","8":"product_cat-el-limon-punta-cana","9":"product_cat-hiking","10":"product_cat-horse-riding-to-waterfalls","11":"product_cat-punta-cana-group-tours","12":"product_cat-punta-cana-samana-day-trips","13":"product_cat-safari-samana","14":"product_cat-salto-el-limon-and-bacardi-island","15":"product_cat-tours-and-excursions","16":"product_cat-tours-excursions-los-haitises-national-park","17":"product_cat-tours-excursions-samana-bay-dominican-republic","18":"product_tag-bacardi-island","19":"product_tag-beach-time","20":"product_tag-cascada-el-limon-salto-el-limon-samana-republica-dominicana","21":"product_tag-cayo-levantado","22":"product_tag-el-limon-waterfall-bacardi-island-from-punta-cana","23":"product_tag-el-limon-waterfall-and-bacardi-island-tour-from-punta-cana","24":"product_tag-el-limon-waterfalls","25":"product_tag-guided-adventures","26":"product_tag-punta-cana","27":"product_tag-sabana-de-la-mar","28":"product_tag-salto-de-limon-punta-cana","29":"product_tag-samana","30":"product_tag-samana-tours","32":"first","33":"instock","34":"sale","35":"shipping-taxable","36":"product-type-external"},"_links":{"self":[{"href":"https:\/\/haitises.com\/et\/wp-json\/wp\/v2\/product\/11647","targetHints":{"allow":["GET"]}}],"collection":[{"href":"https:\/\/haitises.com\/et\/wp-json\/wp\/v2\/product"}],"about":[{"href":"https:\/\/haitises.com\/et\/wp-json\/wp\/v2\/types\/product"}],"wp:featuredmedia":[{"embeddable":true,"href":"https:\/\/haitises.com\/et\/wp-json\/wp\/v2\/media\/11427"}],"wp:attachment":[{"href":"https:\/\/haitises.com\/et\/wp-json\/wp\/v2\/media?parent=11647"}],"wp:term":[{"taxonomy":"product_brand","embeddable":true,"href":"https:\/\/haitises.com\/et\/wp-json\/wp\/v2\/product_brand?post=11647"},{"taxonomy":"product_cat","embeddable":true,"href":"https:\/\/haitises.com\/et\/wp-json\/wp\/v2\/product_cat?post=11647"},{"taxonomy":"product_tag","embeddable":true,"href":"https:\/\/haitises.com\/et\/wp-json\/wp\/v2\/product_tag?post=11647"}],"curies":[{"name":"wp","href":"https:\/\/api.w.org\/{rel}","templated":true}]}}