{"id":11470,"date":"2021-10-15T07:23:50","date_gmt":"2021-10-15T07:23:50","guid":{"rendered":"http:\/\/haitises.com\/?post_type=product&#038;p=11470"},"modified":"2021-10-15T07:24:28","modified_gmt":"2021-10-15T07:24:28","slug":"altos-de-cano-hondo-free-breakfast-for-3-guests","status":"publish","type":"product","link":"https:\/\/haitises.com\/et\/privaatne\/altos-de-cano-hondo-free-breakfast-for-3-guests\/","title":{"rendered":"Altos De Ca\u00f1o Hondo &#038; Free Breakfast for 3 Guests"},"content":{"rendered":"<div class=\"vc_row wpb_row vc_row-fluid\" ><div class=\"wpb_column vc_column_container vc_col-sm-12\"><div class=\"vc_column-inner\"><div class=\"wpb_wrapper\">\n\t<div class=\"wpb_text_column wpb_content_element\" >\n\t\t<div class=\"wpb_wrapper\">\n\t\t\t<p data-name-en=\"roomsize\"><strong>Tasuta WiFi-\u00fchendus toas v\u00f5i fuajees,\u00a0<\/strong><strong>Tasuta parkimine, igap\u00e4evane majapidamine<\/strong><\/p>\n<p data-name-en=\"roomsize\"><em>(Free Breakfast for 2 Guests)<\/em><\/p>\n<h4 class=\"hprt-lightbox-title\" data-et-view=\"ZdffZZLJbFcFbRAOAcEUJXDbNZRO:1\"><strong>Teie vannitoas:<\/strong><\/h4>\n<ul class=\"hprt-lightbox-list js-lightbox-facilities\" data-nr-of-facilities=\"4\" data-et-view=\"\">\n<li class=\"hprt-lightbox-list__item js-lightbox-facility\" data-name-en=\"Shower\" data-id=\"4\">- Du\u0161\u0161<\/li>\n<li class=\"hprt-lightbox-list__item js-lightbox-facility\" data-name-en=\"Free Toiletries\" data-id=\"27\">- Tasuta tualett-tarbed<\/li>\n<li class=\"hprt-lightbox-list__item js-lightbox-facility\" data-name-en=\"Bathroom\" data-id=\"38\">- Ensuite vannituba<\/li>\n<li class=\"hprt-lightbox-list__item js-lightbox-facility\" data-name-en=\"higher level toilet\" data-id=\"151\">- T\u00f5stetud tualettruum<\/li>\n<\/ul>\n<h4 class=\"hprt-lightbox-title\"><strong>Toa mugavused: Toas on v\u00f5imalik valida, kas see sobib v\u00f5i mitte:<\/strong><\/h4>\n<ul class=\"hprt-lightbox-list js-lightbox-facilities\" data-nr-of-facilities=\"10\">\n<li style=\"list-style-type: none;\">\n<ul class=\"hprt-lightbox-list js-lightbox-facilities\" data-nr-of-facilities=\"10\">\n<li class=\"hprt-lightbox-list__item js-lightbox-facility\" data-name-en=\"Balcony\" data-id=\"17\">- R\u00f5du<\/li>\n<li class=\"hprt-lightbox-list__item js-lightbox-facility\" data-name-en=\"Garden View\" data-id=\"110\">- Vaade ookeanile<\/li>\n<li class=\"hprt-lightbox-list__item js-lightbox-facility\" data-name-en=\"Fan\" data-id=\"30\">\u2022 Fan<\/li>\n<li class=\"hprt-lightbox-list__item js-lightbox-facility\" data-name-en=\"Tumble dryer (machine)\" data-id=\"94\">- M\u00f6\u00f6bel<\/li>\n<li>\u2022 2 Double beds<\/li>\n<li class=\"hprt-lightbox-list__item js-lightbox-facility\" data-name-en=\"Wardrobe\/Closet\" data-id=\"95\">- Garderoob v\u00f5i riidekapp<\/li>\n<\/ul>\n<\/li>\n<\/ul>\n<p>[loe edasi]<\/p>\n<div>\n<h4><strong>K\u00fclaliste juurdep\u00e4\u00e4s:<\/strong><\/h4>\n<ul>\n<li>- 24-tunnine vastuv\u00f5tt<\/li>\n<li>- 16 suitsuvaba numbrituba<\/li>\n<li>- Restoran ja baar<\/li>\n<li>- Mitmekeelne personal<\/li>\n<li>- Laisk j\u00f5gi ja 11 looduslikku v\u00e4libasseini<\/li>\n<li>- Katuseterrass<\/li>\n<li>- Aed<\/li>\n<li>- Piknikuala<\/li>\n<li>- Igap\u00e4evane majapidamine<\/li>\n<li>- Pesupesemise teenus<\/li>\n<\/ul>\n<h2><strong><em>Toa mugavused:<\/em><\/strong><\/h2>\n<ul>\n<li>Laevaventilaator<\/li>\n<li>Individuaalselt kaunistatud<\/li>\n<li>F\u00f6\u00f6n (soovi korral)<\/li>\n<li>Tasuta pudelivesi<\/li>\n<li>R\u00f5du<\/li>\n<li>Igap\u00e4evane majapidamine<\/li>\n<li>24-tunnine vastuv\u00f5tt<\/li>\n<li>Kaunis vaade<\/li>\n<\/ul>\n<p>[\/read]<\/p>\n<hr \/>\n<h2>Rohkem \u00fcksikasju Ca\u00f1o Hondo kohta:<\/h2>\n<h2><strong><em>L\u00f5kketuli ja telkimine<\/em><\/strong><\/h2>\n<p>Nautige \u00f6ist jaanituld t\u00e4hetaguse all... ei mingit valgusreostust, vaid ainult pimedat \u00f6\u00f6taevast ja troopilise metsaelu helisid.<\/p>\n<p>Lisaks suurep\u00e4rasele teenindusele saate nautida t\u00fc\u00fcpilist kohalikku toitu (v\u00e4rsked mereannid) v\u00f5i vaba\u00f5hu\u00fcritusi ja ekskursioone koos kohaliku professionaalse giidiga.<\/p>\n<p>Iga meie 16 tuba on nime saanud Los Haitise rahvuspargis elavate lindude j\u00e4rgi (pargis on umbes 110 liiki). Ennek\u00f5ike on toad individuaalselt sisustatud, t\u00e4ielikult positiivne energia, mis toob parema viibimise Ca\u00f1o Hondo. Saate nautida vaateid San Lorenzo lahele ja Samana lahele!<\/p>\n<p>&nbsp;<\/p>\n<hr \/>\n<h2>Eripakkumised Ca\u00f1o Hondo Tegevused ja ekskursioonid<\/h2>\n<ul>\n<li>Tegevuste ja ekskursioonide nimekiri:<\/li>\n<li>Zip Lining<\/li>\n<li>Kaljuseinale ronimine<\/li>\n<li>Ratsutamine<\/li>\n<li>Matkarada rahvuspargis (2 v\u00f5i 4 tundi, v\u00f5ib kombineerida kajakis\u00f5iduga)<\/li>\n<li>Kajakis\u00f5it (2 v\u00f5i 4 tundi, v\u00f5ib kombineerida matkaga)<\/li>\n<li>Giidiga paadimatkad Los Haitisesi koobaste k\u00fclastamine<\/li>\n<li>Vaalade vaatamine (hooaeg 15. jaanuar - 30. m\u00e4rts)<\/li>\n<li>Juhendatud linnuvaatlus<\/li>\n<li>Avastage Los Haitises parki kanuudega<\/li>\n<li>Cayo Levantado\/Bacardi saar<\/li>\n<li>Veekogud El Limon<\/li>\n<li>Frontoni rand<\/li>\n<li>Kuradisuu<\/li>\n<li>ATV + El Valle Beach<\/li>\n<\/ul>\n<p>Teeme era- v\u00f5i grupireisi, kombineeritud pakette, mis sobivad meie k\u00fclalistele. Lisateavet tegevuste ja ekskursioonide kohta saate meilt.<\/p>\n<h2><span class=\"_6ijom0\">Ca\u00f1o Hondo k\u00fclaliste juurdep\u00e4\u00e4s<\/span><\/h2>\n<p>Mis on \u00fcmberringi ...<\/p>\n<ol>\n<li>16 suitsuvaba numbrituba<\/li>\n<li>Restoran ja baar\/lounge<\/li>\n<li>Laisk j\u00f5gi ja 15 v\u00e4libasseini<\/li>\n<li>Tasuta veepark<\/li>\n<li>Katuseterrass<\/li>\n<li>24-tunnine vastuv\u00f5tt<\/li>\n<li>Igap\u00e4evane majapidamine<\/li>\n<li>Vaated aeda<\/li>\n<li>Pesupesemise teenus<\/li>\n<li>Mitmekeelne personal<\/li>\n<li>Concierge teenused<\/li>\n<li>Piknikuala<\/li>\n<li>Tasuta buffet-hommikus\u00f6\u00f6k, tasuta WiFi-\u00fchendus \u00fcldkasutatavates ruumides ja tasuta parkimine.<\/li>\n<\/ol>\n<\/div>\n\n\t\t<\/div>\n\t<\/div>\n<\/div><\/div><\/div><\/div><div class=\"vc_row wpb_row vc_row-fluid\" ><div class=\"wpb_column vc_column_container vc_col-sm-12\"><div class=\"vc_column-inner\"><div class=\"wpb_wrapper\">\n\t<div class=\"wpb_text_column wpb_content_element\" >\n\t\t<div class=\"wpb_wrapper\">\n\t\t\t<h2><em>Muud ruumide valikud<\/em><\/h2>\n<div id=\"gtx-trans\" style=\"position: absolute; left: -6px; top: 45.275px;\">\n<div class=\"gtx-trans-icon\"><\/div>\n<\/div>\n\n\t\t<\/div>\n\t<\/div>\n<\/div><\/div><\/div><\/div><div class=\"vc_row wpb_row vc_row-fluid\" ><div class=\"wpb_column vc_column_container vc_col-sm-12\"><div class=\"vc_column-inner\"><div class=\"wpb_wrapper\"><div class=\"woocommerce columns-3\"><ul class=\"products columns-3\">\n<li class=\"product type-product post-12225 status-publish first instock product_cat-dominican-republic product_tag-excursion product_tag-tour has-post-thumbnail sale shipping-taxable product-type-external\">\n\t<div class=\"mkdf-pl-inner\"><div class=\"mkdf-pl-image\">\n\t<span class=\"mkdf-onsale\">SALE<\/span>\n\t<img loading=\"lazy\" decoding=\"async\" width=\"300\" height=\"300\" src=\"https:\/\/haitises.com\/wp-content\/uploads\/2024\/12\/98-7-300x300.jpg\" class=\"attachment-woocommerce_thumbnail size-woocommerce_thumbnail\" alt=\"Private Transfers from Punta Cana Airport to Hotels\" srcset=\"https:\/\/haitises.com\/wp-content\/uploads\/2024\/12\/98-7-300x300.jpg 300w, https:\/\/haitises.com\/wp-content\/uploads\/2024\/12\/98-7-550x550.jpg 550w, https:\/\/haitises.com\/wp-content\/uploads\/2024\/12\/98-7-100x100.jpg 100w\" sizes=\"auto, (max-width: 300px) 100vw, 300px\" title=\"\"><div class=\"mkdf-pl-text\"><div class=\"mkdf-pl-text-outer\"><div class=\"mkdf-pl-text-inner\"><a href=\"https:\/\/gyg.me\/Efzoif2Y\" aria-describedby=\"woocommerce_loop_add_to_cart_link_describedby_12225\" data-quantity=\"1\" class=\"button product_type_external\" data-product_id=\"12225\" data-product_sku=\"\" aria-label=\"Check availability\" rel=\"nofollow noopener\" target=\"_blank\">Check availability<\/a>\t<span id=\"woocommerce_loop_add_to_cart_link_describedby_12225\" class=\"screen-reader-text\">\n\t\t\t<\/span>\n<\/div><\/div><\/div><\/div><a href=\"https:\/\/haitises.com\/et\/privaatne\/private-transfers-from-punta-cana-airport-to-hotels\/\" class=\"woocommerce-LoopProduct-link woocommerce-loop-product__link\"><\/a><\/div><div class=\"mkdf-pl-text-wrapper\"><h4 class=\"mkdf-product-list-title\"><a href=\"https:\/\/haitises.com\/et\/privaatne\/private-transfers-from-punta-cana-airport-to-hotels\/\">Private Transfers from Punta Cana Airport to Hotels<\/a><\/h4>\n\t<span class=\"price\"><del aria-hidden=\"true\"><span class=\"woocommerce-Price-amount amount\"><bdi><span class=\"woocommerce-Price-currencySymbol\">&#36;<\/span>15.50<\/bdi><\/span><\/del> <span class=\"screen-reader-text\">Algne hind oli: &#036;15.50.<\/span><ins aria-hidden=\"true\"><span class=\"woocommerce-Price-amount amount\"><bdi><span class=\"woocommerce-Price-currencySymbol\">&#36;<\/span>12.15<\/bdi><\/span><\/ins><span class=\"screen-reader-text\">Current price is: &#036;12.15.<\/span><\/span>\n<\/div><\/li><li class=\"product type-product post-12224 status-publish instock product_cat-dominican-republic product_tag-excursion product_tag-tour has-post-thumbnail sale shipping-taxable product-type-external\">\n\t<div class=\"mkdf-pl-inner\"><div class=\"mkdf-pl-image\">\n\t<span class=\"mkdf-onsale\">SALE<\/span>\n\t<img loading=\"lazy\" decoding=\"async\" width=\"300\" height=\"300\" src=\"https:\/\/haitises.com\/wp-content\/uploads\/2024\/12\/145-39-300x300.jpg\" class=\"attachment-woocommerce_thumbnail size-woocommerce_thumbnail\" alt=\"Punta Cana: Dolphin Discovery Swims and Encounters\" srcset=\"https:\/\/haitises.com\/wp-content\/uploads\/2024\/12\/145-39-300x300.jpg 300w, https:\/\/haitises.com\/wp-content\/uploads\/2024\/12\/145-39-100x100.jpg 100w\" sizes=\"auto, (max-width: 300px) 100vw, 300px\" title=\"\"><div class=\"mkdf-pl-text\"><div class=\"mkdf-pl-text-outer\"><div class=\"mkdf-pl-text-inner\"><a href=\"https:\/\/gyg.me\/8AGs6VXL\" aria-describedby=\"woocommerce_loop_add_to_cart_link_describedby_12224\" data-quantity=\"1\" class=\"button product_type_external\" data-product_id=\"12224\" data-product_sku=\"\" aria-label=\"Osta &ldquo;Punta Cana: Dolphin Discovery Swims and Encounters&rdquo;\" rel=\"nofollow noopener\" target=\"_blank\">Osta toode<\/a>\t<span id=\"woocommerce_loop_add_to_cart_link_describedby_12224\" class=\"screen-reader-text\">\n\t\t\t<\/span>\n<\/div><\/div><\/div><\/div><a href=\"https:\/\/haitises.com\/et\/privaatne\/punta-cana-dolphin-discovery-swims-and-encounters\/\" class=\"woocommerce-LoopProduct-link woocommerce-loop-product__link\"><\/a><\/div><div class=\"mkdf-pl-text-wrapper\"><h4 class=\"mkdf-product-list-title\"><a href=\"https:\/\/haitises.com\/et\/privaatne\/punta-cana-dolphin-discovery-swims-and-encounters\/\">Punta Cana: Dolphin Discovery Swims and Encounters<\/a><\/h4>\n\t<span class=\"price\"><del aria-hidden=\"true\"><span class=\"woocommerce-Price-amount amount\"><bdi><span class=\"woocommerce-Price-currencySymbol\">&#36;<\/span>115.00<\/bdi><\/span><\/del> <span class=\"screen-reader-text\">Algne hind oli: &#036;115.00.<\/span><ins aria-hidden=\"true\"><span class=\"woocommerce-Price-amount amount\"><bdi><span class=\"woocommerce-Price-currencySymbol\">&#36;<\/span>109.00<\/bdi><\/span><\/ins><span class=\"screen-reader-text\">Current price is: &#036;109.00.<\/span><\/span>\n<\/div><\/li><li class=\"product type-product post-12223 status-publish last instock product_cat-dominican-republic product_cat-saona-island product_tag-excursion product_tag-tour has-post-thumbnail sale shipping-taxable product-type-external\">\n\t<div class=\"mkdf-pl-inner\"><div class=\"mkdf-pl-image\">\n\t<span class=\"mkdf-onsale\">SALE<\/span>\n\t<img loading=\"lazy\" decoding=\"async\" width=\"300\" height=\"300\" src=\"https:\/\/haitises.com\/wp-content\/uploads\/2026\/03\/145-38-300x300.jpg\" class=\"attachment-woocommerce_thumbnail size-woocommerce_thumbnail\" alt=\"Catamaran Tour to Saona Island: Lunch &amp; Open Bar Experience\" srcset=\"https:\/\/haitises.com\/wp-content\/uploads\/2026\/03\/145-38-300x300.jpg 300w, https:\/\/haitises.com\/wp-content\/uploads\/2026\/03\/145-38-550x550.jpg 550w, https:\/\/haitises.com\/wp-content\/uploads\/2026\/03\/145-38-100x100.jpg 100w\" sizes=\"auto, (max-width: 300px) 100vw, 300px\" title=\"\"><div class=\"mkdf-pl-text\"><div class=\"mkdf-pl-text-outer\"><div class=\"mkdf-pl-text-inner\"><a href=\"https:\/\/gobookingadventures.com\/en\/booking\/catamaran-tour-to-saona-island-lunch-and-open-bar-experience\" aria-describedby=\"woocommerce_loop_add_to_cart_link_describedby_12223\" data-quantity=\"1\" class=\"button product_type_external\" data-product_id=\"12223\" data-product_sku=\"\" aria-label=\"BUY TICKETS\" rel=\"nofollow noopener\" target=\"_blank\">BUY TICKETS<\/a>\t<span id=\"woocommerce_loop_add_to_cart_link_describedby_12223\" class=\"screen-reader-text\">\n\t\t\t<\/span>\n<\/div><\/div><\/div><\/div><a href=\"https:\/\/haitises.com\/et\/privaatne\/punta-cana-catamaran-to-saona-island-with-lunch-open-bar\/\" class=\"woocommerce-LoopProduct-link woocommerce-loop-product__link\"><\/a><\/div><div class=\"mkdf-pl-text-wrapper\"><h4 class=\"mkdf-product-list-title\"><a href=\"https:\/\/haitises.com\/et\/privaatne\/punta-cana-catamaran-to-saona-island-with-lunch-open-bar\/\">Catamaran Tour to Saona Island: Lunch &#038; Open Bar Experience<\/a><\/h4>\n\t<span class=\"price\"><del aria-hidden=\"true\"><span class=\"woocommerce-Price-amount amount\"><bdi><span class=\"woocommerce-Price-currencySymbol\">&#36;<\/span>95.00<\/bdi><\/span><\/del> <span class=\"screen-reader-text\">Algne hind oli: &#036;95.00.<\/span><ins aria-hidden=\"true\"><span class=\"woocommerce-Price-amount amount\"><bdi><span class=\"woocommerce-Price-currencySymbol\">&#36;<\/span>85.00<\/bdi><\/span><\/ins><span class=\"screen-reader-text\">Current price is: &#036;85.00.<\/span><\/span>\n<\/div><\/li><\/ul>\n<\/div><\/div><\/div><\/div><\/div>","protected":false},"excerpt":{"rendered":"<h2><strong>Ca\u00f1o Hondo hotell<\/strong><\/h2>\n<p><em>(Free Breakfast for 3 Guests)<\/em><\/p>\n<p>Eco-Lodge on maagiline, rahulik ja originaalne koht, kus viibida. See looduslik ja autentne hotell asub kuulsas Los Haitisesi rahvuspargis Sabana de la Maris. K\u00f5ik meie toad on t\u00e4is positiivset energiat, kust avaneb imeline vaade San Lorenzo lahele ja Samana lahele! Tubades on privaatne vannituba sooja veega ja laeventilaator. Hommikus\u00f6\u00f6k on hinna sees, kogu p\u00e4eva jooksul pakutakse tasuta joogivett ja kohvi. V\u00f5ite valida ka meie s\u00f6\u00f6gikavade hulgast.<br \/>\n[loe edasi]<\/p>\n<h2><strong><em><span class=\"_6ijom0\">\u00a0Cano Hondo <\/span><\/em><\/strong><em><strong>Looduslikud basseinid<\/strong><\/em><\/h2>\n<p>Nautige koos oma pere v\u00f5i k\u00fclalistega tervisliku ja v\u00e4rskendava veega looduslikke \u00f6kobasseine, mis sobituvad ilusti maastikuga. Basseinid on t\u00e4iesti bioloogilised, kus ei ole vaja kloori ega kemikaale, mis arendavad oma loomulikku \u00f6koloogiat ja tasakaalustatud \u00f6kos\u00fcsteemi, kuna need on projekteeritud ja ehitatud teatud viisil.<\/p>\n<h2><em><strong>Ca\u00f1o Hondo laste reeglid:<\/strong><\/em><\/h2>\n<p>-Lapsed vanuses 2-10 aastat maksavad lastetariifi.<br \/>\n-Alla 2 aasta vanused tasuta<\/p>\n<h2><em><strong>Ca\u00f1o Hondo restoran:\u00a0<\/strong><\/em><\/h2>\n<p>Men\u00fc\u00fcs on palju v\u00f5imalusi, mille hulgast saate valida. Iga s\u00f6\u00f6gi juurde kuulub ka \u00fcks jook inimese kohta. Alkohoolsed joogid on saadaval tasu eest, nagu ka t\u00e4iendavad joogid.<\/p>\n<p>Hotelli men\u00fc\u00fc r\u00e4\u00e4gib omap\u00e4raseid lugusid p\u00f5lisrahvaste s\u00f5nadest ja piirkonna muinasjutulistest lugudest. Samuti tuuakse esile piirkonnale iseloomulikke toite, nagu krabid, merikarp ja minutas, v\u00e4ike mageveekal, mida nauditakse kohapeal, maitsestatakse ja praetakse. V\u00e4rskeid naturaalseid puuviljamahlu vahetatakse iga p\u00e4ev: laim, melon, mango, tamarind, ananass jne.<br \/>\n[\/read]<\/p>","protected":false},"featured_media":11535,"template":"","meta":[],"product_brand":[],"product_cat":[558,560],"product_tag":[339,521,126,340,127,447,562,342],"class_list":{"0":"post-11470","1":"product","2":"type-product","3":"status-publish","4":"has-post-thumbnail","6":"product_cat-all-rooms","7":"product_cat-hotel-cano-hondo","8":"product_tag-altos-cano-hondo","9":"product_tag-altos-de-cano-hondo","10":"product_tag-cano-hondo","11":"product_tag-cano-hondo-day-pass","12":"product_tag-cano-hondo-hotel","13":"product_tag-hotel-cano-hondo","14":"product_tag-hotel-sabana-de-la-mar","15":"product_tag-paraiso-cano-hondo","17":"first","18":"instock","19":"shipping-taxable","20":"product-type-external"},"_links":{"self":[{"href":"https:\/\/haitises.com\/et\/wp-json\/wp\/v2\/product\/11470","targetHints":{"allow":["GET"]}}],"collection":[{"href":"https:\/\/haitises.com\/et\/wp-json\/wp\/v2\/product"}],"about":[{"href":"https:\/\/haitises.com\/et\/wp-json\/wp\/v2\/types\/product"}],"wp:featuredmedia":[{"embeddable":true,"href":"https:\/\/haitises.com\/et\/wp-json\/wp\/v2\/media\/11535"}],"wp:attachment":[{"href":"https:\/\/haitises.com\/et\/wp-json\/wp\/v2\/media?parent=11470"}],"wp:term":[{"taxonomy":"product_brand","embeddable":true,"href":"https:\/\/haitises.com\/et\/wp-json\/wp\/v2\/product_brand?post=11470"},{"taxonomy":"product_cat","embeddable":true,"href":"https:\/\/haitises.com\/et\/wp-json\/wp\/v2\/product_cat?post=11470"},{"taxonomy":"product_tag","embeddable":true,"href":"https:\/\/haitises.com\/et\/wp-json\/wp\/v2\/product_tag?post=11470"}],"curies":[{"name":"wp","href":"https:\/\/api.w.org\/{rel}","templated":true}]}}