{"id":11468,"date":"2021-10-15T07:23:50","date_gmt":"2021-10-15T07:23:50","guid":{"rendered":"http:\/\/haitises.com\/?post_type=product&#038;p=11468"},"modified":"2021-10-15T07:24:23","modified_gmt":"2021-10-15T07:24:23","slug":"los-haitises-complete-adventure-hotel-hiking-swimming-kayaking-3","status":"publish","type":"product","link":"https:\/\/haitises.com\/et\/privaatne\/los-haitises-complete-adventure-hotel-hiking-swimming-kayaking-3\/","title":{"rendered":"Los Haitisese t\u00e4ielik seiklus, hotell + matkamine + ujumine + s\u00fcsta"},"content":{"rendered":"<div class=\"vc_row wpb_row vc_row-fluid\" ><div class=\"wpb_column vc_column_container vc_col-sm-12\"><div class=\"vc_column-inner\"><div class=\"wpb_wrapper\">[mkdf_section_title title_tag=\u00bb\u00bb disable_break_words=\u00bbno\u00bb subtitle_tag=\u00bb\u00bb title=\u00bbLos Haitises Complete Adventure\u00bb subtitle=\u00bbHotel + Hiking +Swimming + Kayaking\u00bb]<div class=\"vc_empty_space\"   style=\"height: 32px\"><span class=\"vc_empty_space_inner\"><\/span><\/div>\n\t<div class=\"wpb_text_column wpb_content_element\" >\n\t\t<div class=\"wpb_wrapper\">\n\t\t\t<h4><\/h4>\n<h3>1. p\u00e4ev<\/h3>\n<p>K\u00fclastame Dominikaani Vabariigi idapoolset osa, Los Haitisese rahvuspargi vihmametsa, meie seiklus algab p\u00e4rast sisseregistreerimist Ecolodge&#039;is. K\u00f5igepealt 2-3-tunnise matkaga. Seal saate nautida maastikku, tutvuda Dominikaani Vabariigi eluga maal ja elada looduses. Teel saate teada vihmametsade bioloogiliselt mitmekesise \u00f6kos\u00fcsteemi kohta, puudutada kakaosepuid, ainulaadset taimestikku ja ajaloolisi piirkondi.<\/p>\n<p>Peale matka l\u00f5petamist toimub dominikaani stiilis \u00f5htus\u00f6\u00f6k ja l\u00f5kked t\u00e4htede valguses.<\/p>\n<h3>2. p\u00e4ev<\/h3>\n<p>J\u00e4rgmisel p\u00e4eval Dominikaani stiilis hommikus\u00f6\u00f6k. Peale hommikus\u00f6\u00f6ki matkame minutid Mangroovide sadamasse. Seej\u00e4rel v\u00f5tame kaasa teie turvalisuse tagamiseks vajaliku varustuse (p\u00e4\u00e4stevestid jne), s\u00fcstad ja mangroovisoode l\u00e4bimise. N\u00e4ete lindudega t\u00e4idetud mangroove, lopsaka taimestikuga m\u00e4gesid.<\/p>\n<p>L\u00e4bi mangroovide ja Landi avatud San Lorenzo lahe \u00e4\u00e4res, kust saate pildistada karmi metsamaastikku. Hakake kontrollima m\u00f5ningaid endeemilisi linnu-, imetaja- ja taimeliike, lopsaka taimestikuga m\u00e4gesid ja koopaid <em><strong>Los Haitisese rahvuspark<\/strong><\/em>.<\/p>\n<div class=\"body-description secondary\">\n<p>Rahvuspargi nimi p\u00e4rineb selle algsete elanike, taino indiaanlaste j\u00e4rgi. Nende keeles t\u00e4hendab &quot;haitises&quot; m\u00e4gismaad v\u00f5i m\u00e4gesid, viide rannajoone j\u00e4rskudele geoloogilistele moodustistele koos lubjakividega. Seiklege s\u00fcgavamale parki, et uurida selliseid koopaid nagu <em><strong>Liiva koobas.\u00a0<\/strong><\/em><\/p>\n<h3>L\u00f5pup\u00e4ev<\/h3>\n<p>P\u00e4rast Ecolodge&#039;i naasmist on vaba aega, et nautida loodusliku veebasseini ujumist Los Haitisese rahvuspargi esimestes mineraalkoskede piirkonnas. Dominikaani stiilis l\u00f5unas\u00f6\u00f6k ja hotellist v\u00e4ljaregistreerimine kell 13.00.<\/p>\n<\/div>\n<p>See seiklus sobib neile, kes soovivad nautida loodust ja ainulaadset vihmametsaelamust. Keskendutakse t\u00f5elise kohaliku \u00fclevaate pakkumisele Dominikaani Vabariigist Los Haitisese rahvuspargis koos ajalooliste faktide ja teabega kogu reisi \u00f6kos\u00fcsteemi kohta. Transport ei sisaldu hinnas.<\/p>\n<h3>Kohtumispaik<\/h3>\n<p>Kohtume Sabana de la maris, siit saate oma s\u00f5idukiga giidi j\u00e4rgi meie peidetud p\u00e4rlini!. Olge valmis t\u00f5eliseks seiklusmatkaks, l\u00f5kkeks, s\u00fcstaks ja koskedeks ning ainulaadseks Ecolodge&#039;iks Dominikaani Vabariigis.<\/p>\n<p>Kui olete grupp v\u00f5i olete huvitatud kuup\u00e4evast, mida te ei n\u00e4e, v\u00f5tke meiega otse \u00fchendust ja ma aitan teid. Nagu arvustustest n\u00e4ete, suhtub Booking Adventures meie t\u00f6\u00f6sse v\u00e4ga kirglikult ja meile meeldib oma k\u00fclalistele n\u00e4idata saare tegelikku elu. Igal tuuril istutame \u00fche mangroovipuu annetusena Loodusele.<\/p>\n<h4><b>Kaasamised ja v\u00e4listused<\/b><\/h4>\n<p><b>Kaasamised<\/b><\/p>\n<ul>\n<li style=\"font-weight: 400;\">Los Haitisese rahvuspark<\/li>\n<li>L\u00f5ke \u00f6\u00f6sel<\/li>\n<li>4 tundi matkamist vihmametsas<\/li>\n<li>1 tuba Ecolodge&#039;is<\/li>\n<li>1 \u00f5htus\u00f6\u00f6k inimese kohta<\/li>\n<li>1 hommikus\u00f6\u00f6k inimese kohta<\/li>\n<li>1 l\u00f5unas\u00f6\u00f6k inimese kohta<\/li>\n<li>3 tundi kajakis\u00f5itu (v\u00f5i paadireis)<\/li>\n<li>Linnuvaatlus<\/li>\n<li>Mangrooviistandus<\/li>\n<li>1 koopak\u00fclastus<\/li>\n<li style=\"font-weight: 400;\"><span style=\"font-weight: 400;\">K\u00f5ik maksud, tasud ja k\u00e4itlustasud<\/span><\/li>\n<li style=\"font-weight: 400;\"><span style=\"font-weight: 400;\">Kohalikud maksud<\/span><\/li>\n<li style=\"font-weight: 400;\"><span style=\"font-weight: 400;\">Kohalik giid<\/span><\/li>\n<\/ul>\n<p><b> V\u00e4listused<\/b><\/p>\n<ol>\n<li style=\"font-weight: 400;\"><span style=\"font-weight: 400;\">Jootraha<\/span><\/li>\n<li style=\"font-weight: 400;\"><span style=\"font-weight: 400;\">\u00dclekanne<\/span><\/li>\n<li style=\"font-weight: 400;\"><span style=\"font-weight: 400;\">Alkohoolsed joogid<\/span><\/li>\n<\/ol>\n<p>&nbsp;<\/p>\n<h4><em><strong>V\u00e4ljumine ja tagasitulek<\/strong><\/em><\/h4>\n<p><span style=\"font-weight: 400;\">Reisija saab p\u00e4rast broneerimisprotsessi kohtumispunkti. Ekskursioonid algavad ja l\u00f5pevad meie kohtumispunktides.<\/span><\/p>\n<p>Desde:<\/p>\n<p>15:00 Esimene p\u00e4ev<\/p>\n<p>Saaja:<\/p>\n<p>13:00 Teine p\u00e4ev.<\/p>\n<p>&nbsp;<\/p>\n<h4><em><strong>Mida peaksite kaasa v\u00f5tma?<\/strong><\/em><\/h4>\n<ul>\n<li style=\"font-weight: 400;\"><span style=\"font-weight: 400;\">kaamera<\/span><\/li>\n<li style=\"font-weight: 400;\"><span style=\"font-weight: 400;\">T\u00f5rjuvad pungad<\/span><\/li>\n<li style=\"font-weight: 400;\"><span style=\"font-weight: 400;\">p\u00e4ikesekreem<\/span><\/li>\n<li style=\"font-weight: 400;\"><span style=\"font-weight: 400;\">M\u00fcts<\/span><\/li>\n<li style=\"font-weight: 400;\"><span style=\"font-weight: 400;\">Mugavad p\u00fcksid<\/span><\/li>\n<li style=\"font-weight: 400;\"><span style=\"font-weight: 400;\">Matkajalatsid metsa<\/span><\/li>\n<li style=\"font-weight: 400;\"><span style=\"font-weight: 400;\">Sandaalid kevadpiirkondadesse.<\/span><\/li>\n<li style=\"font-weight: 400;\"><span style=\"font-weight: 400;\">Ujumisriided<\/span><\/li>\n<\/ul>\n<p>&nbsp;<\/p>\n<h4><b><i>Korja \u00fcles <\/i><\/b><\/h4>\n<p><span style=\"font-weight: 400;\">Hotelli vastutulemine on <em style=\"font-weight: 400;\"><strong>mitte<\/strong>\u00a0<\/em><i>kaasatud<\/i> selle tuuri jaoks.\u00a0<\/span><\/p>\n<p><b>M\u00e4rge:<\/b><span style=\"font-weight: 400;\"> Kui olete broneeritud 72 tunni jooksul p\u00e4rast ekskursiooni\/ekskursiooni v\u00e4ljumisaega, saame korraldada lisatasudega hotelli j\u00e4reletulemise mis tahes kohast Dominikaani Vabariigis. Kui teie ost on l\u00f5pule viidud, saadame teile meie kohaliku giidi t\u00e4ieliku kontaktteabe (telefoninumber, e-posti aadress jne), et korraldada kohaletoomise korraldamine.<\/span><\/p>\n<h4><b><i>Lisateabe kinnitus <\/i><\/b><\/h4>\n<ol>\n<li>Piletid on kviitung p\u00e4rast selle ekskursiooni tasumist. Saate n\u00e4idata makset oma telefonis.<\/li>\n<li style=\"font-weight: 400;\"><span style=\"font-weight: 400;\">Kohtumispunkt v\u00f5etakse vastu p\u00e4rast broneerimisprotsessi.<\/span><\/li>\n<li style=\"font-weight: 400;\"><span style=\"font-weight: 400;\">Lastega peab kaasas olema t\u00e4iskasvanu.<\/span><\/li>\n<li style=\"font-weight: 400;\"><span style=\"font-weight: 400;\"> Pole ratastooliga ligip\u00e4\u00e4setav <\/span><\/li>\n<li style=\"font-weight: 400;\"><span style=\"font-weight: 400;\">Imikud peavad istuma s\u00fcles <\/span><\/li>\n<li style=\"font-weight: 400;\"><span style=\"font-weight: 400;\">Ei soovitata seljaprobleemidega reisijatele<\/span><\/li>\n<li style=\"font-weight: 400;\"><span style=\"font-weight: 400;\">Ei soovitata rasedatele reisijatele <\/span><\/li>\n<li style=\"font-weight: 400;\"><span style=\"font-weight: 400;\"> Puuduvad s\u00fcdameprobleemid ega muud t\u00f5sised haigusseisundid <\/span><\/li>\n<li style=\"font-weight: 400;\"><span style=\"font-weight: 400;\">Enamik reisijaid saab osaleda<\/span><\/li>\n<\/ol>\n<h4><b><i>T\u00fchistamispoliitika<\/i><\/b><\/h4>\n<p><span style=\"font-weight: 400;\">T\u00e4ieliku tagasimakse saamiseks t\u00fchistage broneering v\u00e4hemalt 7 p\u00e4eva enne kogemuse alguskuup\u00e4eva. Vahendid l\u00e4hevad kaotsi, kui broneering t\u00fchistatakse samal reisip\u00e4eval.<\/span><\/p>\n\n\t\t<\/div>\n\t<\/div>\n<div class=\"vc_empty_space\"   style=\"height: 32px\"><span class=\"vc_empty_space_inner\"><\/span><\/div><div class=\"woocommerce columns-4\"><\/div><\/div><\/div><\/div><\/div><div class=\"vc_row wpb_row vc_row-fluid\" ><div class=\"wpb_column vc_column_container vc_col-sm-12\"><div class=\"vc_column-inner\"><div class=\"wpb_wrapper\"><div class=\"vc_empty_space\"   style=\"height: 32px\"><span class=\"vc_empty_space_inner\"><\/span><\/div>\n\t<div class=\"wpb_text_column wpb_content_element\" >\n\t\t<div class=\"wpb_wrapper\">\n\t\t\t<h4>V\u00f5ta meiega \u00fchendust?<\/h4>\n<h5>Seikluste broneerimine<\/h5>\n<p><em><strong>Kohalikud<\/strong>\u00a0ja\u00a0<strong>Rahvuslased<\/strong>\u00a0Giidid ja k\u00fclalisteteenused<\/em><\/p>\n<p><span class=\"text-turquoise\">Broneeringud:<\/span>\u00a0Reisid ja ekskursioonid Dom Rep.<\/p>\n<p><img decoding=\"async\" class=\"emoji\" draggable=\"false\" src=\"https:\/\/s.w.org\/images\/core\/emoji\/11.2.0\/svg\/1f4de.svg\" alt=\"\ud83d\udcde\" title=\"\">\u00a0Tel\/Whatsapp\u00a0\u00a0<a href=\"tel:+1-809-720-6035\">+1-809-720-6035<\/a>.<\/p>\n<p><img decoding=\"async\" class=\"emoji\" draggable=\"false\" src=\"https:\/\/s.w.org\/images\/core\/emoji\/11.2.0\/svg\/1f4e9.svg\" alt=\"\ud83d\udce9\" title=\"\">\u00a0<a href=\"mailto:info@bookingadventures.com.do\">info@bookingadventures.com.do<\/a><\/p>\n<p><strong>Me korraldame paindlikult Whatsapi privaatreise:\u00a0<a href=\"tel:+18097206035\">+18097206035.<\/a><\/strong><\/p>\n\n\t\t<\/div>\n\t<\/div>\n<div class=\"vc_empty_space\"   style=\"height: 32px\"><span class=\"vc_empty_space_inner\"><\/span><\/div><\/div><\/div><\/div><\/div>","protected":false},"excerpt":{"rendered":"<p>Matkamine 3 tundi ja mangroovide s\u00fcstaga s\u00f5itmine Los Haitisese rahvuspargis koos kohaliku giidiga Sabana de la m\u00e4rtsist. Vihmametsa, kookose, kohvi ja kakao piirkondade k\u00fclastamine. Los Haitisese rahvuspargi algse ajaloo tundma\u00f5ppimine.<\/p>\n<p>&nbsp;<\/p>\n<p><strong>Valige matkareisi kuup\u00e4ev:<\/strong><\/p>","protected":false},"featured_media":11506,"template":"","meta":[],"product_brand":[],"product_cat":[558,356],"product_tag":[341,206,129,130,412,413,221,414,415,152,153,198,133,416,215,217,417,223,114,418,148,143,419],"class_list":{"0":"post-11468","1":"product","2":"type-product","3":"status-publish","4":"has-post-thumbnail","6":"product_cat-all-rooms","7":"product_cat-day-trips","8":"product_tag-cano-hondo-sabana-de-la-mar","9":"product_tag-caves-los-haitises","10":"product_tag-eco-tours","11":"product_tag-excursion","12":"product_tag-hike-kayak","13":"product_tag-hike-kayak-los-haitises-national-park","14":"product_tag-hiking-los-haitises","15":"product_tag-hiking-sabana-de-la-mar","16":"product_tag-hiking-samana","17":"product_tag-kayak-tour","18":"product_tag-kayaking","19":"product_tag-kayaking-los-haitises","20":"product_tag-los-haitises-national-park","21":"product_tag-los-haitises-national-park-entrance-fee","22":"product_tag-los-haitises-national-park-tour-from-las-terrenas","23":"product_tag-los-haitises-national-park-tour-from-santo-domingo","24":"product_tag-los-haitises-national-park-weather","25":"product_tag-los-haitises-sabana-de-la-mar","26":"product_tag-sabana-de-la-mar","27":"product_tag-sabana-de-la-mar-tour","28":"product_tag-samana-excursions","29":"product_tag-samana-tours","30":"product_tag-secrets-of-los-haitises","32":"first","33":"instock","34":"sale","35":"virtual","36":"sold-individually","37":"purchasable","38":"product-type-simple"},"_links":{"self":[{"href":"https:\/\/haitises.com\/et\/wp-json\/wp\/v2\/product\/11468","targetHints":{"allow":["GET"]}}],"collection":[{"href":"https:\/\/haitises.com\/et\/wp-json\/wp\/v2\/product"}],"about":[{"href":"https:\/\/haitises.com\/et\/wp-json\/wp\/v2\/types\/product"}],"wp:featuredmedia":[{"embeddable":true,"href":"https:\/\/haitises.com\/et\/wp-json\/wp\/v2\/media\/11506"}],"wp:attachment":[{"href":"https:\/\/haitises.com\/et\/wp-json\/wp\/v2\/media?parent=11468"}],"wp:term":[{"taxonomy":"product_brand","embeddable":true,"href":"https:\/\/haitises.com\/et\/wp-json\/wp\/v2\/product_brand?post=11468"},{"taxonomy":"product_cat","embeddable":true,"href":"https:\/\/haitises.com\/et\/wp-json\/wp\/v2\/product_cat?post=11468"},{"taxonomy":"product_tag","embeddable":true,"href":"https:\/\/haitises.com\/et\/wp-json\/wp\/v2\/product_tag?post=11468"}],"curies":[{"name":"wp","href":"https:\/\/api.w.org\/{rel}","templated":true}]}}