{"id":11381,"date":"2021-08-15T20:09:02","date_gmt":"2021-08-15T20:09:02","guid":{"rendered":"http:\/\/haitises.com\/?post_type=product&#038;p=11381"},"modified":"2024-04-02T20:54:33","modified_gmt":"2024-04-02T20:54:33","slug":"tainos-canoe-in-los-haitises-national-park-2","status":"publish","type":"product","link":"https:\/\/haitises.com\/et\/privaatne\/tainos-canoe-in-los-haitises-national-park-2\/","title":{"rendered":"Taino kanuu Los Haitise rahvuspargis"},"content":{"rendered":"<div class=\"vc_row wpb_row vc_row-fluid\" ><div class=\"wpb_column vc_column_container vc_col-sm-12\"><div class=\"vc_column-inner\"><div class=\"wpb_wrapper\"><div class=\"vc_empty_space\"   style=\"height: 32px\"><span class=\"vc_empty_space_inner\"><\/span><\/div><\/div><\/div><\/div><\/div><div class=\"vc_row wpb_row vc_row-fluid\" ><div class=\"wpb_column vc_column_container vc_col-sm-12\"><div class=\"vc_column-inner\"><div class=\"wpb_wrapper\">[mkdf_section_title title_tag=\u00bb\u00bb disable_break_words=\u00bbno\u00bb subtitle_tag=\u00bb\u00bb title=\u00bbTaino&#8217;s Canoe in Los Haitises National Park\u00bb subtitle=\u00bbCanoes Adventure\u00bb]<\/div><\/div><\/div><\/div><div class=\"vc_row wpb_row vc_row-fluid\" ><div class=\"wpb_column vc_column_container vc_col-sm-12\"><div class=\"vc_column-inner\"><div class=\"wpb_wrapper\"><div class=\"vc_empty_space\"   style=\"height: 32px\"><span class=\"vc_empty_space_inner\"><\/span><\/div><\/div><\/div><\/div><\/div><div class=\"vc_row wpb_row vc_row-fluid\" ><div class=\"wpb_column vc_column_container vc_col-sm-12\"><div class=\"vc_column-inner\"><div class=\"wpb_wrapper\">\n\t<div class=\"wpb_text_column wpb_content_element\" >\n\t\t<div class=\"wpb_wrapper\">\n\t\t\t<h4><b><i>\u00dclevaade <\/i><\/b><\/h4>\n<p><span style=\"font-weight: 400;\">Curious about the daily life of the Ta\u00ednos? With the Taino Adventure activity, you\u2019ll be transported back in time to experience the world of the indigenous peoples of the Dominican Republic.\u00a0<\/span><\/p>\n<p><span style=\"font-weight: 400;\">The canoe was arguably the most important part of the lives of the Ta\u00ednos. With it, they fished, traveled to smaller islands, communicated with other tribes, and visited shamans for rituals, healing, and prophesy. At Booking Adventures, we want to immerse you into the world of the Ta\u00ednos.\u00a0 <\/span><\/p>\n<p>&nbsp;<\/p>\n<h4><b>Kaasamised ja v\u00e4listused<\/b><\/h4>\n<p><b>Kaasamised<\/b><\/p>\n<ol>\n<li style=\"font-weight: 400;\">Canoes trip<\/li>\n<li>Free T-shirt with Taino&#8217;s Pictograph<\/li>\n<li>Casabe bread taste<\/li>\n<li>Koopaekskursioonid<\/li>\n<li style=\"font-weight: 400;\"><span style=\"font-weight: 400;\">K\u00f5ik maksud, tasud ja k\u00e4itlustasud<\/span><\/li>\n<li style=\"font-weight: 400;\"><span style=\"font-weight: 400;\">Kohalikud maksud<\/span><\/li>\n<li style=\"font-weight: 400;\"><span style=\"font-weight: 400;\">Kohalik giid<\/span><\/li>\n<\/ol>\n<p><b> V\u00e4listused<\/b><\/p>\n<ol>\n<li style=\"font-weight: 400;\"><span style=\"font-weight: 400;\">Jootraha<\/span><\/li>\n<li style=\"font-weight: 400;\"><span style=\"font-weight: 400;\">\u00dclekanne<\/span><\/li>\n<li>L\u00f5unas\u00f6\u00f6k ei ole hinna sees<\/li>\n<li style=\"font-weight: 400;\"><span style=\"font-weight: 400;\">Alkohoolsed joogid<\/span><\/li>\n<\/ol>\n<p>&nbsp;<\/p>\n<h4><em><strong>V\u00e4ljumine ja tagasitulek<\/strong><\/em><\/h4>\n<p><span style=\"font-weight: 400;\">The traveler will get a meeting point after the Reservation Process. Tours start and Finished at our meeting points.<\/span><\/p>\n<h4><b><i>Mida oodata?<\/i><\/b><\/h4>\n<p><span style=\"font-weight: 400;\">In this activity, you\u2019ll set out in the hand-crafted canoes, just as the Ta\u00ednos did. You\u2019ll hear many of the sounds that marked their connection with nature: the call of cranes, the dip of crabs into the water, and the gentle lapping of waves against natural rock formations. The arches of the mangrove roots will remind you of cathedrals, and indeed, the Ta\u00ednos (although they didn\u2019t have churches) were deeply spiritual. Once you\u2019ve set out with our guide, you\u2019ll enjoy the rich variety of birds, reptiles, and fish of the mangroves. Bedazzled at the sparkle of the waves winking in the morning light, the mountains of Saman\u00e1 in the distance, and the emerald green of the swaying palms.\u00a0\u00a0<\/span><\/p>\n<p><span style=\"font-weight: 400;\">Next, you\u2019ll be able to visit some of the caves that were especially important to the Ta\u00ednos. They traveled from cave to cave visit wise men, take shelter from hurricanes, and as meeting points with other tribes. Once you\u2019re in the caves, you\u2019ll be able to appreciate the silence and the hallowed aura of the space. You\u2019ll see some of the rock carvings, called petroglyphs, that represent their deities and spirits. Finally, you\u2019ll be able to taste some of the same tropical fruit that Ta\u00ednos gathered before you head back to the meeting point.\u00a0<\/span><\/p>\n<p><span style=\"font-weight: 400;\">In this tour, our expert guides will describe the many uses of the canoe, how the Ta\u00ednos lived before the time of Columbus, and how the mangrove forest is essential for the health of the environment.\u00a0<\/span><\/p>\n<p>&nbsp;<\/p>\n<h4><em><strong>Mida peaksite kaasa v\u00f5tma?<\/strong><\/em><\/h4>\n<ul>\n<li style=\"font-weight: 400;\"><span style=\"font-weight: 400;\">kaamera<\/span><\/li>\n<li style=\"font-weight: 400;\"><span style=\"font-weight: 400;\">T\u00f5rjuvad pungad<\/span><\/li>\n<li style=\"font-weight: 400;\"><span style=\"font-weight: 400;\">p\u00e4ikesekreem<\/span><\/li>\n<li style=\"font-weight: 400;\"><span style=\"font-weight: 400;\">M\u00fcts<\/span><\/li>\n<li style=\"font-weight: 400;\"><span style=\"font-weight: 400;\">Mugavad p\u00fcksid<\/span><\/li>\n<li style=\"font-weight: 400;\"><span style=\"font-weight: 400;\">Sandals or Shoes for muddy areas.\u00a0<\/span><\/li>\n<li style=\"font-weight: 400;\"><span style=\"font-weight: 400;\">Ujumisriided<\/span><\/li>\n<\/ul>\n<p>&nbsp;<\/p>\n<h4><b><i>Hotelli j\u00e4reletulemine <\/i><\/b><\/h4>\n<p><span style=\"font-weight: 400;\">Selle ekskursiooni puhul hotelli vastutulemist ei pakuta. <\/span><\/p>\n<p><b>M\u00e4rge:<\/b><span style=\"font-weight: 400;\"> Kui olete broneeritud 24 tunni jooksul p\u00e4rast ekskursiooni\/ekskursiooni v\u00e4ljumisaega, saame korraldada lisatasu eest hotelli pealetulemise. Kui teie ost on l\u00f5pule viidud, saadame teile meie kohaliku giidi t\u00e4ieliku kontaktteabe (telefoninumber, e-posti aadress jne), et korraldada j\u00e4reletulemise korraldamine.<\/span><\/p>\n<h4><b><i>Lisateabe kinnitus <\/i><\/b><\/h4>\n<ol>\n<li>Tickets are the Receipt after paying for this Tour. You can show the payment on your phone.<\/li>\n<li style=\"font-weight: 400;\"><span style=\"font-weight: 400;\">Kohtumispunkt v\u00f5etakse vastu p\u00e4rast broneerimisprotsessi.<\/span><\/li>\n<li style=\"font-weight: 400;\"><span style=\"font-weight: 400;\">Lastega peab kaasas olema t\u00e4iskasvanu.<\/span><\/li>\n<li style=\"font-weight: 400;\"><span style=\"font-weight: 400;\"> Pole ratastooliga ligip\u00e4\u00e4setav <\/span><\/li>\n<li style=\"font-weight: 400;\"><span style=\"font-weight: 400;\">Imikud peavad istuma s\u00fcles <\/span><\/li>\n<li style=\"font-weight: 400;\"><span style=\"font-weight: 400;\">Ei soovitata seljaprobleemidega reisijatele<\/span><\/li>\n<li style=\"font-weight: 400;\"><span style=\"font-weight: 400;\">Ei soovitata rasedatele reisijatele <\/span><\/li>\n<li style=\"font-weight: 400;\"><span style=\"font-weight: 400;\"> Puuduvad s\u00fcdameprobleemid ega muud t\u00f5sised haigusseisundid <\/span><\/li>\n<li style=\"font-weight: 400;\"><span style=\"font-weight: 400;\">Enamik reisijaid saab osaleda<\/span><\/li>\n<\/ol>\n<h4><b><i>T\u00fchistamispoliitika<\/i><\/b><\/h4>\n<p><span style=\"font-weight: 400;\">For a full refund, cancel at least 72 hours in advance of the start date of the experience.<\/span><\/p>\n\n\t\t<\/div>\n\t<\/div>\n<\/div><\/div><\/div><\/div><div class=\"vc_row wpb_row vc_row-fluid\" ><div class=\"wpb_column vc_column_container vc_col-sm-12\"><div class=\"vc_column-inner\"><div class=\"wpb_wrapper\"><div class=\"vc_empty_space\"   style=\"height: 32px\"><span class=\"vc_empty_space_inner\"><\/span><\/div>\n\t<div class=\"wpb_text_column wpb_content_element\" >\n\t\t<div class=\"wpb_wrapper\">\n\t\t\t<h4>V\u00f5ta meiega \u00fchendust?<\/h4>\n<h5>Seikluste broneerimine<\/h5>\n<p><em><strong>Kohalikud<\/strong>\u00a0ja\u00a0<strong>Rahvuslased<\/strong>\u00a0Giidid ja k\u00fclalisteteenused<\/em><\/p>\n<p><span class=\"text-turquoise\">Broneeringud:<\/span>\u00a0Reisid ja ekskursioonid Dom Rep.<\/p>\n<p><img decoding=\"async\" class=\"emoji\" draggable=\"false\" src=\"https:\/\/s.w.org\/images\/core\/emoji\/11.2.0\/svg\/1f4de.svg\" alt=\"\ud83d\udcde\" title=\"\">\u00a0Tel\/Whatsapp\u00a0\u00a0<a href=\"tel:+1-809-720-6035\">+1-809-720-6035<\/a>.<\/p>\n<p><img decoding=\"async\" class=\"emoji\" draggable=\"false\" src=\"https:\/\/s.w.org\/images\/core\/emoji\/11.2.0\/svg\/1f4e9.svg\" alt=\"\ud83d\udce9\" title=\"\">\u00a0<a href=\"mailto:info@bookingadventures.com.do\">info@bookingadventures.com.do<\/a><\/p>\n<p><strong>Me korraldame paindlikult Whatsapi privaatreise:\u00a0<a href=\"tel:+18097206035\">+18097206035.<\/a><\/strong><\/p>\n\n\t\t<\/div>\n\t<\/div>\n<div class=\"vc_empty_space\"   style=\"height: 32px\"><span class=\"vc_empty_space_inner\"><\/span><\/div><\/div><\/div><\/div><\/div>","protected":false},"excerpt":{"rendered":"<p><span style=\"font-weight: 400;\">In this activity, you\u2019ll set out in the hand-crafted canoes, just as the Ta\u00ednos did. You\u2019ll hear many of the sounds that marked their connection with nature: the call of cranes, the dip of crabs into the water, and the gentle lapping of waves against natural rock formations. The arches of the mangrove roots will remind you of cathedrals, and indeed, the Ta\u00ednos (although they didn\u2019t have churches) were deeply spiritual. Once you\u2019ve set out with our guide, you\u2019ll enjoy the rich variety of birds, reptiles, and fish of the mangroves. Bedazzled at the sparkle of the waves winking in the morning light, the mountains of Saman\u00e1 in the distance, and the emerald green of the swaying palms.\u00a0 <\/span><\/p>\n<p>&nbsp;<\/p>\n<p><strong>Valige ringk\u00e4igu kuup\u00e4ev:<\/strong><\/p>","protected":false},"featured_media":11231,"template":"","meta":[],"product_brand":[],"product_cat":[509,469,123,124],"product_tag":[126,127,510,511,145,150,197,198,199,132,133,200,470,201,114,147,148],"class_list":{"0":"post-11381","1":"product","2":"type-product","3":"status-publish","4":"has-post-thumbnail","6":"product_cat-los-haitises","7":"product_cat-mangroves-projects","8":"product_cat-tours-excursions-los-haitises-national-park","9":"product_cat-tours-excursions-samana-bay-dominican-republic","10":"product_tag-cano-hondo","11":"product_tag-cano-hondo-hotel","12":"product_tag-canoes","13":"product_tag-canoes-dominican-republic","14":"product_tag-day-tour-cano-hondo","15":"product_tag-kayak-dominican-republic","16":"product_tag-kayaking-dominican-republic","17":"product_tag-kayaking-los-haitises","18":"product_tag-kayaks","19":"product_tag-los-haitises","20":"product_tag-los-haitises-national-park","21":"product_tag-los-haitises-tours","22":"product_tag-mangroves-reforestation-in-los-haitises-with-locals","23":"product_tag-private-tours-samana","24":"product_tag-sabana-de-la-mar","25":"product_tag-samana-bay","26":"product_tag-samana-excursions","28":"first","29":"instock","30":"sale","31":"sold-individually","32":"shipping-taxable","33":"product-type-external"},"_links":{"self":[{"href":"https:\/\/haitises.com\/et\/wp-json\/wp\/v2\/product\/11381","targetHints":{"allow":["GET"]}}],"collection":[{"href":"https:\/\/haitises.com\/et\/wp-json\/wp\/v2\/product"}],"about":[{"href":"https:\/\/haitises.com\/et\/wp-json\/wp\/v2\/types\/product"}],"wp:featuredmedia":[{"embeddable":true,"href":"https:\/\/haitises.com\/et\/wp-json\/wp\/v2\/media\/11231"}],"wp:attachment":[{"href":"https:\/\/haitises.com\/et\/wp-json\/wp\/v2\/media?parent=11381"}],"wp:term":[{"taxonomy":"product_brand","embeddable":true,"href":"https:\/\/haitises.com\/et\/wp-json\/wp\/v2\/product_brand?post=11381"},{"taxonomy":"product_cat","embeddable":true,"href":"https:\/\/haitises.com\/et\/wp-json\/wp\/v2\/product_cat?post=11381"},{"taxonomy":"product_tag","embeddable":true,"href":"https:\/\/haitises.com\/et\/wp-json\/wp\/v2\/product_tag?post=11381"}],"curies":[{"name":"wp","href":"https:\/\/api.w.org\/{rel}","templated":true}]}}