{"id":11368,"date":"2021-08-15T20:09:01","date_gmt":"2021-08-15T20:09:01","guid":{"rendered":"http:\/\/haitises.com\/?post_type=product&#038;p=11368"},"modified":"2024-04-04T17:50:59","modified_gmt":"2024-04-04T17:50:59","slug":"privaatne-kajakisoit-snorgeldamine-koos-lounasoogiga-cayo-levantado-saarel-2","status":"publish","type":"product","link":"https:\/\/haitises.com\/et\/privaatne\/privaatne-kajakisoit-snorgeldamine-koos-lounasoogiga-cayo-levantado-saarel-2\/","title":{"rendered":"Privaatne kajakis\u00f5it ja snorgeldamine koos l\u00f5unas\u00f6\u00f6giga Cayo Levantado saarel"},"content":{"rendered":"<div class=\"vc_row wpb_row vc_row-fluid\" ><div class=\"wpb_column vc_column_container vc_col-sm-12\"><div class=\"vc_column-inner\"><div class=\"wpb_wrapper\"><div class=\"vc_empty_space\"   style=\"height: 32px\"><span class=\"vc_empty_space_inner\"><\/span><\/div>[mkdf_section_title title_tag=\u00bb\u00bb disable_break_words=\u00bbno\u00bb subtitle_tag=\u00bb\u00bb title=\u00bbPrivate Kayaking &amp; Snorkeling with Lunch on Cayo Levantado Island\u00bb subtitle=\u00bbFrom Saman\u00e1 port Private Tour\u00bb]<div class=\"vc_empty_space\"   style=\"height: 32px\"><span class=\"vc_empty_space_inner\"><\/span><\/div><\/div><\/div><\/div><\/div><div class=\"vc_row wpb_row vc_row-fluid\" ><div class=\"wpb_column vc_column_container vc_col-sm-12\"><div class=\"vc_column-inner\"><div class=\"wpb_wrapper\">\n\t<div class=\"wpb_text_column wpb_content_element\" >\n\t\t<div class=\"wpb_wrapper\">\n\t\t\t<div class=\"vc_row wpb_row vc_row-fluid\">\n<div class=\"wpb_column vc_column_container vc_col-sm-12\">\n<div class=\"vc_column-inner\">\n<div class=\"wpb_wrapper\">\n<div class=\"wpb_text_column wpb_content_element\">\n<div class=\"wpb_wrapper\">\n<div class=\"vc_row wpb_row vc_row-fluid\">\n<div class=\"wpb_column vc_column_container vc_col-sm-12\">\n<div class=\"vc_column-inner\">\n<div class=\"wpb_wrapper\">\n<div class=\"wpb_text_column wpb_content_element\">\n<div class=\"wpb_wrapper\">\n<h4><b><i>\u00dclevaade<img decoding=\"async\" class=\"emoji\" draggable=\"false\" src=\"https:\/\/s.w.org\/images\/core\/emoji\/12.0.0-1\/svg\/1f433.svg\" alt=\"\ud83d\udc33\" title=\"\"><\/i><\/b><\/h4>\n<p><strong>V\u00e4ltida suuri turismigruppe<\/strong> ja tehke oma privaatne Kajakimatk ja snorkeldamise ekskursioon Saman\u00e1 lahes, mis algab Saman\u00e1 sadamast.<\/p>\n<p>Imetlege 40 minutit v\u00f5rratuid panoraamvaateid Samana lahele merelt kajakiga, et minna snorgeldama kuulsa Cayo Levantado\/Bacardi saare l\u00e4hedalasuvas rannas asuvasse kristallselisse vette. Kus me saame jalgu sirutada ja kanda oma snorgeldamisvarustust, seal on teine maailm, mida uurida!<br \/>\nP\u00e4rast snorgeldamist l\u00e4heme rannas t\u00fc\u00fcpilise Dominikaani l\u00f5unas\u00f6\u00f6gi nautima ja avastame Dominikaani Vabariigi k\u00f5ige ilusamat saart. Siin asuvad ilusad luksushotellid, valged liivarannad, lopsakad vihmametsad ja uskumatult oskuslikud kunstnikud, kes pakuvad oma k\u00e4sitsi valmistatud maale ja muid tooteid.<\/p>\n<p>Mida saab saarel teha?<br \/>\nUjumine, jalutusk\u00e4ik, v\u00f5rkpalli m\u00e4ngimine, fotode tegemine, snorgeldamine, ranna nautimine v\u00f5i lihtsalt l\u00f5\u00f5gastumine varjus ja v\u00e4rskendava joogi (Pi\u00f1a Colada, Coco Loco, Cuba Libre jne) v\u00f5tmine.<\/p>\n<p>Tagasiteel Samanasse vahetame perspektiivi ja meie t\u00e4helepanu k\u00f6idavad detailid, mida me varem ei olnud m\u00e4rganud, nautides iga meetrit umbes 40 minutit.<\/p>\n<p>Oleme ainukesed, kes pakuvad seda tuuri kogu Dominikaani Vabariigis! See ainulaadne kogemus on loodus- ja meres\u00f5bra unistus.<\/p>\n<p><strong>M\u00e4rge:<\/strong> See ekskursioon on privaatne (ainult teie ja teie pere v\u00f5i s\u00f5brad ja giid).<\/p>\n<p>&nbsp;<\/p>\n<h4><b>Kaasamised ja v\u00e4listused<\/b><\/h4>\n<p>&nbsp;<\/p>\n<p><b>Kaasamised<\/b><\/p>\n<p>&nbsp;<\/p>\n<ol>\n<li>L\u00f5unas\u00f6\u00f6k Rootsi lauas rannas<\/li>\n<li>Giid<\/li>\n<li>Kajakid, aerud<\/li>\n<li>P\u00e4\u00e4stevest<\/li>\n<li>Snorkeldamise komplekt<\/li>\n<li>K\u00f5ik maksud, tasud ja k\u00e4itlustasud<\/li>\n<li>Kohalikud maksud<\/li>\n<li>Joogid (pudel vett inimese kohta)<\/li>\n<\/ol>\n<p><b>V\u00e4listused<\/b><\/p>\n<ol>\n<li>Jootraha<\/li>\n<li>Transfer Auto<\/li>\n<li>Alkohoolsed joogid<\/li>\n<\/ol>\n<p>&nbsp;<\/p>\n<h4><em><strong>V\u00e4ljumine ja tagasitulek<\/strong><\/em><\/h4>\n<p>See reis algab kell 8:00 hommikul ja l\u00f5peb umbes kell 16:00. Kuid kuna see on privaatne reis, v\u00f5ite m\u00e4\u00e4rata algus- ja l\u00f5puaja.<\/p>\n<p>Reisija saab p\u00e4rast broneerimisprotsessi kohtumispunkti. Ekskursioonid algavad ja l\u00f5pevad meie kohtumispunktides.<\/p>\n<p>&nbsp;<\/p>\n<h4><b><i>Mida oodata?<\/i><\/b><\/h4>\n<p>&nbsp;<\/p>\n<p><em><strong>Hankige oma piletid<\/strong><\/em> Kajakis\u00f5it ja snorgeldamine Samana lahes. 40 minutit v\u00f5rratuid panoraamvaateid Samana lahele merelt kajakiga ja snorgeldamist kristallsel vees l\u00e4hedalasuva Cayo Levantado\/Bacardi ranna l\u00e4hedal. T\u00fc\u00fcpiline Dominikaani l\u00f5unas\u00f6\u00f6k rannas. Vaalavaatlushooaja ajal on v\u00f5imalus n\u00e4ha k\u00fc\u00fcrvaale.<\/p>\n<p>\"Booking Adventures\" poolt korraldatav kajakimatk ja snorgeldamine algab koos giidiga m\u00e4\u00e4ratud kohtumispaigast. L\u00f5unas\u00f6\u00f6k rannas ja v\u00f5ite j\u00e4\u00e4da nii kaua, kui soovite ujumas k\u00e4ia. Kui olete vegan, siis v\u00f5ime teile ka s\u00fc\u00fca m\u00e4\u00e4rata.<\/p>\n<p><strong>Tunniplaan:<\/strong><\/p>\n<p>8:00 - 16:00<\/p>\n<p>&nbsp;<\/p>\n<h4><em><strong>Mida peaksite kaasa v\u00f5tma?<\/strong><\/em><\/h4>\n<ul>\n<li>kaamera<\/li>\n<li>R\u00e4tik<\/li>\n<li>P\u00e4ikesekaitse<\/li>\n<li>M\u00fcts<\/li>\n<li>Mugavad p\u00fcksid ja kingad<\/li>\n<li>Sandaalid rannas<\/li>\n<li>Ujumisriided<\/li>\n<li>Sularaha suveniiride eest<\/li>\n<\/ul>\n<p>&nbsp;<\/p>\n<h4><b><i>Hotelli j\u00e4reletulemine<\/i><\/b><\/h4>\n<p>Selle ekskursiooni puhul hotelli vastutulemist ei pakuta.<\/p>\n<p>&nbsp;<\/p>\n<p><b>M\u00e4rge:<\/b>\u00a0Kui olete broneeritud 24 tunni jooksul p\u00e4rast ekskursiooni\/ekskursiooni v\u00e4ljumisaega, saame korraldada lisatasu eest hotelli pealetulemise. Kui teie ost on l\u00f5pule viidud, saadame teile meie kohaliku giidi t\u00e4ieliku kontaktteabe (telefoninumber, e-posti aadress jne), et korraldada j\u00e4reletulemise korraldamine.<\/p>\n<h4><b><i>Lisateabe kinnitus<\/i><\/b><\/h4>\n<ol>\n<li>Piletid on kviitung p\u00e4rast selle ekskursiooni tasumist. Saate n\u00e4idata makset oma telefonis.<\/li>\n<li>Kohtumispunkt v\u00f5etakse vastu p\u00e4rast broneerimisprotsessi.<\/li>\n<li>Lastega peab kaasas olema t\u00e4iskasvanu.<\/li>\n<li>ratastooliga ligip\u00e4\u00e4setav<\/li>\n<li>Imikud peavad istuma s\u00fcles<\/li>\n<li>Enamik reisijaid saab osaleda<\/li>\n<\/ol>\n<h4><b><i>T\u00fchistamispoliitika<\/i><\/b><\/h4>\n<p>T\u00e4ieliku raha tagasi saamiseks t\u00fchistage v\u00e4hemalt 24 tundi enne elamuse alguskuup\u00e4eva.<\/p>\n<\/div>\n<\/div>\n<\/div>\n<\/div>\n<\/div>\n<\/div>\n<\/div>\n<\/div>\n<\/div>\n<\/div>\n<\/div>\n<\/div>\n<div class=\"vc_row wpb_row vc_row-fluid\">\n<div class=\"wpb_column vc_column_container vc_col-sm-12\">\n<div class=\"vc_column-inner\">\n<div class=\"wpb_wrapper\">\n<div class=\"vc_empty_space\"><\/div>\n<div class=\"wpb_text_column wpb_content_element\">\n<div class=\"wpb_wrapper\">\n<h4>V\u00f5ta meiega \u00fchendust?<\/h4>\n<h5><b><i>Seikluste broneerimine<\/i><\/b><\/h5>\n<p><em><strong>Kohalikud<\/strong>\u00a0ja\u00a0<strong>Rahvuslased<\/strong>\u00a0Giidid ja k\u00fclalisteteenused<\/em><\/p>\n<p><span class=\"text-turquoise\">Broneeringud:<\/span>\u00a0Reisid ja ekskursioonid Dom Rep.<\/p>\n<p><img decoding=\"async\" class=\"emoji\" draggable=\"false\" src=\"https:\/\/s.w.org\/images\/core\/emoji\/11.2.0\/svg\/1f4de.svg\" alt=\"\ud83d\udcde\" title=\"\">\u00a0Tel\/Whatsapp\u00a0\u00a0<a href=\"tel:+1-809-720-6035\">+1-809-720-6035<\/a>.<\/p>\n<p><img decoding=\"async\" class=\"emoji\" draggable=\"false\" src=\"https:\/\/s.w.org\/images\/core\/emoji\/11.2.0\/svg\/1f4e9.svg\" alt=\"\ud83d\udce9\" title=\"\">\u00a0<a href=\"mailto:info@bookingadventures.com.do\">info@bookingadventures.com.do<\/a><\/p>\n<p><strong>Me korraldame paindlikult Whatsapi privaatreise:\u00a0<a href=\"tel:+18097206035\">+18097206035.<\/a><\/strong><\/p>\n<\/div>\n<\/div>\n<\/div>\n<\/div>\n<\/div>\n<\/div>\n\n\t\t<\/div>\n\t<\/div>\n<\/div><\/div><\/div><\/div>","protected":false},"excerpt":{"rendered":"<p>Privaatne Kajakimatk ja snorgeldamine Samana lahes, Dominikaani Vabariigis koos kohalike giididega. V\u00f5ite vabalt m\u00e4\u00e4rata endale sobiva algusaja. Broneerige n\u00fc\u00fcd see ekskursioon Samana Bay's, et elada t\u00f5elist Kariibi mere seiklust.<\/p>\n<p>M\u00e4rkus: See ekskursioon on privaatne!<\/p>\n<p>&nbsp;<\/p>\n<p><em><strong>Palun valige ekskursiooni kuup\u00e4ev:<\/strong><\/em><\/p>","protected":false},"featured_media":11086,"template":"","meta":[],"product_brand":[],"product_cat":[124],"product_tag":[137,162,197,201,143,271,354,234],"class_list":{"0":"post-11368","1":"product","2":"type-product","3":"status-publish","4":"has-post-thumbnail","6":"product_cat-tours-excursions-samana-bay-dominican-republic","7":"product_tag-bacardi-island","8":"product_tag-cayo-levantado-day-pass","9":"product_tag-kayaking-dominican-republic","10":"product_tag-private-tours-samana","11":"product_tag-samana-tours","12":"product_tag-samana-whale-watching","13":"product_tag-snorkeling","14":"product_tag-whale-samana","16":"first","17":"instock","18":"sale","19":"sold-individually","20":"shipping-taxable","21":"product-type-external"},"_links":{"self":[{"href":"https:\/\/haitises.com\/et\/wp-json\/wp\/v2\/product\/11368","targetHints":{"allow":["GET"]}}],"collection":[{"href":"https:\/\/haitises.com\/et\/wp-json\/wp\/v2\/product"}],"about":[{"href":"https:\/\/haitises.com\/et\/wp-json\/wp\/v2\/types\/product"}],"wp:featuredmedia":[{"embeddable":true,"href":"https:\/\/haitises.com\/et\/wp-json\/wp\/v2\/media\/11086"}],"wp:attachment":[{"href":"https:\/\/haitises.com\/et\/wp-json\/wp\/v2\/media?parent=11368"}],"wp:term":[{"taxonomy":"product_brand","embeddable":true,"href":"https:\/\/haitises.com\/et\/wp-json\/wp\/v2\/product_brand?post=11368"},{"taxonomy":"product_cat","embeddable":true,"href":"https:\/\/haitises.com\/et\/wp-json\/wp\/v2\/product_cat?post=11368"},{"taxonomy":"product_tag","embeddable":true,"href":"https:\/\/haitises.com\/et\/wp-json\/wp\/v2\/product_tag?post=11368"}],"curies":[{"name":"wp","href":"https:\/\/api.w.org\/{rel}","templated":true}]}}