{"id":11344,"date":"2021-08-15T20:08:47","date_gmt":"2021-08-15T20:08:47","guid":{"rendered":"http:\/\/haitises.com\/?post_type=product&#038;p=11344"},"modified":"2024-04-09T14:00:09","modified_gmt":"2024-04-09T14:00:09","slug":"samana-day-trip-from-punta-cana-el-limon-waterfall-and-bacardi-island-2","status":"publish","type":"product","link":"https:\/\/haitises.com\/et\/privaatne\/samana-day-trip-from-punta-cana-el-limon-waterfall-and-bacardi-island-2\/","title":{"rendered":"Samana p\u00e4evareis Punta Canast \u2013 El Limoni juga ja Bacardi saar"},"content":{"rendered":"<div class=\"vc_row wpb_row vc_row-fluid\" ><div class=\"wpb_column vc_column_container vc_col-sm-12\"><div class=\"vc_column-inner\"><div class=\"wpb_wrapper\">[mkdf_section_title title_tag=\u00bb\u00bb disable_break_words=\u00bbno\u00bb subtitle_tag=\u00bb\u00bb title=\u00bbSamana Day Trip From Punta Cana &#8211; El Limon Waterfall and Bacardi Island\u00bb subtitle=\u00bb(Pick-up in Punta Cana)\u00bb]<\/div><\/div><\/div><\/div><div class=\"vc_row wpb_row vc_row-fluid\" ><div class=\"wpb_column vc_column_container vc_col-sm-12\"><div class=\"vc_column-inner\"><div class=\"wpb_wrapper\">\n\t<div class=\"wpb_text_column wpb_content_element\" >\n\t\t<div class=\"wpb_wrapper\">\n\t\t\t<h4><b><i>\u00dclevaade <\/i><\/b><\/h4>\n<p>If you are in Punta Cana or Bavaro, and wants to have a day trip paying less than usual, go ahead and book this trip. Within this trip, we will take you to Samana, where on a catamaran, you will be taken to Sabana de la Mar, a township of Hato Mayor the house of \u00a0Los Haitises National Park. This journey includes visiting the communities of Samana and El Limon where you will be able to do Horse Riding or Hiking to a waterfall right after crossing Samana Bay. The lunch will be served at Bacardi Island. The trips begins at 6:00am and ends by 6:30pm. Do your reservation now!<\/p>\n<p>P\u00e4rast seda kogemust toome teid teie hotelli.<\/p>\n<ul>\n<li style=\"font-weight: 400;\">Tasud hinna sees<\/li>\n<li>Hinna sees l\u00f5unas\u00f6\u00f6k rannas<\/li>\n<li>Transfer sisaldub<\/li>\n<li style=\"font-weight: 400;\"><span style=\"font-weight: 400;\">Juhend pakub juhendamist ja j\u00e4relevalvet<\/span><\/li>\n<\/ul>\n<p>&nbsp;<\/p>\n<h4><b>Kaasamised ja v\u00e4listused<\/b><\/h4>\n<p>&nbsp;<\/p>\n<p><b>Kaasamised<\/b><\/p>\n<p>&nbsp;<\/p>\n<ol>\n<li style=\"font-weight: 400;\">hotelli pealetulemine<\/li>\n<li style=\"font-weight: 400;\">Samana laht<\/li>\n<li>Bacardi saar, rand ja l\u00f5unas\u00f6\u00f6k<\/li>\n<li>Safari El Lim\u00f3ni<\/li>\n<li>Ratsutamine v\u00f5i matkamine koskede juurde<\/li>\n<li>Dominikaani kokteilid<\/li>\n<li style=\"font-weight: 400;\"><span style=\"font-weight: 400;\">K\u00f5ik maksud, tasud ja k\u00e4itlustasud<\/span><\/li>\n<li style=\"font-weight: 400;\"><span style=\"font-weight: 400;\">Kohalikud maksud<\/span><\/li>\n<li style=\"font-weight: 400;\"><span style=\"font-weight: 400;\">Joogid<\/span><\/li>\n<li style=\"font-weight: 400;\"><span style=\"font-weight: 400;\">K\u00f5ik tegevused<\/span><\/li>\n<li style=\"font-weight: 400;\"><span style=\"font-weight: 400;\">Kohalik giid<\/span><\/li>\n<\/ol>\n<p><b> V\u00e4listused<\/b><\/p>\n<ol>\n<li style=\"font-weight: 400;\"><span style=\"font-weight: 400;\">Jootraha<\/span><\/li>\n<li style=\"font-weight: 400;\"><span style=\"font-weight: 400;\">Alkohoolsed joogid p\u00e4rast kokteile\u00a0<\/span><\/li>\n<\/ol>\n<p>&nbsp;<\/p>\n<h4><em><strong>V\u00e4ljumine ja tagasitulek<\/strong><\/em><\/h4>\n<p><span style=\"font-weight: 400;\">Reisija saab p\u00e4rast broneerimisprotsessi kohtumispunkti. Ekskursioonid algavad ja l\u00f5ppevad meie kohtumispunktides.<\/span><\/p>\n<p>&nbsp;<\/p>\n<h3>Samana p\u00e4evareis Punta Canast \u2013 El Limoni juga ja Bacardi saar<\/h3>\n<h4><b><i>Mida oodata?<\/i><\/b><\/h4>\n<p>&nbsp;<\/p>\n<p><strong>Hankige oma piletid kohe<\/strong>. Teid ootavad kosed, ratsutamine, matkamine ja safarituur, ujumine looduslikes allikates, l\u00f5unas\u00f6\u00f6k Bacardi saarel ja muud l\u00f5busad tegevused.<\/p>\n<p>Departing Punta Cana on a bus, we will head to Samana Bay port. Once at the port, we will get onboard of a boat or Catamaran with local tour guides who will direct you to the community of Samana. In this community a Safari Tour will take you around teaching you about the history of this town. \u00a0But this is not all, El Limon waterfall is next, here you will be able swim and hike or do horse riding. \u00a0El Limon waterfall is a fantastic natural monument with a tropical forest and clear natural springs. On the way back to Samana we will have a stop at Bacardi Island where a lunch will be served and you are going to be able to swim in one of the most natural pools of Dominican Republic.<\/p>\n<p>&nbsp;<\/p>\n<p>Kui soovite seda reisi l\u00fchemaks v\u00f5i pikemaks muuta, v\u00f5tke meiega \u00fchendust.<\/p>\n<p>&nbsp;<\/p>\n<h4><em><strong>Mida peaksite kaasa v\u00f5tma?<\/strong><\/em><\/h4>\n<ul>\n<li style=\"font-weight: 400;\"><span style=\"font-weight: 400;\">kaamera<\/span><\/li>\n<li style=\"font-weight: 400;\"><span style=\"font-weight: 400;\">T\u00f5rjuvad pungad<\/span><\/li>\n<li style=\"font-weight: 400;\"><span style=\"font-weight: 400;\">p\u00e4ikesekreem<\/span><\/li>\n<li style=\"font-weight: 400;\"><span style=\"font-weight: 400;\">M\u00fcts<\/span><\/li>\n<li style=\"font-weight: 400;\"><span style=\"font-weight: 400;\">Mugavad p\u00fcksid<\/span><\/li>\n<li style=\"font-weight: 400;\"><span style=\"font-weight: 400;\">Matkajalatsid metsa<\/span><\/li>\n<li style=\"font-weight: 400;\"><span style=\"font-weight: 400;\">Sandaalid kevadpiirkondadesse.<\/span><\/li>\n<li style=\"font-weight: 400;\"><span style=\"font-weight: 400;\">Ujumisriided<\/span><\/li>\n<\/ul>\n<p>&nbsp;<\/p>\n<h4><b><i>Hotelli j\u00e4reletulemine <\/i><\/b><\/h4>\n<p><span style=\"font-weight: 400;\">Pakutakse reisijate j\u00e4reletulemist!<\/span><\/p>\n<p><span style=\"font-weight: 400;\">Tuleme j\u00e4rele k\u00f5ikidest Punta Cana hotellidest. Vastuv\u00f5tukoht on Hotel Lobby<br \/>\nKui peatute selles piirkonnas asuvas korteris, tuleme teile j\u00e4rele korterist v\u00f5i l\u00e4hima kuurordi sissep\u00e4\u00e4su juurest. V\u00f5tame teiega \u00fchendust Whatsapi kaudu.<\/span><\/p>\n<p><b>M\u00e4rge:<\/b><span style=\"font-weight: 400;\"> Kui olete broneeritud 24 tunni jooksul p\u00e4rast ekskursiooni\/ekskursiooni v\u00e4ljumisaega, saame korraldada hotelli pealetulemise. Kui teie ost on l\u00f5pule viidud, saadame teile meie kohaliku giidi t\u00e4ieliku kontaktteabe (telefoninumber, e-posti aadress jne), et korraldada j\u00e4reletulemise korraldamine.<\/span><\/p>\n<h4><b><i>Lisateabe kinnitus <\/i><\/b><\/h4>\n<ol>\n<li>Piletid on kviitung p\u00e4rast selle ekskursiooni tasumist. Saate n\u00e4idata makset oma telefonis.<\/li>\n<li style=\"font-weight: 400;\"><span style=\"font-weight: 400;\">Kohtumispunkt v\u00f5etakse vastu p\u00e4rast broneerimisprotsessi.<\/span><\/li>\n<li style=\"font-weight: 400;\"><span style=\"font-weight: 400;\">Lastega peab kaasas olema t\u00e4iskasvanu.<\/span><\/li>\n<li style=\"font-weight: 400;\"><span style=\"font-weight: 400;\"> Pole ratastooliga ligip\u00e4\u00e4setav <\/span><\/li>\n<li style=\"font-weight: 400;\"><span style=\"font-weight: 400;\">Imikud peavad istuma s\u00fcles <\/span><\/li>\n<li style=\"font-weight: 400;\"><span style=\"font-weight: 400;\">Ei soovitata seljaprobleemidega reisijatele<\/span><\/li>\n<li style=\"font-weight: 400;\"><span style=\"font-weight: 400;\">Ei soovitata rasedatele reisijatele <\/span><\/li>\n<li style=\"font-weight: 400;\"><span style=\"font-weight: 400;\"> Puuduvad s\u00fcdameprobleemid ega muud t\u00f5sised haigusseisundid <\/span><\/li>\n<li style=\"font-weight: 400;\"><span style=\"font-weight: 400;\">Enamik reisijaid saab osaleda<\/span><\/li>\n<\/ol>\n<h4><b><i>T\u00fchistamispoliitika<\/i><\/b><\/h4>\n<p><span style=\"font-weight: 400;\">T\u00e4ieliku raha tagasi saamiseks t\u00fchistage v\u00e4hemalt 24 tundi enne elamuse alguskuup\u00e4eva.<\/span><\/p>\n\n\t\t<\/div>\n\t<\/div>\n<\/div><\/div><\/div><\/div><div class=\"vc_row wpb_row vc_row-fluid\" ><div class=\"wpb_column vc_column_container vc_col-sm-12\"><div class=\"vc_column-inner\"><div class=\"wpb_wrapper\"><div class=\"vc_empty_space\"   style=\"height: 32px\"><span class=\"vc_empty_space_inner\"><\/span><\/div>\n\t<div class=\"wpb_text_column wpb_content_element\" >\n\t\t<div class=\"wpb_wrapper\">\n\t\t\t<h4>V\u00f5ta meiega \u00fchendust?<\/h4>\n<h5><em><strong>Seikluste broneerimine<\/strong><\/em><\/h5>\n<p><em><strong>Kohalikud<\/strong> ja <strong>Rahvuslased<\/strong> Giidid ja k\u00fclalisteteenused<\/em><\/p>\n<p><span class=\"text-turquoise\">Broneeringud:<\/span> Reisid ja ekskursioonid Dom Rep.<\/p>\n<p><img decoding=\"async\" class=\"emoji\" draggable=\"false\" src=\"https:\/\/s.w.org\/images\/core\/emoji\/11.2.0\/svg\/1f4de.svg\" alt=\"\ud83d\udcde\" title=\"\"> Tel\/Whatsapp\u00a0 <a href=\"tel:+1-809-720-6035\">+1-809-720-6035<\/a>.<\/p>\n<p><img decoding=\"async\" class=\"emoji\" draggable=\"false\" src=\"https:\/\/s.w.org\/images\/core\/emoji\/11.2.0\/svg\/1f4e9.svg\" alt=\"\ud83d\udce9\" title=\"\"> <a href=\"mailto:info@bookingadventures.com.do\">info@bookingadventures.com.do<\/a><\/p>\n<p><strong>Me korraldame paindlikult Whatsapi privaatreise: <a href=\"tel:+18097206035\">+18097206035.<\/a><\/strong><\/p>\n\n\t\t<\/div>\n\t<\/div>\n<div class=\"vc_empty_space\"   style=\"height: 32px\"><span class=\"vc_empty_space_inner\"><\/span><\/div><\/div><\/div><\/div><\/div>","protected":false},"excerpt":{"rendered":"<p>Kui olete Punta Canas v\u00f5i Bavaros ja soovite teha \u00fchep\u00e4evase reisi, makstes v\u00e4hem kui tavaliselt, siis broneerige see reis. Selle reisi raames viime teid Samanasse, kus katamaraaniga viiakse teid Sabana de la Marisse, Hato Mayori linnakesse Los Haitisesi rahvuspargi majja. See reis sisaldab Safari Tour, katamaraan, Waterfall ja Beach ujumine, ja rohkem. Reis algab kell 6:00 hommikul ja l\u00f5peb kell 18:30 \u00f5htul. \u00c4ra j\u00e4ta seda vahele!<\/p>\n<p>&nbsp;<\/p>\n<p>&nbsp;<\/p>\n<p><strong>Palun valige ringk\u00e4igu kuup\u00e4ev\u00a0<\/strong><\/p>","protected":false},"featured_media":239,"template":"","meta":[],"product_brand":[],"product_cat":[356,97,136,264,122,123,124],"product_tag":[137,138,281,139,282,283,140,284,141,114,285,142,357,358,148,143],"class_list":{"0":"post-11344","1":"product","2":"type-product","3":"status-publish","4":"has-post-thumbnail","6":"product_cat-day-trips","7":"product_cat-horse-riding-to-waterfalls","8":"product_cat-safari-samana","9":"product_cat-salto-el-limon-and-bacardi-island","10":"product_cat-tours-and-excursions","11":"product_cat-tours-excursions-los-haitises-national-park","12":"product_cat-tours-excursions-samana-bay-dominican-republic","13":"product_tag-bacardi-island","14":"product_tag-beach-time","15":"product_tag-cascada-el-limon-salto-el-limon-samana-republica-dominicana","16":"product_tag-cayo-levantado","17":"product_tag-el-limon-waterfall-bacardi-island-from-punta-cana","18":"product_tag-el-limon-waterfall-and-bacardi-island-tour-from-punta-cana","19":"product_tag-el-limon-waterfalls","20":"product_tag-guided-adventures","21":"product_tag-punta-cana","22":"product_tag-sabana-de-la-mar","23":"product_tag-salto-de-limon-punta-cana","24":"product_tag-samana","25":"product_tag-samana-day-trip-from-punta-cana","26":"product_tag-samana-day-trip-from-punta-cana-el-limon-waterfall-and-bacardi-island","27":"product_tag-samana-excursions","28":"product_tag-samana-tours","30":"first","31":"instock","32":"sale","33":"sold-individually","34":"shipping-taxable","35":"product-type-external"},"_links":{"self":[{"href":"https:\/\/haitises.com\/et\/wp-json\/wp\/v2\/product\/11344","targetHints":{"allow":["GET"]}}],"collection":[{"href":"https:\/\/haitises.com\/et\/wp-json\/wp\/v2\/product"}],"about":[{"href":"https:\/\/haitises.com\/et\/wp-json\/wp\/v2\/types\/product"}],"wp:featuredmedia":[{"embeddable":true,"href":"https:\/\/haitises.com\/et\/wp-json\/wp\/v2\/media\/239"}],"wp:attachment":[{"href":"https:\/\/haitises.com\/et\/wp-json\/wp\/v2\/media?parent=11344"}],"wp:term":[{"taxonomy":"product_brand","embeddable":true,"href":"https:\/\/haitises.com\/et\/wp-json\/wp\/v2\/product_brand?post=11344"},{"taxonomy":"product_cat","embeddable":true,"href":"https:\/\/haitises.com\/et\/wp-json\/wp\/v2\/product_cat?post=11344"},{"taxonomy":"product_tag","embeddable":true,"href":"https:\/\/haitises.com\/et\/wp-json\/wp\/v2\/product_tag?post=11344"}],"curies":[{"name":"wp","href":"https:\/\/api.w.org\/{rel}","templated":true}]}}