{"id":558,"date":"2020-06-23T12:05:23","date_gmt":"2020-06-23T12:05:23","guid":{"rendered":"http:\/\/haitises.com\/?post_type=product&#038;p=558"},"modified":"2024-04-17T18:50:43","modified_gmt":"2024-04-17T18:50:43","slug":"excursion-a-los-haitises-con-senderismo-en-el-bosque-humedo","status":"publish","type":"product","link":"https:\/\/haitises.com\/eo\/privata\/excursion-a-los-haitises-con-senderismo-en-el-bosque-humedo\/","title":{"rendered":"Ekskurso al Los Haitises kun Migrado en la Malseka Arbaro"},"content":{"rendered":"<div class=\"vc_row wpb_row vc_row-fluid\" ><div class=\"wpb_column vc_column_container vc_col-sm-12\"><div class=\"vc_column-inner\"><div class=\"wpb_wrapper\">[mkdf_section_title title_tag=\u00bb\u00bb disable_break_words=\u00bbno\u00bb subtitle_tag=\u00bb\u00bb title=\u00bbLos Haitises National Park- From Sabana de la Mar + Hiking 2 Hours\u00bb subtitle=\u00bbHumid Forest + Normal Trip to Caves\u00bb]<\/div><\/div><\/div><\/div><div class=\"vc_row wpb_row vc_row-fluid\" ><div class=\"wpb_column vc_column_container vc_col-sm-12\"><div class=\"vc_column-inner\"><div class=\"wpb_wrapper\">\n\t<div class=\"wpb_text_column wpb_content_element\" >\n\t\t<div class=\"wpb_wrapper\">\n\t\t\t<h5>Malseka Arbaro + Normala Voja\u011do al Kavernoj<\/h5>\n<h2>Nacia Parko Los Haitises- De Sabana de la Mar + Migrado 2 horoj<\/h2>\n<h3><em>Priskribo<\/em><\/h3>\n<p>\u011cuu du-horan promenon tra la arbaro de Nacia Parko Los Haitises. Lernu pri kuracaj plantoj kaj vizitu lokajn lokojn. Post viziti la Nacian Parkon Los Haitises de Sabana de la Mar a\u016d la hotelojn Ca\u00f1o Hondo kun Lokaj gvidistoj.<\/p>\n<p>Ni faros la ekskurson post la boatekskurso. Normala privata voja\u011do al Nacia Parko Los Haitises. Venu kun ni kaj vizitu la plej belan nacian parkon en Dominika Respubliko, vizitante mangrovojn, 3 kavernojn kaj San Lorenzo Bay. \u0108i tiu sperto povas komenci\u011di de la komunumo de Sabana de la Mar lernanta pri \u0109i tiu historio de Sabana de la Mar.<\/p>\n<ul>\n<li>Mar\u015dado 2 horojn en la arbaro<\/li>\n<li>Historio de Sabana de la Mar<\/li>\n<li>Impostoj inkluzivitaj<\/li>\n<li>La gvidilo disponigas instrukcion kaj superrigardon.<\/li>\n<li>Tagman\u011do ne estas inkluzivita por tagman\u011do en Cano Hondo Elektu \u0109i tiun turneon: Los Haitises Plus Ca\u00f1o Hondo.<\/li>\n<\/ul>\n<h3>Inkludoj kaj ekskludoj<\/h3>\n<h4>Inkluzivecoj<\/h4>\n<ol>\n<li>Los Haitises Tour + Kavernoj kaj Pictographs<\/li>\n<li>\u0108iuj impostoj, kotizoj kaj pritraktadoj.<\/li>\n<li>Lokaj impostoj<\/li>\n<li>\u0108iuj agadoj<\/li>\n<li>Loka gvidisto<\/li>\n<\/ol>\n<h4>Ekskludoj<\/h4>\n<ol>\n<li>Konsiletoj<\/li>\n<li>Tagman\u011do ne estas inkluzivita por tagman\u011do en Cano Hondo Elektu \u0109i tiun turneon: Los Haitises Plus Ca\u00f1o Hondo.<\/li>\n<li>Transporto<\/li>\n<li>Alkoholaj trinka\u0135oj<\/li>\n<\/ol>\n<h3><em>Foriro kaj reveno<\/em><\/h3>\n<p>La voja\u011danto ricevos renkontpunkton post la rezerva procezo. Ekskursoj komenci\u011das kaj fini\u011das \u0109e niaj renkontpunktoj.<\/p>\n<h3><em>Kion atendi?<\/em><\/h3>\n<p>Akiru viajn biletojn por viziti Nacian Parkon Los Haitises kun Kavernoj, Mangrovoj kaj Golfo de San Lorenzo post duhora mar\u015dado tra la humida arbaro de Nacia Parko Los Haitises.<\/p>\n<p>Nacia Parko Los Haitises de hoteloj Sabana de la Mar a\u016d Ca\u00f1o Hondo kun Lokaj gvidistoj. La voja\u011do komenci\u011das \u0109e la \u0109efa haveno de Nacia Parko Los Haitises. \u0108i tiu voja\u011do komenci\u011das je la 10:00 a.m. kun loka \u0109i\u0109erono, kiu konas la originalan rakonton pri la grandioza Nacia Parko.<\/p>\n<p>Poste ni ekiras de la \u0109efa haveno de Nacia Parko Los Haitises, nomata Ca\u00f1o Hondo (Profunda Creek) en BOATO kun savvestoj. Ni \u011duos la ru\u011dan mangrovan arbaron \u011dis ni atingos Golfon de San Lorenzo. Malgranda golfeto en Saman\u00e1 Bay. Kaj jen ni iras! La unua afero, kiun vi povas vidi, estas la grandega kolekto de montara kalk\u015dtona insulo nomata Mogotes. Super ili \u0109irka\u016dflugas pli ol 700 specioj de plantoj kaj multaj humidaj birdoj. Poste vizitante kavernojn kun piktogramoj de niaj indi\u011denaj komunumoj de anta\u016d 750 jaroj.<\/p>\n<p>Tra la mangrovoj kaj tero en la malferma San Lorenzo Bay, de kie vi povas foti la krudan arbaran pejza\u011don. Rigardu en la akvon por vidi manatojn, krustacojn kaj delfenojn.<\/p>\n<p>El nombre del parque nacional proviene de sus habitantes originales, los indios ta\u00ednos. En su idioma, \u00abHaitises\u00bb se traduce en tierras altas o colinas, una referencia a las empinadas formaciones geol\u00f3gicas de la costa con calizas. Avent\u00farate en el parque para explorar cuevas como la Cueva de la Arena y la Cueva de la L\u00ednea. Las cuevas en la reserva fueron utilizadas como refugio por los indios ta\u00ednos y, m\u00e1s adelante, por los piratas escondidos. Busque dibujos de indios que decoran algunas de las paredes. Despu\u00e9s de visitar el Parque Nacional Los Haitises, iremos al bosque h\u00famedo para caminar 2 horas y regresar al lugar donde comenz\u00f3 nuestro viaje.<\/p>\n<h3><em>Kion vi alportu?<\/em><\/h3>\n<ul>\n<li>Fotilo<\/li>\n<li>Forpu\u015drimedoj<\/li>\n<li>sunkremo<\/li>\n<li>\u0108apelo<\/li>\n<li>Komfortaj pantalonoj<\/li>\n<li>Arbaraj pied\u015duoj<\/li>\n<li>Sandaloj al printempaj areoj.<\/li>\n<li>Na\u011dkostumo<\/li>\n<\/ul>\n<h3><em>Repreno de hotelo<\/em><\/h3>\n<p>Hotel-kolektado estas ofertita se vi trovi\u011das \u0109e Paraiso Ca\u00f1o Hondo a\u016d Altos Ca\u00f1o Hondo Hotelo. Nia renkontpunkto estas 5-minuta promeno de tiuj hoteloj.<\/p>\n<p><strong>Notu:<\/strong> Se vi rezervas ene de 24 horoj de la ekskursa foriro, ni povas aran\u011di hotel-kolektadon kun aldonaj kostoj se vi ne estas en la hoteloj de Ca\u00f1o Hondo. Post kiam via a\u0109eto estas kompleta, ni sendos al vi kompletajn kontaktinformojn (telefonnumero, retpo\u015dtadreso, ktp.) por nia loka turisma gvidisto por aran\u011di \u015dar\u011dajn aran\u011dojn.<\/p>\n<h3><em>Konfirmo de pliaj informoj<\/em><\/h3>\n<ul>\n<li>La biletoj estas la Kvitanco post pagado por \u0109i tiu Turneo. Vi povas montri la pagon per via telefono.<\/li>\n<li>La renkontpunkto estos ricevita post la rezerva procezo.<\/li>\n<li>Infanoj devas esti akompanataj de plenkreskulo.<\/li>\n<li>Ne alirebla por rulse\u011do<\/li>\n<li>Infanoj devas sidi en bebse\u011do a\u016d kun plenkreskulo<\/li>\n<li>Ne rekomendita por voja\u011dantoj kun dorsaj problemoj.<\/li>\n<li>Ne rekomendita por gravedaj virinoj.<\/li>\n<li>Neniuj koraj problemoj a\u016d aliaj seriozaj malsanoj.<\/li>\n<li>Plej multaj voja\u011dantoj povas partopreni.<\/li>\n<\/ul>\n<h3><em>Politiko pri nuligo<\/em><\/h3>\n<p>Por plena repago, nuligi almena\u016d 24 horojn anta\u016d la komencdato de la sperto.<\/p>\n\n\t\t<\/div>\n\t<\/div>\n<\/div><\/div><\/div><\/div><div class=\"vc_row wpb_row vc_row-fluid\" ><div class=\"wpb_column vc_column_container vc_col-sm-12\"><div class=\"vc_column-inner\"><div class=\"wpb_wrapper\"><div class=\"vc_empty_space\"   style=\"height: 32px\"><span class=\"vc_empty_space_inner\"><\/span><\/div>\n\t<div class=\"wpb_video_widget wpb_content_element vc_clearfix   vc_video-aspect-ratio-169 vc_video-el-width-100 vc_video-align-left\" >\n\t\t<div class=\"wpb_wrapper\">\n\t\t\t\n\t\t\t<div class=\"wpb_video_wrapper\"><iframe loading=\"lazy\" title=\"Nacia Parko Los Haitises, Ekskursoj kaj Ekskurso El Samana a\u016d Sabana de la Mar. Rezervu \u0108i tie:\" src=\"https:\/\/player.vimeo.com\/video\/346508015?dnt=1&amp;app_id=122963\" width=\"1100\" height=\"619\" frameborder=\"0\" allow=\"autoplay; fullscreen\" allowfullscreen><\/iframe><\/div>\n\t\t<\/div>\n\t<\/div>\n<\/div><\/div><\/div><\/div><div class=\"vc_row wpb_row vc_row-fluid\" ><div class=\"wpb_column vc_column_container vc_col-sm-12\"><div class=\"vc_column-inner\"><div class=\"wpb_wrapper\"><div class=\"vc_empty_space\"   style=\"height: 32px\"><span class=\"vc_empty_space_inner\"><\/span><\/div>\n\t<div class=\"wpb_text_column wpb_content_element\" >\n\t\t<div class=\"wpb_wrapper\">\n\t\t\t<h4>Kontakti nin?<\/h4>\n<h5>Rezervaj Aventuroj<\/h5>\n<p><em><strong>Lokuloj<\/strong>\u00a0kaj\u00a0<strong>\u015ctatanoj<\/strong>\u00a0Ekskursaj gvidiloj kaj Gastservoj<\/em><\/p>\n<p><span class=\"text-turquoise\">Rezervoj:<\/span>\u00a0Ekskursoj kaj Ekskursoj en Dom. Rep.<\/p>\n<p><img decoding=\"async\" class=\"emoji\" draggable=\"false\" src=\"https:\/\/s.w.org\/images\/core\/emoji\/11.2.0\/svg\/1f4de.svg\" alt=\"\ud83d\udcde\" title=\"\">\u00a0Tel\/Whatsapp\u00a0\u00a0<a href=\"tel:+1-809-720-6035\">+1-809-720-6035<\/a>.<\/p>\n<p><img decoding=\"async\" class=\"emoji\" draggable=\"false\" src=\"https:\/\/s.w.org\/images\/core\/emoji\/11.2.0\/svg\/1f4e9.svg\" alt=\"\ud83d\udce9\" title=\"\">\u00a0<a href=\"mailto:info@bookingadventures.com.do\">info@bookingadventures.com.do<\/a><\/p>\n<p><strong>Ni estas Flekseblaj Agordaj Privataj Ekskursoj per Whatsapp:\u00a0<a href=\"tel:+18097206035\">+18097206035.<\/a><\/strong><\/p>\n\n\t\t<\/div>\n\t<\/div>\n<div class=\"vc_empty_space\"   style=\"height: 32px\"><span class=\"vc_empty_space_inner\"><\/span><\/div><\/div><\/div><\/div><\/div>","protected":false},"excerpt":{"rendered":"<p>Kaj jen ni iras! La unua afero, kiun vi povas vidi, estas la grandega kolekto de kalk\u015dtona montara insulo nomita Mogotes super ili pli ol 700 specioj de plantoj kaj multaj humidaj birdoj flugantaj. Poste vizitu kavernojn kun piktogramoj de niaj indi\u011denaj komunumoj anta\u016d 750 jaroj.<\/p>\n<p>Krome, \u0109i tiu voja\u011do montras, ke ili estas la plej gravaj lokoj por viziti en la Nacia Parko Haitises. La du plej vizititaj kavernoj estas la Cueva de la L\u00ednea kaj la Cueva de la Arena. Post kelkaj horoj vizitante \u0109i tiun belan Nacian Parkon ni direktis sin al la humida arbaro de la Nacia Parko Haitises, post 2 horoj da promenado, ni revenis al la loko de kie ni komencis nian ekskurson. Akiru viajn biletojn \u0109i tie kaj veturu kun lokuloj, kiuj konas la historion de la Nacia Parko Haitises.<\/p>\n<p><strong>Bonvolu elekti la daton por la Turneo:<\/strong><\/p>\n<p>&nbsp;<\/p>\n<p>&nbsp;<\/p>","protected":false},"featured_media":84,"template":"","meta":[],"product_brand":[],"product_cat":[443,123,124],"product_tag":[179,125,126,129,130,104,221,131,132,210,222,134,223,146,114,224],"class_list":{"0":"post-558","1":"product","2":"type-product","3":"status-publish","4":"has-post-thumbnail","6":"product_cat-tours-y-excursiones-es","7":"product_cat-tours-excursions-los-haitises-national-park","8":"product_cat-tours-excursions-samana-bay-dominican-republic","9":"product_tag-birding-in-los-haitises","10":"product_tag-boat-tour","11":"product_tag-cano-hondo","12":"product_tag-eco-tours","13":"product_tag-excursion","14":"product_tag-hiking","15":"product_tag-hiking-los-haitises","16":"product_tag-locals-guides","17":"product_tag-los-haitises","18":"product_tag-los-haitises-excursions","19":"product_tag-los-haitises-from-samana","20":"product_tag-los-haitises-national-park-tour","21":"product_tag-los-haitises-sabana-de-la-mar","22":"product_tag-mangroves-los-haitises","23":"product_tag-sabana-de-la-mar","24":"product_tag-trails","26":"first","27":"instock","28":"sale","29":"sold-individually","30":"shipping-taxable","31":"product-type-external"},"_links":{"self":[{"href":"https:\/\/haitises.com\/eo\/wp-json\/wp\/v2\/product\/558","targetHints":{"allow":["GET"]}}],"collection":[{"href":"https:\/\/haitises.com\/eo\/wp-json\/wp\/v2\/product"}],"about":[{"href":"https:\/\/haitises.com\/eo\/wp-json\/wp\/v2\/types\/product"}],"wp:featuredmedia":[{"embeddable":true,"href":"https:\/\/haitises.com\/eo\/wp-json\/wp\/v2\/media\/84"}],"wp:attachment":[{"href":"https:\/\/haitises.com\/eo\/wp-json\/wp\/v2\/media?parent=558"}],"wp:term":[{"taxonomy":"product_brand","embeddable":true,"href":"https:\/\/haitises.com\/eo\/wp-json\/wp\/v2\/product_brand?post=558"},{"taxonomy":"product_cat","embeddable":true,"href":"https:\/\/haitises.com\/eo\/wp-json\/wp\/v2\/product_cat?post=558"},{"taxonomy":"product_tag","embeddable":true,"href":"https:\/\/haitises.com\/eo\/wp-json\/wp\/v2\/product_tag?post=558"}],"curies":[{"name":"wp","href":"https:\/\/api.w.org\/{rel}","templated":true}]}}