{"id":36,"date":"2020-06-14T11:56:46","date_gmt":"2020-06-14T11:56:46","guid":{"rendered":"http:\/\/haitises.com\/product\/import-placeholder-for-8237\/"},"modified":"2024-04-24T17:08:03","modified_gmt":"2024-04-24T17:08:03","slug":"kayaking-in-los-haitises-with-tour-guide-from-cano-hondo-2-hours","status":"publish","type":"product","link":"https:\/\/haitises.com\/eo\/privata\/kayaking-in-los-haitises-with-tour-guide-from-cano-hondo-2-hours\/","title":{"rendered":"Kajakado en Los Haitises kun Ekskursgvidanto de Ca\u00f1o Hondo 2 Horoj"},"content":{"rendered":"<div class=\"vc_row wpb_row vc_row-fluid\" ><div class=\"wpb_column vc_column_container vc_col-sm-12\"><div class=\"vc_column-inner\"><div class=\"wpb_wrapper\">[mkdf_section_title title_tag=\u00bb\u00bb disable_break_words=\u00bbno\u00bb subtitle_tag=\u00bb\u00bb title=\u00bbKayaking in Los Haitises National Park with Tour guide from Ca\u00f1o Hondo 2 hours\u00bb subtitle=\u00bbKayaks &amp; Local Guide\u00bb]<\/div><\/div><\/div><\/div><div class=\"vc_row wpb_row vc_row-fluid\" ><div class=\"wpb_column vc_column_container vc_col-sm-12\"><div class=\"vc_column-inner\"><div class=\"wpb_wrapper\"><div class=\"vc_empty_space\"   style=\"height: 32px\"><span class=\"vc_empty_space_inner\"><\/span><\/div><\/div><\/div><\/div><\/div><div class=\"vc_row wpb_row vc_row-fluid\" ><div class=\"wpb_column vc_column_container vc_col-sm-12\"><div class=\"vc_column-inner\"><div class=\"wpb_wrapper\">\n\t<div class=\"wpb_text_column wpb_content_element\" >\n\t\t<div class=\"wpb_wrapper\">\n\t\t\t<h4><b><i>Superrigardo <\/i><\/b><\/h4>\n<p>Kayaking Mangroves in Los Haitises National Park with a local tour guide 2 Hours. Visiting Mangroves in Cano Hondo River plus an Overview of the San Lorenzo Bay in Los Haitises National park, Sabana de la mar Cano Hondo area. In Case you will like longer: <a href=\"https:\/\/www.ticketswhales.com\/Tours-Excursions\/kayaking\/kayaking-in-los-haitises-with-tour-guide-from-cano-hondo-4-hours\/\" target=\"_blank\" rel=\"noopener\"><strong>Kayaking 4 Hours in Los Haitises.<\/strong><\/a><\/p>\n<ul>\n<li style=\"font-weight: 400;\"><span style=\"font-weight: 400;\">La gvidilo provizas instrukcion kaj Superrigardon<\/span><\/li>\n<li>Kayaks and Paddles available Doble for two people and Simple for just one person.<\/li>\n<\/ul>\n<p>&nbsp;<\/p>\n<h4><b>Inkludoj &amp; Ekskludoj<\/b><\/h4>\n<p>&nbsp;<\/p>\n<p><b>Inkluzivecoj<\/b><\/p>\n<p>&nbsp;<\/p>\n<ol>\n<li style=\"font-weight: 400;\">Kayaking trip<\/li>\n<li style=\"font-weight: 400;\"><span style=\"font-weight: 400;\">\u0108iuj impostoj, kotizoj kaj pritraktadoj<\/span><\/li>\n<li style=\"font-weight: 400;\"><span style=\"font-weight: 400;\">Lokaj impostoj<\/span><\/li>\n<li style=\"font-weight: 400;\"><span style=\"font-weight: 400;\">Loka gvidisto<\/span><\/li>\n<\/ol>\n<p><b> Ekskludoj<\/b><\/p>\n<ol>\n<li style=\"font-weight: 400;\"><span style=\"font-weight: 400;\">Senpagaj<\/span><\/li>\n<li style=\"font-weight: 400;\"><span style=\"font-weight: 400;\">Translokigo<\/span><\/li>\n<li>Lunch is not included<\/li>\n<li>Caves are not included<\/li>\n<li style=\"font-weight: 400;\"><span style=\"font-weight: 400;\">Alkoholaj Trinka\u0135oj<\/span><\/li>\n<\/ol>\n<p>&nbsp;<\/p>\n<h4><em><strong>Foriro &amp; Reveno<\/strong><\/em><\/h4>\n<p><span style=\"font-weight: 400;\">La voja\u011danto ricevos renkontpunkton post la Rezerva Procezo. Turneoj komenci\u011das kaj Fini\u011das en niaj renkontpunktoj.<\/span><\/p>\n<p>&nbsp;<\/p>\n<h4><b><i>Kion Atendu?<\/i><\/b><\/h4>\n<p>&nbsp;<\/p>\n<p><em><strong>Akiru viajn biletojn<\/strong><\/em> for visiting 2 hours by Kayaking the Ca\u00f1o Hondo River Forest ( Mangroves) with the local\u00a0tour guides.<\/p>\n<p>When we get all types of equipment required for your safety\u00a0 (Lifejackets, etc)\u00a0 \u00a0the action start Kayaking from Ca\u00f1o Hondo port River.<\/p>\n<p><span style=\"font-weight: 400;\">The tour, organized by \u00abBooking Adventures\u00bb starts at the meeting point set with the Tour Guide. <\/span>Taking kayaks and going through mangrove swamps, past ancient pirate caves, and into protected forests in this picturesque reserve starting from Cano Hondo Hotels area or from Sabana de la Mar,<\/p>\n<div class=\"body-description secondary\">\n<p>Come with Booking Adventures and start checking some bird-filled mangroves, rolling hills of lush vegetation and caves of <em><strong>Nacia Parko Los Haitises<\/strong><\/em>. Taking a Kayaks Excursion from Cano Hondo river, Sabana de la Mar. Through the mangroves and Land at the open San Lorenzo Bay, from where you can photograph the rugged forest landscape. Look to the water to spot <em><strong>Manatoj<\/strong><\/em>, krustacoj, kaj <em><strong>Delfenoj.<\/strong><\/em><\/p>\n<p>In case you will like this trip Longer we have a second option: <a href=\"https:\/\/www.ticketswhales.com\/Tours-Excursions\/kayaking\/kayaking-in-los-haitises-with-tour-guide-from-cano-hondo-4-hours\/\" target=\"_blank\" rel=\"noopener\"><em><strong>Kayaking in Los Haitises 4 Hours<\/strong><\/em><\/a><\/p>\n<p>The Tour finish at the starting point in Los Haitises National Park. We Recommend this trip at 6: 00 am in Case you will like to see <em><strong>Manatoj<\/strong><\/em>, krustacoj, kaj <em><strong>Delfenoj.<\/strong><\/em><\/p>\n<\/div>\n<p><em><strong>6:00 AM<\/strong><\/em> is early so there are not still boats at the National Park Los Haitises.<\/p>\n<h4><em><strong>Kion vi alportu?<\/strong><\/em><\/h4>\n<ul>\n<li style=\"font-weight: 400;\"><span style=\"font-weight: 400;\">fotilo<\/span><\/li>\n<li style=\"font-weight: 400;\"><span style=\"font-weight: 400;\">Forpu\u015digaj bur\u011donoj<\/span><\/li>\n<li style=\"font-weight: 400;\"><span style=\"font-weight: 400;\">sunkremo<\/span><\/li>\n<li style=\"font-weight: 400;\"><span style=\"font-weight: 400;\">\u0108apelo<\/span><\/li>\n<li style=\"font-weight: 400;\"><span style=\"font-weight: 400;\">Komfortaj pantalonoj<\/span><\/li>\n<li style=\"font-weight: 400;\"><span style=\"font-weight: 400;\">Sandals\u00a0<\/span><\/li>\n<li style=\"font-weight: 400;\"><span style=\"font-weight: 400;\">Na\u011dvesta\u0135o<\/span><\/li>\n<\/ul>\n<p>&nbsp;<\/p>\n<h4><b><i>Hotela Kaptado <\/i><\/b><\/h4>\n<p><span style=\"font-weight: 400;\">Repreno de hotelo ne estas ofertita por \u0109i tiu turneo. <\/span><\/p>\n<p>&nbsp;<\/p>\n<p><b>Notu:<\/b><span style=\"font-weight: 400;\"> if you are booking within 24 hours of the tour\/Excursion departure time, we can arrangements hotel pick-up with extra Charges. Once your purchase is complete, we will send you complete contact information (phone number, email address, etc.) for our local Tour guide to organize pick-up arrangements.<\/span><\/p>\n<h4><b><i>Konfirmo de Pliaj Informoj <\/i><\/b><\/h4>\n<ol>\n<li>Biletoj estas la Kvitanco post pagado de \u0109i tiu Turneo. Vi povas montri la pagon per via telefono.<\/li>\n<li style=\"font-weight: 400;\"><span style=\"font-weight: 400;\">Renkontopunkto Estos ricevita Post la Rezerva Procezo.<\/span><\/li>\n<li style=\"font-weight: 400;\"><span style=\"font-weight: 400;\">Infanoj devas esti akompanataj de plenkreskulo.<\/span><\/li>\n<li style=\"font-weight: 400;\"><span style=\"font-weight: 400;\"> Ne alirebla por rulse\u011do <\/span><\/li>\n<li style=\"font-weight: 400;\"><span style=\"font-weight: 400;\">Infanoj devas sidi sur rondiroj <\/span><\/li>\n<li style=\"font-weight: 400;\"><span style=\"font-weight: 400;\">Ne rekomendita por voja\u011dantoj kun dorsaj problemoj<\/span><\/li>\n<li style=\"font-weight: 400;\"><span style=\"font-weight: 400;\">Ne rekomendita por gravedaj voja\u011dantoj <\/span><\/li>\n<li style=\"font-weight: 400;\"><span style=\"font-weight: 400;\"> Neniuj koraj problemoj a\u016d aliaj seriozaj malsanoj <\/span><\/li>\n<li style=\"font-weight: 400;\"><span style=\"font-weight: 400;\">Plej multaj voja\u011dantoj povas partopreni<\/span><\/li>\n<\/ol>\n<h4><b><i>Politiko pri nuligo<\/i><\/b><\/h4>\n<p><span style=\"font-weight: 400;\">Por plena repago, nuligi almena\u016d 24 horojn anta\u016d la komenca dato de la sperto.<\/span><\/p>\n\n\t\t<\/div>\n\t<\/div>\n<\/div><\/div><\/div><\/div><div class=\"vc_row wpb_row vc_row-fluid\" ><div class=\"wpb_column vc_column_container vc_col-sm-12\"><div class=\"vc_column-inner\"><div class=\"wpb_wrapper\"><div class=\"vc_empty_space\"   style=\"height: 32px\"><span class=\"vc_empty_space_inner\"><\/span><\/div>\n\t<div class=\"wpb_text_column wpb_content_element\" >\n\t\t<div class=\"wpb_wrapper\">\n\t\t\t<h4>Kontakti nin?<\/h4>\n<h5><em><strong>Rezervaj Aventuroj<\/strong><\/em><\/h5>\n<p><em><strong>Lokuloj<\/strong> kaj <strong>\u015ctatanoj<\/strong> Ekskursaj gvidiloj kaj Gastservoj<\/em><\/p>\n<p><span class=\"text-turquoise\">Rezervoj:<\/span> Ekskursoj kaj Ekskursoj en Dom. Rep.<\/p>\n<p><img decoding=\"async\" class=\"emoji\" draggable=\"false\" src=\"https:\/\/s.w.org\/images\/core\/emoji\/11.2.0\/svg\/1f4de.svg\" alt=\"\ud83d\udcde\" title=\"\"> Tel\/Whatsapp\u00a0 <a href=\"tel:+1-809-720-6035\">+1-809-720-6035<\/a>.<\/p>\n<p><img decoding=\"async\" class=\"emoji\" draggable=\"false\" src=\"https:\/\/s.w.org\/images\/core\/emoji\/11.2.0\/svg\/1f4e9.svg\" alt=\"\ud83d\udce9\" title=\"\"> <a href=\"mailto:info@bookingadventures.com.do\">info@bookingadventures.com.do<\/a><\/p>\n<p><strong>Ni estas Flekseblaj Agordaj Privataj Ekskursoj per Whatsapp: <a href=\"tel:+18097206035\">+18097206035.<\/a><\/strong><\/p>\n\n\t\t<\/div>\n\t<\/div>\n<div class=\"vc_empty_space\"   style=\"height: 32px\"><span class=\"vc_empty_space_inner\"><\/span><\/div><\/div><\/div><\/div><\/div>","protected":false},"excerpt":{"rendered":"<p>Excursion to Los Haitises National Park starting from Sabana de la Mar or Ca\u00f1o Hondo Hotels. Kayaking Mangroves in Los Haitises National Park with a local tour guide. Visiting Mangroves in Ca\u00f1o Hondo River plus an Overview of the San Lorenzo Bay in Los Haitises National park, Sabana de la Mar Ca\u00f1o Hondo area. If you are interested in visit also the caves please book 4 Hours Kayaking <a href=\"https:\/\/www.ticketswhales.com\/Tours-Excursions\/kayaking\/kayaking-in-los-haitises-with-tour-guide-from-cano-hondo-4-hours\/\">trip here.<\/a><\/p>\n<ul>\n<li style=\"font-weight: 400;\"><span style=\"font-weight: 400;\">La gvidilo provizas instrukcion kaj Superrigardon<\/span><\/li>\n<li>Kayaks and Paddles available Doble for two people and Simple for just one person.<\/li>\n<\/ul>\n<p>&nbsp;<\/p>\n<p>Set this tour with a Hiking Trail and learn about the history of Los Haitises National Park with Locals.<\/p>\n<p>&nbsp;<\/p>\n<p><strong>Bonvolu Elekti daton por La Turneo\u00a0<\/strong><\/p>","protected":false},"featured_media":113,"template":"","meta":[],"product_brand":[],"product_cat":[119,96,144,98,121,99,122,123,124],"product_tag":[126,127,149,145,150,151,152,153,132,133,114,148,143],"class_list":{"0":"post-36","1":"product","2":"type-product","3":"status-publish","4":"has-post-thumbnail","6":"product_cat-caves","7":"product_cat-hiking","8":"product_cat-kayaking","9":"product_cat-local-tour-guides","10":"product_cat-mangroves","11":"product_cat-swimming-natural-springs","12":"product_cat-tours-and-excursions","13":"product_cat-tours-excursions-los-haitises-national-park","14":"product_cat-tours-excursions-samana-bay-dominican-republic","15":"product_tag-cano-hondo","16":"product_tag-cano-hondo-hotel","17":"product_tag-cano-hondo-river","18":"product_tag-day-tour-cano-hondo","19":"product_tag-kayak-dominican-republic","20":"product_tag-kayak-los-haitises","21":"product_tag-kayak-tour","22":"product_tag-kayaking","23":"product_tag-los-haitises","24":"product_tag-los-haitises-national-park","25":"product_tag-sabana-de-la-mar","26":"product_tag-samana-excursions","27":"product_tag-samana-tours","29":"first","30":"instock","31":"sale","32":"sold-individually","33":"shipping-taxable","34":"product-type-external"},"_links":{"self":[{"href":"https:\/\/haitises.com\/eo\/wp-json\/wp\/v2\/product\/36","targetHints":{"allow":["GET"]}}],"collection":[{"href":"https:\/\/haitises.com\/eo\/wp-json\/wp\/v2\/product"}],"about":[{"href":"https:\/\/haitises.com\/eo\/wp-json\/wp\/v2\/types\/product"}],"wp:featuredmedia":[{"embeddable":true,"href":"https:\/\/haitises.com\/eo\/wp-json\/wp\/v2\/media\/113"}],"wp:attachment":[{"href":"https:\/\/haitises.com\/eo\/wp-json\/wp\/v2\/media?parent=36"}],"wp:term":[{"taxonomy":"product_brand","embeddable":true,"href":"https:\/\/haitises.com\/eo\/wp-json\/wp\/v2\/product_brand?post=36"},{"taxonomy":"product_cat","embeddable":true,"href":"https:\/\/haitises.com\/eo\/wp-json\/wp\/v2\/product_cat?post=36"},{"taxonomy":"product_tag","embeddable":true,"href":"https:\/\/haitises.com\/eo\/wp-json\/wp\/v2\/product_tag?post=36"}],"curies":[{"name":"wp","href":"https:\/\/api.w.org\/{rel}","templated":true}]}}