{"id":11631,"date":"2023-10-04T07:39:46","date_gmt":"2023-10-04T07:39:46","guid":{"rendered":"http:\/\/haitises.com\/?post_type=product&#038;p=11631"},"modified":"2024-04-01T19:15:43","modified_gmt":"2024-04-01T19:15:43","slug":"ridgways-hawk-tour-bird-watching-los-haitises-national-park-excursion-3","status":"publish","type":"product","link":"https:\/\/haitises.com\/eo\/privata\/ridgways-hawk-tour-bird-watching-los-haitises-national-park-excursion-3\/","title":{"rendered":"Ridgway&#039;s Hawk Tour - Birdobservado de Los Haitises Nacia Parka Ekskurso"},"content":{"rendered":"<div class=\"vc_row wpb_row vc_row-fluid\" ><div class=\"wpb_column vc_column_container vc_col-sm-12\"><div class=\"vc_column-inner\"><div class=\"wpb_wrapper\">[mkdf_section_title title_tag=\u00bb\u00bb disable_break_words=\u00bbno\u00bb subtitle_tag=\u00bb\u00bb title=\u00bbRidgway&#8217;s Hawk Tour\u00bb subtitle=\u00bbBirding in Los Haitises National Park\u00bb]<\/div><\/div><\/div><\/div><div class=\"vc_row wpb_row vc_row-fluid\" ><div class=\"wpb_column vc_column_container vc_col-sm-12\"><div class=\"vc_column-inner\"><div class=\"wpb_wrapper\"><div class=\"vc_btn3-container vc_btn3-inline\" ><button class=\"vc_general vc_btn3 vc_btn3-size-md vc_btn3-shape-rounded vc_btn3-style-modern vc_btn3-color-green\">eLIBRO NUN<\/button><\/div>\n\t<div class=\"wpb_text_column wpb_content_element\" >\n\t\t<div class=\"wpb_wrapper\">\n\t\t\t<h4><b><i>Superrigardo <\/i><\/b><\/h4>\n<section><\/section>\n<p>The Ridgway&#8217;s Hawk is a critically endangered species of diurnal raptor endemic to the Island of Hispaniola. A hundred years ago the hawk was found all over Hispaniola, but today the only remaining breeding population of about 300 individuals is found in Los Haitises National Park in the Dominican Republic.<\/p>\n<p>Los Haitises National Park is a popular destination for nature lovers and bird watchers cause of the highest importance for biodiversity and richness of fauna, both in terms of endemism and species numbers. Our main focus is to spot all the hawks around the Cano Hondo areas.<\/p>\n<p>We are conserving the Ridgway&#8217;s Hawk in Los Haitises National Park, where you can see the habitat and interesting History of Ridgway\u2019s Hawks in the Rain Forest Trails. We know the spots habitats for Ridgway\u2019s and Ashy Faced Owls. Because for more than 15 years as volunteers we are working for the protection of these couples and individuals around this community.<\/p>\n<p>Also, you may see other endemics species around the Park. This Tour is focusing on nature and is more concentrated on the information about wildlife. Usually is private.<\/p>\n<h4><\/h4>\n<h4><b>Inkludoj &amp; Ekskludoj<\/b><\/h4>\n<p><b>Inkluzivecoj<\/b><\/p>\n<ol>\n<li style=\"font-weight: 400;\">Birdwatching Tour + Caves and Pictographs<\/li>\n<li style=\"font-weight: 400;\"><span style=\"font-weight: 400;\">All taxes, fees, and handling charges<\/span><\/li>\n<li style=\"font-weight: 400;\"><span style=\"font-weight: 400;\">Lokaj impostoj<\/span><\/li>\n<li style=\"font-weight: 400;\">Officials Ecologist tour guides<\/li>\n<\/ol>\n<p><b> Ekskludoj<\/b><\/p>\n<ol>\n<li style=\"font-weight: 400;\"><span style=\"font-weight: 400;\">Senpagaj<\/span><\/li>\n<li style=\"font-weight: 400;\"><span style=\"font-weight: 400;\">Translokigo<\/span><\/li>\n<li style=\"font-weight: 400;\"><span style=\"font-weight: 400;\">Beverage<\/span><\/li>\n<\/ol>\n<p>&nbsp;<\/p>\n<h4><em><strong>Foriro &amp; Reveno<\/strong><\/em><\/h4>\n<p><span style=\"font-weight: 400;\">The tour, organized by \u00abBooking Adventures\u00bb starts at the meeting point set with the Tour Guide. The traveler will get a meeting point after the Reservation Process. Tours start and Finished at our meeting points.<\/span><\/p>\n<p>&nbsp;<\/p>\n<h4><b><i>Kion Atendu?<\/i><\/b><\/h4>\n<p><em><strong>Get your ticket<\/strong><\/em> for conserving the Ridgway&#8217;s Hawk in Los Haitises National Park.<\/p>\n<p>This Excursion starts from the meeting point by hiking the Ridgway trails to the Nesting areas. After 30 min hiking and watching the Hawks, we have the option to continue hiking around and check for Parrots, piculets, and other Endemics species in Los Haitises National Park.<\/p>\n<p>Los Haitises National Park has just two Trails for Birding in Sabana de la Mar. On the way to Los Hiatises National Park, we stop in some spots to see more birds.<\/p>\n<p>Been in the San Lorenzo Bay. we will visit two Caves, the Sadly Cave call in Spanish\u00a0Cueva de la Arena; in this Cave, we can see the petrographs\u00a0from Tainos communities\u00a0that were staying around this area. and using the caves as a temple.<\/p>\n<p>After that, we go-ahead to the Linea Cave, this one with 2,243 originals pictographs and our tour guide explain you the information from archeologist about those pictographs.<\/p>\n<p>Taking the boat back again to the Pajaros island ( Birds Island) where we can see most of the\u00a0wetlands birds around\u00a0to Los Haitises National Park. Just because\u00a0all birds are not in the Water.<\/p>\n<p>After 4.5 hours of learning about birds in Los Haitises National Park, this excursion ends in the same place as started.<\/p>\n<p><strong>Note: These tours are with Official Ecologist guides from Los Haitises National Park. Please let us know when you are planning to visit us!<\/strong><\/p>\n<p>&nbsp;<\/p>\n<h4><em><strong>Kion vi alportu?<\/strong><\/em><\/h4>\n<ul>\n<li style=\"font-weight: 400;\"><span style=\"font-weight: 400;\">fotilo<\/span><\/li>\n<li>Binocular<\/li>\n<li style=\"font-weight: 400;\"><span style=\"font-weight: 400;\">Forpu\u015digaj bur\u011donoj<\/span><\/li>\n<li style=\"font-weight: 400;\"><span style=\"font-weight: 400;\">sunkremo<\/span><\/li>\n<li style=\"font-weight: 400;\"><span style=\"font-weight: 400;\">\u0108apelo<\/span><\/li>\n<li style=\"font-weight: 400;\"><span style=\"font-weight: 400;\">Komfortaj pantalonoj<\/span><\/li>\n<li style=\"font-weight: 400;\"><span style=\"font-weight: 400;\">Mar\u015duoj por arbaro<\/span><\/li>\n<li style=\"font-weight: 400;\"><span style=\"font-weight: 400;\">Sandaloj al la Printempaj areoj.<\/span><\/li>\n<li style=\"font-weight: 400;\"><span style=\"font-weight: 400;\">Na\u011dvesta\u0135o<\/span><\/li>\n<\/ul>\n<p>&nbsp;<\/p>\n<h4><b><i>Hotela Kaptado <\/i><\/b><\/h4>\n<p><span style=\"font-weight: 400;\">Repreno de hotelo ne estas ofertita por \u0109i tiu turneo. <\/span><\/p>\n<p>&nbsp;<\/p>\n<p><b>Notu:<\/b><span style=\"font-weight: 400;\"> Se vi estas rezervita ene de 24 horoj post la foriro de la ekskurso\/ekskurso, ni povas aran\u011di hotelan reprenon kun kromaj Kostoj. Post kiam via a\u0109eto fini\u011dos, ni sendos al vi kompletajn kontaktinformojn (telefonnumero, retpo\u015dtadreso, ktp.) por nia loka Ekskursgvidanto por organizi pretajn aran\u011dojn.<\/span><\/p>\n<h4><b><i>Konfirmo de Pliaj Informoj <\/i><\/b><\/h4>\n<ol>\n<li>Tickets are the Receipt after paying for this Tour. You can show the payment on your phone.<\/li>\n<li style=\"font-weight: 400;\"><span style=\"font-weight: 400;\">Renkontopunkto Estos ricevita Post la Rezerva Procezo.<\/span><\/li>\n<li style=\"font-weight: 400;\"><span style=\"font-weight: 400;\">Infanoj devas esti akompanataj de plenkreskulo.<\/span><\/li>\n<li style=\"font-weight: 400;\"><span style=\"font-weight: 400;\"> Ne alirebla por rulse\u011do <\/span><\/li>\n<li style=\"font-weight: 400;\"><span style=\"font-weight: 400;\">Infanoj devas sidi sur rondiroj <\/span><\/li>\n<li style=\"font-weight: 400;\"><span style=\"font-weight: 400;\">Ne rekomendita por voja\u011dantoj kun dorsaj problemoj<\/span><\/li>\n<li style=\"font-weight: 400;\"><span style=\"font-weight: 400;\">Ne rekomendita por gravedaj voja\u011dantoj <\/span><\/li>\n<li style=\"font-weight: 400;\"><span style=\"font-weight: 400;\"> Neniuj koraj problemoj a\u016d aliaj seriozaj malsanoj <\/span><\/li>\n<li style=\"font-weight: 400;\"><span style=\"font-weight: 400;\">Plej multaj voja\u011dantoj povas partopreni<\/span><\/li>\n<\/ol>\n<p>This tour is offered to a minimum of 2 people and a Maximum of 15 people. In case of fewer people, please contact us.<\/p>\n<h4><b><i>Politiko pri nuligo<\/i><\/b><\/h4>\n<p>Por plena repago, bonvolu legi niajn Politikojn pri Nuligo\u00a0<a href=\"https:\/\/www.ticketswhales.com\/online-booking\/\" target=\"_blank\" rel=\"noopener\" data-saferedirecturl=\"https:\/\/www.google.com\/url?q=https:\/\/www.ticketswhales.com\/online-booking\/&amp;source=gmail&amp;ust=1672529771100000&amp;usg=AOvVaw2NIGJBZ0qjB5RhPUl5Obc7\">Klaku \u0109i tie<\/a>. Funds will be lost if the reservation is cancelled the same day of the trip.<\/p>\n\n\t\t<\/div>\n\t<\/div>\n<\/div><\/div><\/div><\/div><div class=\"vc_row wpb_row vc_row-fluid\" ><\/div><div class=\"wpb_column vc_column_container vc_col-sm-12\"><div class=\"vc_column-inner\"><div class=\"wpb_wrapper\"><\/div><\/div><\/div><div class=\"vc_empty_space\"   style=\"height: 32px\"><span class=\"vc_empty_space_inner\"><\/span><\/div><div class=\"vc_empty_space\"   style=\"height: 32px\"><span class=\"vc_empty_space_inner\"><\/span><\/div><div class=\"vc_row wpb_row vc_row-fluid\" ><div class=\"wpb_column vc_column_container vc_col-sm-12\"><div class=\"vc_column-inner\"><div class=\"wpb_wrapper\"><div class=\"vc_btn3-container vc_btn3-inline\" ><button class=\"vc_general vc_btn3 vc_btn3-size-md vc_btn3-shape-rounded vc_btn3-style-modern vc_btn3-color-green\">eLIBRO NUN<\/button><\/div><\/div><\/div><\/div><\/div>","protected":false},"excerpt":{"rendered":"<p><span style=\"vertical-align: inherit;\"><span style=\"vertical-align: inherit;\">Viaje ecol\u00f3gico al Parque Nacional Los Haitises con un gu\u00eda tur\u00edstico local. <\/span><span style=\"vertical-align: inherit;\">Visitar los halcones de Ridgway en el Parque Nacional Los Haitises y las \u00e1reas hist\u00f3ricas de Sabana de la Mar en el Parque Nacional Los Haitises.<\/span><\/span><\/p>\n<p>&nbsp;<\/p>\n<p><em><strong><span style=\"vertical-align: inherit;\"><span style=\"vertical-align: inherit;\">Seleccione la fecha para el tour\u00a0<\/span><\/span><\/strong><\/em><\/p>","protected":false},"featured_media":11650,"template":"","meta":[],"product_brand":[],"product_cat":[565,577,578,122,123,124],"product_tag":[177,180,132,133,191,192,114,142,147,193],"class_list":{"0":"post-11631","1":"product","2":"type-product","3":"status-publish","4":"has-post-thumbnail","6":"product_cat-1-sabana-de-la-mar","7":"product_cat-birdwatching-los-haitises","8":"product_cat-hiking-los-haitises","9":"product_cat-tours-and-excursions","10":"product_cat-tours-excursions-los-haitises-national-park","11":"product_cat-tours-excursions-samana-bay-dominican-republic","12":"product_tag-birding","13":"product_tag-birdwatching","14":"product_tag-los-haitises","15":"product_tag-los-haitises-national-park","16":"product_tag-nature","17":"product_tag-ridgways-hawk","18":"product_tag-sabana-de-la-mar","19":"product_tag-samana","20":"product_tag-samana-bay","21":"product_tag-wildlife","23":"first","24":"instock","25":"sale","26":"shipping-taxable","27":"product-type-external"},"_links":{"self":[{"href":"https:\/\/haitises.com\/eo\/wp-json\/wp\/v2\/product\/11631","targetHints":{"allow":["GET"]}}],"collection":[{"href":"https:\/\/haitises.com\/eo\/wp-json\/wp\/v2\/product"}],"about":[{"href":"https:\/\/haitises.com\/eo\/wp-json\/wp\/v2\/types\/product"}],"wp:featuredmedia":[{"embeddable":true,"href":"https:\/\/haitises.com\/eo\/wp-json\/wp\/v2\/media\/11650"}],"wp:attachment":[{"href":"https:\/\/haitises.com\/eo\/wp-json\/wp\/v2\/media?parent=11631"}],"wp:term":[{"taxonomy":"product_brand","embeddable":true,"href":"https:\/\/haitises.com\/eo\/wp-json\/wp\/v2\/product_brand?post=11631"},{"taxonomy":"product_cat","embeddable":true,"href":"https:\/\/haitises.com\/eo\/wp-json\/wp\/v2\/product_cat?post=11631"},{"taxonomy":"product_tag","embeddable":true,"href":"https:\/\/haitises.com\/eo\/wp-json\/wp\/v2\/product_tag?post=11631"}],"curies":[{"name":"wp","href":"https:\/\/api.w.org\/{rel}","templated":true}]}}