{"id":11417,"date":"2021-08-15T20:09:23","date_gmt":"2021-08-15T20:09:23","guid":{"rendered":"http:\/\/haitises.com\/?post_type=product&#038;p=11417"},"modified":"2024-04-02T19:48:53","modified_gmt":"2024-04-02T19:48:53","slug":"hike-kayak-los-haitises-national-park-from-juan-dolio","status":"publish","type":"product","link":"https:\/\/haitises.com\/eo\/privata\/hike-kayak-los-haitises-national-park-from-juan-dolio\/","title":{"rendered":"Hike + Kayak Los Haitises National Park from Juan Dolio"},"content":{"rendered":"<div class=\"vc_row wpb_row vc_row-fluid\" ><div class=\"wpb_column vc_column_container vc_col-sm-12\"><div class=\"vc_column-inner\"><div class=\"wpb_wrapper\">\n\t<div class=\"wpb_text_column wpb_content_element\" >\n\t\t<div class=\"wpb_wrapper\">\n\t\t\t<h4><b><i>Superrigardo <\/i><\/b><\/h4>\n<p>This Hiking Trail + Kayaking Tour starts from Juan Dolio with a Transfer from Hotels. After this we arrive to the park where we will hike for around 2 hours along the Humid Forest in the Los Haitises National Park. You will learn about the medicinal plants of this area, see the broadleaf forest primary and secondary Los Haitises National Park mountains and at the same time reach the spring of the Jivales River from which the waters of the natural pools of Eco-lodge Ca\u00f1o Hondo. Then we take the equipment required for your safety (Lifejackets, etc), kayaks, and going through mangrove swamps. You will see some bird-filled mangroves, rolling hills of lush vegetation. Through the mangroves and Land at the open San Lorenzo Bay, from where you can photograph the rugged forest landscape.<\/p>\n<p>After this experience, you will get Back to Cano Hondo or Sabana de la mar drive back to Juan Dolio areas.<\/p>\n<ul>\n<li style=\"font-weight: 400;\">Kotizoj inkluzivitaj<\/li>\n<li>Los Haitises National park Hiking Trip<\/li>\n<li style=\"font-weight: 400;\"><span style=\"font-weight: 400;\">La gvidilo provizas instrukcion kaj Superrigardon<\/span><\/li>\n<\/ul>\n<p>&nbsp;<\/p>\n<h4><b>Inkludoj &amp; Ekskludoj<\/b><\/h4>\n<p>&nbsp;<\/p>\n<p><b>Inkluzivecoj<\/b><\/p>\n<p>&nbsp;<\/p>\n<ol>\n<li style=\"font-weight: 400;\">Nacia Parko Los Haitises<\/li>\n<li>Hike + Kayak<\/li>\n<li style=\"font-weight: 400;\"><span style=\"font-weight: 400;\">\u0108iuj impostoj, kotizoj kaj pritraktadoj<\/span><\/li>\n<li style=\"font-weight: 400;\"><span style=\"font-weight: 400;\">Lokaj impostoj<\/span><\/li>\n<li style=\"font-weight: 400;\"><span style=\"font-weight: 400;\">Trinka\u0135oj<\/span><\/li>\n<li style=\"font-weight: 400;\"><span style=\"font-weight: 400;\">\u0108iuj agadoj<\/span><\/li>\n<li style=\"font-weight: 400;\"><span style=\"font-weight: 400;\">Loka gvidisto<\/span><\/li>\n<li><span style=\"font-weight: 400;\">Translokigo<\/span><\/li>\n<li>Lunch with Locals<\/li>\n<\/ol>\n<p><b> Ekskludoj<\/b><\/p>\n<ol>\n<li style=\"font-weight: 400;\"><span style=\"font-weight: 400;\">Senpagaj<\/span><\/li>\n<li style=\"font-weight: 400;\"><span style=\"font-weight: 400;\">Alkoholaj Trinka\u0135oj<\/span><\/li>\n<\/ol>\n<p>&nbsp;<\/p>\n<h4><em><strong>Foriro &amp; Reveno<\/strong><\/em><\/h4>\n<p><span style=\"font-weight: 400;\">The traveler will get a meeting point after the Reservation Process. Tours start and Finish at our meeting points.<\/span><\/p>\n<p>&nbsp;<\/p>\n<h2>Hike + Kayak Los Haitises National Park from Juan Dolio<\/h2>\n<h4><b><i>Kion Atendu?<\/i><\/b><\/h4>\n<p>The national park\u2019s name comes from its original inhabitants, the Taino Indians. In their language \u201cHaitises\u201d translates to highlands or Hills, a reference to the coastline\u2019s steep geological formations with Limestones. Kayaking it is 2 hours.<\/p>\n<p>Learning about History and Nature with Locals tours guides that Grow up as Environmental protectors and Volunteers inside of this project area.The tour, organized by \u00abBooking Adventures\u00bb starts at the meeting point set with the Tour Guide.<\/p>\n<p>After an initial walk through fields and farmlands, you will begin to walk by the Coconut and Cacao Forest.\u00a0 Getting every minute inside of the primary and unique to conserve forest area inside of Los Haitises National Park. Come with Booking Adventures and start checking some Endemics Birds, Mammals, and Plants species, rolling hills of lush vegetation, and caves of <em><strong>Nacia Parko Los Haitises<\/strong><\/em>.<\/p>\n<div class=\"body-description secondary\">\n<p>La nomo de la nacia parko venas de siaj originaj lo\u011dantoj, la Taino Indians. En ilia lingvo &quot;Haitises&quot; traduki\u011das al altebena\u0135oj a\u016d Montetoj, referenco al la krutaj geologiaj formacioj de la marbordo kun Kalk\u015dtonoj. Aventuru pli profunden en la parkon por esplori kavernojn kiel la <em><strong>Sabla Kaverno<\/strong><\/em> kaj <strong><em>Cueva de la L\u00ednea. You can match the boat tour with the Hiking trip. Just contact us.<\/em><\/strong><\/p>\n<p>Caves in the reserve were used as shelter by the Taino Indians and, later, by hiding pirates. Look for drawings by Indians that decorate some of the walls. In the Rain Forest, there are more than 700 hundred species of plants, we try to teach visitors about all medical plants that we know in this hiking trail.<\/p>\n<p>Come to learn, Hike and enjoy the real nature of Los Haitises National Park.<\/p>\n<\/div>\n<p>&nbsp;<\/p>\n<h4><em><strong>Kion vi alportu?<\/strong><\/em><\/h4>\n<ul>\n<li style=\"font-weight: 400;\"><span style=\"font-weight: 400;\">fotilo<\/span><\/li>\n<li style=\"font-weight: 400;\"><span style=\"font-weight: 400;\">Forpu\u015digaj bur\u011donoj<\/span><\/li>\n<li style=\"font-weight: 400;\"><span style=\"font-weight: 400;\">Suncream<\/span><\/li>\n<li style=\"font-weight: 400;\"><span style=\"font-weight: 400;\">\u0108apelo<\/span><\/li>\n<li style=\"font-weight: 400;\"><span style=\"font-weight: 400;\">Komfortaj pantalonoj<\/span><\/li>\n<li style=\"font-weight: 400;\"><span style=\"font-weight: 400;\">Mar\u015duoj por arbaro<\/span><\/li>\n<li style=\"font-weight: 400;\"><span style=\"font-weight: 400;\">Sandaloj al la Printempaj areoj.<\/span><\/li>\n<li style=\"font-weight: 400;\"><span style=\"font-weight: 400;\">Na\u011dvesta\u0135o<\/span><\/li>\n<\/ul>\n<p>&nbsp;<\/p>\n<h4><b><i>Hotela Kaptado <\/i><\/b><\/h4>\n<p><span style=\"font-weight: 400;\">Hotel pick-up is offered for this tour.\u00a0<\/span><\/p>\n<p><b>Notu:<\/b><span style=\"font-weight: 400;\"> If you are booking within 24 hours of the tour\/Excursion departure time, we can arrange hotel pick-up from the Juan Dolio areas. Once your purchase is complete, we will send you complete contact information (phone number, email address, etc.) for our local Tour guide to organize pick-up arrangements.<\/span><\/p>\n<h4><b><i>Konfirmo de Pliaj Informoj <\/i><\/b><\/h4>\n<ol>\n<li>Tickets are the Receipt after paying for this Tour. You can show the payment on your phone.<\/li>\n<li style=\"font-weight: 400;\"><span style=\"font-weight: 400;\">Renkontopunkto Estos ricevita Post la Rezerva Procezo.<\/span><\/li>\n<li style=\"font-weight: 400;\"><span style=\"font-weight: 400;\">Infanoj devas esti akompanataj de plenkreskulo.<\/span><\/li>\n<li style=\"font-weight: 400;\"><span style=\"font-weight: 400;\"> Ne alirebla por rulse\u011do <\/span><\/li>\n<li style=\"font-weight: 400;\"><span style=\"font-weight: 400;\">Infanoj devas sidi sur rondiroj <\/span><\/li>\n<li style=\"font-weight: 400;\"><span style=\"font-weight: 400;\">Ne rekomendita por voja\u011dantoj kun dorsaj problemoj<\/span><\/li>\n<li style=\"font-weight: 400;\"><span style=\"font-weight: 400;\">Ne rekomendita por gravedaj voja\u011dantoj <\/span><\/li>\n<li style=\"font-weight: 400;\"><span style=\"font-weight: 400;\"> Neniuj koraj problemoj a\u016d aliaj seriozaj malsanoj <\/span><\/li>\n<li style=\"font-weight: 400;\"><span style=\"font-weight: 400;\">Plej multaj voja\u011dantoj povas partopreni<\/span><\/li>\n<\/ol>\n<h4><b><i>Politiko pri nuligo<\/i><\/b><\/h4>\n<p><span style=\"font-weight: 400;\">For a full refund, cancel at least 74 hours in advance of the start date of the experience. Funds will be lost if the reservation is canceled the same day of the trip.<\/span><\/p>\n\n\t\t<\/div>\n\t<\/div>\n[mkdf_section_title title_tag=\u00bb\u00bb disable_break_words=\u00bbno\u00bb subtitle_tag=\u00bb\u00bb text_font_weight=\u00bb\u00bb title=\u00bbHike + Kayak Los Haitises National Park\u00bb subtitle=\u00bbHiking the Rain Forest and Kayaking\u00bb text=\u00bbThis Experience Need a Minimum of 2 Participants. If you are not 2 please feel free to contact us!\u00bb]<\/div><\/div><\/div><\/div><div class=\"vc_row wpb_row vc_row-fluid\" ><div class=\"wpb_column vc_column_container vc_col-sm-12\"><div class=\"vc_column-inner\"><div class=\"wpb_wrapper\"><\/div><\/div><\/div><\/div><div class=\"vc_row wpb_row vc_row-fluid\" ><div class=\"wpb_column vc_column_container vc_col-sm-12\"><div class=\"vc_column-inner\"><div class=\"wpb_wrapper\"><div class=\"vc_empty_space\"   style=\"height: 32px\"><span class=\"vc_empty_space_inner\"><\/span><\/div>\n\t<div class=\"wpb_text_column wpb_content_element\" >\n\t\t<div class=\"wpb_wrapper\">\n\t\t\t<h4>Kontakti nin?<\/h4>\n<h5>Rezervaj Aventuroj<\/h5>\n<p><em><strong>Lokuloj<\/strong>\u00a0kaj\u00a0<strong>\u015ctatanoj<\/strong>\u00a0Ekskursaj gvidiloj kaj Gastservoj<\/em><\/p>\n<p><span class=\"text-turquoise\">Rezervoj:<\/span>\u00a0Ekskursoj kaj Ekskursoj en Dom. Rep.<\/p>\n<p><img decoding=\"async\" class=\"emoji\" draggable=\"false\" src=\"https:\/\/s.w.org\/images\/core\/emoji\/11.2.0\/svg\/1f4de.svg\" alt=\"\ud83d\udcde\" title=\"\">\u00a0Tel\/Whatsapp\u00a0\u00a0<a href=\"tel:+1-809-720-6035\">+1-809-720-6035<\/a>.<\/p>\n<p><img decoding=\"async\" class=\"emoji\" draggable=\"false\" src=\"https:\/\/s.w.org\/images\/core\/emoji\/11.2.0\/svg\/1f4e9.svg\" alt=\"\ud83d\udce9\" title=\"\">\u00a0<a href=\"mailto:info@bookingadventures.com.do\">info@bookingadventures.com.do<\/a><\/p>\n<p><strong>Ni estas Flekseblaj Agordaj Privataj Ekskursoj per Whatsapp:\u00a0<a href=\"tel:+18097206035\">+18097206035.<\/a><\/strong><\/p>\n\n\t\t<\/div>\n\t<\/div>\n<div class=\"vc_empty_space\"   style=\"height: 32px\"><span class=\"vc_empty_space_inner\"><\/span><\/div><\/div><\/div><\/div><\/div>","protected":false},"excerpt":{"rendered":"<p>Hiking 3 Hours and Kayaking Mangroves in Los Haitises National Park with a Local Tour guide from Sabana de la mar. Visiting the Rain forest, Coconuts, Coffe and Cacao areas. Learning about the original history from Los Haitises National Park.<\/p>\n<p>&nbsp;<\/p>\n<p><strong>Please Select the date for The Hiking Trip:<\/strong><\/p>","protected":false},"featured_media":11249,"template":"","meta":[],"product_brand":[],"product_cat":[356,96,123,124],"product_tag":[341,206,129,130,412,413,221,414,415,152,153,198,536,133,416,215,217,417,223,114,418,148,143,419],"class_list":{"0":"post-11417","1":"product","2":"type-product","3":"status-publish","4":"has-post-thumbnail","6":"product_cat-day-trips","7":"product_cat-hiking","8":"product_cat-tours-excursions-los-haitises-national-park","9":"product_cat-tours-excursions-samana-bay-dominican-republic","10":"product_tag-cano-hondo-sabana-de-la-mar","11":"product_tag-caves-los-haitises","12":"product_tag-eco-tours","13":"product_tag-excursion","14":"product_tag-hike-kayak","15":"product_tag-hike-kayak-los-haitises-national-park","16":"product_tag-hiking-los-haitises","17":"product_tag-hiking-sabana-de-la-mar","18":"product_tag-hiking-samana","19":"product_tag-kayak-tour","20":"product_tag-kayaking","21":"product_tag-kayaking-los-haitises","22":"product_tag-los-haitises-juan-dolio","23":"product_tag-los-haitises-national-park","24":"product_tag-los-haitises-national-park-entrance-fee","25":"product_tag-los-haitises-national-park-tour-from-las-terrenas","26":"product_tag-los-haitises-national-park-tour-from-santo-domingo","27":"product_tag-los-haitises-national-park-weather","28":"product_tag-los-haitises-sabana-de-la-mar","29":"product_tag-sabana-de-la-mar","30":"product_tag-sabana-de-la-mar-tour","31":"product_tag-samana-excursions","32":"product_tag-samana-tours","33":"product_tag-secrets-of-los-haitises","35":"first","36":"instock","37":"sale","38":"sold-individually","39":"shipping-taxable","40":"product-type-external"},"_links":{"self":[{"href":"https:\/\/haitises.com\/eo\/wp-json\/wp\/v2\/product\/11417","targetHints":{"allow":["GET"]}}],"collection":[{"href":"https:\/\/haitises.com\/eo\/wp-json\/wp\/v2\/product"}],"about":[{"href":"https:\/\/haitises.com\/eo\/wp-json\/wp\/v2\/types\/product"}],"wp:featuredmedia":[{"embeddable":true,"href":"https:\/\/haitises.com\/eo\/wp-json\/wp\/v2\/media\/11249"}],"wp:attachment":[{"href":"https:\/\/haitises.com\/eo\/wp-json\/wp\/v2\/media?parent=11417"}],"wp:term":[{"taxonomy":"product_brand","embeddable":true,"href":"https:\/\/haitises.com\/eo\/wp-json\/wp\/v2\/product_brand?post=11417"},{"taxonomy":"product_cat","embeddable":true,"href":"https:\/\/haitises.com\/eo\/wp-json\/wp\/v2\/product_cat?post=11417"},{"taxonomy":"product_tag","embeddable":true,"href":"https:\/\/haitises.com\/eo\/wp-json\/wp\/v2\/product_tag?post=11417"}],"curies":[{"name":"wp","href":"https:\/\/api.w.org\/{rel}","templated":true}]}}