{"id":11305,"date":"2021-08-15T20:08:36","date_gmt":"2021-08-15T20:08:36","guid":{"rendered":"http:\/\/haitises.com\/?post_type=product&#038;p=11305"},"modified":"2024-04-09T18:05:03","modified_gmt":"2024-04-09T18:05:03","slug":"los-haitises-national-park-lunch-at-cano-hondo-from-samana-port-2","status":"publish","type":"product","link":"https:\/\/haitises.com\/eo\/privata\/los-haitises-national-park-lunch-at-cano-hondo-from-samana-port-2\/","title":{"rendered":"Nacia Parko Los Haitises + Tagman\u011do \u0109e Ca\u00f1o Hondo el Haveno Saman\u00e1."},"content":{"rendered":"<div class=\"vc_row wpb_row vc_row-fluid\" ><div class=\"wpb_column vc_column_container vc_col-sm-12\"><div class=\"vc_column-inner\"><div class=\"wpb_wrapper\">[mkdf_section_title title_tag=\u00bb\u00bb disable_break_words=\u00bbno\u00bb subtitle_tag=\u00bb\u00bb title=\u00bbLos Haitises National Park + Lunch at Cano Hondo from Samana Port.\u00bb subtitle=\u00bbLunch &amp; Swimming at Natural Springs\u00bb]<\/div><\/div><\/div><\/div><div class=\"vc_row wpb_row vc_row-fluid\" ><div class=\"wpb_column vc_column_container vc_col-sm-12\"><div class=\"vc_column-inner\"><div class=\"wpb_wrapper\">\n\t<div class=\"wpb_text_column wpb_content_element\" >\n\t\t<div class=\"wpb_wrapper\">\n\t\t\t<h4><b><i>Superrigardo <\/i><\/b><\/h4>\n<p><strong>Los Haitises National park<\/strong> starting from Saman\u00e1 Port plus a Wonderfull lunch and Swimming on natural springs in <strong>Ca\u00f1o <\/strong>Hondo Ecolodge.\u00a0 Come with us and visit the most beautiful national park of the Dominican Republic, Visiting Mangroves, Caves and San Lorenzo Bay plus crossing the gorgeous Saman\u00e1 bay.\u00a0 After Having lunch at Ca\u00f1o Hondo you are allowed to swimming in the natural spring few hours and Then Back to Saman\u00e1 port.<\/p>\n<p>Post \u0109i tiu sperto, vi revenos al la haveno Saman\u00e1.<\/p>\n<ul>\n<li style=\"font-weight: 400;\">Kotizoj inkluzivitaj<\/li>\n<li style=\"font-weight: 400;\"><span style=\"font-weight: 400;\">La gvidilo provizas instrukcion kaj Superrigardon<\/span><\/li>\n<\/ul>\n<p>&nbsp;<\/p>\n<h4><b>Inkludoj &amp; Ekskludoj<\/b><\/h4>\n<p>&nbsp;<\/p>\n<p><b>Inkluzivecoj<\/b><\/p>\n<ol>\n<li style=\"font-weight: 400;\">Los Haitises Tour + Kavernoj kaj Pictographs<\/li>\n<li>Lunch at Ca\u00f1o Hondo<\/li>\n<li>Swimming on the Natural springs<\/li>\n<li style=\"font-weight: 400;\"><span style=\"font-weight: 400;\">\u0108iuj impostoj, kotizoj kaj pritraktadoj<\/span><\/li>\n<li style=\"font-weight: 400;\"><span style=\"font-weight: 400;\">Lokaj impostoj<\/span><\/li>\n<li style=\"font-weight: 400;\"><span style=\"font-weight: 400;\">Trinka\u0135oj<\/span><\/li>\n<li style=\"font-weight: 400;\"><span style=\"font-weight: 400;\">\u0108iuj agadoj<\/span><\/li>\n<li style=\"font-weight: 400;\"><span style=\"font-weight: 400;\">Loka gvidisto<\/span><\/li>\n<\/ol>\n<p><b> Ekskludoj<\/b><\/p>\n<ol>\n<li style=\"font-weight: 400;\"><span style=\"font-weight: 400;\">Senpagaj<\/span><\/li>\n<li style=\"font-weight: 400;\"><span style=\"font-weight: 400;\">Translokigo<\/span><\/li>\n<li style=\"font-weight: 400;\"><span style=\"font-weight: 400;\">Alkoholaj Trinka\u0135oj<\/span><\/li>\n<\/ol>\n<p>&nbsp;<\/p>\n<h4><em><strong>Foriro &amp; Reveno<\/strong><\/em><\/h4>\n<p><span style=\"font-weight: 400;\">La voja\u011danto ricevos renkontpunkton post la Rezerva Procezo. Turneoj komenci\u011das kaj Fini\u011das en niaj renkontpunktoj.<\/span><\/p>\n<p>&nbsp;<\/p>\n<h4><b><i>Kion Atendu?<\/i><\/b><\/h4>\n<p>&nbsp;<\/p>\n<p><em><strong>Akiru viajn biletojn<\/strong><\/em> por viziti Nacian Parkon Los Haitises kun mirinda tagman\u011do \u0109e Ca\u00f1o Hondo kaj Na\u011dado \u0109e la Naturaj Fontoj.<\/p>\n<p>Ekirante de Saman\u00e1 haveno sur\u015dipe de Boato a\u016d Katamarano kun Loka ekskursgvidanto ni preterpasas Saman\u00e1-golfon al Sabana de la Mar-flanko por Viziti unu el la plej belaj naciaj parkoj de Dominika Respubliko. <em><strong>Nacia Parko Haitises<\/strong><\/em>.<\/p>\n<p>Vizitanta Insulon kun birdoj \u0109irka\u016de. En la nestosezono, ni e\u0109 povas vidi la pelikanajn idojn sur la nestoj. Eniri pli ene de la roka Insulo kaj viziti la Kavernojn kun piktografa\u0135oj kaj petrografoj de la indi\u011denaj homoj.<\/p>\n<p>The tour, organized by \u00abBooking Adventures\u00bb starts at the meeting point set with the Tour Guide. Come with Booking Adventures and start checking some bird-filled mangroves, rolling hills of lush vegetation and caves of <em><strong>Nacia Parko Los Haitises<\/strong><\/em>.<\/p>\n<div class=\"body-description secondary\">\n<p>La nomo de la nacia parko venas de siaj originaj lo\u011dantoj, la Taino Indians. En ilia lingvo &quot;Haitises&quot; traduki\u011das al altebena\u0135oj a\u016d Montetoj, referenco al la krutaj geologiaj formacioj de la marbordo kun Kalk\u015dtonoj. Aventuru pli profunden en la parkon por esplori kavernojn kiel la <em><strong>Sabla Kaverno<\/strong><\/em> kaj <strong><em>Linia Kaverno.<\/em><\/strong><\/p>\n<p>Caves in the reserve were used as shelter by the Taino Indians and, later, by hiding pirates. Look for drawings by Indians that decorate some of the walls.<\/p>\n<p>After visiting Los Haitises National Park we will go to Cano Hondo. In Cano Hondo learning about this ecolodge history and Lunchtime with the typical food from Sabana de la mar Comunity.<\/p>\n<p>Lunch will be delicious but we did not finish yet. After lunchtime, we will swim in the Natural spring from Jibales River a perennial river to the Ca\u00f1o Hondo River.\u00a0 Staying at Ca\u00f1o Hondo until 4: 00 pm and heading back to Saman\u00e1 port we will pass again through the mangroves and Land at the open San Lorenzo bay, from where you can photograph the rugged forest landscape. Look to the water to spot <em><strong>Manatoj<\/strong><\/em>, krustacoj, kaj <em><strong>Delfenoj.<\/strong><\/em><\/p>\n<p>Until the time that you will set with the tour guide for after this going to Cano Hondo port and take a boat back to Saman\u00e1 port passing Saman\u00e1 bay 30 min.<\/p>\n<\/div>\n<p>Se vi \u015datos \u0109i tiun voja\u011don pli longe, ni havas \u0109i tiujn eblojn:<\/p>\n<ol>\n<li><a href=\"https:\/\/www.ticketswhales.com\/tour\/los-haitises-national-park-tour-from-samana-port\/\" target=\"_blank\" rel=\"noopener\">Los Haitises + Cayo Levantado de Samana Haveno.<\/a><\/li>\n<\/ol>\n<p>&nbsp;<\/p>\n<h4><em><strong>Kion vi alportu?<\/strong><\/em><\/h4>\n<ul>\n<li style=\"font-weight: 400;\"><span style=\"font-weight: 400;\">fotilo<\/span><\/li>\n<li style=\"font-weight: 400;\"><span style=\"font-weight: 400;\">Forpu\u015digaj bur\u011donoj<\/span><\/li>\n<li style=\"font-weight: 400;\"><span style=\"font-weight: 400;\">sunkremo<\/span><\/li>\n<li style=\"font-weight: 400;\"><span style=\"font-weight: 400;\">\u0108apelo<\/span><\/li>\n<li style=\"font-weight: 400;\"><span style=\"font-weight: 400;\">Komfortaj pantalonoj<\/span><\/li>\n<li style=\"font-weight: 400;\"><span style=\"font-weight: 400;\">Mar\u015duoj por arbaro<\/span><\/li>\n<li style=\"font-weight: 400;\"><span style=\"font-weight: 400;\">Sandaloj al la Printempaj areoj.<\/span><\/li>\n<li style=\"font-weight: 400;\"><span style=\"font-weight: 400;\">Na\u011dvesta\u0135o<\/span><\/li>\n<\/ul>\n<p>&nbsp;<\/p>\n<h4><b><i>Hotela Kaptado <\/i><\/b><\/h4>\n<p><span style=\"font-weight: 400;\">Repreno de hotelo ne estas ofertita por \u0109i tiu turneo. <\/span><\/p>\n<p>&nbsp;<\/p>\n<p><b>Notu:<\/b><span style=\"font-weight: 400;\"> Se vi estas rezervita ene de 24 horoj post la foriro de la ekskurso\/ekskurso, ni povas aran\u011di hotelan reprenon kun kromaj Kostoj. Post kiam via a\u0109eto fini\u011dos, ni sendos al vi kompletajn kontaktinformojn (telefonnumero, retpo\u015dtadreso, ktp.) por nia loka Ekskursgvidanto por organizi pretajn aran\u011dojn.<\/span><\/p>\n<h4><b><i>Konfirmo de Pliaj Informoj <\/i><\/b><\/h4>\n<ol>\n<li>Biletoj estas la Kvitanco post pagado de \u0109i tiu Turneo. Vi povas montri la pagon per via telefono.<\/li>\n<li style=\"font-weight: 400;\"><span style=\"font-weight: 400;\">Renkontopunkto Estos ricevita Post la Rezerva Procezo.<\/span><\/li>\n<li style=\"font-weight: 400;\"><span style=\"font-weight: 400;\">Infanoj devas esti akompanataj de plenkreskulo.<\/span><\/li>\n<li style=\"font-weight: 400;\"><span style=\"font-weight: 400;\"> Ne alirebla por rulse\u011do <\/span><\/li>\n<li style=\"font-weight: 400;\"><span style=\"font-weight: 400;\">Infanoj devas sidi sur rondiroj <\/span><\/li>\n<li style=\"font-weight: 400;\"><span style=\"font-weight: 400;\">Ne rekomendita por voja\u011dantoj kun dorsaj problemoj<\/span><\/li>\n<li style=\"font-weight: 400;\"><span style=\"font-weight: 400;\">Ne rekomendita por gravedaj voja\u011dantoj <\/span><\/li>\n<li style=\"font-weight: 400;\"><span style=\"font-weight: 400;\"> Neniuj koraj problemoj a\u016d aliaj seriozaj malsanoj <\/span><\/li>\n<li style=\"font-weight: 400;\"><span style=\"font-weight: 400;\">Plej multaj voja\u011dantoj povas partopreni<\/span><\/li>\n<\/ol>\n<h4><b><i>Politiko pri nuligo<\/i><\/b><\/h4>\n<p><span style=\"font-weight: 400;\">Por plena repago, nuligi almena\u016d 24 horojn anta\u016d la komenca dato de la sperto.<\/span><\/p>\n\n\t\t<\/div>\n\t<\/div>\n<\/div><\/div><\/div><\/div><div class=\"vc_row wpb_row vc_row-fluid\" ><div class=\"wpb_column vc_column_container vc_col-sm-12\"><div class=\"vc_column-inner\"><div class=\"wpb_wrapper\"><div class=\"vc_empty_space\"   style=\"height: 32px\"><span class=\"vc_empty_space_inner\"><\/span><\/div>\n\t<div class=\"wpb_video_widget wpb_content_element vc_clearfix   vc_video-aspect-ratio-169 vc_video-el-width-100 vc_video-align-left\" >\n\t\t<div class=\"wpb_wrapper\">\n\t\t\t\n\t\t\t<div class=\"wpb_video_wrapper\"><iframe loading=\"lazy\" title=\"Nacia Parko Los Haitises, Ekskursoj kaj Ekskurso El Samana a\u016d Sabana de la Mar. Rezervu \u0108i tie:\" src=\"https:\/\/player.vimeo.com\/video\/346508015?dnt=1&amp;app_id=122963&amp;h=6e684a1c21\" width=\"1100\" height=\"619\" frameborder=\"0\" allow=\"autoplay; fullscreen; picture-in-picture\" allowfullscreen><\/iframe><\/div>\n\t\t<\/div>\n\t<\/div>\n<\/div><\/div><\/div><\/div><div class=\"vc_row wpb_row vc_row-fluid\" ><div class=\"wpb_column vc_column_container vc_col-sm-12\"><div class=\"vc_column-inner\"><div class=\"wpb_wrapper\"><div class=\"vc_empty_space\"   style=\"height: 32px\"><span class=\"vc_empty_space_inner\"><\/span><\/div>\n\t<div class=\"wpb_text_column wpb_content_element\" >\n\t\t<div class=\"wpb_wrapper\">\n\t\t\t<h4>Kontakti nin?<\/h4>\n<h5><em><strong>Rezervaj Aventuroj<\/strong><\/em><\/h5>\n<p><em><strong>Lokuloj<\/strong> kaj <strong>\u015ctatanoj<\/strong> Ekskursaj gvidiloj kaj Gastservoj<\/em><\/p>\n<p><span class=\"text-turquoise\">Rezervoj:<\/span> Ekskursoj kaj Ekskursoj en Dom. Rep.<\/p>\n<p><img decoding=\"async\" class=\"emoji\" draggable=\"false\" src=\"https:\/\/s.w.org\/images\/core\/emoji\/11.2.0\/svg\/1f4de.svg\" alt=\"\ud83d\udcde\" title=\"\"> Tel\/Whatsapp\u00a0 <a href=\"tel:+1-809-720-6035\">+1-809-720-6035<\/a>.<\/p>\n<p><img decoding=\"async\" class=\"emoji\" draggable=\"false\" src=\"https:\/\/s.w.org\/images\/core\/emoji\/11.2.0\/svg\/1f4e9.svg\" alt=\"\ud83d\udce9\" title=\"\"> <a href=\"mailto:info@bookingadventures.com.do\">info@bookingadventures.com.do<\/a><\/p>\n<p><strong>Ni estas Flekseblaj Agordaj Privataj Ekskursoj per Whatsapp: <a href=\"tel:+18097206035\">+18097206035.<\/a><\/strong><\/p>\n\n\t\t<\/div>\n\t<\/div>\n<div class=\"vc_empty_space\"   style=\"height: 32px\"><span class=\"vc_empty_space_inner\"><\/span><\/div><\/div><\/div><\/div><\/div>","protected":false},"excerpt":{"rendered":"<p><strong>Bonvolu Elekti daton por La Turneo\u00a0<\/strong><\/p>","protected":false},"featured_media":104,"template":"","meta":[],"product_brand":[],"product_cat":[119,96,144,98,135,121,99,122,123,124],"product_tag":[126,127,128,145,132,133,146,147,148,143],"class_list":{"0":"post-11305","1":"product","2":"type-product","3":"status-publish","4":"has-post-thumbnail","6":"product_cat-caves","7":"product_cat-hiking","8":"product_cat-kayaking","9":"product_cat-local-tour-guides","10":"product_cat-lunch","11":"product_cat-mangroves","12":"product_cat-swimming-natural-springs","13":"product_cat-tours-and-excursions","14":"product_cat-tours-excursions-los-haitises-national-park","15":"product_cat-tours-excursions-samana-bay-dominican-republic","16":"product_tag-cano-hondo","17":"product_tag-cano-hondo-hotel","18":"product_tag-cano-hondo-tours","19":"product_tag-day-tour-cano-hondo","20":"product_tag-los-haitises","21":"product_tag-los-haitises-national-park","22":"product_tag-mangroves-los-haitises","23":"product_tag-samana-bay","24":"product_tag-samana-excursions","25":"product_tag-samana-tours","27":"first","28":"instock","29":"sale","30":"sold-individually","31":"shipping-taxable","32":"product-type-external"},"_links":{"self":[{"href":"https:\/\/haitises.com\/eo\/wp-json\/wp\/v2\/product\/11305","targetHints":{"allow":["GET"]}}],"collection":[{"href":"https:\/\/haitises.com\/eo\/wp-json\/wp\/v2\/product"}],"about":[{"href":"https:\/\/haitises.com\/eo\/wp-json\/wp\/v2\/types\/product"}],"wp:featuredmedia":[{"embeddable":true,"href":"https:\/\/haitises.com\/eo\/wp-json\/wp\/v2\/media\/104"}],"wp:attachment":[{"href":"https:\/\/haitises.com\/eo\/wp-json\/wp\/v2\/media?parent=11305"}],"wp:term":[{"taxonomy":"product_brand","embeddable":true,"href":"https:\/\/haitises.com\/eo\/wp-json\/wp\/v2\/product_brand?post=11305"},{"taxonomy":"product_cat","embeddable":true,"href":"https:\/\/haitises.com\/eo\/wp-json\/wp\/v2\/product_cat?post=11305"},{"taxonomy":"product_tag","embeddable":true,"href":"https:\/\/haitises.com\/eo\/wp-json\/wp\/v2\/product_tag?post=11305"}],"curies":[{"name":"wp","href":"https:\/\/api.w.org\/{rel}","templated":true}]}}