{"id":543,"date":"2020-06-14T19:18:13","date_gmt":"2020-06-14T19:18:13","guid":{"rendered":"http:\/\/haitises.com\/?post_type=product&#038;p=543"},"modified":"2024-08-22T05:45:22","modified_gmt":"2024-08-22T05:45:22","slug":"los-haitises-national-park-from-the-port-of-samana","status":"publish","type":"product","link":"https:\/\/haitises.com\/en\/private\/los-haitises-national-park-from-the-port-of-samana\/","title":{"rendered":"Los Haitises National Park from Saman\u00e1 port"},"content":{"rendered":"<div class=\"vc_row wpb_row vc_row-fluid\" ><div class=\"wpb_column vc_column_container vc_col-sm-12\"><div class=\"vc_column-inner\"><div class=\"wpb_wrapper\">\n\t<div class=\"wpb_text_column wpb_content_element\" >\n\t\t<div class=\"wpb_wrapper\">\n\t\t\t<h2>Los Haitises National Park (Saman\u00e1 Bay) from the port of Saman\u00e1<\/h2>\n<ul>\n<li>Boat excursion to Los Haitises National Park<br \/>\n<h3>Description<\/h3>\n<p>Visit Los Haitises National Park from the port of Saman\u00e1. Come with us and visit the most beautiful national park in the Dominican Republic, visiting mangroves, caves and San Lorenzo Bay, as well as crossing the beautiful Saman\u00e1 Bay. Then return to the port of Saman\u00e1.<\/li>\n<\/ul>\n<p>After this experience, you will return to the port of Saman\u00e1.<\/p>\n<ul>\n<li>Taxes included<br \/>\nThe guide provides instruction and supervision.<\/li>\n<li>Inclusions and exclusions<\/li>\n<\/ul>\n<h3>Inclusions<\/h3>\n<ol>\n<li>Los Haitises Tour + Caves and Pictographs<\/li>\n<li>All taxes, fees and handling charges.<\/li>\n<li>Local taxes<\/li>\n<li>Drinks<\/li>\n<li>All the activities<\/li>\n<li>Local guide<\/li>\n<\/ol>\n<h3>Exclusions<\/h3>\n<ol>\n<li>Tips<\/li>\n<li>Transfer<\/li>\n<li>Alcoholic beverages<\/li>\n<li>Lunch not included, for lunch includes choosing one of these trips: Los Haitises + Cayo Levantado from the port of Saman\u00e1 or Los Haitises + Cano Hondo from the port of Saman\u00e1.<\/li>\n<\/ol>\n<h3>Departure and return<\/h3>\n<p>The traveler will get a meeting point after the booking process. Tours begin and end at our meeting points.<\/p>\n<h3>What to expect?<\/h3>\n<p>Get your tickets to visit Los Haitises National Park with a wonderful lunch at Ca\u00f1o Hondo and swimming in the natural springs.<\/p>\n<p>Starting from the port of Saman\u00e1 aboard a boat or catamaran with a local tour guide, we pass the bay of Saman\u00e1 next to Sabana de la Mar to visit one of the most beautiful national parks in the Dominican Republic. Haitises national park.<\/p>\n<p>Visiting the island with birds around. In the nesting season, we can even see the pelican chicks in the nests. Go further into the rocky island and visit the caves with pictographs and petrographs of the indigenous people.<\/p>\n<p>El recorrido, organizado por \u00abBooking Adventures\u00bb, comienza en el punto de encuentro establecido con el gu\u00eda tur\u00edstico. Ven con Booking Adventures y comienza a observar algunos manglares llenos de p\u00e1jaros, colinas onduladas de exuberante vegetaci\u00f3n y cuevas del Parque Nacional Los Haitises.<\/p>\n<p>Through the mangroves and land in the open San Lorenzo Bay, from where you can photograph the rugged forest landscape. Look out into the water to see manatees, crustaceans and dolphins.<\/p>\n<p>El nombre del parque nacional proviene de sus habitantes originales, los indios ta\u00ednos. En su idioma, \u00abHaitises\u00bb se traduce en tierras altas o colinas, una referencia a las empinadas formaciones geol\u00f3gicas de la costa con calizas. Avent\u00farate en el parque para explorar cuevas como la Cueva de la Arena y la Cueva de la L\u00ednea. Las cuevas en la reserva fueron utilizadas como refugio por los indios ta\u00ednos y, m\u00e1s tarde, por los piratas escondidos. Busque dibujos de indios que decoran algunas de las paredes. Despu\u00e9s de visitar el Parque Nacional Los Haitises, regresaremos al puerto de Saman\u00e1 pasando la bah\u00eda de Saman\u00e1 30 minutos.<\/p>\n<p>In case you like this trip more, we have these options:<\/p>\n<p>Los Haitises + Cayo Levantado from the port of Saman\u00e1.<br \/>\nLos Haitises + Cano Hondo from the port of Saman\u00e1.<\/p>\n<h3>What should you bring?<\/h3>\n<ul>\n<li>Camera<\/li>\n<li>repellent buds<\/li>\n<li>sunscreen<\/li>\n<li>Hat<\/li>\n<li>Comfortable pants<\/li>\n<li>Forest hiking shoes<\/li>\n<li>Sandals to spring areas.<\/li>\n<li>swim dress<\/li>\n<\/ul>\n<h3>Hotel pickup<\/h3>\n<p>Hotel pickup is not offered for this tour.<\/p>\n<p>Note: If you book within 24 hours of the tour\/excursion departure time, we can arrange hotel pickup with additional charges. Once your purchase is complete, we will send you complete contact information (phone number, email address, etc.) for our local tour guide to arrange pickup arrangements.<\/p>\n<h3>Confirmation of additional information<\/h3>\n<ol>\n<li>The tickets are the Receipt after paying for this Tour. You can show the payment on your phone.<\/li>\n<li>The meeting point will be received after the reservation process.<\/li>\n<li>Children must be accompanied by an adult.<\/li>\n<li>Not wheelchair accessible<\/li>\n<li>Infants should sit on the lap<\/li>\n<li>Not recommended for travelers with back problems.<\/li>\n<li>Not recommended for pregnant travelers.<\/li>\n<li>No heart problems or other serious medical conditions.<\/li>\n<li>Most travelers can participate.<\/li>\n<\/ol>\n<h3>Cancellation policy<\/h3>\n<p>For a full refund, cancel at least 24 hours before the experience start date.<\/p>\n<h3>Contact us?<\/h3>\n<p>Booking Adventures<br \/>\nLocal and national tour guides and guest services<\/p>\n<p>Reservations: Tours and Excursions in Dom. Rep.<\/p>\n<p>\ud83d\udcde Tel\/Whatsapp +1-809-720-6035.<\/p>\n<p>\ud83d\udce9 info@bookingadventures.com.do<\/p>\n<p>We do private tours with flexibility by Whatsapp: +18097206035.<\/p>\n\n\t\t<\/div>\n\t<\/div>\n<\/div><\/div><\/div><\/div><div class=\"vc_row wpb_row vc_row-fluid\" ><div class=\"wpb_column vc_column_container vc_col-sm-12\"><div class=\"vc_column-inner\"><div class=\"wpb_wrapper\"><div class=\"vc_empty_space\"   style=\"height: 32px\"><span class=\"vc_empty_space_inner\"><\/span><\/div>\n\t<div class=\"wpb_video_widget wpb_content_element vc_clearfix   vc_video-aspect-ratio-169 vc_video-el-width-100 vc_video-align-left\" >\n\t\t<div class=\"wpb_wrapper\">\n\t\t\t<h2 class=\"wpb_heading wpb_video_heading\">Los Haitises and More...<\/h2>\n\t\t\t<div class=\"wpb_video_wrapper\"><iframe loading=\"lazy\" title=\"Dominican Republic - Los Haitises caves (Tainos), Pictographs &amp; Petroglyphs\" width=\"1100\" height=\"619\" src=\"https:\/\/www.youtube.com\/embed\/o_ExYqtOlH8?feature=oembed\" frameborder=\"0\" allow=\"accelerometer; autoplay; encrypted-media; gyroscope; picture-in-picture\" allowfullscreen><\/iframe><\/div>\n\t\t<\/div>\n\t<\/div>\n<\/div><\/div><\/div><\/div>","protected":false},"excerpt":{"rendered":"<p>Ecological trip to Los Haitises National Park with a local guide. Visiting the Keys in Los Haitises National Park, mangroves, vegetation, bird watching, caves, pictographs and the historical areas of Sabana de la Mar in Los Haitises National Park.<\/p>\n<p>&nbsp;<\/p>\n<p><strong>Select the date of your visit:<\/strong><\/p>","protected":false},"featured_media":225,"template":"","meta":[],"product_brand":[],"product_cat":[121,435,430,443],"product_tag":[132,133,432,142,148,143],"class_list":{"0":"post-543","1":"product","2":"type-product","3":"status-publish","4":"has-post-thumbnail","6":"product_cat-mangroves","7":"product_cat-manglares","8":"product_cat-parque-nacional-los-haitises-samana","9":"product_cat-tours-y-excursiones-es","10":"product_tag-los-haitises","11":"product_tag-los-haitises-national-park","12":"product_tag-parque-nacional-los-haitises-samana","13":"product_tag-samana","14":"product_tag-samana-excursions","15":"product_tag-samana-tours","17":"first","18":"instock","19":"sale","20":"sold-individually","21":"shipping-taxable","22":"product-type-external"},"_links":{"self":[{"href":"https:\/\/haitises.com\/en\/wp-json\/wp\/v2\/product\/543","targetHints":{"allow":["GET"]}}],"collection":[{"href":"https:\/\/haitises.com\/en\/wp-json\/wp\/v2\/product"}],"about":[{"href":"https:\/\/haitises.com\/en\/wp-json\/wp\/v2\/types\/product"}],"wp:featuredmedia":[{"embeddable":true,"href":"https:\/\/haitises.com\/en\/wp-json\/wp\/v2\/media\/225"}],"wp:attachment":[{"href":"https:\/\/haitises.com\/en\/wp-json\/wp\/v2\/media?parent=543"}],"wp:term":[{"taxonomy":"product_brand","embeddable":true,"href":"https:\/\/haitises.com\/en\/wp-json\/wp\/v2\/product_brand?post=543"},{"taxonomy":"product_cat","embeddable":true,"href":"https:\/\/haitises.com\/en\/wp-json\/wp\/v2\/product_cat?post=543"},{"taxonomy":"product_tag","embeddable":true,"href":"https:\/\/haitises.com\/en\/wp-json\/wp\/v2\/product_tag?post=543"}],"curies":[{"name":"wp","href":"https:\/\/api.w.org\/{rel}","templated":true}]}}