{"id":610,"date":"2020-07-12T23:23:39","date_gmt":"2020-07-12T23:23:39","guid":{"rendered":"http:\/\/haitises.com\/?post_type=product&#038;p=610"},"modified":"2024-04-16T03:02:29","modified_gmt":"2024-04-16T03:02:29","slug":"excursion-de-observacion-de-ballenas-samana-cayo-levantado-bacardi-island","status":"publish","type":"product","link":"https:\/\/haitises.com\/el\/private\/excursion-de-observacion-de-ballenas-samana-cayo-levantado-bacardi-island\/","title":{"rendered":"\u0395\u03ba\u03b4\u03c1\u03bf\u03bc\u03ae \u03a0\u03b1\u03c1\u03b1\u03ba\u03bf\u03bb\u03bf\u03cd\u03b8\u03b7\u03c3\u03b7\u03c2 \u03a6\u03ac\u03bb\u03b1\u03b9\u03bd\u03b1\u03c2 Saman\u00e1 + Cayo Levantado (\u03bd\u03b7\u03c3\u03af Bacardi)."},"content":{"rendered":"<div class=\"vc_row wpb_row vc_row-fluid\" ><div class=\"wpb_column vc_column_container vc_col-sm-12\"><div class=\"vc_column-inner\"><div class=\"wpb_wrapper\">[mkdf_section_title title_tag=\u00bb\u00bb disable_break_words=\u00bbno\u00bb subtitle_tag=\u00bb\u00bb title=\u00bbObservaci\u00f3n de Ballenas en Saman\u00e1 + Cayo Levantado desde el puerto de Saman\u00e1\u00bb subtitle=\u00bbExcursi\u00f3n de Ballenas en la Bah\u00eda de Saman\u00e1\u00bb]<\/div><\/div><\/div><\/div><div class=\"vc_row wpb_row vc_row-fluid\" ><div class=\"wpb_column vc_column_container vc_col-sm-12\"><div class=\"vc_column-inner\"><div class=\"wpb_wrapper\">\n\t<div class=\"wpb_text_column wpb_content_element\" >\n\t\t<div class=\"wpb_wrapper\">\n\t\t\t<h2>Avistamiento de Ballenas Saman\u00e1 + Cayo Levantado (Todo incluido en el precio del Boleto)<\/h2>\n<h3>\u03a0\u03b5\u03c1\u03b9\u03b3\u03c1\u03b1\u03c6\u03ae<\/h3>\n<p>Excursi\u00f3n para avistamiento de ballenas en la bah\u00eda de Saman\u00e1 a partir del puerto de Saman\u00e1. Excursi\u00f3n de d\u00eda completo para observar ballenas en la bah\u00eda de Saman\u00e1 y visitar la hist\u00f3rica isla de Cayo Levantado, adem\u00e1s de un almuerzo en la playa.<\/p>\n<p>Primero, nos encontramos en nuestra oficina.<\/p>\n<p>Luego, la excursi\u00f3n comienza a las 9:00 a.m. y termina a las 5:00 p.m. Despu\u00e9s de abordar nuestro catamar\u00e1n o bote para visitar a las ballenas en su propio h\u00e1bitat.<\/p>\n<p>Desde las 9:00 a.m. hasta las 12:00 a.m. del mediod\u00eda Observaci\u00f3n de ballenas en el observatorio del santuario y luego de este viaje visitaremos la isla Bacardi \/ Cayo Levantado. En la isla de Bacardi, se proporcionar\u00e1 almuerzo buffet de estilo t\u00edpico dominicano.<\/p>\n<p>Cuando termina el almuerzo, se le permite nadar hasta las 4:30 p.m. La excursi\u00f3n finalizar\u00e1 a las 5:00 pm en el mismo puerto desde donde comenzar\u00e1.<\/p>\n<p><strong>\u03a3\u03b7\u03bc\u03b5\u03af\u03c9\u03c3\u03b7:<\/strong> Este tour no es privado. Para un tour privado o simplemente avistamiento de ballenas sin Cayo Levantado, cont\u00e1ctenos.<\/p>\n<ul>\n<li>Avistamiento de ballenas<\/li>\n<li>Entradas al Observatorio<\/li>\n<li>Incluye almuerzo buffet en la playa.<\/li>\n<li>Transferencia de barco<\/li>\n<li>\u039f \u03ba\u03b1\u03c0\u03b5\u03c4\u03ac\u03bd\u03b9\u03bf\u03c2 \u03c0\u03b1\u03c1\u03ad\u03c7\u03b5\u03b9 \u03bf\u03b4\u03b7\u03b3\u03af\u03b5\u03c2 \u03ba\u03b1\u03b9 \u03b5\u03c0\u03af\u03b2\u03bb\u03b5\u03c8\u03b7.<\/li>\n<li>Gu\u00eda tur\u00edstico<\/li>\n<\/ul>\n<h3>\u03a3\u03c5\u03bc\u03c0\u03b5\u03c1\u03b9\u03bb\u03ae\u03c8\u03b5\u03b9\u03c2 \u03ba\u03b1\u03b9 \u03b5\u03be\u03b1\u03b9\u03c1\u03ad\u03c3\u03b5\u03b9\u03c2<\/h3>\n<h4>\u03a3\u03c5\u03bc\u03c0\u03b5\u03c1\u03b9\u03bb\u03ae\u03c8\u03b5\u03b9\u03c2<\/h4>\n<ol>\n<li>\u039c\u03b5\u03c3\u03b7\u03bc\u03b5\u03c1\u03b9\u03b1\u03bd\u03cc \u03c3\u03b5 \u03bc\u03c0\u03bf\u03c5\u03c6\u03ad \u03c3\u03c4\u03b7\u03bd \u03c0\u03b1\u03c1\u03b1\u03bb\u03af\u03b1.<\/li>\n<li>Gu\u00eda tur\u00edstico<\/li>\n<li>Catamar\u00e1n o paseo en barco<\/li>\n<li>\u038c\u03bb\u03bf\u03b9 \u03bf\u03b9 \u03c6\u03cc\u03c1\u03bf\u03b9, \u03c4\u03b1 \u03c4\u03ad\u03bb\u03b7 \u03ba\u03b1\u03b9 \u03c4\u03b1 \u03ad\u03be\u03bf\u03b4\u03b1 \u03b4\u03b9\u03b5\u03ba\u03c0\u03b5\u03c1\u03b1\u03af\u03c9\u03c3\u03b7\u03c2<\/li>\n<li>\u03a4\u03bf\u03c0\u03b9\u03ba\u03bf\u03af \u03c6\u03cc\u03c1\u03bf\u03b9<\/li>\n<li>\u03a0\u03bf\u03c4\u03ac<\/li>\n<\/ol>\n<h4>\u0395\u03be\u03b1\u03b9\u03c1\u03ad\u03c3\u03b5\u03b9\u03c2<\/h4>\n<ol>\n<li>\u0391\u03bd\u03b1\u03c4\u03c1\u03bf\u03c0\u03ae<\/li>\n<li>\u0391\u03c5\u03c4\u03bf\u03ba\u03af\u03bd\u03b7\u03c4\u03bf \u039c\u03b5\u03c4\u03b1\u03c6\u03bf\u03c1\u03ac\u03c2<\/li>\n<li>\u0391\u03bb\u03ba\u03bf\u03bf\u03bb\u03bf\u03cd\u03c7\u03b1 \u03c0\u03bf\u03c4\u03ac<\/li>\n<\/ol>\n<h3><em>\u0391\u03bd\u03b1\u03c7\u03ce\u03c1\u03b7\u03c3\u03b7 \u03ba\u03b1\u03b9 \u03b5\u03c0\u03b9\u03c3\u03c4\u03c1\u03bf\u03c6\u03ae<\/em><\/h3>\n<p>\u039f \u03c4\u03b1\u03be\u03b9\u03b4\u03b9\u03ce\u03c4\u03b7\u03c2 \u03b8\u03b1 \u03bb\u03ac\u03b2\u03b5\u03b9 \u03ad\u03bd\u03b1 \u03c3\u03b7\u03bc\u03b5\u03af\u03bf \u03c3\u03c5\u03bd\u03ac\u03bd\u03c4\u03b7\u03c3\u03b7\u03c2 \u03bc\u03b5\u03c4\u03ac \u03c4\u03b7 \u03b4\u03b9\u03b1\u03b4\u03b9\u03ba\u03b1\u03c3\u03af\u03b1 \u03ba\u03c1\u03ac\u03c4\u03b7\u03c3\u03b7\u03c2. \u039f\u03b9 \u03b5\u03ba\u03b4\u03c1\u03bf\u03bc\u03ad\u03c2 \u03be\u03b5\u03ba\u03b9\u03bd\u03bf\u03cd\u03bd \u03ba\u03b1\u03b9 \u03c4\u03b5\u03bb\u03b5\u03b9\u03ce\u03bd\u03bf\u03c5\u03bd \u03c3\u03c4\u03b1 \u03c3\u03b7\u03bc\u03b5\u03af\u03b1 \u03c3\u03c5\u03bd\u03ac\u03bd\u03c4\u03b7\u03c3\u03ae\u03c2 \u03bc\u03b1\u03c2.<\/p>\n<h3><em>\u03a4\u03b9 \u03bd\u03b1 \u03c0\u03b5\u03c1\u03b9\u03bc\u03ad\u03bd\u03b5\u03c4\u03b5;<\/em><\/h3>\n<p>Obtenga sus boletos para un d\u00eda de observaci\u00f3n de ballenas en la bah\u00eda de Saman\u00e1 y un maravilloso almuerzo y tiempo en la playa.<\/p>\n<p>Los viajes de avistamiento de ballenas est\u00e1n organizados por \u00abBooking Adventures\u00bb que comienza en el punto de encuentro establecido con el gu\u00eda tur\u00edstico. Almuerza en la playa y puedes quedarte todo el tiempo que quieras nadando. Si eres vegano, tambi\u00e9n podemos prepararte algo de comida.<\/p>\n<p><strong>\u03a0\u03c1\u03cc\u03b3\u03c1\u03b1\u03bc\u03bc\u03b1:<\/strong><\/p>\n<p>8:45 AM &#8211; 5:00 PM<\/p>\n<h3><em>\u03a4\u03b9 \u03c0\u03c1\u03ad\u03c0\u03b5\u03b9 \u03bd\u03b1 \u03c6\u03ad\u03c1\u03b5\u03c4\u03b5;<\/em><\/h3>\n<ol>\n<li>\u039a\u03ac\u03bc\u03b5\u03c1\u03b1<\/li>\n<li>\u0391\u03c0\u03c9\u03b8\u03b7\u03c4\u03b9\u03ba\u03ac<\/li>\n<li>\u03b1\u03bd\u03c4\u03b7\u03bb\u03b9\u03b1\u03ba\u03ae \u03ba\u03c1\u03ad\u03bc\u03b1<\/li>\n<li>\u039a\u03b1\u03c0\u03ad\u03bb\u03bf<\/li>\n<li>\u0386\u03bd\u03b5\u03c4\u03bf \u03c0\u03b1\u03bd\u03c4\u03b5\u03bb\u03cc\u03bd\u03b9<\/li>\n<li>\u03a3\u03b1\u03bd\u03b4\u03ac\u03bb\u03b9\u03b1 \u03c3\u03c4\u03b7\u03bd \u03c0\u03b1\u03c1\u03b1\u03bb\u03af\u03b1<\/li>\n<li>\u039a\u03bf\u03bb\u03c5\u03bc\u03b2\u03b7\u03c4\u03b9\u03ba\u03cc \u03ba\u03bf\u03c3\u03c4\u03bf\u03cd\u03bc\u03b9<\/li>\n<li>\u039c\u03b5\u03c4\u03c1\u03b7\u03c4\u03ac \u03b3\u03b9\u03b1 \u03b1\u03bd\u03b1\u03bc\u03bd\u03b7\u03c3\u03c4\u03b9\u03ba\u03ac<\/li>\n<\/ol>\n<h3><em>\u03a0\u03b1\u03c1\u03b1\u03bb\u03b1\u03b2\u03ae \u03b1\u03c0\u03cc \u03c4\u03bf \u03be\u03b5\u03bd\u03bf\u03b4\u03bf\u03c7\u03b5\u03af\u03bf<\/em><\/h3>\n<p>\u0397 \u03c0\u03b1\u03c1\u03b1\u03bb\u03b1\u03b2\u03ae \u03b1\u03c0\u03cc \u03c4\u03bf \u03be\u03b5\u03bd\u03bf\u03b4\u03bf\u03c7\u03b5\u03af\u03bf \u03b4\u03b5\u03bd \u03c0\u03c1\u03bf\u03c3\u03c6\u03ad\u03c1\u03b5\u03c4\u03b1\u03b9 \u03b3\u03b9\u03b1 \u03b1\u03c5\u03c4\u03ae \u03c4\u03b7\u03bd \u03b5\u03ba\u03b4\u03c1\u03bf\u03bc\u03ae.<\/p>\n<p><strong>\u03a3\u03b7\u03bc\u03b5\u03af\u03c9\u03c3\u03b7:<\/strong> \u0395\u03ac\u03bd \u03ba\u03ac\u03bd\u03b5\u03c4\u03b5 \u03ba\u03c1\u03ac\u03c4\u03b7\u03c3\u03b7 \u03b5\u03bd\u03c4\u03cc\u03c2 24 \u03c9\u03c1\u03ce\u03bd \u03b1\u03c0\u03cc \u03c4\u03b7\u03bd \u03ce\u03c1\u03b1 \u03b1\u03bd\u03b1\u03c7\u03ce\u03c1\u03b7\u03c3\u03b7\u03c2 \u03c4\u03b7\u03c2 \u03c0\u03b5\u03c1\u03b9\u03ae\u03b3\u03b7\u03c3\u03b7\u03c2\/\u03b5\u03ba\u03b4\u03c1\u03bf\u03bc\u03ae\u03c2, \u03bc\u03c0\u03bf\u03c1\u03bf\u03cd\u03bc\u03b5 \u03bd\u03b1 \u03ba\u03b1\u03bd\u03bf\u03bd\u03af\u03c3\u03bf\u03c5\u03bc\u03b5 \u03c4\u03b7\u03bd \u03c0\u03b1\u03c1\u03b1\u03bb\u03b1\u03b2\u03ae \u03c4\u03bf\u03c5 \u03be\u03b5\u03bd\u03bf\u03b4\u03bf\u03c7\u03b5\u03af\u03bf\u03c5 \u03bc\u03b5 \u03b5\u03c0\u03b9\u03c0\u03bb\u03ad\u03bf\u03bd \u03c7\u03c1\u03b5\u03ce\u03c3\u03b5\u03b9\u03c2. \u039c\u03cc\u03bb\u03b9\u03c2 \u03bf\u03bb\u03bf\u03ba\u03bb\u03b7\u03c1\u03c9\u03b8\u03b5\u03af \u03b7 \u03b1\u03b3\u03bf\u03c1\u03ac \u03c3\u03b1\u03c2, \u03b8\u03b1 \u03c3\u03b1\u03c2 \u03c3\u03c4\u03b5\u03af\u03bb\u03bf\u03c5\u03bc\u03b5 \u03c0\u03bb\u03ae\u03c1\u03b7 \u03c3\u03c4\u03bf\u03b9\u03c7\u03b5\u03af\u03b1 \u03b5\u03c0\u03b9\u03ba\u03bf\u03b9\u03bd\u03c9\u03bd\u03af\u03b1\u03c2 (\u03b1\u03c1\u03b9\u03b8\u03bc\u03cc\u03c2 \u03c4\u03b7\u03bb\u03b5\u03c6\u03ce\u03bd\u03bf\u03c5, \u03b4\u03b9\u03b5\u03cd\u03b8\u03c5\u03bd\u03c3\u03b7 email, \u03ba.\u03bb\u03c0.) \u03b3\u03b9\u03b1 \u03c4\u03bf\u03bd \u03c4\u03bf\u03c0\u03b9\u03ba\u03cc \u03bc\u03b1\u03c2 \u03be\u03b5\u03bd\u03b1\u03b3\u03cc \u03b3\u03b9\u03b1 \u03bd\u03b1 \u03ba\u03b1\u03bd\u03bf\u03bd\u03af\u03c3\u03bf\u03c5\u03bc\u03b5 \u03c4\u03b9\u03c2 \u03c1\u03c5\u03b8\u03bc\u03af\u03c3\u03b5\u03b9\u03c2 \u03c0\u03b1\u03c1\u03b1\u03bb\u03b1\u03b2\u03ae\u03c2.<\/p>\n<h3><em>\u0395\u03c0\u03b9\u03b2\u03b5\u03b2\u03b1\u03af\u03c9\u03c3\u03b7 \u03c0\u03c1\u03cc\u03c3\u03b8\u03b5\u03c4\u03c9\u03bd \u03c0\u03bb\u03b7\u03c1\u03bf\u03c6\u03bf\u03c1\u03b9\u03ce\u03bd<\/em><\/h3>\n<ul>\n<li>\u03a4\u03b1 \u03b5\u03b9\u03c3\u03b9\u03c4\u03ae\u03c1\u03b9\u03b1 \u03b5\u03af\u03bd\u03b1\u03b9 \u0391\u03c0\u03cc\u03b4\u03b5\u03b9\u03be\u03b7 \u03bc\u03b5\u03c4\u03ac \u03c4\u03b7\u03bd \u03c0\u03bb\u03b7\u03c1\u03c9\u03bc\u03ae \u03b3\u03b9\u03b1 \u03b1\u03c5\u03c4\u03ae \u03c4\u03b7\u03bd \u03a0\u03b5\u03c1\u03b9\u03ae\u03b3\u03b7\u03c3\u03b7. \u039c\u03c0\u03bf\u03c1\u03b5\u03af\u03c4\u03b5 \u03bd\u03b1 \u03b4\u03b5\u03af\u03be\u03b5\u03c4\u03b5 \u03c4\u03b7\u03bd \u03c0\u03bb\u03b7\u03c1\u03c9\u03bc\u03ae \u03c3\u03c4\u03bf \u03c4\u03b7\u03bb\u03ad\u03c6\u03c9\u03bd\u03cc \u03c3\u03b1\u03c2.<\/li>\n<li>\u03a4\u03bf \u03c3\u03b7\u03bc\u03b5\u03af\u03bf \u03c3\u03c5\u03bd\u03ac\u03bd\u03c4\u03b7\u03c3\u03b7\u03c2 \u03b8\u03b1 \u03bb\u03ac\u03b2\u03b5\u03c4\u03b5 \u03bc\u03b5\u03c4\u03ac \u03c4\u03b7 \u03b4\u03b9\u03b1\u03b4\u03b9\u03ba\u03b1\u03c3\u03af\u03b1 \u03ba\u03c1\u03ac\u03c4\u03b7\u03c3\u03b7\u03c2.<\/li>\n<li>\u03a4\u03b1 \u03c0\u03b1\u03b9\u03b4\u03b9\u03ac \u03c0\u03c1\u03ad\u03c0\u03b5\u03b9 \u03bd\u03b1 \u03c3\u03c5\u03bd\u03bf\u03b4\u03b5\u03cd\u03bf\u03bd\u03c4\u03b1\u03b9 \u03b1\u03c0\u03cc \u03b5\u03bd\u03ae\u03bb\u03b9\u03ba\u03b1.<\/li>\n<li>Accesible para sillas de ruedas<\/li>\n<li>\u03a4\u03b1 \u03b2\u03c1\u03ad\u03c6\u03b7 \u03c0\u03c1\u03ad\u03c0\u03b5\u03b9 \u03bd\u03b1 \u03ba\u03ac\u03b8\u03bf\u03bd\u03c4\u03b1\u03b9 \u03c3\u03c4\u03b7\u03bd \u03b1\u03b3\u03ba\u03b1\u03bb\u03b9\u03ac<\/li>\n<li>\u039f\u03b9 \u03c0\u03b5\u03c1\u03b9\u03c3\u03c3\u03cc\u03c4\u03b5\u03c1\u03bf\u03b9 \u03c4\u03b1\u03be\u03b9\u03b4\u03b9\u03ce\u03c4\u03b5\u03c2 \u03bc\u03c0\u03bf\u03c1\u03bf\u03cd\u03bd \u03bd\u03b1 \u03c3\u03c5\u03bc\u03bc\u03b5\u03c4\u03ac\u03c3\u03c7\u03bf\u03c5\u03bd.<\/li>\n<\/ul>\n<h3><em><strong>\u03a0\u03bf\u03bb\u03b9\u03c4\u03b9\u03ba\u03ae \u03b1\u03ba\u03cd\u03c1\u03c9\u03c3\u03b7\u03c2<\/strong><\/em><\/h3>\n<p>\u0393\u03b9\u03b1 \u03c0\u03bb\u03ae\u03c1\u03b7 \u03b5\u03c0\u03b9\u03c3\u03c4\u03c1\u03bf\u03c6\u03ae \u03c7\u03c1\u03b7\u03bc\u03ac\u03c4\u03c9\u03bd, \u03c0\u03b1\u03c1\u03b1\u03ba\u03b1\u03bb\u03b5\u03af\u03c3\u03c4\u03b5 \u03bd\u03b1 \u03c4\u03bf \u03b1\u03ba\u03c5\u03c1\u03ce\u03c3\u03b5\u03c4\u03b5 \u03c4\u03bf\u03c5\u03bb\u03ac\u03c7\u03b9\u03c3\u03c4\u03bf\u03bd 24 \u03ce\u03c1\u03b5\u03c2 \u03c0\u03c1\u03b9\u03bd \u03b1\u03c0\u03cc \u03c4\u03b7\u03bd \u03b7\u03bc\u03b5\u03c1\u03bf\u03bc\u03b7\u03bd\u03af\u03b1 \u03ad\u03bd\u03b1\u03c1\u03be\u03b7\u03c2 \u03c4\u03b7\u03c2 \u03b5\u03bc\u03c0\u03b5\u03b9\u03c1\u03af\u03b1\u03c2.<\/p>\n\n\t\t<\/div>\n\t<\/div>\n<\/div><\/div><\/div><\/div><div class=\"vc_row wpb_row vc_row-fluid\" ><div class=\"wpb_column vc_column_container vc_col-sm-12\"><div class=\"vc_column-inner\"><div class=\"wpb_wrapper\"><div class=\"vc_empty_space\"   style=\"height: 32px\"><span class=\"vc_empty_space_inner\"><\/span><\/div>\n\t<div class=\"wpb_video_widget wpb_content_element vc_clearfix   vc_video-aspect-ratio-169 vc_video-el-width-100 vc_video-align-left\" >\n\t\t<div class=\"wpb_wrapper\">\n\t\t\t\n\t\t\t<div class=\"wpb_video_wrapper\"><iframe loading=\"lazy\" title=\"Whales Watching Samana Bay Dominican Republic\" src=\"https:\/\/player.vimeo.com\/video\/337838231?dnt=1&amp;app_id=122963\" width=\"1100\" height=\"619\" frameborder=\"0\" allow=\"autoplay; fullscreen\" allowfullscreen><\/iframe><\/div>\n\t\t<\/div>\n\t<\/div>\n<div class=\"vc_empty_space\"   style=\"height: 32px\"><span class=\"vc_empty_space_inner\"><\/span><\/div><\/div><\/div><\/div><\/div><div class=\"vc_row wpb_row vc_row-fluid\" ><div class=\"wpb_column vc_column_container vc_col-sm-12\"><div class=\"vc_column-inner\"><div class=\"wpb_wrapper\"><div class=\"vc_empty_space\"   style=\"height: 32px\"><span class=\"vc_empty_space_inner\"><\/span><\/div>\n\t<div class=\"wpb_text_column wpb_content_element\" >\n\t\t<div class=\"wpb_wrapper\">\n\t\t\t<h4>\u00a1Cont\u00e1ctenos!<\/h4>\n<h5>Reserva de aventuras<\/h5>\n<p><em>\u03a4\u03b1\u03be\u03b9\u03b4\u03b9\u03c9\u03c4\u03b9\u03ba\u03bf\u03af \u03bf\u03b4\u03b7\u03b3\u03bf\u03af <strong>\u03c4\u03bf\u03c0\u03b9\u03ba\u03cc\u03c2<\/strong> \u03ba\u03b1\u03b9 <strong>\u03b5\u03b8\u03bd\u03b9\u03ba\u03cc\u03c2<\/strong> \u03ba\u03b1\u03b9 \u03c5\u03c0\u03b7\u03c1\u03b5\u03c3\u03af\u03b5\u03c2 \u03b5\u03c0\u03b9\u03c3\u03ba\u03b5\u03c0\u03c4\u03ce\u03bd<\/em><\/p>\n<p>\u039a\u03c1\u03b1\u03c4\u03ae\u03c3\u03b5\u03b9\u03c2: \u0395\u03ba\u03b4\u03c1\u03bf\u03bc\u03ad\u03c2 \u03ba\u03b1\u03b9 \u03c0\u03b5\u03c1\u03b9\u03b7\u03b3\u03ae\u03c3\u03b5\u03b9\u03c2 \u03c3\u03c4\u03b7\u03bd Dom. Rep.<\/p>\n<p>\u03a4\u03b7\u03bb\/Whatsapp +1-809-720-6035.<\/p>\n<p>info@bookingadventures.com.do<\/p>\n<p>Hacemos flexibles Configurando tours privados por <strong>WhatsApp:\u00a0<a href=\"tel:+18097206035\">+18097206035.<\/a><\/strong><\/p>\n\n\t\t<\/div>\n\t<\/div>\n<div class=\"vc_empty_space\"   style=\"height: 32px\"><span class=\"vc_empty_space_inner\"><\/span><\/div><\/div><\/div><\/div><\/div>","protected":false},"excerpt":{"rendered":"<p>Avistamiento de ballenas de Saman\u00e1 + recorrido por Cayo Levantado desde el puerto de Saman\u00e1 con gu\u00eda local naturalista. Visitando las ballenas jorobadas en el santuario y despu\u00e9s de la observaci\u00f3n de ballenas en la Bah\u00eda de Saman\u00e1, visite la isla de Bacard\u00ed para un almuerzo y tiempo en la playa.<\/p>\n<p>Despu\u00e9s de este viaje, lo llevaremos de regreso al punto de encuentro donde comenzamos.<\/p>\n<p><strong>Seleccione uno de los d\u00edas disponibles para esta excursi\u00f3n:<\/strong><\/p>","protected":false},"featured_media":254,"template":"","meta":[],"product_brand":[],"product_cat":[122,443,124,232],"product_tag":[137,139,233,225,147,148,143,234,235,236,237,238],"class_list":{"0":"post-610","1":"product","2":"type-product","3":"status-publish","4":"has-post-thumbnail","6":"product_cat-tours-and-excursions","7":"product_cat-tours-y-excursiones-es","8":"product_cat-tours-excursions-samana-bay-dominican-republic","9":"product_cat-whale-watching-samana","10":"product_tag-bacardi-island","11":"product_tag-cayo-levantado","12":"product_tag-las-galeras","13":"product_tag-las-terrenas","14":"product_tag-samana-bay","15":"product_tag-samana-excursions","16":"product_tag-samana-tours","17":"product_tag-whale-samana","18":"product_tag-whale-tours","19":"product_tag-whale-watching-dominican-republic","20":"product_tag-whale-watching-excursion","21":"product_tag-whale-watching-samana","23":"first","24":"instock","25":"sale","26":"sold-individually","27":"shipping-taxable","28":"product-type-external"},"_links":{"self":[{"href":"https:\/\/haitises.com\/el\/wp-json\/wp\/v2\/product\/610","targetHints":{"allow":["GET"]}}],"collection":[{"href":"https:\/\/haitises.com\/el\/wp-json\/wp\/v2\/product"}],"about":[{"href":"https:\/\/haitises.com\/el\/wp-json\/wp\/v2\/types\/product"}],"wp:featuredmedia":[{"embeddable":true,"href":"https:\/\/haitises.com\/el\/wp-json\/wp\/v2\/media\/254"}],"wp:attachment":[{"href":"https:\/\/haitises.com\/el\/wp-json\/wp\/v2\/media?parent=610"}],"wp:term":[{"taxonomy":"product_brand","embeddable":true,"href":"https:\/\/haitises.com\/el\/wp-json\/wp\/v2\/product_brand?post=610"},{"taxonomy":"product_cat","embeddable":true,"href":"https:\/\/haitises.com\/el\/wp-json\/wp\/v2\/product_cat?post=610"},{"taxonomy":"product_tag","embeddable":true,"href":"https:\/\/haitises.com\/el\/wp-json\/wp\/v2\/product_tag?post=610"}],"curies":[{"name":"wp","href":"https:\/\/api.w.org\/{rel}","templated":true}]}}