{"id":11703,"date":"2023-10-04T07:40:35","date_gmt":"2023-10-04T07:40:35","guid":{"rendered":"http:\/\/haitises.com\/?post_type=product&#038;p=11703"},"modified":"2024-03-28T15:42:36","modified_gmt":"2024-03-28T15:42:36","slug":"\u03b5\u03ba\u03b4\u03c1\u03bf\u03bc\u03ae-\u03c6\u03ac\u03bb\u03b1\u03b9\u03bd\u03b1-\u03c0\u03b1\u03c1\u03b1\u03ba\u03bf\u03bb\u03bf\u03cd\u03b8\u03b7\u03c3\u03b7-samana-bay-cano-hondo-los-haitises","status":"publish","type":"product","link":"https:\/\/haitises.com\/el\/private\/\u03b5\u03ba\u03b4\u03c1\u03bf\u03bc\u03ae-\u03c6\u03ac\u03bb\u03b1\u03b9\u03bd\u03b1-\u03c0\u03b1\u03c1\u03b1\u03ba\u03bf\u03bb\u03bf\u03cd\u03b8\u03b7\u03c3\u03b7-samana-bay-cano-hondo-los-haitises\/","title":{"rendered":"\u0395\u03ba\u03b4\u03c1\u03bf\u03bc\u03ae \u03c6\u03ac\u03bb\u03b1\u03b9\u03bd\u03b1\u03c2 \u03c0\u03bf\u03c5 \u03c0\u03b1\u03c1\u03b1\u03ba\u03bf\u03bb\u03bf\u03c5\u03b8\u03b5\u03af \u03c4\u03bf\u03bd \u03ba\u03cc\u03bb\u03c0\u03bf Saman\u00e1 + Ca\u00f1o Hondo + Los Haitises \u03b1\u03c0\u03cc \u03c4\u03bf \u03bb\u03b9\u03bc\u03ac\u03bd\u03b9 Saman\u00e1"},"content":{"rendered":"<div class=\"vc_row wpb_row vc_row-fluid\" ><\/div><div class=\"wpb_column vc_column_container vc_col-sm-12\"><div class=\"vc_column-inner\"><div class=\"wpb_wrapper\"><\/div><\/div><\/div>[mkdf_section_title title_tag=\u00bb\u00bb disable_break_words=\u00bbno\u00bb subtitle_tag=\u00bb\u00bb subtitle=\u00bbTours &amp; Excursions\u00bb title=\u00bbExcursion Whale Watching Samana bay + Cano Hondo + Los Haitises from Samana port\u00bb]\n\t<div class=\"wpb_text_column wpb_content_element\" >\n\t\t<div class=\"wpb_wrapper\">\n\t\t\t<div class=\"vc_row wpb_row vc_row-fluid\">\n<div class=\"wpb_column vc_column_container vc_col-sm-12\">\n<div class=\"vc_column-inner\">\n<div class=\"wpb_wrapper\">\n<div class=\"wpb_text_column wpb_content_element\">\n<div class=\"wpb_wrapper\">\n<h3><\/h3>\n<p>Whale watching in Saman\u00e1 starts from Saman\u00e1 port after Whale watching we will across the bay to visit Ca\u00f1o Hondo Natural pools plus Lunch and Full trip in Los Haitises National Park.<\/p>\n<p>This Trip will start at 9:00 Am and Finish at 5:00 Pm. Meeting before in Our Office. After aborting our Private Boat to visit Whales in their own habitat. From 9:00 Am until 11:00 am Whale observatory and After this Whale watching trip we will visit Ca\u00f1o Hondo for Lunch plus swimming in natural pools and finishing with a full trip to Los Haitises National Park. This excursion will end at the same port from where will start at 5:00 pm.<\/p>\n<p><strong>Note: This is a Private excursion.\u00a0<\/strong><\/p>\n<ul>\n<li>\u03a4\u03b1\u03be\u03af\u03b4\u03b9 \u03c0\u03b1\u03c1\u03b1\u03ba\u03bf\u03bb\u03bf\u03cd\u03b8\u03b7\u03c3\u03b7\u03c2 \u03c6\u03b1\u03bb\u03b1\u03b9\u03bd\u03ce\u03bd<\/li>\n<li>Los haitises national park Tour<\/li>\n<li>Ca\u00f1o Hondo, Lunch and Pools<\/li>\n<li>\u0395\u03af\u03c3\u03bf\u03b4\u03bf\u03b9 \u03c3\u03c4\u03bf \u03a0\u03b1\u03c1\u03b1\u03c4\u03b7\u03c1\u03b7\u03c4\u03ae\u03c1\u03b9\u03bf<\/li>\n<li>\u039c\u03b5\u03c4\u03b1\u03c6\u03bf\u03c1\u03ac \u03bc\u03b5 \u03c3\u03ba\u03ac\u03c6\u03bf\u03c2<\/li>\n<li>\u039f \u03ba\u03b1\u03c0\u03b5\u03c4\u03ac\u03bd\u03b9\u03bf\u03c2 \u03c0\u03b1\u03c1\u03ad\u03c7\u03b5\u03b9 \u03bf\u03b4\u03b7\u03b3\u03af\u03b5\u03c2 \u03ba\u03b1\u03b9 \u03b5\u03c0\u03af\u03b2\u03bb\u03b5\u03c8\u03b7<\/li>\n<li>\u039e\u03b5\u03bd\u03b1\u03b3\u03cc\u03c2<\/li>\n<\/ul>\n<p>&nbsp;<\/p>\n<h4><b>\u03a3\u03c5\u03bc\u03c0\u03b5\u03c1\u03b9\u03bb\u03ae\u03c8\u03b5\u03b9\u03c2 &amp; \u03b5\u03be\u03b1\u03b9\u03c1\u03ad\u03c3\u03b5\u03b9\u03c2<\/b><\/h4>\n<p>&nbsp;<\/p>\n<p><b>\u03a3\u03c5\u03bc\u03c0\u03b5\u03c1\u03b9\u03bb\u03ae\u03c8\u03b5\u03b9\u03c2<\/b><\/p>\n<ol>\n<li>Buffet lunch at Ca\u00f1o Hondo<\/li>\n<li>\u03a6\u03c5\u03c3\u03b9\u03ba\u03ad\u03c2 \u03c0\u03b9\u03c3\u03af\u03bd\u03b5\u03c2<\/li>\n<li>Whale watching Saman\u00e1 bay<\/li>\n<li>Los Haitises National Park, Caves, Mangroves and San Lorenzo Bay<\/li>\n<li>\u039e\u03b5\u03bd\u03b1\u03b3\u03cc\u03c2<\/li>\n<li>\u03a4\u03b1\u03be\u03af\u03b4\u03b9 \u03bc\u03b5 \u03ba\u03b1\u03c4\u03b1\u03bc\u03b1\u03c1\u03ac\u03bd \u03ae \u03bc\u03b5 \u03c3\u03ba\u03ac\u03c6\u03bf\u03c2<\/li>\n<li>\u038c\u03bb\u03bf\u03b9 \u03bf\u03b9 \u03c6\u03cc\u03c1\u03bf\u03b9, \u03c4\u03b1 \u03c4\u03ad\u03bb\u03b7 \u03ba\u03b1\u03b9 \u03bf\u03b9 \u03c7\u03c1\u03b5\u03ce\u03c3\u03b5\u03b9\u03c2 \u03c7\u03b5\u03b9\u03c1\u03b9\u03c3\u03bc\u03bf\u03cd<\/li>\n<li>\u03a4\u03bf\u03c0\u03b9\u03ba\u03bf\u03af \u03c6\u03cc\u03c1\u03bf\u03b9<\/li>\n<li>\u03a0\u03bf\u03c4\u03ac<\/li>\n<\/ol>\n<p><b>\u0395\u03be\u03b1\u03b9\u03c1\u03ad\u03c3\u03b5\u03b9\u03c2<\/b><\/p>\n<ol>\n<li>\u03a6\u03b9\u03bb\u03bf\u03b4\u03c9\u03c1\u03ae\u03bc\u03b1\u03c4\u03b1<\/li>\n<li>\u0391\u03c5\u03c4\u03bf\u03ba\u03af\u03bd\u03b7\u03c4\u03bf \u039c\u03b5\u03c4\u03b1\u03c6\u03bf\u03c1\u03ac\u03c2<\/li>\n<li>\u0391\u03bb\u03ba\u03bf\u03bf\u03bb\u03bf\u03cd\u03c7\u03b1 \u03c0\u03bf\u03c4\u03ac<\/li>\n<\/ol>\n<p>&nbsp;<\/p>\n<h4><em><strong>\u0391\u03bd\u03b1\u03c7\u03ce\u03c1\u03b7\u03c3\u03b7 &amp; \u0395\u03c0\u03b9\u03c3\u03c4\u03c1\u03bf\u03c6\u03ae<\/strong><\/em><\/h4>\n<p>\u039f \u03c4\u03b1\u03be\u03b9\u03b4\u03b9\u03ce\u03c4\u03b7\u03c2 \u03b8\u03b1 \u03bb\u03ac\u03b2\u03b5\u03b9 \u03ad\u03bd\u03b1 \u03c3\u03b7\u03bc\u03b5\u03af\u03bf \u03c3\u03c5\u03bd\u03ac\u03bd\u03c4\u03b7\u03c3\u03b7\u03c2 \u03bc\u03b5\u03c4\u03ac \u03c4\u03b7 \u03b4\u03b9\u03b1\u03b4\u03b9\u03ba\u03b1\u03c3\u03af\u03b1 \u03ba\u03c1\u03ac\u03c4\u03b7\u03c3\u03b7\u03c2. \u039f\u03b9 \u03b5\u03ba\u03b4\u03c1\u03bf\u03bc\u03ad\u03c2 \u03be\u03b5\u03ba\u03b9\u03bd\u03bf\u03cd\u03bd \u03ba\u03b1\u03b9 \u03c4\u03b5\u03bb\u03b5\u03b9\u03ce\u03bd\u03bf\u03c5\u03bd \u03c3\u03c4\u03b1 \u03c3\u03b7\u03bc\u03b5\u03af\u03b1 \u03c3\u03c5\u03bd\u03ac\u03bd\u03c4\u03b7\u03c3\u03ae\u03c2 \u03bc\u03b1\u03c2.<\/p>\n<p>&nbsp;<\/p>\n<h4><b><i>\u03a4\u03b9 \u03bd\u03b1 \u03c0\u03b5\u03c1\u03b9\u03bc\u03ad\u03bd\u03b5\u03c4\u03b5;<\/i><\/b><\/h4>\n<p>&nbsp;<\/p>\n<p><em><strong>\u03a0\u03ac\u03c1\u03c4\u03b5 \u03c4\u03b1 \u03b5\u03b9\u03c3\u03b9\u03c4\u03ae\u03c1\u03b9\u03ac \u03c3\u03b1\u03c2<\/strong><\/em> for a day Whale Watching tour in Samana bay plus a wonderful lunch and beach time and visiting Los Haitises National Park.<\/p>\n<p>\u03a4\u03bf Daypass \u03b3\u03b9\u03b1 \u03c0\u03b1\u03c1\u03b1\u03c4\u03ae\u03c1\u03b7\u03c3\u03b7 \u03c6\u03b1\u03bb\u03b1\u03b9\u03bd\u03ce\u03bd, \u03c0\u03bf\u03c5 \u03b4\u03b9\u03bf\u03c1\u03b3\u03b1\u03bd\u03ce\u03bd\u03b5\u03c4\u03b1\u03b9 \u03b1\u03c0\u03cc \u03c4\u03b7\u03bd \u00abBooking Adventures\u00bb \u03be\u03b5\u03ba\u03b9\u03bd\u03ac \u03b1\u03c0\u03cc \u03c4\u03bf \u03c3\u03b7\u03bc\u03b5\u03af\u03bf \u03c3\u03c5\u03bd\u03ac\u03bd\u03c4\u03b7\u03c3\u03b7\u03c2 \u03c0\u03bf\u03c5 \u03ad\u03c7\u03b5\u03b9 \u03bf\u03c1\u03b9\u03c3\u03c4\u03b5\u03af \u03bc\u03b5 \u03c4\u03bf\u03bd \u03be\u03b5\u03bd\u03b1\u03b3\u03cc. \u0393\u03b5\u03cd\u03bc\u03b1 \u03c3\u03c4\u03b7\u03bd \u03c0\u03b1\u03c1\u03b1\u03bb\u03af\u03b1 \u03ba\u03b1\u03b9 \u03bc\u03c0\u03bf\u03c1\u03b5\u03af\u03c4\u03b5 \u03bd\u03b1 \u03bc\u03b5\u03af\u03bd\u03b5\u03c4\u03b5 \u03cc\u03c3\u03bf \u03b8\u03ad\u03bb\u03b5\u03c4\u03b5 \u03b3\u03b9\u03b1 \u03bc\u03c0\u03ac\u03bd\u03b9\u03bf. \u0395\u03ac\u03bd \u03b5\u03af\u03c3\u03c4\u03b5 \u03b2\u03af\u03b3\u03ba\u03b1\u03bd, \u03bc\u03c0\u03bf\u03c1\u03bf\u03cd\u03bc\u03b5 \u03b5\u03c0\u03af\u03c3\u03b7\u03c2 \u03bd\u03b1 \u03bf\u03c1\u03af\u03c3\u03bf\u03c5\u03bc\u03b5 \u03bb\u03af\u03b3\u03bf \u03c6\u03b1\u03b3\u03b7\u03c4\u03cc \u03b3\u03b9\u03b1 \u03b5\u03c3\u03ac\u03c2.<\/p>\n<p><strong>\u03a7\u03a1\u039f\u039d\u039f\u0394\u0399\u0391\u0393\u03a1\u0391\u039c\u039c\u0391:<\/strong><\/p>\n<p>8:45 \u03c0.\u03bc. \u2013 5:00 \u03bc.\u03bc<\/p>\n<p>&nbsp;<\/p>\n<h4><em><strong>\u03a4\u03b9 \u03c0\u03c1\u03ad\u03c0\u03b5\u03b9 \u03bd\u03b1 \u03c6\u03ad\u03c1\u03b5\u03c4\u03b5;<\/strong><\/em><\/h4>\n<ul>\n<li>\u039a\u03ac\u03bc\u03b5\u03c1\u03b1<\/li>\n<li>\u0391\u03c0\u03bf\u03c4\u03c1\u03b5\u03c0\u03c4\u03b9\u03ba\u03ac \u03bc\u03c0\u03bf\u03c5\u03bc\u03c0\u03bf\u03cd\u03ba\u03b9\u03b1<\/li>\n<li>\u03b1\u03bd\u03c4\u03b7\u03bb\u03b9\u03b1\u03ba\u03ae \u03ba\u03c1\u03ad\u03bc\u03b1<\/li>\n<li>\u039a\u03b1\u03c0\u03ad\u03bb\u03bf<\/li>\n<li>\u0386\u03bd\u03b5\u03c4\u03bf \u03c0\u03b1\u03bd\u03c4\u03b5\u03bb\u03cc\u03bd\u03b9<\/li>\n<li>\u03a3\u03b1\u03bd\u03b4\u03ac\u03bb\u03b9\u03b1 \u03c3\u03c4\u03b7\u03bd \u03c0\u03b1\u03c1\u03b1\u03bb\u03af\u03b1<\/li>\n<li>\u0388\u03bd\u03b4\u03c5\u03c3\u03b7 \u03ba\u03bf\u03bb\u03cd\u03bc\u03b2\u03b7\u03c3\u03b7\u03c2<\/li>\n<li>\u039c\u03b5\u03c4\u03c1\u03b7\u03c4\u03ac \u03b3\u03b9\u03b1 \u03b1\u03bd\u03b1\u03bc\u03bd\u03b7\u03c3\u03c4\u03b9\u03ba\u03ac<\/li>\n<\/ul>\n<p>&nbsp;<\/p>\n<h4><b><i>\u03a0\u03b1\u03c1\u03b1\u03bb\u03b1\u03b2\u03ae \u03be\u03b5\u03bd\u03bf\u03b4\u03bf\u03c7\u03b5\u03af\u03bf\u03c5<\/i><\/b><\/h4>\n<p>\u0397 \u03c0\u03b1\u03c1\u03b1\u03bb\u03b1\u03b2\u03ae \u03b1\u03c0\u03cc \u03c4\u03bf \u03be\u03b5\u03bd\u03bf\u03b4\u03bf\u03c7\u03b5\u03af\u03bf \u03b4\u03b5\u03bd \u03c0\u03c1\u03bf\u03c3\u03c6\u03ad\u03c1\u03b5\u03c4\u03b1\u03b9 \u03b3\u03b9\u03b1 \u03b1\u03c5\u03c4\u03ae \u03c4\u03b7\u03bd \u03b5\u03ba\u03b4\u03c1\u03bf\u03bc\u03ae.<\/p>\n<p>&nbsp;<\/p>\n<p><b>\u03a3\u03b7\u03bc\u03b5\u03af\u03c9\u03c3\u03b7:<\/b>\u00a0\u0395\u03ac\u03bd \u03ba\u03ac\u03bd\u03b5\u03c4\u03b5 \u03ba\u03c1\u03ac\u03c4\u03b7\u03c3\u03b7 \u03b5\u03bd\u03c4\u03cc\u03c2 24 \u03c9\u03c1\u03ce\u03bd \u03b1\u03c0\u03cc \u03c4\u03b7\u03bd \u03ce\u03c1\u03b1 \u03b1\u03bd\u03b1\u03c7\u03ce\u03c1\u03b7\u03c3\u03b7\u03c2 \u03c4\u03b7\u03c2 \u03c0\u03b5\u03c1\u03b9\u03ae\u03b3\u03b7\u03c3\u03b7\u03c2\/\u03b5\u03ba\u03b4\u03c1\u03bf\u03bc\u03ae\u03c2, \u03bc\u03c0\u03bf\u03c1\u03bf\u03cd\u03bc\u03b5 \u03bd\u03b1 \u03ba\u03b1\u03bd\u03bf\u03bd\u03af\u03c3\u03bf\u03c5\u03bc\u03b5 \u03c4\u03b7\u03bd \u03c0\u03b1\u03c1\u03b1\u03bb\u03b1\u03b2\u03ae \u03c4\u03bf\u03c5 \u03be\u03b5\u03bd\u03bf\u03b4\u03bf\u03c7\u03b5\u03af\u03bf\u03c5 \u03bc\u03b5 \u03b5\u03c0\u03b9\u03c0\u03bb\u03ad\u03bf\u03bd \u03c7\u03c1\u03b5\u03ce\u03c3\u03b5\u03b9\u03c2. \u039c\u03cc\u03bb\u03b9\u03c2 \u03bf\u03bb\u03bf\u03ba\u03bb\u03b7\u03c1\u03c9\u03b8\u03b5\u03af \u03b7 \u03b1\u03b3\u03bf\u03c1\u03ac \u03c3\u03b1\u03c2, \u03b8\u03b1 \u03c3\u03b1\u03c2 \u03c3\u03c4\u03b5\u03af\u03bb\u03bf\u03c5\u03bc\u03b5 \u03c0\u03bb\u03ae\u03c1\u03b7 \u03c3\u03c4\u03bf\u03b9\u03c7\u03b5\u03af\u03b1 \u03b5\u03c0\u03b9\u03ba\u03bf\u03b9\u03bd\u03c9\u03bd\u03af\u03b1\u03c2 (\u03b1\u03c1\u03b9\u03b8\u03bc\u03cc\u03c2 \u03c4\u03b7\u03bb\u03b5\u03c6\u03ce\u03bd\u03bf\u03c5, \u03b4\u03b9\u03b5\u03cd\u03b8\u03c5\u03bd\u03c3\u03b7 email, \u03ba.\u03bb\u03c0.) \u03b3\u03b9\u03b1 \u03c4\u03bf\u03bd \u03c4\u03bf\u03c0\u03b9\u03ba\u03cc \u03bc\u03b1\u03c2 \u03be\u03b5\u03bd\u03b1\u03b3\u03cc \u03b3\u03b9\u03b1 \u03bd\u03b1 \u03bf\u03c1\u03b3\u03b1\u03bd\u03ce\u03c3\u03bf\u03c5\u03bc\u03b5 \u03c4\u03b9\u03c2 \u03c1\u03c5\u03b8\u03bc\u03af\u03c3\u03b5\u03b9\u03c2 \u03c0\u03b1\u03c1\u03b1\u03bb\u03b1\u03b2\u03ae\u03c2.<\/p>\n<h4><b><i>\u0395\u03c0\u03b9\u03b2\u03b5\u03b2\u03b1\u03af\u03c9\u03c3\u03b7 \u03c0\u03c1\u03cc\u03c3\u03b8\u03b5\u03c4\u03c9\u03bd \u03c0\u03bb\u03b7\u03c1\u03bf\u03c6\u03bf\u03c1\u03b9\u03ce\u03bd<\/i><\/b><\/h4>\n<ol>\n<li>\u03a4\u03b1 \u03b5\u03b9\u03c3\u03b9\u03c4\u03ae\u03c1\u03b9\u03b1 \u03b5\u03af\u03bd\u03b1\u03b9 \u03b7 \u03b1\u03c0\u03cc\u03b4\u03b5\u03b9\u03be\u03b7 \u03bc\u03b5\u03c4\u03ac \u03c4\u03b7\u03bd \u03c0\u03bb\u03b7\u03c1\u03c9\u03bc\u03ae \u03b1\u03c5\u03c4\u03ae\u03c2 \u03c4\u03b7\u03c2 \u03c0\u03b5\u03c1\u03b9\u03bf\u03b4\u03b5\u03af\u03b1\u03c2. \u039c\u03c0\u03bf\u03c1\u03b5\u03af\u03c4\u03b5 \u03bd\u03b1 \u03b4\u03b5\u03af\u03be\u03b5\u03c4\u03b5 \u03c4\u03b7\u03bd \u03c0\u03bb\u03b7\u03c1\u03c9\u03bc\u03ae \u03c3\u03c4\u03bf \u03c4\u03b7\u03bb\u03ad\u03c6\u03c9\u03bd\u03cc \u03c3\u03b1\u03c2.<\/li>\n<li>\u03a4\u03bf \u03c3\u03b7\u03bc\u03b5\u03af\u03bf \u03c3\u03c5\u03bd\u03ac\u03bd\u03c4\u03b7\u03c3\u03b7\u03c2 \u03b8\u03b1 \u03bb\u03b7\u03c6\u03b8\u03b5\u03af \u03bc\u03b5\u03c4\u03ac \u03c4\u03b7 \u03b4\u03b9\u03b1\u03b4\u03b9\u03ba\u03b1\u03c3\u03af\u03b1 \u03ba\u03c1\u03ac\u03c4\u03b7\u03c3\u03b7\u03c2.<\/li>\n<li>\u03a4\u03b1 \u03c0\u03b1\u03b9\u03b4\u03b9\u03ac \u03c0\u03c1\u03ad\u03c0\u03b5\u03b9 \u03bd\u03b1 \u03c3\u03c5\u03bd\u03bf\u03b4\u03b5\u03cd\u03bf\u03bd\u03c4\u03b1\u03b9 \u03b1\u03c0\u03cc \u03b5\u03bd\u03ae\u03bb\u03b9\u03ba\u03b1.<\/li>\n<li>\u03c0\u03c1\u03bf\u03c3\u03b2\u03ac\u03c3\u03b9\u03bc\u03bf \u03bc\u03b5 \u03b1\u03bd\u03b1\u03c0\u03b7\u03c1\u03b9\u03ba\u03cc \u03ba\u03b1\u03c1\u03cc\u03c4\u03c3\u03b9<\/li>\n<li>\u03a4\u03b1 \u03b2\u03c1\u03ad\u03c6\u03b7 \u03c0\u03c1\u03ad\u03c0\u03b5\u03b9 \u03bd\u03b1 \u03ba\u03ac\u03b8\u03bf\u03bd\u03c4\u03b1\u03b9 \u03c3\u03c4\u03b7\u03bd \u03b1\u03b3\u03ba\u03b1\u03bb\u03b9\u03ac<\/li>\n<li>\u039f\u03b9 \u03c0\u03b5\u03c1\u03b9\u03c3\u03c3\u03cc\u03c4\u03b5\u03c1\u03bf\u03b9 \u03c4\u03b1\u03be\u03b9\u03b4\u03b9\u03ce\u03c4\u03b5\u03c2 \u03bc\u03c0\u03bf\u03c1\u03bf\u03cd\u03bd \u03bd\u03b1 \u03c3\u03c5\u03bc\u03bc\u03b5\u03c4\u03ac\u03c3\u03c7\u03bf\u03c5\u03bd<\/li>\n<\/ol>\n<h4><b><i>\u03a0\u03bf\u03bb\u03b9\u03c4\u03b9\u03ba\u03ae \u03b1\u03ba\u03cd\u03c1\u03c9\u03c3\u03b7\u03c2<\/i><\/b><\/h4>\n<p>\u0393\u03b9\u03b1 \u03c0\u03bb\u03ae\u03c1\u03b7 \u03b5\u03c0\u03b9\u03c3\u03c4\u03c1\u03bf\u03c6\u03ae \u03c7\u03c1\u03b7\u03bc\u03ac\u03c4\u03c9\u03bd, \u03b4\u03b9\u03b1\u03b2\u03ac\u03c3\u03c4\u03b5 \u03c4\u03b9\u03c2 \u03c0\u03bf\u03bb\u03b9\u03c4\u03b9\u03ba\u03ad\u03c2 \u03b1\u03ba\u03cd\u03c1\u03c9\u03c3\u03b7\u03c2\u00a0<a href=\"https:\/\/www.ticketswhales.com\/online-booking\/\" target=\"_blank\" rel=\"noopener\" data-saferedirecturl=\"https:\/\/www.google.com\/url?q=https:\/\/www.ticketswhales.com\/online-booking\/&amp;source=gmail&amp;ust=1672449202351000&amp;usg=AOvVaw1yAeVAPktmaVCqDujgUn90\">\u039a\u03ac\u03bd\u03c4\u03b5 \u03ba\u03bb\u03b9\u03ba \u0395\u0394\u03a9<\/a>. \u03a4\u03b1 \u03c7\u03c1\u03ae\u03bc\u03b1\u03c4\u03b1 \u03b8\u03b1 \u03c7\u03b1\u03b8\u03bf\u03cd\u03bd \u03b5\u03ac\u03bd \u03b7 \u03ba\u03c1\u03ac\u03c4\u03b7\u03c3\u03b7 \u03b1\u03ba\u03c5\u03c1\u03c9\u03b8\u03b5\u03af \u03c4\u03b7\u03bd \u03af\u03b4\u03b9\u03b1 \u03b7\u03bc\u03ad\u03c1\u03b1 \u03c4\u03bf\u03c5 \u03c4\u03b1\u03be\u03b9\u03b4\u03b9\u03bf\u03cd.<\/p>\n<\/div>\n<\/div>\n<\/div>\n<\/div>\n<\/div>\n<\/div>\n<div class=\"vc_row wpb_row vc_row-fluid\">\n<div class=\"wpb_column vc_column_container vc_col-sm-12\">\n<div class=\"vc_column-inner\">\n<div class=\"wpb_wrapper\">\n<div class=\"wpb_text_column wpb_content_element\">\n<div class=\"wpb_wrapper\">\n<h4>\u0395\u03c0\u03b9\u03ba\u03bf\u03b9\u03bd\u03c9\u03bd\u03ae\u03c3\u03c4\u03b5 \u03bc\u03b1\u03b6\u03af \u03bc\u03b1\u03c2?<\/h4>\n<h5><b><i>\u039e\u0395\u039d\u0391\u0393\u0397\u03a3\u0397 \u03a6\u0391\u039b\u0391\u0399\u03a9\u039d \u03a3\u0391\u039c\u0391\u039d\u0391<\/i><\/b><\/h5>\n<p><em><strong>\u039d\u03c4\u03cc\u03c0\u03b9\u03bf\u03b9<\/strong>\u00a0\u03ba\u03b1\u03b9\u00a0<strong>\u0395\u03b8\u03bd\u03b9\u03ba\u03bf\u03af<\/strong>\u00a0\u039e\u03b5\u03bd\u03b1\u03b3\u03bf\u03af &amp; \u03a5\u03c0\u03b7\u03c1\u03b5\u03c3\u03af\u03b5\u03c2 \u03b5\u03c0\u03b9\u03c3\u03ba\u03b5\u03c0\u03c4\u03ce\u03bd<\/em><\/p>\n<p><span class=\"text-turquoise\">\u039a\u03c1\u03b1\u03c4\u03ae\u03c3\u03b5\u03b9\u03c2:<\/span>\u00a0\u0395\u03ba\u03b4\u03c1\u03bf\u03bc\u03ad\u03c2 \u03ba\u03b1\u03b9 \u03c0\u03b5\u03c1\u03b9\u03b7\u03b3\u03ae\u03c3\u03b5\u03b9\u03c2 \u03c3\u03c4\u03b7\u03bd Dom. Rep.<\/p>\n<p><img decoding=\"async\" class=\"emoji\" draggable=\"false\" src=\"https:\/\/s.w.org\/images\/core\/emoji\/11.2.0\/svg\/1f4de.svg\" alt=\"\ud83d\udcde\" title=\"\">\u00a0\u03a4\u03b7\u03bb \/ Whatsapp\u00a0\u00a0<a href=\"tel:+1-809-720-6035\">+1-809-720-6035<\/a>.<\/p>\n<p><img decoding=\"async\" class=\"emoji\" draggable=\"false\" src=\"https:\/\/s.w.org\/images\/core\/emoji\/11.2.0\/svg\/1f4e9.svg\" alt=\"\ud83d\udce9\" title=\"\">\u00a0<a href=\"mailto:info@bookingadventures.com.do\">info@bookingadventures.com.do<\/a><\/p>\n<p><strong>\u0395\u03af\u03bc\u03b1\u03c3\u03c4\u03b5 \u03b5\u03c5\u03ad\u03bb\u03b9\u03ba\u03c4\u03bf\u03b9 \u03a1\u03cd\u03b8\u03bc\u03b9\u03c3\u03b7 Private Tours \u03b1\u03c0\u03cc Whatsapp:\u00a0<a href=\"tel:+18097206035\">+18097206035.<\/a><\/strong><\/p>\n<\/div>\n<\/div>\n<\/div>\n<\/div>\n<\/div>\n<\/div>\n\n\t\t<\/div>\n\t<\/div>\n[mkdf_section_title title_tag=\u00bb\u00bb disable_break_words=\u00bbno\u00bb subtitle_tag=\u00bb\u00bb subtitle=\u00bbPrivate Tours &amp; Excursions\u00bb title=\u00bbPrivate Excursion Whale Watching Samana Bay + Cano Hondo + Los Haitises from Samana port\u00bb]\n\t<div class=\"wpb_text_column wpb_content_element\" >\n\t\t<div class=\"wpb_wrapper\">\n\t\t\t<p>\u0395\u03af\u03bc\u03b1\u03b9 \u03bc\u03c0\u03bb\u03bf\u03ba \u03ba\u03b5\u03b9\u03bc\u03ad\u03bd\u03bf\u03c5. \u039a\u03ac\u03bd\u03c4\u03b5 \u03ba\u03bb\u03b9\u03ba \u03c3\u03c4\u03bf \u03ba\u03bf\u03c5\u03bc\u03c0\u03af \u03b5\u03c0\u03b5\u03be\u03b5\u03c1\u03b3\u03b1\u03c3\u03af\u03b1 \u03b3\u03b9\u03b1 \u03bd\u03b1 \u03b1\u03bb\u03bb\u03ac\u03be\u03b5\u03c4\u03b5 \u03b1\u03c5\u03c4\u03cc \u03c4\u03bf \u03ba\u03b5\u03af\u03bc\u03b5\u03bd\u03bf. Lorem ipsum dolor sit amet, consectetur adipiscing elit. Ut elit telus, luctus nec ullamcorper mattis, pulvinar dapibus leo.<\/p>\n\n\t\t<\/div>\n\t<\/div>","protected":false},"excerpt":{"rendered":"<p><span style=\"vertical-align: inherit;\"><span style=\"vertical-align: inherit;\">Esta es una excursi\u00f3n privada al observatorio de avistamiento de ballenas despu\u00e9s del almuerzo en el albergue ecol\u00f3gico Ca\u00f1o Hondo y el Parque Nacional Los Haitises. <\/span><span style=\"vertical-align: inherit;\">Nadie m\u00e1s ofrece esta incre\u00edble experiencia en un viaje de un solo d\u00eda con gu\u00edas profesionales ecologistas en el avistamiento de ballenas. <\/span><span style=\"vertical-align: inherit;\">Si desea ponerse en contacto con nosotros para recibir asesoramiento, env\u00ede un correo electr\u00f3nico, Whatsapp o Llamadas disponibles. <\/span><span style=\"vertical-align: inherit;\">Por favor reserve sus boletos con tiempo.<\/span><\/span><\/p>\n<p>&nbsp;<\/p>\n<p><em><strong><span style=\"vertical-align: inherit;\"><span style=\"vertical-align: inherit;\">Seleccione la fecha de la excursi\u00f3n:<\/span><\/span><\/strong><\/em><\/p>","protected":false},"featured_media":10983,"template":"","meta":[],"product_brand":[],"product_cat":[571,566,501,502,503,572,505,493,494,495,496,497,485,498,499,232,500],"product_tag":[137,126,139,132,142,488,489,393,490,234,236,506,491],"class_list":{"0":"post-11703","1":"product","2":"type-product","3":"status-publish","4":"has-post-thumbnail","6":"product_cat-1-samana","7":"product_cat-boat-trip-los-haitises","8":"product_cat-cano-hondo","9":"product_cat-cano-hondo-2021","10":"product_cat-los-haitises-national-park","11":"product_cat-natural-pools-los-haitises","12":"product_cat-tour-excursion","13":"product_cat-tours-excursions","14":"product_cat-tours-excursions-whale-watching-samana-bay-dominican-republic","15":"product_cat-whale-miches","16":"product_cat-whale-sabana-de-la-mar","17":"product_cat-whale-samana","18":"product_cat-whale-watching","19":"product_cat-whale-watching-puerto-plata","20":"product_cat-whale-watching-punta-cana","21":"product_cat-whale-watching-samana","22":"product_cat-whale-watching-samana-bay","23":"product_tag-bacardi-island","24":"product_tag-cano-hondo","25":"product_tag-cayo-levantado","26":"product_tag-los-haitises","27":"product_tag-samana","28":"product_tag-samana-tour","29":"product_tag-whale","30":"product_tag-whale-punta-cana","31":"product_tag-whale-sabana-de-la-mar","32":"product_tag-whale-samana","33":"product_tag-whale-watching-dominican-republic","34":"product_tag-whales-in-samana","35":"product_tag-whales-trips","37":"first","38":"instock","39":"sale","40":"shipping-taxable","41":"product-type-external"},"_links":{"self":[{"href":"https:\/\/haitises.com\/el\/wp-json\/wp\/v2\/product\/11703","targetHints":{"allow":["GET"]}}],"collection":[{"href":"https:\/\/haitises.com\/el\/wp-json\/wp\/v2\/product"}],"about":[{"href":"https:\/\/haitises.com\/el\/wp-json\/wp\/v2\/types\/product"}],"wp:featuredmedia":[{"embeddable":true,"href":"https:\/\/haitises.com\/el\/wp-json\/wp\/v2\/media\/10983"}],"wp:attachment":[{"href":"https:\/\/haitises.com\/el\/wp-json\/wp\/v2\/media?parent=11703"}],"wp:term":[{"taxonomy":"product_brand","embeddable":true,"href":"https:\/\/haitises.com\/el\/wp-json\/wp\/v2\/product_brand?post=11703"},{"taxonomy":"product_cat","embeddable":true,"href":"https:\/\/haitises.com\/el\/wp-json\/wp\/v2\/product_cat?post=11703"},{"taxonomy":"product_tag","embeddable":true,"href":"https:\/\/haitises.com\/el\/wp-json\/wp\/v2\/product_tag?post=11703"}],"curies":[{"name":"wp","href":"https:\/\/api.w.org\/{rel}","templated":true}]}}