{"id":11632,"date":"2023-10-04T07:39:46","date_gmt":"2023-10-04T07:39:46","guid":{"rendered":"http:\/\/haitises.com\/?post_type=product&#038;p=11632"},"modified":"2024-04-01T19:33:46","modified_gmt":"2024-04-01T19:33:46","slug":"los-haitises-\u03b5\u03b8\u03bd\u03b9\u03ba\u03cc-\u03c0\u03ac\u03c1\u03ba\u03bf-\u03be\u03b5\u03bd\u03ac\u03b3\u03b7\u03c3\u03b7-\u03b1\u03c0\u03cc-samana-\u03bb\u03b9\u03bc\u03ac\u03bd\u03b9","status":"publish","type":"product","link":"https:\/\/haitises.com\/el\/private\/los-haitises-\u03b5\u03b8\u03bd\u03b9\u03ba\u03cc-\u03c0\u03ac\u03c1\u03ba\u03bf-\u03be\u03b5\u03bd\u03ac\u03b3\u03b7\u03c3\u03b7-\u03b1\u03c0\u03cc-samana-\u03bb\u03b9\u03bc\u03ac\u03bd\u03b9\/","title":{"rendered":"\u03a0\u03b5\u03c1\u03b9\u03ae\u03b3\u03b7\u03c3\u03b7 \u03c3\u03c4\u03bf \u0395\u03b8\u03bd\u03b9\u03ba\u03cc \u03a0\u03ac\u03c1\u03ba\u03bf Los Haitises \u03b1\u03c0\u03cc \u03c4\u03bf \u03bb\u03b9\u03bc\u03ac\u03bd\u03b9 \u03c4\u03b7\u03c2 Saman\u00e1"},"content":{"rendered":"<div class=\"vc_row wpb_row vc_row-fluid\" ><div class=\"wpb_column vc_column_container vc_col-sm-12\"><div class=\"vc_column-inner\"><div class=\"wpb_wrapper\">[mkdf_section_title title_tag=\u00bb\u00bb disable_break_words=\u00bbno\u00bb subtitle_tag=\u00bb\u00bb title=\u00bbLos Haitises National Park Boat Tour\u00bb subtitle=\u00bbJust Los Haitises National Park\u00bb]<\/div><\/div><\/div><\/div><div class=\"vc_row wpb_row vc_row-fluid\" ><div class=\"wpb_column vc_column_container vc_col-sm-12\"><div class=\"vc_column-inner\"><div class=\"wpb_wrapper\"><div class=\"vc_btn3-container vc_btn3-inline\" ><button class=\"vc_general vc_btn3 vc_btn3-size-md vc_btn3-shape-rounded vc_btn3-style-modern vc_btn3-color-green\">\u039a\u03a1\u0391\u03a4\u0397\u03a3\u0397 \u03a4\u03a9\u03a1\u0391<\/button><\/div>\n\t<div class=\"wpb_text_column wpb_content_element\" >\n\t\t<div class=\"wpb_wrapper\">\n\t\t\t<h4><b><i>\u0395\u03c0\u03b9\u03c3\u03ba\u03cc\u03c0\u03b7\u03c3\u03b7 <\/i><\/b><\/h4>\n<p>Visit just Los Haitises National park starting from Saman\u00e1 Port.\u00a0 Come with us and visit the most beautiful national park of the Dominican Republic, Visiting Mangroves, Caves and San Lorenzo Bay plus crossing the gorgeous Saman\u00e1 bay. Then Back to Saman\u00e1 port.<\/p>\n<p>\u039c\u03b5\u03c4\u03ac \u03b1\u03c0\u03cc \u03b1\u03c5\u03c4\u03ae\u03bd \u03c4\u03b7\u03bd \u03b5\u03bc\u03c0\u03b5\u03b9\u03c1\u03af\u03b1, \u03b8\u03b1 \u03b5\u03c0\u03b9\u03c3\u03c4\u03c1\u03ad\u03c8\u03b5\u03c4\u03b5 \u03c3\u03c4\u03bf \u03bb\u03b9\u03bc\u03ac\u03bd\u03b9 Saman\u00e1.<\/p>\n<ul>\n<li style=\"font-weight: 400;\">\u03a0\u03b5\u03c1\u03b9\u03bb\u03b1\u03bc\u03b2\u03ac\u03bd\u03bf\u03bd\u03c4\u03b1\u03b9 \u03c4\u03ad\u03bb\u03b7<\/li>\n<li style=\"font-weight: 400;\"><span style=\"font-weight: 400;\">\u039f \u03bf\u03b4\u03b7\u03b3\u03cc\u03c2 \u03c0\u03b1\u03c1\u03ad\u03c7\u03b5\u03b9 \u03bf\u03b4\u03b7\u03b3\u03af\u03b5\u03c2 \u03ba\u03b1\u03b9 \u03b5\u03c0\u03bf\u03c0\u03c4\u03b5\u03af\u03b1<\/span><\/li>\n<\/ul>\n<p>&nbsp;<\/p>\n<h4><b>\u03a3\u03c5\u03bc\u03c0\u03b5\u03c1\u03b9\u03bb\u03ae\u03c8\u03b5\u03b9\u03c2 &amp; \u03b5\u03be\u03b1\u03b9\u03c1\u03ad\u03c3\u03b5\u03b9\u03c2<\/b><\/h4>\n<p>&nbsp;<\/p>\n<p><b>\u03a3\u03c5\u03bc\u03c0\u03b5\u03c1\u03b9\u03bb\u03ae\u03c8\u03b5\u03b9\u03c2<\/b><\/p>\n<p>&nbsp;<\/p>\n<ol>\n<li style=\"font-weight: 400;\">\u03a0\u03b5\u03c1\u03b9\u03ae\u03b3\u03b7\u03c3\u03b7 \u03c3\u03c4\u03bf Los Haitises + \u03a3\u03c0\u03ae\u03bb\u03b1\u03b9\u03b1 \u03ba\u03b1\u03b9 \u0395\u03b9\u03ba\u03bf\u03bd\u03bf\u03b3\u03c1\u03ac\u03c6\u03bf\u03b9<\/li>\n<li style=\"font-weight: 400;\"><span style=\"font-weight: 400;\">\u038c\u03bb\u03bf\u03b9 \u03bf\u03b9 \u03c6\u03cc\u03c1\u03bf\u03b9, \u03c4\u03b1 \u03c4\u03ad\u03bb\u03b7 \u03ba\u03b1\u03b9 \u03bf\u03b9 \u03c7\u03c1\u03b5\u03ce\u03c3\u03b5\u03b9\u03c2 \u03c7\u03b5\u03b9\u03c1\u03b9\u03c3\u03bc\u03bf\u03cd<\/span><\/li>\n<li style=\"font-weight: 400;\"><span style=\"font-weight: 400;\">\u03a4\u03bf\u03c0\u03b9\u03ba\u03bf\u03af \u03c6\u03cc\u03c1\u03bf\u03b9<\/span><\/li>\n<li style=\"font-weight: 400;\"><span style=\"font-weight: 400;\">\u03a0\u03bf\u03c4\u03ac<\/span><\/li>\n<li style=\"font-weight: 400;\"><span style=\"font-weight: 400;\">\u038c\u03bb\u03b5\u03c2 \u03bf\u03b9 \u03b4\u03c1\u03b1\u03c3\u03c4\u03b7\u03c1\u03b9\u03cc\u03c4\u03b7\u03c4\u03b5\u03c2<\/span><\/li>\n<li style=\"font-weight: 400;\"><span style=\"font-weight: 400;\">\u03a4\u03bf\u03c0\u03b9\u03ba\u03cc\u03c2 \u03bf\u03b4\u03b7\u03b3\u03cc\u03c2<\/span><\/li>\n<\/ol>\n<p><b> \u0395\u03be\u03b1\u03b9\u03c1\u03ad\u03c3\u03b5\u03b9\u03c2<\/b><\/p>\n<ol>\n<li style=\"font-weight: 400;\"><span style=\"font-weight: 400;\">\u03a6\u03b9\u03bb\u03bf\u03b4\u03c9\u03c1\u03ae\u03bc\u03b1\u03c4\u03b1<\/span><\/li>\n<li style=\"font-weight: 400;\"><span style=\"font-weight: 400;\">\u039c\u0395\u03a4\u0391\u03a6\u039f\u03a1\u0391<\/span><\/li>\n<li style=\"font-weight: 400;\"><span style=\"font-weight: 400;\">\u0391\u03bb\u03ba\u03bf\u03bf\u03bb\u03bf\u03cd\u03c7\u03b1 \u03c0\u03bf\u03c4\u03ac<\/span><\/li>\n<li>Lunch Not Included, For lunch include picking one of these trips:\u00a0 <a href=\"https:\/\/www.ticketswhales.com\/tour\/los-haitises-national-park-tour-from-samana-port\/\" target=\"_blank\" rel=\"noopener\">Los Haitises + Cayo Levantado<\/a> from Saman\u00e1 Port or<a href=\"https:\/\/www.ticketswhales.com\/tour\/los-haitises-national-park-lunch-at-cano-hondo-from-samana-port\/\" target=\"_blank\" rel=\"noopener\"><em><strong> Los Haitises + Cano Hondo from Samana Port.<\/strong><\/em><\/a><\/li>\n<\/ol>\n<p>&nbsp;<\/p>\n<h4><em><strong>\u0391\u03bd\u03b1\u03c7\u03ce\u03c1\u03b7\u03c3\u03b7 &amp; \u0395\u03c0\u03b9\u03c3\u03c4\u03c1\u03bf\u03c6\u03ae<\/strong><\/em><\/h4>\n<p><span style=\"font-weight: 400;\">\u039f \u03c4\u03b1\u03be\u03b9\u03b4\u03b9\u03ce\u03c4\u03b7\u03c2 \u03b8\u03b1 \u03bb\u03ac\u03b2\u03b5\u03b9 \u03ad\u03bd\u03b1 \u03c3\u03b7\u03bc\u03b5\u03af\u03bf \u03c3\u03c5\u03bd\u03ac\u03bd\u03c4\u03b7\u03c3\u03b7\u03c2 \u03bc\u03b5\u03c4\u03ac \u03c4\u03b7 \u0394\u03b9\u03b1\u03b4\u03b9\u03ba\u03b1\u03c3\u03af\u03b1 \u039a\u03c1\u03ac\u03c4\u03b7\u03c3\u03b7\u03c2. \u039e\u03b5\u03ba\u03b9\u03bd\u03bf\u03cd\u03bd \u03ba\u03b1\u03b9 \u03bf\u03bb\u03bf\u03ba\u03bb\u03b7\u03c1\u03ce\u03bd\u03bf\u03bd\u03c4\u03b1\u03b9 \u03b5\u03ba\u03b4\u03c1\u03bf\u03bc\u03ad\u03c2 \u03c3\u03c4\u03b1 \u03c3\u03b7\u03bc\u03b5\u03af\u03b1 \u03c3\u03c5\u03bd\u03ac\u03bd\u03c4\u03b7\u03c3\u03ae\u03c2 \u03bc\u03b1\u03c2.<\/span><\/p>\n<p>&nbsp;<\/p>\n<h4><b><i>\u03a4\u03b9 \u03bd\u03b1 \u03c0\u03b5\u03c1\u03b9\u03bc\u03ad\u03bd\u03b5\u03c4\u03b5;<\/i><\/b><\/h4>\n<p>&nbsp;<\/p>\n<p><em><strong>\u03a0\u03ac\u03c1\u03c4\u03b5 \u03c4\u03b1 \u03b5\u03b9\u03c3\u03b9\u03c4\u03ae\u03c1\u03b9\u03ac \u03c3\u03b1\u03c2<\/strong><\/em> \u03b3\u03b9\u03b1 \u03b5\u03c0\u03af\u03c3\u03ba\u03b5\u03c8\u03b7 \u03c3\u03c4\u03bf \u0395\u03b8\u03bd\u03b9\u03ba\u03cc \u03a0\u03ac\u03c1\u03ba\u03bf Los Haitises \u03bc\u03b5 \u03ad\u03bd\u03b1 \u03c5\u03c0\u03ad\u03c1\u03bf\u03c7\u03bf \u03b3\u03b5\u03cd\u03bc\u03b1 \u03c3\u03c4\u03bf Ca\u00f1o Hondo \u03ba\u03b1\u03b9 \u03ba\u03bf\u03bb\u03cd\u03bc\u03c0\u03b9 \u03c3\u03c4\u03b9\u03c2 \u03a6\u03c5\u03c3\u03b9\u03ba\u03ad\u03c2 \u03a0\u03b7\u03b3\u03ad\u03c2.<\/p>\n<p>\u039e\u03b5\u03ba\u03b9\u03bd\u03ce\u03bd\u03c4\u03b1\u03c2 \u03b1\u03c0\u03cc \u03c4\u03bf \u03bb\u03b9\u03bc\u03ac\u03bd\u03b9 Saman\u00e1 \u03bc\u03b5 \u03c3\u03ba\u03ac\u03c6\u03bf\u03c2 \u03ae \u03ba\u03b1\u03c4\u03b1\u03bc\u03b1\u03c1\u03ac\u03bd \u03bc\u03b5 \u03c4\u03bf\u03c0\u03b9\u03ba\u03cc \u03be\u03b5\u03bd\u03b1\u03b3\u03cc, \u03c0\u03b5\u03c1\u03bd\u03ac\u03bc\u03b5 \u03b1\u03c0\u03cc \u03c4\u03bf\u03bd \u03ba\u03cc\u03bb\u03c0\u03bf Saman\u00e1 \u03c3\u03c4\u03b7\u03bd \u03c0\u03bb\u03b5\u03c5\u03c1\u03ac Sabana de la Mar \u03b3\u03b9\u03b1 \u03bd\u03b1 \u03b5\u03c0\u03b9\u03c3\u03ba\u03b5\u03c6\u03b8\u03b5\u03af\u03c4\u03b5 \u03ad\u03bd\u03b1 \u03b1\u03c0\u03cc \u03c4\u03b1 \u03c0\u03b9\u03bf \u03cc\u03bc\u03bf\u03c1\u03c6\u03b1 \u03b5\u03b8\u03bd\u03b9\u03ba\u03ac \u03c0\u03ac\u03c1\u03ba\u03b1 \u03c4\u03b7\u03c2 \u0394\u03bf\u03bc\u03b9\u03bd\u03b9\u03ba\u03b1\u03bd\u03ae\u03c2 \u0394\u03b7\u03bc\u03bf\u03ba\u03c1\u03b1\u03c4\u03af\u03b1\u03c2. <em><strong>\u03a4\u03bf \u0395\u03b8\u03bd\u03b9\u03ba\u03cc \u03a0\u03ac\u03c1\u03ba\u03bf Haitises<\/strong><\/em>.<\/p>\n<p>\u0395\u03c0\u03af\u03c3\u03ba\u03b5\u03c8\u03b7 \u03c3\u03c4\u03bf \u03bd\u03b7\u03c3\u03af \u03bc\u03b5 \u03c0\u03bf\u03c5\u03bb\u03b9\u03ac \u03c4\u03c1\u03b9\u03b3\u03cd\u03c1\u03c9. \u03a3\u03c4\u03b7\u03bd \u03b5\u03c0\u03bf\u03c7\u03ae \u03c4\u03b7\u03c2 \u03c6\u03c9\u03bb\u03b9\u03ac\u03c2, \u03bc\u03c0\u03bf\u03c1\u03bf\u03cd\u03bc\u03b5 \u03bd\u03b1 \u03b4\u03bf\u03cd\u03bc\u03b5 \u03b1\u03ba\u03cc\u03bc\u03b7 \u03ba\u03b1\u03b9 \u03c4\u03bf\u03c5\u03c2 \u03bd\u03b5\u03bf\u03c3\u03c3\u03bf\u03cd\u03c2 \u03c0\u03b5\u03bb\u03b5\u03ba\u03ac\u03bd\u03c9\u03bd \u03c3\u03c4\u03b9\u03c2 \u03c6\u03c9\u03bb\u03b9\u03ad\u03c2. \u03a0\u03b5\u03c1\u03b1\u03b9\u03c4\u03ad\u03c1\u03c9 \u03c0\u03c1\u03cc\u03c3\u03b2\u03b1\u03c3\u03b7 \u03c3\u03c4\u03bf \u03b2\u03c1\u03b1\u03c7\u03ce\u03b4\u03b5\u03c2 \u03bd\u03b7\u03c3\u03af \u03ba\u03b1\u03b9 \u03b5\u03c0\u03af\u03c3\u03ba\u03b5\u03c8\u03b7 \u03c3\u03c4\u03b1 \u03a3\u03c0\u03ae\u03bb\u03b1\u03b9\u03b1 \u03bc\u03b5 \u03b5\u03b9\u03ba\u03bf\u03bd\u03bf\u03b3\u03c1\u03b1\u03c6\u03af\u03b5\u03c2 \u03ba\u03b1\u03b9 \u03c0\u03b5\u03c4\u03c1\u03bf\u03b3\u03c1\u03b1\u03c6\u03af\u03b5\u03c2 \u03b1\u03c0\u03cc \u03c4\u03bf\u03c5\u03c2 \u03b9\u03b8\u03b1\u03b3\u03b5\u03bd\u03b5\u03af\u03c2.<\/p>\n<p>The tour, organized by \u00abBooking Adventures\u00bb starts at the meeting point set with the Tour Guide. Come with Booking Adventures and start checking some bird-filled mangroves, rolling hills of lush vegetation and caves of <em><strong>\u0395\u03b8\u03bd\u03b9\u03ba\u03cc \u03c0\u03ac\u03c1\u03ba\u03bf Los Haitises<\/strong><\/em>.<\/p>\n<p>\u039c\u03ad\u03c3\u03b1 \u03b1\u03c0\u03cc \u03c4\u03b1 \u03bc\u03b1\u03b3\u03ba\u03c1\u03cc\u03b2\u03b9\u03b1 \u03ba\u03b1\u03b9 \u03c4\u03b7\u03bd \u03be\u03b7\u03c1\u03ac \u03c3\u03c4\u03bf\u03bd \u03b1\u03bd\u03bf\u03b9\u03c7\u03c4\u03cc \u03ba\u03cc\u03bb\u03c0\u03bf San Lorenzo, \u03b1\u03c0\u03cc \u03cc\u03c0\u03bf\u03c5 \u03bc\u03c0\u03bf\u03c1\u03b5\u03af\u03c4\u03b5 \u03bd\u03b1 \u03c6\u03c9\u03c4\u03bf\u03b3\u03c1\u03b1\u03c6\u03af\u03c3\u03b5\u03c4\u03b5 \u03c4\u03bf \u03ac\u03b3\u03c1\u03b9\u03bf \u03b4\u03b1\u03c3\u03b9\u03ba\u03cc \u03c4\u03bf\u03c0\u03af\u03bf. \u039a\u03bf\u03b9\u03c4\u03ac\u03be\u03c4\u03b5 \u03c0\u03c1\u03bf\u03c2 \u03c4\u03bf \u03bd\u03b5\u03c1\u03cc \u03b3\u03b9\u03b1 \u03bd\u03b1 \u03b5\u03bd\u03c4\u03bf\u03c0\u03af\u03c3\u03b5\u03c4\u03b5 <em><strong>\u039c\u03b1\u03bd\u03ce\u03bb\u03b7\u03b4\u03b5\u03c2<\/strong><\/em>, \u03ba\u03b1\u03c1\u03ba\u03b9\u03bd\u03bf\u03b5\u03b9\u03b4\u03ae \u03ba\u03b1\u03b9 <em><strong>\u03b4\u03b5\u03bb\u03c6\u03af\u03bd\u03b9\u03b1.<\/strong><\/em><\/p>\n<div class=\"body-description secondary\">\n<p>\u03a4\u03bf \u03cc\u03bd\u03bf\u03bc\u03b1 \u03c4\u03bf\u03c5 \u03b5\u03b8\u03bd\u03b9\u03ba\u03bf\u03cd \u03c0\u03ac\u03c1\u03ba\u03bf\u03c5 \u03c0\u03c1\u03bf\u03ad\u03c1\u03c7\u03b5\u03c4\u03b1\u03b9 \u03b1\u03c0\u03cc \u03c4\u03bf\u03c5\u03c2 \u03b1\u03c1\u03c7\u03b9\u03ba\u03bf\u03cd\u03c2 \u03ba\u03b1\u03c4\u03bf\u03af\u03ba\u03bf\u03c5\u03c2 \u03c4\u03bf\u03c5, \u03c4\u03bf\u03c5\u03c2 \u0399\u03bd\u03b4\u03b9\u03ac\u03bd\u03bf\u03c5\u03c2 Taino. \u03a3\u03c4\u03b7 \u03b3\u03bb\u03ce\u03c3\u03c3\u03b1 \u03c4\u03bf\u03c5\u03c2 \u03c4\u03bf \u00abHaitises\u00bb \u03bc\u03b5\u03c4\u03b1\u03c6\u03c1\u03ac\u03b6\u03b5\u03c4\u03b1\u03b9 \u03c3\u03b5 \u03c5\u03c8\u03af\u03c0\u03b5\u03b4\u03b1 \u03ae \u03bb\u03cc\u03c6\u03bf\u03c5\u03c2, \u03bc\u03b9\u03b1 \u03b1\u03bd\u03b1\u03c6\u03bf\u03c1\u03ac \u03c3\u03c4\u03bf\u03c5\u03c2 \u03b1\u03c0\u03cc\u03c4\u03bf\u03bc\u03bf\u03c5\u03c2 \u03b3\u03b5\u03c9\u03bb\u03bf\u03b3\u03b9\u03ba\u03bf\u03cd\u03c2 \u03c3\u03c7\u03b7\u03bc\u03b1\u03c4\u03b9\u03c3\u03bc\u03bf\u03cd\u03c2 \u03c4\u03b7\u03c2 \u03b1\u03ba\u03c4\u03bf\u03b3\u03c1\u03b1\u03bc\u03bc\u03ae\u03c2 \u03bc\u03b5 \u03b1\u03c3\u03b2\u03b5\u03c3\u03c4\u03cc\u03bb\u03b9\u03b8\u03bf\u03c5\u03c2. \u03a0\u03b5\u03c1\u03b9\u03c0\u03ad\u03c4\u03b5\u03b9\u03b1 \u03b2\u03b1\u03b8\u03cd\u03c4\u03b5\u03c1\u03b1 \u03c3\u03c4\u03bf \u03c0\u03ac\u03c1\u03ba\u03bf \u03b3\u03b9\u03b1 \u03bd\u03b1 \u03b5\u03be\u03b5\u03c1\u03b5\u03c5\u03bd\u03ae\u03c3\u03b5\u03c4\u03b5 \u03c3\u03c0\u03ae\u03bb\u03b1\u03b9\u03b1 \u03cc\u03c0\u03c9\u03c2 \u03c4\u03bf <em><strong>\u03a3\u03c0\u03ae\u03bb\u03b1\u03b9\u03bf \u03ac\u03bc\u03bc\u03bf\u03c5<\/strong><\/em> \u03ba\u03b1\u03b9 <strong><em>Cueva de la L\u00ednea.<\/em><\/strong> Caves in the reserve were used as shelter by the Taino Indians and, later, by hiding pirates. Look for drawings by Indians that decorate some of the walls. After visiting Los Haitises National Park we will go back to Saman\u00e1 port passing Saman\u00e1 bay 30 min.<\/p>\n<\/div>\n<p>\u03a3\u03b5 \u03c0\u03b5\u03c1\u03af\u03c0\u03c4\u03c9\u03c3\u03b7 \u03c0\u03bf\u03c5 \u03b8\u03b1 \u03c3\u03b1\u03c2 \u03b1\u03c1\u03ad\u03c3\u03b5\u03b9 \u03b1\u03c5\u03c4\u03cc \u03c4\u03bf \u03c4\u03b1\u03be\u03af\u03b4\u03b9 \u03c0\u03b5\u03c1\u03b9\u03c3\u03c3\u03cc\u03c4\u03b5\u03c1\u03bf, \u03ad\u03c7\u03bf\u03c5\u03bc\u03b5 \u03c4\u03b9\u03c2 \u03b5\u03be\u03ae\u03c2 \u03b5\u03c0\u03b9\u03bb\u03bf\u03b3\u03ad\u03c2:<\/p>\n<ol>\n<li><a href=\"https:\/\/www.ticketswhales.com\/tour\/los-haitises-national-park-tour-from-samana-port\/\" target=\"_blank\" rel=\"noopener\">Los Haitises + Cayo Levantado \u03b1\u03c0\u03cc \u03c4\u03bf \u03bb\u03b9\u03bc\u03ac\u03bd\u03b9 Samana.<\/a><\/li>\n<li><a href=\"https:\/\/www.ticketswhales.com\/tour\/los-haitises-national-park-lunch-at-cano-hondo-from-samana-port\/\" target=\"_blank\" rel=\"noopener\">Los Haitises + Cano Hondo from Samana Port.<\/a><\/li>\n<\/ol>\n<p>&nbsp;<\/p>\n<h4><em><strong>\u03a4\u03b9 \u03c0\u03c1\u03ad\u03c0\u03b5\u03b9 \u03bd\u03b1 \u03c6\u03ad\u03c1\u03b5\u03c4\u03b5;<\/strong><\/em><\/h4>\n<ul>\n<li style=\"font-weight: 400;\"><span style=\"font-weight: 400;\">\u039a\u03ac\u03bc\u03b5\u03c1\u03b1<\/span><\/li>\n<li style=\"font-weight: 400;\"><span style=\"font-weight: 400;\">\u0391\u03c0\u03bf\u03c4\u03c1\u03b5\u03c0\u03c4\u03b9\u03ba\u03ac \u03bc\u03c0\u03bf\u03c5\u03bc\u03c0\u03bf\u03cd\u03ba\u03b9\u03b1<\/span><\/li>\n<li style=\"font-weight: 400;\"><span style=\"font-weight: 400;\">\u03b1\u03bd\u03c4\u03b7\u03bb\u03b9\u03b1\u03ba\u03ae \u03ba\u03c1\u03ad\u03bc\u03b1<\/span><\/li>\n<li style=\"font-weight: 400;\"><span style=\"font-weight: 400;\">\u039a\u03b1\u03c0\u03ad\u03bb\u03bf<\/span><\/li>\n<li style=\"font-weight: 400;\"><span style=\"font-weight: 400;\">\u0386\u03bd\u03b5\u03c4\u03bf \u03c0\u03b1\u03bd\u03c4\u03b5\u03bb\u03cc\u03bd\u03b9<\/span><\/li>\n<li style=\"font-weight: 400;\"><span style=\"font-weight: 400;\">\u03a0\u03b1\u03c0\u03bf\u03cd\u03c4\u03c3\u03b9\u03b1 \u03c0\u03b5\u03b6\u03bf\u03c0\u03bf\u03c1\u03af\u03b1\u03c2 \u03b3\u03b9\u03b1 \u03b4\u03ac\u03c3\u03bf\u03c2<\/span><\/li>\n<li style=\"font-weight: 400;\"><span style=\"font-weight: 400;\">\u03a3\u03b1\u03bd\u03b4\u03ac\u03bb\u03b9\u03b1 \u03c3\u03c4\u03b9\u03c2 \u03c0\u03b5\u03c1\u03b9\u03bf\u03c7\u03ad\u03c2 \u03c4\u03b7\u03c2 \u0386\u03bd\u03bf\u03b9\u03be\u03b7\u03c2.<\/span><\/li>\n<li style=\"font-weight: 400;\"><span style=\"font-weight: 400;\">\u0388\u03bd\u03b4\u03c5\u03c3\u03b7 \u03ba\u03bf\u03bb\u03cd\u03bc\u03b2\u03b7\u03c3\u03b7\u03c2<\/span><\/li>\n<\/ul>\n<p>&nbsp;<\/p>\n<h4><b><i>\u03a0\u03b1\u03c1\u03b1\u03bb\u03b1\u03b2\u03ae \u03be\u03b5\u03bd\u03bf\u03b4\u03bf\u03c7\u03b5\u03af\u03bf\u03c5 <\/i><\/b><\/h4>\n<p><span style=\"font-weight: 400;\">\u0397 \u03c0\u03b1\u03c1\u03b1\u03bb\u03b1\u03b2\u03ae \u03b1\u03c0\u03cc \u03c4\u03bf \u03be\u03b5\u03bd\u03bf\u03b4\u03bf\u03c7\u03b5\u03af\u03bf \u03b4\u03b5\u03bd \u03c0\u03c1\u03bf\u03c3\u03c6\u03ad\u03c1\u03b5\u03c4\u03b1\u03b9 \u03b3\u03b9\u03b1 \u03b1\u03c5\u03c4\u03ae \u03c4\u03b7\u03bd \u03b5\u03ba\u03b4\u03c1\u03bf\u03bc\u03ae. <\/span><\/p>\n<p>&nbsp;<\/p>\n<p><b>\u03a3\u03b7\u03bc\u03b5\u03af\u03c9\u03c3\u03b7:<\/b><span style=\"font-weight: 400;\"> \u0395\u03ac\u03bd \u03ba\u03ac\u03bd\u03b5\u03c4\u03b5 \u03ba\u03c1\u03ac\u03c4\u03b7\u03c3\u03b7 \u03b5\u03bd\u03c4\u03cc\u03c2 24 \u03c9\u03c1\u03ce\u03bd \u03b1\u03c0\u03cc \u03c4\u03b7\u03bd \u03ce\u03c1\u03b1 \u03b1\u03bd\u03b1\u03c7\u03ce\u03c1\u03b7\u03c3\u03b7\u03c2 \u03c4\u03b7\u03c2 \u03be\u03b5\u03bd\u03ac\u03b3\u03b7\u03c3\u03b7\u03c2\/\u03b5\u03ba\u03b4\u03c1\u03bf\u03bc\u03ae\u03c2, \u03bc\u03c0\u03bf\u03c1\u03bf\u03cd\u03bc\u03b5 \u03bd\u03b1 \u03ba\u03b1\u03bd\u03bf\u03bd\u03af\u03c3\u03bf\u03c5\u03bc\u03b5 \u03c4\u03b7\u03bd \u03c0\u03b1\u03c1\u03b1\u03bb\u03b1\u03b2\u03ae \u03b1\u03c0\u03cc \u03c4\u03bf \u03be\u03b5\u03bd\u03bf\u03b4\u03bf\u03c7\u03b5\u03af\u03bf \u03bc\u03b5 \u03b5\u03c0\u03b9\u03c0\u03bb\u03ad\u03bf\u03bd \u03c7\u03c1\u03ad\u03c9\u03c3\u03b7. \u039c\u03cc\u03bb\u03b9\u03c2 \u03bf\u03bb\u03bf\u03ba\u03bb\u03b7\u03c1\u03c9\u03b8\u03b5\u03af \u03b7 \u03b1\u03b3\u03bf\u03c1\u03ac \u03c3\u03b1\u03c2, \u03b8\u03b1 \u03c3\u03b1\u03c2 \u03c3\u03c4\u03b5\u03af\u03bb\u03bf\u03c5\u03bc\u03b5 \u03c0\u03bb\u03ae\u03c1\u03b7 \u03c3\u03c4\u03bf\u03b9\u03c7\u03b5\u03af\u03b1 \u03b5\u03c0\u03b9\u03ba\u03bf\u03b9\u03bd\u03c9\u03bd\u03af\u03b1\u03c2 (\u03b1\u03c1\u03b9\u03b8\u03bc\u03cc \u03c4\u03b7\u03bb\u03b5\u03c6\u03ce\u03bd\u03bf\u03c5, \u03b4\u03b9\u03b5\u03cd\u03b8\u03c5\u03bd\u03c3\u03b7 \u03b7\u03bb\u03b5\u03ba\u03c4\u03c1\u03bf\u03bd\u03b9\u03ba\u03bf\u03cd \u03c4\u03b1\u03c7\u03c5\u03b4\u03c1\u03bf\u03bc\u03b5\u03af\u03bf\u03c5 \u03ba.\u03bb\u03c0.) \u03b3\u03b9\u03b1 \u03c4\u03bf\u03bd \u03c4\u03bf\u03c0\u03b9\u03ba\u03cc \u03be\u03b5\u03bd\u03b1\u03b3\u03cc \u03bc\u03b1\u03c2 \u03b3\u03b9\u03b1 \u03bd\u03b1 \u03bf\u03c1\u03b3\u03b1\u03bd\u03ce\u03c3\u03b5\u03b9 \u03c4\u03b9\u03c2 \u03c1\u03c5\u03b8\u03bc\u03af\u03c3\u03b5\u03b9\u03c2 \u03c0\u03b1\u03c1\u03b1\u03bb\u03b1\u03b2\u03ae\u03c2.<\/span><\/p>\n<h4><b><i>\u0395\u03c0\u03b9\u03b2\u03b5\u03b2\u03b1\u03af\u03c9\u03c3\u03b7 \u03c0\u03c1\u03cc\u03c3\u03b8\u03b5\u03c4\u03c9\u03bd \u03c0\u03bb\u03b7\u03c1\u03bf\u03c6\u03bf\u03c1\u03b9\u03ce\u03bd <\/i><\/b><\/h4>\n<ol>\n<li>\u03a4\u03b1 \u03b5\u03b9\u03c3\u03b9\u03c4\u03ae\u03c1\u03b9\u03b1 \u03b5\u03af\u03bd\u03b1\u03b9 \u03b7 \u03b1\u03c0\u03cc\u03b4\u03b5\u03b9\u03be\u03b7 \u03bc\u03b5\u03c4\u03ac \u03c4\u03b7\u03bd \u03c0\u03bb\u03b7\u03c1\u03c9\u03bc\u03ae \u03b1\u03c5\u03c4\u03ae\u03c2 \u03c4\u03b7\u03c2 \u03c0\u03b5\u03c1\u03b9\u03bf\u03b4\u03b5\u03af\u03b1\u03c2. \u039c\u03c0\u03bf\u03c1\u03b5\u03af\u03c4\u03b5 \u03bd\u03b1 \u03b4\u03b5\u03af\u03be\u03b5\u03c4\u03b5 \u03c4\u03b7\u03bd \u03c0\u03bb\u03b7\u03c1\u03c9\u03bc\u03ae \u03c3\u03c4\u03bf \u03c4\u03b7\u03bb\u03ad\u03c6\u03c9\u03bd\u03cc \u03c3\u03b1\u03c2.<\/li>\n<li style=\"font-weight: 400;\"><span style=\"font-weight: 400;\">\u03a4\u03bf \u03c3\u03b7\u03bc\u03b5\u03af\u03bf \u03c3\u03c5\u03bd\u03ac\u03bd\u03c4\u03b7\u03c3\u03b7\u03c2 \u03b8\u03b1 \u03bb\u03b7\u03c6\u03b8\u03b5\u03af \u03bc\u03b5\u03c4\u03ac \u03c4\u03b7 \u03b4\u03b9\u03b1\u03b4\u03b9\u03ba\u03b1\u03c3\u03af\u03b1 \u03ba\u03c1\u03ac\u03c4\u03b7\u03c3\u03b7\u03c2.<\/span><\/li>\n<li style=\"font-weight: 400;\"><span style=\"font-weight: 400;\">\u03a4\u03b1 \u03c0\u03b1\u03b9\u03b4\u03b9\u03ac \u03c0\u03c1\u03ad\u03c0\u03b5\u03b9 \u03bd\u03b1 \u03c3\u03c5\u03bd\u03bf\u03b4\u03b5\u03cd\u03bf\u03bd\u03c4\u03b1\u03b9 \u03b1\u03c0\u03cc \u03b5\u03bd\u03ae\u03bb\u03b9\u03ba\u03b1.<\/span><\/li>\n<li style=\"font-weight: 400;\"><span style=\"font-weight: 400;\"> \u0394\u03b5\u03bd \u03b5\u03af\u03bd\u03b1\u03b9 \u03c0\u03c1\u03bf\u03c3\u03b2\u03ac\u03c3\u03b9\u03bc\u03bf \u03c3\u03b5 \u03b1\u03bd\u03b1\u03c0\u03b7\u03c1\u03b9\u03ba\u03cc \u03b1\u03bc\u03b1\u03be\u03af\u03b4\u03b9\u03bf <\/span><\/li>\n<li style=\"font-weight: 400;\"><span style=\"font-weight: 400;\">\u03a4\u03b1 \u03b2\u03c1\u03ad\u03c6\u03b7 \u03c0\u03c1\u03ad\u03c0\u03b5\u03b9 \u03bd\u03b1 \u03ba\u03ac\u03b8\u03bf\u03bd\u03c4\u03b1\u03b9 \u03c3\u03c4\u03b7\u03bd \u03b1\u03b3\u03ba\u03b1\u03bb\u03b9\u03ac <\/span><\/li>\n<li style=\"font-weight: 400;\"><span style=\"font-weight: 400;\">\u0394\u03b5\u03bd \u03c3\u03c5\u03bd\u03b9\u03c3\u03c4\u03ac\u03c4\u03b1\u03b9 \u03b3\u03b9\u03b1 \u03c4\u03b1\u03be\u03b9\u03b4\u03b9\u03ce\u03c4\u03b5\u03c2 \u03bc\u03b5 \u03c0\u03c1\u03bf\u03b2\u03bb\u03ae\u03bc\u03b1\u03c4\u03b1 \u03c3\u03c4\u03b7\u03bd \u03c0\u03bb\u03ac\u03c4\u03b7<\/span><\/li>\n<li style=\"font-weight: 400;\"><span style=\"font-weight: 400;\">\u0394\u03b5\u03bd \u03c3\u03c5\u03bd\u03b9\u03c3\u03c4\u03ac\u03c4\u03b1\u03b9 \u03b3\u03b9\u03b1 \u03ad\u03b3\u03ba\u03c5\u03b5\u03c2 \u03c4\u03b1\u03be\u03b9\u03b4\u03b9\u03ce\u03c4\u03b9\u03c3\u03c3\u03b5\u03c2 <\/span><\/li>\n<li style=\"font-weight: 400;\"><span style=\"font-weight: 400;\"> \u0394\u03b5\u03bd \u03c5\u03c0\u03ac\u03c1\u03c7\u03bf\u03c5\u03bd \u03ba\u03b1\u03c1\u03b4\u03b9\u03b1\u03ba\u03ac \u03c0\u03c1\u03bf\u03b2\u03bb\u03ae\u03bc\u03b1\u03c4\u03b1 \u03ae \u03ac\u03bb\u03bb\u03b5\u03c2 \u03c3\u03bf\u03b2\u03b1\u03c1\u03ad\u03c2 \u03b9\u03b1\u03c4\u03c1\u03b9\u03ba\u03ad\u03c2 \u03c0\u03b1\u03b8\u03ae\u03c3\u03b5\u03b9\u03c2 <\/span><\/li>\n<li style=\"font-weight: 400;\"><span style=\"font-weight: 400;\">\u039f\u03b9 \u03c0\u03b5\u03c1\u03b9\u03c3\u03c3\u03cc\u03c4\u03b5\u03c1\u03bf\u03b9 \u03c4\u03b1\u03be\u03b9\u03b4\u03b9\u03ce\u03c4\u03b5\u03c2 \u03bc\u03c0\u03bf\u03c1\u03bf\u03cd\u03bd \u03bd\u03b1 \u03c3\u03c5\u03bc\u03bc\u03b5\u03c4\u03ac\u03c3\u03c7\u03bf\u03c5\u03bd<\/span><\/li>\n<\/ol>\n<h4><b><i>\u03a0\u03bf\u03bb\u03b9\u03c4\u03b9\u03ba\u03ae \u03b1\u03ba\u03cd\u03c1\u03c9\u03c3\u03b7\u03c2<\/i><\/b><\/h4>\n<p>\u0393\u03b9\u03b1 \u03c0\u03bb\u03ae\u03c1\u03b7 \u03b5\u03c0\u03b9\u03c3\u03c4\u03c1\u03bf\u03c6\u03ae \u03c7\u03c1\u03b7\u03bc\u03ac\u03c4\u03c9\u03bd, \u03b4\u03b9\u03b1\u03b2\u03ac\u03c3\u03c4\u03b5 \u03c4\u03b9\u03c2 \u03c0\u03bf\u03bb\u03b9\u03c4\u03b9\u03ba\u03ad\u03c2 \u03b1\u03ba\u03cd\u03c1\u03c9\u03c3\u03b7\u03c2\u00a0<a href=\"https:\/\/www.ticketswhales.com\/online-booking\/\" target=\"_blank\" rel=\"noopener\" data-saferedirecturl=\"https:\/\/www.google.com\/url?q=https:\/\/www.ticketswhales.com\/online-booking\/&amp;source=gmail&amp;ust=1672529771100000&amp;usg=AOvVaw2NIGJBZ0qjB5RhPUl5Obc7\">\u039a\u03ac\u03bd\u03c4\u03b5 \u03ba\u03bb\u03b9\u03ba \u0395\u0394\u03a9<\/a>. \u03a4\u03b1 \u03c7\u03c1\u03ae\u03bc\u03b1\u03c4\u03b1 \u03b8\u03b1 \u03c7\u03b1\u03b8\u03bf\u03cd\u03bd \u03b5\u03ac\u03bd \u03b7 \u03ba\u03c1\u03ac\u03c4\u03b7\u03c3\u03b7 \u03b1\u03ba\u03c5\u03c1\u03c9\u03b8\u03b5\u03af \u03c4\u03b7\u03bd \u03af\u03b4\u03b9\u03b1 \u03b7\u03bc\u03ad\u03c1\u03b1 \u03c4\u03bf\u03c5 \u03c4\u03b1\u03be\u03b9\u03b4\u03b9\u03bf\u03cd.<\/p>\n\n\t\t<\/div>\n\t<\/div>\n<\/div><\/div><\/div><\/div><div class=\"vc_row wpb_row vc_row-fluid\" ><\/div><div class=\"wpb_column vc_column_container vc_col-sm-12\"><div class=\"vc_column-inner\"><div class=\"wpb_wrapper\"><\/div><\/div><\/div><div class=\"vc_empty_space\"   style=\"height: 32px\"><span class=\"vc_empty_space_inner\"><\/span><\/div><div class=\"vc_empty_space\"   style=\"height: 32px\"><span class=\"vc_empty_space_inner\"><\/span><\/div><div class=\"vc_row wpb_row vc_row-fluid\" ><div class=\"wpb_column vc_column_container vc_col-sm-12\"><div class=\"vc_column-inner\"><div class=\"wpb_wrapper\"><div class=\"vc_btn3-container vc_btn3-inline\" ><button class=\"vc_general vc_btn3 vc_btn3-size-md vc_btn3-shape-rounded vc_btn3-style-modern vc_btn3-color-green\">\u039a\u03a1\u0391\u03a4\u0397\u03a3\u0397 \u03a4\u03a9\u03a1\u0391<\/button><\/div><\/div><\/div><\/div><\/div>","protected":false},"excerpt":{"rendered":"<p><span style=\"vertical-align: inherit;\"><span style=\"vertical-align: inherit;\">Viaje ecol\u00f3gico al Parque Nacional Los Haitises con un gu\u00eda tur\u00edstico local. <\/span><span style=\"vertical-align: inherit;\">Visitando los Cayos en el Parque Nacional Los Haitises, Manglares, Vegetaci\u00f3n, Observaci\u00f3n de aves, Cuevas, Pictogramas y las \u00e1reas hist\u00f3ricas de Sabana de la Mar en el Parque Nacional Los Haitises.<\/span><\/span><\/p>\n<p>&nbsp;<\/p>\n<p><em><strong><span style=\"vertical-align: inherit;\"><span style=\"vertical-align: inherit;\">\u0395\u03c0\u03b9\u03bb\u03ad\u03be\u03c4\u03b5 \u03c4\u03b7\u03bd \u03b7\u03bc\u03b5\u03c1\u03bf\u03bc\u03b7\u03bd\u03af\u03b1 \u03b3\u03b9\u03b1 \u03c4\u03b7\u03bd \u03c0\u03b5\u03c1\u03b9\u03ae\u03b3\u03b7\u03c3\u03b7\u00a0<\/span><\/span><\/strong><\/em><\/p>","protected":false},"featured_media":11651,"template":"","meta":[],"product_brand":[],"product_cat":[571,566,119,120,98,121],"product_tag":[132,133,142,147,148,143],"class_list":{"0":"post-11632","1":"product","2":"type-product","3":"status-publish","4":"has-post-thumbnail","6":"product_cat-1-samana","7":"product_cat-boat-trip-los-haitises","8":"product_cat-caves","9":"product_cat-fees-entrace","10":"product_cat-local-tour-guides","11":"product_cat-mangroves","12":"product_tag-los-haitises","13":"product_tag-los-haitises-national-park","14":"product_tag-samana","15":"product_tag-samana-bay","16":"product_tag-samana-excursions","17":"product_tag-samana-tours","19":"first","20":"instock","21":"sale","22":"sold-individually","23":"shipping-taxable","24":"product-type-external"},"_links":{"self":[{"href":"https:\/\/haitises.com\/el\/wp-json\/wp\/v2\/product\/11632","targetHints":{"allow":["GET"]}}],"collection":[{"href":"https:\/\/haitises.com\/el\/wp-json\/wp\/v2\/product"}],"about":[{"href":"https:\/\/haitises.com\/el\/wp-json\/wp\/v2\/types\/product"}],"wp:featuredmedia":[{"embeddable":true,"href":"https:\/\/haitises.com\/el\/wp-json\/wp\/v2\/media\/11651"}],"wp:attachment":[{"href":"https:\/\/haitises.com\/el\/wp-json\/wp\/v2\/media?parent=11632"}],"wp:term":[{"taxonomy":"product_brand","embeddable":true,"href":"https:\/\/haitises.com\/el\/wp-json\/wp\/v2\/product_brand?post=11632"},{"taxonomy":"product_cat","embeddable":true,"href":"https:\/\/haitises.com\/el\/wp-json\/wp\/v2\/product_cat?post=11632"},{"taxonomy":"product_tag","embeddable":true,"href":"https:\/\/haitises.com\/el\/wp-json\/wp\/v2\/product_tag?post=11632"}],"curies":[{"name":"wp","href":"https:\/\/api.w.org\/{rel}","templated":true}]}}