{"id":610,"date":"2020-07-12T23:23:39","date_gmt":"2020-07-12T23:23:39","guid":{"rendered":"http:\/\/haitises.com\/?post_type=product&#038;p=610"},"modified":"2024-04-16T03:02:29","modified_gmt":"2024-04-16T03:02:29","slug":"ausflug-zur-walbeobachtung-samana-cayo-levantado-bacardi-island","status":"publish","type":"product","link":"https:\/\/haitises.com\/de\/privat\/ausflug-zur-walbeobachtung-samana-cayo-levantado-bacardi-island\/","title":{"rendered":"Walbeobachtungsausflug Samana + Cayo Levantado (Bacardi Insel)."},"content":{"rendered":"<div class=\"vc_row wpb_row vc_row-fluid\" ><div class=\"wpb_column vc_column_container vc_col-sm-12\"><div class=\"vc_column-inner\"><div class=\"wpb_wrapper\">[mkdf_section_title title_tag=\u00bb\u00bb disable_break_words=\u00bbno\u00bb subtitle_tag=\u00bb\u00bb title=\u00bbObservaci\u00f3n de Ballenas en Saman\u00e1 + Cayo Levantado desde el puerto de Saman\u00e1\u00bb subtitle=\u00bbExcursi\u00f3n de Ballenas en la Bah\u00eda de Saman\u00e1\u00bb]<\/div><\/div><\/div><\/div><div class=\"vc_row wpb_row vc_row-fluid\" ><div class=\"wpb_column vc_column_container vc_col-sm-12\"><div class=\"vc_column-inner\"><div class=\"wpb_wrapper\">\n\t<div class=\"wpb_text_column wpb_content_element\" >\n\t\t<div class=\"wpb_wrapper\">\n\t\t\t<h2>Walbeobachtung Samana + Cayo Levantado (alles im Ticketpreis enthalten)<\/h2>\n<h3>Beschreibung<\/h3>\n<p>Ausflug zur Walbeobachtung in der Bucht von Samana ab dem Hafen von Samana. Ganzt\u00e4giger Ausflug zur Walbeobachtung in der Bucht von Samana und Besuch der historischen Insel Cayo Levantado, plus Mittagessen am Strand.<\/p>\n<p>Zun\u00e4chst trafen wir uns in unserem B\u00fcro.<\/p>\n<p>Der Ausflug beginnt um 9:00 Uhr und endet um 17:00 Uhr. Nach dem Besteigen unseres Katamarans oder Bootes k\u00f6nnen Sie die Wale in ihrem eigenen Lebensraum besuchen.<\/p>\n<p>Von 9:00 bis 12:00 Uhr mittags Walbeobachtung am Observatorium des Schutzgebietes und danach besuchen wir die Insel Bacardi \/ Cayo Levantado. Auf der Bacardi-Insel wird ein typisch dominikanisches Mittagsbuffet angeboten.<\/p>\n<p>Nach dem Mittagessen k\u00f6nnen Sie bis 16:30 Uhr schwimmen gehen. Der Ausflug endet um 17:00 Uhr am gleichen Hafen, von dem aus Sie starten.<\/p>\n<p><strong>Notiz:<\/strong> Dies ist keine private Tour. F\u00fcr eine private Tour oder nur Walbeobachtung ohne Cayo Levantado, kontaktieren Sie uns bitte.<\/p>\n<ul>\n<li>Whale watching<\/li>\n<li>Eintrittskarten f\u00fcr die Sternwarte<\/li>\n<li>Inklusive Mittagsbuffet am Strand.<\/li>\n<li>Schiffstransfer<\/li>\n<li>Der Kapit\u00e4n erteilt Anweisungen und Aufsicht.<\/li>\n<li>Fremdenf\u00fchrer<\/li>\n<\/ul>\n<h3>Einschl\u00fcsse und Ausschl\u00fcsse<\/h3>\n<h4>Einschl\u00fcsse<\/h4>\n<ol>\n<li>Mittagsbuffet am Strand.<\/li>\n<li>Fremdenf\u00fchrer<\/li>\n<li>Katamaran oder Bootsfahrt<\/li>\n<li>Alle Steuern, Geb\u00fchren und Bearbeitungsgeb\u00fchren<\/li>\n<li>Lokale Steuern<\/li>\n<li>Getr\u00e4nke<\/li>\n<\/ol>\n<h4>Ausschl\u00fcsse<\/h4>\n<ol>\n<li>Tipps<\/li>\n<li>Transferwagen<\/li>\n<li>Alkoholische Getr\u00e4nke<\/li>\n<\/ol>\n<h3><em>Abreise und R\u00fcckkehr<\/em><\/h3>\n<p>Der Reisende erh\u00e4lt nach dem Buchungsvorgang einen Treffpunkt. Die Touren beginnen und enden an unseren Treffpunkten.<\/p>\n<h3><em>Was zu erwarten ist?<\/em><\/h3>\n<p>Sichern Sie sich Ihre Tickets f\u00fcr einen Tag Walbeobachtung in der Bucht von Samana und ein wunderbares Mittagessen und Zeit am Strand.<\/p>\n<p>Los viajes de avistamiento de ballenas est\u00e1n organizados por \u00abBooking Adventures\u00bb que comienza en el punto de encuentro establecido con el gu\u00eda tur\u00edstico. Almuerza en la playa y puedes quedarte todo el tiempo que quieras nadando. Si eres vegano, tambi\u00e9n podemos prepararte algo de comida.<\/p>\n<p><strong>Zeitplan:<\/strong><\/p>\n<p>8:45 UHR - 17:00 UHR<\/p>\n<h3><em>Was sollten Sie mitbringen?<\/em><\/h3>\n<ol>\n<li>Kamera<\/li>\n<li>Abwehrmittel<\/li>\n<li>Sonnenschutz<\/li>\n<li>Hut<\/li>\n<li>Bequeme Hose<\/li>\n<li>Sandalen zum Strand<\/li>\n<li>Badeanzug<\/li>\n<li>Bargeld f\u00fcr Souvenirs<\/li>\n<\/ol>\n<h3><em>Abholung vom Hotel<\/em><\/h3>\n<p>F\u00fcr diese Tour wird keine Abholung vom Hotel angeboten.<\/p>\n<p><strong>Notiz:<\/strong> Wenn Sie innerhalb von 24 Stunden vor der Abfahrtszeit der Tour\/des Ausflugs buchen, k\u00f6nnen wir gegen Aufpreis eine Abholung vom Hotel arrangieren. Sobald Ihr Kauf abgeschlossen ist, senden wir Ihnen die vollst\u00e4ndigen Kontaktinformationen (Telefonnummer, E-Mail-Adresse usw.) f\u00fcr unseren \u00f6rtlichen Reiseleiter, um die Abholung zu vereinbaren.<\/p>\n<h3><em>Best\u00e4tigung zus\u00e4tzlicher Informationen<\/em><\/h3>\n<ul>\n<li>Die Tickets sind die Quittung nach der Bezahlung dieser Tour. Sie k\u00f6nnen die Zahlung auf Ihrem Telefon anzeigen.<\/li>\n<li>Der Treffpunkt wird Ihnen nach der Buchung mitgeteilt.<\/li>\n<li>Kinder m\u00fcssen von einem Erwachsenen begleitet werden.<\/li>\n<li>Zug\u00e4nglich f\u00fcr Rollstuhlfahrer<\/li>\n<li>Kleinkinder sollten auf dem Scho\u00df sitzen<\/li>\n<li>Die meisten Reisenden k\u00f6nnen teilnehmen.<\/li>\n<\/ul>\n<h3><em><strong>Annullierungspolitik<\/strong><\/em><\/h3>\n<p>F\u00fcr eine vollst\u00e4ndige R\u00fcckerstattung stornieren Sie bitte mindestens 24 Stunden vor dem Startdatum des Erlebnisses.<\/p>\n\n\t\t<\/div>\n\t<\/div>\n<\/div><\/div><\/div><\/div><div class=\"vc_row wpb_row vc_row-fluid\" ><div class=\"wpb_column vc_column_container vc_col-sm-12\"><div class=\"vc_column-inner\"><div class=\"wpb_wrapper\"><div class=\"vc_empty_space\"   style=\"height: 32px\"><span class=\"vc_empty_space_inner\"><\/span><\/div>\n\t<div class=\"wpb_video_widget wpb_content_element vc_clearfix   vc_video-aspect-ratio-169 vc_video-el-width-100 vc_video-align-left\" >\n\t\t<div class=\"wpb_wrapper\">\n\t\t\t\n\t\t\t<div class=\"wpb_video_wrapper\"><iframe loading=\"lazy\" title=\"Whale Watching Samana Bay Dominikanische Republik\" src=\"https:\/\/player.vimeo.com\/video\/337838231?dnt=1&amp;app_id=122963\" width=\"1100\" height=\"619\" frameborder=\"0\" allow=\"autoplay; fullscreen\" allowfullscreen><\/iframe><\/div>\n\t\t<\/div>\n\t<\/div>\n<div class=\"vc_empty_space\"   style=\"height: 32px\"><span class=\"vc_empty_space_inner\"><\/span><\/div><\/div><\/div><\/div><\/div><div class=\"vc_row wpb_row vc_row-fluid\" ><div class=\"wpb_column vc_column_container vc_col-sm-12\"><div class=\"vc_column-inner\"><div class=\"wpb_wrapper\"><div class=\"vc_empty_space\"   style=\"height: 32px\"><span class=\"vc_empty_space_inner\"><\/span><\/div>\n\t<div class=\"wpb_text_column wpb_content_element\" >\n\t\t<div class=\"wpb_wrapper\">\n\t\t\t<h4>Kontaktieren Sie uns!<\/h4>\n<h5>Abenteuer buchen<\/h5>\n<p><em>Reisef\u00fchrer <strong>lokal<\/strong> y <strong>national<\/strong> und G\u00e4steservice<\/em><\/p>\n<p>Reservierungen: F\u00fchrungen und Ausfl\u00fcge in Dom. Rep.<\/p>\n<p>Tel\/WhatsApp +1-809-720-6035.<\/p>\n<p>info@bookingadventures.com.do<\/p>\n<p>Wir machen flexible private Touren durch die Konfiguration von <strong>WhatsApp:\u00a0<a href=\"tel:+18097206035\">+18097206035.<\/a><\/strong><\/p>\n\n\t\t<\/div>\n\t<\/div>\n<div class=\"vc_empty_space\"   style=\"height: 32px\"><span class=\"vc_empty_space_inner\"><\/span><\/div><\/div><\/div><\/div><\/div>","protected":false},"excerpt":{"rendered":"<p>Samana Walbeobachtung + Tour von Cayo Levantado aus dem Hafen von Samana mit lokalem Naturforscher F\u00fchrer. Besuch der Buckelwale im Schutzgebiet und nach der Walbeobachtung in der Bucht von Samana, Besuch der Bacardi-Insel zum Mittagessen und Zeit am Strand.<\/p>\n<p>Nach diesem Ausflug bringen wir Sie zur\u00fcck zum Treffpunkt, an dem wir gestartet sind.<\/p>\n<p><strong>W\u00e4hlen Sie einen der verf\u00fcgbaren Tage f\u00fcr diese Tour:<\/strong><\/p>","protected":false},"featured_media":254,"template":"","meta":[],"product_brand":[],"product_cat":[122,443,124,232],"product_tag":[137,139,233,225,147,148,143,234,235,236,237,238],"class_list":{"0":"post-610","1":"product","2":"type-product","3":"status-publish","4":"has-post-thumbnail","6":"product_cat-tours-and-excursions","7":"product_cat-tours-y-excursiones-es","8":"product_cat-tours-excursions-samana-bay-dominican-republic","9":"product_cat-whale-watching-samana","10":"product_tag-bacardi-island","11":"product_tag-cayo-levantado","12":"product_tag-las-galeras","13":"product_tag-las-terrenas","14":"product_tag-samana-bay","15":"product_tag-samana-excursions","16":"product_tag-samana-tours","17":"product_tag-whale-samana","18":"product_tag-whale-tours","19":"product_tag-whale-watching-dominican-republic","20":"product_tag-whale-watching-excursion","21":"product_tag-whale-watching-samana","23":"first","24":"instock","25":"sale","26":"sold-individually","27":"shipping-taxable","28":"product-type-external"},"_links":{"self":[{"href":"https:\/\/haitises.com\/de\/wp-json\/wp\/v2\/product\/610","targetHints":{"allow":["GET"]}}],"collection":[{"href":"https:\/\/haitises.com\/de\/wp-json\/wp\/v2\/product"}],"about":[{"href":"https:\/\/haitises.com\/de\/wp-json\/wp\/v2\/types\/product"}],"wp:featuredmedia":[{"embeddable":true,"href":"https:\/\/haitises.com\/de\/wp-json\/wp\/v2\/media\/254"}],"wp:attachment":[{"href":"https:\/\/haitises.com\/de\/wp-json\/wp\/v2\/media?parent=610"}],"wp:term":[{"taxonomy":"product_brand","embeddable":true,"href":"https:\/\/haitises.com\/de\/wp-json\/wp\/v2\/product_brand?post=610"},{"taxonomy":"product_cat","embeddable":true,"href":"https:\/\/haitises.com\/de\/wp-json\/wp\/v2\/product_cat?post=610"},{"taxonomy":"product_tag","embeddable":true,"href":"https:\/\/haitises.com\/de\/wp-json\/wp\/v2\/product_tag?post=610"}],"curies":[{"name":"wp","href":"https:\/\/api.w.org\/{rel}","templated":true}]}}