{"id":608,"date":"2020-07-12T21:05:28","date_gmt":"2020-07-12T21:05:28","guid":{"rendered":"http:\/\/haitises.com\/?post_type=product&#038;p=608"},"modified":"2024-04-16T03:21:46","modified_gmt":"2024-04-16T03:21:46","slug":"private-wale-und-cayo-levantado-tour-vom-hafen-samana","status":"publish","type":"product","link":"https:\/\/haitises.com\/de\/privat\/private-wale-und-cayo-levantado-tour-vom-hafen-samana\/","title":{"rendered":"Private Tour zu den Walen und Cayo Levantado vom Hafen Samana aus"},"content":{"rendered":"<div class=\"vc_row wpb_row vc_row-fluid\" ><div class=\"wpb_column vc_column_container vc_col-sm-12\"><div class=\"vc_column-inner\"><div class=\"wpb_wrapper\"><div class=\"vc_empty_space\"   style=\"height: 32px\"><span class=\"vc_empty_space_inner\"><\/span><\/div>[mkdf_section_title title_tag=\u00bb\u00bb disable_break_words=\u00bbno\u00bb subtitle_tag=\u00bb\u00bb title=\u00bbSamana Cayo Levantado + Excursi\u00f3n de Ballenas\u00bb subtitle=\u00bbTour en bote desde el puerto de Saman\u00e1\u00bb]<div class=\"vc_message_box vc_message_box-standard vc_message_box-rounded vc_color-info\" ><div class=\"vc_message_box-icon\"><i class=\"fas fa-info-circle\"><\/i><\/div><p>Dies ist eine private Tour f\u00fcr mindestens 4 Personen. Um die gleiche Tour in Katamarangruppen zu buchen, klicken Sie hier.<br \/>\nWenn Sie weniger als 4 Personen sind und eine private Veranstaltung w\u00fcnschen, kontaktieren Sie uns bitte.<\/p>\n<\/div><div class=\"vc_empty_space\"   style=\"height: 32px\"><span class=\"vc_empty_space_inner\"><\/span><\/div><\/div><\/div><\/div><\/div><div class=\"vc_row wpb_row vc_row-fluid\" ><div class=\"wpb_column vc_column_container vc_col-sm-12\"><div class=\"vc_column-inner\"><div class=\"wpb_wrapper\">\n\t<div class=\"wpb_text_column wpb_content_element\" >\n\t\t<div class=\"wpb_wrapper\">\n\t\t\t<h3>Beschreibung<\/h3>\n<p>Vermeiden Sie gro\u00dfe Touristengruppen und machen Sie Ihre Walbeobachtung in der Bucht von Samana vom Hafen von Samana aus mit einem privaten Boot. Dieser Ausflug beginnt um 9:00 Uhr und endet um 17:00 Uhr. Da es sich jedoch um eine private Tour handelt, k\u00f6nnen Sie die Start- und Endzeit selbst bestimmen. Treffen Sie sich vorher in unserem B\u00fcro neben dem Royal Restaurant. Danach brechen wir unser Boot ab, um die Wale in ihrem eigenen Lebensraum zu besuchen. Unsere Kapit\u00e4ne sind geschult, um sicherzustellen, dass Sie Wale sehen.<\/p>\n<p>Von 9:00 bis 12:00 Uhr Walbeobachtungsstation und danach besuchen wir die Insel Bacardi \/ Cayo Levantado. Auf der Bacardi-Insel wird ein typisch dominikanisches Mittagsbuffet angeboten (Reis, Bohnen, Fisch, Salate...). Nach dem Mittagessen k\u00f6nnen Sie bis 16:30 Uhr schwimmen gehen. Die Tour endet um 17:00 Uhr am gleichen Hafen, von dem aus sie gestartet wurde.<\/p>\n<p><strong>Notiz:<\/strong> Diese Tour ist privat (nur Sie und Ihre Familie oder Freunde an Bord mit dem Kapit\u00e4n und Reiseleiter).<\/p>\n<ul>\n<li>Whale watching<\/li>\n<li>Eintrittskarten f\u00fcr die Sternwarte<\/li>\n<li>Inklusive Mittagsbuffet am Strand.<\/li>\n<li>Bootstransport<\/li>\n<li>Der Kapit\u00e4n erteilt Anweisungen und Aufsicht.<\/li>\n<li>Fremdenf\u00fchrer<\/li>\n<\/ul>\n<h3>Einschl\u00fcsse und Ausschl\u00fcsse<\/h3>\n<h4>Einschl\u00fcsse<\/h4>\n<ol>\n<li>Mittagsbuffet am Strand.<\/li>\n<li>Fremdenf\u00fchrer<\/li>\n<li>Katamaran oder Bootsfahrt<\/li>\n<li>Alle Steuern, Geb\u00fchren und Bearbeitungsgeb\u00fchren<\/li>\n<li>Lokale Steuern<\/li>\n<li>Getr\u00e4nke<\/li>\n<\/ol>\n<h4>Ausschl\u00fcsse<\/h4>\n<ol>\n<li>Tipps<\/li>\n<li>Transferwagen<\/li>\n<li>Alkoholische Getr\u00e4nke<\/li>\n<\/ol>\n<h3><em>Abreise und R\u00fcckkehr<\/em><\/h3>\n<p>Der Reisende erh\u00e4lt nach dem Buchungsvorgang einen Treffpunkt. Die Touren beginnen und enden an unseren Treffpunkten.<\/p>\n<h3><em>Was zu erwarten ist?<\/em><\/h3>\n<p>Sichern Sie sich Ihre Tickets f\u00fcr einen Tag privater Walbeobachtung in der Bucht von Samana sowie ein wunderbares Mittagessen und Strandaufenthalt auf der Insel Bacardi.<\/p>\n<p>El Daypass para la observaci\u00f3n de ballenas, organizado por \u00abBooking Adventures\u00bb comienza en el punto de encuentro establecido con el gu\u00eda tur\u00edstico. Almuerza en la playa y puedes quedarte todo el tiempo que quieras nadando. Si eres vegano, tambi\u00e9n podemos prepararte algo de comida.<\/p>\n<p><strong>Zeitplan:<\/strong><\/p>\n<p>8:45 UHR - 17:00 UHR<\/p>\n<h3><em>Was sollten Sie mitbringen?<\/em><\/h3>\n<ul>\n<li>Kamera<\/li>\n<li>Abwehrmittel<\/li>\n<li>Sonnenschutz<\/li>\n<li>Hut<\/li>\n<li>Bequeme Hose<\/li>\n<li>Sandalen zum Strand<\/li>\n<li>Badeanzug<\/li>\n<li>Bargeld f\u00fcr Souvenirs<\/li>\n<\/ul>\n<h3><em>Abholung vom Hotel<\/em><\/h3>\n<p>F\u00fcr diese Tour wird keine Abholung vom Hotel angeboten.<\/p>\n<p><strong>Notiz:<\/strong> Wenn Sie innerhalb von 24 Stunden vor der Abfahrtszeit der Tour\/des Ausflugs buchen, k\u00f6nnen wir gegen Aufpreis eine Abholung vom Hotel arrangieren. Sobald Ihr Kauf abgeschlossen ist, senden wir Ihnen die vollst\u00e4ndigen Kontaktinformationen (Telefonnummer, E-Mail-Adresse usw.) f\u00fcr unseren \u00f6rtlichen Reiseleiter, um die Abholung zu vereinbaren.<\/p>\n<h3><em>Best\u00e4tigung zus\u00e4tzlicher Informationen<\/em><\/h3>\n<ul>\n<li>Die Tickets sind die Quittung nach der Bezahlung dieser Tour. Sie k\u00f6nnen die Zahlung auf Ihrem Telefon anzeigen.<\/li>\n<li>Der Treffpunkt wird Ihnen nach der Buchung mitgeteilt.<\/li>\n<li>Kinder m\u00fcssen von einem Erwachsenen begleitet werden.<\/li>\n<li>Zug\u00e4nglich f\u00fcr Rollstuhlfahrer<\/li>\n<li>Kleinkinder sollten auf dem Scho\u00df sitzen<\/li>\n<li>Die meisten Reisenden k\u00f6nnen teilnehmen.<\/li>\n<\/ul>\n<h3><em>Annullierungspolitik<\/em><\/h3>\n<p>F\u00fcr eine vollst\u00e4ndige R\u00fcckerstattung stornieren Sie bitte mindestens 24 Stunden vor dem Startdatum des Erlebnisses.<\/p>\n<h3>Kontaktieren Sie uns!<br \/>\nSAMANA-WAL-TOUR<\/h3>\n<p>Reisef\u00fchrer\u00a0<strong>lokal<\/strong> y <strong>national<\/strong> und G\u00e4steservice<\/p>\n<p>Reservierungen: F\u00fchrungen und Ausfl\u00fcge in Dom. Rep.<\/p>\n<p>Tel\/WhatsApp +1-809-720-6035.<\/p>\n<p>info@bookingadventures.com.do<\/p>\n<p>Wir machen private Touren mit flexibler Konfiguration \u00fcber WhatsApp: +18097206035.<\/p>\n\n\t\t<\/div>\n\t<\/div>\n<\/div><\/div><\/div><\/div>","protected":false},"excerpt":{"rendered":"<p>Private Walbeobachtungstour in der Bucht von Samana, Dominikanische Republik, mit \u00f6rtlichen F\u00fchrern. F\u00fchlen Sie sich frei, Ihre Ankunftszeit zu planen oder den Ausflug zu beenden. Mittagessen und Zeitplan k\u00f6nnen Sie selbst bestimmen. Buchen Sie jetzt diesen Ausflug in der Bucht von Samana f\u00fcr ein tolles Walbeobachtungserlebnis.<\/p>\n<p>Hinweis: Diese Tour ist eine private Tour mit einer Mindestgeb\u00fchr. Wenn Sie sich einer Walbeobachtungsgruppe zum gleichen Preis auf einem Katamaran anschlie\u00dfen m\u00f6chten, KLICKEN SIE HIER.<\/p>\n<p><strong>Bitte w\u00e4hlen Sie das Datum der Exkursion aus:<\/strong><\/p>","protected":false},"featured_media":259,"template":"","meta":[],"product_brand":[],"product_cat":[443,124,232],"product_tag":[137,162,201,143,277,271,278,234,279,280,236],"class_list":{"0":"post-608","1":"product","2":"type-product","3":"status-publish","4":"has-post-thumbnail","6":"product_cat-tours-y-excursiones-es","7":"product_cat-tours-excursions-samana-bay-dominican-republic","8":"product_cat-whale-watching-samana","9":"product_tag-bacardi-island","10":"product_tag-cayo-levantado-day-pass","11":"product_tag-private-tours-samana","12":"product_tag-samana-tours","13":"product_tag-samana-whale","14":"product_tag-samana-whale-watching","15":"product_tag-samana-whale-watching-excursions","16":"product_tag-whale-samana","17":"product_tag-whale-watching","18":"product_tag-whale-watching-2020","19":"product_tag-whale-watching-dominican-republic","21":"first","22":"instock","23":"sale","24":"sold-individually","25":"shipping-taxable","26":"product-type-external"},"_links":{"self":[{"href":"https:\/\/haitises.com\/de\/wp-json\/wp\/v2\/product\/608","targetHints":{"allow":["GET"]}}],"collection":[{"href":"https:\/\/haitises.com\/de\/wp-json\/wp\/v2\/product"}],"about":[{"href":"https:\/\/haitises.com\/de\/wp-json\/wp\/v2\/types\/product"}],"wp:featuredmedia":[{"embeddable":true,"href":"https:\/\/haitises.com\/de\/wp-json\/wp\/v2\/media\/259"}],"wp:attachment":[{"href":"https:\/\/haitises.com\/de\/wp-json\/wp\/v2\/media?parent=608"}],"wp:term":[{"taxonomy":"product_brand","embeddable":true,"href":"https:\/\/haitises.com\/de\/wp-json\/wp\/v2\/product_brand?post=608"},{"taxonomy":"product_cat","embeddable":true,"href":"https:\/\/haitises.com\/de\/wp-json\/wp\/v2\/product_cat?post=608"},{"taxonomy":"product_tag","embeddable":true,"href":"https:\/\/haitises.com\/de\/wp-json\/wp\/v2\/product_tag?post=608"}],"curies":[{"name":"wp","href":"https:\/\/api.w.org\/{rel}","templated":true}]}}