{"id":564,"date":"2020-06-27T01:33:01","date_gmt":"2020-06-27T01:33:01","guid":{"rendered":"http:\/\/haitises.com\/?post_type=product&#038;p=564"},"modified":"2024-04-17T17:19:20","modified_gmt":"2024-04-17T17:19:20","slug":"kajakausflug-nach-los-haitises-2-stunden","status":"publish","type":"product","link":"https:\/\/haitises.com\/de\/privat\/kajakausflug-nach-los-haitises-2-stunden\/","title":{"rendered":"Los Haitises Kajak-Ausflug 2 Stunden"},"content":{"rendered":"<div class=\"vc_row wpb_row vc_row-fluid\" ><div class=\"wpb_column vc_column_container vc_col-sm-12\"><div class=\"vc_column-inner\"><div class=\"wpb_wrapper\">[mkdf_section_title subtitle_tag=\u00bb\u00bb subtitle=\u00bbKayaks y gu\u00eda local\u00bb]<\/div><\/div><\/div><\/div><div class=\"vc_row wpb_row vc_row-fluid\" ><div class=\"wpb_column vc_column_container vc_col-sm-12\"><div class=\"vc_column-inner\"><div class=\"wpb_wrapper\"><div class=\"vc_empty_space\"   style=\"height: 32px\"><span class=\"vc_empty_space_inner\"><\/span><\/div><\/div><\/div><\/div><\/div><div class=\"vc_row wpb_row vc_row-fluid\" ><div class=\"wpb_column vc_column_container vc_col-sm-12\"><div class=\"vc_column-inner\"><div class=\"wpb_wrapper\">\n\t<div class=\"wpb_text_column wpb_content_element\" >\n\t\t<div class=\"wpb_wrapper\">\n\t\t\t<div class=\"vc_row wpb_row vc_row-fluid\">\n<div class=\"wpb_column vc_column_container vc_col-sm-12\">\n<div class=\"vc_column-inner\">\n<div class=\"wpb_wrapper\">\n<div class=\"mkdf-section-title-holder\">\n<div class=\"mkdf-st-inner\">\n<h2>Kajakfahren im Nationalpark Los Haitises mit Reiseleiter Ca\u00f1o Hondo, 2 Stunden<\/h2>\n<h3>Beschreibung<\/h3>\n<p>Mangroven-Kajakfahren im Nationalpark Los Haitises mit einem 2-st\u00fcndigen lokalen F\u00fchrer. Besuch der Mangroven am Fluss Ca\u00f1o Hondo sowie ein \u00dcberblick \u00fcber die Bucht von San Lorenzo im Nationalpark Los Haitises, Gebiet Sabana de la Mar Ca\u00f1o Hondo. Falls Ihnen der l\u00e4ngere Ausflug gef\u00e4llt: Kajak 4 Stunden in Los Haitises.<\/p>\n<ul>\n<li>Der Guide bietet Anleitung und Betreuung.<\/li>\n<li>Kajaks und Paddel verf\u00fcgbar. Double f\u00fcr zwei Personen und Simple f\u00fcr eine Person.<\/li>\n<\/ul>\n<h3>Einschl\u00fcsse und Ausschl\u00fcsse<\/h3>\n<h4>Einschl\u00fcsse<\/h4>\n<ol>\n<li>Kajaktour<\/li>\n<li>Alle Steuern, Geb\u00fchren und Bearbeitungsgeb\u00fchren<\/li>\n<li>Lokale Steuern<\/li>\n<li>Lokaler F\u00fchrer<\/li>\n<\/ol>\n<h4>Ausschl\u00fcsse<\/h4>\n<ol>\n<li>Tipps<\/li>\n<li>Transport<\/li>\n<li>Mittagessen <em>NEIN<\/em> es ist im Preis inbegriffen.<\/li>\n<li>Die H\u00f6hlen <em>NEIN<\/em> sie sind enthalten<\/li>\n<li>Alkoholische Getr\u00e4nke<\/li>\n<\/ol>\n<h3><em>Abreise und R\u00fcckkehr<\/em><\/h3>\n<p>Der Reisende erh\u00e4lt nach dem Buchungsvorgang einen Treffpunkt. Die Touren beginnen und enden an unseren Treffpunkten.<\/p>\n<h3>Was zu erwarten ist?<\/h3>\n<p>Holen Sie sich Ihre Tickets f\u00fcr einen zweist\u00fcndigen Kajakausflug durch den Ca\u00f1o Hondo River Forest (Mangroven) mit lokalen Reiseleitern.<\/p>\n<p>Sobald wir alle f\u00fcr Ihre Sicherheit notwendigen Ausr\u00fcstungsgegenst\u00e4nde (Schwimmwesten usw.) besorgt haben, beginnt die Aktion mit dem Kajakfahren auf dem Fluss Ca\u00f1o Hondo.<\/p>\n<p>El recorrido, organizado por \u00abBooking Adventures\u00bb, comienza en el punto de encuentro establecido con el gu\u00eda tur\u00edstico. Tomando kayaks y atravesando manglares, pasando por antiguas cuevas piratas y en bosques protegidos en esta pintoresca reserva a partir del \u00e1rea de los Hoteles Ca\u00f1o Hondo o de Sabana de la Mar.<\/p>\n<p>Kommen Sie mit Booking Adventures und entdecken Sie Mangroven voller V\u00f6gel, sanfte H\u00fcgel mit \u00fcppiger Vegetation und H\u00f6hlen des Nationalparks Los Haitises. Machen Sie einen Kajakausflug vom Fluss Ca\u00f1o Hondo in Sabana de la Mar. Durch die Mangroven und landen Sie in der offenen Bucht von San Lorenzo, von wo aus Sie die raue Waldlandschaft fotografieren k\u00f6nnen. Schauen Sie ins Wasser, um Seek\u00fche, Krebstiere und Delfine zu beobachten.<\/p>\n<p>Falls Ihnen diese Reise gef\u00e4llt, haben wir eine zweite Option: Kajak in Los Haitises 4 Stunden<\/p>\n<p>Die Tour endet am Ausgangspunkt im Nationalpark Los Haitises. Wir empfehlen diesen Ausflug um 6:00 Uhr, falls Sie Seek\u00fche, Krebstiere und Delfine sehen m\u00f6chten.<\/p>\n<p>6:00 Uhr ist fr\u00fch, daher gibt es noch keine Boote im Nationalpark Los Haitises.<\/p>\n<h3><em>Was sollten Sie mitbringen?<\/em><\/h3>\n<ul>\n<li>Kamera<\/li>\n<li>Abwehrmittel<\/li>\n<li>Sonnenschutz<\/li>\n<li>Hut<\/li>\n<li>Bequeme Hose<\/li>\n<li>Sandalen<\/li>\n<li>Badeanzug<\/li>\n<\/ul>\n<h3><em>Abholung vom Hotel<\/em><\/h3>\n<p>F\u00fcr diese Tour wird keine Abholung vom Hotel angeboten.<\/p>\n<p><strong>Notiz:<\/strong> Wenn Sie innerhalb von 24 Stunden vor der Abfahrtszeit der Tour\/des Ausflugs buchen, k\u00f6nnen wir gegen Aufpreis eine Abholung vom Hotel arrangieren. Sobald Ihr Kauf abgeschlossen ist, senden wir Ihnen die vollst\u00e4ndigen Kontaktinformationen (Telefonnummer, E-Mail-Adresse usw.) f\u00fcr unseren \u00f6rtlichen Reiseleiter, um die Abholung zu vereinbaren.<\/p>\n<h3><em>Best\u00e4tigung zus\u00e4tzlicher Informationen<\/em><\/h3>\n<ul>\n<li>Die Tickets sind die Quittung nach der Bezahlung dieser Tour. Sie k\u00f6nnen die Zahlung auf Ihrem Telefon anzeigen.<\/li>\n<li>Der Treffpunkt wird Ihnen nach der Buchung mitgeteilt.<\/li>\n<li>Kinder m\u00fcssen von einem Erwachsenen begleitet werden.<\/li>\n<li>Nicht rollstuhlgerecht<\/li>\n<li>Kleinkinder sollten in einer Babyschale oder bei einem Erwachsenen sitzen<\/li>\n<li>F\u00fcr Reisende mit R\u00fcckenproblemen nicht zu empfehlen.<\/li>\n<li>F\u00fcr schwangere Frauen nicht empfohlen.<\/li>\n<li>Keine Herzprobleme oder andere schwerwiegende Erkrankungen.<\/li>\n<li>Die meisten Reisenden k\u00f6nnen teilnehmen<\/li>\n<\/ul>\n<h3><em>Annullierungspolitik<\/em><\/h3>\n<p>F\u00fcr eine vollst\u00e4ndige R\u00fcckerstattung stornieren Sie bitte mindestens 24 Stunden vor dem Startdatum des Erlebnisses.<\/p>\n<h3><em>Kontaktiere uns?<\/em><\/h3>\n<p>Abenteuer Buchungen<br \/>\nLokale und nationale Reiseleiter und G\u00e4steservice<\/p>\n<p>Reservierungen: F\u00fchrungen und Ausfl\u00fcge im Dom. Reps.<\/p>\n<p>\ud83d\udcde Tel\/WhatsApp +1-809-720-6035.<\/p>\n<p>\ud83d\udce9 info@bookingadventures.com.do<\/p>\n<p>Wir machen private Touren mit Flexibilit\u00e4t per WhatsApp: +18097206035.<\/p>\n<\/div>\n<\/div>\n<\/div>\n<\/div>\n<\/div>\n<\/div>\n<div class=\"vc_row wpb_row vc_row-fluid\">\n<div class=\"wpb_column vc_column_container vc_col-sm-12\">\n<div class=\"vc_column-inner\">\n<div class=\"wpb_wrapper\">\n<div class=\"wpb_text_column wpb_content_element\">\n<div class=\"wpb_wrapper\"><\/div>\n<\/div>\n<\/div>\n<\/div>\n<\/div>\n<\/div>\n\n\t\t<\/div>\n\t<\/div>\n<\/div><\/div><\/div><\/div>","protected":false},"excerpt":{"rendered":"<p>Ausflug zum Nationalpark Los Haitises von den Hotels Sabana de la Mar oder Ca\u00f1o Hondo aus. Mangroven-Kajakfahren im Nationalpark Los Haitises mit einem lokalen Reiseleiter. Besuch der Mangroven am Fluss Ca\u00f1o Hondo sowie ein \u00dcberblick \u00fcber die Bucht von San Lorenzo im Nationalpark Los Haitises, Gebiet Sabana de la Mar, Ca\u00f1o Hondo. Wenn auch Sie daran interessiert sind, die H\u00f6hlen zu besichtigen, buchen Sie hier eine 4-st\u00fcndige Kajakfahrt.<\/p>\n<ul>\n<li>Der Guide bietet Anleitung und Betreuung.<\/li>\n<li>Kajaks und Paddel verf\u00fcgbar. Double f\u00fcr zwei Personen und Simple f\u00fcr eine Person.<\/li>\n<\/ul>\n<p>Stellen Sie diese Tour mit einer Wanderroute zusammen und erfahren Sie mit Einheimischen etwas \u00fcber die Geschichte des Nationalparks Los Haitises.<\/p>\n<p><strong>Bitte w\u00e4hlen Sie das Datum f\u00fcr die Tour aus:<\/strong><\/p>","protected":false},"featured_media":113,"template":"","meta":[],"product_brand":[],"product_cat":[119,96,144,98,121,99,122,443,123,124],"product_tag":[126,127,149,145,150,151,152,153,132,133,114,148,143],"class_list":{"0":"post-564","1":"product","2":"type-product","3":"status-publish","4":"has-post-thumbnail","6":"product_cat-caves","7":"product_cat-hiking","8":"product_cat-kayaking","9":"product_cat-local-tour-guides","10":"product_cat-mangroves","11":"product_cat-swimming-natural-springs","12":"product_cat-tours-and-excursions","13":"product_cat-tours-y-excursiones-es","14":"product_cat-tours-excursions-los-haitises-national-park","15":"product_cat-tours-excursions-samana-bay-dominican-republic","16":"product_tag-cano-hondo","17":"product_tag-cano-hondo-hotel","18":"product_tag-cano-hondo-river","19":"product_tag-day-tour-cano-hondo","20":"product_tag-kayak-dominican-republic","21":"product_tag-kayak-los-haitises","22":"product_tag-kayak-tour","23":"product_tag-kayaking","24":"product_tag-los-haitises","25":"product_tag-los-haitises-national-park","26":"product_tag-sabana-de-la-mar","27":"product_tag-samana-excursions","28":"product_tag-samana-tours","30":"first","31":"instock","32":"sale","33":"sold-individually","34":"shipping-taxable","35":"product-type-external"},"_links":{"self":[{"href":"https:\/\/haitises.com\/de\/wp-json\/wp\/v2\/product\/564","targetHints":{"allow":["GET"]}}],"collection":[{"href":"https:\/\/haitises.com\/de\/wp-json\/wp\/v2\/product"}],"about":[{"href":"https:\/\/haitises.com\/de\/wp-json\/wp\/v2\/types\/product"}],"wp:featuredmedia":[{"embeddable":true,"href":"https:\/\/haitises.com\/de\/wp-json\/wp\/v2\/media\/113"}],"wp:attachment":[{"href":"https:\/\/haitises.com\/de\/wp-json\/wp\/v2\/media?parent=564"}],"wp:term":[{"taxonomy":"product_brand","embeddable":true,"href":"https:\/\/haitises.com\/de\/wp-json\/wp\/v2\/product_brand?post=564"},{"taxonomy":"product_cat","embeddable":true,"href":"https:\/\/haitises.com\/de\/wp-json\/wp\/v2\/product_cat?post=564"},{"taxonomy":"product_tag","embeddable":true,"href":"https:\/\/haitises.com\/de\/wp-json\/wp\/v2\/product_tag?post=564"}],"curies":[{"name":"wp","href":"https:\/\/api.w.org\/{rel}","templated":true}]}}