{"id":543,"date":"2020-06-14T19:18:13","date_gmt":"2020-06-14T19:18:13","guid":{"rendered":"http:\/\/haitises.com\/?post_type=product&#038;p=543"},"modified":"2024-08-22T05:45:22","modified_gmt":"2024-08-22T05:45:22","slug":"nationalpark-los-haitises-vom-hafen-von-samana-aus","status":"publish","type":"product","link":"https:\/\/haitises.com\/de\/privat\/nationalpark-los-haitises-vom-hafen-von-samana-aus\/","title":{"rendered":"Der Nationalpark Los Haitises vom Hafen von Saman\u00e1 aus"},"content":{"rendered":"<div class=\"vc_row wpb_row vc_row-fluid\" ><div class=\"wpb_column vc_column_container vc_col-sm-12\"><div class=\"vc_column-inner\"><div class=\"wpb_wrapper\">\n\t<div class=\"wpb_text_column wpb_content_element\" >\n\t\t<div class=\"wpb_wrapper\">\n\t\t\t<h2>Nationalpark Los Haitises (Bucht von Saman\u00e1) vom Hafen von Saman\u00e1 aus<\/h2>\n<ul>\n<li>Bootsausflug zum Nationalpark Los Haitises<br \/>\n<h3>Beschreibung<\/h3>\n<p>Besuchen Sie den Nationalpark Los Haitises vom Hafen von Saman\u00e1 aus. Kommen Sie mit uns und besuchen Sie den sch\u00f6nsten Nationalpark der Dominikanischen Republik, besuchen Sie Mangroven, H\u00f6hlen und die Bucht von San Lorenzo und \u00fcberqueren Sie die wundersch\u00f6ne Bucht von Saman\u00e1. Anschlie\u00dfend R\u00fcckkehr zum Hafen von Saman\u00e1.<\/li>\n<\/ul>\n<p>Nach diesem Erlebnis kehren Sie zum Hafen von Saman\u00e1 zur\u00fcck.<\/p>\n<ul>\n<li>Steuern inbegriffen<br \/>\nDer Guide bietet Anleitung und Betreuung.<\/li>\n<li>Einschl\u00fcsse und Ausschl\u00fcsse<\/li>\n<\/ul>\n<h3>Einschl\u00fcsse<\/h3>\n<ol>\n<li>Los Haitises Tour + H\u00f6hlen und Piktogramme<\/li>\n<li>Alle Steuern, Geb\u00fchren und Bearbeitungsgeb\u00fchren.<\/li>\n<li>Lokale Steuern<\/li>\n<li>Getr\u00e4nke<\/li>\n<li>Alle Aktivit\u00e4ten<\/li>\n<li>Lokaler F\u00fchrer<\/li>\n<\/ol>\n<h3>Ausschl\u00fcsse<\/h3>\n<ol>\n<li>Tipps<\/li>\n<li>\u00dcberweisen<\/li>\n<li>Alkoholische Getr\u00e4nke<\/li>\n<li>Das Mittagessen ist nicht inbegriffen, denn das Mittagessen beinhaltet die Wahl einer dieser Reisen: Los Haitises + Cayo Levantado ab dem Hafen von Saman\u00e1 oder Los Haitises + Cano Hondo ab dem Hafen von Saman\u00e1.<\/li>\n<\/ol>\n<h3>Abreise und R\u00fcckkehr<\/h3>\n<p>Der Reisende erh\u00e4lt nach dem Buchungsvorgang einen Treffpunkt. Die Touren beginnen und enden an unseren Treffpunkten.<\/p>\n<h3>Was zu erwarten ist?<\/h3>\n<p>Holen Sie sich Ihre Eintrittskarten f\u00fcr den Nationalpark Los Haitises mit einem wunderbaren Mittagessen im Ca\u00f1o Hondo und Schwimmen in den nat\u00fcrlichen Quellen.<\/p>\n<p>Vom Hafen von Saman\u00e1 aus fahren wir an Bord eines Bootes oder Katamarans mit einem lokalen Reiseleiter an der Bucht von Saman\u00e1 neben Sabana de la Mar vorbei, um einen der sch\u00f6nsten Nationalparks der Dominikanischen Republik zu besuchen. Haitises-Nationalpark.<\/p>\n<p>Besuchen Sie die Insel mit ihren V\u00f6geln. In der Brutzeit k\u00f6nnen wir sogar die Pelikan-K\u00fcken in den Nestern sehen. Gehen Sie weiter in die felsige Insel hinein und besuchen Sie die H\u00f6hlen mit Piktogrammen und Petrographen der Ureinwohner.<\/p>\n<p>El recorrido, organizado por \u00abBooking Adventures\u00bb, comienza en el punto de encuentro establecido con el gu\u00eda tur\u00edstico. Ven con Booking Adventures y comienza a observar algunos manglares llenos de p\u00e1jaros, colinas onduladas de exuberante vegetaci\u00f3n y cuevas del Parque Nacional Los Haitises.<\/p>\n<p>Durch die Mangroven und landen Sie in der offenen Bucht von San Lorenzo, von wo aus Sie die raue Waldlandschaft fotografieren k\u00f6nnen. Schauen Sie ins Wasser, um Seek\u00fche, Krebstiere und Delfine zu beobachten.<\/p>\n<p>El nombre del parque nacional proviene de sus habitantes originales, los indios ta\u00ednos. En su idioma, \u00abHaitises\u00bb se traduce en tierras altas o colinas, una referencia a las empinadas formaciones geol\u00f3gicas de la costa con calizas. Avent\u00farate en el parque para explorar cuevas como la Cueva de la Arena y la Cueva de la L\u00ednea. Las cuevas en la reserva fueron utilizadas como refugio por los indios ta\u00ednos y, m\u00e1s tarde, por los piratas escondidos. Busque dibujos de indios que decoran algunas de las paredes. Despu\u00e9s de visitar el Parque Nacional Los Haitises, regresaremos al puerto de Saman\u00e1 pasando la bah\u00eda de Saman\u00e1 30 minutos.<\/p>\n<p>Falls Ihnen diese Reise mehr gef\u00e4llt, haben wir diese Optionen:<\/p>\n<p>Los Haitises + Cayo Levantado vom Hafen von Saman\u00e1.<br \/>\nLos Haitises + Cano Hondo vom Hafen von Saman\u00e1.<\/p>\n<h3>Was sollten Sie mitbringen?<\/h3>\n<ul>\n<li>Kamera<\/li>\n<li>abweisende Knospen<\/li>\n<li>Sonnenschutz<\/li>\n<li>Hut<\/li>\n<li>Bequeme Hose<\/li>\n<li>Waldwanderschuhe<\/li>\n<li>Sandalen zu Fr\u00fchlingsbereichen.<\/li>\n<li>Badekleid<\/li>\n<\/ul>\n<h3>Abholung vom Hotel<\/h3>\n<p>F\u00fcr diese Tour wird keine Abholung vom Hotel angeboten.<\/p>\n<p>Hinweis: Wenn Sie innerhalb von 24 Stunden vor der Abfahrtszeit der Tour\/des Ausflugs buchen, k\u00f6nnen wir gegen Aufpreis eine Abholung vom Hotel arrangieren. Sobald Ihr Kauf abgeschlossen ist, senden wir Ihnen die vollst\u00e4ndigen Kontaktinformationen (Telefonnummer, E-Mail-Adresse usw.) f\u00fcr unseren \u00f6rtlichen Reiseleiter, um die Abholung zu vereinbaren.<\/p>\n<h3>Best\u00e4tigung zus\u00e4tzlicher Informationen<\/h3>\n<ol>\n<li>Die Tickets sind die Quittung nach der Bezahlung dieser Tour. Sie k\u00f6nnen die Zahlung auf Ihrem Telefon anzeigen.<\/li>\n<li>Der Treffpunkt wird Ihnen nach der Buchung mitgeteilt.<\/li>\n<li>Kinder m\u00fcssen von einem Erwachsenen begleitet werden.<\/li>\n<li>Nicht rollstuhlgerecht<\/li>\n<li>Kleinkinder sollten auf dem Scho\u00df sitzen<\/li>\n<li>F\u00fcr Reisende mit R\u00fcckenproblemen nicht zu empfehlen.<\/li>\n<li>F\u00fcr schwangere Reisende nicht empfohlen.<\/li>\n<li>Keine Herzprobleme oder andere schwerwiegende Erkrankungen.<\/li>\n<li>Die meisten Reisenden k\u00f6nnen teilnehmen.<\/li>\n<\/ol>\n<h3>Annullierungspolitik<\/h3>\n<p>F\u00fcr eine vollst\u00e4ndige R\u00fcckerstattung stornieren Sie bitte mindestens 24 Stunden vor dem Startdatum des Erlebnisses.<\/p>\n<h3>Kontaktiere uns?<\/h3>\n<p>Abenteuer buchen<br \/>\nLokale und nationale Reiseleiter und G\u00e4steservice<\/p>\n<p>Reservierungen: F\u00fchrungen und Ausfl\u00fcge in Dom. Rep.<\/p>\n<p>\ud83d\udcde Tel\/WhatsApp +1-809-720-6035.<\/p>\n<p>\ud83d\udce9 info@bookingadventures.com.do<\/p>\n<p>Wir machen private Touren mit Flexibilit\u00e4t per WhatsApp: +18097206035.<\/p>\n\n\t\t<\/div>\n\t<\/div>\n<\/div><\/div><\/div><\/div><div class=\"vc_row wpb_row vc_row-fluid\" ><div class=\"wpb_column vc_column_container vc_col-sm-12\"><div class=\"vc_column-inner\"><div class=\"wpb_wrapper\"><div class=\"vc_empty_space\"   style=\"height: 32px\"><span class=\"vc_empty_space_inner\"><\/span><\/div>\n\t<div class=\"wpb_video_widget wpb_content_element vc_clearfix   vc_video-aspect-ratio-169 vc_video-el-width-100 vc_video-align-left\" >\n\t\t<div class=\"wpb_wrapper\">\n\t\t\t<h2 class=\"wpb_heading wpb_video_heading\">Los Haitises und mehr...<\/h2>\n\t\t\t<div class=\"wpb_video_wrapper\"><iframe loading=\"lazy\" title=\"Dominikanische Republik - H\u00f6hlen von Los Haitises (Tainos), Piktogramme und Petroglyphen\" width=\"1100\" height=\"619\" src=\"https:\/\/www.youtube.com\/embed\/o_ExYqtOlH8?feature=oembed\" frameborder=\"0\" allow=\"accelerometer; autoplay; encrypted-media; gyroscope; picture-in-picture\" allowfullscreen><\/iframe><\/div>\n\t\t<\/div>\n\t<\/div>\n<\/div><\/div><\/div><\/div>","protected":false},"excerpt":{"rendered":"<p>\u00d6kologischer Ausflug in den Nationalpark Los Haitises mit einem lokalen F\u00fchrer. Besuch der Keys im Nationalpark Los Haitises, Mangroven, Vegetation, Vogelbeobachtung, H\u00f6hlen, Piktogramme und der historischen Gebiete von Sabana de la Mar im Nationalpark Los Haitises.<\/p>\n<p>&nbsp;<\/p>\n<p><strong>W\u00e4hlen Sie das Datum Ihres Besuchs:<\/strong><\/p>","protected":false},"featured_media":225,"template":"","meta":[],"product_brand":[],"product_cat":[121,435,430,443],"product_tag":[132,133,432,142,148,143],"class_list":{"0":"post-543","1":"product","2":"type-product","3":"status-publish","4":"has-post-thumbnail","6":"product_cat-mangroves","7":"product_cat-manglares","8":"product_cat-parque-nacional-los-haitises-samana","9":"product_cat-tours-y-excursiones-es","10":"product_tag-los-haitises","11":"product_tag-los-haitises-national-park","12":"product_tag-parque-nacional-los-haitises-samana","13":"product_tag-samana","14":"product_tag-samana-excursions","15":"product_tag-samana-tours","17":"first","18":"instock","19":"sale","20":"sold-individually","21":"shipping-taxable","22":"product-type-external"},"_links":{"self":[{"href":"https:\/\/haitises.com\/de\/wp-json\/wp\/v2\/product\/543","targetHints":{"allow":["GET"]}}],"collection":[{"href":"https:\/\/haitises.com\/de\/wp-json\/wp\/v2\/product"}],"about":[{"href":"https:\/\/haitises.com\/de\/wp-json\/wp\/v2\/types\/product"}],"wp:featuredmedia":[{"embeddable":true,"href":"https:\/\/haitises.com\/de\/wp-json\/wp\/v2\/media\/225"}],"wp:attachment":[{"href":"https:\/\/haitises.com\/de\/wp-json\/wp\/v2\/media?parent=543"}],"wp:term":[{"taxonomy":"product_brand","embeddable":true,"href":"https:\/\/haitises.com\/de\/wp-json\/wp\/v2\/product_brand?post=543"},{"taxonomy":"product_cat","embeddable":true,"href":"https:\/\/haitises.com\/de\/wp-json\/wp\/v2\/product_cat?post=543"},{"taxonomy":"product_tag","embeddable":true,"href":"https:\/\/haitises.com\/de\/wp-json\/wp\/v2\/product_tag?post=543"}],"curies":[{"name":"wp","href":"https:\/\/api.w.org\/{rel}","templated":true}]}}