{"id":244,"date":"2020-06-14T12:00:35","date_gmt":"2020-06-14T12:00:35","guid":{"rendered":"http:\/\/haitises.com\/product\/import-placeholder-for-9653\/"},"modified":"2020-09-13T21:07:19","modified_gmt":"2020-09-13T21:07:19","slug":"catalina-island-und-schnorcheln-mit-katamaran-party-ab-punta-cana-halbtagiges-erlebnis","status":"publish","type":"product","link":"https:\/\/haitises.com\/de\/privat\/catalina-island-und-schnorcheln-mit-katamaran-party-ab-punta-cana-halbtagiges-erlebnis\/","title":{"rendered":"Catalina Island und Schnorcheln mit Katamaran-Party ab Punta Cana \u2013 halbt\u00e4giges Erlebnis"},"content":{"rendered":"<div class=\"vc_row wpb_row vc_row-fluid\" ><div class=\"wpb_column vc_column_container vc_col-sm-12\"><div class=\"vc_column-inner\"><div class=\"wpb_wrapper\">[mkdf_section_title title_tag=\u00bb\u00bb disable_break_words=\u00bbno\u00bb subtitle_tag=\u00bb\u00bb title=\u00bb Catalina Island and Snorkeling with Catamaran Party From Punta Cana \u00bb subtitle=\u00bb Half Day Experience\u00bb]<\/div><\/div><\/div><\/div><div class=\"vc_row wpb_row vc_row-fluid\" ><div class=\"wpb_column vc_column_container vc_col-sm-12\"><div class=\"vc_column-inner\"><div class=\"wpb_wrapper\">\n\t<div class=\"wpb_text_column wpb_content_element\" >\n\t\t<div class=\"wpb_wrapper\">\n\t\t\t<div class=\"vc_row wpb_row vc_row-fluid\">\n<div class=\"wpb_column vc_column_container vc_col-sm-12\">\n<div class=\"vc_column-inner\">\n<div class=\"wpb_wrapper\">\n<div class=\"wpb_text_column wpb_content_element\">\n<div class=\"wpb_wrapper\">\n<div class=\"vc_row wpb_row vc_row-fluid\">\n<div class=\"wpb_column vc_column_container vc_col-sm-12\">\n<div class=\"vc_column-inner\">\n<div class=\"wpb_wrapper\">\n<div class=\"wpb_text_column wpb_content_element\">\n<div class=\"wpb_wrapper\">\n<h4><b><i>\u00dcbersicht<\/i><\/b><\/h4>\n<p>Wir genie\u00dfen eine Katamaran-Tour durch kristallklares Wasser zur Insel Catalina, dem bekanntesten Schnorchelgebiet der Dominikanischen Republik.<\/p>\n<p>Ihr Tag beginnt mit der Abholung in der Hauptlobby Ihres Hotels oder am angegebenen Treffpunkt. Dann fahren wir weiter nach Catalina Island, um ein erfrischendes Bad und ein paar Getr\u00e4nke zu genie\u00dfen, w\u00e4hrend wir mit einem Lehrer zwei Arten von Schnorcheln machen. Anschlie\u00dfend essen wir ein k\u00f6stliches Mittagsbuffet am Strand und nehmen an einigen Salsa-Kursen teil und Bachata, w\u00e4hrend wir auch einige k\u00f6stliche Getr\u00e4nke zubereiten. Wenn Sie genug vom Faulenzen am Strand haben, schnappen Sie sich eine Schnorchelausr\u00fcstung und bewundern Sie die Unterwasserwelt von Catalina.<\/p>\n<p>Das Meer, so unglaublich klar, und der wei\u00dfe Sand des Strandes warten auf Sie. Entspannen Sie sich auf einer Sonnenliege oder beim Schnorcheln \u2013 alles inklusive. Sie werden es genie\u00dfen, die Tradition unserer Musik und unseres Tanzes zu erleben.<\/p>\n<p><strong>Anmerkung:<\/strong> Diese Tour ist nicht privat. Wenn Sie eine private Tour vereinbaren m\u00f6chten, kontaktieren Sie uns einfach!<\/p>\n<ul>\n<li>\n<div class=\"py-1 inclusions-exclusions-item d-flex\" lang=\"en-x-mtfrom-en\">\n<div class=\"d-inline-block inclusions-exclusions-text\">Privater Transport<\/div>\n<\/div>\n<\/li>\n<li>Nat\u00fcrliches Schwimmbad zur Beobachtung von Seesternen<\/li>\n<li>Schnorcheln<\/li>\n<li>Mittagessen<\/li>\n<li>Boots-Katamaran-Transfer<\/li>\n<li>Der Kapit\u00e4n gibt Anweisungen und beaufsichtigt<\/li>\n<li>Reisef\u00fchrer<\/li>\n<\/ul>\n<p>&nbsp;<\/p>\n<h4><b>Einschl\u00fcsse &amp; Ausschl\u00fcsse<\/b><\/h4>\n<p><b>Einschl\u00fcsse<\/b><\/p>\n<ol>\n<li>Reisef\u00fchrer<\/li>\n<li>Schnorcheln<\/li>\n<li>Mittagessen<\/li>\n<li>Abholung in Hotels<\/li>\n<li>Katamaran oder Bootsfahrt<\/li>\n<li>Alle Steuern, Geb\u00fchren und Bearbeitungskosten<\/li>\n<li>Lokale Steuern<\/li>\n<li>Getr\u00e4nke<\/li>\n<\/ol>\n<p><b>Ausschl\u00fcsse<\/b><\/p>\n<ol>\n<li>Trinkgelder<\/li>\n<li>Fotos<\/li>\n<\/ol>\n<h4><em><strong>Abreise und R\u00fcckkehr<\/strong><\/em><\/h4>\n<p>Der Reisende erh\u00e4lt nach der Reservierung einen Treffpunkt. Die Touren beginnen und enden an unseren Treffpunkten.<\/p>\n<h3>Catalina Island und Schnorcheln mit Katamaran-Party ab Punta Cana \u2013 halbt\u00e4giges Erlebnis.<\/h3>\n<h4><b><i>Was ist zu erwarten?<\/i><\/b><\/h4>\n<p>W\u00e4hrend des Catalina Island-Ausflugs von Punta Cana aus haben G\u00e4ste die M\u00f6glichkeit, in den lebhaften Korallenriffen von Catalina zu schnorcheln, zwischen lebhaften Fischschw\u00e4rmen zu schwimmen und die atemberaubende karibische Unterwasserfauna zu genie\u00dfen.<\/p>\n<p>Wir beginnen den Schnorchelausflug am Morgen in Richtung La Romana. W\u00e4hrend der Fahrt fahren wir durch die Zuckerrohrfelder, w\u00e4hrend Ihr Reisef\u00fchrer interessante Informationen \u00fcber die Geschichte der Region, die allgemeine Kultur und die Rumherstellungstechniken des Landes liefert. Nach der Ankunft in La Romana besteigen wir unseren Katamaran und fahren Richtung Catalina. Unser erster Halt auf der Insel ist \u201eThe Wall\u201c, eine majest\u00e4tische Korallenwand, die sich von der Insel bis zum Karibischen Meer erstreckt.<\/p>\n<p>Nach dem Schnorcheln setzen Sie den Weg zum wundersch\u00f6nen Strand von Catalina fort, einem exklusiven Ort. Bei der Ankunft haben die G\u00e4ste Zugang zu 2 Kilometern wei\u00dfen Sandstr\u00e4nden und kristallklarem Wasser, einer Strandbar mit Getr\u00e4nken und einem k\u00f6stlichen dominikanischen Mittagsbuffet mit Grill. Wir gehen gegen 15:30 Uhr an Bord des Katamarans und kehren nach einem unglaublichen Tag voller Schnorcheln und Entspannung auf Catalina Island nach Punta Cana zur\u00fcck. InselW\u00e4hrend des Catalina Island-Ausflugs von Punta Cana aus haben G\u00e4ste die M\u00f6glichkeit, in den lebhaften Korallenriffen von Catalina zu schnorcheln, zwischen lebhaften Fischschw\u00e4rmen zu schwimmen und die atemberaubende karibische Unterwasserfauna zu genie\u00dfen.<\/p>\n<p>Wir beginnen den Schnorchelausflug am Morgen in Richtung La Romana. W\u00e4hrend der Fahrt fahren wir durch die Zuckerrohrfelder, w\u00e4hrend Ihr Reisef\u00fchrer interessante Informationen \u00fcber die Geschichte der Region, die allgemeine Kultur und die Rumherstellungstechniken des Landes liefert. Nach der Ankunft in La Romana besteigen wir unseren Katamaran und fahren Richtung Catalina.<\/p>\n<p>Unser erster Halt auf der Insel ist \u201eThe Wall\u201c, eine majest\u00e4tische Korallenwand, die sich von der Insel bis zum Karibischen Meer erstreckt. Nach dem Schnorcheln setzen Sie den Weg zum wundersch\u00f6nen Strand von Catalina fort, einem exklusiven Ort. Bei der Ankunft haben die G\u00e4ste Zugang zu 2 Kilometern wei\u00dfen Sandstr\u00e4nden und kristallklarem Wasser, einer Strandbar mit Getr\u00e4nken und einem k\u00f6stlichen dominikanischen Mittagsbuffet mit Grill. Wir gehen gegen 15:30 Uhr an Bord des Katamarans und kehren nach einem unglaublichen Tag voller Schnorcheln und Entspannung auf Catalina Island nach Punta Cana zur\u00fcck.<\/p>\n<p>&nbsp;<\/p>\n<p><strong>Zeitplan:<\/strong><\/p>\n<p>7:00 \u2013 16:30 Uhr<\/p>\n<p>&nbsp;<\/p>\n<\/div>\n<p>Die Zeit kann sich je nach Abfahrtszeit vom Hotel \u00e4ndern.<\/p>\n<div class=\"wpb_wrapper\">\n<p>&nbsp;<\/p>\n<h4><em><strong>Was sollten Sie mitbringen?<\/strong><\/em><\/h4>\n<ul>\n<li>Kamera<\/li>\n<li>Absto\u00dfende Knospen<\/li>\n<li>Sonnencreme<\/li>\n<li>Hut<\/li>\n<li>Bequeme Hosen<\/li>\n<li>Schwimmbekleidung<\/li>\n<li>Bargeld f\u00fcr Souvenirs<\/li>\n<\/ul>\n<p>&nbsp;<\/p>\n<h4><b><i>Abholung Hotel<\/i><\/b><\/h4>\n<p>F\u00fcr diese Tour wird keine Abholung vom Hotel angeboten. Wir k\u00f6nnen es \u00fcber WhatsApp einstellen.<\/p>\n<p>&nbsp;<\/p>\n<p><b>Anmerkung:<\/b>\u00a0Wenn Sie innerhalb von 24 Stunden vor der Abfahrtszeit der Tour\/Exkursion buchen, k\u00f6nnen wir die Abholung vom Hotel gegen Aufpreis organisieren. Sobald Ihr Kauf abgeschlossen ist, senden wir Ihnen die vollst\u00e4ndigen Kontaktdaten (Telefonnummer, E-Mail-Adresse, etc.) f\u00fcr unseren lokalen Reiseleiter, um die Abholung zu organisieren.<\/p>\n<h4><b><i>Zus\u00e4tzliche Informationen Best\u00e4tigung<\/i><\/b><\/h4>\n<ol>\n<li>Die Tickets sind die Quittung nach der Bezahlung dieser Tour. Sie k\u00f6nnen die Zahlung auf Ihrem Telefon zeigen.<\/li>\n<li>Der Treffpunkt wird nach der Reservierung mitgeteilt.<\/li>\n<li>Kinder m\u00fcssen von einem Erwachsenen begleitet werden.<\/li>\n<li>rollstuhlgerecht<\/li>\n<li>Kleinkinder m\u00fcssen auf dem Scho\u00df sitzen<\/li>\n<li>Die meisten Reisenden k\u00f6nnen teilnehmen<\/li>\n<\/ol>\n<h4><b><i>Stornierungspolitik<\/i><\/b><\/h4>\n<p>F\u00fcr eine vollst\u00e4ndige R\u00fcckerstattung stornieren Sie bitte mindestens 24 Stunden vor Beginn des Erlebnisses.<\/p>\n<\/div>\n<\/div>\n<\/div>\n<\/div>\n<\/div>\n<\/div>\n<\/div>\n<\/div>\n<\/div>\n<\/div>\n<\/div>\n<\/div>\n<div class=\"vc_row wpb_row vc_row-fluid\">\n<div class=\"wpb_column vc_column_container vc_col-sm-12\">\n<div class=\"vc_column-inner\">\n<div class=\"wpb_wrapper\">\n<div class=\"vc_empty_space\"><\/div>\n<div class=\"wpb_text_column wpb_content_element\">\n<div class=\"wpb_wrapper\">\n<h4>Kontaktieren Sie uns?<\/h4>\n<h5><b><i>Abenteuer buchen<\/i><\/b><\/h5>\n<p><em><strong>Einheimische<\/strong>\u00a0und\u00a0<strong>Nationals<\/strong>\u00a0Reiseleiter &amp; G\u00e4steservice<\/em><\/p>\n<p><span class=\"text-turquoise\">Reservierungen:<\/span>\u00a0Touren &amp; Ausfl\u00fcge in Dom. Rep.<\/p>\n<p><img decoding=\"async\" class=\"emoji\" src=\"https:\/\/s.w.org\/images\/core\/emoji\/11.2.0\/svg\/1f4de.svg\" alt=\"\ud83d\udcde\" title=\"\">\u00a0Telefon \/ Whatsapp\u00a0\u00a0<a href=\"tel:+1-809-720-6035\">+1-809-720-6035<\/a>.<\/p>\n<p><img decoding=\"async\" class=\"emoji\" src=\"https:\/\/s.w.org\/images\/core\/emoji\/11.2.0\/svg\/1f4e9.svg\" alt=\"\ud83d\udce9\" title=\"\">\u00a0<a href=\"mailto:info@bookingadventures.com.do\">info@bookingadventures.com.do<\/a><\/p>\n<p><strong>Wir sind flexibel und stellen private Touren per Whatsapp ein:\u00a0<a href=\"tel:+18097206035\">+18097206035.<\/a><\/strong><\/p>\n<\/div>\n<\/div>\n<\/div>\n<\/div>\n<\/div>\n<\/div>\n\n\t\t<\/div>\n\t<\/div>\n<\/div><\/div><\/div><\/div>","protected":false},"excerpt":{"rendered":"<p>Die winzige Insel Catalina (Isla Catalina), nur 2,4 Kilometer vom Festland der Dominikanischen Republik entfernt, ist ein idyllischer Sandfleck im t\u00fcrkisfarbenen Wasser der Karibik. Catalina ist f\u00fcr seine gut besiedelten Korallenriffe bekannt und ein friedlicher R\u00fcckzugsort f\u00fcr alle, die dem gesch\u00e4ftigen Treiben in Punta Cana und La Romana entfliehen m\u00f6chten.<\/p>\n<p>Buchen Sie einen Halbtagesausflug bei uns. Catalina Island in einem Partykatamaran mit Schnorcheln!<\/p>\n<p>Bitte w\u00e4hlen Sie das Datum f\u00fcr die Exkursion:<\/p>","protected":false},"featured_media":470,"template":"","meta":[],"product_brand":[],"product_cat":[373,135,305,122,124],"product_tag":[374,364,260,362,375],"class_list":{"0":"post-244","1":"product","2":"type-product","3":"status-publish","4":"has-post-thumbnail","6":"product_cat-catalina-island-catamaran-and-snorkeling","7":"product_cat-lunch","8":"product_cat-tours-and-excursion-punta-cana","9":"product_cat-tours-and-excursions","10":"product_cat-tours-excursions-samana-bay-dominican-republic","11":"product_tag-catalina-island-snorkeling-dominican-republic","12":"product_tag-cheap-punta-cana-excursions","13":"product_tag-day-trip-punta-cana","14":"product_tag-punta-cana-catamaran-party-with-snorkeling-and-parasailing","15":"product_tag-talina-island-snorkeling","17":"first","18":"onbackorder","19":"sale","20":"virtual","21":"sold-individually","22":"purchasable","23":"product-type-simple"},"_links":{"self":[{"href":"https:\/\/haitises.com\/de\/wp-json\/wp\/v2\/product\/244","targetHints":{"allow":["GET"]}}],"collection":[{"href":"https:\/\/haitises.com\/de\/wp-json\/wp\/v2\/product"}],"about":[{"href":"https:\/\/haitises.com\/de\/wp-json\/wp\/v2\/types\/product"}],"wp:featuredmedia":[{"embeddable":true,"href":"https:\/\/haitises.com\/de\/wp-json\/wp\/v2\/media\/470"}],"wp:attachment":[{"href":"https:\/\/haitises.com\/de\/wp-json\/wp\/v2\/media?parent=244"}],"wp:term":[{"taxonomy":"product_brand","embeddable":true,"href":"https:\/\/haitises.com\/de\/wp-json\/wp\/v2\/product_brand?post=244"},{"taxonomy":"product_cat","embeddable":true,"href":"https:\/\/haitises.com\/de\/wp-json\/wp\/v2\/product_cat?post=244"},{"taxonomy":"product_tag","embeddable":true,"href":"https:\/\/haitises.com\/de\/wp-json\/wp\/v2\/product_tag?post=244"}],"curies":[{"name":"wp","href":"https:\/\/api.w.org\/{rel}","templated":true}]}}