{"id":11702,"date":"2023-10-04T07:40:35","date_gmt":"2023-10-04T07:40:35","guid":{"rendered":"http:\/\/haitises.com\/?post_type=product&#038;p=11702"},"modified":"2024-03-28T15:26:25","modified_gmt":"2024-03-28T15:26:25","slug":"ausflug-walbeobachtung-samana-bay-cayo-levantado-von-puerto-plata-privater-transport","status":"publish","type":"product","link":"https:\/\/haitises.com\/de\/privat\/ausflug-walbeobachtung-samana-bay-cayo-levantado-von-puerto-plata-privater-transport\/","title":{"rendered":"Ausflug Walbeobachtung Saman\u00e1 Bay + Cayo Levantado von Puerto Plata (privater Transport)"},"content":{"rendered":"<div class=\"vc_row wpb_row vc_row-fluid\" ><\/div><div class=\"wpb_column vc_column_container vc_col-sm-12\"><div class=\"vc_column-inner\"><div class=\"wpb_wrapper\"><\/div><\/div><\/div>\n\t<div class=\"wpb_text_column wpb_content_element\" >\n\t\t<div class=\"wpb_wrapper\">\n\t\t\t\n\t\t<\/div>\n\t<\/div>\n<div class=\"vc_row wpb_row vc_row-fluid\">\n<div class=\"wpb_column vc_column_container vc_col-sm-12\">\n<div class=\"vc_column-inner\">\n<div class=\"wpb_wrapper\">\n<div class=\"wpb_text_column wpb_content_element\">\n<div class=\"wpb_wrapper\">\n<h3>Ausflug zur Walbeobachtung in der Bucht von Samana + Cayo Levantado ab Puerto Plata (privater Transport)<\/h3>\n<p>Ab Puerto Plata, Sosua oder Cabarete. Wir holen Sie bei Ihnen zu Hause ab und fahren zur Saman\u00e1 Bay. Diese Reise beginnt um 9:00 Uhr am Hafen von Saman\u00e1 und endet um 17:00 Uhr. Wir k\u00f6nnen jedoch zeitlich flexibel sein, um Sie zu Ihrem Ort zur\u00fcckzubringen.<\/p>\n<p>Nach dem Abbruch unseres Katamarans oder Bootes besuchen wir die Wale in ihrem eigenen Lebensraum. Von 9:00 bis 12:00 Uhr Walobservatorium und Nach dieser Walbeobachtungstour besuchen wir die Insel Bacardi \/ Cayo Levantado. Auf der Insel Bacardi wird ein Mittagsbuffet im typisch dominikanischen Stil angeboten. Nach dem Mittagessen d\u00fcrfen Sie bis 16:30 Uhr schwimmen. Die Tour endet am selben Hafen, von wo aus sie um 17:00 Uhr beginnt.<\/p>\n<p><em><strong>Hinweis: Diese Tour ist nicht privat. Nur privater Transport von Puerto Plata. F\u00fcr eine private Bootstour kontaktieren Sie uns bitte.<\/strong><\/em><\/p>\n<ul>\n<li>Walbeobachtungstour<\/li>\n<li>Abholung in den Gegenden von Puerto Plata.<\/li>\n<li>Eintrittsgelder f\u00fcr die Sternwarte<\/li>\n<li>Inklusive Mittagsbuffet am Strand<\/li>\n<li>Bootstransfer<\/li>\n<li>Der Kapit\u00e4n gibt Anweisungen und beaufsichtigt<\/li>\n<li>Reisef\u00fchrer<\/li>\n<\/ul>\n<p>&nbsp;<\/p>\n<h4><b>Einschl\u00fcsse &amp; Ausschl\u00fcsse<\/b><\/h4>\n<p>&nbsp;<\/p>\n<p><b>Einschl\u00fcsse<\/b><\/p>\n<p>&nbsp;<\/p>\n<ol>\n<li>Mittagsbuffet am Strand<\/li>\n<li>Transferwagen<\/li>\n<li>Reiseleiter bei der Walbeobachtungstour<\/li>\n<li>Katamaran oder Bootsfahrt<\/li>\n<li>Alle Steuern, Geb\u00fchren und Bearbeitungskosten<\/li>\n<li>Lokale Steuern<\/li>\n<li>Getr\u00e4nke<\/li>\n<\/ol>\n<p><b>Ausschl\u00fcsse<\/b><\/p>\n<ol>\n<li>Trinkgelder<\/li>\n<li>Alkoholische Getr\u00e4nke<\/li>\n<\/ol>\n<p>&nbsp;<\/p>\n<h4><em><strong>Abreise und R\u00fcckkehr<\/strong><\/em><\/h4>\n<p>Der Reisende erh\u00e4lt nach dem Reservierungsprozess einen Treffpunkt. Die Touren beginnen und enden an unseren Treffpunkten.<\/p>\n<p>&nbsp;<\/p>\n<h4><b><i>Was ist zu erwarten?<\/i><\/b><\/h4>\n<p>&nbsp;<\/p>\n<p><em><strong>Holen Sie sich Ihre Tickets<\/strong><\/em> f\u00fcr eine eint\u00e4gige Walbeobachtungstour in der Bucht von Saman\u00e1 mit Start in Sosua, Cabarete oder einem anderen Gebiet in Puerto Plata. Vermeiden Sie den Transport mit gro\u00dfen Gruppen und genie\u00dfen Sie ein wunderbares Mittagessen und eine Strandzeit.<\/p>\n<p>Der Tagespass f\u00fcr die Walbeobachtung ab Puerto Plata wird von \u201eBooking Adventures\u201c organisiert und beginnt am Treffpunkt, der per WhatsApp oder E-Mail festgelegt wurde. Mittagessen am Strand und Sie k\u00f6nnen so lange bleiben, wie Sie m\u00f6chten, und schwimmen. Wenn Sie Veganer sind, k\u00f6nnen wir auch etwas Essen f\u00fcr Sie zubereiten.<\/p>\n<p><strong>Zeitplan:<\/strong><\/p>\n<p>5:45 \u2013 16:00 Uhr Die Zeit kann sich je nach Ihren Bed\u00fcrfnissen \u00e4ndern.<\/p>\n<p>&nbsp;<\/p>\n<h4><em><strong>Was sollten Sie mitbringen?<\/strong><\/em><\/h4>\n<ul>\n<li>Kamera<\/li>\n<li>Absto\u00dfende Knospen<\/li>\n<li>Sonnencreme<\/li>\n<li>Hut<\/li>\n<li>Bequeme Hosen<\/li>\n<li>Sandalen f\u00fcr den Strand<\/li>\n<li>Schwimmbekleidung<\/li>\n<li>Bargeld f\u00fcr Souvenirs<\/li>\n<\/ul>\n<p>&nbsp;<\/p>\n<h4><b><i>Abholung Hotel<\/i><\/b><\/h4>\n<p>F\u00fcr diese Tour wird eine Abholung vom Hotel angeboten.<\/p>\n<p>&nbsp;<\/p>\n<p><b>Anmerkung:<\/b> Wenn Ihre Buchung innerhalb von 24 Stunden vor der Abfahrtszeit der Tour\/des Ausflugs erfolgt, arrangieren wir die Abholung vom Hotel. Sobald Ihr Kauf abgeschlossen ist, senden wir Ihnen die vollst\u00e4ndigen Kontaktinformationen (Telefonnummer, E-Mail-Adresse usw.) f\u00fcr unseren \u00f6rtlichen Reiseleiter, um die Abholung zu organisieren.<\/p>\n<h4><b><i>Zus\u00e4tzliche Informationen Best\u00e4tigung<\/i><\/b><\/h4>\n<ol>\n<li>Die Tickets sind die Quittung nach der Bezahlung dieser Tour. Sie k\u00f6nnen die Zahlung auf Ihrem Telefon zeigen.<\/li>\n<li>Der Treffpunkt wird nach der Reservierung mitgeteilt.<\/li>\n<li>Kinder m\u00fcssen von einem Erwachsenen begleitet werden.<\/li>\n<li>rollstuhlgerecht<\/li>\n<li>Kleinkinder m\u00fcssen auf dem Scho\u00df sitzen<\/li>\n<li>Die meisten Reisenden k\u00f6nnen teilnehmen<\/li>\n<\/ol>\n<h4><b><i>Stornierungspolitik<\/i><\/b><\/h4>\n<p>F\u00fcr eine vollst\u00e4ndige R\u00fcckerstattung stornieren Sie bitte mindestens 24 Stunden vor Beginn des Erlebnisses.<\/p>\n<\/div>\n<\/div>\n<\/div>\n<\/div>\n<\/div>\n<\/div>\n<div class=\"vc_row wpb_row vc_row-fluid\">\n<div class=\"wpb_column vc_column_container vc_col-sm-12\">\n<div class=\"vc_column-inner\">\n<div class=\"wpb_wrapper\">\n<div class=\"wpb_text_column wpb_content_element\">\n<div class=\"wpb_wrapper\">\n<h4>Kontaktieren Sie uns?<\/h4>\n<h5><b><i>WALE SAMANA TOUR<\/i><\/b><\/h5>\n<p><em><strong>Einheimische<\/strong>\u00a0und\u00a0<strong>Nationals<\/strong>\u00a0Reiseleiter &amp; G\u00e4steservice<\/em><\/p>\n<p><span class=\"text-turquoise\"><span style=\"vertical-align: inherit;\"><span style=\"vertical-align: inherit;\">Reservierungen:<\/span><\/span><\/span><span style=\"vertical-align: inherit;\"><span style=\"vertical-align: inherit;\"> \u00a0Touren und Exkursionen in Dom. <\/span><span style=\"vertical-align: inherit;\">Repr\u00e4sentanten.<\/span><\/span><\/p>\n<p><img decoding=\"async\" class=\"emoji\" draggable=\"false\" src=\"https:\/\/s.w.org\/images\/core\/emoji\/11.2.0\/svg\/1f4de.svg\" alt=\"\ud83d\udcde\" title=\"\"><span style=\"vertical-align: inherit;\"><span style=\"vertical-align: inherit;\">\u00a0Telefon \/ Whatsapp\u00a0\u00a0 <\/span><\/span><a href=\"tel:+1-809-720-6035\"><span style=\"vertical-align: inherit;\"><span style=\"vertical-align: inherit;\">+ 1-809-720-6035<\/span><\/span><\/a><span style=\"vertical-align: inherit;\"><span style=\"vertical-align: inherit;\"> .<\/span><\/span><\/p>\n<p><img decoding=\"async\" class=\"emoji\" draggable=\"false\" src=\"https:\/\/s.w.org\/images\/core\/emoji\/11.2.0\/svg\/1f4e9.svg\" alt=\"\ud83d\udce9\" title=\"\">\u00a0<a href=\"mailto:info@bookingadventures.com.do\"><span style=\"vertical-align: inherit;\"><span style=\"vertical-align: inherit;\">info@bookingadventures.com.do<\/span><\/span><\/a><\/p>\n<p><strong><span style=\"vertical-align: inherit;\"><span style=\"vertical-align: inherit;\">Wir sind private Touren der flexiblen Konfiguration durch Whatsapp:\u00a0 <\/span><\/span><a href=\"tel:+18097206035\"><span style=\"vertical-align: inherit;\"><span style=\"vertical-align: inherit;\">+18097206035.<\/span><\/span><\/a><\/strong><\/p>\n<\/div>\n<\/div>\n<\/div>\n<\/div>\n<\/div>\n<\/div>\n<p><span style=\"vertical-align: inherit;\"><span style=\"vertical-align: inherit;\">[\/ vc_column_text] [\/ vc_column] [\/ vc_row] [\/ vc_column_text] [\/ vc_column] [\/ vc_row].<\/span><\/span><\/p>","protected":false},"excerpt":{"rendered":"<p><span style=\"vertical-align: inherit;\"><span style=\"vertical-align: inherit;\">Von Puerto Plata, Sosua oder Cabarete bis zum Hafen der Bucht von Saman\u00e1. <\/span><span style=\"vertical-align: inherit;\">Mit professionellen Naturf\u00fchrern f\u00fcr Walbeobachtung. <\/span><span style=\"vertical-align: inherit;\">Wenn Sie uns f\u00fcr eine Beratung kontaktieren m\u00f6chten, senden Sie uns bitte eine E-Mail, WhatsApp oder rufen Sie uns an.<\/span><\/span><\/p>\n<p><span style=\"vertical-align: inherit;\"><span style=\"vertical-align: inherit;\">Bitte reservieren Sie Ihre Tickets rechtzeitig. <\/span><span style=\"vertical-align: inherit;\">W\u00e4hrend der Walsaison gibt es viele Reservierungen und wir m\u00f6chten, dass Ihre Tickets f\u00fcr Sie sicher sind. <\/span><span style=\"vertical-align: inherit;\">Vereinbaren Sie mit uns den Abholort und die Abholzeit.<\/span><\/span><\/p>\n<p><em><strong><span style=\"vertical-align: inherit;\"><span style=\"vertical-align: inherit;\">W\u00e4hlen Sie das Datum des Ausflugs:<\/span><\/span><\/strong><\/em><\/p>","protected":false},"featured_media":11739,"template":"","meta":[],"product_brand":[],"product_cat":[584,571,492,493,494,495,496,497,485,498,499],"product_tag":[142,488,489,393,490,234,236,491],"class_list":{"0":"post-11702","1":"product","2":"type-product","3":"status-publish","4":"has-post-thumbnail","6":"product_cat-1-puerto-plata","7":"product_cat-1-samana","8":"product_cat-puerto-plata-2021","9":"product_cat-tours-excursions","10":"product_cat-tours-excursions-whale-watching-samana-bay-dominican-republic","11":"product_cat-whale-miches","12":"product_cat-whale-sabana-de-la-mar","13":"product_cat-whale-samana","14":"product_cat-whale-watching","15":"product_cat-whale-watching-puerto-plata","16":"product_cat-whale-watching-punta-cana","17":"product_tag-samana","18":"product_tag-samana-tour","19":"product_tag-whale","20":"product_tag-whale-punta-cana","21":"product_tag-whale-sabana-de-la-mar","22":"product_tag-whale-samana","23":"product_tag-whale-watching-dominican-republic","24":"product_tag-whales-trips","26":"first","27":"instock","28":"sale","29":"shipping-taxable","30":"product-type-external"},"_links":{"self":[{"href":"https:\/\/haitises.com\/de\/wp-json\/wp\/v2\/product\/11702","targetHints":{"allow":["GET"]}}],"collection":[{"href":"https:\/\/haitises.com\/de\/wp-json\/wp\/v2\/product"}],"about":[{"href":"https:\/\/haitises.com\/de\/wp-json\/wp\/v2\/types\/product"}],"wp:featuredmedia":[{"embeddable":true,"href":"https:\/\/haitises.com\/de\/wp-json\/wp\/v2\/media\/11739"}],"wp:attachment":[{"href":"https:\/\/haitises.com\/de\/wp-json\/wp\/v2\/media?parent=11702"}],"wp:term":[{"taxonomy":"product_brand","embeddable":true,"href":"https:\/\/haitises.com\/de\/wp-json\/wp\/v2\/product_brand?post=11702"},{"taxonomy":"product_cat","embeddable":true,"href":"https:\/\/haitises.com\/de\/wp-json\/wp\/v2\/product_cat?post=11702"},{"taxonomy":"product_tag","embeddable":true,"href":"https:\/\/haitises.com\/de\/wp-json\/wp\/v2\/product_tag?post=11702"}],"curies":[{"name":"wp","href":"https:\/\/api.w.org\/{rel}","templated":true}]}}