{"id":11675,"date":"2023-10-04T07:40:10","date_gmt":"2023-10-04T07:40:10","guid":{"rendered":"http:\/\/haitises.com\/?post_type=product&#038;p=11675"},"modified":"2024-03-28T19:58:37","modified_gmt":"2024-03-28T19:58:37","slug":"samana-walbeobachtung-von-las-terrenas-hotels-halbtagesausflug-zur-walbeobachtung","status":"publish","type":"product","link":"https:\/\/haitises.com\/de\/privat\/samana-walbeobachtung-von-las-terrenas-hotels-halbtagesausflug-zur-walbeobachtung\/","title":{"rendered":"Saman\u00e1 Whale Watching From Las Terrenas Hotels. Half Day Trip For Whale watching."},"content":{"rendered":"<div class=\"vc_row wpb_row vc_row-fluid\" ><div class=\"wpb_column vc_column_container vc_col-sm-12\"><div class=\"vc_column-inner\"><div class=\"wpb_wrapper\">[mkdf_section_title title_tag=\u00bb\u00bb disable_break_words=\u00bbno\u00bb subtitle_tag=\u00bb\u00bb title=\u00bbWhale Watching 2020 in Las Terrenas to Samana Bay\u00bb subtitle=\u00bbSamana Whale Watching From Las Terrenas Hotels. Half Day Trip For Whale watching.\u00bb]<div class=\"vc_btn3-container vc_btn3-inline\" ><button class=\"vc_general vc_btn3 vc_btn3-size-md vc_btn3-shape-rounded vc_btn3-style-modern vc_btn3-color-green\">JETZT BUCHEN<\/button><\/div><\/div><\/div><\/div><\/div><div class=\"vc_row wpb_row vc_row-fluid\" ><\/div><div class=\"wpb_column vc_column_container vc_col-sm-12\"><div class=\"vc_column-inner\"><div class=\"wpb_wrapper\"><\/div><\/div><\/div>\n\t<div class=\"wpb_text_column wpb_content_element\" >\n\t\t<div class=\"wpb_wrapper\">\n\t\t\t<p>Ich bin ein Textblock. Klicken Sie auf die Schaltfl\u00e4che \"Bearbeiten\", um diesen Text zu \u00e4ndern. Lorem ipsum dolor sit amet, consectetur adipiscing elit. Ut elit tellus, luctus nec ullamcorper mattis, pulvinar dapibus leo.<\/p>\n\n\t\t<\/div>\n\t<\/div>\n<div class=\"vc_row wpb_row vc_row-fluid\" ><div class=\"wpb_column vc_column_container vc_col-sm-12\"><div class=\"vc_column-inner\"><div class=\"wpb_wrapper\"><div class=\"vc_btn3-container vc_btn3-inline\" ><button class=\"vc_general vc_btn3 vc_btn3-size-md vc_btn3-shape-rounded vc_btn3-style-modern vc_btn3-color-green\">JETZT BUCHEN<\/button><\/div><\/div><\/div><\/div><\/div>","protected":false},"excerpt":{"rendered":"<p><span style=\"vertical-align: inherit;\"><span style=\"vertical-align: inherit;\">Desde los hoteles de Las Terrenas ven con nosotros a visitar las ballenas jorobadas en el santuario de la Bah\u00eda de Saman\u00e1, Rep\u00fablica Dominicana. <\/span><span style=\"vertical-align: inherit;\">Viajes diarios de avistamiento de ballenas desde las Terrenas en Saman\u00e1. <\/span><span style=\"vertical-align: inherit;\">Cont\u00e1ctenos si tiene alguna pregunta sobre los viajes de avistamiento de ballenas en la bah\u00eda de Saman\u00e1 desde Las Terrenas.<\/span><\/span><\/p>\n<p>&nbsp;<\/p>\n<p><em><strong><span style=\"vertical-align: inherit;\"><span style=\"vertical-align: inherit;\">W\u00e4hlen Sie das Datum des Ausflugs:<\/span><\/span><\/strong><\/em><\/p>","protected":false},"featured_media":11217,"template":"","meta":[],"product_brand":[],"product_cat":[571,120,232],"product_tag":[390,137,162,364,283,422,225,381,423,420,201,147,392,271,424,234,280,236,425],"class_list":{"0":"post-11675","1":"product","2":"type-product","3":"status-publish","4":"has-post-thumbnail","6":"product_cat-1-samana","7":"product_cat-fees-entrace","8":"product_cat-whale-watching-samana","9":"product_tag-390","10":"product_tag-bacardi-island","11":"product_tag-cayo-levantado-day-pass","12":"product_tag-cheap-punta-cana-excursions","13":"product_tag-el-limon-waterfall-and-bacardi-island-tour-from-punta-cana","14":"product_tag-half-day-whale-watching-las-terrenas","15":"product_tag-las-terrenas","16":"product_tag-las-terrenas-excursions","17":"product_tag-las-terrenas-whale-watching","18":"product_tag-limon-from-punta-cana","19":"product_tag-private-tours-samana","20":"product_tag-samana-bay","21":"product_tag-samana-day-trip","22":"product_tag-samana-whale-watching","23":"product_tag-whale-las-terrenas","24":"product_tag-whale-samana","25":"product_tag-whale-watching-2020","26":"product_tag-whale-watching-dominican-republic","27":"product_tag-whale-watching-trips-las-terrenas","29":"first","30":"instock","31":"sale","32":"sold-individually","33":"shipping-taxable","34":"product-type-external"},"_links":{"self":[{"href":"https:\/\/haitises.com\/de\/wp-json\/wp\/v2\/product\/11675","targetHints":{"allow":["GET"]}}],"collection":[{"href":"https:\/\/haitises.com\/de\/wp-json\/wp\/v2\/product"}],"about":[{"href":"https:\/\/haitises.com\/de\/wp-json\/wp\/v2\/types\/product"}],"wp:featuredmedia":[{"embeddable":true,"href":"https:\/\/haitises.com\/de\/wp-json\/wp\/v2\/media\/11217"}],"wp:attachment":[{"href":"https:\/\/haitises.com\/de\/wp-json\/wp\/v2\/media?parent=11675"}],"wp:term":[{"taxonomy":"product_brand","embeddable":true,"href":"https:\/\/haitises.com\/de\/wp-json\/wp\/v2\/product_brand?post=11675"},{"taxonomy":"product_cat","embeddable":true,"href":"https:\/\/haitises.com\/de\/wp-json\/wp\/v2\/product_cat?post=11675"},{"taxonomy":"product_tag","embeddable":true,"href":"https:\/\/haitises.com\/de\/wp-json\/wp\/v2\/product_tag?post=11675"}],"curies":[{"name":"wp","href":"https:\/\/api.w.org\/{rel}","templated":true}]}}