{"id":11672,"date":"2023-10-04T07:40:09","date_gmt":"2023-10-04T07:40:09","guid":{"rendered":"http:\/\/haitises.com\/?post_type=product&#038;p=11672"},"modified":"2024-03-30T12:31:04","modified_gmt":"2024-03-30T12:31:04","slug":"wanderung-kajak-los-haitises-nationalpark","status":"publish","type":"product","link":"https:\/\/haitises.com\/de\/privat\/wanderung-kajak-los-haitises-nationalpark\/","title":{"rendered":"Wanderung + Kajak Los Haitises"},"content":{"rendered":"<div class=\"vc_row wpb_row vc_row-fluid\" ><div class=\"wpb_column vc_column_container vc_col-sm-12\"><div class=\"vc_column-inner\"><div class=\"wpb_wrapper\">\n\t<div class=\"wpb_text_column wpb_content_element\" >\n\t\t<div class=\"wpb_wrapper\">\n\t\t\t<p><span style=\"vertical-align: inherit;\"><span style=\"vertical-align: inherit;\"><\/p>\n\n\t\t<\/div>\n\t<\/div>\n<div class=\"vc_btn3-container vc_btn3-inline\" ><a class=\"vc_general vc_btn3 vc_btn3-size-md vc_btn3-shape-rounded vc_btn3-style-modern vc_btn3-color-green\" href=\"https:\/\/bookingadventures.tours\/booking.php?tour_id=214ab2ed515734864898e23b426328be\" title=\"\" target=\"_blank\" rel=\"noopener\">JETZT BUCHEN<\/a><\/div><\/div><\/div><\/div><\/div><div class=\"vc_row wpb_row vc_row-fluid\" ><div class=\"wpb_column vc_column_container vc_col-sm-12\"><div class=\"vc_column-inner\"><div class=\"wpb_wrapper\">\n\t<div class=\"wpb_text_column wpb_content_element\" >\n\t\t<div class=\"wpb_wrapper\">\n\t\t\t<p>\u00a0<\/span><\/span><\/p>\n<h4><b><i><span style=\"vertical-align: inherit;\"><span style=\"vertical-align: inherit;\">\u00dcberblick <\/span><\/span><\/i><\/b><\/h4>\n<p>Diese Wanderweg- und Kajaktour beginnt am Hafen von Ca\u00f1o Hondo\/Sabana de La Mar. Wir werden etwa drei Stunden lang entlang des Humid Forest im Nationalpark Los Haitises wandern. Sie erfahren mehr \u00fcber die Heilpflanzen dieser Gegend, sehen die Prim\u00e4r- und Sekund\u00e4rberge des Nationalparks Los Haitises mit Laubw\u00e4ldern und erreichen gleichzeitig die Quelle des Flusses Jivales, aus dem das Wasser der nat\u00fcrlichen Becken der \u00d6ko-Lodge Ca\u00f1o Hondo flie\u00dft. Dann nehmen wir die f\u00fcr Ihre Sicherheit erforderliche Ausr\u00fcstung (Rettungswesten usw.) und Kajaks mit und fahren durch Mangrovens\u00fcmpfe. Sie werden einige vogelreiche Mangroven und sanfte H\u00fcgel mit \u00fcppiger Vegetation sehen. Durch die Mangroven und Land an der offenen San Lorenzo Bay, von wo aus Sie die raue Waldlandschaft fotografieren k\u00f6nnen.<\/p>\n<p>Nach diesem Erlebnis kehren Sie nach Cano Hondo oder Sabana de la Mar zur\u00fcck.<\/p>\n<ul>\n<li style=\"font-weight: 400;\">Geb\u00fchren inklusive<\/li>\n<li>Wanderausflug zum Nationalpark Los Haitises<\/li>\n<li style=\"font-weight: 400;\"><span style=\"font-weight: 400;\">Der F\u00fchrer bietet Anleitung und Aufsicht<\/span><\/li>\n<\/ul>\n<p>&nbsp;<\/p>\n<h4><b>Einschl\u00fcsse &amp; Ausschl\u00fcsse<\/b><\/h4>\n<p>&nbsp;<\/p>\n<p><b>Einschl\u00fcsse<\/b><\/p>\n<p>&nbsp;<\/p>\n<ol>\n<li style=\"font-weight: 400;\">Nationalpark Los Haitises<\/li>\n<li>Wanderung + Kajak<\/li>\n<li style=\"font-weight: 400;\"><span style=\"font-weight: 400;\">Alle Steuern, Geb\u00fchren und Bearbeitungskosten<\/span><\/li>\n<li style=\"font-weight: 400;\"><span style=\"font-weight: 400;\">Lokale Steuern<\/span><\/li>\n<li style=\"font-weight: 400;\"><span style=\"font-weight: 400;\">Getr\u00e4nke<\/span><\/li>\n<li style=\"font-weight: 400;\"><span style=\"font-weight: 400;\">Alle Aktivit\u00e4ten<\/span><\/li>\n<li style=\"font-weight: 400;\"><span style=\"font-weight: 400;\">Lokaler F\u00fchrer<\/span><\/li>\n<\/ol>\n<p><b> Ausschl\u00fcsse<\/b><\/p>\n<ol>\n<li style=\"font-weight: 400;\"><span style=\"font-weight: 400;\">Trinkgelder<\/span><\/li>\n<li style=\"font-weight: 400;\"><span style=\"font-weight: 400;\">\u00dcberweisen<\/span><\/li>\n<li>Mittagessen<\/li>\n<li style=\"font-weight: 400;\"><span style=\"font-weight: 400;\">Alkoholische Getr\u00e4nke<\/span><\/li>\n<\/ol>\n<p>&nbsp;<\/p>\n<h4><em><strong>Abreise und R\u00fcckkehr<\/strong><\/em><\/h4>\n<p><span style=\"font-weight: 400;\">Der Reisende erh\u00e4lt nach der Reservierung einen Treffpunkt. Die Touren beginnen und enden an unseren Treffpunkten.<\/span><\/p>\n<p>&nbsp;<\/p>\n<h2>Wanderung + Kajakfahren im Nationalpark Los Haitises<\/h2>\n<h4><b><i>Was ist zu erwarten?<\/i><\/b><\/h4>\n<p>Der Name des Nationalparks stammt von seinen urspr\u00fcnglichen Bewohnern, den Taino-Indianern. In ihrer Sprache bedeutet \u201eHaitises\u201c Hochland oder H\u00fcgel, eine Anspielung auf die steilen geologischen Formationen mit Kalksteinen an der K\u00fcste. Die Kajakfahrt dauert 2 Stunden.<\/p>\n<p>Learning about History and Nature with Locals tours guides that Grow up as Emviromental protectors and Volunteers inside of this project area.The tour, organized by \u00abBooking Adventures\u00bb starts at the meeting point set with the Tour Guide.<\/p>\n<p>Nach einem ersten Spaziergang durch Felder und Ackerland beginnen Sie mit der Wanderung durch den Kokosnuss- und Kakaowald. Erleben Sie jede Minute das prim\u00e4re und einzigartige Waldschutzgebiet im Nationalpark Los Haitises. Kommen Sie mit Booking Adventures und erkunden Sie einige endemische Vogel-, S\u00e4ugetier- und Pflanzenarten, sanfte H\u00fcgel mit \u00fcppiger Vegetation und H\u00f6hlen <em><strong>Nationalpark Los Haitises<\/strong><\/em>.<\/p>\n<div class=\"body-description secondary\">\n<p>Der Name des Nationalparks stammt von seinen urspr\u00fcnglichen Bewohnern, den Taino-Indianern. In ihrer Sprache bedeutet \u201eHaitises\u201c Hochland oder H\u00fcgel, eine Anspielung auf die steilen geologischen Formationen mit Kalksteinen an der K\u00fcste. Gehen Sie tiefer in den Park vor und erkunden Sie H\u00f6hlen wie die <em><strong>Sandh\u00f6hle<\/strong><\/em> und <strong><em>Linienh\u00f6hle. Sie k\u00f6nnen die Bootstour mit der Wandertour kombinieren. Kontaktieren Sie uns einfach.<\/em><\/strong><\/p>\n<p>H\u00f6hlen im Reservat wurden von den Taino-Indianern und sp\u00e4ter von Piraten als Unterschlupf genutzt. Halten Sie Ausschau nach Zeichnungen von Indianern, die einige W\u00e4nde schm\u00fccken. Im Regenwald gibt es mehr als 700 Pflanzenarten. Auf diesem Wanderweg versuchen wir den Besuchern alle Heilpflanzen n\u00e4herzubringen, die wir kennen.<\/p>\n<p>Kommen Sie, um zu lernen, zu wandern und die echte Natur des Nationalparks Los Haitises zu genie\u00dfen.<\/p>\n<\/div>\n<p>&nbsp;<\/p>\n<h4><em><strong>Was sollten Sie mitbringen?<\/strong><\/em><\/h4>\n<ul>\n<li style=\"font-weight: 400;\"><span style=\"font-weight: 400;\">Kamera<\/span><\/li>\n<li style=\"font-weight: 400;\"><span style=\"font-weight: 400;\">Absto\u00dfende Knospen<\/span><\/li>\n<li style=\"font-weight: 400;\"><span style=\"font-weight: 400;\">Sonnencreme<\/span><\/li>\n<li style=\"font-weight: 400;\"><span style=\"font-weight: 400;\">Hut<\/span><\/li>\n<li style=\"font-weight: 400;\"><span style=\"font-weight: 400;\">Bequeme Hosen<\/span><\/li>\n<li style=\"font-weight: 400;\"><span style=\"font-weight: 400;\">Wanderschuhe f\u00fcr den Wald<\/span><\/li>\n<li style=\"font-weight: 400;\"><span style=\"font-weight: 400;\">Sandalen zu den Fr\u00fchlingsgebieten.<\/span><\/li>\n<li style=\"font-weight: 400;\"><span style=\"font-weight: 400;\">Schwimmbekleidung<\/span><\/li>\n<\/ul>\n<p>&nbsp;<\/p>\n<h4><b><i>Abholung Hotel <\/i><\/b><\/h4>\n<p><span style=\"font-weight: 400;\">F\u00fcr diese Tour wird keine Abholung vom Hotel angeboten. Nur wenn Sie im Cano Hondo Hotel oder in Hotels in der Gegend von Sabana de la Mar sind.<\/span><\/p>\n<p><b>Anmerkung:<\/b><span style=\"font-weight: 400;\"> Wenn Sie innerhalb von 24 Stunden vor der Abfahrtszeit der Tour\/des Ausflugs buchen, k\u00f6nnen wir gegen Aufpreis eine Abholung vom Hotel an jedem Ort in der Dominikanischen Republik arrangieren. Sobald Ihr Kauf abgeschlossen ist, senden wir Ihnen die vollst\u00e4ndigen Kontaktinformationen (Telefonnummer, E-Mail-Adresse usw.) f\u00fcr unseren \u00f6rtlichen Reiseleiter, um die Abholung zu organisieren.<\/span><\/p>\n<h4><b><i>Zus\u00e4tzliche Informationen Best\u00e4tigung <\/i><\/b><\/h4>\n<ol>\n<li>Die Tickets sind die Quittung nach der Bezahlung dieser Tour. Sie k\u00f6nnen die Zahlung auf Ihrem Telefon zeigen.<\/li>\n<li style=\"font-weight: 400;\"><span style=\"font-weight: 400;\">Der Treffpunkt wird nach der Reservierung mitgeteilt.<\/span><\/li>\n<li style=\"font-weight: 400;\"><span style=\"font-weight: 400;\">Kinder m\u00fcssen von einem Erwachsenen begleitet werden.<\/span><\/li>\n<li style=\"font-weight: 400;\"><span style=\"font-weight: 400;\"> Nicht rollstuhlgerecht <\/span><\/li>\n<li style=\"font-weight: 400;\"><span style=\"font-weight: 400;\">Kleinkinder m\u00fcssen auf dem Scho\u00df sitzen <\/span><\/li>\n<li style=\"font-weight: 400;\"><span style=\"font-weight: 400;\">F\u00fcr Reisende mit R\u00fcckenproblemen nicht zu empfehlen<\/span><\/li>\n<li style=\"font-weight: 400;\"><span style=\"font-weight: 400;\">F\u00fcr schwangere Reisende nicht empfohlen <\/span><\/li>\n<li style=\"font-weight: 400;\"><span style=\"font-weight: 400;\"> Keine Herzprobleme oder andere schwerwiegende Erkrankungen <\/span><\/li>\n<li style=\"font-weight: 400;\"><span style=\"font-weight: 400;\">Die meisten Reisenden k\u00f6nnen teilnehmen<\/span><\/li>\n<\/ol>\n<h4><b><i>Stornierungspolitik<\/i><\/b><\/h4>\n<p>F\u00fcr eine vollst\u00e4ndige R\u00fcckerstattung, lesen Sie bitte unsere Stornierungsbedingungen\u00a0<a href=\"https:\/\/www.ticketswhales.com\/online-booking\/\" target=\"_blank\" rel=\"noopener\" data-saferedirecturl=\"https:\/\/www.google.com\/url?q=https:\/\/www.ticketswhales.com\/online-booking\/&amp;source=gmail&amp;ust=1672532492004000&amp;usg=AOvVaw3ylqI1cdbIPTimEqEWneyd\">Klicken Sie hier<\/a>. Die Gelder gehen verloren, wenn die Reservierung am selben Tag der Reise storniert wird.<\/p>\n\n\t\t<\/div>\n\t<\/div>\n<div class=\"vc_btn3-container vc_btn3-inline\" ><a class=\"vc_general vc_btn3 vc_btn3-size-md vc_btn3-shape-rounded vc_btn3-style-modern vc_btn3-color-green\" href=\"https:\/\/bookingadventures.tours\/booking.php?tour_id=214ab2ed515734864898e23b426328be\" title=\"\" target=\"_blank\" rel=\"noopener\">JETZT BUCHEN<\/a><\/div>[mkdf_section_title title_tag=\u00bb\u00bb disable_break_words=\u00bbno\u00bb subtitle_tag=\u00bb\u00bb text_font_weight=\u00bb\u00bb title=\u00bbHike + Kayak Los Haitises National Park\u00bb subtitle=\u00bbHiking the Rain Forest and Kayaking\u00bb text=\u00bbThis Experience Need a Minimum of 2 Participants. If you are not 2 please feel free to contact us!\u00bb]<\/div><\/div><\/div><\/div><div class=\"vc_row wpb_row vc_row-fluid\" ><div class=\"wpb_column vc_column_container vc_col-sm-12\"><div class=\"vc_column-inner\"><div class=\"wpb_wrapper\"><\/div><\/div><\/div><\/div><div class=\"vc_row wpb_row vc_row-fluid\" ><\/div><div class=\"wpb_column vc_column_container vc_col-sm-12\"><div class=\"vc_column-inner\"><div class=\"wpb_wrapper\"><\/div><\/div><\/div><div class=\"vc_empty_space\"   style=\"height: 32px\"><span class=\"vc_empty_space_inner\"><\/span><\/div><div class=\"vc_empty_space\"   style=\"height: 32px\"><span class=\"vc_empty_space_inner\"><\/span><\/div><div class=\"vc_row wpb_row vc_row-fluid\" ><div class=\"wpb_column vc_column_container vc_col-sm-12\"><div class=\"vc_column-inner\"><div class=\"wpb_wrapper\"><div class=\"vc_btn3-container vc_btn3-inline\" ><a class=\"vc_general vc_btn3 vc_btn3-size-md vc_btn3-shape-rounded vc_btn3-style-modern vc_btn3-color-green\" href=\"https:\/\/bookingadventures.tours\/booking.php?tour_id=214ab2ed515734864898e23b426328be\" title=\"\" target=\"_blank\" rel=\"noopener\">JETZT BUCHEN<\/a><\/div><\/div><\/div><\/div><\/div>","protected":false},"excerpt":{"rendered":"<p><span style=\"vertical-align: inherit;\"><span style=\"vertical-align: inherit;\">3-st\u00fcndige Wanderung und Mangroven-Kajak im Nationalpark Los Haitises mit einem lokalen Reiseleiter aus Sabana de la Mar. <\/span><span style=\"vertical-align: inherit;\">Besuch der tropischen Regenwald-, Kokosnuss-, Kaffee- und Kakaogebiete. <\/span><span style=\"vertical-align: inherit;\">Erfahren Sie mehr \u00fcber die urspr\u00fcngliche Geschichte des Nationalparks Los Haitises.<\/span><\/span><\/p>\n<p>&nbsp;<\/p>\n<p><strong><span style=\"vertical-align: inherit;\"><span style=\"vertical-align: inherit;\">W\u00e4hlen Sie den Termin f\u00fcr die Wanderreise:<\/span><\/span><\/strong><\/p>","protected":false},"featured_media":11687,"template":"","meta":[],"product_brand":[],"product_cat":[565,356,96,578,573,123,124],"product_tag":[341,206,129,130,412,413,221,414,415,152,153,198,133,416,215,217,417,223,114,418,148,143,419],"class_list":{"0":"post-11672","1":"product","2":"type-product","3":"status-publish","4":"has-post-thumbnail","6":"product_cat-1-sabana-de-la-mar","7":"product_cat-day-trips","8":"product_cat-hiking","9":"product_cat-hiking-los-haitises","10":"product_cat-kayaking-los-haitises","11":"product_cat-tours-excursions-los-haitises-national-park","12":"product_cat-tours-excursions-samana-bay-dominican-republic","13":"product_tag-cano-hondo-sabana-de-la-mar","14":"product_tag-caves-los-haitises","15":"product_tag-eco-tours","16":"product_tag-excursion","17":"product_tag-hike-kayak","18":"product_tag-hike-kayak-los-haitises-national-park","19":"product_tag-hiking-los-haitises","20":"product_tag-hiking-sabana-de-la-mar","21":"product_tag-hiking-samana","22":"product_tag-kayak-tour","23":"product_tag-kayaking","24":"product_tag-kayaking-los-haitises","25":"product_tag-los-haitises-national-park","26":"product_tag-los-haitises-national-park-entrance-fee","27":"product_tag-los-haitises-national-park-tour-from-las-terrenas","28":"product_tag-los-haitises-national-park-tour-from-santo-domingo","29":"product_tag-los-haitises-national-park-weather","30":"product_tag-los-haitises-sabana-de-la-mar","31":"product_tag-sabana-de-la-mar","32":"product_tag-sabana-de-la-mar-tour","33":"product_tag-samana-excursions","34":"product_tag-samana-tours","35":"product_tag-secrets-of-los-haitises","37":"first","38":"instock","39":"sale","40":"sold-individually","41":"shipping-taxable","42":"product-type-external"},"_links":{"self":[{"href":"https:\/\/haitises.com\/de\/wp-json\/wp\/v2\/product\/11672","targetHints":{"allow":["GET"]}}],"collection":[{"href":"https:\/\/haitises.com\/de\/wp-json\/wp\/v2\/product"}],"about":[{"href":"https:\/\/haitises.com\/de\/wp-json\/wp\/v2\/types\/product"}],"wp:featuredmedia":[{"embeddable":true,"href":"https:\/\/haitises.com\/de\/wp-json\/wp\/v2\/media\/11687"}],"wp:attachment":[{"href":"https:\/\/haitises.com\/de\/wp-json\/wp\/v2\/media?parent=11672"}],"wp:term":[{"taxonomy":"product_brand","embeddable":true,"href":"https:\/\/haitises.com\/de\/wp-json\/wp\/v2\/product_brand?post=11672"},{"taxonomy":"product_cat","embeddable":true,"href":"https:\/\/haitises.com\/de\/wp-json\/wp\/v2\/product_cat?post=11672"},{"taxonomy":"product_tag","embeddable":true,"href":"https:\/\/haitises.com\/de\/wp-json\/wp\/v2\/product_tag?post=11672"}],"curies":[{"name":"wp","href":"https:\/\/api.w.org\/{rel}","templated":true}]}}