{"id":11646,"date":"2023-10-04T07:39:47","date_gmt":"2023-10-04T07:39:47","guid":{"rendered":"http:\/\/haitises.com\/?post_type=product&#038;p=11646"},"modified":"2024-04-01T15:29:43","modified_gmt":"2024-04-01T15:29:43","slug":"cayo-levantado-walbeobachtung-von-samana-hafen-private-bootstour","status":"publish","type":"product","link":"https:\/\/haitises.com\/de\/privat\/cayo-levantado-walbeobachtung-von-samana-hafen-private-bootstour\/","title":{"rendered":"Private Tour Saman\u00e1 Walbeobachtung + Cayo Levantado (Bacardi Insel) vom Hafen Saman\u00e1"},"content":{"rendered":"<div class=\"vc_row wpb_row vc_row-fluid\" ><div class=\"wpb_column vc_column_container vc_col-sm-12\"><div class=\"vc_column-inner\"><div class=\"wpb_wrapper\"><div class=\"vc_empty_space\"   style=\"height: 32px\"><span class=\"vc_empty_space_inner\"><\/span><\/div>[mkdf_section_title title_tag=\u00bb\u00bb disable_break_words=\u00bbno\u00bb subtitle_tag=\u00bb\u00bb title=\u00bbSamana Cayo Levantado + Whale Watching\u00bb subtitle=\u00bbFrom Saman\u00e1 port Private Boat Tour\u00bb]<div class=\"vc_message_box vc_message_box-standard vc_message_box-rounded vc_color-info\" ><div class=\"vc_message_box-icon\"><i class=\"fas fa-info-circle\"><\/i><\/div><p>Dies ist eine private Tour f\u00fcr mindestens 4 Personen. Um die gleiche Reise in Katamaran Gruppen zu buchen <a href=\"https:\/\/www.ticketswhales.com\/Tours-Excursions\/tours-and-excursions\/samana-whale-watching-cayo-levantado\/\" target=\"_blank\" rel=\"noopener\">Klicken Sie hier.<\/a><\/p>\n<p>Wenn Sie weniger als 4 Personen sind und privat Kontakt mit uns aufnehmen m\u00f6chten.<\/p>\n<\/div><div class=\"vc_empty_space\"   style=\"height: 32px\"><span class=\"vc_empty_space_inner\"><\/span><\/div><\/div><\/div><\/div><\/div><div class=\"vc_row wpb_row vc_row-fluid\" ><div class=\"wpb_column vc_column_container vc_col-sm-12\"><div class=\"vc_column-inner\"><div class=\"wpb_wrapper\"><div class=\"vc_btn3-container vc_btn3-inline\" ><a class=\"vc_general vc_btn3 vc_btn3-size-md vc_btn3-shape-rounded vc_btn3-style-modern vc_btn3-color-green\" href=\"https:\/\/bookingadventures.tours\/booking.php?tour_id=ccd2fafcfb0614232b46b749871336cb\" title=\"JETZT BUCHEN\" target=\"_blank\" rel=\"noopener\">JETZT BUCHEN<\/a><\/div>\n\t<div class=\"wpb_text_column wpb_content_element\" >\n\t\t<div class=\"wpb_wrapper\">\n\t\t\t<div class=\"vc_row wpb_row vc_row-fluid\">\n<div class=\"wpb_column vc_column_container vc_col-sm-12\">\n<div class=\"vc_column-inner\">\n<div class=\"wpb_wrapper\">\n<div class=\"wpb_text_column wpb_content_element\">\n<div class=\"wpb_wrapper\">\n<div class=\"vc_row wpb_row vc_row-fluid\">\n<div class=\"wpb_column vc_column_container vc_col-sm-12\">\n<div class=\"vc_column-inner\">\n<div class=\"wpb_wrapper\">\n<div class=\"wpb_text_column wpb_content_element\">\n<div class=\"wpb_wrapper\">\n<h4><b><i>\u00dcbersicht<img decoding=\"async\" class=\"emoji\" draggable=\"false\" src=\"https:\/\/s.w.org\/images\/core\/emoji\/12.0.0-1\/svg\/1f433.svg\" alt=\"\ud83d\udc33\" title=\"\"><\/i><\/b><\/h4>\n<p><strong>Vermeiden Sie gro\u00dfe Gruppen von Touristen<\/strong>\u00a0und machen Sie Ihre Walbeobachtung in der Bucht von Saman\u00e1 ab dem Hafen von Saman\u00e1 in einem privaten Boot. Dieser Ausflug beginnt um 9:00 Uhr morgens und endet um 17:00 Uhr nachmittags. Da es sich jedoch um einen privaten Ausflug handelt, k\u00f6nnen Sie die Start- und Endzeit selbst bestimmen. Wir treffen uns vorher in unserem B\u00fcro neben dem Royal Restaurant. Nach dem Abbruch unseres Bootes, um die Wale in ihrem eigenen Lebensraum zu besuchen.  Unsere Kapit\u00e4ne sind ausgebildet, um sicherzustellen, dass Sie Wale sehen.<\/p>\n<p>Von 9:00 Uhr bis 12:00 Uhr Walbeobachtung und danach besuchen wir die Bacardi Insel \/ Cayo Levantado. Auf Bacardi Island wird ein typisch dominikanisches Mittagsbuffet angeboten (Reis, Bohnen, Fisch, Salate...). Nach dem Mittagessen k\u00f6nnen Sie bis 16:30 Uhr schwimmen gehen. Die Tour endet um 17:00 Uhr am gleichen Hafen, von dem aus sie gestartet wurde.<\/p>\n<p><strong>Anmerkung:<\/strong>\u00a0Diese Tour ist privat (nur Sie und Ihre Familie oder Freunde an Bord mit Kapit\u00e4n und Reiseleiter).<\/p>\n<ul>\n<li>Walbeobachtungstour<\/li>\n<li>Eintrittsgelder f\u00fcr die Sternwarte<\/li>\n<li>Inklusive Mittagsbuffet am Strand<\/li>\n<li>Bootstransfer<\/li>\n<li>Der Kapit\u00e4n gibt Anweisungen und beaufsichtigt<\/li>\n<li>Reisef\u00fchrer<\/li>\n<\/ul>\n<p>&nbsp;<\/p>\n<h4><b>Einschl\u00fcsse &amp; Ausschl\u00fcsse<\/b><\/h4>\n<p>&nbsp;<\/p>\n<p><b>Einschl\u00fcsse<\/b><\/p>\n<p>&nbsp;<\/p>\n<ol>\n<li>Mittagsbuffet am Strand<\/li>\n<li>Reisef\u00fchrer<\/li>\n<li>Katamaran oder Bootsfahrt<\/li>\n<li>Alle Steuern, Geb\u00fchren und Bearbeitungskosten<\/li>\n<li>Lokale Steuern<\/li>\n<li>Getr\u00e4nke<\/li>\n<\/ol>\n<p><b>Ausschl\u00fcsse<\/b><\/p>\n<ol>\n<li>Trinkgelder<\/li>\n<li>Transferwagen<\/li>\n<li>Alkoholische Getr\u00e4nke<\/li>\n<\/ol>\n<p>&nbsp;<\/p>\n<h4><em><strong>Abreise und R\u00fcckkehr<\/strong><\/em><\/h4>\n<p>Der Reisende erh\u00e4lt nach der Reservierung einen Treffpunkt. Die Touren beginnen und enden an unseren Treffpunkten.<\/p>\n<p>&nbsp;<\/p>\n<h4><b><i>Was ist zu erwarten?<\/i><\/b><\/h4>\n<p>&nbsp;<\/p>\n<p><em><strong>Holen Sie sich Ihre Tickets<\/strong><\/em>\u00a0f\u00fcr eine private Tagestour zur Walbeobachtung in der Bucht von Saman\u00e1 sowie ein wunderbares Mittagessen und Strandaufenthalt auf der Insel Bacardi.<\/p>\n<p>Der von \"Booking Adventures\" organisierte Tagespass zur Walbeobachtung beginnt an dem mit dem Reiseleiter vereinbarten Treffpunkt. Mittagessen am Strand und Sie k\u00f6nnen so lange bleiben, wie Sie wollen, um zu schwimmen. Wenn Sie Veganer sind, k\u00f6nnen wir auch etwas zu essen f\u00fcr Sie bereitstellen.<\/p>\n<p><strong>Zeitplan:<\/strong><\/p>\n<p>8:45 UHR - 17:00 UHR<\/p>\n<p>&nbsp;<\/p>\n<h4><em><strong>Was sollten Sie mitbringen?<\/strong><\/em><\/h4>\n<ul>\n<li>Kamera<\/li>\n<li>Absto\u00dfende Knospen<\/li>\n<li>Sonnencreme<\/li>\n<li>Hut<\/li>\n<li>Bequeme Hosen<\/li>\n<li>Sandalen f\u00fcr den Strand<\/li>\n<li>Schwimmbekleidung<\/li>\n<li>Bargeld f\u00fcr Souvenirs<\/li>\n<\/ul>\n<p>&nbsp;<\/p>\n<h4><b><i>Abholung Hotel<\/i><\/b><\/h4>\n<p>Eine Abholung vom Hotel wird f\u00fcr diese Tour nicht angeboten.<\/p>\n<p>&nbsp;<\/p>\n<p><b>Anmerkung:<\/b>\u00a0Wenn Sie innerhalb von 24 Stunden vor der Abfahrtszeit der Tour\/Exkursion buchen, k\u00f6nnen wir die Abholung vom Hotel gegen Aufpreis organisieren. Sobald Ihr Kauf abgeschlossen ist, senden wir Ihnen die vollst\u00e4ndigen Kontaktdaten (Telefonnummer, E-Mail-Adresse, etc.) f\u00fcr unseren lokalen Reiseleiter, um die Abholung zu organisieren.<\/p>\n<h4><b><i>Zus\u00e4tzliche Informationen Best\u00e4tigung<\/i><\/b><\/h4>\n<ol>\n<li>Die Tickets sind die Quittung nach der Bezahlung dieser Tour. Sie k\u00f6nnen die Zahlung auf Ihrem Telefon zeigen.<\/li>\n<li>Der Treffpunkt wird nach der Reservierung mitgeteilt.<\/li>\n<li>Kinder m\u00fcssen von einem Erwachsenen begleitet werden.<\/li>\n<li>rollstuhlgerecht<\/li>\n<li>Kleinkinder m\u00fcssen auf dem Scho\u00df sitzen<\/li>\n<li>Die meisten Reisenden k\u00f6nnen teilnehmen<\/li>\n<\/ol>\n<h4><b><i>Stornierungspolitik<\/i><\/b><\/h4>\n<p><span style=\"font-weight: 400;\">F\u00fcr eine vollst\u00e4ndige R\u00fcckerstattung, lesen Sie bitte unsere Stornierungsbedingungen\u00a0<a href=\"https:\/\/www.ticketswhales.com\/online-booking\/\" target=\"_blank\" rel=\"noopener\" data-saferedirecturl=\"https:\/\/www.google.com\/url?q=https:\/\/www.ticketswhales.com\/online-booking\/&amp;source=gmail&amp;ust=1672449202351000&amp;usg=AOvVaw1yAeVAPktmaVCqDujgUn90\">Klicken Sie hier<\/a>. Die Gelder gehen verloren, wenn die Reservierung am selben Tag der Reise storniert wird.<\/span><\/p>\n<\/div>\n<\/div>\n<\/div>\n<\/div>\n<\/div>\n<\/div>\n<\/div>\n<\/div>\n<\/div>\n<\/div>\n<\/div>\n<\/div>\n<div class=\"vc_row wpb_row vc_row-fluid\">\n<div class=\"wpb_column vc_column_container vc_col-sm-12\">\n<div class=\"vc_column-inner\">\n<div class=\"wpb_wrapper\">\n<div class=\"vc_empty_space\"><\/div>\n<div class=\"wpb_text_column wpb_content_element\">\n<div class=\"wpb_wrapper\">\n<h4>Kontaktieren Sie uns?<\/h4>\n<h5><b><i>WALE SAMANA TOUR<\/i><\/b><\/h5>\n<p><em><strong>Einheimische<\/strong>\u00a0und\u00a0<strong>Nationals<\/strong>\u00a0Reiseleiter &amp; G\u00e4steservice<\/em><\/p>\n<p><span class=\"text-turquoise\">Reservierungen:<\/span>\u00a0Touren &amp; Ausfl\u00fcge in Dom. Rep.<\/p>\n<p><img decoding=\"async\" class=\"emoji\" draggable=\"false\" src=\"https:\/\/s.w.org\/images\/core\/emoji\/11.2.0\/svg\/1f4de.svg\" alt=\"\ud83d\udcde\" title=\"\">\u00a0Telefon \/ Whatsapp\u00a0\u00a0<a href=\"tel:+1-809-720-6035\">+1-809-720-6035<\/a>.<\/p>\n<p><img decoding=\"async\" class=\"emoji\" draggable=\"false\" src=\"https:\/\/s.w.org\/images\/core\/emoji\/11.2.0\/svg\/1f4e9.svg\" alt=\"\ud83d\udce9\" title=\"\">\u00a0<a href=\"mailto:info@bookingadventures.com.do\">info@bookingadventures.com.do<\/a><\/p>\n<p><strong>Wir sind flexibel und stellen private Touren per Whatsapp ein:\u00a0<a href=\"tel:+18097206035\">+18097206035.<\/a><\/strong><\/p>\n<\/div>\n<\/div>\n<\/div>\n<\/div>\n<\/div>\n<\/div>\n\n\t\t<\/div>\n\t<\/div>\n<div class=\"vc_btn3-container vc_btn3-inline\" ><a class=\"vc_general vc_btn3 vc_btn3-size-md vc_btn3-shape-rounded vc_btn3-style-modern vc_btn3-color-green\" href=\"https:\/\/bookingadventures.tours\/booking.php?tour_id=ccd2fafcfb0614232b46b749871336cb\" title=\"JETZT BUCHEN\" target=\"_blank\" rel=\"noopener\">JETZT BUCHEN<\/a><\/div><\/div><\/div><\/div><\/div>","protected":false},"excerpt":{"rendered":"<p>Privater Walbeobachtungsausflug in der Bucht von Samana in der Dominikanischen Republik mit einheimischen Reiseleitern. Sie k\u00f6nnen die Zeit bis zur Ankunft oder bis zum Ende des Ausflugs frei w\u00e4hlen. Mittagessen und Zeitplan werden von Ihnen selbst festgelegt. Buchen Sie jetzt diese Exkursion in Samana Bucht f\u00fcr eine gute Walbeobachtung Reise Erfahrung.<\/p>\n<p>Hinweis: Diese Tour ist eine private Tour mit einer Mindestzahlung. Um sich einer Gruppe zur Walbeobachtung zum gleichen Preis im Katamaran anzuschlie\u00dfen, bitten wir Sie\u00a0 <a href=\"https:\/\/www.ticketswhales.com\/Tours-Excursions\/tours-and-excursions\/samana-whale-watching-cayo-levantado\/\">HIER KLICKEN.<\/a><\/p>\n<p>&nbsp;<\/p>\n<p><em><strong>Bitte w\u00e4hlen Sie das Datum f\u00fcr die Exkursion:<\/strong><\/em><\/p>","protected":false},"featured_media":11211,"template":"","meta":[],"product_brand":[],"product_cat":[571,124,589,232],"product_tag":[137,162,201,143,277,271,278,234,279,280,236],"class_list":{"0":"post-11646","1":"product","2":"type-product","3":"status-publish","4":"has-post-thumbnail","6":"product_cat-1-samana","7":"product_cat-tours-excursions-samana-bay-dominican-republic","8":"product_cat-whale-watching-private-tours","9":"product_cat-whale-watching-samana","10":"product_tag-bacardi-island","11":"product_tag-cayo-levantado-day-pass","12":"product_tag-private-tours-samana","13":"product_tag-samana-tours","14":"product_tag-samana-whale","15":"product_tag-samana-whale-watching","16":"product_tag-samana-whale-watching-excursions","17":"product_tag-whale-samana","18":"product_tag-whale-watching","19":"product_tag-whale-watching-2020","20":"product_tag-whale-watching-dominican-republic","22":"first","23":"instock","24":"sale","25":"shipping-taxable","26":"product-type-external"},"_links":{"self":[{"href":"https:\/\/haitises.com\/de\/wp-json\/wp\/v2\/product\/11646","targetHints":{"allow":["GET"]}}],"collection":[{"href":"https:\/\/haitises.com\/de\/wp-json\/wp\/v2\/product"}],"about":[{"href":"https:\/\/haitises.com\/de\/wp-json\/wp\/v2\/types\/product"}],"wp:featuredmedia":[{"embeddable":true,"href":"https:\/\/haitises.com\/de\/wp-json\/wp\/v2\/media\/11211"}],"wp:attachment":[{"href":"https:\/\/haitises.com\/de\/wp-json\/wp\/v2\/media?parent=11646"}],"wp:term":[{"taxonomy":"product_brand","embeddable":true,"href":"https:\/\/haitises.com\/de\/wp-json\/wp\/v2\/product_brand?post=11646"},{"taxonomy":"product_cat","embeddable":true,"href":"https:\/\/haitises.com\/de\/wp-json\/wp\/v2\/product_cat?post=11646"},{"taxonomy":"product_tag","embeddable":true,"href":"https:\/\/haitises.com\/de\/wp-json\/wp\/v2\/product_tag?post=11646"}],"curies":[{"name":"wp","href":"https:\/\/api.w.org\/{rel}","templated":true}]}}