{"id":11637,"date":"2023-10-04T07:39:47","date_gmt":"2023-10-04T07:39:47","guid":{"rendered":"http:\/\/haitises.com\/?post_type=product&#038;p=11637"},"modified":"2024-04-01T13:58:23","modified_gmt":"2024-04-01T13:58:23","slug":"los-haitises-nationalpark-tour-ab-samana-port-bacardi-insel-cayo-levantado","status":"publish","type":"product","link":"https:\/\/haitises.com\/de\/privat\/los-haitises-nationalpark-tour-ab-samana-port-bacardi-insel-cayo-levantado\/","title":{"rendered":"Tour durch den Nationalpark Los Haitises ab Hafen Saman\u00e1 + Insel Bacardi (Cayo Levantado)"},"content":{"rendered":"<div class=\"vc_row wpb_row vc_row-fluid\" ><div class=\"wpb_column vc_column_container vc_col-sm-12\"><div class=\"vc_column-inner\"><div class=\"wpb_wrapper\">[mkdf_section_title title_tag=\u00bb\u00bb disable_break_words=\u00bbno\u00bb subtitle_tag=\u00bb\u00bb title=\u00bbLos Haitises National Park Boat Tour + Cayo Levantado Island\u00bb subtitle=\u00bbEco Tours with Locals\u00bb]<\/div><\/div><\/div><\/div><div class=\"vc_row wpb_row vc_row-fluid\" ><div class=\"wpb_column vc_column_container vc_col-sm-12\"><div class=\"vc_column-inner\"><div class=\"wpb_wrapper\"><div class=\"vc_btn3-container vc_btn3-inline\" ><a class=\"vc_general vc_btn3 vc_btn3-size-md vc_btn3-shape-rounded vc_btn3-style-modern vc_btn3-color-green\" href=\"https:\/\/bookingadventures.tours\/booking.php?tour_id=cd01687b47db9fe0c95acae017fc39c6\" title=\"\" target=\"_blank\" rel=\"noopener\">JETZT BUCHEN<\/a><\/div>\n\t<div class=\"wpb_text_column wpb_content_element\" >\n\t\t<div class=\"wpb_wrapper\">\n\t\t\t<h2><\/h2>\n<h4><b><i>\u00dcbersicht <\/i><\/b><\/h4>\n<p>Nationalpark Los Haitises ab dem Hafen von Saman\u00e1 sowie Mittagessen auf der Insel Bacardi. Kommen Sie mit uns und besuchen Sie den sch\u00f6nsten Nationalpark der Dominikanischen Republik, besuchen Sie Mangroven, H\u00f6hlen und die Bucht von San Lorenzo und \u00fcberqueren Sie die wundersch\u00f6ne Bucht von Saman\u00e1. Dann kehren Sie in die Gegend von Saman\u00e1 zur\u00fcck, um die Insel Bacardi zu besuchen, am Strand zu Mittag zu essen und an einem der sch\u00f6nsten Str\u00e4nde in der Bucht von Saman\u00e1 zu schwimmen.<\/p>\n<p>Nach diesem Erlebnis kehren Sie zum Hafen von Saman\u00e1 zur\u00fcck.<\/p>\n<ul>\n<li style=\"font-weight: 400;\">Geb\u00fchren inklusive<\/li>\n<li>Mittagessen auf der Insel Bacardi inklusive<\/li>\n<li style=\"font-weight: 400;\"><span style=\"font-weight: 400;\">Der F\u00fchrer bietet Anleitung und Aufsicht<\/span><\/li>\n<\/ul>\n<p>&nbsp;<\/p>\n<h4><b>Einschl\u00fcsse &amp; Ausschl\u00fcsse<\/b><\/h4>\n<p><b>Einschl\u00fcsse<\/b><\/p>\n<ol>\n<li style=\"font-weight: 400;\">Los Haitises Tour + H\u00f6hlen und Piktogramme<\/li>\n<li>Mittagessen in Cayo Levantado (Bacardi-Insel), wenn Sie eine \u00e4hnliche Tour m\u00f6gen: Los Haitises + Ca\u00f1o Hondo<\/li>\n<li style=\"font-weight: 400;\"><span style=\"font-weight: 400;\">Alle Steuern, Geb\u00fchren und Bearbeitungskosten<\/span><\/li>\n<li style=\"font-weight: 400;\"><span style=\"font-weight: 400;\">Lokale Steuern<\/span><\/li>\n<li style=\"font-weight: 400;\"><span style=\"font-weight: 400;\">Getr\u00e4nke<\/span><\/li>\n<li style=\"font-weight: 400;\"><span style=\"font-weight: 400;\">Alle Aktivit\u00e4ten<\/span><\/li>\n<li style=\"font-weight: 400;\"><span style=\"font-weight: 400;\">Lokaler F\u00fchrer<\/span><\/li>\n<\/ol>\n<p><b> Ausschl\u00fcsse<\/b><\/p>\n<ol>\n<li style=\"font-weight: 400;\"><span style=\"font-weight: 400;\">Trinkgelder<\/span><\/li>\n<li style=\"font-weight: 400;\"><span style=\"font-weight: 400;\">\u00dcberweisen<\/span><\/li>\n<li style=\"font-weight: 400;\"><span style=\"font-weight: 400;\">Alkoholische Getr\u00e4nke<\/span><\/li>\n<\/ol>\n<p>&nbsp;<\/p>\n<h4><em><strong>Abreise und R\u00fcckkehr<\/strong><\/em><\/h4>\n<p><span style=\"font-weight: 400;\">Der Reisende erh\u00e4lt nach der Reservierung einen Treffpunkt. Die Touren beginnen und enden an unseren Treffpunkten.<\/span><\/p>\n<p>&nbsp;<\/p>\n<h4>Tour zum Nationalpark Los Haitises ab Saman\u00e1 Port mas Bacardi Island (Cayo Levantado)<\/h4>\n<h4><b><i>Was ist zu erwarten?<\/i><\/b><\/h4>\n<p><b><i>V<\/i><\/b>zu Besuch<strong> Nationalpark Los Haitises<\/strong> mit einem wunderbaren Mittagessen bei<strong> Insel Cayo Levantado<\/strong> und Schwimmen am Strand. Beginnend <strong>vom Hafen Saman\u00e1<\/strong> An Bord eines Bootes oder Katamarans mit einem lokalen Reiseleiter passieren wir die Bucht von Saman\u00e1 zur Seite von Sabana de la Mar, um einen der sch\u00f6nsten Nationalparks der Dominikanischen Republik zu besuchen. <em><strong>Der Haitises-Nationalpark<\/strong><\/em>.<\/p>\n<p>The tour, organized by \u00abBooking Adventures\u00bb starts at the meeting point set with the Tour Guide. Come with Booking Adventures and start checking some bird-filled mangroves, rolling hills of lush vegetation and caves of <em><strong>Nationalpark Los Haitises<\/strong><\/em>. Besuch einer Insel mit V\u00f6geln in der N\u00e4he. In der Brutzeit k\u00f6nnen wir sogar die Pelecanos-K\u00fcken auf den Nestern sehen. Erfahren Sie mehr \u00fcber die Rocky Islands und besuchen Sie die H\u00f6hlen mit Piktogrammen und Petrographen der Ureinwohner.<\/p>\n<p>Durch die Mangroven und Land an der offenen San Lorenzo Bay, von wo aus Sie die raue Waldlandschaft fotografieren k\u00f6nnen. Schauen Sie zum Erkennen auf das Wasser <em><strong>Seek\u00fche<\/strong><\/em>, Krebstiere und <em><strong>Delfine.<\/strong><\/em><\/p>\n<h2><strong>H\u00f6hlen im Nationalpark Los Haitises<\/strong><\/h2>\n<div class=\"body-description secondary\">\n<p>Der Name des Nationalparks stammt von seinen urspr\u00fcnglichen Bewohnern, den Taino-Indianern. In ihrer Sprache bedeutet \u201eHaitises\u201c Hochland oder H\u00fcgel, eine Anspielung auf die steilen geologischen Formationen mit Kalksteinen an der K\u00fcste. Gehen Sie tiefer in den Park vor und erkunden Sie H\u00f6hlen wie die <em><strong>Sandh\u00f6hle<\/strong><\/em> und <strong><em>Linienh\u00f6hle.<\/em><\/strong><\/p>\n<p>H\u00f6hlen im Reservat wurden von den Taino-Indianern und sp\u00e4ter von Piraten als Unterschlupf genutzt. Halten Sie Ausschau nach Zeichnungen von Indianern, die einige W\u00e4nde schm\u00fccken. Nach dem Besuch des Nationalparks Los Haitises kehren wir zum Hafen von Saman\u00e1 zur\u00fcck, passieren die Bucht von Saman\u00e1 (30 Minuten) und besuchen die Insel Bacardi. Wir werden ein typisches Mittagessen auf der Insel einnehmen. Wenn Sie Veganer sind, machen Sie sich keine Sorgen, wir haben auch Essen f\u00fcr Sie!<\/p>\n<p>Nachdem Sie den ganzen Nachmittag geschwommen und am Strand gechillt haben, wird unser Reiseleiter Zeit f\u00fcr die R\u00fcckfahrt zum Hafen von Saman\u00e1 festlegen.<\/p>\n<\/div>\n<p>Falls Ihnen diese Reise l\u00e4nger oder k\u00fcrzer gef\u00e4llt, haben wir folgende Optionen:<\/p>\n<ol>\n<li>Nur Los Haitises vom Hafen von Saman\u00e1.<\/li>\n<li>Los Haitises + Ca\u00f1o Hondo vom Hafen Saman\u00e1.<\/li>\n<\/ol>\n<p>&nbsp;<\/p>\n<h4><em><strong>Was sollten Sie mitbringen?<\/strong><\/em><\/h4>\n<ul>\n<li style=\"font-weight: 400;\"><span style=\"font-weight: 400;\">Kamera<\/span><\/li>\n<li style=\"font-weight: 400;\"><span style=\"font-weight: 400;\">Absto\u00dfende Knospen<\/span><\/li>\n<li style=\"font-weight: 400;\"><span style=\"font-weight: 400;\">Sonnencreme<\/span><\/li>\n<li style=\"font-weight: 400;\"><span style=\"font-weight: 400;\">Hut<\/span><\/li>\n<li style=\"font-weight: 400;\"><span style=\"font-weight: 400;\">Bequeme Hosen<\/span><\/li>\n<li style=\"font-weight: 400;\"><span style=\"font-weight: 400;\">Wanderschuhe f\u00fcr den Wald<\/span><\/li>\n<li style=\"font-weight: 400;\"><span style=\"font-weight: 400;\">Sandalen zu den Fr\u00fchlingsgebieten.<\/span><\/li>\n<li style=\"font-weight: 400;\"><span style=\"font-weight: 400;\">Schwimmbekleidung<\/span><\/li>\n<\/ul>\n<p>&nbsp;<\/p>\n<h4><b><i>Abholung Hotel <\/i><\/b><\/h4>\n<p><span style=\"font-weight: 400;\">Eine Abholung vom Hotel wird f\u00fcr diese Tour nicht angeboten. <\/span><\/p>\n<p>&nbsp;<\/p>\n<p><b>Anmerkung:<\/b><span style=\"font-weight: 400;\"> Wenn Sie innerhalb von 24 Stunden vor der Abfahrtszeit der Tour\/des Ausflugs buchen, k\u00f6nnen wir gegen Aufpreis eine Abholung vom Hotel arrangieren. Sobald Ihr Kauf abgeschlossen ist, senden wir Ihnen die vollst\u00e4ndigen Kontaktinformationen (Telefonnummer, E-Mail-Adresse usw.) f\u00fcr unseren \u00f6rtlichen Reiseleiter, um die Abholung zu organisieren.<\/span><\/p>\n<h4><b><i>Zus\u00e4tzliche Informationen Best\u00e4tigung <\/i><\/b><\/h4>\n<ol>\n<li>Die Tickets sind die Quittung nach der Bezahlung dieser Tour. Sie k\u00f6nnen die Zahlung auf Ihrem Telefon zeigen.<\/li>\n<li style=\"font-weight: 400;\"><span style=\"font-weight: 400;\">Der Treffpunkt wird nach der Reservierung mitgeteilt.<\/span><\/li>\n<li style=\"font-weight: 400;\"><span style=\"font-weight: 400;\">Kinder m\u00fcssen von einem Erwachsenen begleitet werden.<\/span><\/li>\n<li style=\"font-weight: 400;\"><span style=\"font-weight: 400;\"> Nicht rollstuhlgerecht <\/span><\/li>\n<li style=\"font-weight: 400;\"><span style=\"font-weight: 400;\">Kleinkinder m\u00fcssen auf dem Scho\u00df sitzen <\/span><\/li>\n<li style=\"font-weight: 400;\"><span style=\"font-weight: 400;\">F\u00fcr Reisende mit R\u00fcckenproblemen nicht zu empfehlen<\/span><\/li>\n<li style=\"font-weight: 400;\"><span style=\"font-weight: 400;\">F\u00fcr schwangere Reisende nicht empfohlen <\/span><\/li>\n<li style=\"font-weight: 400;\"><span style=\"font-weight: 400;\"> Keine Herzprobleme oder andere schwerwiegende Erkrankungen <\/span><\/li>\n<li style=\"font-weight: 400;\"><span style=\"font-weight: 400;\">Die meisten Reisenden k\u00f6nnen teilnehmen<\/span><\/li>\n<\/ol>\n<h4><b><i>Stornierungspolitik<\/i><\/b><\/h4>\n<p>F\u00fcr eine vollst\u00e4ndige R\u00fcckerstattung, lesen Sie bitte unsere Stornierungsbedingungen\u00a0<a href=\"https:\/\/www.ticketswhales.com\/online-booking\/\" target=\"_blank\" rel=\"noopener\" data-saferedirecturl=\"https:\/\/www.google.com\/url?q=https:\/\/www.ticketswhales.com\/online-booking\/&amp;source=gmail&amp;ust=1672529771100000&amp;usg=AOvVaw2NIGJBZ0qjB5RhPUl5Obc7\">Klicken Sie hier<\/a>. Die Gelder gehen verloren, wenn die Reservierung am selben Tag der Reise storniert wird.<\/p>\n\n\t\t<\/div>\n\t<\/div>\n<div class=\"vc_btn3-container vc_btn3-inline\" ><a class=\"vc_general vc_btn3 vc_btn3-size-md vc_btn3-shape-rounded vc_btn3-style-modern vc_btn3-color-green\" href=\"https:\/\/bookingadventures.tours\/booking.php?tour_id=cd01687b47db9fe0c95acae017fc39c6\" title=\"\" target=\"_blank\" rel=\"noopener\">JETZT BUCHEN<\/a><\/div>\n\t<div class=\"wpb_video_widget wpb_content_element vc_clearfix   vc_video-aspect-ratio-169 vc_video-el-width-100 vc_video-align-left\" >\n\t\t<div class=\"wpb_wrapper\">\n\t\t\t<h2 class=\"wpb_heading wpb_video_heading\">Nationalpark Los Haitises<\/h2>\n\t\t\t<div class=\"wpb_video_wrapper\"><iframe loading=\"lazy\" title=\"Los Haitises National Park Touren &amp; Ausfl\u00fcge\" width=\"1100\" height=\"619\" src=\"https:\/\/www.youtube.com\/embed\/vMI4Ou81cd4?feature=oembed\" frameborder=\"0\" allow=\"accelerometer; autoplay; clipboard-write; encrypted-media; gyroscope; picture-in-picture; web-share\" allowfullscreen><\/iframe><\/div>\n\t\t<\/div>\n\t<\/div>\n<\/div><\/div><\/div><\/div><div class=\"vc_row wpb_row vc_row-fluid\" ><\/div><div class=\"wpb_column vc_column_container vc_col-sm-12\"><div class=\"vc_column-inner\"><div class=\"wpb_wrapper\"><\/div><\/div><\/div><div class=\"vc_empty_space\"   style=\"height: 32px\"><span class=\"vc_empty_space_inner\"><\/span><\/div><div class=\"vc_row wpb_row vc_row-fluid\" ><\/div><div class=\"wpb_column vc_column_container vc_col-sm-12\"><div class=\"vc_column-inner\"><div class=\"wpb_wrapper\"><div class=\"vc_btn3-container vc_btn3-inline\" ><a class=\"vc_general vc_btn3 vc_btn3-size-md vc_btn3-shape-rounded vc_btn3-style-modern vc_btn3-color-green\" href=\"https:\/\/bookingadventures.tours\/booking.php?tour_id=cd01687b47db9fe0c95acae017fc39c6\" title=\"\" target=\"_blank\" rel=\"noopener\">JETZT BUCHEN<\/a><\/div><\/div><\/div><\/div>[mkdf_section_title title_tag=\u00bb\u00bb disable_break_words=\u00bbno\u00bb title=\u00bbLos Haitises y Cayo Levantado\u00bb]<div class=\"vc_empty_space\"   style=\"height: 32px\"><span class=\"vc_empty_space_inner\"><\/span><\/div><div class=\"vc_row wpb_row vc_row-fluid\" ><\/div><div class=\"wpb_column vc_column_container vc_col-sm-12\"><div class=\"vc_column-inner\"><div class=\"wpb_wrapper\"><\/div><\/div><\/div><div class=\"vc_row wpb_row vc_row-fluid\" ><div class=\"wpb_column vc_column_container vc_col-sm-12\"><div class=\"vc_column-inner\"><div class=\"wpb_wrapper\"><\/div><\/div><\/div><\/div>","protected":false},"excerpt":{"rendered":"<p><span style=\"vertical-align: inherit;\"><span style=\"vertical-align: inherit;\">Excursiones a Los haitises y Cayo levantado, Viaje Ecol\u00f3gico al Parque Nacional Los Haitises con un Gu\u00eda Tur\u00edstico Local. <\/span><span style=\"vertical-align: inherit;\">Visitando los Cayos en el Parque Nacional Los Haitises, Manglares, Vegetaci\u00f3n, Observaci\u00f3n de aves, Cuevas, Pictogramas y las \u00e1reas hist\u00f3ricas de Sabana de la Mar en el Parque Nacional Los Haitises. <\/span><span style=\"vertical-align: inherit;\">Despu\u00e9s de Los Haitises almorzamos en la playa de la isla Bacardi. <\/span><span style=\"vertical-align: inherit;\">Reserve ahora Tour al Parque Nacional Los Haitises desde Puerto Saman\u00e1 + Isla Bacard\u00ed (Cayo Levantado) con nosotros.<\/span><\/span><\/p>\n<p>&nbsp;<\/p>\n<p><strong><span style=\"vertical-align: inherit;\"><span style=\"vertical-align: inherit;\">W\u00e4hlen Sie das Datum f\u00fcr die Tour:<\/span><\/span><\/strong><\/p>","protected":false},"featured_media":107,"template":"","meta":[],"product_brand":[],"product_cat":[571,566,123,124],"product_tag":[137,205,180,125,206,139,163,129,207,208,132,523,209,210,211,212,133,213,214,215,216,217,218,190,219,114,142,148,143,220],"class_list":{"0":"post-11637","1":"product","2":"type-product","3":"status-publish","4":"has-post-thumbnail","6":"product_cat-1-samana","7":"product_cat-boat-trip-los-haitises","8":"product_cat-tours-excursions-los-haitises-national-park","9":"product_cat-tours-excursions-samana-bay-dominican-republic","10":"product_tag-bacardi-island","11":"product_tag-bacardi-island-tours","12":"product_tag-birdwatching","13":"product_tag-boat-tour","14":"product_tag-caves-los-haitises","15":"product_tag-cayo-levantado","16":"product_tag-cayo-levantado-tour","17":"product_tag-eco-tours","18":"product_tag-excursiones-a-los-haitises-y-cayo-levantado","19":"product_tag-haitises-park-and-cayo-levantado-island","20":"product_tag-los-haitises","21":"product_tag-los-haitises-and-cayo-levantado","22":"product_tag-los-haitises-excursiones","23":"product_tag-los-haitises-excursions","24":"product_tag-los-haitises-mapa","25":"product_tag-los-haitises-mas-cayo-levantado","26":"product_tag-los-haitises-national-park","27":"product_tag-los-haitises-national-park-map","28":"product_tag-los-haitises-national-park-mas-cayo-levantado","29":"product_tag-los-haitises-national-park-tour-from-las-terrenas","30":"product_tag-los-haitises-national-park-tour-from-samana-port-bacardi-island-cayo-levantado","31":"product_tag-los-haitises-national-park-tour-from-santo-domingo","32":"product_tag-los-haitises-park-tour-cayo-levantado-island","33":"product_tag-los-haitises-samana","34":"product_tag-los-haitises-y-cayo-levantado","35":"product_tag-sabana-de-la-mar","36":"product_tag-samana","37":"product_tag-samana-excursions","38":"product_tag-samana-tours","39":"product_tag-tour-los-haitises-national-park-cayo-levantado","41":"first","42":"instock","43":"sale","44":"sold-individually","45":"shipping-taxable","46":"product-type-external"},"_links":{"self":[{"href":"https:\/\/haitises.com\/de\/wp-json\/wp\/v2\/product\/11637","targetHints":{"allow":["GET"]}}],"collection":[{"href":"https:\/\/haitises.com\/de\/wp-json\/wp\/v2\/product"}],"about":[{"href":"https:\/\/haitises.com\/de\/wp-json\/wp\/v2\/types\/product"}],"wp:featuredmedia":[{"embeddable":true,"href":"https:\/\/haitises.com\/de\/wp-json\/wp\/v2\/media\/107"}],"wp:attachment":[{"href":"https:\/\/haitises.com\/de\/wp-json\/wp\/v2\/media?parent=11637"}],"wp:term":[{"taxonomy":"product_brand","embeddable":true,"href":"https:\/\/haitises.com\/de\/wp-json\/wp\/v2\/product_brand?post=11637"},{"taxonomy":"product_cat","embeddable":true,"href":"https:\/\/haitises.com\/de\/wp-json\/wp\/v2\/product_cat?post=11637"},{"taxonomy":"product_tag","embeddable":true,"href":"https:\/\/haitises.com\/de\/wp-json\/wp\/v2\/product_tag?post=11637"}],"curies":[{"name":"wp","href":"https:\/\/api.w.org\/{rel}","templated":true}]}}