{"id":11634,"date":"2023-10-04T07:39:46","date_gmt":"2023-10-04T07:39:46","guid":{"rendered":"http:\/\/haitises.com\/?post_type=product&#038;p=11634"},"modified":"2024-04-01T21:24:20","modified_gmt":"2024-04-01T21:24:20","slug":"los-haitises-nationalpark-playa-el-rincon-strand","status":"publish","type":"product","link":"https:\/\/haitises.com\/de\/privat\/los-haitises-nationalpark-playa-el-rincon-strand\/","title":{"rendered":"Nationalpark Los Haitises + Strand Playa el Rinc\u00f3n"},"content":{"rendered":"<div class=\"vc_row wpb_row vc_row-fluid\" ><div class=\"wpb_column vc_column_container vc_col-sm-12\"><div class=\"vc_column-inner\"><div class=\"wpb_wrapper\">[mkdf_section_title title_tag=\u00bb\u00bb disable_break_words=\u00bbno\u00bb subtitle_tag=\u00bb\u00bb title=\u00bbLos Haitises National Park + Playa el Rinc\u00f3n beach\u00bb subtitle=\u00bbCaves, Mangroves, Lunch &amp; Swimming at The Beach\u00bb]<div class=\"vc_btn3-container vc_btn3-inline\" ><button class=\"vc_general vc_btn3 vc_btn3-size-md vc_btn3-shape-rounded vc_btn3-style-modern vc_btn3-color-green\">JETZT BUCHEN<\/button><\/div><\/div><\/div><\/div><\/div><div class=\"vc_row wpb_row vc_row-fluid\" ><div class=\"wpb_column vc_column_container vc_col-sm-12\"><div class=\"vc_column-inner\"><div class=\"wpb_wrapper\">\n\t<div class=\"wpb_text_column wpb_content_element\" >\n\t\t<div class=\"wpb_wrapper\">\n\t\t\t<h4><b><i>\u00dcbersicht <\/i><\/b><\/h4>\n<p>Los Haitises National Park und Playa El Rincon mit Mittagessen am Strand. Kommen Sie mit uns und besuchen Sie den sch\u00f6nsten Nationalpark der Dominikanischen Republik, besuchen Sie Mangroven, H\u00f6hlen und San Lorenzo Bay. Nach der R\u00fcckkehr zum Hafen von Samana unternehmen Sie einen privaten Ausflug zum Strand Playa El Rincon mit Mittagessen am Strand.<\/p>\n<p>Nach diesem Erlebnis erhalten Sie Zeit am Strand und ein lokales Mittagessen am Strand.<\/p>\n<ul>\n<li style=\"font-weight: 400;\"><span style=\"font-weight: 400;\">Inklusive Mittagsbuffet am Strand <\/span><\/li>\n<li style=\"font-weight: 400;\">Geb\u00fchren inklusive<\/li>\n<li style=\"font-weight: 400;\"><span style=\"font-weight: 400;\">Der F\u00fchrer bietet Anleitung und Aufsicht<\/span><\/li>\n<\/ul>\n<p>&nbsp;<\/p>\n<h4><b>Einschl\u00fcsse &amp; Ausschl\u00fcsse<\/b><\/h4>\n<p>&nbsp;<\/p>\n<p><b>Einschl\u00fcsse<\/b><\/p>\n<ol>\n<li style=\"font-weight: 400;\"><span style=\"font-weight: 400;\">\u00a0Mittagessen am Strand<\/span><\/li>\n<li style=\"font-weight: 400;\">Los Haitises Tour + Strand El Rincon<\/li>\n<li style=\"font-weight: 400;\"><span style=\"font-weight: 400;\">Alle Steuern, Geb\u00fchren und Bearbeitungskosten<\/span><\/li>\n<li style=\"font-weight: 400;\"><span style=\"font-weight: 400;\">Lokale Steuern<\/span><\/li>\n<li style=\"font-weight: 400;\"><span style=\"font-weight: 400;\">Getr\u00e4nke<\/span><\/li>\n<li style=\"font-weight: 400;\"><span style=\"font-weight: 400;\">Alle Aktivit\u00e4ten<\/span><\/li>\n<li style=\"font-weight: 400;\"><span style=\"font-weight: 400;\">Lokaler F\u00fchrer<\/span><\/li>\n<\/ol>\n<p><b> Ausschl\u00fcsse<\/b><\/p>\n<ol>\n<li style=\"font-weight: 400;\"><span style=\"font-weight: 400;\">Trinkgelder<\/span><\/li>\n<li style=\"font-weight: 400;\"><span style=\"font-weight: 400;\">\u00dcberweisen<\/span><\/li>\n<li style=\"font-weight: 400;\"><span style=\"font-weight: 400;\">Alkoholische Getr\u00e4nke<\/span><\/li>\n<\/ol>\n<p>&nbsp;<\/p>\n<h4><em><strong>Abreise und R\u00fcckkehr<\/strong><\/em><\/h4>\n<p><span style=\"font-weight: 400;\">Der Reisende erh\u00e4lt nach der Reservierung einen Treffpunkt. Die Touren beginnen und enden an unseren Treffpunkten.<\/span><\/p>\n<p>&nbsp;<\/p>\n<h4><b><i>Was ist zu erwarten?<\/i><\/b><\/h4>\n<p>&nbsp;<\/p>\n<p><em><strong>Holen Sie sich Ihre Tickets<\/strong><\/em> f\u00fcr den Besuch des Nationalparks Los Haitises mit einem wunderbaren Mittagessen am Strand Playa El Rincon.<\/p>\n<p><span style=\"font-weight: 400;\">The tour, organized by \u00abBooking Adventures\u00bb starts at the meeting point set with the Tour Guide.<\/span><\/p>\n<div class=\"teaser-description\">Machen Sie eine Bootstour durch die Bucht von Samana und besuchen Sie den Nationalpark Los Haitises. Sie fahren durch Mangrovens\u00fcmpfe, vorbei an alten Piratenh\u00f6hlen und durch gesch\u00fctzte W\u00e4lder in diesem malerischen Reservat.<\/div>\n<div class=\"body-description secondary\">\n<p>Kommen Sie mit Booking Adventures und erkunden Sie einige Mangroven voller V\u00f6gel, sanfte H\u00fcgel mit \u00fcppiger Vegetation und H\u00f6hlen <em><strong>Nationalpark Los Haitises<\/strong><\/em>. Mit dem Boot vom Hafen von Samana aus einen Ausflug machen.<\/p>\n<p>Der Name des Nationalparks stammt von seinen urspr\u00fcnglichen Bewohnern, den Taino-Indianern. In ihrer Sprache bedeutet \"Haitises\" Hochland oder H\u00fcgel, eine Anspielung auf die steilen geologischen Formationen der K\u00fcstenlinie mit Kalkstein. Wenn Sie tiefer in den Park vordringen, k\u00f6nnen Sie H\u00f6hlen wie die <em><strong>Sandh\u00f6hle<\/strong><\/em> und <strong><em>Die H\u00f6hle von La Linea.<\/em><\/strong> Die H\u00f6hlen im Reservat dienten den Taino-Indianern als Unterschlupf und sp\u00e4ter auch als Versteck f\u00fcr Piraten. Halten Sie Ausschau nach Zeichnungen der Indianer, die einige der W\u00e4nde schm\u00fccken.<\/p>\n<p>Nach dem Besuch des Nationalparks Los Haitises nehmen wir das Boot und fahren durch die Mangroven und landen in der offenen Bucht von San Lorenzo direkt im Hafen von Saman\u00e1. Im Hafen von Saman\u00e1 nehmen wir unseren privaten Transport zum Strand von El Rinc\u00f3n zum Mittagessen.<\/p>\n<p>Das Mittagessen wird k\u00f6stlich sein, aber wir sind noch nicht fertig. Nach dem Mittagessen haben Sie Zeit, den Strand zu genie\u00dfen oder einfach im Schatten zu sitzen und eine Pi\u00f1a Colada oder Coco Loco in einer typisch dominikanischen Bar zu trinken. Gegen 16:30 Uhr verlassen wir den Strand und kommen zur\u00fcck nach Saman\u00e1.<\/p>\n<\/div>\n<p>Am Strand kann man so lange bleiben, wie man m\u00f6chte, um zu schwimmen. Frite Fisch und Tostones werden angeboten! Wenn Sie Veganer sind, k\u00f6nnen wir auch einige Lebensmittel f\u00fcr Sie setzen.<\/p>\n<p>&nbsp;<\/p>\n<h4><em><strong>Was sollten Sie mitbringen?<\/strong><\/em><\/h4>\n<ul>\n<li style=\"font-weight: 400;\"><span style=\"font-weight: 400;\">Kamera<\/span><\/li>\n<li style=\"font-weight: 400;\"><span style=\"font-weight: 400;\">Absto\u00dfende Knospen<\/span><\/li>\n<li style=\"font-weight: 400;\"><span style=\"font-weight: 400;\">Sonnencreme<\/span><\/li>\n<li style=\"font-weight: 400;\"><span style=\"font-weight: 400;\">Hut<\/span><\/li>\n<li style=\"font-weight: 400;\"><span style=\"font-weight: 400;\">Bequeme Hosen<\/span><\/li>\n<li style=\"font-weight: 400;\"><span style=\"font-weight: 400;\">Wanderschuhe f\u00fcr den Wald<\/span><\/li>\n<li style=\"font-weight: 400;\"><span style=\"font-weight: 400;\">Sandalen f\u00fcr den Strand<\/span><\/li>\n<li style=\"font-weight: 400;\"><span style=\"font-weight: 400;\">Schwimmbekleidung<\/span><\/li>\n<\/ul>\n<p>&nbsp;<\/p>\n<h4><b><i>Abholung Hotel <\/i><\/b><\/h4>\n<p><span style=\"font-weight: 400;\">Eine Abholung vom Hotel wird f\u00fcr diese Tour nicht angeboten. <\/span><\/p>\n<p>&nbsp;<\/p>\n<p><b>Anmerkung:<\/b><span style=\"font-weight: 400;\"> Wenn Sie innerhalb von 24 Stunden vor der Abfahrtszeit der Tour\/Exkursion buchen, k\u00f6nnen wir die Abholung vom Hotel gegen Aufpreis organisieren. Sobald Ihr Kauf abgeschlossen ist, senden wir Ihnen die vollst\u00e4ndigen Kontaktdaten (Telefonnummer, E-Mail-Adresse, etc.) f\u00fcr unseren lokalen Reiseleiter, um die Abholung zu organisieren.<\/span><\/p>\n<h4><b><i>Zus\u00e4tzliche Informationen Best\u00e4tigung <\/i><\/b><\/h4>\n<ol>\n<li>Die Tickets sind die Quittung nach der Bezahlung dieser Tour. Sie k\u00f6nnen die Zahlung auf Ihrem Telefon zeigen.<\/li>\n<li style=\"font-weight: 400;\"><span style=\"font-weight: 400;\">Der Treffpunkt wird nach der Reservierung mitgeteilt.<\/span><\/li>\n<li style=\"font-weight: 400;\"><span style=\"font-weight: 400;\">Kinder m\u00fcssen von einem Erwachsenen begleitet werden.<\/span><\/li>\n<li style=\"font-weight: 400;\"><span style=\"font-weight: 400;\"> Nicht rollstuhlgerecht <\/span><\/li>\n<li style=\"font-weight: 400;\"><span style=\"font-weight: 400;\">Kleinkinder m\u00fcssen auf dem Scho\u00df sitzen <\/span><\/li>\n<li style=\"font-weight: 400;\"><span style=\"font-weight: 400;\">F\u00fcr Reisende mit R\u00fcckenproblemen nicht zu empfehlen<\/span><\/li>\n<li style=\"font-weight: 400;\"><span style=\"font-weight: 400;\">F\u00fcr schwangere Reisende nicht empfohlen <\/span><\/li>\n<li style=\"font-weight: 400;\"><span style=\"font-weight: 400;\"> Keine Herzprobleme oder andere schwerwiegende Erkrankungen <\/span><\/li>\n<li style=\"font-weight: 400;\"><span style=\"font-weight: 400;\">Die meisten Reisenden k\u00f6nnen teilnehmen<\/span><\/li>\n<\/ol>\n<h4><b><i>Stornierungspolitik<\/i><\/b><\/h4>\n<p>F\u00fcr eine vollst\u00e4ndige R\u00fcckerstattung, lesen Sie bitte unsere Stornierungsbedingungen\u00a0<a href=\"https:\/\/www.ticketswhales.com\/online-booking\/\" target=\"_blank\" rel=\"noopener\" data-saferedirecturl=\"https:\/\/www.google.com\/url?q=https:\/\/www.ticketswhales.com\/online-booking\/&amp;source=gmail&amp;ust=1672449202351000&amp;usg=AOvVaw1yAeVAPktmaVCqDujgUn90\">Klicken Sie hier<\/a>. Funds will be lost if the reservation is canceled the same day of the trip.<\/p>\n\n\t\t<\/div>\n\t<\/div>\n<div class=\"vc_empty_space\"   style=\"height: 32px\"><span class=\"vc_empty_space_inner\"><\/span><\/div><\/div><\/div><\/div><\/div><div class=\"vc_row wpb_row vc_row-fluid\" ><div class=\"wpb_column vc_column_container vc_col-sm-12\"><div class=\"vc_column-inner\"><div class=\"wpb_wrapper\"><\/div><\/div><\/div><\/div><div class=\"vc_row wpb_row vc_row-fluid\" ><div class=\"wpb_column vc_column_container vc_col-sm-12\"><div class=\"vc_column-inner\"><div class=\"wpb_wrapper\"><div class=\"vc_btn3-container vc_btn3-inline\" ><button class=\"vc_general vc_btn3 vc_btn3-size-md vc_btn3-shape-rounded vc_btn3-style-modern vc_btn3-color-green\">JETZT BUCHEN<\/button><\/div><\/div><\/div><\/div><\/div>","protected":false},"excerpt":{"rendered":"<p>Los Haitises National Park und Playa El Rinc\u00f3n mit Mittagessen am Strand. Kommen Sie mit uns und besuchen Sie den sch\u00f6nsten Nationalpark der Dominikanischen Republik, besuchen Sie Mangroven, H\u00f6hlen und San Lorenzo Bay. Nach der R\u00fcckkehr zum Hafen von Saman\u00e1 machen Sie einen privaten Ausflug zum Strand Playa El Rinc\u00f3n mit Mittagessen am Strand.<\/p>\n<p>Sichern Sie sich Ihre Tickets mit Angeboten hier...<\/p>\n<p>&nbsp;<\/p>\n<p><strong>Bitte w\u00e4hlen Sie ein Datum f\u00fcr The Tour\u00a0<\/strong><\/p>","protected":false},"featured_media":228,"template":"","meta":[],"product_brand":[],"product_cat":[571,566,98,135,124,154],"product_tag":[138,195,196,142,147,148,143],"class_list":{"0":"post-11634","1":"product","2":"type-product","3":"status-publish","4":"has-post-thumbnail","6":"product_cat-1-samana","7":"product_cat-boat-trip-los-haitises","8":"product_cat-local-tour-guides","9":"product_cat-lunch","10":"product_cat-tours-excursions-samana-bay-dominican-republic","11":"product_cat-trails-or-paths","12":"product_tag-beach-time","13":"product_tag-el-rincon-beach","14":"product_tag-playa-el-rincon","15":"product_tag-samana","16":"product_tag-samana-bay","17":"product_tag-samana-excursions","18":"product_tag-samana-tours","20":"first","21":"instock","22":"sale","23":"sold-individually","24":"shipping-taxable","25":"product-type-external"},"_links":{"self":[{"href":"https:\/\/haitises.com\/de\/wp-json\/wp\/v2\/product\/11634","targetHints":{"allow":["GET"]}}],"collection":[{"href":"https:\/\/haitises.com\/de\/wp-json\/wp\/v2\/product"}],"about":[{"href":"https:\/\/haitises.com\/de\/wp-json\/wp\/v2\/types\/product"}],"wp:featuredmedia":[{"embeddable":true,"href":"https:\/\/haitises.com\/de\/wp-json\/wp\/v2\/media\/228"}],"wp:attachment":[{"href":"https:\/\/haitises.com\/de\/wp-json\/wp\/v2\/media?parent=11634"}],"wp:term":[{"taxonomy":"product_brand","embeddable":true,"href":"https:\/\/haitises.com\/de\/wp-json\/wp\/v2\/product_brand?post=11634"},{"taxonomy":"product_cat","embeddable":true,"href":"https:\/\/haitises.com\/de\/wp-json\/wp\/v2\/product_cat?post=11634"},{"taxonomy":"product_tag","embeddable":true,"href":"https:\/\/haitises.com\/de\/wp-json\/wp\/v2\/product_tag?post=11634"}],"curies":[{"name":"wp","href":"https:\/\/api.w.org\/{rel}","templated":true}]}}