{"id":11467,"date":"2021-10-15T07:23:50","date_gmt":"2021-10-15T07:23:50","guid":{"rendered":"http:\/\/haitises.com\/?post_type=product&#038;p=11467"},"modified":"2021-10-15T07:24:08","modified_gmt":"2021-10-15T07:24:08","slug":"cano-hondo-hotel-room-free-breakfast-for-5-guests","status":"publish","type":"product","link":"https:\/\/haitises.com\/de\/privat\/cano-hondo-hotel-room-free-breakfast-for-5-guests\/","title":{"rendered":"Ca\u00f1o Hondo Hotel Room &#038; Free Breakfast for 5 Guests"},"content":{"rendered":"<div class=\"vc_row wpb_row vc_row-fluid\" ><div class=\"wpb_column vc_column_container vc_col-sm-12\"><div class=\"vc_column-inner\"><div class=\"wpb_wrapper\">\n\t<div class=\"wpb_text_column wpb_content_element\" >\n\t\t<div class=\"wpb_wrapper\">\n\t\t\t<p data-name-en=\"roomsize\"><strong>Kostenloses WiFi auf dem Zimmer oder in der Lobby,\u00a0<\/strong><strong>Kostenloses Parken, T\u00e4gliche Haushaltsf\u00fchrung<\/strong><\/p>\n<p data-name-en=\"roomsize\"><em>(Free Breakfast for 5 Guests)<\/em><\/p>\n<h4 class=\"hprt-lightbox-title\" data-et-view=\"ZdffZZLJbFcFbRAOAcEUJXDbNZRO:1\"><strong>In Ihrem Badezimmer:<\/strong><\/h4>\n<ul class=\"hprt-lightbox-list js-lightbox-facilities\" data-nr-of-facilities=\"4\" data-et-view=\"\">\n<li class=\"hprt-lightbox-list__item js-lightbox-facility\" data-name-en=\"Shower\" data-id=\"4\">- Dusche<\/li>\n<li class=\"hprt-lightbox-list__item js-lightbox-facility\" data-name-en=\"Free Toiletries\" data-id=\"27\">- Kostenlose Toilettenartikel<\/li>\n<li class=\"hprt-lightbox-list__item js-lightbox-facility\" data-name-en=\"Bathroom\" data-id=\"38\">- Eigenes Badezimmer<\/li>\n<li class=\"hprt-lightbox-list__item js-lightbox-facility\" data-name-en=\"higher level toilet\" data-id=\"151\">- Erh\u00f6hte Toilette<\/li>\n<\/ul>\n<h4 class=\"hprt-lightbox-title\"><strong>Ausstattung der Zimmer:<\/strong><\/h4>\n<ul class=\"hprt-lightbox-list js-lightbox-facilities\" data-nr-of-facilities=\"10\">\n<li style=\"list-style-type: none;\">\n<ul class=\"hprt-lightbox-list js-lightbox-facilities\" data-nr-of-facilities=\"10\">\n<li class=\"hprt-lightbox-list__item js-lightbox-facility\" data-name-en=\"Balcony\" data-id=\"17\">- Balkon<\/li>\n<li class=\"hprt-lightbox-list__item js-lightbox-facility\" data-name-en=\"Garden View\" data-id=\"110\">- Blick aufs Meer<\/li>\n<li class=\"hprt-lightbox-list__item js-lightbox-facility\" data-name-en=\"Fan\" data-id=\"30\">\u2022 Fan<\/li>\n<li class=\"hprt-lightbox-list__item js-lightbox-facility\" data-name-en=\"Tumble dryer (machine)\" data-id=\"94\">- M\u00f6bel<\/li>\n<li>\u2022 3 Double beds<\/li>\n<li class=\"hprt-lightbox-list__item js-lightbox-facility\" data-name-en=\"Wardrobe\/Closet\" data-id=\"95\">- Kleiderschrank oder Garderobe<\/li>\n<\/ul>\n<\/li>\n<\/ul>\n<p>[weiter lesen]<\/p>\n<div>\n<h4><strong>Zugang f\u00fcr G\u00e4ste:<\/strong><\/h4>\n<ul>\n<li>- 24-Stunden-Rezeption<\/li>\n<li>- 16 rauchfreie G\u00e4stezimmer<\/li>\n<li>- Restaurant und Bar<\/li>\n<li>- Mehrsprachiges Personal<\/li>\n<li>- Ein Faulenzer und 11 Naturpools im Freien<\/li>\n<li>- Dachterrasse<\/li>\n<li>- Garten<\/li>\n<li>- Picknickplatz<\/li>\n<li>- T\u00e4gliche Haushaltsf\u00fchrung<\/li>\n<li>- W\u00e4schereidienst<\/li>\n<\/ul>\n<h2><strong><em>Zimmer-Komfort:<\/em><\/strong><\/h2>\n<ul>\n<li>Deckenventilator<\/li>\n<li>Individuell dekoriert<\/li>\n<li>Haartrockner (auf Anfrage)<\/li>\n<li>Kostenloses Wasser in Flaschen<\/li>\n<li>Balkon<\/li>\n<li>T\u00e4gliche Haushaltsf\u00fchrung<\/li>\n<li>24-Stunden-Rezeption<\/li>\n<li>Sch\u00f6ne Aussicht<\/li>\n<\/ul>\n<p>[\/read]<\/p>\n<hr \/>\n<h2>Mehr Details \u00fcber Ca\u00f1o Hondo:<\/h2>\n<h2><strong><em>Lagerfeuer &amp; Camping<\/em><\/strong><\/h2>\n<p>Genie\u00dfen Sie ein n\u00e4chtliches Lagerfeuer unter dem Sternenhimmel... keine Lichtverschmutzung, nur ein dunkler Nachthimmel und die Ger\u00e4usche des tropischen Waldlebens.<\/p>\n<p>Neben dem hervorragenden Service k\u00f6nnen Sie die typische lokale K\u00fcche (frische Meeresfr\u00fcchte) oder Outdoor-Aktivit\u00e4ten und Ausfl\u00fcge mit einem professionellen lokalen Reiseleiter genie\u00dfen.<\/p>\n<p>Jedes unserer 16 Zimmer ist nach V\u00f6geln benannt, die im Nationalpark Los Haitises zu finden sind (es gibt etwa 110 Arten im Park). Vor allem die Zimmer sind individuell eingerichtet, voll positive Energie, die auf besseren Aufenthalt im Ca\u00f1o Hondo bringt. Sie k\u00f6nnen den Blick auf die San Lorenzo Bay und die Samana Bay genie\u00dfen!<\/p>\n<p>&nbsp;<\/p>\n<hr \/>\n<h2>Sonderangebote Ca\u00f1o Hondo Aktivit\u00e4ten &amp; Ausfl\u00fcge<\/h2>\n<ul>\n<li>Liste der Aktivit\u00e4ten und Exkursionen:<\/li>\n<li>Seilrutschen<\/li>\n<li>Klettern an der Felswand<\/li>\n<li>Reiten<\/li>\n<li>Wanderweg im Nationalpark (2 oder 4 Stunden, kann mit Kajakfahren kombiniert werden)<\/li>\n<li>Kajakfahren (2 oder 4 Stunden, kann mit Wandern kombiniert werden)<\/li>\n<li>Gef\u00fchrte Bootstouren in Los Haitises zu den H\u00f6hlen<\/li>\n<li>Walbeobachtung (Saison vom 15. Januar bis 30. M\u00e4rz)<\/li>\n<li>Gef\u00fchrte Vogelbeobachtung<\/li>\n<li>Entdecken Sie den Park Los Haitises mit dem Kanu<\/li>\n<li>Cayo Levantado\/Bacardi-Insel<\/li>\n<li>Wasserf\u00e4lle El Limon<\/li>\n<li>Fronton Strand<\/li>\n<li>Boca del Diablo<\/li>\n<li>ATV + Strand von El Valle<\/li>\n<\/ul>\n<p>Wir machen eine private oder Gruppe Touren, kombinierte Pakete, die zu unseren G\u00e4sten passen. F\u00fcr weitere Informationen \u00fcber Aktivit\u00e4ten und Ausfl\u00fcge, kontaktieren Sie uns bitte.<\/p>\n<h2><span class=\"_6ijom0\">Ca\u00f1o Hondo G\u00e4stezugang<\/span><\/h2>\n<p>Was ist um ...<\/p>\n<ol>\n<li>16 rauchfreie G\u00e4stezimmer<\/li>\n<li>Restaurant und Bar\/Lounge<\/li>\n<li>Lazy River und 15 Au\u00dfenbecken<\/li>\n<li>Kostenloser Wasserpark<\/li>\n<li>Dachterrasse<\/li>\n<li>24-Stunden-Rezeption<\/li>\n<li>T\u00e4gliche Haushaltsf\u00fchrung<\/li>\n<li>Garten-Ansichten<\/li>\n<li>W\u00e4schereidienst<\/li>\n<li>Mehrsprachiges Personal<\/li>\n<li>Concierge-Dienste<\/li>\n<li>Picknickplatz<\/li>\n<li>Kostenloses Fr\u00fchst\u00fccksbuffet, kostenloses WiFi in den \u00f6ffentlichen Bereichen und kostenlose Parkpl\u00e4tze<\/li>\n<\/ol>\n<\/div>\n\n\t\t<\/div>\n\t<\/div>\n<\/div><\/div><\/div><\/div><div class=\"vc_row wpb_row vc_row-fluid\" ><div class=\"wpb_column vc_column_container vc_col-sm-12\"><div class=\"vc_column-inner\"><div class=\"wpb_wrapper\">\n\t<div class=\"wpb_text_column wpb_content_element\" >\n\t\t<div class=\"wpb_wrapper\">\n\t\t\t<h2><em>Andere Zimmer Optionen<\/em><\/h2>\n\n\t\t<\/div>\n\t<\/div>\n<\/div><\/div><\/div><\/div><div class=\"vc_row wpb_row vc_row-fluid\" ><div class=\"wpb_column vc_column_container vc_col-sm-12\"><div class=\"vc_column-inner\"><div class=\"wpb_wrapper\"><div class=\"woocommerce columns-3\"><ul class=\"products columns-3\">\n<li class=\"product type-product post-12225 status-publish first instock product_cat-dominican-republic product_tag-excursion product_tag-tour has-post-thumbnail sale shipping-taxable product-type-external\">\n\t<div class=\"mkdf-pl-inner\"><div class=\"mkdf-pl-image\">\n\t<span class=\"mkdf-onsale\">SALE<\/span>\n\t<img loading=\"lazy\" decoding=\"async\" width=\"300\" height=\"300\" src=\"https:\/\/haitises.com\/wp-content\/uploads\/2024\/12\/98-7-300x300.jpg\" class=\"attachment-woocommerce_thumbnail size-woocommerce_thumbnail\" alt=\"Private Transfers from Punta Cana Airport to Hotels\" srcset=\"https:\/\/haitises.com\/wp-content\/uploads\/2024\/12\/98-7-300x300.jpg 300w, https:\/\/haitises.com\/wp-content\/uploads\/2024\/12\/98-7-550x550.jpg 550w, https:\/\/haitises.com\/wp-content\/uploads\/2024\/12\/98-7-100x100.jpg 100w\" sizes=\"auto, (max-width: 300px) 100vw, 300px\" title=\"\"><div class=\"mkdf-pl-text\"><div class=\"mkdf-pl-text-outer\"><div class=\"mkdf-pl-text-inner\"><a href=\"https:\/\/gyg.me\/Efzoif2Y\" aria-describedby=\"woocommerce_loop_add_to_cart_link_describedby_12225\" data-quantity=\"1\" class=\"button product_type_external\" data-product_id=\"12225\" data-product_sku=\"\" aria-label=\"Check availability\" rel=\"nofollow noopener\" target=\"_blank\">Check availability<\/a>\t<span id=\"woocommerce_loop_add_to_cart_link_describedby_12225\" class=\"screen-reader-text\">\n\t\t\t<\/span>\n<\/div><\/div><\/div><\/div><a href=\"https:\/\/haitises.com\/de\/privat\/privattransfers-vom-flughafen-punta-cana-zum-hotel\/\" class=\"woocommerce-LoopProduct-link woocommerce-loop-product__link\"><\/a><\/div><div class=\"mkdf-pl-text-wrapper\"><h4 class=\"mkdf-product-list-title\"><a href=\"https:\/\/haitises.com\/de\/privat\/privattransfers-vom-flughafen-punta-cana-zum-hotel\/\">Private Transfers from Punta Cana Airport to Hotels<\/a><\/h4>\n\t<span class=\"price\"><del aria-hidden=\"true\"><span class=\"woocommerce-Price-amount amount\"><bdi><span class=\"woocommerce-Price-currencySymbol\">&#36;<\/span>15.50<\/bdi><\/span><\/del> <span class=\"screen-reader-text\">Urspr\u00fcnglicher Preis war: &#036;15.50<\/span><ins aria-hidden=\"true\"><span class=\"woocommerce-Price-amount amount\"><bdi><span class=\"woocommerce-Price-currencySymbol\">&#36;<\/span>12.15<\/bdi><\/span><\/ins><span class=\"screen-reader-text\">Aktueller Preis ist: &#036;12.15.<\/span><\/span>\n<\/div><\/li><li class=\"product type-product post-12224 status-publish instock product_cat-dominican-republic product_tag-excursion product_tag-tour has-post-thumbnail sale shipping-taxable product-type-external\">\n\t<div class=\"mkdf-pl-inner\"><div class=\"mkdf-pl-image\">\n\t<span class=\"mkdf-onsale\">SALE<\/span>\n\t<img loading=\"lazy\" decoding=\"async\" width=\"300\" height=\"300\" src=\"https:\/\/haitises.com\/wp-content\/uploads\/2024\/12\/145-39-300x300.jpg\" class=\"attachment-woocommerce_thumbnail size-woocommerce_thumbnail\" alt=\"Punta Cana: Dolphin Discovery Swims and Encounters\" srcset=\"https:\/\/haitises.com\/wp-content\/uploads\/2024\/12\/145-39-300x300.jpg 300w, https:\/\/haitises.com\/wp-content\/uploads\/2024\/12\/145-39-100x100.jpg 100w\" sizes=\"auto, (max-width: 300px) 100vw, 300px\" title=\"\"><div class=\"mkdf-pl-text\"><div class=\"mkdf-pl-text-outer\"><div class=\"mkdf-pl-text-inner\"><a href=\"https:\/\/gyg.me\/8AGs6VXL\" aria-describedby=\"woocommerce_loop_add_to_cart_link_describedby_12224\" data-quantity=\"1\" class=\"button product_type_external\" data-product_id=\"12224\" data-product_sku=\"\" aria-label=\"&#8222;Punta Cana: Dolphin Discovery Swims and Encounters&#8220; kaufen\" rel=\"nofollow noopener\" target=\"_blank\">Produkt kaufen<\/a>\t<span id=\"woocommerce_loop_add_to_cart_link_describedby_12224\" class=\"screen-reader-text\">\n\t\t\t<\/span>\n<\/div><\/div><\/div><\/div><a href=\"https:\/\/haitises.com\/de\/privat\/delphinschwimmen-und-begegnungen-in-punta-cana\/\" class=\"woocommerce-LoopProduct-link woocommerce-loop-product__link\"><\/a><\/div><div class=\"mkdf-pl-text-wrapper\"><h4 class=\"mkdf-product-list-title\"><a href=\"https:\/\/haitises.com\/de\/privat\/delphinschwimmen-und-begegnungen-in-punta-cana\/\">Punta Cana: Dolphin Discovery Swims and Encounters<\/a><\/h4>\n\t<span class=\"price\"><del aria-hidden=\"true\"><span class=\"woocommerce-Price-amount amount\"><bdi><span class=\"woocommerce-Price-currencySymbol\">&#36;<\/span>115.00<\/bdi><\/span><\/del> <span class=\"screen-reader-text\">Urspr\u00fcnglicher Preis war: &#036;115.00<\/span><ins aria-hidden=\"true\"><span class=\"woocommerce-Price-amount amount\"><bdi><span class=\"woocommerce-Price-currencySymbol\">&#36;<\/span>109.00<\/bdi><\/span><\/ins><span class=\"screen-reader-text\">Aktueller Preis ist: &#036;109.00.<\/span><\/span>\n<\/div><\/li><li class=\"product type-product post-12223 status-publish last instock product_cat-dominican-republic product_cat-saona-island product_tag-excursion product_tag-tour has-post-thumbnail sale shipping-taxable product-type-external\">\n\t<div class=\"mkdf-pl-inner\"><div class=\"mkdf-pl-image\">\n\t<span class=\"mkdf-onsale\">SALE<\/span>\n\t<img loading=\"lazy\" decoding=\"async\" width=\"300\" height=\"300\" src=\"https:\/\/haitises.com\/wp-content\/uploads\/2026\/03\/145-38-300x300.jpg\" class=\"attachment-woocommerce_thumbnail size-woocommerce_thumbnail\" alt=\"Catamaran Tour to Saona Island: Lunch &amp; Open Bar Experience\" srcset=\"https:\/\/haitises.com\/wp-content\/uploads\/2026\/03\/145-38-300x300.jpg 300w, https:\/\/haitises.com\/wp-content\/uploads\/2026\/03\/145-38-550x550.jpg 550w, https:\/\/haitises.com\/wp-content\/uploads\/2026\/03\/145-38-100x100.jpg 100w\" sizes=\"auto, (max-width: 300px) 100vw, 300px\" title=\"\"><div class=\"mkdf-pl-text\"><div class=\"mkdf-pl-text-outer\"><div class=\"mkdf-pl-text-inner\"><a href=\"https:\/\/gobookingadventures.com\/en\/booking\/catamaran-tour-to-saona-island-lunch-and-open-bar-experience\" aria-describedby=\"woocommerce_loop_add_to_cart_link_describedby_12223\" data-quantity=\"1\" class=\"button product_type_external\" data-product_id=\"12223\" data-product_sku=\"\" aria-label=\"BUY TICKETS\" rel=\"nofollow noopener\" target=\"_blank\">BUY TICKETS<\/a>\t<span id=\"woocommerce_loop_add_to_cart_link_describedby_12223\" class=\"screen-reader-text\">\n\t\t\t<\/span>\n<\/div><\/div><\/div><\/div><a href=\"https:\/\/haitises.com\/de\/privat\/-4\/\" class=\"woocommerce-LoopProduct-link woocommerce-loop-product__link\"><\/a><\/div><div class=\"mkdf-pl-text-wrapper\"><h4 class=\"mkdf-product-list-title\"><a href=\"https:\/\/haitises.com\/de\/privat\/-4\/\">Catamaran Tour to Saona Island: Lunch &#038; Open Bar Experience<\/a><\/h4>\n\t<span class=\"price\"><del aria-hidden=\"true\"><span class=\"woocommerce-Price-amount amount\"><bdi><span class=\"woocommerce-Price-currencySymbol\">&#36;<\/span>95.00<\/bdi><\/span><\/del> <span class=\"screen-reader-text\">Urspr\u00fcnglicher Preis war: &#036;95.00<\/span><ins aria-hidden=\"true\"><span class=\"woocommerce-Price-amount amount\"><bdi><span class=\"woocommerce-Price-currencySymbol\">&#36;<\/span>85.00<\/bdi><\/span><\/ins><span class=\"screen-reader-text\">Aktueller Preis ist: &#036;85.00.<\/span><\/span>\n<\/div><\/li><\/ul>\n<\/div><\/div><\/div><\/div><\/div>","protected":false},"excerpt":{"rendered":"<h2><strong>Hotel Ca\u00f1o Hondo<\/strong><\/h2>\n<p><em>(Free Breakfast for 5 Guests)<\/em><\/p>\n<p>Die Eco-Lodge ist ein magischer, friedlicher und origineller Ort, an dem man \u00fcbernachten kann. Dieses nat\u00fcrliche und authentische Hotel befindet sich im ber\u00fchmten Nationalpark Los Haitises in Sabana de la Mar. Alle unsere Zimmer sind voller positiver Energie und bieten einen atemberaubenden Blick auf die Bucht von San Lorenzo und die Bucht von Samana! Die Zimmer haben ein eigenes Bad mit Warmwasser und einen Deckenventilator. Das Fr\u00fchst\u00fcck ist im Preis inbegriffen, kostenloses Trinkwasser und Kaffee werden den ganzen Tag \u00fcber angeboten. Sie k\u00f6nnen auch aus unseren Speisepl\u00e4nen w\u00e4hlen.<br \/>\n[weiter lesen]<\/p>\n<h2><strong><em><span class=\"_6ijom0\">\u00a0Cano Hondo <\/span><\/em><\/strong><em><strong>Naturschwimmb\u00e4der<\/strong><\/em><\/h2>\n<p>Genie\u00dfen Sie mit Ihrer Familie oder Ihren G\u00e4sten nat\u00fcrliche \u00d6ko-Pools mit gesundem und erfrischendem Wasser, die sich wunderbar in die Landschaft einf\u00fcgen. Die Pools sind vollst\u00e4ndig biologisch und ben\u00f6tigen kein Chlor oder Chemikalien, die ihre eigene nat\u00fcrliche \u00d6kologie und ein ausgewogenes \u00d6kosystem entwickeln, indem sie auf eine bestimmte Art und Weise entworfen und gebaut werden.<\/p>\n<h2><em><strong>Ca\u00f1o Hondo Kinderregeln:<\/strong><\/em><\/h2>\n<p>-Kinder von 2-10 Jahren zahlen den Kindertarif<br \/>\n-Unter 2 Jahre alt kostenlos<\/p>\n<h2><em><strong>Ca\u00f1o Hondo Restaurant:\u00a0<\/strong><\/em><\/h2>\n<p>Es gibt ein Men\u00fc mit zahlreichen Optionen, aus denen Sie w\u00e4hlen k\u00f6nnen. Zu jeder Mahlzeit ist au\u00dferdem ein Getr\u00e4nk pro Person inbegriffen. Alkoholische Getr\u00e4nke sind gegen eine Geb\u00fchr erh\u00e4ltlich, ebenso wie zus\u00e4tzliche Getr\u00e4nke.<\/p>\n<p>Die Speisekarte des Hotels erz\u00e4hlt skurrile Geschichten \u00fcber einheimische W\u00f6rter und sagenhafte Geschichten der Region. Sie hebt auch die typischen Gerichte der Region wie Krabben, Muscheln und Minutas hervor, einen kleinen S\u00fc\u00dfwasserfisch, der vor Ort gerne gew\u00fcrzt und gebraten wird. Frische nat\u00fcrliche Fruchts\u00e4fte werden t\u00e4glich gewechselt: Limette, Melone, Mango, Tamarinde, Ananas usw.<br \/>\n[\/read]<\/p>","protected":false},"featured_media":11500,"template":"","meta":[],"product_brand":[],"product_cat":[558,560,563,561],"product_tag":[339,521,126,340,127,447,562,342],"class_list":{"0":"post-11467","1":"product","2":"type-product","3":"status-publish","4":"has-post-thumbnail","6":"product_cat-all-rooms","7":"product_cat-hotel-cano-hondo","8":"product_cat-room-hotel-cano-hondo","9":"product_cat-room-offers","10":"product_tag-altos-cano-hondo","11":"product_tag-altos-de-cano-hondo","12":"product_tag-cano-hondo","13":"product_tag-cano-hondo-day-pass","14":"product_tag-cano-hondo-hotel","15":"product_tag-hotel-cano-hondo","16":"product_tag-hotel-sabana-de-la-mar","17":"product_tag-paraiso-cano-hondo","19":"first","20":"instock","21":"shipping-taxable","22":"product-type-external"},"_links":{"self":[{"href":"https:\/\/haitises.com\/de\/wp-json\/wp\/v2\/product\/11467","targetHints":{"allow":["GET"]}}],"collection":[{"href":"https:\/\/haitises.com\/de\/wp-json\/wp\/v2\/product"}],"about":[{"href":"https:\/\/haitises.com\/de\/wp-json\/wp\/v2\/types\/product"}],"wp:featuredmedia":[{"embeddable":true,"href":"https:\/\/haitises.com\/de\/wp-json\/wp\/v2\/media\/11500"}],"wp:attachment":[{"href":"https:\/\/haitises.com\/de\/wp-json\/wp\/v2\/media?parent=11467"}],"wp:term":[{"taxonomy":"product_brand","embeddable":true,"href":"https:\/\/haitises.com\/de\/wp-json\/wp\/v2\/product_brand?post=11467"},{"taxonomy":"product_cat","embeddable":true,"href":"https:\/\/haitises.com\/de\/wp-json\/wp\/v2\/product_cat?post=11467"},{"taxonomy":"product_tag","embeddable":true,"href":"https:\/\/haitises.com\/de\/wp-json\/wp\/v2\/product_tag?post=11467"}],"curies":[{"name":"wp","href":"https:\/\/api.w.org\/{rel}","templated":true}]}}