{"id":11370,"date":"2021-08-15T20:09:01","date_gmt":"2021-08-15T20:09:01","guid":{"rendered":"http:\/\/haitises.com\/?post_type=product&#038;p=11370"},"modified":"2024-04-04T19:57:44","modified_gmt":"2024-04-04T19:57:44","slug":"pico-duarte-hike-with-local-experts-duarte-peak-camping-trekking-2","status":"publish","type":"product","link":"https:\/\/haitises.com\/de\/privat\/pico-duarte-hike-with-local-experts-duarte-peak-camping-trekking-2\/","title":{"rendered":"Pico Duarte-Wanderung mit lokalen Experten \u2013 Duarte Peak Camping &amp; Trekking"},"content":{"rendered":"<div class=\"vc_row wpb_row vc_row-fluid\" ><div class=\"wpb_column vc_column_container vc_col-sm-12\"><div class=\"vc_column-inner\"><div class=\"wpb_wrapper\"><div class=\"vc_empty_space\"   style=\"height: 32px\"><span class=\"vc_empty_space_inner\"><\/span><\/div>[mkdf_section_title title_tag=\u00bb\u00bb disable_break_words=\u00bbno\u00bb subtitle_tag=\u00bb\u00bb title=\u00bbPico Duarte Hike with Local Experts\u00bb subtitle=\u00bbDuarte Peak Camping &amp; Trekking\u00bb]<div class=\"vc_empty_space\"   style=\"height: 32px\"><span class=\"vc_empty_space_inner\"><\/span><\/div><div class=\"vc_message_box vc_message_box-standard vc_message_box-rounded vc_color-info\" ><div class=\"vc_message_box-icon\"><i class=\"fas fa-info-circle\"><\/i><\/div><p>Bitte buchen Sie (7) Tage vor dem F\u00e4lligkeitstag.<\/p>\n<\/div><div class=\"vc_empty_space\"   style=\"height: 32px\"><span class=\"vc_empty_space_inner\"><\/span><\/div><\/div><\/div><\/div><\/div><div class=\"vc_row wpb_row vc_row-fluid\" ><div class=\"wpb_column vc_column_container vc_col-sm-12\"><div class=\"vc_column-inner\"><div class=\"wpb_wrapper\">\n\t<div class=\"wpb_text_column wpb_content_element\" >\n\t\t<div class=\"wpb_wrapper\">\n\t\t\t<div class=\"vc_row wpb_row vc_row-fluid\">\n<div class=\"wpb_column vc_column_container vc_col-sm-12\">\n<div class=\"vc_column-inner\">\n<div class=\"wpb_wrapper\">\n<div class=\"wpb_text_column wpb_content_element\">\n<div class=\"wpb_wrapper\">\n<div class=\"vc_row wpb_row vc_row-fluid\">\n<div class=\"wpb_column vc_column_container vc_col-sm-12\">\n<div class=\"vc_column-inner\">\n<div class=\"wpb_wrapper\">\n<div class=\"wpb_text_column wpb_content_element\">\n<div class=\"wpb_wrapper\">\n<h2><span style=\"font-weight: 400;\">Duarte Peak Trekking\u00a0<\/span><\/h2>\n<p><span style=\"font-weight: 400;\">Erklimmen Sie mit uns den h\u00f6chsten Punkt der Karibik, den J. Almando Bermudez National im zentralen Gebirge des Landes. <\/span><span style=\"font-weight: 400;\">Die Tour f\u00fchrt von einem tropischen Wald zum Kiefernwald des Nationalparks J. Armando Bermudez. Sie wandern auf Pfaden durch Tausende von Farnen und sehen Papageien, Stieglitze und andere exotische V\u00f6gel.\u00a0<\/span><\/p>\n<p><span style=\"font-weight: 400;\">Dieser Nationalpark wurde 1956 gegr\u00fcndet. Der Nationalpark Armando Berm\u00fadez erstreckt sich \u00fcber 767 Quadratkilometer (296 Quadratmeilen) und erstreckt sich zusammen mit dem benachbarten Nationalpark Jos\u00e9 del Carmen Ram\u00edrez.<\/span><\/p>\n<p><span style=\"font-weight: 400;\">Es ist die Quelle des Flusses Yaque del Norte sowie mehrerer weiterer Flussquellen. Die beiden Parks bedecken die Fl\u00e4che des gesamten Cordillera Central-Gebirges. In dieser H\u00f6he, wo die Temperaturen nachts zwischen 12 \u00b0C (53 \u00b0F) und -8 \u00b0C (17 \u00b0F) liegen, k\u00f6nnen Sie eine einzigartige Flora entdecken.<\/span><\/p>\n<\/div>\n<h4><strong>Reisef\u00fchrer:\u00a0<\/strong><\/h4>\n<div class=\"wpb_wrapper\">\n<p><span style=\"font-weight: 400;\">In Begleitung eines professionellen Reisef\u00fchrers unternehmen Sie diese Reise durch das gr\u00f6\u00dfte Gebirge mit mehr als 250 km L\u00e4nge und 60 km Lichth\u00f6he. Der Pico Duarte ist der h\u00f6chste Gipfel der Karibik (3.098 m). 10.164 Fu\u00df.<\/span><\/p>\n<p>&nbsp;<\/p>\n<p><span style=\"font-weight: 400;\">Pico Duarte (Gipfel von Duarte) ist nach Juan Pablo Duarte benannt, der als einer der Gr\u00fcnderv\u00e4ter der Dominikanischen Republik gilt. <\/span><span style=\"font-weight: 400;\">Sie wandern 28 Meilen (46 Kilometer) hin und zur\u00fcck. Diese Tour kann in drei Tagen absolviert werden, wobei gut gepflegte Bergh\u00fctten \u00dcbernachtungsm\u00f6glichkeiten bieten.<\/span><\/p>\n<p><span style=\"font-weight: 400;\">Diese dreit\u00e4gige Wanderung wird von ortsans\u00e4ssigen dominikanischen F\u00fchrern geleitet, die daf\u00fcr verantwortlich sind, Sie in beide Richtungen zu begleiten. Sie haben auch Pferde f\u00fcr diejenigen, die nicht zu Fu\u00df gehen m\u00f6chten, und k\u00f6nnen auf Maultieren reiten. Genie\u00dfen Sie beim Spaziergang die atemberaubende Landschaft und beobachten Sie die heimische Tierwelt.\u00a0<\/span><\/p>\n<p><span style=\"font-weight: 400;\">Die Berge und die Landschaft sind von einer Vielzahl von V\u00f6geln und Leguanen bev\u00f6lkert, die das raue Gel\u00e4nde bewohnen. Genie\u00dfen Sie es, umgeben von schattigen B\u00e4umen und Wasserquellen zu sein, wo Sie sich nach einem anstrengenden Wandertag abk\u00fchlen k\u00f6nnen.<\/span><\/p>\n<p>&nbsp;<\/p>\n<h2><b>Route:\u00a0<\/b><\/h2>\n<p>&nbsp;<\/p>\n<h4><b>Tag 1<\/b><span style=\"font-weight: 400;\">&#8211; <\/span><\/h4>\n<p><span style=\"font-weight: 400;\">Treffpunkt: Sie m\u00fcssen um 9:30 Uhr in Jarabacoa sein. Mittagessen in Jarabacoa (diese Mahlzeit ist nicht inbegriffen). Ankunft in der Cienaga de Jarabacoa. Gehen Sie zur Caseta de Los Tablones im Park (4 km sanft). Abendessen. schlafen<\/span><\/p>\n<p>&nbsp;<\/p>\n<h4><b>Tag 2- <\/b><\/h4>\n<p><span style=\"font-weight: 400;\">Heute Morgen stehen wir fr\u00fch auf. Wir hatten Fr\u00fchst\u00fcck. Beginn der Wanderung um 5 Uhr morgens in Richtung La Caseta de Comparti\u00f3n f\u00fcr etwa 13 km. Kurze Ruhepause. Einige Snacks. Wir gehen weiter zum Gipfel des Gipfels und passieren das Valle de Lil\u00eds (6 km von Comparti\u00f3n bis zum Gipfel). Es wird bestimmte Ruhepunkte geben. Von La Cima aus kehren wir nach La Comparti\u00f3n zur\u00fcck, um Mittag- und Abendessen zu essen, uns auszuruhen, zu baden, Tee am Lagerfeuer zu trinken und zu schlafen.<\/span><\/p>\n<p>&nbsp;<\/p>\n<h4><b>Tag 3-<\/b><\/h4>\n<p><span style=\"font-weight: 400;\"> Wir stehen um 6 Uhr auf. Wir fr\u00fchst\u00fccken und kehren f\u00fcr etwa 17 km nach La Ci\u00e9naga zur\u00fcck. Typisches Mittagessen vor der R\u00fcckkehr.<\/span><\/p>\n<p>&nbsp;<\/p>\n<p><span style=\"font-weight: 400;\">Hinweis: Jeder Teilnehmer muss seine Snacks von der Wanderung (feuchtigkeitsspendend, s\u00fc\u00df und salzig, essbar nach Wahl, Wasserflaschen zum Auff\u00fcllen unterwegs) in seinem Rucksack mitf\u00fchren.\u00a0<\/span><\/p>\n<p><span style=\"font-weight: 400;\">Die teilnehmenden Personen m\u00fcssen sich in einem optimalen gesundheitlichen, k\u00f6rperlichen und geistigen Zustand befinden. Personen mit einem Gesundheitszustand, der l\u00e4ngere Anstrengungen beeintr\u00e4chtigen kann, wie Asthma, Druckprobleme, Diabetes oder andere Krankheiten, die mit dieser Art von k\u00f6rperlicher Aktivit\u00e4t in Zusammenhang stehen und gef\u00e4hrlich sein k\u00f6nnten, sollten nicht teilnehmen.<\/span><\/p>\n<p>&nbsp;<\/p>\n<h4><b>Einschl\u00fcsse &amp; Ausschl\u00fcsse<\/b><\/h4>\n<p><b>Einschl\u00fcsse<\/b><\/p>\n<ul>\n<li style=\"font-weight: 400;\"><span style=\"font-weight: 400;\">Dreit\u00e4giges Trekking<\/span><\/li>\n<li style=\"font-weight: 400;\"><span style=\"font-weight: 400;\">Lokaler F\u00fchrer<\/span><\/li>\n<li style=\"font-weight: 400;\"><span style=\"font-weight: 400;\">Pantoletten zum Tragen von Sachen<\/span><\/li>\n<li style=\"font-weight: 400;\"><span style=\"font-weight: 400;\">Toilette\u00a0<\/span><\/li>\n<li style=\"font-weight: 400;\"><span style=\"font-weight: 400;\">Fr\u00fcchte\u00a0<\/span><\/li>\n<li style=\"font-weight: 400;\"><span style=\"font-weight: 400;\">Nationalparksteuern\u00a0<\/span><\/li>\n<li style=\"font-weight: 400;\"><span style=\"font-weight: 400;\">Saft, Kaffee, hei\u00dfe Schokolade<\/span><\/li>\n<\/ul>\n<p><b>Ausschl\u00fcsse<\/b><\/p>\n<ol>\n<li>Trinkgelder<\/li>\n<li>Transferwagen<\/li>\n<li>Camping tendiert<\/li>\n<li>Rucksack<\/li>\n<li>Mahlzeiten<\/li>\n<li>Alkoholische Getr\u00e4nke<\/li>\n<\/ol>\n<h4><em><strong>Abreise und R\u00fcckkehr<\/strong><\/em><\/h4>\n<p>Diese Reise beginnt um 9:30 Uhr und endet zwei Tage sp\u00e4ter gegen 16:00 Uhr.<\/p>\n<p>Der Reisende erh\u00e4lt nach der Reservierung einen Treffpunkt. Die Touren beginnen und enden an unseren Treffpunkten.<\/p>\n<p><strong>Zeitplan:<\/strong><\/p>\n<p>3-T\u00c4GIGE REISE<\/p>\n<p>&nbsp;<\/p>\n<h4><em><strong>Was sollten Sie mitbringen?<\/strong><\/em><\/h4>\n<ul>\n<li>Kamera<\/li>\n<li>Handtuch<\/li>\n<li>Sonnenschutz<\/li>\n<li>Hut<\/li>\n<li>Essen<\/li>\n<li>Campingzelte<\/li>\n<li>Bequeme Hosen und Schuhe<\/li>\n<li>Schwimmbekleidung<\/li>\n<li>Bargeld f\u00fcr Souvenirs<\/li>\n<\/ul>\n<p>&nbsp;<\/p>\n<h4><b><i>Abholung Hotel<\/i><\/b><\/h4>\n<p>Eine Abholung vom Hotel wird f\u00fcr diese Tour nicht angeboten.<\/p>\n<p><b>Anmerkung:<\/b> Wenn Sie innerhalb von 24 Stunden vor der Abfahrtszeit der Tour\/des Ausflugs buchen, k\u00f6nnen wir gegen Aufpreis eine Abholung vom Hotel an jedem Ort in der Dominikanischen Republik arrangieren. Sobald Ihr Kauf abgeschlossen ist, senden wir Ihnen die vollst\u00e4ndigen Kontaktinformationen (Telefonnummer, E-Mail-Adresse usw.) f\u00fcr unseren \u00f6rtlichen Reiseleiter, um die Abholung zu organisieren.<\/p>\n<h4><b><i>Zus\u00e4tzliche Informationen Best\u00e4tigung<\/i><\/b><\/h4>\n<ol>\n<li>Die Tickets sind die Quittung nach der Bezahlung dieser Tour. Sie k\u00f6nnen die Zahlung auf Ihrem Telefon zeigen.<\/li>\n<li>Der Treffpunkt wird nach der Reservierung mitgeteilt.<\/li>\n<li>Kinder m\u00fcssen von einem Erwachsenen begleitet werden.<\/li>\n<li>rollstuhlgerecht<\/li>\n<li>Kleinkinder m\u00fcssen auf dem Scho\u00df sitzen<\/li>\n<li>Die meisten Reisenden k\u00f6nnen teilnehmen<\/li>\n<li>Pregnant Woman&#8217;s are not recommend to participate<\/li>\n<\/ol>\n<h4><b><i>Stornierungspolitik<\/i><\/b><\/h4>\n<p>For a full refund, cancel at least 14 days\u00a0 in advance of the start date of the experience.<\/p>\n<\/div>\n<\/div>\n<\/div>\n<\/div>\n<\/div>\n<\/div>\n<\/div>\n<\/div>\n<\/div>\n<\/div>\n<\/div>\n<\/div>\n<div class=\"vc_row wpb_row vc_row-fluid\">\n<div class=\"wpb_column vc_column_container vc_col-sm-12\">\n<div class=\"vc_column-inner\">\n<div class=\"wpb_wrapper\">\n<div class=\"vc_empty_space\"><\/div>\n<div class=\"wpb_text_column wpb_content_element\">\n<div class=\"wpb_wrapper\">\n<h4>Kontaktieren Sie uns?<\/h4>\n<h5><b><i>Abenteuer buchen<\/i><\/b><\/h5>\n<p><em><strong>Einheimische<\/strong>\u00a0und\u00a0<strong>Nationals<\/strong>\u00a0Reiseleiter &amp; G\u00e4steservice<\/em><\/p>\n<p><span class=\"text-turquoise\">Reservierungen:<\/span>\u00a0Touren &amp; Ausfl\u00fcge in Dom. Rep.<\/p>\n<p><img decoding=\"async\" class=\"emoji\" draggable=\"false\" src=\"https:\/\/s.w.org\/images\/core\/emoji\/11.2.0\/svg\/1f4de.svg\" alt=\"\ud83d\udcde\" title=\"\">\u00a0Telefon \/ Whatsapp\u00a0\u00a0<a href=\"tel:+1-809-720-6035\">+1-809-720-6035<\/a>.<\/p>\n<p><img decoding=\"async\" class=\"emoji\" draggable=\"false\" src=\"https:\/\/s.w.org\/images\/core\/emoji\/11.2.0\/svg\/1f4e9.svg\" alt=\"\ud83d\udce9\" title=\"\">\u00a0<a href=\"mailto:info@bookingadventures.com.do\">info@bookingadventures.com.do<\/a><\/p>\n<p><strong>Wir sind flexibel und stellen private Touren per Whatsapp ein:\u00a0<a href=\"tel:+18097206035\">+18097206035.<\/a><\/strong><\/p>\n<\/div>\n<\/div>\n<\/div>\n<\/div>\n<\/div>\n<\/div>\n\n\t\t<\/div>\n\t<\/div>\n<div class=\"vc_empty_space\"   style=\"height: 32px\"><span class=\"vc_empty_space_inner\"><\/span><\/div><div class=\"vc_message_box vc_message_box-standard vc_message_box-rounded vc_color-info\" ><div class=\"vc_message_box-icon\"><i class=\"fas fa-info-circle\"><\/i><\/div><p>Bitte buchen Sie (7) Tage vor dem F\u00e4lligkeitstag.<\/p>\n<\/div><div class=\"vc_empty_space\"   style=\"height: 32px\"><span class=\"vc_empty_space_inner\"><\/span><\/div><\/div><\/div><\/div><\/div>","protected":false},"excerpt":{"rendered":"<p>&nbsp;<\/p>\n<p><span style=\"font-weight: 400;\">Join us to climb the tallest point of the Caribbean at J. Almando Bermudez National located in the Central Mountain Range of the country.<\/span><\/p>\n<p><span style=\"font-weight: 400;\">Die Tour f\u00fchrt von einem tropischen Wald zum Kiefernwald des Nationalparks J. Armando Bermudez. Sie wandern auf Pfaden durch Tausende von Farnen und sehen Papageien, Stieglitze und andere exotische V\u00f6gel. <\/span><\/p>\n<p><em><strong>Please Select the date to start\u00a0 The Trip:<\/strong><\/em><\/p>","protected":false},"featured_media":11128,"template":"","meta":[],"product_brand":[],"product_cat":[465],"product_tag":[466,467,468],"class_list":{"0":"post-11370","1":"product","2":"type-product","3":"status-publish","4":"has-post-thumbnail","6":"product_cat-pico-duarte-hike-with-local-experts-duarte-peak-camping-trekking","7":"product_tag-camping-trekking","8":"product_tag-duarte-peak","9":"product_tag-pico-duarte-hike-with-local-experts-duarte-peak-camping-trekking","11":"first","12":"instock","13":"sale","14":"sold-individually","15":"shipping-taxable","16":"product-type-external"},"_links":{"self":[{"href":"https:\/\/haitises.com\/de\/wp-json\/wp\/v2\/product\/11370","targetHints":{"allow":["GET"]}}],"collection":[{"href":"https:\/\/haitises.com\/de\/wp-json\/wp\/v2\/product"}],"about":[{"href":"https:\/\/haitises.com\/de\/wp-json\/wp\/v2\/types\/product"}],"wp:featuredmedia":[{"embeddable":true,"href":"https:\/\/haitises.com\/de\/wp-json\/wp\/v2\/media\/11128"}],"wp:attachment":[{"href":"https:\/\/haitises.com\/de\/wp-json\/wp\/v2\/media?parent=11370"}],"wp:term":[{"taxonomy":"product_brand","embeddable":true,"href":"https:\/\/haitises.com\/de\/wp-json\/wp\/v2\/product_brand?post=11370"},{"taxonomy":"product_cat","embeddable":true,"href":"https:\/\/haitises.com\/de\/wp-json\/wp\/v2\/product_cat?post=11370"},{"taxonomy":"product_tag","embeddable":true,"href":"https:\/\/haitises.com\/de\/wp-json\/wp\/v2\/product_tag?post=11370"}],"curies":[{"name":"wp","href":"https:\/\/api.w.org\/{rel}","templated":true}]}}