{"id":11354,"date":"2021-08-15T20:08:48","date_gmt":"2021-08-15T20:08:48","guid":{"rendered":"http:\/\/haitises.com\/?post_type=product&#038;p=11354"},"modified":"2024-04-05T22:29:54","modified_gmt":"2024-04-05T22:29:54","slug":"samana-whale-watching-from-las-terrenas-hotels-half-day-trip-for-whale-watching-2","status":"publish","type":"product","link":"https:\/\/haitises.com\/de\/privat\/samana-whale-watching-from-las-terrenas-hotels-half-day-trip-for-whale-watching-2\/","title":{"rendered":"Samana Whale Watching From Las Terrenas Hotels. Half Day Trip For Whale watching."},"content":{"rendered":"<div class=\"vc_row wpb_row vc_row-fluid\" ><div class=\"wpb_column vc_column_container vc_col-sm-12\"><div class=\"vc_column-inner\"><div class=\"wpb_wrapper\">[mkdf_section_title title_tag=\u00bb\u00bb disable_break_words=\u00bbno\u00bb subtitle_tag=\u00bb\u00bb title=\u00bbWhale Watching 2020 in Las Terrenas to Samana Bay\u00bb subtitle=\u00bbSamana Whale Watching From Las Terrenas Hotels. Half Day Trip For Whale watching. \u00ab]<\/div><\/div><\/div><\/div><div class=\"vc_row wpb_row vc_row-fluid\" ><div class=\"wpb_column vc_column_container vc_col-sm-12\"><div class=\"vc_column-inner\"><div class=\"wpb_wrapper\">\n\t<div class=\"wpb_text_column wpb_content_element\" >\n\t\t<div class=\"wpb_wrapper\">\n\t\t\t<div class=\"vc_row wpb_row vc_row-fluid\">\n<div class=\"wpb_column vc_column_container vc_col-sm-12\">\n<div class=\"vc_column-inner\">\n<div class=\"wpb_wrapper\">\n<div class=\"wpb_text_column wpb_content_element\">\n<div class=\"wpb_wrapper\">\n<div class=\"vc_row wpb_row vc_row-fluid\">\n<div class=\"wpb_column vc_column_container vc_col-sm-12\">\n<div class=\"vc_column-inner\">\n<div class=\"wpb_wrapper\">\n<div class=\"wpb_text_column wpb_content_element\">\n<div class=\"wpb_wrapper\">\n<h4><b><i>\u00dcbersicht<img decoding=\"async\" class=\"emoji\" draggable=\"false\" src=\"https:\/\/s.w.org\/images\/core\/emoji\/12.0.0-1\/svg\/1f433.svg\" alt=\"\ud83d\udc33\" title=\"\"><\/i><\/b><\/h4>\n<p>Whale Las Terrenas, whale watching in Saman\u00e1 Bay from Las Terrenas\u00a0 hotels half day Trip. Travel to Saman\u00e1 bay aboard a comfortable, air-conditioned coach, then transfer to a boat. Cruise out into the open waters to look for the pods of humpback whales who visit to breed and have their calves in the area. Learn about the behavior and biology of these marine mammals from your expert naturalist guide.\u00a0 After this half day trip we get back to the meeting point in Las Terrenas.<\/p>\n<p>&nbsp;<\/p>\n<p><strong>Anmerkung:<\/strong> This tour is not Private.<\/p>\n<ul>\n<li>Walbeobachtungstour<\/li>\n<li>Eintrittsgelder f\u00fcr die Sternwarte<\/li>\n<li>Samana Safari<\/li>\n<li>Bootstransfer<\/li>\n<li>Der Kapit\u00e4n gibt Anweisungen und beaufsichtigt<\/li>\n<li>Reisef\u00fchrer<\/li>\n<\/ul>\n<p>&nbsp;<\/p>\n<h4><b>Einschl\u00fcsse &amp; Ausschl\u00fcsse<\/b><\/h4>\n<p>&nbsp;<\/p>\n<p><b>Einschl\u00fcsse<\/b><\/p>\n<p>&nbsp;<\/p>\n<ol>\n<li>Mittagessen vom Buffet<\/li>\n<li>Transfer From Hotels<\/li>\n<li>Reisef\u00fchrer<\/li>\n<li>Bootsausflug<\/li>\n<li>Alle Steuern, Geb\u00fchren und Bearbeitungskosten<\/li>\n<li>Lokale Steuern<\/li>\n<li>Getr\u00e4nke<\/li>\n<\/ol>\n<p><b>Ausschl\u00fcsse<\/b><\/p>\n<ol>\n<li>Trinkgelder<\/li>\n<\/ol>\n<p>&nbsp;<\/p>\n<h4><em><strong>Abreise und R\u00fcckkehr<\/strong><\/em><\/h4>\n<p>Der Reisende erh\u00e4lt nach der Reservierung einen Treffpunkt. Die Touren beginnen und enden an unseren Treffpunkten.<\/p>\n<p>&nbsp;<\/p>\n<h3>Samana Whale Watching From Las Terrenas Hotels. Half Day Trip For Whale watching.<\/h3>\n<h4><b><i>Was ist zu erwarten?<\/i><\/b><\/h4>\n<p>The Humpback whales come to the Bay of Samana to give birth and to mate. Whale watching is permitted from 15 of January to 15 March only. Measuring some 12 meters and weighing 40 tons the whales offer an unforgettable sight for your awestruck eyes. Don&#8217;t miss the chance to hear the powerful sound as this magnificent mammal as it spouts out the air. Watch as the males launch themselves out of the water in an effort to impress the \u00abladies\u00bb as the mating ritual.<\/p>\n<p>It is so exciting to see the newly born calves clinging to their mothers who in turn spend their whole time caressing and playing with them. Our tour guide is specialized in marine mammals and will amaze you with his knowledge and help you interpret each movement the whales make.<\/p>\n<p>From 9:00 Am until 12:00-noon Whale watching observatory and After this Whale trip we will have lunch.Tour will be finished at 1:30 pm at the same port from where it will start. After this we will get back to Las Terrenas.<\/p>\n<p><strong>Zeitplan:<\/strong><\/p>\n<p>8:00 AM \u2013 1:30 PM<\/p>\n<p>&nbsp;<\/p>\n<h4><em><strong>Was sollten Sie mitbringen?<\/strong><\/em><\/h4>\n<ul>\n<li>Kamera<\/li>\n<li>Absto\u00dfende Knospen<\/li>\n<li>Sonnencreme<\/li>\n<li>Hut<\/li>\n<li>Bequeme Hosen<\/li>\n<li>Sandalen f\u00fcr den Strand<\/li>\n<li>Schwimmbekleidung<\/li>\n<li>Cash for souvenirs and tips<\/li>\n<\/ul>\n<p>&nbsp;<\/p>\n<h4><b><i>Abholung Hotel<\/i><\/b><\/h4>\n<p>Hotel pick-up is offered for this tour. Just in Las Terrenas.<\/p>\n<p><b>Anmerkung:<\/b> Wenn Ihre Buchung innerhalb von 24 Stunden vor der Abfahrtszeit der Tour\/des Ausflugs erfolgt, k\u00f6nnen wir eine Abholung vom Hotel arrangieren. Sobald Ihr Kauf abgeschlossen ist, senden wir Ihnen die vollst\u00e4ndigen Kontaktinformationen (Telefonnummer, E-Mail-Adresse usw.) f\u00fcr unseren \u00f6rtlichen Reiseleiter, um die Abholung zu organisieren.<\/p>\n<h4><b><i>Zus\u00e4tzliche Informationen Best\u00e4tigung<\/i><\/b><\/h4>\n<ol>\n<li>Die Tickets sind die Quittung nach der Bezahlung dieser Tour. Sie k\u00f6nnen die Zahlung auf Ihrem Telefon zeigen.<\/li>\n<li>Der Treffpunkt wird nach der Reservierung mitgeteilt.<\/li>\n<li>Kinder m\u00fcssen von einem Erwachsenen begleitet werden.<\/li>\n<li>rollstuhlgerecht<\/li>\n<li>Kleinkinder m\u00fcssen auf dem Scho\u00df sitzen<\/li>\n<li>Die meisten Reisenden k\u00f6nnen teilnehmen<\/li>\n<\/ol>\n<h4><b><i>Stornierungspolitik<\/i><\/b><\/h4>\n<p>F\u00fcr eine vollst\u00e4ndige R\u00fcckerstattung stornieren Sie bitte mindestens 24 Stunden vor Beginn des Erlebnisses.<\/p>\n<\/div>\n<\/div>\n<\/div>\n<\/div>\n<\/div>\n<\/div>\n<\/div>\n<\/div>\n<\/div>\n<\/div>\n<\/div>\n<\/div>\n<div class=\"vc_row wpb_row vc_row-fluid\">\n<div class=\"wpb_column vc_column_container vc_col-sm-12\">\n<div class=\"vc_column-inner\">\n<div class=\"wpb_wrapper\">\n<div class=\"vc_empty_space\"><\/div>\n<div class=\"wpb_text_column wpb_content_element\">\n<div class=\"wpb_wrapper\">\n<h4>Kontaktieren Sie uns?<\/h4>\n<h5><b><i>WALE SAMANA TOUR<\/i><\/b><\/h5>\n<p><em><strong>Einheimische<\/strong>\u00a0und\u00a0<strong>Nationals<\/strong>\u00a0Reiseleiter &amp; G\u00e4steservice<\/em><\/p>\n<p><span class=\"text-turquoise\">Reservierungen:<\/span>\u00a0Touren &amp; Ausfl\u00fcge in Dom. Rep.<\/p>\n<p><img decoding=\"async\" class=\"emoji\" draggable=\"false\" src=\"https:\/\/s.w.org\/images\/core\/emoji\/11.2.0\/svg\/1f4de.svg\" alt=\"\ud83d\udcde\" title=\"\">\u00a0Telefon \/ Whatsapp\u00a0\u00a0<a href=\"tel:+1-809-720-6035\">+1-809-720-6035<\/a>.<\/p>\n<p><img decoding=\"async\" class=\"emoji\" draggable=\"false\" src=\"https:\/\/s.w.org\/images\/core\/emoji\/11.2.0\/svg\/1f4e9.svg\" alt=\"\ud83d\udce9\" title=\"\">\u00a0<a href=\"mailto:info@bookingadventures.com.do\">info@bookingadventures.com.do<\/a><\/p>\n<p><strong>Wir sind flexibel und stellen private Touren per Whatsapp ein:\u00a0<a href=\"tel:+18097206035\">+18097206035.<\/a><\/strong><\/p>\n<\/div>\n<\/div>\n<\/div>\n<\/div>\n<\/div>\n<\/div>\n\n\t\t<\/div>\n\t<\/div>\n<\/div><\/div><\/div><\/div>","protected":false},"excerpt":{"rendered":"<p>From Las Terrenas hotels come with us to visit the humpbacks whales in the sanctuary in Samana Bay, Dominican Republic.\u00a0 Everyday Whale watching trips from las Terrenas in Samana. Contact us if you have any questions about whale watching trips in Samana bay from Las Terrenas.<\/p>\n<p>&nbsp;<\/p>\n<p><em><strong>Bitte w\u00e4hlen Sie das Datum f\u00fcr die Exkursion:<\/strong><\/em><\/p>","protected":false},"featured_media":428,"template":"","meta":[],"product_brand":[],"product_cat":[120,232],"product_tag":[390,137,162,364,283,422,225,381,423,420,201,147,392,271,424,234,280,236,425],"class_list":{"0":"post-11354","1":"product","2":"type-product","3":"status-publish","4":"has-post-thumbnail","6":"product_cat-fees-entrace","7":"product_cat-whale-watching-samana","8":"product_tag-390","9":"product_tag-bacardi-island","10":"product_tag-cayo-levantado-day-pass","11":"product_tag-cheap-punta-cana-excursions","12":"product_tag-el-limon-waterfall-and-bacardi-island-tour-from-punta-cana","13":"product_tag-half-day-whale-watching-las-terrenas","14":"product_tag-las-terrenas","15":"product_tag-las-terrenas-excursions","16":"product_tag-las-terrenas-whale-watching","17":"product_tag-limon-from-punta-cana","18":"product_tag-private-tours-samana","19":"product_tag-samana-bay","20":"product_tag-samana-day-trip","21":"product_tag-samana-whale-watching","22":"product_tag-whale-las-terrenas","23":"product_tag-whale-samana","24":"product_tag-whale-watching-2020","25":"product_tag-whale-watching-dominican-republic","26":"product_tag-whale-watching-trips-las-terrenas","28":"first","29":"instock","30":"sale","31":"sold-individually","32":"shipping-taxable","33":"product-type-external"},"_links":{"self":[{"href":"https:\/\/haitises.com\/de\/wp-json\/wp\/v2\/product\/11354","targetHints":{"allow":["GET"]}}],"collection":[{"href":"https:\/\/haitises.com\/de\/wp-json\/wp\/v2\/product"}],"about":[{"href":"https:\/\/haitises.com\/de\/wp-json\/wp\/v2\/types\/product"}],"wp:featuredmedia":[{"embeddable":true,"href":"https:\/\/haitises.com\/de\/wp-json\/wp\/v2\/media\/428"}],"wp:attachment":[{"href":"https:\/\/haitises.com\/de\/wp-json\/wp\/v2\/media?parent=11354"}],"wp:term":[{"taxonomy":"product_brand","embeddable":true,"href":"https:\/\/haitises.com\/de\/wp-json\/wp\/v2\/product_brand?post=11354"},{"taxonomy":"product_cat","embeddable":true,"href":"https:\/\/haitises.com\/de\/wp-json\/wp\/v2\/product_cat?post=11354"},{"taxonomy":"product_tag","embeddable":true,"href":"https:\/\/haitises.com\/de\/wp-json\/wp\/v2\/product_tag?post=11354"}],"curies":[{"name":"wp","href":"https:\/\/api.w.org\/{rel}","templated":true}]}}