{"id":11322,"date":"2021-08-15T20:08:37","date_gmt":"2021-08-15T20:08:37","guid":{"rendered":"http:\/\/haitises.com\/?post_type=product&#038;p=11322"},"modified":"2024-04-09T14:29:22","modified_gmt":"2024-04-09T14:29:22","slug":"saona-island-tour-from-punta-cana-natural-pool-excursion-2","status":"publish","type":"product","link":"https:\/\/haitises.com\/de\/privat\/saona-island-tour-from-punta-cana-natural-pool-excursion-2\/","title":{"rendered":"Saona Island Tour von Punta Cana aus - Naturpool-Ausflug"},"content":{"rendered":"<div class=\"vc_row wpb_row vc_row-fluid\" ><div class=\"wpb_column vc_column_container vc_col-sm-12\"><div class=\"vc_column-inner\"><div class=\"wpb_wrapper\">[mkdf_section_title title_tag=\u00bb\u00bb disable_break_words=\u00bbno\u00bb subtitle_tag=\u00bb\u00bb text_font_weight=\u00bb\u00bb title=\u00bbSaona Island Tour from Punta Cana &#8211; Natural Pool Excursion\u00bb subtitle=\u00bbFrom Punta Cana Hotels\u00bb text=\u00bbNote: This tour starts at 7: 00 am Depending where is the Pickup Hotels Time may Change. Extras cost for Pick up in Areas not listed in Our Description.\u00bb]<\/div><\/div><\/div><\/div><div class=\"vc_row wpb_row vc_row-fluid\" ><div class=\"wpb_column vc_column_container vc_col-sm-12\"><div class=\"vc_column-inner\"><div class=\"wpb_wrapper\"><div class=\"vc_empty_space\"   style=\"height: 32px\"><span class=\"vc_empty_space_inner\"><\/span><\/div><\/div><\/div><\/div><\/div><div class=\"vc_row wpb_row vc_row-fluid\" ><div class=\"wpb_column vc_column_container vc_col-sm-12\"><div class=\"vc_column-inner\"><div class=\"wpb_wrapper\">\n\t<div class=\"wpb_text_column wpb_content_element\" >\n\t\t<div class=\"wpb_wrapper\">\n\t\t\t<h4><b><i>\u00dcbersicht <\/i><\/b><\/h4>\n<div>\n<div>\n<div>This excursion takes you to the beaches of Isla Saona from Punta Cana in a Bus to Bayahibe Community, lunch on the island and stops at the natural pools of Saona. Enjoying the beautiful coast of the southeast of the Dominican Republic, where after taking the boat \u00abCatamaran\u00bb you will sail on the coast observing the different beaches, landscapes, mangroves and limestone formations.<\/div>\n<div><\/div>\n<\/div>\n<\/div>\n<div>\n<div>\n<div>To get to the island it takes around 45 minutes and during the tour you have the possibility to see Mano Juan, the only community established on the island, in this same place you have the possibility of lunch, in case you do not get to Mano Juan, you will visit unique beaches in the area and lunch will happen by the beach you will also have the chance to snorkel in at the island.<\/div>\n<\/div>\n<\/div>\n<div>\n<div>\n<div>On your way back there is one last stop at natural pools another of the majestic places of Isla Saona you will enjoy one hour before returning to the community of Bayahibe.<\/div>\n<\/div>\n<\/div>\n<ul>\n<li style=\"font-weight: 400;\"><span style=\"font-weight: 400;\">Inklusive Mittagsbuffet am Strand<\/span><\/li>\n<li>Bus Tour From Punta Cana<\/li>\n<li>Naturbecken<\/li>\n<li>Boat or Catamaran Transfer<\/li>\n<li style=\"font-weight: 400;\"><span style=\"font-weight: 400;\">Der Kapit\u00e4n gibt Anweisungen und beaufsichtigt<\/span><\/li>\n<\/ul>\n<p>&nbsp;<\/p>\n<h4><b>Einschl\u00fcsse &amp; Ausschl\u00fcsse<\/b><\/h4>\n<p>&nbsp;<\/p>\n<p><b>Einschl\u00fcsse<\/b><\/p>\n<ol>\n<li>Boat or Catamaran trip<\/li>\n<li style=\"font-weight: 400;\"><span style=\"font-weight: 400;\">Mittagsbuffet am Strand<\/span><\/li>\n<li>Naturbecken<\/li>\n<li style=\"font-weight: 400;\"><span style=\"font-weight: 400;\">Alle Steuern, Geb\u00fchren und Bearbeitungskosten<\/span><\/li>\n<li style=\"font-weight: 400;\"><span style=\"font-weight: 400;\">Lokale Steuern<\/span><\/li>\n<li style=\"font-weight: 400;\"><span style=\"font-weight: 400;\">Getr\u00e4nke<\/span><\/li>\n<\/ol>\n<p><b> Ausschl\u00fcsse<\/b><\/p>\n<ol>\n<li style=\"font-weight: 400;\"><span style=\"font-weight: 400;\">Trinkgelder<\/span><\/li>\n<li style=\"font-weight: 400;\"><span style=\"font-weight: 400;\">Transferwagen<\/span><\/li>\n<li>Lokaler F\u00fchrer<\/li>\n<\/ol>\n<p>&nbsp;<\/p>\n<h4><em><strong>Abreise und R\u00fcckkehr<\/strong><\/em><\/h4>\n<p><span style=\"font-weight: 400;\">Der Reisende erh\u00e4lt nach der Reservierung einen Treffpunkt. Die Touren beginnen und enden an unseren Treffpunkten.<\/span><\/p>\n<p>&nbsp;<\/p>\n<h4><b><i>Was ist zu erwarten?<\/i><\/b><\/h4>\n<p>&nbsp;<\/p>\n<p><em><strong>Holen Sie sich Ihre Tickets<\/strong><\/em> fora day pass in Saona island (Isla Saona) in Bayahibe starting from Punta Cana plus a wonderful lunch and beach time.<\/p>\n<p><span style=\"font-weight: 400;\">The Daypass, organized by \u00abBooking Adventures\u00bb starts at the meeting point set with the Tour Guide. Transportation and <\/span>Lunch at the beach and you can stay as long as you want swimming around.<\/p>\n<p>If you are Vegan we also can set some food for you!<\/p>\n<p><strong>Zeitplan:<\/strong><\/p>\n<p>7:00 AM - 7:00 PM... Zeitverschiebung je nachdem, wo in Punta Cana Sie sich befinden.<\/p>\n<p>&nbsp;<\/p>\n<h4><em><strong>Was sollten Sie mitbringen?<\/strong><\/em><\/h4>\n<ul>\n<li style=\"font-weight: 400;\"><span style=\"font-weight: 400;\">Kamera<\/span><\/li>\n<li style=\"font-weight: 400;\"><span style=\"font-weight: 400;\">Absto\u00dfende Knospen<\/span><\/li>\n<li style=\"font-weight: 400;\"><span style=\"font-weight: 400;\">Sonnencreme<\/span><\/li>\n<li style=\"font-weight: 400;\"><span style=\"font-weight: 400;\">Hut<\/span><\/li>\n<li style=\"font-weight: 400;\"><span style=\"font-weight: 400;\">Bequeme Hosen<\/span><\/li>\n<li style=\"font-weight: 400;\"><span style=\"font-weight: 400;\">Wanderschuhe f\u00fcr den Wald<\/span><\/li>\n<li style=\"font-weight: 400;\"><span style=\"font-weight: 400;\">Sandalen f\u00fcr den Strand<\/span><\/li>\n<li style=\"font-weight: 400;\"><span style=\"font-weight: 400;\">Schwimmbekleidung<\/span><\/li>\n<li>Bargeld f\u00fcr Souvenirs<\/li>\n<\/ul>\n<p>&nbsp;<\/p>\n<h4><b><i>Abholung Hotel <\/i><\/b><\/h4>\n<p><span style=\"font-weight: 400;\">Abholung von Reisenden wird angeboten!<\/span><\/p>\n<p><span style=\"font-weight: 400;\">Wir holen Sie von allen Hotels in Punta Cana ab. Abholort ist die Hotel-Lobby<br \/>\nWenn Sie in einem Condo in der Gegend wohnen, holen wir Sie an Ihrem Condo oder am Eingang des n\u00e4chstgelegenen Resorts ab... Wir setzen Pick-up durch die Kontaktaufnahme mit uns per Whatsapp.<\/span><\/p>\n<p><b>Anmerkung:<\/b><span style=\"font-weight: 400;\"> Wenn Sie innerhalb von 24 Stunden vor der Abfahrtszeit der Tour\/Exkursion buchen, k\u00f6nnen wir die Abholung vom Hotel arrangieren. Sobald Ihr Kauf abgeschlossen ist, senden wir Ihnen die vollst\u00e4ndigen Kontaktinformationen (Telefonnummer, E-Mail-Adresse, etc.) f\u00fcr unseren lokalen Reiseleiter, um die Abholung zu organisieren.<\/span><\/p>\n<h4><b><i>Zus\u00e4tzliche Informationen Best\u00e4tigung <\/i><\/b><\/h4>\n<ol>\n<li>Die Tickets sind die Quittung nach der Bezahlung dieser Tour. Sie k\u00f6nnen die Zahlung auf Ihrem Telefon zeigen.<\/li>\n<li style=\"font-weight: 400;\"><span style=\"font-weight: 400;\">Der Treffpunkt wird nach der Reservierung mitgeteilt.<\/span><\/li>\n<li style=\"font-weight: 400;\"><span style=\"font-weight: 400;\">Kinder m\u00fcssen von einem Erwachsenen begleitet werden.<\/span><\/li>\n<li style=\"font-weight: 400;\"><span style=\"font-weight: 400;\">rollstuhlgerecht <\/span><\/li>\n<li style=\"font-weight: 400;\"><span style=\"font-weight: 400;\">Kleinkinder m\u00fcssen auf dem Scho\u00df sitzen <\/span><\/li>\n<li style=\"font-weight: 400;\"><span style=\"font-weight: 400;\">Die meisten Reisenden k\u00f6nnen teilnehmen<\/span><\/li>\n<\/ol>\n<h4><b><i>Stornierungspolitik<\/i><\/b><\/h4>\n<p><span style=\"font-weight: 400;\">F\u00fcr eine vollst\u00e4ndige R\u00fcckerstattung stornieren Sie bitte mindestens 24 Stunden vor Beginn des Erlebnisses.<\/span><\/p>\n\n\t\t<\/div>\n\t<\/div>\n<\/div><\/div><\/div><\/div><div class=\"vc_row wpb_row vc_row-fluid\" ><div class=\"wpb_column vc_column_container vc_col-sm-12\"><div class=\"vc_column-inner\"><div class=\"wpb_wrapper\">\n\t<div class=\"wpb_text_column wpb_content_element\" >\n\t\t<div class=\"wpb_wrapper\">\n\t\t\t<h4>Kontaktieren Sie uns?<\/h4>\n<h5><em><strong>Abenteuer buchen<\/strong><\/em><\/h5>\n<p><em><strong>Einheimische<\/strong> und <strong>Nationals<\/strong> Reiseleiter &amp; G\u00e4steservice<\/em><\/p>\n<p><span class=\"text-turquoise\">Reservierungen:<\/span> Touren &amp; Ausfl\u00fcge in Dom. Rep.<\/p>\n\n\t\t<\/div>\n\t<\/div>\n<\/div><\/div><\/div><\/div><div class=\"vc_row wpb_row vc_row-fluid\" ><div class=\"wpb_column vc_column_container vc_col-sm-12\"><div class=\"vc_column-inner\"><div class=\"wpb_wrapper\"><div class=\"vc_empty_space\"   style=\"height: 32px\"><span class=\"vc_empty_space_inner\"><\/span><\/div>\n\t<div class=\"wpb_video_widget wpb_content_element vc_clearfix   vc_video-aspect-ratio-169 vc_video-el-width-100 vc_video-align-left\" >\n\t\t<div class=\"wpb_wrapper\">\n\t\t\t<h2 class=\"wpb_heading wpb_video_heading\">Video zu Touren und Ausfl\u00fcgen zur Insel Saona:<\/h2>\n\t\t\t<div class=\"wpb_video_wrapper\"><iframe loading=\"lazy\" title=\"Saola Island Ganzt\u00e4gig bei Booking Adventures, Travel Dominikanische Republik\" width=\"1100\" height=\"619\" src=\"https:\/\/www.youtube.com\/embed\/sas91N4zMHo?feature=oembed\" frameborder=\"0\" allow=\"accelerometer; autoplay; clipboard-write; encrypted-media; gyroscope; picture-in-picture\" allowfullscreen><\/iframe><\/div>\n\t\t<\/div>\n\t<\/div>\n<div class=\"vc_empty_space\"   style=\"height: 32px\"><span class=\"vc_empty_space_inner\"><\/span><\/div><\/div><\/div><\/div><\/div><div class=\"vc_row wpb_row vc_row-fluid\" ><div class=\"wpb_column vc_column_container vc_col-sm-12\"><div class=\"vc_column-inner\"><div class=\"wpb_wrapper\"><div class=\"vc_empty_space\"   style=\"height: 32px\"><span class=\"vc_empty_space_inner\"><\/span><\/div>\n\t<div class=\"wpb_text_column wpb_content_element\" >\n\t\t<div class=\"wpb_wrapper\">\n\t\t\t<h4>Kontaktieren Sie uns?<\/h4>\n<h5>Abenteuer buchen<\/h5>\n<p><em><strong>Einheimische<\/strong>\u00a0und\u00a0<strong>Nationals<\/strong>\u00a0Reiseleiter &amp; G\u00e4steservice<\/em><\/p>\n<p><span class=\"text-turquoise\">Reservierungen:<\/span>\u00a0Touren &amp; Ausfl\u00fcge in Dom. Rep.<\/p>\n<p><img decoding=\"async\" class=\"emoji\" draggable=\"false\" src=\"https:\/\/s.w.org\/images\/core\/emoji\/11.2.0\/svg\/1f4de.svg\" alt=\"\ud83d\udcde\" title=\"\">\u00a0Telefon \/ Whatsapp\u00a0\u00a0<a href=\"tel:+1-809-720-6035\">+1-809-720-6035<\/a>.<\/p>\n<p><img decoding=\"async\" class=\"emoji\" draggable=\"false\" src=\"https:\/\/s.w.org\/images\/core\/emoji\/11.2.0\/svg\/1f4e9.svg\" alt=\"\ud83d\udce9\" title=\"\">\u00a0<a href=\"mailto:info@bookingadventures.com.do\">info@bookingadventures.com.do<\/a><\/p>\n<p><strong>Wir sind flexibel und stellen private Touren per Whatsapp ein:\u00a0<a href=\"tel:+18097206035\">+18097206035.<\/a><\/strong><\/p>\n\n\t\t<\/div>\n\t<\/div>\n<div class=\"vc_empty_space\"   style=\"height: 32px\"><span class=\"vc_empty_space_inner\"><\/span><\/div><\/div><\/div><\/div><\/div>","protected":false},"excerpt":{"rendered":"<p>Eine Tageskarte zur Insel Saona vom Hafen Bayahibe. Mittagessen und Naturschwimmb\u00e4der inklusive. Im Bedarfsfall Transfer aus einem beliebigen Teil der Dominikanischen Republik. Kontaktieren Sie uns einfach und lassen Sie uns die beste Erfahrung auf der Insel Saona machen.<\/p>\n<p>&nbsp;<\/p>\n<p><em><strong>Bitte w\u00e4hlen Sie ein Datum f\u00fcr The Tour\u00a0<\/strong><\/em><\/p>","protected":false},"featured_media":159,"template":"","meta":[],"product_brand":[],"product_cat":[227,164,122],"product_tag":[165,166,167,168,169,141,228,170,229,171,172,173,230,231,174,175],"class_list":{"0":"post-11322","1":"product","2":"type-product","3":"status-publish","4":"has-post-thumbnail","6":"product_cat-saona-island","7":"product_cat-saona-island-tour-excursion","8":"product_cat-tours-and-excursions","9":"product_tag-all-inclusive-trip-to-saona-island-by-speedboat-catamaran","10":"product_tag-bayahibe","11":"product_tag-catamaran","12":"product_tag-how-to-get-to-saona-island","13":"product_tag-isla-saona","14":"product_tag-punta-cana","15":"product_tag-punta-cana-tours","16":"product_tag-saona","17":"product_tag-saona-from-punta-cana","18":"product_tag-saona-island","19":"product_tag-saona-island-excursion","20":"product_tag-saona-island-hotels","21":"product_tag-saona-island-natural-pool","22":"product_tag-saona-island-private-tour","23":"product_tag-saona-island-snorkeling","24":"product_tag-saona-island-tour","26":"first","27":"instock","28":"sale","29":"featured","30":"sold-individually","31":"shipping-taxable","32":"product-type-external"},"_links":{"self":[{"href":"https:\/\/haitises.com\/de\/wp-json\/wp\/v2\/product\/11322","targetHints":{"allow":["GET"]}}],"collection":[{"href":"https:\/\/haitises.com\/de\/wp-json\/wp\/v2\/product"}],"about":[{"href":"https:\/\/haitises.com\/de\/wp-json\/wp\/v2\/types\/product"}],"wp:featuredmedia":[{"embeddable":true,"href":"https:\/\/haitises.com\/de\/wp-json\/wp\/v2\/media\/159"}],"wp:attachment":[{"href":"https:\/\/haitises.com\/de\/wp-json\/wp\/v2\/media?parent=11322"}],"wp:term":[{"taxonomy":"product_brand","embeddable":true,"href":"https:\/\/haitises.com\/de\/wp-json\/wp\/v2\/product_brand?post=11322"},{"taxonomy":"product_cat","embeddable":true,"href":"https:\/\/haitises.com\/de\/wp-json\/wp\/v2\/product_cat?post=11322"},{"taxonomy":"product_tag","embeddable":true,"href":"https:\/\/haitises.com\/de\/wp-json\/wp\/v2\/product_tag?post=11322"}],"curies":[{"name":"wp","href":"https:\/\/api.w.org\/{rel}","templated":true}]}}