{"id":11080,"date":"2021-04-09T10:46:13","date_gmt":"2021-04-09T10:46:13","guid":{"rendered":"http:\/\/haitises.com\/product\/import-placeholder-for-12429\/"},"modified":"2024-04-11T20:06:33","modified_gmt":"2024-04-11T20:06:33","slug":"private-bootsfahrt-mit-dem-mountainbike-nach-los-haitises","status":"publish","type":"product","link":"https:\/\/haitises.com\/de\/privat\/private-bootsfahrt-mit-dem-mountainbike-nach-los-haitises\/","title":{"rendered":"Los Haitises Mountainbike + private Bootsfahrt"},"content":{"rendered":"<div class=\"vc_row wpb_row vc_row-fluid\" ><div class=\"wpb_column vc_column_container vc_col-sm-12\"><div class=\"vc_column-inner\"><div class=\"wpb_wrapper\"><div class=\"vc_empty_space\"   style=\"height: 32px\"><span class=\"vc_empty_space_inner\"><\/span><\/div><\/div><\/div><\/div><\/div><div class=\"vc_row wpb_row vc_row-fluid\" ><div class=\"wpb_column vc_column_container vc_col-sm-12\"><div class=\"vc_column-inner\"><div class=\"wpb_wrapper\">[mkdf_section_title title_tag=\u00bb\u00bb disable_break_words=\u00bbno\u00bb subtitle_tag=\u00bb\u00bb title=\u00bbLos Haitises Mountain Bike + Private Boat Trip \u00bb subtitle=\u00bbBike,Mangroves, Boat Trip, Caves and More.\u00bb]<\/div><\/div><\/div><\/div><div class=\"vc_row wpb_row vc_row-fluid\" ><div class=\"wpb_column vc_column_container vc_col-sm-12\"><div class=\"vc_column-inner\"><div class=\"wpb_wrapper\"><div class=\"vc_empty_space\"   style=\"height: 32px\"><span class=\"vc_empty_space_inner\"><\/span><\/div><\/div><\/div><\/div><\/div><div class=\"vc_row wpb_row vc_row-fluid\" ><div class=\"wpb_column vc_column_container vc_col-sm-12\"><div class=\"vc_column-inner\"><div class=\"wpb_wrapper\">\n\t<div class=\"wpb_text_column wpb_content_element\" >\n\t\t<div class=\"wpb_wrapper\">\n\t\t\t<h5><strong>\u00dcbersicht<\/strong><\/h5>\n<p><span style=\"font-weight: 400;\">Reisen Sie mit einem Experten vor Ort und erleben Sie das einzigartige Erlebnis des Radfahrens ab Sabana de la Mar. Diese Tour f\u00fchrt Sie durch die wundersch\u00f6ne Landschaft der Dominikanischen Republik. W\u00e4hrend Sie mit dem Fahrrad fahren, k\u00f6nnen Sie \u201eHallo\u201c sagen! Die Bauern reiten mit Pferden oder Motorr\u00e4dern zu ihren Grundst\u00fccken und w\u00e4hrend der Tour k\u00f6nnen Sie in das Abenteuer und die lokale Kultur von Sabana de la Mar eintauchen. Einige Fakten \u00fcber Los Haitises: ist eine der gr\u00f6\u00dften Kalksteinformationen der Welt Ort f\u00fcr die Erhaltung endemischer Arten, Standort mit dem gr\u00f6\u00dften Teil der Artenvielfalt der Insel und es gibt einen der gr\u00f6\u00dften Mangrovenw\u00e4lder von Quisqueya.<\/span><\/p>\n<p>&nbsp;<\/p>\n<p><strong>Einschl\u00fcsse &amp; Ausschl\u00fcsse<\/strong><\/p>\n<p>&nbsp;<\/p>\n<p><strong>Einschl\u00fcsse<\/strong><\/p>\n<p><span style=\"font-weight: 400;\">Radfahren<\/span><\/p>\n<p><span style=\"font-weight: 400;\">Bootstour <\/span><\/p>\n<p><span style=\"font-weight: 400;\">Snacks<\/span><\/p>\n<p><span style=\"font-weight: 400;\">1 Wasserflasche\u00a0<\/span><\/p>\n<p><span style=\"font-weight: 400;\">Erste-Hilfe-Kasten\u00a0<\/span><\/p>\n<p><span style=\"font-weight: 400;\">Alle Steuern, Geb\u00fchren und Bearbeitungsgeb\u00fchren<\/span><\/p>\n<p><span style=\"font-weight: 400;\">Lokale Steuern<\/span><\/p>\n<p><span style=\"font-weight: 400;\">Offizielle \u00d6kologen-Reisef\u00fchrer Englisch\/Spanisch<\/span><\/p>\n<p>&nbsp;<\/p>\n<p><strong>Ausschl\u00fcsse<\/strong><\/p>\n<p><span style=\"font-weight: 400;\">Trinkgelder<\/span><\/p>\n<p><span style=\"font-weight: 400;\">\u00dcberweisen<\/span><\/p>\n<p><span style=\"font-weight: 400;\">Getr\u00e4nk<\/span><\/p>\n<p><span style=\"font-weight: 400;\">\u00a0<\/span><\/p>\n<p>&nbsp;<\/p>\n<p><span style=\"font-weight: 400;\">Abreise und R\u00fcckkehr<\/span><\/p>\n<p>&nbsp;<\/p>\n<p><span style=\"font-weight: 400;\">Die von \u201eBooking Adventures\u201c organisierte Tour beginnt an dem mit dem Reiseleiter vereinbarten Treffpunkt. Der Reisende erh\u00e4lt nach dem Reservierungsprozess einen Treffpunkt. Die Touren beginnen und enden an unseren Treffpunkten.<\/span><\/p>\n<p>&nbsp;<\/p>\n<p><span style=\"font-weight: 400;\">Was ist zu erwarten?<\/span><\/p>\n<p><span style=\"font-weight: 400;\">Holen Sie sich Ihr Ticket f\u00fcr Rad- und Bootsfahrten in Sabana de la Mar\u00a0<\/span><\/p>\n<p>&nbsp;<\/p>\n<p><span style=\"font-weight: 400;\">Dieser Ausflug beginnt am Treffpunkt, den Sie mit unserem Reiseb\u00fcro oder Ihrem Reiseleiter best\u00e4tigen m\u00fcssen, bevor Sie zu einem beliebigen Ort aufbrechen. Sobald Sie Ihren Reiseleiter treffen, werden Sie \u00fcber die Tour und alles, was mit Ihrem Tag zusammenh\u00e4ngt, besprochen.<\/span><\/p>\n<p>&nbsp;<\/p>\n<p><span style=\"font-weight: 400;\">Wenn alle bereit sind, fahren wir zum Hafen des Nationalparks Los Haitises, wo Sie mit dem Boot auf dem Fluss Cano Hondo beginnen, der in der Bucht von San Lorenzo endet. Dies ist eine kleine Bucht von nur 10 km2, in der Sie zwei Stunden lang auftauchen die verschiedenen \u00d6kosysteme von Los Haitises.\u00a0<\/span><\/p>\n<p>&nbsp;<\/p>\n<p><span style=\"font-weight: 400;\">W\u00e4hrend dieses Teils Ihrer Reise navigieren Sie durch den Mangrovenwald, der mit mehr als 90 km\u00b2 der zweitgr\u00f6\u00dfte der Insel ist, und wenn Sie die Bucht von San Lorenzo erreichen, sehen Sie die Halbinsel und die Bucht von Samana.\u00a0<\/span><\/p>\n<p>&nbsp;<\/p>\n<p><span style=\"font-weight: 400;\">W\u00e4hrend Sie unterwegs sind, besteht die M\u00f6glichkeit, einige Delfine, V\u00f6gel wie den Blaureiher, den Graureiher, Kr\u00e4hen, den Braunpelikan, die K\u00f6nigsseeschwalbe und den Pr\u00e4chtigen Fregattvogel zu beobachten und die einzigartige Aussicht auf den Nationalpark Los Haitises zu genie\u00dfen. Nach viereinhalb Stunden voller Aktivit\u00e4ten im Nationalpark Los Haitises und in Sabana de la Mar endet dieser Ausflug am selben Ort, an dem er begonnen hat.<\/span><\/p>\n<p>&nbsp;<\/p>\n<p><span style=\"font-weight: 400;\">Hinweis: Diese Touren werden von offiziellen Ecologist-Reiseleitern durchgef\u00fchrt. Bitte buchen Sie rechtzeitig, da es im Park nicht allzu viele Spezialisten gibt.<\/span><\/p>\n<p>&nbsp;<\/p>\n<p>&nbsp;<\/p>\n<p><span style=\"font-weight: 400;\">Was sollten Sie mitbringen?<\/span><\/p>\n<ul>\n<li style=\"font-weight: 400;\" aria-level=\"1\"><span style=\"font-weight: 400;\">Kamera<\/span><\/li>\n<li style=\"font-weight: 400;\" aria-level=\"1\"><span style=\"font-weight: 400;\">Absto\u00dfende Knospen<\/span><\/li>\n<li style=\"font-weight: 400;\" aria-level=\"1\"><span style=\"font-weight: 400;\">Sonnencreme<\/span><\/li>\n<li style=\"font-weight: 400;\" aria-level=\"1\"><span style=\"font-weight: 400;\">Hut<\/span><\/li>\n<li style=\"font-weight: 400;\" aria-level=\"1\"><span style=\"font-weight: 400;\">Bequeme Hosen<\/span><\/li>\n<li style=\"font-weight: 400;\" aria-level=\"1\"><span style=\"font-weight: 400;\">Laufschuhe\u00a0<\/span><\/li>\n<li style=\"font-weight: 400;\" aria-level=\"1\"><span style=\"font-weight: 400;\">Sandalen zum Kajakfahren\u00a0<\/span><\/li>\n<li style=\"font-weight: 400;\" aria-level=\"1\"><span style=\"font-weight: 400;\">Schwimmbekleidung<\/span><\/li>\n<li style=\"font-weight: 400;\" aria-level=\"1\"><span style=\"font-weight: 400;\">Handt\u00fccher\u00a0<\/span><\/li>\n<\/ul>\n<p>&nbsp;<\/p>\n<h4><b><i>Abholung Hotel <\/i><\/b><\/h4>\n<p><span style=\"font-weight: 400;\">Eine Abholung vom Hotel wird f\u00fcr diese Tour nicht angeboten. <\/span><\/p>\n<p>&nbsp;<\/p>\n<p><b>Anmerkung:<\/b><span style=\"font-weight: 400;\"> Wenn Sie innerhalb von 24 Stunden vor der Abfahrtszeit der Tour\/Exkursion buchen, k\u00f6nnen wir die Abholung vom Hotel gegen Aufpreis organisieren. Sobald Ihr Kauf abgeschlossen ist, senden wir Ihnen die vollst\u00e4ndigen Kontaktdaten (Telefonnummer, E-Mail-Adresse, etc.) f\u00fcr unseren lokalen Reiseleiter, um die Abholung zu organisieren.<\/span><\/p>\n<h4><b><i>Zus\u00e4tzliche Informationen Best\u00e4tigung <\/i><\/b><\/h4>\n<ol>\n<li>Tickets sind die Quittung nach der Bezahlung dieser Tour. Sie k\u00f6nnen die Zahlung auf Ihrem Telefon anzeigen.<\/li>\n<li style=\"font-weight: 400;\"><span style=\"font-weight: 400;\">Der Treffpunkt wird nach der Reservierung mitgeteilt.<\/span><\/li>\n<li style=\"font-weight: 400;\"><span style=\"font-weight: 400;\">Kinder m\u00fcssen von einem Erwachsenen begleitet werden.<\/span><\/li>\n<li style=\"font-weight: 400;\"><span style=\"font-weight: 400;\"> Nicht rollstuhlgerecht <\/span><\/li>\n<li style=\"font-weight: 400;\"><span style=\"font-weight: 400;\">Kleinkinder m\u00fcssen auf dem Scho\u00df sitzen <\/span><\/li>\n<li style=\"font-weight: 400;\"><span style=\"font-weight: 400;\">F\u00fcr Reisende mit R\u00fcckenproblemen nicht zu empfehlen<\/span><\/li>\n<li style=\"font-weight: 400;\"><span style=\"font-weight: 400;\">F\u00fcr schwangere Reisende nicht empfohlen <\/span><\/li>\n<li style=\"font-weight: 400;\"><span style=\"font-weight: 400;\"> Keine Herzprobleme oder andere schwerwiegende Erkrankungen <\/span><\/li>\n<li style=\"font-weight: 400;\"><span style=\"font-weight: 400;\">Die meisten Reisenden k\u00f6nnen teilnehmen<\/span><\/li>\n<\/ol>\n<h4><b><i>Stornierungspolitik<\/i><\/b><\/h4>\n<p><span style=\"font-weight: 400;\">F\u00fcr eine vollst\u00e4ndige R\u00fcckerstattung stornieren Sie bitte mindestens 24 Stunden vor Beginn des Erlebnisses.<\/span><\/p>\n\n\t\t<\/div>\n\t<\/div>\n<\/div><\/div><\/div><\/div><div class=\"vc_row wpb_row vc_row-fluid\" ><div class=\"wpb_column vc_column_container vc_col-sm-12\"><div class=\"vc_column-inner\"><div class=\"wpb_wrapper\"><div class=\"vc_empty_space\"   style=\"height: 32px\"><span class=\"vc_empty_space_inner\"><\/span><\/div>\n\t<div class=\"wpb_text_column wpb_content_element\" >\n\t\t<div class=\"wpb_wrapper\">\n\t\t\t<h4>Kontaktieren Sie uns?<\/h4>\n<h5>Abenteuer buchen<\/h5>\n<p><em><strong>Einheimische<\/strong>\u00a0und\u00a0<strong>Nationals<\/strong>\u00a0Reiseleiter &amp; G\u00e4steservice<\/em><\/p>\n<p><span class=\"text-turquoise\">Reservierungen:<\/span>\u00a0Touren &amp; Ausfl\u00fcge in Dom. Rep.<\/p>\n<p><img decoding=\"async\" class=\"emoji\" draggable=\"false\" src=\"https:\/\/s.w.org\/images\/core\/emoji\/11.2.0\/svg\/1f4de.svg\" alt=\"\ud83d\udcde\" title=\"\">\u00a0Telefon \/ Whatsapp\u00a0\u00a0<a href=\"tel:+1-809-720-6035\">+1-809-720-6035<\/a>.<\/p>\n<p><img decoding=\"async\" class=\"emoji\" draggable=\"false\" src=\"https:\/\/s.w.org\/images\/core\/emoji\/11.2.0\/svg\/1f4e9.svg\" alt=\"\ud83d\udce9\" title=\"\">\u00a0<a href=\"mailto:info@bookingadventures.com.do\">info@bookingadventures.com.do<\/a><\/p>\n<p><strong>Wir sind flexibel und stellen private Touren per Whatsapp ein:\u00a0<a href=\"tel:+18097206035\">+18097206035.<\/a><\/strong><\/p>\n\n\t\t<\/div>\n\t<\/div>\n<div class=\"vc_empty_space\"   style=\"height: 32px\"><span class=\"vc_empty_space_inner\"><\/span><\/div><\/div><\/div><\/div><\/div>","protected":false},"excerpt":{"rendered":"<p><span style=\"font-weight: 400;\">Reisen Sie mit einem Experten vor Ort und erleben Sie das einzigartige Erlebnis des Radfahrens ab Sabana de la Mar. Diese Tour f\u00fchrt Sie durch die wundersch\u00f6ne Landschaft der Dominikanischen Republik. W\u00e4hrend Sie mit dem Fahrrad fahren, k\u00f6nnen Sie \u201eHallo\u201c sagen! Die Bauern fahren mit Pferden oder Motorr\u00e4dern zu ihrem Grundst\u00fcck und w\u00e4hrend der Tour k\u00f6nnen Sie in das Abenteuer und die lokale Kultur von Sabana de la Mar eintauchen. Einzigartiges Mountainbike-Erlebnis!<\/span><\/p>\n<p>&nbsp;<\/p>\n<p><strong>Bitte w\u00e4hlen Sie das Datum f\u00fcr die Tour aus:<\/strong><\/p>","protected":false},"featured_media":11257,"template":"","meta":[],"product_brand":[],"product_cat":[469,512,123,124],"product_tag":[126,127,145,132,133,200,201,114,147,148],"class_list":{"0":"post-11080","1":"product","2":"type-product","3":"status-publish","4":"has-post-thumbnail","6":"product_cat-mangroves-projects","7":"product_cat-private-boat-trip-los-haitises","8":"product_cat-tours-excursions-los-haitises-national-park","9":"product_cat-tours-excursions-samana-bay-dominican-republic","10":"product_tag-cano-hondo","11":"product_tag-cano-hondo-hotel","12":"product_tag-day-tour-cano-hondo","13":"product_tag-los-haitises","14":"product_tag-los-haitises-national-park","15":"product_tag-los-haitises-tours","16":"product_tag-private-tours-samana","17":"product_tag-sabana-de-la-mar","18":"product_tag-samana-bay","19":"product_tag-samana-excursions","21":"first","22":"instock","23":"sale","24":"sold-individually","25":"shipping-taxable","26":"product-type-external"},"_links":{"self":[{"href":"https:\/\/haitises.com\/de\/wp-json\/wp\/v2\/product\/11080","targetHints":{"allow":["GET"]}}],"collection":[{"href":"https:\/\/haitises.com\/de\/wp-json\/wp\/v2\/product"}],"about":[{"href":"https:\/\/haitises.com\/de\/wp-json\/wp\/v2\/types\/product"}],"wp:featuredmedia":[{"embeddable":true,"href":"https:\/\/haitises.com\/de\/wp-json\/wp\/v2\/media\/11257"}],"wp:attachment":[{"href":"https:\/\/haitises.com\/de\/wp-json\/wp\/v2\/media?parent=11080"}],"wp:term":[{"taxonomy":"product_brand","embeddable":true,"href":"https:\/\/haitises.com\/de\/wp-json\/wp\/v2\/product_brand?post=11080"},{"taxonomy":"product_cat","embeddable":true,"href":"https:\/\/haitises.com\/de\/wp-json\/wp\/v2\/product_cat?post=11080"},{"taxonomy":"product_tag","embeddable":true,"href":"https:\/\/haitises.com\/de\/wp-json\/wp\/v2\/product_tag?post=11080"}],"curies":[{"name":"wp","href":"https:\/\/api.w.org\/{rel}","templated":true}]}}