{"id":11065,"date":"2021-04-09T10:46:12","date_gmt":"2021-04-09T10:46:12","guid":{"rendered":"http:\/\/haitises.com\/product\/import-placeholder-for-11569\/"},"modified":"2024-04-12T17:39:32","modified_gmt":"2024-04-12T17:39:32","slug":"private-kayaking-snorkeling-with-lunch-on-cayo-levantado-island","status":"publish","type":"product","link":"https:\/\/haitises.com\/de\/privat\/private-kayaking-snorkeling-with-lunch-on-cayo-levantado-island\/","title":{"rendered":"Private Kayaking &#038; Snorkeling with Lunch on Cayo Levantado Island"},"content":{"rendered":"<div class=\"vc_row wpb_row vc_row-fluid\" ><div class=\"wpb_column vc_column_container vc_col-sm-12\"><div class=\"vc_column-inner\"><div class=\"wpb_wrapper\"><div class=\"vc_empty_space\"   style=\"height: 32px\"><span class=\"vc_empty_space_inner\"><\/span><\/div>[mkdf_section_title title_tag=\u00bb\u00bb disable_break_words=\u00bbno\u00bb subtitle_tag=\u00bb\u00bb title=\u00bbPrivate Kayaking &amp; Snorkeling with Lunch on Cayo Levantado Island\u00bb subtitle=\u00bbFrom Saman\u00e1 port Private Tour\u00bb]<div class=\"vc_empty_space\"   style=\"height: 32px\"><span class=\"vc_empty_space_inner\"><\/span><\/div><\/div><\/div><\/div><\/div><div class=\"vc_row wpb_row vc_row-fluid\" ><div class=\"wpb_column vc_column_container vc_col-sm-12\"><div class=\"vc_column-inner\"><div class=\"wpb_wrapper\">\n\t<div class=\"wpb_text_column wpb_content_element\" >\n\t\t<div class=\"wpb_wrapper\">\n\t\t\t<div class=\"vc_row wpb_row vc_row-fluid\">\n<div class=\"wpb_column vc_column_container vc_col-sm-12\">\n<div class=\"vc_column-inner\">\n<div class=\"wpb_wrapper\">\n<div class=\"wpb_text_column wpb_content_element\">\n<div class=\"wpb_wrapper\">\n<div class=\"vc_row wpb_row vc_row-fluid\">\n<div class=\"wpb_column vc_column_container vc_col-sm-12\">\n<div class=\"vc_column-inner\">\n<div class=\"wpb_wrapper\">\n<div class=\"wpb_text_column wpb_content_element\">\n<div class=\"wpb_wrapper\">\n<h4><b><i>\u00dcbersicht<img decoding=\"async\" class=\"emoji\" draggable=\"false\" src=\"https:\/\/s.w.org\/images\/core\/emoji\/12.0.0-1\/svg\/1f433.svg\" alt=\"\ud83d\udc33\" title=\"\"><\/i><\/b><\/h4>\n<p><strong>Vermeiden Sie gro\u00dfe Gruppen von Touristen<\/strong> und machen Sie Ihre private Kajak- und Schnorcheltour in der Bucht von Saman\u00e1 ab dem Hafen von Saman\u00e1.<\/p>\n<p>Bewundern Sie 40 Minuten lang den unvergleichlichen Panoramablick auf die Bucht von Samana vom Meer aus im Kajak und schnorcheln Sie im kristallklaren Wasser vor einem nahe gelegenen Strand der ber\u00fchmten Insel Cayo Levantado\/Bacardi. Wo wir uns die Beine vertreten und unsere Schnorchelausr\u00fcstung anziehen k\u00f6nnen, gibt es eine andere Welt zu entdecken!<br \/>\nNach dem Schnorcheln werden wir ein typisch dominikanisches Mittagessen am Strand einnehmen und die sch\u00f6nste Insel der Dominikanischen Republik entdecken. Sie beherbergt ein wundersch\u00f6nes Luxushotel, wei\u00dfe Sandstr\u00e4nde, \u00fcppige Regenw\u00e4lder und unglaublich geschickte K\u00fcnstler, die ihre handgefertigten Gem\u00e4lde und andere Produkte anbieten.<\/p>\n<p>Was k\u00f6nnen Sie auf der Insel unternehmen?<br \/>\nSchwimmen, spazieren gehen, Volleyball spielen, fotografieren, schnorcheln, den Strand genie\u00dfen oder einfach nur im Schatten entspannen und ein erfrischendes Getr\u00e4nk zu sich nehmen (Pi\u00f1a Colada, Coco Loco, Cuba Libre usw.) Es gibt viele M\u00f6glichkeiten, die Insel zu genie\u00dfen, f\u00fcr jeden!<\/p>\n<p>Auf dem R\u00fcckweg nach Samana wechseln wir die Perspektive und unsere Aufmerksamkeit wird von Details gefesselt, die wir vorher nicht bemerkt hatten. Wir genie\u00dfen jeden einzelnen Meter, etwa 40 Minuten.<\/p>\n<p>Wir sind die Einzigen, die diese Tour in der ganzen Dominikanischen Republik anbieten! Dieses einzigartige Erlebnis ist der wahr gewordene Traum eines jeden Natur- und Meeresliebhabers.<\/p>\n<p><strong>Anmerkung:<\/strong> Diese Tour ist privat (nur Sie und Ihre Familie oder Freunde und der Reiseleiter).<\/p>\n<p>&nbsp;<\/p>\n<h4><b>Einschl\u00fcsse &amp; Ausschl\u00fcsse<\/b><\/h4>\n<p>&nbsp;<\/p>\n<p><b>Einschl\u00fcsse<\/b><\/p>\n<p>&nbsp;<\/p>\n<ol>\n<li>Mittagsbuffet am Strand<\/li>\n<li>Reisef\u00fchrer<\/li>\n<li>Kajaks, Paddel<\/li>\n<li>Schwimmweste<\/li>\n<li>Schnorchelausr\u00fcstung<\/li>\n<li>Alle Steuern, Geb\u00fchren und Bearbeitungskosten<\/li>\n<li>Lokale Steuern<\/li>\n<li>Getr\u00e4nke (eine Flasche Wasser pro Person)<\/li>\n<\/ol>\n<p><b>Ausschl\u00fcsse<\/b><\/p>\n<ol>\n<li>Trinkgelder<\/li>\n<li>Transferwagen<\/li>\n<li>Alkoholische Getr\u00e4nke<\/li>\n<\/ol>\n<p>&nbsp;<\/p>\n<h4><em><strong>Abreise und R\u00fcckkehr<\/strong><\/em><\/h4>\n<p>Dieser Ausflug beginnt um 8:00 Uhr morgens und endet gegen 16:00 Uhr nachmittags. Da es sich jedoch um eine private Reise handelt, k\u00f6nnen Sie die Zeit f\u00fcr den Beginn und das Ende selbst bestimmen.<\/p>\n<p>Der Reisende erh\u00e4lt nach der Reservierung einen Treffpunkt. Die Touren beginnen und enden an unseren Treffpunkten.<\/p>\n<p>&nbsp;<\/p>\n<h4><b><i>Was ist zu erwarten?<\/i><\/b><\/h4>\n<p>&nbsp;<\/p>\n<p><em><strong>Holen Sie sich Ihre Tickets<\/strong><\/em> f\u00fcr Kajakfahren &amp; Schnorcheln in der Bucht von Samana. 40 Minuten unvergleichlicher Panoramablick auf die Bucht von Samana vom Meer aus im Kajak und Schnorcheln im kristallklaren Wasser vor einem nahe gelegenen Strand der ber\u00fchmten Cayo Levantado\/Bacardi. Ein typisch dominikanisches Mittagessen wird am Strand serviert. In der Whale-Watching-Saison besteht die M\u00f6glichkeit, Buckelwale zu beobachten.<\/p>\n<p>Die Kajak- und Schnorcheltour, die von \"Booking Adventures\" organisiert wird, beginnt an dem mit dem Reiseleiter vereinbarten Treffpunkt. Mittagessen am Strand und Sie k\u00f6nnen so lange bleiben, wie Sie wollen, um zu schwimmen. Wenn Sie Veganer sind, k\u00f6nnen wir auch etwas zu essen f\u00fcr Sie bereitstellen.<\/p>\n<p><strong>Zeitplan:<\/strong><\/p>\n<p>8:00 UHR - 16:00 UHR<\/p>\n<p>&nbsp;<\/p>\n<h4><em><strong>Was sollten Sie mitbringen?<\/strong><\/em><\/h4>\n<ul>\n<li>Kamera<\/li>\n<li>Handtuch<\/li>\n<li>Sonnenschutz<\/li>\n<li>Hut<\/li>\n<li>Bequeme Hosen und Schuhe<\/li>\n<li>Sandalen f\u00fcr den Strand<\/li>\n<li>Schwimmbekleidung<\/li>\n<li>Bargeld f\u00fcr Souvenirs<\/li>\n<\/ul>\n<p>&nbsp;<\/p>\n<h4><b><i>Abholung Hotel<\/i><\/b><\/h4>\n<p>Eine Abholung vom Hotel wird f\u00fcr diese Tour nicht angeboten.<\/p>\n<p>&nbsp;<\/p>\n<p><b>Anmerkung:<\/b>\u00a0Wenn Sie innerhalb von 24 Stunden vor der Abfahrtszeit der Tour\/Exkursion buchen, k\u00f6nnen wir die Abholung vom Hotel gegen Aufpreis organisieren. Sobald Ihr Kauf abgeschlossen ist, senden wir Ihnen die vollst\u00e4ndigen Kontaktdaten (Telefonnummer, E-Mail-Adresse, etc.) f\u00fcr unseren lokalen Reiseleiter, um die Abholung zu organisieren.<\/p>\n<h4><b><i>Zus\u00e4tzliche Informationen Best\u00e4tigung<\/i><\/b><\/h4>\n<ol>\n<li>Die Tickets sind die Quittung nach der Bezahlung dieser Tour. Sie k\u00f6nnen die Zahlung auf Ihrem Telefon zeigen.<\/li>\n<li>Der Treffpunkt wird nach der Reservierung mitgeteilt.<\/li>\n<li>Kinder m\u00fcssen von einem Erwachsenen begleitet werden.<\/li>\n<li>rollstuhlgerecht<\/li>\n<li>Kleinkinder m\u00fcssen auf dem Scho\u00df sitzen<\/li>\n<li>Die meisten Reisenden k\u00f6nnen teilnehmen<\/li>\n<\/ol>\n<h4><b><i>Stornierungspolitik<\/i><\/b><\/h4>\n<p>F\u00fcr eine vollst\u00e4ndige R\u00fcckerstattung stornieren Sie bitte mindestens 24 Stunden vor Beginn des Erlebnisses.<\/p>\n<\/div>\n<\/div>\n<\/div>\n<\/div>\n<\/div>\n<\/div>\n<\/div>\n<\/div>\n<\/div>\n<\/div>\n<\/div>\n<\/div>\n<div class=\"vc_row wpb_row vc_row-fluid\">\n<div class=\"wpb_column vc_column_container vc_col-sm-12\">\n<div class=\"vc_column-inner\">\n<div class=\"wpb_wrapper\">\n<div class=\"vc_empty_space\"><\/div>\n<div class=\"wpb_text_column wpb_content_element\">\n<div class=\"wpb_wrapper\">\n<h4>Kontaktieren Sie uns?<\/h4>\n<h5><b><i>Abenteuer buchen<\/i><\/b><\/h5>\n<p><em><strong>Einheimische<\/strong>\u00a0und\u00a0<strong>Nationals<\/strong>\u00a0Reiseleiter &amp; G\u00e4steservice<\/em><\/p>\n<p><span class=\"text-turquoise\">Reservierungen:<\/span>\u00a0Touren &amp; Ausfl\u00fcge in Dom. Rep.<\/p>\n<p><img decoding=\"async\" class=\"emoji\" draggable=\"false\" src=\"https:\/\/s.w.org\/images\/core\/emoji\/11.2.0\/svg\/1f4de.svg\" alt=\"\ud83d\udcde\" title=\"\">\u00a0Telefon \/ Whatsapp\u00a0\u00a0<a href=\"tel:+1-809-720-6035\">+1-809-720-6035<\/a>.<\/p>\n<p><img decoding=\"async\" class=\"emoji\" draggable=\"false\" src=\"https:\/\/s.w.org\/images\/core\/emoji\/11.2.0\/svg\/1f4e9.svg\" alt=\"\ud83d\udce9\" title=\"\">\u00a0<a href=\"mailto:info@bookingadventures.com.do\">info@bookingadventures.com.do<\/a><\/p>\n<p><strong>Wir sind flexibel und stellen private Touren per Whatsapp ein:\u00a0<a href=\"tel:+18097206035\">+18097206035.<\/a><\/strong><\/p>\n<\/div>\n<\/div>\n<\/div>\n<\/div>\n<\/div>\n<\/div>\n\n\t\t<\/div>\n\t<\/div>\n<\/div><\/div><\/div><\/div>","protected":false},"excerpt":{"rendered":"<p>Private Kayaking and Snorkeling tour in Samana Bay, Dominican Republic with Local Tour Guides. Feel free to set up your starting time that suit you. Book now this Excursion in Samana Bay to live the true Caribbean Adventure.<\/p>\n<p>Note: This tour is a private!<\/p>\n<p>&nbsp;<\/p>\n<p><em><strong>Bitte w\u00e4hlen Sie das Datum f\u00fcr die Exkursion:<\/strong><\/em><\/p>","protected":false},"featured_media":11086,"template":"","meta":[],"product_brand":[],"product_cat":[124],"product_tag":[137,162,197,201,143,271,354,234],"class_list":{"0":"post-11065","1":"product","2":"type-product","3":"status-publish","4":"has-post-thumbnail","6":"product_cat-tours-excursions-samana-bay-dominican-republic","7":"product_tag-bacardi-island","8":"product_tag-cayo-levantado-day-pass","9":"product_tag-kayaking-dominican-republic","10":"product_tag-private-tours-samana","11":"product_tag-samana-tours","12":"product_tag-samana-whale-watching","13":"product_tag-snorkeling","14":"product_tag-whale-samana","16":"first","17":"instock","18":"sale","19":"sold-individually","20":"shipping-taxable","21":"product-type-external"},"_links":{"self":[{"href":"https:\/\/haitises.com\/de\/wp-json\/wp\/v2\/product\/11065","targetHints":{"allow":["GET"]}}],"collection":[{"href":"https:\/\/haitises.com\/de\/wp-json\/wp\/v2\/product"}],"about":[{"href":"https:\/\/haitises.com\/de\/wp-json\/wp\/v2\/types\/product"}],"wp:featuredmedia":[{"embeddable":true,"href":"https:\/\/haitises.com\/de\/wp-json\/wp\/v2\/media\/11086"}],"wp:attachment":[{"href":"https:\/\/haitises.com\/de\/wp-json\/wp\/v2\/media?parent=11065"}],"wp:term":[{"taxonomy":"product_brand","embeddable":true,"href":"https:\/\/haitises.com\/de\/wp-json\/wp\/v2\/product_brand?post=11065"},{"taxonomy":"product_cat","embeddable":true,"href":"https:\/\/haitises.com\/de\/wp-json\/wp\/v2\/product_cat?post=11065"},{"taxonomy":"product_tag","embeddable":true,"href":"https:\/\/haitises.com\/de\/wp-json\/wp\/v2\/product_tag?post=11065"}],"curies":[{"name":"wp","href":"https:\/\/api.w.org\/{rel}","templated":true}]}}