{"id":610,"date":"2020-07-12T23:23:39","date_gmt":"2020-07-12T23:23:39","guid":{"rendered":"http:\/\/haitises.com\/?post_type=product&#038;p=610"},"modified":"2024-04-16T03:02:29","modified_gmt":"2024-04-16T03:02:29","slug":"hvalsafari-udflugt-samana-cayo-levantado-bacardi-island","status":"publish","type":"product","link":"https:\/\/haitises.com\/da\/privat\/hvalsafari-udflugt-samana-cayo-levantado-bacardi-island\/","title":{"rendered":"Hvalsafari-udflugt Samana + Cayo Levantado (Bacardi-\u00f8en)."},"content":{"rendered":"<div class=\"vc_row wpb_row vc_row-fluid\" ><div class=\"wpb_column vc_column_container vc_col-sm-12\"><div class=\"vc_column-inner\"><div class=\"wpb_wrapper\">[mkdf_section_title title_tag=\u00bb\u00bb disable_break_words=\u00bbno\u00bb subtitle_tag=\u00bb\u00bb title=\u00bbObservaci\u00f3n de Ballenas en Saman\u00e1 + Cayo Levantado desde el puerto de Saman\u00e1\u00bb subtitle=\u00bbExcursi\u00f3n de Ballenas en la Bah\u00eda de Saman\u00e1\u00bb]<\/div><\/div><\/div><\/div><div class=\"vc_row wpb_row vc_row-fluid\" ><div class=\"wpb_column vc_column_container vc_col-sm-12\"><div class=\"vc_column-inner\"><div class=\"wpb_wrapper\">\n\t<div class=\"wpb_text_column wpb_content_element\" >\n\t\t<div class=\"wpb_wrapper\">\n\t\t\t<h2>Hvalsafari Samana + Cayo Levantado (alt inkluderet i billetprisen)<\/h2>\n<h3>Beskrivelse<\/h3>\n<p>Hvalsafari i Samana-bugten med start fra havnen i Samana. Heldagsudflugt med hvalsafari i Samanabugten og bes\u00f8g p\u00e5 den historiske \u00f8 Cayo Levantado, plus frokost p\u00e5 stranden.<\/p>\n<p>F\u00f8rst m\u00f8dtes vi p\u00e5 vores kontor.<\/p>\n<p>Derefter starter udflugten kl. 9.00 og slutter kl. 17.00. Efter at v\u00e6re g\u00e5et ombord p\u00e5 vores katamaran eller b\u00e5d for at bes\u00f8ge hvalerne i deres eget habitat.<\/p>\n<p>Fra kl. 9.00 til kl. 12.00 Hvalsafari ved observatoriet i helligdommen, og efter denne tur bes\u00f8ger vi Bacardi Island \/ Cayo Levantado. P\u00e5 Bacardi Island vil der blive serveret en typisk dominikansk frokostbuffet.<\/p>\n<p>N\u00e5r frokosten er overst\u00e5et, har du lov til at sv\u00f8mme indtil kl. 16.30. Udflugten slutter kl. 17.00 ved den samme havn, som du starter fra.<\/p>\n<p><strong>Bem\u00e6rk:<\/strong> Dette er ikke en privat tur. For en privat tur eller bare hvalsafari uden Cayo Levantado, bedes du kontakte os.<\/p>\n<ul>\n<li>Hvalsafari<\/li>\n<li>Indgangsbilletter til Observatoriet<\/li>\n<li>Inkluderer frokostbuffet p\u00e5 stranden.<\/li>\n<li>Overf\u00f8rsel af skib<\/li>\n<li>Kaptajnen s\u00f8rger for instruktion og supervision.<\/li>\n<li>Tur guide<\/li>\n<\/ul>\n<h3>Inklusioner og ekskluderinger<\/h3>\n<h4>Inklusioner<\/h4>\n<ol>\n<li>Buffet frokost p\u00e5 stranden.<\/li>\n<li>Tur guide<\/li>\n<li>Katamaran eller b\u00e5dtur<\/li>\n<li>Alle skatter, gebyrer og ekspeditionsgebyrer<\/li>\n<li>Lokale skatter<\/li>\n<li>Drikkevarer<\/li>\n<\/ol>\n<h4>Udelukkelser<\/h4>\n<ol>\n<li>Tips<\/li>\n<li>Transfer bil<\/li>\n<li>Alkoholiske drikkevarer<\/li>\n<\/ol>\n<h3><em>Afgang og hjemrejse<\/em><\/h3>\n<p>Den rejsende f\u00e5r et m\u00f8dested efter reservationsprocessen. Ture begynder og slutter ved vores m\u00f8desteder.<\/p>\n<h3><em>Hvad kan man forvente?<\/em><\/h3>\n<p>F\u00e5 dine billetter til en dag med hvalsafari i Samana Bay og en vidunderlig frokost og tid p\u00e5 stranden.<\/p>\n<p>Los viajes de avistamiento de ballenas est\u00e1n organizados por \u00abBooking Adventures\u00bb que comienza en el punto de encuentro establecido con el gu\u00eda tur\u00edstico. Almuerza en la playa y puedes quedarte todo el tiempo que quieras nadando. Si eres vegano, tambi\u00e9n podemos prepararte algo de comida.<\/p>\n<p><strong>Tidsplan:<\/strong><\/p>\n<p>8:45 \u2013 17:00<\/p>\n<h3><em>Hvad skal du medbringe?<\/em><\/h3>\n<ol>\n<li>Kamera<\/li>\n<li>Afskr\u00e6kningsmidler<\/li>\n<li>solcreme<\/li>\n<li>Hat<\/li>\n<li>Komfortable bukser<\/li>\n<li>Sandaler til stranden<\/li>\n<li>Badedragt<\/li>\n<li>Kontanter til souvenirs<\/li>\n<\/ol>\n<h3><em>Hotel afhentning<\/em><\/h3>\n<p>Hotel afhentning tilbydes ikke til denne tur.<\/p>\n<p><strong>Bem\u00e6rk:<\/strong> Hvis du bestiller inden for 24 timer efter turens\/udflugtens afgangstidspunkt, kan vi arrangere hotelafhentning mod ekstra gebyrer. N\u00e5r dit k\u00f8b er gennemf\u00f8rt, sender vi dig fuldst\u00e6ndige kontaktoplysninger (telefonnummer, e-mailadresse osv.), s\u00e5 vores lokale rejseguide kan arrangere afhentning.<\/p>\n<h3><em>Bekr\u00e6ftelse af yderligere information<\/em><\/h3>\n<ul>\n<li>Billetterne er kvitteringen efter betaling for denne tur. Du kan vise betalingen p\u00e5 din telefon.<\/li>\n<li>M\u00f8destedet modtages efter reservationsprocessen.<\/li>\n<li>B\u00f8rn skal ledsages af en voksen.<\/li>\n<li>K\u00f8restolsvenligt<\/li>\n<li>Sp\u00e6db\u00f8rn skal sidde p\u00e5 sk\u00f8det<\/li>\n<li>De fleste rejsende kan deltage.<\/li>\n<\/ul>\n<h3><em><strong>Afbestillingspolitik<\/strong><\/em><\/h3>\n<p>For en fuld refusion skal du annullere mindst 24 timer f\u00f8r oplevelsens startdato.<\/p>\n\n\t\t<\/div>\n\t<\/div>\n<\/div><\/div><\/div><\/div><div class=\"vc_row wpb_row vc_row-fluid\" ><div class=\"wpb_column vc_column_container vc_col-sm-12\"><div class=\"vc_column-inner\"><div class=\"wpb_wrapper\"><div class=\"vc_empty_space\"   style=\"height: 32px\"><span class=\"vc_empty_space_inner\"><\/span><\/div>\n\t<div class=\"wpb_video_widget wpb_content_element vc_clearfix   vc_video-aspect-ratio-169 vc_video-el-width-100 vc_video-align-left\" >\n\t\t<div class=\"wpb_wrapper\">\n\t\t\t\n\t\t\t<div class=\"wpb_video_wrapper\"><iframe loading=\"lazy\" title=\"Hvalsafari i Samana-bugten Den Dominikanske Republik\" src=\"https:\/\/player.vimeo.com\/video\/337838231?dnt=1&amp;app_id=122963\" width=\"1100\" height=\"619\" frameborder=\"0\" allow=\"autoplay; fullscreen\" allowfullscreen><\/iframe><\/div>\n\t\t<\/div>\n\t<\/div>\n<div class=\"vc_empty_space\"   style=\"height: 32px\"><span class=\"vc_empty_space_inner\"><\/span><\/div><\/div><\/div><\/div><\/div><div class=\"vc_row wpb_row vc_row-fluid\" ><div class=\"wpb_column vc_column_container vc_col-sm-12\"><div class=\"vc_column-inner\"><div class=\"wpb_wrapper\"><div class=\"vc_empty_space\"   style=\"height: 32px\"><span class=\"vc_empty_space_inner\"><\/span><\/div>\n\t<div class=\"wpb_text_column wpb_content_element\" >\n\t\t<div class=\"wpb_wrapper\">\n\t\t\t<h4>Kontakt os!<\/h4>\n<h5>Booking af eventyr<\/h5>\n<p><em>Rejseledere <strong>lokal<\/strong> og <strong>national<\/strong> og g\u00e6steservice<\/em><\/p>\n<p>Reservationer: Ture og udflugter i Dom. Rep.<\/p>\n<p>Tlf\/Whatsapp +1-809-720-6035.<\/p>\n<p>info@bookingadventures.com.do<\/p>\n<p>Vi laver fleksible private ture ved at konfigurere <strong>WhatsApp:\u00a0<a href=\"tel:+18097206035\">+18097206035.<\/a><\/strong><\/p>\n\n\t\t<\/div>\n\t<\/div>\n<div class=\"vc_empty_space\"   style=\"height: 32px\"><span class=\"vc_empty_space_inner\"><\/span><\/div><\/div><\/div><\/div><\/div>","protected":false},"excerpt":{"rendered":"<p>Hvalsafari i Samana + tur til Cayo Levantado fra havnen i Samana med lokal naturguide. Vi bes\u00f8ger pukkelhvalerne i reservatet, og efter hvalsafari i Samana-bugten bes\u00f8ger vi Bacardi Island, hvor vi spiser frokost og tilbringer tid p\u00e5 stranden.<\/p>\n<p>Efter denne tur tager vi dig tilbage til m\u00f8destedet, hvor vi startede.<\/p>\n<p><strong>V\u00e6lg en af de tilg\u00e6ngelige dage for denne tur:<\/strong><\/p>","protected":false},"featured_media":254,"template":"","meta":[],"product_brand":[],"product_cat":[122,443,124,232],"product_tag":[137,139,233,225,147,148,143,234,235,236,237,238],"class_list":{"0":"post-610","1":"product","2":"type-product","3":"status-publish","4":"has-post-thumbnail","6":"product_cat-tours-and-excursions","7":"product_cat-tours-y-excursiones-es","8":"product_cat-tours-excursions-samana-bay-dominican-republic","9":"product_cat-whale-watching-samana","10":"product_tag-bacardi-island","11":"product_tag-cayo-levantado","12":"product_tag-las-galeras","13":"product_tag-las-terrenas","14":"product_tag-samana-bay","15":"product_tag-samana-excursions","16":"product_tag-samana-tours","17":"product_tag-whale-samana","18":"product_tag-whale-tours","19":"product_tag-whale-watching-dominican-republic","20":"product_tag-whale-watching-excursion","21":"product_tag-whale-watching-samana","23":"first","24":"instock","25":"sale","26":"sold-individually","27":"shipping-taxable","28":"product-type-external"},"_links":{"self":[{"href":"https:\/\/haitises.com\/da\/wp-json\/wp\/v2\/product\/610","targetHints":{"allow":["GET"]}}],"collection":[{"href":"https:\/\/haitises.com\/da\/wp-json\/wp\/v2\/product"}],"about":[{"href":"https:\/\/haitises.com\/da\/wp-json\/wp\/v2\/types\/product"}],"wp:featuredmedia":[{"embeddable":true,"href":"https:\/\/haitises.com\/da\/wp-json\/wp\/v2\/media\/254"}],"wp:attachment":[{"href":"https:\/\/haitises.com\/da\/wp-json\/wp\/v2\/media?parent=610"}],"wp:term":[{"taxonomy":"product_brand","embeddable":true,"href":"https:\/\/haitises.com\/da\/wp-json\/wp\/v2\/product_brand?post=610"},{"taxonomy":"product_cat","embeddable":true,"href":"https:\/\/haitises.com\/da\/wp-json\/wp\/v2\/product_cat?post=610"},{"taxonomy":"product_tag","embeddable":true,"href":"https:\/\/haitises.com\/da\/wp-json\/wp\/v2\/product_tag?post=610"}],"curies":[{"name":"wp","href":"https:\/\/api.w.org\/{rel}","templated":true}]}}