{"id":551,"date":"2020-06-19T20:10:32","date_gmt":"2020-06-19T20:10:32","guid":{"rendered":"http:\/\/haitises.com\/?post_type=product&#038;p=551"},"modified":"2023-10-14T21:50:12","modified_gmt":"2023-10-14T21:50:12","slug":"excursion-al-los-haitises-y-cano-hondo-desde-samana","status":"publish","type":"product","link":"https:\/\/haitises.com\/da\/privat\/excursion-al-los-haitises-y-cano-hondo-desde-samana\/","title":{"rendered":"Udflugt til Los Haitises og Ca\u00f1o Hondo fra Saman\u00e1"},"content":{"rendered":"<div class=\"vc_row wpb_row vc_row-fluid\" ><div class=\"wpb_column vc_column_container vc_col-sm-12\"><div class=\"vc_column-inner\"><div class=\"wpb_wrapper\">[mkdf_section_title subtitle_tag=\u00bb\u00bb subtitle=\u00bbAlmuerzo y Nataci\u00f3n en Piscinas Naturales\u00bb]<\/div><\/div><\/div><\/div><div class=\"vc_row wpb_row vc_row-fluid\" ><div class=\"wpb_column vc_column_container vc_col-sm-12\"><div class=\"vc_column-inner\"><div class=\"wpb_wrapper\">\n\t<div class=\"wpb_text_column wpb_content_element\" >\n\t\t<div class=\"wpb_wrapper\">\n\t\t\t<h2>Los Haitises National Park + Frokost i Cano Hondo fra havnen i Saman\u00e1.<\/h2>\n<h3><em>Beskrivelse<\/em><\/h3>\n<p>Los Haitises National Park starter fra havnen i Saman\u00e1 plus en vidunderlig frokost og sv\u00f8mning i naturlige kilder ved Ca\u00f1o Hondo Ecolodge. Kom med os og bes\u00f8g den smukkeste nationalpark i Den Dominikanske Republik, bes\u00f8g mangrover, grotter og San Lorenzo-bugten, samt kryds den smukke Saman\u00e1-bugt. Efter at have spist frokost i Ca\u00f1o Hondo, vil du have mulighed for at sv\u00f8mme i de naturlige bassiner i et par timer og derefter vende tilbage til havnen i Saman\u00e1.<\/p>\n<p>Efter denne oplevelse vender du tilbage til havnen i Saman\u00e1.<\/p>\n<ul>\n<li>Skatter inkluderet<\/li>\n<li>Vejledningen giver instruktion og supervision.<\/li>\n<\/ul>\n<h3>Inklusioner og ekskluderinger<\/h3>\n<h4>Inklusioner<\/h4>\n<ol>\n<li>Los Haitises-tur + huler og piktogrammer<\/li>\n<li>Frokost i Ca\u00f1o Hondo<\/li>\n<li>Sv\u00f8m i naturlige pools<\/li>\n<li>Alle skatter, gebyrer og ekspeditionsgebyrer.<\/li>\n<li>Lokale skatter<\/li>\n<li>Drikkevarer<\/li>\n<li>Alle aktiviteterne<\/li>\n<li>Lokal guide<\/li>\n<\/ol>\n<h4>Udelukkelser<\/h4>\n<ol>\n<li>Tips<\/li>\n<li>Overf\u00f8rsel<\/li>\n<li>Alkoholiske drikkevarer<\/li>\n<\/ol>\n<h3><em>Afgang og hjemrejse<\/em><\/h3>\n<p>Den rejsende f\u00e5r et m\u00f8dested efter reservationsprocessen. Ture begynder og slutter ved vores m\u00f8desteder.<\/p>\n<h3><em>Hvad kan man forvente?<\/em><\/h3>\n<p>F\u00e5 dine billetter til at bes\u00f8ge Los Haitises National Park med en vidunderlig frokost p\u00e5 Ca\u00f1o Hondo og sv\u00f8mning i de naturlige pools.<\/p>\n<p>Startende fra havnen i Saman\u00e1 ombord p\u00e5 en b\u00e5d eller katamaran med en lokal rejseguide, passerer vi Saman\u00e1-bugten ved siden af Sabana de la Mar for at bes\u00f8ge en af de smukkeste nationalparker i Den Dominikanske Republik.<\/p>\n<h5>Los Haitises Nationalpark.<\/h5>\n<p>Bes\u00f8ger \u00f8en med fugle omkring. I redes\u00e6sonen kan vi endda se pelikanunger i rederne. G\u00e5 dybere ind i klippe\u00f8erne og bes\u00f8g hulerne med piktogrammer og helleristninger af de oprindelige folk.<\/p>\n<p>El recorrido, organizado por \u00abBooking Adventures\u00bb, comienza en el punto de encuentro establecido con el gu\u00eda tur\u00edstico. Ven con Booking Adventures y comienza a observar algunos manglares llenos de aves, colinas onduladas de exuberante vegetaci\u00f3n y cuevas del Parque Nacional Los Haitises.<\/p>\n<p>El nombre del parque nacional proviene de sus habitantes originales, los indios ta\u00ednos. En su idioma, \u00abHaitises\u00bb se traduce a tierras altas o colinas, una referencia a las empinadas formaciones geol\u00f3gicas de la costa con calizas. Avent\u00farate en el parque para explorar cuevas como la Cueva de la Arena y la Cueva de la L\u00ednea.<\/p>\n<p>Hulerne i reservatet blev brugt som ly af Ta\u00edno-indianerne og senere af skjulte pirater. Se efter tegninger af indianere, der dekorerer nogle af v\u00e6ggene.<\/p>\n<p>Efter at have bes\u00f8gt Los Haitises National Park tager vi til Cano Hondo. I Cano Hondo vil du l\u00e6re om denne \u00f8kologiske historie og spise frokosttid med den typiske mad fra Sabana de la mar-samfundet.<\/p>\n<p>Frokosten bliver l\u00e6kker, men vi er ikke f\u00e6rdige endnu. Efter frokost sv\u00f8mmer vi i de naturlige pools fra Jibales-floden, en flod til Ca\u00f1o Hondo-floden. Ved at blive i Ca\u00f1o Hondo indtil kl. 16.00 og returnere til havnen i Saman\u00e1, passerer vi gennem mangroverne igen og ankommer til den \u00e5bne bugt San Lorenzo, hvorfra du kan fotografere det barske skovlandskab. Kig ud i vandet for at se s\u00f8k\u00f8er, krebsdyr og delfiner.<\/p>\n<p>Indtil det \u00f8jeblik vil du n\u00f8jes med rejselederen og derefter g\u00e5 til havnen i Cano Hondo og tage en b\u00e5d tilbage til havnen i Saman\u00e1 forbi Saman\u00e1-bugten 30 minutter.<\/p>\n<p>Hvis du kan lide denne rejse mere, har vi disse muligheder:<\/p>\n<p>Los Haitises + Cayo Levantado fra havnen i Saman\u00e1.<\/p>\n<h3><em>Hvad skal du medbringe?<\/em><\/h3>\n<ul>\n<li>Kamera<\/li>\n<li>Afskr\u00e6kningsmidler<\/li>\n<li>solcreme<\/li>\n<li>Hat<\/li>\n<li>Komfortable bukser<\/li>\n<li>Skovvandresko<\/li>\n<li>Sandaler til for\u00e5rsomr\u00e5der.<\/li>\n<li>Badedragt<\/li>\n<\/ul>\n<h3><em>Hotel afhentning<\/em><\/h3>\n<p>Hotel afhentning tilbydes ikke til denne tur.<\/p>\n<p><strong>Bem\u00e6rk:<\/strong> Hvis du bestiller inden for 24 timer efter turens\/udflugtens afgangstidspunkt, kan vi arrangere hotelafhentning mod ekstra gebyrer. N\u00e5r dit k\u00f8b er gennemf\u00f8rt, sender vi dig fuldst\u00e6ndige kontaktoplysninger (telefonnummer, e-mailadresse osv.), s\u00e5 vores lokale rejseguide kan arrangere afhentning.<\/p>\n<h3>Bekr\u00e6ftelse af yderligere information<\/h3>\n<ol>\n<li>Billetterne er kvitteringen efter betaling for denne tur. Du kan vise betalingen p\u00e5 din telefon.<\/li>\n<li>M\u00f8destedet modtages efter reservationsprocessen.<\/li>\n<li>B\u00f8rn skal ledsages af en voksen.<\/li>\n<li>Ikke tilg\u00e6ngelig for k\u00f8restolsbrugere<\/li>\n<li>Sp\u00e6db\u00f8rn b\u00f8r sidde i sp\u00e6db\u00f8rnss\u00e6der eller sammen med en voksen<\/li>\n<li>Anbefales ikke til rejsende med rygproblemer.<\/li>\n<li>Anbefales ikke til gravide kvinder.<\/li>\n<li>Ingen hjerteproblemer eller andre alvorlige medicinske tilstande.<\/li>\n<li>De fleste rejsende kan deltage.<\/li>\n<\/ol>\n<h3><em>Afbestillingspolitik<\/em><\/h3>\n<p>For en fuld refusion skal du annullere mindst 24 timer f\u00f8r oplevelsens startdato.<\/p>\n\n\t\t<\/div>\n\t<\/div>\n<\/div><\/div><\/div><\/div><div class=\"vc_row wpb_row vc_row-fluid\" ><div class=\"wpb_column vc_column_container vc_col-sm-12\"><div class=\"vc_column-inner\"><div class=\"wpb_wrapper\"><div class=\"vc_empty_space\"   style=\"height: 32px\"><span class=\"vc_empty_space_inner\"><\/span><\/div>\n\t<div class=\"wpb_video_widget wpb_content_element vc_clearfix   vc_video-aspect-ratio-169 vc_video-el-width-100 vc_video-align-left\" >\n\t\t<div class=\"wpb_wrapper\">\n\t\t\t\n\t\t\t<div class=\"wpb_video_wrapper\"><iframe loading=\"lazy\" title=\"Los Haitises Nationalpark, ture og udflugter fra Samana eller Sabana de la Mar. Book her:\" src=\"https:\/\/player.vimeo.com\/video\/346508015?dnt=1&amp;app_id=122963\" width=\"1100\" height=\"619\" frameborder=\"0\" allow=\"autoplay; fullscreen\" allowfullscreen><\/iframe><\/div>\n\t\t<\/div>\n\t<\/div>\n<\/div><\/div><\/div><\/div><div class=\"vc_row wpb_row vc_row-fluid\" ><div class=\"wpb_column vc_column_container vc_col-sm-12\"><div class=\"vc_column-inner\"><div class=\"wpb_wrapper\"><div class=\"vc_empty_space\"   style=\"height: 32px\"><span class=\"vc_empty_space_inner\"><\/span><\/div>\n\t<div class=\"wpb_text_column wpb_content_element\" >\n\t\t<div class=\"wpb_wrapper\">\n\t\t\t<h4>Kontakt os?<\/h4>\n<h5>Eventyr reservationer<\/h5>\n<p><em>Rejseledere<\/em> <em><strong>lokal<\/strong><\/em> og <strong><em>national<\/em><\/strong> &amp;<em>\u00a0g\u00e6stetjenester<\/em><\/p>\n<p>Reservationer: Ture og udflugter i Dom. Rep.<\/p>\n<p>Tlf\/Whatsapp +1-809-720-6035.<\/p>\n<p>info@bookingadventures.com.do<\/p>\n<p>Vi er private ture med fleksibel konfiguration af Whatsapp: +18097206035.<\/p>\n\n\t\t<\/div>\n\t<\/div>\n<div class=\"vc_empty_space\"   style=\"height: 32px\"><span class=\"vc_empty_space_inner\"><\/span><\/div><\/div><\/div><\/div><\/div>","protected":false},"excerpt":{"rendered":"<p><strong>V\u00e6lg venligst dato for turen\u00a0<\/strong><\/p>","protected":false},"featured_media":104,"template":"","meta":[],"product_brand":[],"product_cat":[119,96,144,98,135,121,99,122,443,123,124],"product_tag":[126,127,128,145,132,133,146,147,148,143],"class_list":{"0":"post-551","1":"product","2":"type-product","3":"status-publish","4":"has-post-thumbnail","6":"product_cat-caves","7":"product_cat-hiking","8":"product_cat-kayaking","9":"product_cat-local-tour-guides","10":"product_cat-lunch","11":"product_cat-mangroves","12":"product_cat-swimming-natural-springs","13":"product_cat-tours-and-excursions","14":"product_cat-tours-y-excursiones-es","15":"product_cat-tours-excursions-los-haitises-national-park","16":"product_cat-tours-excursions-samana-bay-dominican-republic","17":"product_tag-cano-hondo","18":"product_tag-cano-hondo-hotel","19":"product_tag-cano-hondo-tours","20":"product_tag-day-tour-cano-hondo","21":"product_tag-los-haitises","22":"product_tag-los-haitises-national-park","23":"product_tag-mangroves-los-haitises","24":"product_tag-samana-bay","25":"product_tag-samana-excursions","26":"product_tag-samana-tours","28":"first","29":"instock","30":"sale","31":"sold-individually","32":"shipping-taxable","33":"product-type-external"},"_links":{"self":[{"href":"https:\/\/haitises.com\/da\/wp-json\/wp\/v2\/product\/551","targetHints":{"allow":["GET"]}}],"collection":[{"href":"https:\/\/haitises.com\/da\/wp-json\/wp\/v2\/product"}],"about":[{"href":"https:\/\/haitises.com\/da\/wp-json\/wp\/v2\/types\/product"}],"wp:featuredmedia":[{"embeddable":true,"href":"https:\/\/haitises.com\/da\/wp-json\/wp\/v2\/media\/104"}],"wp:attachment":[{"href":"https:\/\/haitises.com\/da\/wp-json\/wp\/v2\/media?parent=551"}],"wp:term":[{"taxonomy":"product_brand","embeddable":true,"href":"https:\/\/haitises.com\/da\/wp-json\/wp\/v2\/product_brand?post=551"},{"taxonomy":"product_cat","embeddable":true,"href":"https:\/\/haitises.com\/da\/wp-json\/wp\/v2\/product_cat?post=551"},{"taxonomy":"product_tag","embeddable":true,"href":"https:\/\/haitises.com\/da\/wp-json\/wp\/v2\/product_tag?post=551"}],"curies":[{"name":"wp","href":"https:\/\/api.w.org\/{rel}","templated":true}]}}