{"id":546,"date":"2020-06-15T15:29:37","date_gmt":"2020-06-15T15:29:37","guid":{"rendered":"http:\/\/haitises.com\/?post_type=product&#038;p=546"},"modified":"2024-04-19T14:24:18","modified_gmt":"2024-04-19T14:24:18","slug":"parque-nacional-los-haitises-y-playa-rincon","status":"publish","type":"product","link":"https:\/\/haitises.com\/da\/privat\/parque-nacional-los-haitises-y-playa-rincon\/","title":{"rendered":"Parque Nacional Los Haitises y Playa Rinc\u00f3n"},"content":{"rendered":"<div class=\"vc_row wpb_row vc_row-fluid\" ><div class=\"wpb_column vc_column_container vc_col-sm-12\"><div class=\"vc_column-inner\"><div class=\"wpb_wrapper\">\n\t<div class=\"wpb_text_column wpb_content_element\" >\n\t\t<div class=\"wpb_wrapper\">\n\t\t\t<p><em>Cuevas, manglares, almuerzo y nataci\u00f3n en la playa<\/em><\/p>\n<h2>Parque Nacional Los Haitises y Playa el Rinc\u00f3n<\/h2>\n<h3>Beskrivelse<\/h3>\n<p>Parque Nacional Los Haitises y Playa El Rinc\u00f3n con almuerzo en la playa. Ven con nosotros y visita el parque nacional m\u00e1s hermoso de Rep\u00fablica Dominicana, visitando manglares, cuevas y la bah\u00eda de San Lorenzo. Despu\u00e9s de regresar al puerto de Saman\u00e1 para hacer un viaje privado a Playa El Rinc\u00f3n con almuerzo en la playa.<\/p>\n<p>Despu\u00e9s de esta experiencia, tendr\u00e1 su tiempo en la playa adem\u00e1s de un almuerzo local en la playa.<\/p>\n<ul>\n<li>Inkluderer frokostbuffet p\u00e5 stranden.<\/li>\n<li>Skatter inkluderet<\/li>\n<li>Vejledningen giver instruktion og supervision.<\/li>\n<\/ul>\n<h3>Inklusioner og ekskluderinger<\/h3>\n<h4>Inklusioner<\/h4>\n<ol>\n<li>almuerzo en la playa<\/li>\n<li>Tour Los Haitises + Playa El Rinc\u00f3n<\/li>\n<li>Alle skatter, gebyrer og ekspeditionsgebyrer.<\/li>\n<li>Lokale skatter<\/li>\n<li>Drikkevarer<\/li>\n<li>Alle aktiviteterne<\/li>\n<li>Lokal guide<\/li>\n<\/ol>\n<h4>Udelukkelser<\/h4>\n<ol>\n<li>Tips<\/li>\n<li>Transportere<\/li>\n<li>Alkoholiske drikkevarer<\/li>\n<\/ol>\n<h3><em>Afgang og hjemrejse<\/em><\/h3>\n<p>Den rejsende f\u00e5r et m\u00f8dested efter reservationsprocessen. Ture begynder og slutter ved vores m\u00f8desteder.<\/p>\n<h3><em>Hvad kan man forvente?<\/em><\/h3>\n<p>Obtenga sus boletos para visitar el Parque Nacional Los Haitises con un maravilloso almuerzo en Playa El Rinc\u00f3n.<\/p>\n<p>El recorrido, organizado por \u00abBooking Adventures\u00bb, comienza en el punto de encuentro establecido con el gu\u00eda tur\u00edstico.<\/p>\n<p>Haremos un recorrido en bote por la bah\u00eda de Saman\u00e1 para visitar el Parque Nacional Los Haitises, pasando por manglares, por antiguas cuevas piratas y en bosques protegidos en esta pintoresca reserva.<br \/>\nVen con Booking Adventures y comienza a observar algunos manglares llenos de p\u00e1jaros, colinas onduladas de exuberante vegetaci\u00f3n y cuevas del Parque Nacional Los Haitises. Tomando un barco, Excursi\u00f3n desde el puerto de Saman\u00e1.<\/p>\n<p>El nombre del parque nacional proviene de sus habitantes originales, los indios ta\u00ednos. En su idioma, \u00abHaitises\u00bb se traduce en tierras altas o colinas, una referencia a las empinadas formaciones geol\u00f3gicas de la costa con calizas. Avent\u00farate en el parque para explorar cuevas como la Cueva de la Arena y la Cueva de la L\u00cdnea. Las cuevas en la reserva fueron utilizadas como refugio por los indios ta\u00ednos y, m\u00e1s tarde, por los piratas escondidos. Busque dibujos de indios que decoran algunas de las paredes.<\/p>\n<p>Despu\u00e9s de visitar el Parque Nacional Los Haitises, tomaremos el bote y atravesaremos los manglares y llegaremos a la bah\u00eda abierta de San Lorenzo directamente al puerto de Saman\u00e1. En el puerto de Saman\u00e1, tomamos nuestro transporte privado a la playa de El Rinc\u00f3n para almorzar.<\/p>\n<p>El almuerzo ser\u00e1 delicioso pero a\u00fan no terminamos. Despu\u00e9s del almuerzo, tendr\u00e1 tiempo para disfrutar de la playa o simplemente sentarse a la sombra y disfrutar de Pi\u00f1a Colada o Coco Loco en uno de los t\u00edpicos bares dominicanos. Alrededor de las 4:30 pm saliendo de la playa y regresando a Saman\u00e1.<\/p>\n<p>En la playa y puedes quedarte todo el tiempo que quieras nadando. Se ofrecen Pescado frito y Tostones! Si eres vegano, tambi\u00e9n podemos prepararte algo de comida.<\/p>\n<h3><em>Hvad skal du medbringe?<\/em><\/h3>\n<ul>\n<li>Kamera<\/li>\n<li>Afskr\u00e6kningsmidler<\/li>\n<li>solcreme<\/li>\n<li>Hat<\/li>\n<li>Komfortable bukser<\/li>\n<li>Skovvandresko<\/li>\n<li>Sandaler til stranden<\/li>\n<li>Vestido nadador<\/li>\n<\/ul>\n<h3><em>Hotel afhentning<\/em><\/h3>\n<p>Hotel afhentning tilbydes ikke til denne tur.<\/p>\n<p><strong>Nota<\/strong>: si realiza la reserva dentro de las 24 horas de la hora de salida del tour \/ excursi\u00f3n, podemos organizar la recogida en el hotel con cargos adicionales. Una vez que se complete su compra, le enviaremos informaci\u00f3n de contacto completa (n\u00famero de tel\u00e9fono, direcci\u00f3n de correo electr\u00f3nico, etc.) para que nuestro gu\u00eda tur\u00edstico local organice los arreglos de recogida.<\/p>\n<h3><em>Bekr\u00e6ftelse af yderligere information<\/em><\/h3>\n<ul>\n<li>Billetterne er kvitteringen efter betaling for denne tur. Du kan vise betalingen p\u00e5 din telefon.<\/li>\n<li>M\u00f8destedet modtages efter reservationsprocessen.<\/li>\n<li>B\u00f8rn skal ledsages af en voksen.<\/li>\n<li>Ikke tilg\u00e6ngelig for k\u00f8restolsbrugere<\/li>\n<li>Sp\u00e6db\u00f8rn skal sidde p\u00e5 sk\u00f8det<\/li>\n<li>Anbefales ikke til rejsende med rygproblemer.<\/li>\n<li>No recomendado para viajeros embarazadas.<\/li>\n<li>Ingen hjerteproblemer eller andre alvorlige medicinske tilstande.<\/li>\n<li>De fleste rejsende kan deltage.<\/li>\n<\/ul>\n<h3><em>Afbestillingspolitik<\/em><\/h3>\n<p>For en fuld refusion skal du annullere mindst 24 timer f\u00f8r oplevelsens startdato.<\/p>\n\n\t\t<\/div>\n\t<\/div>\n<\/div><\/div><\/div><\/div>","protected":false},"excerpt":{"rendered":"<p>Parque Nacional Los Haitises y Playa El Rinc\u00f3n con almuerzo en la playa. Ven con nosotros y visita el parque nacional m\u00e1s hermoso de la Rep\u00fablica Dominicana, visitando manglares, cuevas y la bah\u00eda de San Lorenzo. Despu\u00e9s de regresar al puerto de Saman\u00e1 para hacer un viaje privado a Playa El Rinc\u00f3n con almuerzo en la playa.<\/p>\n<p>Consigue tus entradas con ofertas aqu\u00ed &#8230;<\/p>\n<p>Por favor seleccione la fecha para el Tour<\/p>","protected":false},"featured_media":227,"template":"","meta":[],"product_brand":[],"product_cat":[433,443],"product_tag":[138,195,196,142,147,148,143],"class_list":{"0":"post-546","1":"product","2":"type-product","3":"status-publish","4":"has-post-thumbnail","6":"product_cat-excursiones-privadas","7":"product_cat-tours-y-excursiones-es","8":"product_tag-beach-time","9":"product_tag-el-rincon-beach","10":"product_tag-playa-el-rincon","11":"product_tag-samana","12":"product_tag-samana-bay","13":"product_tag-samana-excursions","14":"product_tag-samana-tours","16":"first","17":"instock","18":"sale","19":"sold-individually","20":"shipping-taxable","21":"product-type-external"},"_links":{"self":[{"href":"https:\/\/haitises.com\/da\/wp-json\/wp\/v2\/product\/546","targetHints":{"allow":["GET"]}}],"collection":[{"href":"https:\/\/haitises.com\/da\/wp-json\/wp\/v2\/product"}],"about":[{"href":"https:\/\/haitises.com\/da\/wp-json\/wp\/v2\/types\/product"}],"wp:featuredmedia":[{"embeddable":true,"href":"https:\/\/haitises.com\/da\/wp-json\/wp\/v2\/media\/227"}],"wp:attachment":[{"href":"https:\/\/haitises.com\/da\/wp-json\/wp\/v2\/media?parent=546"}],"wp:term":[{"taxonomy":"product_brand","embeddable":true,"href":"https:\/\/haitises.com\/da\/wp-json\/wp\/v2\/product_brand?post=546"},{"taxonomy":"product_cat","embeddable":true,"href":"https:\/\/haitises.com\/da\/wp-json\/wp\/v2\/product_cat?post=546"},{"taxonomy":"product_tag","embeddable":true,"href":"https:\/\/haitises.com\/da\/wp-json\/wp\/v2\/product_tag?post=546"}],"curies":[{"name":"wp","href":"https:\/\/api.w.org\/{rel}","templated":true}]}}