{"id":47,"date":"2020-06-14T11:56:46","date_gmt":"2020-06-14T11:56:46","guid":{"rendered":"http:\/\/haitises.com\/product\/import-placeholder-for-8855\/"},"modified":"2024-04-25T14:36:37","modified_gmt":"2024-04-25T14:36:37","slug":"kayaking-in-los-haitises-with-tour-guide-from-cano-hondo-4-hours","status":"publish","type":"product","link":"https:\/\/haitises.com\/da\/privat\/kayaking-in-los-haitises-with-tour-guide-from-cano-hondo-4-hours\/","title":{"rendered":"Kajaksejlads i Los Haitises med rejseleder fra Ca\u00f1o Hondo 4 timer"},"content":{"rendered":"<div class=\"vc_row wpb_row vc_row-fluid\" ><div class=\"wpb_column vc_column_container vc_col-sm-12\"><div class=\"vc_column-inner\"><div class=\"wpb_wrapper\"><div class=\"vc_empty_space\"   style=\"height: 32px\"><span class=\"vc_empty_space_inner\"><\/span><\/div><\/div><\/div><\/div><\/div><div class=\"vc_row wpb_row vc_row-fluid\" ><div class=\"wpb_column vc_column_container vc_col-sm-12\"><div class=\"vc_column-inner\"><div class=\"wpb_wrapper\">[mkdf_section_title title_tag=\u00bb\u00bb disable_break_words=\u00bbno\u00bb subtitle_tag=\u00bb\u00bb title=\u00bbKayaking in Los Haitises with Tour guide from Ca\u00f1o Hondo 4 Hours\u00bb subtitle=\u00bbMangroves, Caves and more.\u00bb]<\/div><\/div><\/div><\/div><div class=\"vc_row wpb_row vc_row-fluid\" ><div class=\"wpb_column vc_column_container vc_col-sm-12\"><div class=\"vc_column-inner\"><div class=\"wpb_wrapper\"><div class=\"vc_empty_space\"   style=\"height: 32px\"><span class=\"vc_empty_space_inner\"><\/span><\/div><\/div><\/div><\/div><\/div><div class=\"vc_row wpb_row vc_row-fluid\" ><div class=\"wpb_column vc_column_container vc_col-sm-12\"><div class=\"vc_column-inner\"><div class=\"wpb_wrapper\">\n\t<div class=\"wpb_text_column wpb_content_element\" >\n\t\t<div class=\"wpb_wrapper\">\n\t\t\t<h4><b><i>Oversigt <\/i><\/b><\/h4>\n<p>Kayaking Mangroves in Los Haitises National Park with a local tour guide 4 Hours. Visiting Mangroves, Caves, Pictographs in Ca\u00f1o Hondo River plus an Overview of the San Lorenzo Bay in Los Haitises National park, Sabana de la Mar Ca\u00f1o Hondo area. In Case of Short trip: <a href=\"https:\/\/www.ticketswhales.com\/Tours-Excursions\/caves\/kayaking-in-los-haitises-with-tour-guide-from-cano-hondo-2\/\" target=\"_blank\" rel=\"noopener\"><em><strong>Kayaking Los Haitises 2 Hours<\/strong><\/em><\/a><\/p>\n<ul>\n<li style=\"font-weight: 400;\"><span style=\"font-weight: 400;\">Guiden giver instruktion og supervision<\/span><\/li>\n<li>Kayaks and Paddles available Doble for two people and Simple for just one person.<\/li>\n<\/ul>\n<p>&nbsp;<\/p>\n<h4><b>Inklusioner &amp; Eksklusioner<\/b><\/h4>\n<p>&nbsp;<\/p>\n<p><b>Inklusioner<\/b><\/p>\n<p>&nbsp;<\/p>\n<ol>\n<li style=\"font-weight: 400;\">Kayaking trip<\/li>\n<li>Caves tours<\/li>\n<li style=\"font-weight: 400;\"><span style=\"font-weight: 400;\">Alle skatter, gebyrer og ekspeditionsgebyrer<\/span><\/li>\n<li style=\"font-weight: 400;\"><span style=\"font-weight: 400;\">Lokale skatter<\/span><\/li>\n<li style=\"font-weight: 400;\"><span style=\"font-weight: 400;\">Lokal guide<\/span><\/li>\n<\/ol>\n<p><b> Udelukkelser<\/b><\/p>\n<ol>\n<li style=\"font-weight: 400;\"><span style=\"font-weight: 400;\">Drikkepenge<\/span><\/li>\n<li style=\"font-weight: 400;\"><span style=\"font-weight: 400;\">Overf\u00f8rsel<\/span><\/li>\n<li>Lunch is not included<\/li>\n<li style=\"font-weight: 400;\"><span style=\"font-weight: 400;\">Alkoholiske drikkevarer<\/span><\/li>\n<\/ol>\n<p>&nbsp;<\/p>\n<h4><em><strong>Afgang og hjemrejse<\/strong><\/em><\/h4>\n<p><span style=\"font-weight: 400;\">Den rejsende f\u00e5r et m\u00f8dested efter reservationsprocessen. Ture starter og slutter i vores m\u00f8desteder.<\/span><\/p>\n<p>&nbsp;<\/p>\n<h4><b><i>Hvad kan man forvente?<\/i><\/b><\/h4>\n<p>&nbsp;<\/p>\n<p><em><strong>F\u00e5 dine billetter<\/strong><\/em> for visiting 4 hours by Kayaking the Cano Hondo River Forest ( Mangroves), Rockly Islands, Birding and Caves with the local tour guide.<\/p>\n<p>When we get all types of equipment required for your safety\u00a0 (Lifejackets, etc)\u00a0 \u00a0the action start Kayaking from Ca\u00f1o Hondo port River.<\/p>\n<p><span style=\"font-weight: 400;\">The tour, organized by \u00abBooking Adventures\u00bb starts at the meeting point set with the Tour Guide. <\/span>Taking kayaks and going through mangrove swamps, past ancient pirate caves, and into protected forests in this picturesque reserve starting from Ca\u00f1o Hondo Hotels area or from Sabana de la Mar,<\/p>\n<div class=\"body-description secondary\">\n<p>Tag med Booking Adventures og se p\u00e5 fuglefyldte mangrover, b\u00f8lgende bakker med frodig vegetation og grotter af <em><strong>Los Haitises Nationalpark<\/strong><\/em>. Taking a Kayaks Excursion from Ca\u00f1o Hondo river, Sabana de la Mar. Through the mangroves and Land at the open San Lorenzo Bay, from where you can photograph the rugged forest landscape. Look to the water to spot <em><strong>Manater<\/strong><\/em>, krebsdyr og <em><strong>Delfiner.<\/strong><\/em><\/p>\n<p>Nationalparkens navn kommer fra dens oprindelige indbyggere, Taino-indianerne. P\u00e5 deres sprog betyder \"Haitises\" h\u00f8jland eller bakker, en reference til kystlinjens stejle geologiske formationer med kalksten. G\u00e5 dybere ind i parken for at udforske grotter som f.eks. <em><strong>Sand Cave<\/strong><\/em> og <strong><em>Line Cave.<\/em><\/strong> Hulerne i reservatet blev brugt som skjul af taino-indianerne og senere af pirater. Kig efter indianernes tegninger, som dekorerer nogle af v\u00e6ggene.<\/p>\n<p>In case you will like this trip short we have a second option: <a href=\"https:\/\/www.ticketswhales.com\/Tours-Excursions\/caves\/kayaking-in-los-haitises-with-tour-guide-from-cano-hondo-2\/\" target=\"_blank\" rel=\"noopener\">Kayaking in Los Haitises 2 Hours\u00a0<\/a><\/p>\n<p>The Tour finish at the starting point in Los Haitises National Park. We Recommend this trip at 6: 00 am in Case you will like to see <em><strong>Manater<\/strong><\/em>, krebsdyr og <em><strong>Delfiner.<\/strong><\/em><\/p>\n<\/div>\n<p><em><strong>6:00 AM<\/strong><\/em> is early so there are not still boats at the National Park Los Haitises.<\/p>\n<h4><em><strong>Hvad skal du medbringe?<\/strong><\/em><\/h4>\n<ul>\n<li style=\"font-weight: 400;\"><span style=\"font-weight: 400;\">kamera<\/span><\/li>\n<li style=\"font-weight: 400;\"><span style=\"font-weight: 400;\">Afvisende knopper<\/span><\/li>\n<li style=\"font-weight: 400;\"><span style=\"font-weight: 400;\">solcreme<\/span><\/li>\n<li style=\"font-weight: 400;\"><span style=\"font-weight: 400;\">Hat<\/span><\/li>\n<li style=\"font-weight: 400;\"><span style=\"font-weight: 400;\">Komfortable bukser<\/span><\/li>\n<li style=\"font-weight: 400;\"><span style=\"font-weight: 400;\">Sandals\u00a0<\/span><\/li>\n<li style=\"font-weight: 400;\"><span style=\"font-weight: 400;\">Badet\u00f8j<\/span><\/li>\n<\/ul>\n<p>&nbsp;<\/p>\n<h4><b><i>Hotel afhentning <\/i><\/b><\/h4>\n<p><span style=\"font-weight: 400;\">Hotel afhentning tilbydes ikke til denne tur. <\/span><\/p>\n<p>&nbsp;<\/p>\n<p><b>Bem\u00e6rk:<\/b><span style=\"font-weight: 400;\"> Hvis du booker inden for 24 timer f\u00f8r afgangstidspunktet for turen\/udflugten, kan vi arrangere afhentning p\u00e5 hotellet mod ekstra betaling. N\u00e5r dit k\u00f8b er gennemf\u00f8rt, sender vi dig komplette kontaktoplysninger (telefonnummer, e-mailadresse osv.) til vores lokale guide, s\u00e5 han kan arrangere afhentning.<\/span><\/p>\n<h4><b><i>Yderligere info bekr\u00e6ftelse <\/i><\/b><\/h4>\n<ol>\n<li>Billetter er kvitteringen efter betaling af denne tur. Du kan vise betalingen p\u00e5 din telefon.<\/li>\n<li style=\"font-weight: 400;\"><span style=\"font-weight: 400;\">M\u00f8depunkt modtages efter reservationsprocessen.<\/span><\/li>\n<li style=\"font-weight: 400;\"><span style=\"font-weight: 400;\">B\u00f8rn skal ledsages af en voksen.<\/span><\/li>\n<li style=\"font-weight: 400;\"><span style=\"font-weight: 400;\"> Ikke tilg\u00e6ngelig for k\u00f8restolsbrugere <\/span><\/li>\n<li style=\"font-weight: 400;\"><span style=\"font-weight: 400;\">Sp\u00e6db\u00f8rn skal sidde p\u00e5 sk\u00f8det <\/span><\/li>\n<li style=\"font-weight: 400;\"><span style=\"font-weight: 400;\">Anbefales ikke til rejsende med rygproblemer<\/span><\/li>\n<li style=\"font-weight: 400;\"><span style=\"font-weight: 400;\">Anbefales ikke til gravide rejsende <\/span><\/li>\n<li style=\"font-weight: 400;\"><span style=\"font-weight: 400;\"> Ingen hjerteproblemer eller andre alvorlige medicinske tilstande <\/span><\/li>\n<li style=\"font-weight: 400;\"><span style=\"font-weight: 400;\">De fleste rejsende kan deltage<\/span><\/li>\n<\/ol>\n<h4><b><i>Afbestillingspolitik<\/i><\/b><\/h4>\n<p><span style=\"font-weight: 400;\">For en fuld refusion skal du annullere mindst 24 timer f\u00f8r startdatoen for oplevelsen.<\/span><\/p>\n\n\t\t<\/div>\n\t<\/div>\n<\/div><\/div><\/div><\/div><div class=\"vc_row wpb_row vc_row-fluid\" ><div class=\"wpb_column vc_column_container vc_col-sm-12\"><div class=\"vc_column-inner\"><div class=\"wpb_wrapper\"><div class=\"vc_empty_space\"   style=\"height: 32px\"><span class=\"vc_empty_space_inner\"><\/span><\/div>\n\t<div class=\"wpb_text_column wpb_content_element\" >\n\t\t<div class=\"wpb_wrapper\">\n\t\t\t<h4>Kontakt os?<\/h4>\n<h5>Booking Adventures<\/h5>\n<p><em><strong>Lokalbefolkningen<\/strong>\u00a0og\u00a0<strong>Nationale<\/strong>\u00a0Turguider og g\u00e6steservice<\/em><\/p>\n<p><span class=\"text-turquoise\">Reservationer:<\/span>\u00a0Ture og udflugter i Dom. Rep.<\/p>\n<p><img decoding=\"async\" class=\"emoji\" draggable=\"false\" src=\"https:\/\/s.w.org\/images\/core\/emoji\/11.2.0\/svg\/1f4de.svg\" alt=\"\ud83d\udcde\" title=\"\">\u00a0Tlf\/Whatsapp\u00a0\u00a0<a href=\"tel:+1-809-720-6035\">+1-809-720-6035<\/a>.<\/p>\n<p><img decoding=\"async\" class=\"emoji\" draggable=\"false\" src=\"https:\/\/s.w.org\/images\/core\/emoji\/11.2.0\/svg\/1f4e9.svg\" alt=\"\ud83d\udce9\" title=\"\">\u00a0<a href=\"mailto:info@bookingadventures.com.do\">info@bookingadventures.com.do<\/a><\/p>\n<p><strong>Vi er fleksibel indstilling af private ture af Whatsapp:\u00a0<a href=\"tel:+18097206035\">+18097206035.<\/a><\/strong><\/p>\n\n\t\t<\/div>\n\t<\/div>\n<div class=\"vc_empty_space\"   style=\"height: 32px\"><span class=\"vc_empty_space_inner\"><\/span><\/div><\/div><\/div><\/div><\/div>","protected":false},"excerpt":{"rendered":"<p>Excursion to Los Haitises National Park starting from Sabana de la Mar in Cano Hondo area, Visiting mangroves, Caves, Pictographs and Rocky Formations.<\/p>\n<p>This tour can be Set with Hiking Trails <a href=\"https:\/\/www.ticketswhales.com\/Tours-Excursions\/hiking\/hike-kayak-los-haitises-national-park\/\">clip here.<\/a> Learn the real history of the history of Los Haitises National Park with Locals.<\/p>\n<p>&nbsp;<\/p>\n<p><strong>V\u00e6lg venligst datoen for turen:<\/strong><\/p>","protected":false},"featured_media":229,"template":"","meta":[],"product_brand":[],"product_cat":[144,123,124],"product_tag":[126,127,145,150,197,198,199,132,133,200,201,114,147,148],"class_list":{"0":"post-47","1":"product","2":"type-product","3":"status-publish","4":"has-post-thumbnail","6":"product_cat-kayaking","7":"product_cat-tours-excursions-los-haitises-national-park","8":"product_cat-tours-excursions-samana-bay-dominican-republic","9":"product_tag-cano-hondo","10":"product_tag-cano-hondo-hotel","11":"product_tag-day-tour-cano-hondo","12":"product_tag-kayak-dominican-republic","13":"product_tag-kayaking-dominican-republic","14":"product_tag-kayaking-los-haitises","15":"product_tag-kayaks","16":"product_tag-los-haitises","17":"product_tag-los-haitises-national-park","18":"product_tag-los-haitises-tours","19":"product_tag-private-tours-samana","20":"product_tag-sabana-de-la-mar","21":"product_tag-samana-bay","22":"product_tag-samana-excursions","24":"first","25":"instock","26":"sale","27":"sold-individually","28":"shipping-taxable","29":"product-type-external"},"_links":{"self":[{"href":"https:\/\/haitises.com\/da\/wp-json\/wp\/v2\/product\/47","targetHints":{"allow":["GET"]}}],"collection":[{"href":"https:\/\/haitises.com\/da\/wp-json\/wp\/v2\/product"}],"about":[{"href":"https:\/\/haitises.com\/da\/wp-json\/wp\/v2\/types\/product"}],"wp:featuredmedia":[{"embeddable":true,"href":"https:\/\/haitises.com\/da\/wp-json\/wp\/v2\/media\/229"}],"wp:attachment":[{"href":"https:\/\/haitises.com\/da\/wp-json\/wp\/v2\/media?parent=47"}],"wp:term":[{"taxonomy":"product_brand","embeddable":true,"href":"https:\/\/haitises.com\/da\/wp-json\/wp\/v2\/product_brand?post=47"},{"taxonomy":"product_cat","embeddable":true,"href":"https:\/\/haitises.com\/da\/wp-json\/wp\/v2\/product_cat?post=47"},{"taxonomy":"product_tag","embeddable":true,"href":"https:\/\/haitises.com\/da\/wp-json\/wp\/v2\/product_tag?post=47"}],"curies":[{"name":"wp","href":"https:\/\/api.w.org\/{rel}","templated":true}]}}