{"id":37,"date":"2020-06-14T11:56:46","date_gmt":"2020-06-14T11:56:46","guid":{"rendered":"http:\/\/haitises.com\/product\/import-placeholder-for-8262\/"},"modified":"2024-04-24T17:24:57","modified_gmt":"2024-04-24T17:24:57","slug":"el-limon-waterfalls-tour-hiking-and-swimming","status":"publish","type":"product","link":"https:\/\/haitises.com\/da\/privat\/el-limon-waterfalls-tour-hiking-and-swimming\/","title":{"rendered":"El Lim\u00f3n vandfaldstur (vandreture og sv\u00f8mning)"},"content":{"rendered":"<div class=\"vc_row wpb_row vc_row-fluid\" ><div class=\"wpb_column vc_column_container vc_col-sm-12\"><div class=\"vc_column-inner\"><div class=\"wpb_wrapper\">[mkdf_section_title title_tag=\u00bb\u00bb disable_break_words=\u00bbno\u00bb subtitle_tag=\u00bb\u00bb title=\u00bbEl Limon waterfalls Tour (hiking and swimming)\u00bb subtitle=\u00bbJust Hiking to the Waterfalls\u00bb]<\/div><\/div><\/div><\/div><div class=\"vc_row wpb_row vc_row-fluid\" ><div class=\"wpb_column vc_column_container vc_col-sm-12\"><div class=\"vc_column-inner\"><div class=\"wpb_wrapper\"><div class=\"vc_empty_space\"   style=\"height: 32px\"><span class=\"vc_empty_space_inner\"><\/span><\/div><\/div><\/div><\/div><\/div><div class=\"vc_row wpb_row vc_row-fluid\" ><div class=\"wpb_column vc_column_container vc_col-sm-12\"><div class=\"vc_column-inner\"><div class=\"wpb_wrapper\">\n\t<div class=\"wpb_text_column wpb_content_element\" >\n\t\t<div class=\"wpb_wrapper\">\n\t\t\t<h4><b><i>Oversigt <\/i><\/b><\/h4>\n<p><strong>The Waterfalls El Limon<\/strong> Hiking with local Tour Guides. Visiting cacao and Coffe forest under Coconuts Palms Canopy. When you arrive at the Waterfalls you are allowed to swim and Set the time with your Local Guide.<\/p>\n<p>Learn with locals about Nature and history from Samana and get a Safe trip. Get your Tickets in Offer Today.<\/p>\n<p>&nbsp;<\/p>\n<ul>\n<li>Vandring<\/li>\n<li style=\"font-weight: 400;\"><span style=\"font-weight: 400;\">Vejledningen giver instruktioner og supervision<\/span><\/li>\n<li>Gebyrer til nationalparken<\/li>\n<\/ul>\n<p>&nbsp;<\/p>\n<h4><b>Inklusioner &amp; Eksklusioner<\/b><\/h4>\n<p>&nbsp;<\/p>\n<p><b>Inklusioner<\/b><\/p>\n<ol>\n<li style=\"font-weight: 400;\"><span style=\"font-weight: 400;\">Hiking\u00a0 \u00a0Tour<\/span><\/li>\n<li style=\"font-weight: 400;\"><span style=\"font-weight: 400;\">Alle skatter, gebyrer og ekspeditionsgebyrer<\/span><\/li>\n<li style=\"font-weight: 400;\"><span style=\"font-weight: 400;\">Lokale skatter<\/span><\/li>\n<li style=\"font-weight: 400;\"><span style=\"font-weight: 400;\">Lokal guide<\/span><\/li>\n<\/ol>\n<p><b> Udelukkelser<\/b><\/p>\n<ol>\n<li>Food Not Included<\/li>\n<li style=\"font-weight: 400;\"><span style=\"font-weight: 400;\">Drikkepenge<\/span><\/li>\n<li style=\"font-weight: 400;\"><span style=\"font-weight: 400;\">Overf\u00f8rsel<\/span><\/li>\n<li style=\"font-weight: 400;\"><span style=\"font-weight: 400;\">Alkoholiske drikkevarer<\/span><\/li>\n<li>Food on the Beach not included<\/li>\n<\/ol>\n<p>&nbsp;<\/p>\n<h4><em><strong>Afgang og hjemrejse<\/strong><\/em><\/h4>\n<p><span style=\"font-weight: 400;\">Den rejsende f\u00e5r et m\u00f8dested efter reservationsprocessen. Ture starter og slutter i vores m\u00f8desteder.<\/span><\/p>\n<p>&nbsp;<\/p>\n<h4><b><i>Hvad kan man forvente?<\/i><\/b><\/h4>\n<p>&nbsp;<\/p>\n<p><em><strong>F\u00e5 dine billetter<\/strong><\/em> for visiting The Waterfalls El Limon in Samana hiking with a Local Tour Guide.<\/p>\n<p><span style=\"font-weight: 400;\">The tour, organized by \u00abBooking Adventures\u00bb starts at the meeting point set with the Tour Guide.<\/span><\/p>\n<p>El Limon waterfalls with a local tour guide. Book a\u00a0hiking trip by the Forest going around the edge of the Limon River, visiting cacao and Coffe plantations under the Coconuts shadows palms trees.<\/p>\n<p>First, stop in the Small waterfall where usually there are not many people and you can swim around. After we continue to the big waterfall where we will stay for an hour or more if you want to.<\/p>\n<p>After the Hiking, you can set if you will like lunch with an extra charge.<\/p>\n<p>&nbsp;<\/p>\n<h4><em><strong>Hvad skal du medbringe?<\/strong><\/em><\/h4>\n<ul>\n<li style=\"font-weight: 400;\"><span style=\"font-weight: 400;\">kamera<\/span><\/li>\n<li style=\"font-weight: 400;\"><span style=\"font-weight: 400;\">Afvisende knopper<\/span><\/li>\n<li style=\"font-weight: 400;\"><span style=\"font-weight: 400;\">solcreme<\/span><\/li>\n<li style=\"font-weight: 400;\"><span style=\"font-weight: 400;\">Hat<\/span><\/li>\n<li style=\"font-weight: 400;\"><span style=\"font-weight: 400;\">Komfortable bukser<\/span><\/li>\n<li style=\"font-weight: 400;\"><span style=\"font-weight: 400;\">Vandresko til skov<\/span><\/li>\n<li style=\"font-weight: 400;\"><span style=\"font-weight: 400;\">Badet\u00f8j<\/span><\/li>\n<\/ul>\n<p>&nbsp;<\/p>\n<h4><b><i>Hotel afhentning <\/i><\/b><\/h4>\n<p><span style=\"font-weight: 400;\">Hotel afhentning tilbydes ikke til denne tur. <\/span><\/p>\n<p>&nbsp;<\/p>\n<p><b>Bem\u00e6rk:<\/b><span style=\"font-weight: 400;\"> Hvis du booker inden for 24 timer f\u00f8r afgangstidspunktet for turen\/udflugten, kan vi arrangere afhentning p\u00e5 hotellet mod ekstra betaling. N\u00e5r dit k\u00f8b er gennemf\u00f8rt, sender vi dig komplette kontaktoplysninger (telefonnummer, e-mailadresse osv.) til vores lokale guide, s\u00e5 han kan arrangere afhentning.<\/span><\/p>\n<h4><b><i>Yderligere info bekr\u00e6ftelse <\/i><\/b><\/h4>\n<ol>\n<li>Billetter er kvitteringen efter betaling af denne tur. Du kan vise betalingen p\u00e5 din telefon.<\/li>\n<li style=\"font-weight: 400;\"><span style=\"font-weight: 400;\">M\u00f8depunkt modtages efter reservationsprocessen.<\/span><\/li>\n<li style=\"font-weight: 400;\"><span style=\"font-weight: 400;\">B\u00f8rn skal ledsages af en voksen.<\/span><\/li>\n<li style=\"font-weight: 400;\"><span style=\"font-weight: 400;\"> Ikke tilg\u00e6ngelig for k\u00f8restolsbrugere <\/span><\/li>\n<li style=\"font-weight: 400;\"><span style=\"font-weight: 400;\">Sp\u00e6db\u00f8rn skal sidde p\u00e5 sk\u00f8det <\/span><\/li>\n<li style=\"font-weight: 400;\"><span style=\"font-weight: 400;\">Anbefales ikke til rejsende med rygproblemer<\/span><\/li>\n<li style=\"font-weight: 400;\"><span style=\"font-weight: 400;\">Anbefales ikke til gravide rejsende <\/span><\/li>\n<li style=\"font-weight: 400;\"><span style=\"font-weight: 400;\"> Ingen hjerteproblemer eller andre alvorlige medicinske tilstande <\/span><\/li>\n<li style=\"font-weight: 400;\"><span style=\"font-weight: 400;\">De fleste rejsende kan deltage<\/span><\/li>\n<\/ol>\n<h4><b><i>Afbestillingspolitik<\/i><\/b><\/h4>\n<p><span style=\"font-weight: 400;\">For en fuld refusion skal du annullere mindst 24 timer f\u00f8r startdatoen for oplevelsen.<\/span><\/p>\n\n\t\t<\/div>\n\t<\/div>\n<\/div><\/div><\/div><\/div><div class=\"vc_row wpb_row vc_row-fluid\" ><div class=\"wpb_column vc_column_container vc_col-sm-12\"><div class=\"vc_column-inner\"><div class=\"wpb_wrapper\"><div class=\"vc_empty_space\"   style=\"height: 32px\"><span class=\"vc_empty_space_inner\"><\/span><\/div>\n\t<div class=\"wpb_text_column wpb_content_element\" >\n\t\t<div class=\"wpb_wrapper\">\n\t\t\t<h4>Kontakt os?<\/h4>\n<h5><em><strong>Booking Adventures<\/strong><\/em><\/h5>\n<p><em><strong>Lokalbefolkningen<\/strong> og <strong>Nationale<\/strong> Turguider og g\u00e6steservice<\/em><\/p>\n<p><span class=\"text-turquoise\">Reservationer:<\/span> Ture og udflugter i Dom. Rep.<\/p>\n<p><img decoding=\"async\" class=\"emoji\" draggable=\"false\" src=\"https:\/\/s.w.org\/images\/core\/emoji\/11.2.0\/svg\/1f4de.svg\" alt=\"\ud83d\udcde\" title=\"\"> Tlf\/Whatsapp\u00a0 <a href=\"tel:+1-809-720-6035\">+1-809-720-6035<\/a>.<\/p>\n<p><img decoding=\"async\" class=\"emoji\" draggable=\"false\" src=\"https:\/\/s.w.org\/images\/core\/emoji\/11.2.0\/svg\/1f4e9.svg\" alt=\"\ud83d\udce9\" title=\"\"> <a href=\"mailto:info@bookingadventures.com.do\">info@bookingadventures.com.do<\/a><\/p>\n<p><strong>Vi er fleksibel indstilling af private ture af Whatsapp: <a href=\"tel:+18097206035\">+18097206035.<\/a><\/strong><\/p>\n\n\t\t<\/div>\n\t<\/div>\n<div class=\"vc_empty_space\"   style=\"height: 32px\"><span class=\"vc_empty_space_inner\"><\/span><\/div><\/div><\/div><\/div><\/div>","protected":false},"excerpt":{"rendered":"<p><strong>The Waterfalls El Limon<\/strong> Hiking with local Tour Guides. Visiting cacao and Coffe forest under Coconuts Palms Canopy. When you arrive at the Waterfalls you are allowed to swim and Set the time with your Local Guide.<\/p>\n<p>Learn with locals about Nature and history from Samana and get a Safe trip. Get your Tickets in Offer Today.<\/p>\n<p>&nbsp;<\/p>\n<p><strong>V\u00e6lg venligst dato for turen\u00a0<\/strong><\/p>","protected":false},"featured_media":130,"template":"","meta":[],"product_brand":[],"product_cat":[120,96,136,99,122,123,124,154],"product_tag":[137,138,140,155,142,143],"class_list":{"0":"post-37","1":"product","2":"type-product","3":"status-publish","4":"has-post-thumbnail","6":"product_cat-fees-entrace","7":"product_cat-hiking","8":"product_cat-safari-samana","9":"product_cat-swimming-natural-springs","10":"product_cat-tours-and-excursions","11":"product_cat-tours-excursions-los-haitises-national-park","12":"product_cat-tours-excursions-samana-bay-dominican-republic","13":"product_cat-trails-or-paths","14":"product_tag-bacardi-island","15":"product_tag-beach-time","16":"product_tag-el-limon-waterfalls","17":"product_tag-hiking-el-limon","18":"product_tag-samana","19":"product_tag-samana-tours","21":"first","22":"instock","23":"sale","24":"sold-individually","25":"shipping-taxable","26":"product-type-external"},"_links":{"self":[{"href":"https:\/\/haitises.com\/da\/wp-json\/wp\/v2\/product\/37","targetHints":{"allow":["GET"]}}],"collection":[{"href":"https:\/\/haitises.com\/da\/wp-json\/wp\/v2\/product"}],"about":[{"href":"https:\/\/haitises.com\/da\/wp-json\/wp\/v2\/types\/product"}],"wp:featuredmedia":[{"embeddable":true,"href":"https:\/\/haitises.com\/da\/wp-json\/wp\/v2\/media\/130"}],"wp:attachment":[{"href":"https:\/\/haitises.com\/da\/wp-json\/wp\/v2\/media?parent=37"}],"wp:term":[{"taxonomy":"product_brand","embeddable":true,"href":"https:\/\/haitises.com\/da\/wp-json\/wp\/v2\/product_brand?post=37"},{"taxonomy":"product_cat","embeddable":true,"href":"https:\/\/haitises.com\/da\/wp-json\/wp\/v2\/product_cat?post=37"},{"taxonomy":"product_tag","embeddable":true,"href":"https:\/\/haitises.com\/da\/wp-json\/wp\/v2\/product_tag?post=37"}],"curies":[{"name":"wp","href":"https:\/\/api.w.org\/{rel}","templated":true}]}}