{"id":11672,"date":"2023-10-04T07:40:09","date_gmt":"2023-10-04T07:40:09","guid":{"rendered":"http:\/\/haitises.com\/?post_type=product&#038;p=11672"},"modified":"2024-03-30T12:31:04","modified_gmt":"2024-03-30T12:31:04","slug":"vandre-kajak-los-haitises-nationalpark","status":"publish","type":"product","link":"https:\/\/haitises.com\/da\/privat\/vandre-kajak-los-haitises-nationalpark\/","title":{"rendered":"Hike + Kayak Los Haitises"},"content":{"rendered":"<div class=\"vc_row wpb_row vc_row-fluid\" ><div class=\"wpb_column vc_column_container vc_col-sm-12\"><div class=\"vc_column-inner\"><div class=\"wpb_wrapper\">\n\t<div class=\"wpb_text_column wpb_content_element\" >\n\t\t<div class=\"wpb_wrapper\">\n\t\t\t<p><span style=\"vertical-align: inherit;\"><span style=\"vertical-align: inherit;\"><\/p>\n\n\t\t<\/div>\n\t<\/div>\n<div class=\"vc_btn3-container vc_btn3-inline\" ><a class=\"vc_general vc_btn3 vc_btn3-size-md vc_btn3-shape-rounded vc_btn3-style-modern vc_btn3-color-green\" href=\"https:\/\/bookingadventures.tours\/booking.php?tour_id=214ab2ed515734864898e23b426328be\" title=\"\" target=\"_blank\" rel=\"noopener\">BOOK NU<\/a><\/div><\/div><\/div><\/div><\/div><div class=\"vc_row wpb_row vc_row-fluid\" ><div class=\"wpb_column vc_column_container vc_col-sm-12\"><div class=\"vc_column-inner\"><div class=\"wpb_wrapper\">\n\t<div class=\"wpb_text_column wpb_content_element\" >\n\t\t<div class=\"wpb_wrapper\">\n\t\t\t<p>\u00a0<\/span><\/span><\/p>\n<h4><b><i><span style=\"vertical-align: inherit;\"><span style=\"vertical-align: inherit;\">Visi\u00f3n general <\/span><\/span><\/i><\/b><\/h4>\n<p>This Hiking Trail + Kayaking Tour start from Ca\u00f1o Hondo\/Sabana de La Mar port. We will hike around 3 hours along the Humid Forest in the Los Haitises National Park. You will learn about the medicinal plants of this area, see the broadleaf forest primary and secondary Los Haitises National Park mountains and at the same time reach the spring of the Jivales River from which the waters of the natural pools of Eco-lodge Ca\u00f1o Hondo. Then we take the equipment required for your safety (Lifejackets, etc), kayaks and going through mangrove swamps. You will see some bird-filled mangroves, rolling hills of lush vegetation. Through the mangroves and Land at the open San Lorenzo Bay, from where you can photograph the rugged forest landscape.<\/p>\n<p>After this experience, you will get Back to Cano Hondo or Sabana de la mar.<\/p>\n<ul>\n<li style=\"font-weight: 400;\">Gebyrer inkluderet<\/li>\n<li>Los Haitises National park Hiking Trip<\/li>\n<li style=\"font-weight: 400;\"><span style=\"font-weight: 400;\">Guiden giver instruktion og supervision<\/span><\/li>\n<\/ul>\n<p>&nbsp;<\/p>\n<h4><b>Inklusioner &amp; Eksklusioner<\/b><\/h4>\n<p>&nbsp;<\/p>\n<p><b>Inklusioner<\/b><\/p>\n<p>&nbsp;<\/p>\n<ol>\n<li style=\"font-weight: 400;\">Los Haitises Nationalpark<\/li>\n<li>Hike + Kayak<\/li>\n<li style=\"font-weight: 400;\"><span style=\"font-weight: 400;\">Alle skatter, gebyrer og ekspeditionsgebyrer<\/span><\/li>\n<li style=\"font-weight: 400;\"><span style=\"font-weight: 400;\">Lokale skatter<\/span><\/li>\n<li style=\"font-weight: 400;\"><span style=\"font-weight: 400;\">Drikkevarer<\/span><\/li>\n<li style=\"font-weight: 400;\"><span style=\"font-weight: 400;\">Alle aktiviteter<\/span><\/li>\n<li style=\"font-weight: 400;\"><span style=\"font-weight: 400;\">Lokal guide<\/span><\/li>\n<\/ol>\n<p><b> Udelukkelser<\/b><\/p>\n<ol>\n<li style=\"font-weight: 400;\"><span style=\"font-weight: 400;\">Drikkepenge<\/span><\/li>\n<li style=\"font-weight: 400;\"><span style=\"font-weight: 400;\">Overf\u00f8rsel<\/span><\/li>\n<li>Frokost<\/li>\n<li style=\"font-weight: 400;\"><span style=\"font-weight: 400;\">Alkoholiske drikkevarer<\/span><\/li>\n<\/ol>\n<p>&nbsp;<\/p>\n<h4><em><strong>Afgang og hjemrejse<\/strong><\/em><\/h4>\n<p><span style=\"font-weight: 400;\">Den rejsende f\u00e5r et m\u00f8dested efter reservationsprocessen. Ture starter og slutter i vores m\u00f8desteder.<\/span><\/p>\n<p>&nbsp;<\/p>\n<h2>Vandretur + Kajak Los Haitises National Park<\/h2>\n<h4><b><i>Hvad kan man forvente?<\/i><\/b><\/h4>\n<p>The national park\u2019s name comes from its original inhabitants, the Taino Indians. In their language \u201cHaitises\u201d translates to highlands or Hills, a reference to the coastline\u2019s steep geological formations with Limestones. Kayaking it is 2 hours.<\/p>\n<p>Learning about History and Nature with Locals tours guides that Grow up as Emviromental protectors and Volunteers inside of this project area.The tour, organized by \u00abBooking Adventures\u00bb starts at the meeting point set with the Tour Guide.<\/p>\n<p>After an initial walk through fields and farmlands, you will begin to walk by the Coconuct and Cacao Forest.\u00a0 Getting every minute inside of the primary and unique conserve forest area inside of Los Haitises National Park. Come with Booking Adventures and start checking some Endemics Birds, Mammals and Plants species, rolling hills of lush vegetation and caves of <em><strong>Los Haitises Nationalpark<\/strong><\/em>.<\/p>\n<div class=\"body-description secondary\">\n<p>Nationalparkens navn kommer fra dens oprindelige indbyggere, Taino-indianerne. P\u00e5 deres sprog betyder \"Haitises\" h\u00f8jland eller bakker, en reference til kystlinjens stejle geologiske formationer med kalksten. G\u00e5 dybere ind i parken for at udforske grotter som f.eks. <em><strong>Sand Cave<\/strong><\/em> og <strong><em>Cueva de la L\u00ednea. You can match the boat tour with the Hiking trip. Just Contact us.<\/em><\/strong><\/p>\n<p>Caves in the reserve were used as shelter by the Taino Indians and, later, by hiding pirates. Look for drawings by Indians that decorate some of the walls. In the Rain Forest, there are more than 700 hundreds species of plants, we try to teach visitors about all medical plants that we know in this hiking trail.<\/p>\n<p>Come to learn, Hike and enyoy the real nature of Los Haitises National Park.<\/p>\n<\/div>\n<p>&nbsp;<\/p>\n<h4><em><strong>Hvad skal du medbringe?<\/strong><\/em><\/h4>\n<ul>\n<li style=\"font-weight: 400;\"><span style=\"font-weight: 400;\">kamera<\/span><\/li>\n<li style=\"font-weight: 400;\"><span style=\"font-weight: 400;\">Afvisende knopper<\/span><\/li>\n<li style=\"font-weight: 400;\"><span style=\"font-weight: 400;\">solcreme<\/span><\/li>\n<li style=\"font-weight: 400;\"><span style=\"font-weight: 400;\">Hat<\/span><\/li>\n<li style=\"font-weight: 400;\"><span style=\"font-weight: 400;\">Komfortable bukser<\/span><\/li>\n<li style=\"font-weight: 400;\"><span style=\"font-weight: 400;\">Vandresko til skov<\/span><\/li>\n<li style=\"font-weight: 400;\"><span style=\"font-weight: 400;\">Sandaler til for\u00e5rets omr\u00e5der.<\/span><\/li>\n<li style=\"font-weight: 400;\"><span style=\"font-weight: 400;\">Badet\u00f8j<\/span><\/li>\n<\/ul>\n<p>&nbsp;<\/p>\n<h4><b><i>Hotel afhentning <\/i><\/b><\/h4>\n<p><span style=\"font-weight: 400;\">Hotel pick-up is not offered for this tour. Just if you are in Cano Hondo Hotel or Hotels in Sabana de la mar area.<\/span><\/p>\n<p><b>Bem\u00e6rk:<\/b><span style=\"font-weight: 400;\"> If you are booking within 24 hours of the tour\/Excursion departure time, we can arrangements hotel pick-up with extra Charges from any place of The Dominican Republic. Once your purchase is complete, we will send you complete contact information (phone number, email address, etc.) for our local Tour guide to organize pick-up arrangements.<\/span><\/p>\n<h4><b><i>Yderligere info bekr\u00e6ftelse <\/i><\/b><\/h4>\n<ol>\n<li>Billetter er kvitteringen efter betaling af denne tur. Du kan vise betalingen p\u00e5 din telefon.<\/li>\n<li style=\"font-weight: 400;\"><span style=\"font-weight: 400;\">M\u00f8depunkt modtages efter reservationsprocessen.<\/span><\/li>\n<li style=\"font-weight: 400;\"><span style=\"font-weight: 400;\">B\u00f8rn skal ledsages af en voksen.<\/span><\/li>\n<li style=\"font-weight: 400;\"><span style=\"font-weight: 400;\"> Ikke tilg\u00e6ngelig for k\u00f8restolsbrugere <\/span><\/li>\n<li style=\"font-weight: 400;\"><span style=\"font-weight: 400;\">Sp\u00e6db\u00f8rn skal sidde p\u00e5 sk\u00f8det <\/span><\/li>\n<li style=\"font-weight: 400;\"><span style=\"font-weight: 400;\">Anbefales ikke til rejsende med rygproblemer<\/span><\/li>\n<li style=\"font-weight: 400;\"><span style=\"font-weight: 400;\">Anbefales ikke til gravide rejsende <\/span><\/li>\n<li style=\"font-weight: 400;\"><span style=\"font-weight: 400;\"> Ingen hjerteproblemer eller andre alvorlige medicinske tilstande <\/span><\/li>\n<li style=\"font-weight: 400;\"><span style=\"font-weight: 400;\">De fleste rejsende kan deltage<\/span><\/li>\n<\/ol>\n<h4><b><i>Afbestillingspolitik<\/i><\/b><\/h4>\n<p>For fuld refusion, l\u00e6s venligst vores afbestillingspolitikker\u00a0<a href=\"https:\/\/www.ticketswhales.com\/online-booking\/\" target=\"_blank\" rel=\"noopener\" data-saferedirecturl=\"https:\/\/www.google.com\/url?q=https:\/\/www.ticketswhales.com\/online-booking\/&amp;source=gmail&amp;ust=1672532492004000&amp;usg=AOvVaw3ylqI1cdbIPTimEqEWneyd\">Klik her<\/a>. Penge vil g\u00e5 tabt, hvis reservationen annulleres samme dag p\u00e5 rejsen.<\/p>\n\n\t\t<\/div>\n\t<\/div>\n<div class=\"vc_btn3-container vc_btn3-inline\" ><a class=\"vc_general vc_btn3 vc_btn3-size-md vc_btn3-shape-rounded vc_btn3-style-modern vc_btn3-color-green\" href=\"https:\/\/bookingadventures.tours\/booking.php?tour_id=214ab2ed515734864898e23b426328be\" title=\"\" target=\"_blank\" rel=\"noopener\">BOOK NU<\/a><\/div>[mkdf_section_title title_tag=\u00bb\u00bb disable_break_words=\u00bbno\u00bb subtitle_tag=\u00bb\u00bb text_font_weight=\u00bb\u00bb title=\u00bbHike + Kayak Los Haitises National Park\u00bb subtitle=\u00bbHiking the Rain Forest and Kayaking\u00bb text=\u00bbThis Experience Need a Minimum of 2 Participants. If you are not 2 please feel free to contact us!\u00bb]<\/div><\/div><\/div><\/div><div class=\"vc_row wpb_row vc_row-fluid\" ><div class=\"wpb_column vc_column_container vc_col-sm-12\"><div class=\"vc_column-inner\"><div class=\"wpb_wrapper\"><\/div><\/div><\/div><\/div><div class=\"vc_row wpb_row vc_row-fluid\" ><\/div><div class=\"wpb_column vc_column_container vc_col-sm-12\"><div class=\"vc_column-inner\"><div class=\"wpb_wrapper\"><\/div><\/div><\/div><div class=\"vc_empty_space\"   style=\"height: 32px\"><span class=\"vc_empty_space_inner\"><\/span><\/div><div class=\"vc_empty_space\"   style=\"height: 32px\"><span class=\"vc_empty_space_inner\"><\/span><\/div><div class=\"vc_row wpb_row vc_row-fluid\" ><div class=\"wpb_column vc_column_container vc_col-sm-12\"><div class=\"vc_column-inner\"><div class=\"wpb_wrapper\"><div class=\"vc_btn3-container vc_btn3-inline\" ><a class=\"vc_general vc_btn3 vc_btn3-size-md vc_btn3-shape-rounded vc_btn3-style-modern vc_btn3-color-green\" href=\"https:\/\/bookingadventures.tours\/booking.php?tour_id=214ab2ed515734864898e23b426328be\" title=\"\" target=\"_blank\" rel=\"noopener\">BOOK NU<\/a><\/div><\/div><\/div><\/div><\/div>","protected":false},"excerpt":{"rendered":"<p><span style=\"vertical-align: inherit;\"><span style=\"vertical-align: inherit;\">Caminata de 3 horas y kayak en manglares en el Parque Nacional Los Haitises con un gu\u00eda tur\u00edstico local desde Sabana de la mar. <\/span><span style=\"vertical-align: inherit;\">Visitando las \u00e1reas de Selva Tropical, Cocos, Caf\u00e9 y Cacao. <\/span><span style=\"vertical-align: inherit;\">Aprendiendo sobre la historia original del Parque Nacional Los Haitises.<\/span><\/span><\/p>\n<p>&nbsp;<\/p>\n<p><strong><span style=\"vertical-align: inherit;\"><span style=\"vertical-align: inherit;\">Seleccione la fecha para el viaje de senderismo:<\/span><\/span><\/strong><\/p>","protected":false},"featured_media":11687,"template":"","meta":[],"product_brand":[],"product_cat":[565,356,96,578,573,123,124],"product_tag":[341,206,129,130,412,413,221,414,415,152,153,198,133,416,215,217,417,223,114,418,148,143,419],"class_list":{"0":"post-11672","1":"product","2":"type-product","3":"status-publish","4":"has-post-thumbnail","6":"product_cat-1-sabana-de-la-mar","7":"product_cat-day-trips","8":"product_cat-hiking","9":"product_cat-hiking-los-haitises","10":"product_cat-kayaking-los-haitises","11":"product_cat-tours-excursions-los-haitises-national-park","12":"product_cat-tours-excursions-samana-bay-dominican-republic","13":"product_tag-cano-hondo-sabana-de-la-mar","14":"product_tag-caves-los-haitises","15":"product_tag-eco-tours","16":"product_tag-excursion","17":"product_tag-hike-kayak","18":"product_tag-hike-kayak-los-haitises-national-park","19":"product_tag-hiking-los-haitises","20":"product_tag-hiking-sabana-de-la-mar","21":"product_tag-hiking-samana","22":"product_tag-kayak-tour","23":"product_tag-kayaking","24":"product_tag-kayaking-los-haitises","25":"product_tag-los-haitises-national-park","26":"product_tag-los-haitises-national-park-entrance-fee","27":"product_tag-los-haitises-national-park-tour-from-las-terrenas","28":"product_tag-los-haitises-national-park-tour-from-santo-domingo","29":"product_tag-los-haitises-national-park-weather","30":"product_tag-los-haitises-sabana-de-la-mar","31":"product_tag-sabana-de-la-mar","32":"product_tag-sabana-de-la-mar-tour","33":"product_tag-samana-excursions","34":"product_tag-samana-tours","35":"product_tag-secrets-of-los-haitises","37":"first","38":"instock","39":"sale","40":"sold-individually","41":"shipping-taxable","42":"product-type-external"},"_links":{"self":[{"href":"https:\/\/haitises.com\/da\/wp-json\/wp\/v2\/product\/11672","targetHints":{"allow":["GET"]}}],"collection":[{"href":"https:\/\/haitises.com\/da\/wp-json\/wp\/v2\/product"}],"about":[{"href":"https:\/\/haitises.com\/da\/wp-json\/wp\/v2\/types\/product"}],"wp:featuredmedia":[{"embeddable":true,"href":"https:\/\/haitises.com\/da\/wp-json\/wp\/v2\/media\/11687"}],"wp:attachment":[{"href":"https:\/\/haitises.com\/da\/wp-json\/wp\/v2\/media?parent=11672"}],"wp:term":[{"taxonomy":"product_brand","embeddable":true,"href":"https:\/\/haitises.com\/da\/wp-json\/wp\/v2\/product_brand?post=11672"},{"taxonomy":"product_cat","embeddable":true,"href":"https:\/\/haitises.com\/da\/wp-json\/wp\/v2\/product_cat?post=11672"},{"taxonomy":"product_tag","embeddable":true,"href":"https:\/\/haitises.com\/da\/wp-json\/wp\/v2\/product_tag?post=11672"}],"curies":[{"name":"wp","href":"https:\/\/api.w.org\/{rel}","templated":true}]}}