{"id":11658,"date":"2023-10-04T07:40:08","date_gmt":"2023-10-04T07:40:08","guid":{"rendered":"http:\/\/haitises.com\/?post_type=product&#038;p=11658"},"modified":"2024-03-31T23:58:02","modified_gmt":"2024-03-31T23:58:02","slug":"atv-samana-eventyr-atv-ture-udflugter-i-samana-dominikanske-republikken-atv-el-valle-strand-vandfald","status":"publish","type":"product","link":"https:\/\/haitises.com\/da\/privat\/atv-samana-eventyr-atv-ture-udflugter-i-samana-dominikanske-republikken-atv-el-valle-strand-vandfald\/","title":{"rendered":"ATV Saman\u00e1 Adventures \u2013 ATV-ture og -udflugter i Saman\u00e1 Den Dominikanske Republik. ATV + El Valle Strand og vandfald"},"content":{"rendered":"<div class=\"vc_row wpb_row vc_row-fluid\" ><div class=\"wpb_column vc_column_container vc_col-sm-12\"><div class=\"vc_column-inner\"><div class=\"wpb_wrapper\">[mkdf_section_title title_tag=\u00bb\u00bb disable_break_words=\u00bbno\u00bb subtitle_tag=\u00bb\u00bb title=\u00bbATV Samana Adventures &#8211; ATV Tours &amp; Excursions in Samana, Dominican Republic. ATV + El Valle Beach &amp; Waterfalls\u00bb subtitle=\u00bbLunch Included at The Beach\u00bb]<\/div><\/div><\/div><\/div><div class=\"vc_row wpb_row vc_row-fluid\" ><div class=\"wpb_column vc_column_container vc_col-sm-12\"><div class=\"vc_column-inner\"><div class=\"wpb_wrapper\"><div class=\"vc_btn3-container vc_btn3-inline\" ><button class=\"vc_general vc_btn3 vc_btn3-size-md vc_btn3-shape-rounded vc_btn3-style-modern vc_btn3-color-green\">BOOK NU<\/button><\/div>\n\t<div class=\"wpb_text_column wpb_content_element\" >\n\t\t<div class=\"wpb_wrapper\">\n\t\t\t<h3 class=\"ui_header h1 attractions-product-info-ProductTitle__title--1qM0o\"><\/h3>\n<h4><b><i>Oversigt <\/i><\/b><\/h4>\n<p>F\u00e5 dine billetter til en halvdagsudflugt i Samana p\u00e5 ATV Tours. <span style=\"font-family: Arial, Helvetica, sans-serif;\"><span style=\"color: #4b291d;\">\u00a0T<\/span>Udflugten starter p\u00e5 vores kontor t\u00e6t p\u00e5 Samana Main dock. efter at have k\u00f8rt 30 min vil vi bes\u00f8ge Tree House \u00f8kologi p\u00e5 vej til vandfaldene. Efter Vandring til vandfaldene ca. 10 min. <\/span><\/p>\n<p><span style=\"font-family: Arial, Helvetica, sans-serif;\">Vi spiser frokost ved El valle stranden. Efter 4,5 timers aktiviteter g\u00e5r vi tilbage til vores m\u00f8dested i Samana.\u00a0<\/span><\/p>\n<p>&nbsp;<\/p>\n<h4><b>Inklusioner &amp; Eksklusioner<\/b><\/h4>\n<p>&nbsp;<\/p>\n<p><b>Inklusioner<\/b><\/p>\n<ol>\n<li style=\"font-weight: 400;\">Atv 2 personer i \u00e9n.<\/li>\n<li>Frokost p\u00e5 stranden<\/li>\n<li style=\"font-weight: 400;\"><span style=\"font-weight: 400;\">Alle skatter, gebyrer og ekspeditionsgebyrer<\/span><\/li>\n<li style=\"font-weight: 400;\"><span style=\"font-weight: 400;\">Lokale skatter<\/span><\/li>\n<li style=\"font-weight: 400;\"><span style=\"font-weight: 400;\">Drikkevarer<\/span><\/li>\n<li>Snacks<\/li>\n<li>Vandfald bes\u00f8g<\/li>\n<li>El Valle Strand<\/li>\n<li>Tr\u00e6hus bes\u00f8g<\/li>\n<li style=\"font-weight: 400;\"><span style=\"font-weight: 400;\">Alle aktiviteter<\/span><\/li>\n<li style=\"font-weight: 400;\"><span style=\"font-weight: 400;\">Lokal guide<\/span><\/li>\n<\/ol>\n<p><b> Udelukkelser<\/b><\/p>\n<ol>\n<li style=\"font-weight: 400;\"><span style=\"font-weight: 400;\">Drikkepenge<\/span><\/li>\n<li>transport fra hoteller (Angiv ved at kontakte os).<\/li>\n<li style=\"font-weight: 400;\"><span style=\"font-weight: 400;\">Alkoholiske drikkevarer<\/span><\/li>\n<\/ol>\n<p>&nbsp;<\/p>\n<h4><em><strong>Afgang og hjemrejse<\/strong><\/em><\/h4>\n<p><span style=\"font-weight: 400;\">Den rejsende f\u00e5r et m\u00f8dested efter reservationsprocessen. Ture starter og slutter ved dine m\u00f8desteder.<\/span><\/p>\n<h4><\/h4>\n<h3 class=\"ui_header h1 attractions-product-info-ProductTitle__title--1qM0o\">ATV Samana Adventures \u2013 ATV-ture og -udflugter i Samana Dominikanske Republik. ATV + El Valle Strand og vandfald.<\/h3>\n<h4><b><i>Hvad kan man forvente?<\/i><\/b><\/h4>\n<div data-tab=\"TABS_WHAT_TO_EXPECT\">\n<div class=\"ui_card attractions-card-CollapsibleProductDetailsCard__cardContainer--3r2wk attractions-card-CollapsibleProductDetailsCard__cleanslateOverrideDT--2AJh0\">\n<div class=\"attractions-card-CollapsibleCard__header--IDA3r\">\n<div class=\"attractions-card-CollapsibleCard__headerSection--3gTKb\"><\/div>\n<\/div>\n<div class=\"attractions-card-CollapsibleCard__content--2Ws8q\">\n<div class=\"attractions-card-CollapsibleCard__contentWrap--374jk attractions-card-CollapsibleCard__titleUnderline--1uHze\">\n<div class=\"attractions-card-CollapsibleProductDetailsCard__cardContent--23ext\">\n<div class=\"common-text-ReadMore__readMore--3Iu8c common-text-ReadMore__variantFadeOut--1tInd\">\n<div class=\"common-text-ReadMore__content--2X4LR\">\n<div class=\"ui_columns is-desktop\">\n<div class=\"ui_column\">S\u00e5dan starter du din ATV. S\u00e5 du vil g\u00f8re dig klar til at g\u00e5 p\u00e5 tv\u00e6rs af landet og se Saman\u00e1-halv\u00f8en fra t\u00e6t p\u00e5. Du k\u00f8rer dit ATV-k\u00f8ret\u00f8j gennem noget barskt terr\u00e6n, og vi bes\u00f8ger en dominikansk familie, hvor vi vil g\u00f8re et hurtigt stop for at tage nogle billeder af tr\u00e6hus\u00f8kologi, drikke en god dominikansk kaffe og nyde l\u00e6kker naturlig chokolade.<\/div>\n<div class=\"ui_column\">Efter vi forts\u00e6tter over en lille landsby, hvor du kan nyde varmen fra det indf\u00f8dte dominikanske folk p\u00e5 vejen for at bes\u00f8ge vandfaldene LULU, vandre til vandfaldene 10 minutter og l\u00e6re om skoven i Den Dominikanske Republik p\u00e5 et af de mest eksotiske steder i omr\u00e5de.<\/div>\n<div><\/div>\n<div class=\"ui_column\">At komme tilbage til vores ATV for at bes\u00f8ge en af de smukkeste strande omkring Samana. The Valley Beach! Hvor vi stopper omkring 1 time og 15 minutter for at nyde det magiske hvide sand og det krystalklare turkise vand p\u00e5 stranden i Playa El Valle. Der kan du hvile, drikke, sv\u00f8mme, udforske eller bare ligge i solen, hvis du \u00f8nsker det. Buffet vil v\u00e6re klar med typiske dominikanske m\u00e5ltider, og hvis du er veganer, s\u00e5 lad os det vide. Vi har mad til alle!<\/div>\n<\/div>\n<div>Efter 4,5 time k\u00f8rer vi tilbage til Samana by.<\/div>\n<div class=\"ui_columns is-desktop\">\n<div class=\"ui_column\"><\/div>\n<\/div>\n<\/div>\n<\/div>\n<\/div>\n<\/div>\n<\/div>\n<\/div>\n<\/div>\n<h4><em><strong>Hvad skal du medbringe?<\/strong><\/em><\/h4>\n<ul>\n<li style=\"font-weight: 400;\"><span style=\"font-weight: 400;\">kamera<\/span><\/li>\n<li style=\"font-weight: 400;\"><span style=\"font-weight: 400;\">Afvisende knopper<\/span><\/li>\n<li style=\"font-weight: 400;\"><span style=\"font-weight: 400;\">solcreme<\/span><\/li>\n<li style=\"font-weight: 400;\"><span style=\"font-weight: 400;\">Hat<\/span><\/li>\n<li style=\"font-weight: 400;\"><span style=\"font-weight: 400;\">Komfortable bukser<\/span><\/li>\n<li style=\"font-weight: 400;\"><span style=\"font-weight: 400;\">Vandresko til skov<\/span><\/li>\n<li style=\"font-weight: 400;\"><span style=\"font-weight: 400;\">Sandaler til for\u00e5rets omr\u00e5der.<\/span><\/li>\n<li style=\"font-weight: 400;\"><span style=\"font-weight: 400;\">Badet\u00f8j<\/span><\/li>\n<\/ul>\n<p>&nbsp;<\/p>\n<h4><b><i>Hotel afhentning <\/i><\/b><\/h4>\n<p><span style=\"font-weight: 400;\">Hotel afhentning tilbydes ikke til denne tur. Vi indstiller Pick up til at kontakte os via Whatsapp.<\/span><\/p>\n<p>&nbsp;<\/p>\n<p><b>Bem\u00e6rk:<\/b><span style=\"font-weight: 400;\"> Hvis du er reserveret inden for 24 timer efter turens\/udflugtens afgangstidspunkt, kan vi arrangere hotelafhentning med ekstra gebyrer. N\u00e5r dit k\u00f8b er gennemf\u00f8rt, sender vi dig fuldst\u00e6ndige kontaktoplysninger (telefonnummer, e-mail-adresse osv.), s\u00e5 vores lokale rejseguide kan organisere afhentningsarrangementer.<\/span><\/p>\n<h4><b><i>Yderligere info bekr\u00e6ftelse <\/i><\/b><\/h4>\n<ol>\n<li>Billetter er kvitteringen efter betaling af denne tur. Du kan vise betalingen p\u00e5 din telefon.<\/li>\n<li style=\"font-weight: 400;\"><span style=\"font-weight: 400;\">M\u00f8depunkt modtages efter reservationsprocessen.<\/span><\/li>\n<li style=\"font-weight: 400;\"><span style=\"font-weight: 400;\">B\u00f8rn skal ledsages af en voksen.<\/span><\/li>\n<li style=\"font-weight: 400;\"><span style=\"font-weight: 400;\"> Ikke tilg\u00e6ngelig for k\u00f8restolsbrugere <\/span><\/li>\n<li style=\"font-weight: 400;\"><span style=\"font-weight: 400;\">Sp\u00e6db\u00f8rn skal sidde p\u00e5 sk\u00f8det <\/span><\/li>\n<li style=\"font-weight: 400;\"><span style=\"font-weight: 400;\">Anbefales ikke til rejsende med rygproblemer<\/span><\/li>\n<li style=\"font-weight: 400;\"><span style=\"font-weight: 400;\">Anbefales ikke til gravide rejsende <\/span><\/li>\n<li style=\"font-weight: 400;\"><span style=\"font-weight: 400;\"> Ingen hjerteproblemer eller andre alvorlige medicinske tilstande <\/span><\/li>\n<li style=\"font-weight: 400;\"><span style=\"font-weight: 400;\">De fleste rejsende kan deltage<\/span><\/li>\n<\/ol>\n<h4><b><i>Afbestillingspolitik<\/i><\/b><\/h4>\n<p><span style=\"font-weight: 400;\">For fuld refusion, l\u00e6s venligst vores afbestillingspolitikker\u00a0<a href=\"https:\/\/www.ticketswhales.com\/online-booking\/\" target=\"_blank\" rel=\"noopener\" data-saferedirecturl=\"https:\/\/www.google.com\/url?q=https:\/\/www.ticketswhales.com\/online-booking\/&amp;source=gmail&amp;ust=1672449202351000&amp;usg=AOvVaw1yAeVAPktmaVCqDujgUn90\">Klik her<\/a>. Penge vil g\u00e5 tabt, hvis reservationen annulleres samme dag p\u00e5 rejsen.<\/span><\/p>\n\n\t\t<\/div>\n\t<\/div>\n<\/div><\/div><\/div><\/div><div class=\"vc_row wpb_row vc_row-fluid\" ><div class=\"wpb_column vc_column_container vc_col-sm-12\"><div class=\"vc_column-inner\"><div class=\"wpb_wrapper\">\n\t<div class=\"wpb_video_widget wpb_content_element vc_clearfix   vc_video-aspect-ratio-169 vc_video-el-width-100 vc_video-align-left\" >\n\t\t<div class=\"wpb_wrapper\">\n\t\t\t<h2 class=\"wpb_heading wpb_video_heading\">Samana med Booking Adventures:<\/h2>\n\t\t\t<div class=\"wpb_video_wrapper\"><iframe loading=\"lazy\" title=\"Dominikanske destination Samana Zipline, ATV-udflugter\" width=\"1100\" height=\"619\" src=\"https:\/\/www.youtube.com\/embed\/8Ybh1xtnr2M?feature=oembed\" frameborder=\"0\" allow=\"accelerometer; autoplay; clipboard-write; encrypted-media; gyroscope; picture-in-picture; web-share\" allowfullscreen><\/iframe><\/div>\n\t\t<\/div>\n\t<\/div>\n<\/div><\/div><\/div><\/div><div class=\"vc_row wpb_row vc_row-fluid\" ><div class=\"wpb_column vc_column_container vc_col-sm-12\"><div class=\"vc_column-inner\"><div class=\"wpb_wrapper\"><div class=\"vc_empty_space\"   style=\"height: 32px\"><span class=\"vc_empty_space_inner\"><\/span><\/div>\n\t<div class=\"wpb_text_column wpb_content_element\" >\n\t\t<div class=\"wpb_wrapper\">\n\t\t\t<h4>Kontakt os?<\/h4>\n<h5><em><strong>Booking Adventures<\/strong><\/em><\/h5>\n<p><em><strong>Lokalbefolkningen<\/strong>\u00a0og\u00a0<strong>Nationale<\/strong>\u00a0Turguider og g\u00e6steservice<\/em><\/p>\n<p><span class=\"text-turquoise\">Reservationer:<\/span>\u00a0Ture og udflugter i Dom. Rep.<\/p>\n<p><img decoding=\"async\" class=\"emoji\" draggable=\"false\" src=\"https:\/\/s.w.org\/images\/core\/emoji\/11.2.0\/svg\/1f4de.svg\" alt=\"\ud83d\udcde\" title=\"\">\u00a0Tlf\/Whatsapp\u00a0\u00a0<a href=\"tel:+1-809-720-6035\">+1-809-720-6035<\/a>.<\/p>\n<p><img decoding=\"async\" class=\"emoji\" draggable=\"false\" src=\"https:\/\/s.w.org\/images\/core\/emoji\/11.2.0\/svg\/1f4e9.svg\" alt=\"\ud83d\udce9\" title=\"\">\u00a0<a href=\"mailto:info@bookingadventures.com.do\">info@bookingadventures.com.do<\/a><\/p>\n<p><strong>Vi er fleksibel indstilling af private ture af Whatsapp:\u00a0<a href=\"tel:+18097206035\">+18097206035.<\/a><\/strong><\/p>\n\n\t\t<\/div>\n\t<\/div>\n<div class=\"vc_empty_space\"   style=\"height: 32px\"><span class=\"vc_empty_space_inner\"><\/span><\/div><\/div><\/div><\/div><\/div><div class=\"vc_row wpb_row vc_row-fluid\" ><div class=\"wpb_column vc_column_container vc_col-sm-12\"><div class=\"vc_column-inner\"><div class=\"wpb_wrapper\"><div class=\"vc_btn3-container vc_btn3-inline\" ><button class=\"vc_general vc_btn3 vc_btn3-size-md vc_btn3-shape-rounded vc_btn3-style-modern vc_btn3-color-green\">BOOK NU<\/button><\/div><\/div><\/div><\/div><\/div>","protected":false},"excerpt":{"rendered":"<div class=\"ui_columns is-desktop\">\n<div class=\"ui_column\">Denne oplevelse i Atv starter i Samana City Center. K\u00f8rer Atv&#039;en til vandfaldene LULU, forbi Tree House Ecolodge indtil El Valle Beach.<\/div>\n<div class=\"ui_column\">The Valley Beach! Hvor vi stopper omkring 1 time og 15 minutter for at nyde det magiske hvide sand og det krystalklare turkise vand p\u00e5 stranden i Playa El Valle. Der kan du hvile, drikke, sv\u00f8mme, udforske eller bare ligge i solen, hvis du \u00f8nsker det. En buffet vil v\u00e6re klar med typiske dominikanske m\u00e5ltider, og hvis du er veganer, s\u00e5 lad os det vide. Vi har mad til alle!<\/div>\n<div><\/div>\n<\/div>\n<div>Efter 4,5 time k\u00f8rer vi tilbage til Samana by.<\/div>\n<p>. Vandreture og sv\u00f8mning med sikkerhedsudstyr for at f\u00e5 den bedste oplevelse nogensinde!!<\/p>\n<p>&nbsp;<\/p>\n<p><strong>V\u00e6lg datoen for turen:\u00a0<\/strong><\/p>","protected":false},"featured_media":407,"template":"","meta":[],"product_brand":[],"product_cat":[571,317,318,319,120,96,320,135,321,122,100],"product_tag":[322,323,324,325,157,326,201,142,327,148,143,328],"class_list":{"0":"post-11658","1":"product","2":"type-product","3":"status-publish","4":"has-post-thumbnail","6":"product_cat-1-samana","7":"product_cat-atv-adventures","8":"product_cat-atv-fourwheels","9":"product_cat-atv-tours-excursions-adventures","10":"product_cat-fees-entrace","11":"product_cat-hiking","12":"product_cat-lulu-waterfalls","13":"product_cat-lunch","14":"product_cat-things-to-do-in-samana-province","15":"product_cat-tours-and-excursions","16":"product_cat-waterfalls","17":"product_tag-atv-samana-excursion","18":"product_tag-atv-tours-excursions-in-samana-dominican-republic","19":"product_tag-atv-fourwheels","20":"product_tag-atv-tours-excursions-adventures","21":"product_tag-el-valle-beach","22":"product_tag-lulu-waterfalls","23":"product_tag-private-tours-samana","24":"product_tag-samana","25":"product_tag-samana-atv","26":"product_tag-samana-excursions","27":"product_tag-samana-tours","28":"product_tag-tree-house-samana","30":"first","31":"instock","32":"sale","33":"sold-individually","34":"shipping-taxable","35":"product-type-external"},"_links":{"self":[{"href":"https:\/\/haitises.com\/da\/wp-json\/wp\/v2\/product\/11658","targetHints":{"allow":["GET"]}}],"collection":[{"href":"https:\/\/haitises.com\/da\/wp-json\/wp\/v2\/product"}],"about":[{"href":"https:\/\/haitises.com\/da\/wp-json\/wp\/v2\/types\/product"}],"wp:featuredmedia":[{"embeddable":true,"href":"https:\/\/haitises.com\/da\/wp-json\/wp\/v2\/media\/407"}],"wp:attachment":[{"href":"https:\/\/haitises.com\/da\/wp-json\/wp\/v2\/media?parent=11658"}],"wp:term":[{"taxonomy":"product_brand","embeddable":true,"href":"https:\/\/haitises.com\/da\/wp-json\/wp\/v2\/product_brand?post=11658"},{"taxonomy":"product_cat","embeddable":true,"href":"https:\/\/haitises.com\/da\/wp-json\/wp\/v2\/product_cat?post=11658"},{"taxonomy":"product_tag","embeddable":true,"href":"https:\/\/haitises.com\/da\/wp-json\/wp\/v2\/product_tag?post=11658"}],"curies":[{"name":"wp","href":"https:\/\/api.w.org\/{rel}","templated":true}]}}