{"id":11391,"date":"2021-08-15T20:09:02","date_gmt":"2021-08-15T20:09:02","guid":{"rendered":"http:\/\/haitises.com\/?post_type=product&#038;p=11391"},"modified":"2024-04-03T18:06:23","modified_gmt":"2024-04-03T18:06:23","slug":"jarabacoa-buggy-with-jimenoa-and-baiguate-waterfalls","status":"publish","type":"product","link":"https:\/\/haitises.com\/da\/privat\/jarabacoa-buggy-with-jimenoa-and-baiguate-waterfalls\/","title":{"rendered":"Jarabacoa buggy with Jimenoa and Baiguate Waterfalls"},"content":{"rendered":"<div class=\"vc_row wpb_row vc_row-fluid\" ><div class=\"wpb_column vc_column_container vc_col-sm-12\"><div class=\"vc_column-inner\"><div class=\"wpb_wrapper\">[mkdf_section_title title_tag=\u00bb\u00bb disable_break_words=\u00bbno\u00bb subtitle_tag=\u00bb\u00bb title=\u00bbJarabacoa with Jimenoa and Baiguate Waterfalls\u00bb subtitle=\u00bbBuggy &#8211; Buggies\u00bb]<\/div><\/div><\/div><\/div><div class=\"vc_row wpb_row vc_row-fluid\" ><div class=\"wpb_column vc_column_container vc_col-sm-12\"><div class=\"vc_column-inner\"><div class=\"wpb_wrapper\">\n\t<div class=\"wpb_text_column wpb_content_element\" >\n\t\t<div class=\"wpb_wrapper\">\n\t\t\t<h3 class=\"ui_header h1 attractions-product-info-ProductTitle__title--1qM0o\">Jarabacoa buggy with Jimenoa and Baiguate Waterfalls<\/h3>\n<h4><b><i>Oversigt <\/i><\/b><\/h4>\n<p><span style=\"font-weight: 400;\">Join us and travel with a local expert from Jarabacoa and get the unique experience of visiting the best spots from the capital of ecotourism starting from Jarabacoa, this tour will take you around seeing the beautiful landscape of the largest mountain ranch of the Dominican Republic. As you drive around to the different locations you will feel the mountain air and enjoy the beauty of the countryside.\u00a0<\/span><\/p>\n<p><span style=\"font-weight: 400;\">We can get to the different locations for this tour. You&#8217;ll have the options: Biking, Horseback Riding, Safari, Four Wheels, or Buggy. Buy your ticket online now and let&#8217;s have fun learning about Jarabacoa and Dominican Republic culture as you travel around to the best locations of the town.<\/span><\/p>\n<p><span style=\"font-weight: 400;\">Jarabacoa is the city of the eternal spring break because of the weather and the second most important municipality from la Vega province. According to history, Jarabacoa means \u00abplace of much water\u00bb, On September 27, 1858, Jarabacoa began its life as a municipality, a category obtained after a career that came from the beginning of the 19th century. Travel with us and get to know more about the mountains, nature, culture, and people of the northern region from the Dominican Republic.\u00a0<\/span><\/p>\n<ul>\n<li style=\"font-weight: 400;\">Gebyrer inkluderet<\/li>\n<li>Frokost<\/li>\n<li>Snacks<\/li>\n<li style=\"font-weight: 400;\">Lokal rejseguide p\u00e5 engelsk<\/li>\n<\/ul>\n<p>&nbsp;<\/p>\n<h4><b>Inklusioner &amp; Eksklusioner<\/b><\/h4>\n<p>&nbsp;<\/p>\n<p><b>Inklusioner<\/b><\/p>\n<ol>\n<li>Frokost<\/li>\n<li style=\"font-weight: 400;\"><span style=\"font-weight: 400;\">Alle skatter, gebyrer og ekspeditionsgebyrer<\/span><\/li>\n<li style=\"font-weight: 400;\"><span style=\"font-weight: 400;\">Lokale skatter<\/span><\/li>\n<li style=\"font-weight: 400;\"><span style=\"font-weight: 400;\">Drikkevarer<\/span><\/li>\n<li>Snacks<\/li>\n<li style=\"font-weight: 400;\"><span style=\"font-weight: 400;\">Alle aktiviteter<\/span><\/li>\n<li style=\"font-weight: 400;\"><span style=\"font-weight: 400;\">Lokal guide<\/span><\/li>\n<\/ol>\n<p><b> Udelukkelser<\/b><\/p>\n<ol>\n<li style=\"font-weight: 400;\"><span style=\"font-weight: 400;\">Drikkepenge<\/span><\/li>\n<li>transport (indstillet ved at kontakte os)<\/li>\n<li style=\"font-weight: 400;\"><span style=\"font-weight: 400;\">Alkoholiske drikkevarer<\/span><\/li>\n<\/ol>\n<p>&nbsp;<\/p>\n<h4><em><strong>Afgang og hjemrejse<\/strong><\/em><\/h4>\n<p><span style=\"font-weight: 400;\">Den rejsende f\u00e5r et m\u00f8dested efter reservationsprocessen. Ture starter og slutter ved dine m\u00f8desteder.<\/span><\/p>\n<h4><\/h4>\n<h3 class=\"ui_header h1 attractions-product-info-ProductTitle__title--1qM0o\">Jarabacoa buggy with Jimenoa and Baiguate Waterfalls<\/h3>\n<h4><b><i>Hvad kan man forvente?<\/i><\/b><\/h4>\n<p><span style=\"font-weight: 400;\">Get your ticket for Jimenoa and Baiguate Waterfalls From Jarabacoa City by Buggy.\u00a0<\/span><\/p>\n<p><span style=\"font-weight: 400;\">This Excursion starts from a meeting point you must confirm with our travel Agents or your Tour Tour Guide before heading to any location. Once you meet your guide you\u2019ll have a debrief of the tour and everything related to your day.<\/span><\/p>\n<p><span style=\"font-weight: 400;\">When everyone is ready we\u2019ll head to the first location to visit witch is Jimenoa Waterfall, this one is 45 minutes away from Jarabacoa town, Jimenoa is one of the most important water sources from the Central Mountain Ranch here you will walk through the Hanging Wooden Bridge for about 10 minutes to finally meet the Jimenoa Waterfall, on the way out you can take your shoes off and put them in the freshwater of the river.\u00a0<\/span><\/p>\n<p><span style=\"font-weight: 400;\">After seeing our first location we will head to Baiguate Waterfall for a 10 minutes hike and swimming natural pools, Baiguate is 55 minutes away from Jimenoa and 15 minutes from the town.\u00a0<\/span><\/p>\n<p><span style=\"font-weight: 400;\">During this part of your trip, you will be able to go swimming for about 1 hour and take a break to try out some fresh fruits harvested from Jarabacoa farmer&#8217;s land every day. Baiguate has an 82 feet high fall and is the perfect place to relax a bit before going back to town.\u00a0\u00a0<\/span><\/p>\n<p><span style=\"font-weight: 400;\">Later after Baiguate Waterfall we will head to Ivon\u2019s to try the best local ice cream flavor, homemade by a local expert, and walk to Duarte Central Park for the last part of your trip, this is a 6 hours tour that gives you the opportunity to oversee Jarabacoa,\u00a0 this excursion ends in the same place as it started.<\/span><\/p>\n<p><span style=\"font-weight: 400;\">Note: These tours are with Officials Ecologist tour guides. Please Book with time because in the park there are not too many specialists.<\/span><\/p>\n<h4><em><strong>Hvad skal du medbringe?<\/strong><\/em><\/h4>\n<ul>\n<li style=\"font-weight: 400;\"><span style=\"font-weight: 400;\">kamera<\/span><\/li>\n<li style=\"font-weight: 400;\"><span style=\"font-weight: 400;\">Afvisende knopper<\/span><\/li>\n<li style=\"font-weight: 400;\"><span style=\"font-weight: 400;\">solcreme<\/span><\/li>\n<li style=\"font-weight: 400;\"><span style=\"font-weight: 400;\">Hat<\/span><\/li>\n<li style=\"font-weight: 400;\"><span style=\"font-weight: 400;\">Komfortable bukser<\/span><\/li>\n<li style=\"font-weight: 400;\"><span style=\"font-weight: 400;\">Vandresko til skov<\/span><\/li>\n<li style=\"font-weight: 400;\"><span style=\"font-weight: 400;\">Sandaler til for\u00e5rets omr\u00e5der.<\/span><\/li>\n<li style=\"font-weight: 400;\"><span style=\"font-weight: 400;\">Badet\u00f8j<\/span><\/li>\n<\/ul>\n<p>&nbsp;<\/p>\n<h4><b><i>Hotel afhentning <\/i><\/b><\/h4>\n<p><span style=\"font-weight: 400;\">Hotel afhentning tilbydes ikke til denne tur. Vi indstiller Pick up ved at kontakte os via Whatsapp.<\/span><\/p>\n<p>&nbsp;<\/p>\n<p><b>Bem\u00e6rk:<\/b><span style=\"font-weight: 400;\"> Hvis du er reserveret inden for 24 timer efter turens\/udflugtens afgangstidspunkt, kan vi arrangere hotelafhentning med ekstra gebyrer. N\u00e5r dit k\u00f8b er gennemf\u00f8rt, sender vi dig fuldst\u00e6ndige kontaktoplysninger (telefonnummer, e-mail-adresse osv.), s\u00e5 vores lokale rejseguide kan organisere afhentningsarrangementer.<\/span><\/p>\n<h4><b><i>Yderligere info bekr\u00e6ftelse <\/i><\/b><\/h4>\n<ol>\n<li>Billetter er kvitteringen efter betaling for denne tur. Du kan vise betalingen p\u00e5 din telefon.<\/li>\n<li style=\"font-weight: 400;\"><span style=\"font-weight: 400;\">M\u00f8depunkt modtages efter reservationsprocessen.<\/span><\/li>\n<li style=\"font-weight: 400;\"><span style=\"font-weight: 400;\">B\u00f8rn skal ledsages af en voksen.<\/span><\/li>\n<li style=\"font-weight: 400;\"><span style=\"font-weight: 400;\"> Ikke tilg\u00e6ngelig for k\u00f8restolsbrugere <\/span><\/li>\n<li style=\"font-weight: 400;\"><span style=\"font-weight: 400;\">Sp\u00e6db\u00f8rn skal sidde p\u00e5 sk\u00f8det <\/span><\/li>\n<li style=\"font-weight: 400;\"><span style=\"font-weight: 400;\">Anbefales ikke til rejsende med rygproblemer<\/span><\/li>\n<li style=\"font-weight: 400;\"><span style=\"font-weight: 400;\">Anbefales ikke til gravide rejsende <\/span><\/li>\n<li style=\"font-weight: 400;\"><span style=\"font-weight: 400;\"> Ingen hjerteproblemer eller andre alvorlige medicinske tilstande <\/span><\/li>\n<li style=\"font-weight: 400;\"><span style=\"font-weight: 400;\">De fleste rejsende kan deltage<\/span><\/li>\n<\/ol>\n<h4><b><i>Afbestillingspolitik<\/i><\/b><\/h4>\n<p><span style=\"font-weight: 400;\">For en fuld refusion skal du annullere mindst 74 timer f\u00f8r startdatoen for oplevelsen. Penge vil g\u00e5 tabt, hvis reservationen annulleres samme dag p\u00e5 rejsen.<\/span><\/p>\n\n\t\t<\/div>\n\t<\/div>\n<\/div><\/div><\/div><\/div><div class=\"vc_row wpb_row vc_row-fluid\" ><div class=\"wpb_column vc_column_container vc_col-sm-12\"><div class=\"vc_column-inner\"><div class=\"wpb_wrapper\">\n\t<div class=\"wpb_video_widget wpb_content_element vc_clearfix   vc_video-aspect-ratio-169 vc_video-el-width-100 vc_video-align-left\" >\n\t\t<div class=\"wpb_wrapper\">\n\t\t\t<h2 class=\"wpb_heading wpb_video_heading\">Jarabacoa City Video:<\/h2>\n\t\t\t<div class=\"wpb_video_wrapper\"><iframe loading=\"lazy\" title=\"Jarabacoa | Puro Turismo de Monta\u00f1a\" width=\"1100\" height=\"619\" src=\"https:\/\/www.youtube.com\/embed\/FRHfK4RS39A?feature=oembed\" frameborder=\"0\" allow=\"accelerometer; autoplay; clipboard-write; encrypted-media; gyroscope; picture-in-picture\" allowfullscreen><\/iframe><\/div>\n\t\t<\/div>\n\t<\/div>\n<\/div><\/div><\/div><\/div><div class=\"vc_row wpb_row vc_row-fluid\" ><div class=\"wpb_column vc_column_container vc_col-sm-12\"><div class=\"vc_column-inner\"><div class=\"wpb_wrapper\"><div class=\"vc_empty_space\"   style=\"height: 32px\"><span class=\"vc_empty_space_inner\"><\/span><\/div>\n\t<div class=\"wpb_text_column wpb_content_element\" >\n\t\t<div class=\"wpb_wrapper\">\n\t\t\t<h4>Kontakt os?<\/h4>\n<h5><em><strong>Booking Adventures<\/strong><\/em><\/h5>\n<p><em><strong>Lokalbefolkningen<\/strong>\u00a0og\u00a0<strong>Nationale<\/strong>\u00a0Turguider og g\u00e6steservice<\/em><\/p>\n<p><span class=\"text-turquoise\">Reservationer:<\/span>\u00a0Ture og udflugter i Dom. Rep.<\/p>\n<p><img decoding=\"async\" class=\"emoji\" draggable=\"false\" src=\"https:\/\/s.w.org\/images\/core\/emoji\/11.2.0\/svg\/1f4de.svg\" alt=\"\ud83d\udcde\" title=\"\">\u00a0Tlf\/Whatsapp\u00a0\u00a0<a href=\"tel:+1-809-720-6035\">+1-809-720-6035<\/a>.<\/p>\n<p><img decoding=\"async\" class=\"emoji\" draggable=\"false\" src=\"https:\/\/s.w.org\/images\/core\/emoji\/11.2.0\/svg\/1f4e9.svg\" alt=\"\ud83d\udce9\" title=\"\">\u00a0<a href=\"mailto:info@bookingadventures.com.do\">info@bookingadventures.com.do<\/a><\/p>\n<p><strong>Vi er fleksibel indstilling af private ture af Whatsapp:\u00a0<a href=\"tel:+18097206035\">+18097206035.<\/a><\/strong><\/p>\n\n\t\t<\/div>\n\t<\/div>\n<div class=\"vc_empty_space\"   style=\"height: 32px\"><span class=\"vc_empty_space_inner\"><\/span><\/div><\/div><\/div><\/div><\/div>","protected":false},"excerpt":{"rendered":"<p><span style=\"font-weight: 400;\">Join us and travel with a local expert from Jarabacoa and get the unique experience of visiting the best spots from the capital of ecotourism starting from Jarabacoa, this tour will take you around seeing the beautiful landscape of the largest mountain ranch of the Dominican Republic. As you drive around to the different locations you will feel the mountain air and enjoy the beauty of the countryside.\u00a0<\/span><\/p>\n<p><strong>V\u00e6lg datoen for turen:\u00a0<\/strong><\/p>","protected":false},"featured_media":11407,"template":"","meta":[],"product_brand":[],"product_cat":[120,526,122],"product_tag":[527,528,529,530,531,532,533],"class_list":{"0":"post-11391","1":"product","2":"type-product","3":"status-publish","4":"has-post-thumbnail","6":"product_cat-fees-entrace","7":"product_cat-jarabacoa-buggy","8":"product_cat-tours-and-excursions","9":"product_tag-baiguate-waterfall","10":"product_tag-jarabacoa-buggies","11":"product_tag-jarabacoa-buggy","12":"product_tag-jarabacoa-tour","13":"product_tag-jimenoa-waterfall","14":"product_tag-salto-baiguate","15":"product_tag-salto-jimenoa","17":"first","18":"instock","19":"sale","20":"sold-individually","21":"shipping-taxable","22":"product-type-external"},"_links":{"self":[{"href":"https:\/\/haitises.com\/da\/wp-json\/wp\/v2\/product\/11391","targetHints":{"allow":["GET"]}}],"collection":[{"href":"https:\/\/haitises.com\/da\/wp-json\/wp\/v2\/product"}],"about":[{"href":"https:\/\/haitises.com\/da\/wp-json\/wp\/v2\/types\/product"}],"wp:featuredmedia":[{"embeddable":true,"href":"https:\/\/haitises.com\/da\/wp-json\/wp\/v2\/media\/11407"}],"wp:attachment":[{"href":"https:\/\/haitises.com\/da\/wp-json\/wp\/v2\/media?parent=11391"}],"wp:term":[{"taxonomy":"product_brand","embeddable":true,"href":"https:\/\/haitises.com\/da\/wp-json\/wp\/v2\/product_brand?post=11391"},{"taxonomy":"product_cat","embeddable":true,"href":"https:\/\/haitises.com\/da\/wp-json\/wp\/v2\/product_cat?post=11391"},{"taxonomy":"product_tag","embeddable":true,"href":"https:\/\/haitises.com\/da\/wp-json\/wp\/v2\/product_tag?post=11391"}],"curies":[{"name":"wp","href":"https:\/\/api.w.org\/{rel}","templated":true}]}}