{"id":11370,"date":"2021-08-15T20:09:01","date_gmt":"2021-08-15T20:09:01","guid":{"rendered":"http:\/\/haitises.com\/?post_type=product&#038;p=11370"},"modified":"2024-04-04T19:57:44","modified_gmt":"2024-04-04T19:57:44","slug":"pico-duarte-hike-with-local-experts-duarte-peak-camping-trekking-2","status":"publish","type":"product","link":"https:\/\/haitises.com\/da\/privat\/pico-duarte-hike-with-local-experts-duarte-peak-camping-trekking-2\/","title":{"rendered":"Pico Duarte-vandring med lokale eksperter \u2013 Duarte Peak Camping &amp; Trekking"},"content":{"rendered":"<div class=\"vc_row wpb_row vc_row-fluid\" ><div class=\"wpb_column vc_column_container vc_col-sm-12\"><div class=\"vc_column-inner\"><div class=\"wpb_wrapper\"><div class=\"vc_empty_space\"   style=\"height: 32px\"><span class=\"vc_empty_space_inner\"><\/span><\/div>[mkdf_section_title title_tag=\u00bb\u00bb disable_break_words=\u00bbno\u00bb subtitle_tag=\u00bb\u00bb title=\u00bbPico Duarte Hike with Local Experts\u00bb subtitle=\u00bbDuarte Peak Camping &amp; Trekking\u00bb]<div class=\"vc_empty_space\"   style=\"height: 32px\"><span class=\"vc_empty_space_inner\"><\/span><\/div><div class=\"vc_message_box vc_message_box-standard vc_message_box-rounded vc_color-info\" ><div class=\"vc_message_box-icon\"><i class=\"fas fa-info-circle\"><\/i><\/div><p>Book venligst (7) dage f\u00f8r terminsdagen.<\/p>\n<\/div><div class=\"vc_empty_space\"   style=\"height: 32px\"><span class=\"vc_empty_space_inner\"><\/span><\/div><\/div><\/div><\/div><\/div><div class=\"vc_row wpb_row vc_row-fluid\" ><div class=\"wpb_column vc_column_container vc_col-sm-12\"><div class=\"vc_column-inner\"><div class=\"wpb_wrapper\">\n\t<div class=\"wpb_text_column wpb_content_element\" >\n\t\t<div class=\"wpb_wrapper\">\n\t\t\t<div class=\"vc_row wpb_row vc_row-fluid\">\n<div class=\"wpb_column vc_column_container vc_col-sm-12\">\n<div class=\"vc_column-inner\">\n<div class=\"wpb_wrapper\">\n<div class=\"wpb_text_column wpb_content_element\">\n<div class=\"wpb_wrapper\">\n<div class=\"vc_row wpb_row vc_row-fluid\">\n<div class=\"wpb_column vc_column_container vc_col-sm-12\">\n<div class=\"vc_column-inner\">\n<div class=\"wpb_wrapper\">\n<div class=\"wpb_text_column wpb_content_element\">\n<div class=\"wpb_wrapper\">\n<h2><span style=\"font-weight: 400;\">Duarte Peak Trekking\u00a0<\/span><\/h2>\n<p><span style=\"font-weight: 400;\">Tag med os for at bestige Caribiens h\u00f8jeste punkt ved J. Almando Bermudez National beliggende i landets centrale bjergk\u00e6de. <\/span><span style=\"font-weight: 400;\">Turen vil g\u00e5 fra en tropisk skov til fyrreskoven i J. Armando Bermudez National Park, g\u00e5 p\u00e5 stier gennem tusindvis af bregner, du vil se papeg\u00f8jer, guldfinker og andre eksotiske fugle.\u00a0<\/span><\/p>\n<p><span style=\"font-weight: 400;\">Denne nationalpark blev etableret i 1956, Armando Berm\u00fadez National Park str\u00e6kker sig 767 kvadratkilometer (296 kvadrat miles), og sammen med den n\u00e6rliggende Jos\u00e9 del Carmen Ram\u00edrez National Park.<\/span><\/p>\n<p><span style=\"font-weight: 400;\">Det er kilden til Yaque del Norte-floden, s\u00e5vel som flere flere flodkilder. De to parker d\u00e6kker overfladen af hele Cordillera Central-bjergk\u00e6den. Du vil se enest\u00e5ende flora i denne h\u00f8jde, hvor temperaturerne varierer fra 12\u00baC (53\u00baF) til -8\u00baC (17\u00baF) om natten.<\/span><\/p>\n<\/div>\n<h4><strong>Rejseledere:\u00a0<\/strong><\/h4>\n<div class=\"wpb_wrapper\">\n<p><span style=\"font-weight: 400;\">Med selskab af en professionel guide vil du foretage denne rejse gennem den st\u00f8rste bjergk\u00e6de med mere end 250 km i l\u00e6ngden og 60 km lys, Pico Duarte er toppen i Caribien med h\u00f8jeste (3&#039;098 m) som er ca. 10.164 fod.<\/span><\/p>\n<p>&nbsp;<\/p>\n<p><span style=\"font-weight: 400;\">Pico Duarte (Duarte peak) er opkaldt efter Juan Pablo Duarte, der betragtes som en af grundl\u00e6ggerne af Den Dominikanske Republik. <\/span><span style=\"font-weight: 400;\">Du vil vandre 28-mile (46-kilometer) rundtur, denne tur kan gennemf\u00f8res p\u00e5 tre dage, med velholdte bjerghytter, der giver overnatning.<\/span><\/p>\n<p><span style=\"font-weight: 400;\">Denne tre dages vandretur ledes af lokale dominikanske guider, der har ansvaret for at tage dig begge veje. De har ogs\u00e5 heste til dem, der ikke vil g\u00e5 afstanden og kan ride p\u00e5 muldyr. Mens du g\u00e5r, kan du nyde det fantastiske landskab og se efter det lokale dyreliv.\u00a0<\/span><\/p>\n<p><span style=\"font-weight: 400;\">Bjergene og landskabet er befolket med en r\u00e6kke forskellige fugle og leguaner, der bebor det barske terr\u00e6n. Nyd at v\u00e6re omgivet af skyggefulde tr\u00e6er og vandkilder, hvor du kan k\u00f8le af efter en h\u00e5rd dag med vandreture.<\/span><\/p>\n<p>&nbsp;<\/p>\n<h2><b>Rute:\u00a0<\/b><\/h2>\n<p>&nbsp;<\/p>\n<h4><b>Dag 1<\/b><span style=\"font-weight: 400;\">&#8211; <\/span><\/h4>\n<p><span style=\"font-weight: 400;\">M\u00f8dested skal du v\u00e6re kl. 9:30 i Jarabacoa. Frokost i Jarabacoa (dette m\u00e5ltid er ikke inkluderet) Ankomst til Cienaga de Jarabacoa. G\u00e5 til Caseta de Los Tablones, inde i parken (4 km bl\u00f8d). Aftensmad. s\u00f8vn<\/span><\/p>\n<p>&nbsp;<\/p>\n<h4><b>Dag 2- <\/b><\/h4>\n<p><span style=\"font-weight: 400;\">I morges st\u00e5r vi tidligt op. Vi havde morgenmad. Begyndelsen af g\u00e5turen kl. 05.00 mod La Caseta de Comparti\u00f3n i ca. 13 km. Kort hvilepause. Nogle snacks. Vi forts\u00e6tter mod toppen af toppen og passerer gennem Valle de Lil\u00eds (6 km fra Compartion til toppen). Der vil v\u00e6re specifikke hvilepunkter. Fra la Cima vender vi tilbage til La Comparti\u00f3n for at spise frokost\/middag, hvile, bade, drikke te ved b\u00e5let og sove.<\/span><\/p>\n<p>&nbsp;<\/p>\n<h4><b>Dag 3-<\/b><\/h4>\n<p><span style=\"font-weight: 400;\"> Vi st\u00e5r op kl 6. Vi spiser morgenmad og g\u00e5r tilbage til La Ci\u00e9naga, ca. 17 km. Typisk frokost inden hjemkomsten.<\/span><\/p>\n<p>&nbsp;<\/p>\n<p><span style=\"font-weight: 400;\">Bem\u00e6rk: Hver deltager skal medbringe deres snacks fra g\u00e5turen i deres rygs\u00e6k (hydrerende, s\u00f8dt og salt, spiseligt efter eget valg, vandflasker til at fylde p\u00e5 vejen).\u00a0<\/span><\/p>\n<p><span style=\"font-weight: 400;\">De mennesker, der skal deltage, skal v\u00e6re i optimale helbredsm\u00e6ssige, fysiske og psykiske forhold. Mennesker med en helbredstilstand, der kan p\u00e5virke langvarig indsats, s\u00e5som astma, trykproblemer, diabetes eller andre sygdomme relateret til denne type fysisk aktivitet, som kan v\u00e6re farlige, b\u00f8r ikke deltage.<\/span><\/p>\n<p>&nbsp;<\/p>\n<h4><b>Inklusioner &amp; Eksklusioner<\/b><\/h4>\n<p><b>Inklusioner<\/b><\/p>\n<ul>\n<li style=\"font-weight: 400;\"><span style=\"font-weight: 400;\">Tre dages trekking<\/span><\/li>\n<li style=\"font-weight: 400;\"><span style=\"font-weight: 400;\">Lokal guide<\/span><\/li>\n<li style=\"font-weight: 400;\"><span style=\"font-weight: 400;\">Muldyr til at b\u00e6re stoffer<\/span><\/li>\n<li style=\"font-weight: 400;\"><span style=\"font-weight: 400;\">Toilet\u00a0<\/span><\/li>\n<li style=\"font-weight: 400;\"><span style=\"font-weight: 400;\">frugter\u00a0<\/span><\/li>\n<li style=\"font-weight: 400;\"><span style=\"font-weight: 400;\">National Park Skatter\u00a0<\/span><\/li>\n<li style=\"font-weight: 400;\"><span style=\"font-weight: 400;\">Juice, kaffe, varm chokolade<\/span><\/li>\n<\/ul>\n<p><b>Udelukkelser<\/b><\/p>\n<ol>\n<li>Drikkepenge<\/li>\n<li>Transfer bil<\/li>\n<li>Camping plejer<\/li>\n<li>Rygpakke<\/li>\n<li>M\u00e5ltider<\/li>\n<li>Alkoholiske drikkevarer<\/li>\n<\/ol>\n<h4><em><strong>Afgang og hjemrejse<\/strong><\/em><\/h4>\n<p>Denne tur starter kl. 9.30 og slutter 2 dage senere omkring kl. 16.00.<\/p>\n<p>Den rejsende f\u00e5r et m\u00f8dested efter reservationsprocessen. Ture starter og slutter i vores m\u00f8desteder.<\/p>\n<p><strong>Tidsplan:<\/strong><\/p>\n<p>3 DAGES TUR<\/p>\n<p>&nbsp;<\/p>\n<h4><em><strong>Hvad skal du medbringe?<\/strong><\/em><\/h4>\n<ul>\n<li>kamera<\/li>\n<li>h\u00e5ndkl\u00e6de<\/li>\n<li>solbeskyttelse<\/li>\n<li>Hat<\/li>\n<li>mad<\/li>\n<li>Camping telte<\/li>\n<li>Komfortable bukser og sko<\/li>\n<li>Badet\u00f8j<\/li>\n<li>Kontanter til souvenirs<\/li>\n<\/ul>\n<p>&nbsp;<\/p>\n<h4><b><i>Hotel afhentning<\/i><\/b><\/h4>\n<p>Hotel afhentning tilbydes ikke til denne tur.<\/p>\n<p><b>Bem\u00e6rk:<\/b> Hvis du er reserveret inden for 24 timer efter turens\/udflugtens afgangstidspunkt, kan vi arrangere hotelafhentning med ekstra gebyrer fra ethvert sted i Den Dominikanske Republik. N\u00e5r dit k\u00f8b er gennemf\u00f8rt, sender vi dig fuldst\u00e6ndige kontaktoplysninger (telefonnummer, e-mailadresse osv.), s\u00e5 vores lokale rejseguide kan organisere afhentningsarrangementer.<\/p>\n<h4><b><i>Yderligere info bekr\u00e6ftelse<\/i><\/b><\/h4>\n<ol>\n<li>Billetter er kvitteringen efter betaling af denne tur. Du kan vise betalingen p\u00e5 din telefon.<\/li>\n<li>M\u00f8depunkt modtages efter reservationsprocessen.<\/li>\n<li>B\u00f8rn skal ledsages af en voksen.<\/li>\n<li>K\u00f8restolsvenligt<\/li>\n<li>Sp\u00e6db\u00f8rn skal sidde p\u00e5 sk\u00f8det<\/li>\n<li>De fleste rejsende kan deltage<\/li>\n<li>Gravide kvinder anbefales ikke at deltage<\/li>\n<\/ol>\n<h4><b><i>Afbestillingspolitik<\/i><\/b><\/h4>\n<p>For fuld refusion skal du annullere mindst 14 dage f\u00f8r startdatoen for oplevelsen.<\/p>\n<\/div>\n<\/div>\n<\/div>\n<\/div>\n<\/div>\n<\/div>\n<\/div>\n<\/div>\n<\/div>\n<\/div>\n<\/div>\n<\/div>\n<div class=\"vc_row wpb_row vc_row-fluid\">\n<div class=\"wpb_column vc_column_container vc_col-sm-12\">\n<div class=\"vc_column-inner\">\n<div class=\"wpb_wrapper\">\n<div class=\"vc_empty_space\"><\/div>\n<div class=\"wpb_text_column wpb_content_element\">\n<div class=\"wpb_wrapper\">\n<h4>Kontakt os?<\/h4>\n<h5><b><i>Booking Adventures<\/i><\/b><\/h5>\n<p><em><strong>Lokalbefolkningen<\/strong>\u00a0og\u00a0<strong>Nationale<\/strong>\u00a0Turguider og g\u00e6steservice<\/em><\/p>\n<p><span class=\"text-turquoise\">Reservationer:<\/span>\u00a0Ture og udflugter i Dom. Rep.<\/p>\n<p><img decoding=\"async\" class=\"emoji\" draggable=\"false\" src=\"https:\/\/s.w.org\/images\/core\/emoji\/11.2.0\/svg\/1f4de.svg\" alt=\"\ud83d\udcde\" title=\"\">\u00a0Tlf\/Whatsapp\u00a0\u00a0<a href=\"tel:+1-809-720-6035\">+1-809-720-6035<\/a>.<\/p>\n<p><img decoding=\"async\" class=\"emoji\" draggable=\"false\" src=\"https:\/\/s.w.org\/images\/core\/emoji\/11.2.0\/svg\/1f4e9.svg\" alt=\"\ud83d\udce9\" title=\"\">\u00a0<a href=\"mailto:info@bookingadventures.com.do\">info@bookingadventures.com.do<\/a><\/p>\n<p><strong>Vi er fleksibel indstilling af private ture af Whatsapp:\u00a0<a href=\"tel:+18097206035\">+18097206035.<\/a><\/strong><\/p>\n<\/div>\n<\/div>\n<\/div>\n<\/div>\n<\/div>\n<\/div>\n\n\t\t<\/div>\n\t<\/div>\n<div class=\"vc_empty_space\"   style=\"height: 32px\"><span class=\"vc_empty_space_inner\"><\/span><\/div><div class=\"vc_message_box vc_message_box-standard vc_message_box-rounded vc_color-info\" ><div class=\"vc_message_box-icon\"><i class=\"fas fa-info-circle\"><\/i><\/div><p>Book venligst (7) dage f\u00f8r terminsdagen.<\/p>\n<\/div><div class=\"vc_empty_space\"   style=\"height: 32px\"><span class=\"vc_empty_space_inner\"><\/span><\/div><\/div><\/div><\/div><\/div>","protected":false},"excerpt":{"rendered":"<p>&nbsp;<\/p>\n<p><span style=\"font-weight: 400;\">Tag med os for at bestige Caribiens h\u00f8jeste punkt ved J. Almando Bermudez National beliggende i landets centrale bjergk\u00e6de.<\/span><\/p>\n<p><span style=\"font-weight: 400;\">Turen vil g\u00e5 fra en tropisk skov til fyrreskoven i J. Armando Bermudez National Park, g\u00e5 p\u00e5 stier gennem tusindvis af bregner, du vil se papeg\u00f8jer, guldfinker og andre eksotiske fugle. <\/span><\/p>\n<p><em><strong>V\u00e6lg venligst datoen for at starte turen:<\/strong><\/em><\/p>","protected":false},"featured_media":11128,"template":"","meta":[],"product_brand":[],"product_cat":[465],"product_tag":[466,467,468],"class_list":{"0":"post-11370","1":"product","2":"type-product","3":"status-publish","4":"has-post-thumbnail","6":"product_cat-pico-duarte-hike-with-local-experts-duarte-peak-camping-trekking","7":"product_tag-camping-trekking","8":"product_tag-duarte-peak","9":"product_tag-pico-duarte-hike-with-local-experts-duarte-peak-camping-trekking","11":"first","12":"instock","13":"sale","14":"sold-individually","15":"shipping-taxable","16":"product-type-external"},"_links":{"self":[{"href":"https:\/\/haitises.com\/da\/wp-json\/wp\/v2\/product\/11370","targetHints":{"allow":["GET"]}}],"collection":[{"href":"https:\/\/haitises.com\/da\/wp-json\/wp\/v2\/product"}],"about":[{"href":"https:\/\/haitises.com\/da\/wp-json\/wp\/v2\/types\/product"}],"wp:featuredmedia":[{"embeddable":true,"href":"https:\/\/haitises.com\/da\/wp-json\/wp\/v2\/media\/11128"}],"wp:attachment":[{"href":"https:\/\/haitises.com\/da\/wp-json\/wp\/v2\/media?parent=11370"}],"wp:term":[{"taxonomy":"product_brand","embeddable":true,"href":"https:\/\/haitises.com\/da\/wp-json\/wp\/v2\/product_brand?post=11370"},{"taxonomy":"product_cat","embeddable":true,"href":"https:\/\/haitises.com\/da\/wp-json\/wp\/v2\/product_cat?post=11370"},{"taxonomy":"product_tag","embeddable":true,"href":"https:\/\/haitises.com\/da\/wp-json\/wp\/v2\/product_tag?post=11370"}],"curies":[{"name":"wp","href":"https:\/\/api.w.org\/{rel}","templated":true}]}}