{"id":11312,"date":"2021-08-15T20:08:36","date_gmt":"2021-08-15T20:08:36","guid":{"rendered":"http:\/\/haitises.com\/?post_type=product&#038;p=11312"},"modified":"2024-04-10T14:25:59","modified_gmt":"2024-04-10T14:25:59","slug":"birdwatching-in-los-haitises-national-park-2","status":"publish","type":"product","link":"https:\/\/haitises.com\/da\/privat\/birdwatching-in-los-haitises-national-park-2\/","title":{"rendered":"Fuglekigning i Los Haitises National Park"},"content":{"rendered":"<div class=\"vc_row wpb_row vc_row-fluid\" ><div class=\"wpb_column vc_column_container vc_col-sm-12\"><div class=\"vc_column-inner\"><div class=\"wpb_wrapper\">[mkdf_section_title title_tag=\u00bb\u00bb disable_break_words=\u00bbno\u00bb subtitle_tag=\u00bb\u00bb title=\u00bbRidgway&#8217;s Hawk Tour\u00bb subtitle=\u00bbBirding in Los Haitises National Park\u00bb]<\/div><\/div><\/div><\/div><div class=\"vc_row wpb_row vc_row-fluid\" ><div class=\"wpb_column vc_column_container vc_col-sm-12\"><div class=\"vc_column-inner\"><div class=\"wpb_wrapper\">\n\t<div class=\"wpb_text_column wpb_content_element\" >\n\t\t<div class=\"wpb_wrapper\">\n\t\t\t<h4><b><i>Oversigt <\/i><\/b><\/h4>\n<section><\/section>\n<p>We are conserving 110 species of birds which you can find in Los Haitises National Park. Walking through this magical forest in search of parrots, Todys, Ridgway\u2019s Hawks, tanagers, hummingbirds, and much more. Providing interesting History about all these birds which you can see on the Humit trail. We know the spots habitats of Ridgway\u2019s, Ashy Faced Owls and other endemics species. This Tour is focus on nature and is more concentrated in the information about wildlife.<\/p>\n<p><strong>Usually is a private tour for a truly high quality experience.<\/strong><\/p>\n<h4><\/h4>\n<h4><b>Inklusioner &amp; Eksklusioner<\/b><\/h4>\n<p><b>Inklusioner<\/b><\/p>\n<ol>\n<li style=\"font-weight: 400;\">3 hours bird walk on the park trails<\/li>\n<li style=\"font-weight: 400;\"><span style=\"font-weight: 400;\">Alle skatter, gebyrer og ekspeditionsgebyrer<\/span><\/li>\n<li style=\"font-weight: 400;\"><span style=\"font-weight: 400;\">Lokale skatter<\/span><\/li>\n<li style=\"font-weight: 400;\">Officials Ecologist tour guides English\/Spanish<\/li>\n<\/ol>\n<p><b> Udelukkelser<\/b><\/p>\n<ol>\n<li style=\"font-weight: 400;\"><span style=\"font-weight: 400;\">Drikkepenge<\/span><\/li>\n<li style=\"font-weight: 400;\"><span style=\"font-weight: 400;\">Overf\u00f8rsel<\/span><\/li>\n<li style=\"font-weight: 400;\"><span style=\"font-weight: 400;\">Beverage<\/span><\/li>\n<\/ol>\n<p>&nbsp;<\/p>\n<h4><em><strong>Afgang og hjemrejse<\/strong><\/em><\/h4>\n<p><span style=\"font-weight: 400;\">The tour, organized by \u00abBooking Adventures\u00bb starts at the meeting point set with the Tour Guide. The traveler will get a meeting point after the Reservation Process. Tours start and Finished in our meeting points.<\/span><\/p>\n<p>&nbsp;<\/p>\n<h4><b><i>Hvad kan man forvente?<\/i><\/b><\/h4>\n<p><em><strong>Get your ticket<\/strong><\/em> for birdwatching in Los Haitises National Park.<\/p>\n<p>This Excursion starts from meeting point by hiking the Ridgway trails to the Nesting areas. After 30 min hiking and watching the Hawks we have the option to continue hiking around and check for Parrots, piculets, and Others Endemics species in Los Haitises National Park.<\/p>\n<p>Los Haitises National Park has just two Trails for Birding in Sabana de la Mar. On the way to Los Hiatises National Park we stop in some spots to see more birds.<\/p>\n<p>Been in the San Lorenzo Bay. we will visit two Caves, the Sadly Cave call in Spanish\u00a0Cueva de la Arena; in this Cave, we can see the petrographs\u00a0from Tainos communities\u00a0that were staying around this area. and using the caves as a temple.<\/p>\n<p>After that, we go ahead to the Linea Cave, this one with 2,243 originals pictographs and our tour guide explain you the information from archeologist about those pictographs.<\/p>\n<p>Taking the boat back again to the Pajaros island ( Birds Island) where we can see most of the\u00a0wetlands birds around\u00a0to Los Haitises National Park. Just because\u00a0all birds are not in the Water.<\/p>\n<p>After 4 and half hours learning about birds in Los Haitises National Park, this excursion ends in the same place as started.<\/p>\n<p><strong>Note: These tours are with Officials Ecologist tour guides. Please Book with time because in the park there are no too many specialists.<\/strong><\/p>\n<p>&nbsp;<\/p>\n<h4><em><strong>Hvad skal du medbringe?<\/strong><\/em><\/h4>\n<ul>\n<li style=\"font-weight: 400;\"><span style=\"font-weight: 400;\">kamera<\/span><\/li>\n<li>Binocular<\/li>\n<li style=\"font-weight: 400;\"><span style=\"font-weight: 400;\">Afvisende knopper<\/span><\/li>\n<li style=\"font-weight: 400;\"><span style=\"font-weight: 400;\">solcreme<\/span><\/li>\n<li style=\"font-weight: 400;\"><span style=\"font-weight: 400;\">Hat<\/span><\/li>\n<li style=\"font-weight: 400;\"><span style=\"font-weight: 400;\">Komfortable bukser<\/span><\/li>\n<li style=\"font-weight: 400;\"><span style=\"font-weight: 400;\">Vandresko til skov<\/span><\/li>\n<li style=\"font-weight: 400;\"><span style=\"font-weight: 400;\">Sandaler til for\u00e5rets omr\u00e5der.<\/span><\/li>\n<li style=\"font-weight: 400;\"><span style=\"font-weight: 400;\">Badet\u00f8j<\/span><\/li>\n<\/ul>\n<p>&nbsp;<\/p>\n<h4><b><i>Hotel afhentning <\/i><\/b><\/h4>\n<p><span style=\"font-weight: 400;\">Hotel afhentning tilbydes ikke til denne tur. <\/span><\/p>\n<p>&nbsp;<\/p>\n<p><b>Bem\u00e6rk:<\/b><span style=\"font-weight: 400;\"> Hvis du er reserveret inden for 24 timer efter turens\/udflugtens afgangstidspunkt, kan vi arrangere hotelafhentning med ekstra gebyrer. N\u00e5r dit k\u00f8b er gennemf\u00f8rt, sender vi dig fuldst\u00e6ndige kontaktoplysninger (telefonnummer, e-mail-adresse osv.), s\u00e5 vores lokale rejseguide kan organisere afhentningsarrangementer.<\/span><\/p>\n<h4><b><i>Yderligere info bekr\u00e6ftelse <\/i><\/b><\/h4>\n<ol>\n<li>Billetter er kvitteringen efter betaling af denne tur. Du kan vise betalingen p\u00e5 din telefon.<\/li>\n<li style=\"font-weight: 400;\"><span style=\"font-weight: 400;\">M\u00f8depunkt modtages efter reservationsprocessen.<\/span><\/li>\n<li style=\"font-weight: 400;\"><span style=\"font-weight: 400;\">B\u00f8rn skal ledsages af en voksen.<\/span><\/li>\n<li style=\"font-weight: 400;\"><span style=\"font-weight: 400;\"> Ikke tilg\u00e6ngelig for k\u00f8restolsbrugere <\/span><\/li>\n<li style=\"font-weight: 400;\"><span style=\"font-weight: 400;\">Sp\u00e6db\u00f8rn skal sidde p\u00e5 sk\u00f8det <\/span><\/li>\n<li style=\"font-weight: 400;\"><span style=\"font-weight: 400;\">Anbefales ikke til rejsende med rygproblemer<\/span><\/li>\n<li style=\"font-weight: 400;\"><span style=\"font-weight: 400;\">Anbefales ikke til gravide rejsende <\/span><\/li>\n<li style=\"font-weight: 400;\"><span style=\"font-weight: 400;\"> Ingen hjerteproblemer eller andre alvorlige medicinske tilstande <\/span><\/li>\n<li style=\"font-weight: 400;\"><span style=\"font-weight: 400;\">De fleste rejsende kan deltage<\/span><\/li>\n<\/ol>\n<p>This tour is offered to a Minimum of 2 people and Maximum 15 people. In case of fewer people, please contact us.<\/p>\n<h4><b><i>Afbestillingspolitik<\/i><\/b><\/h4>\n<p><span style=\"font-weight: 400;\">For en fuld refusion skal du annullere mindst 24 timer f\u00f8r startdatoen for oplevelsen.<\/span><\/p>\n\n\t\t<\/div>\n\t<\/div>\n<\/div><\/div><\/div><\/div><div class=\"vc_row wpb_row vc_row-fluid\" ><div class=\"wpb_column vc_column_container vc_col-sm-12\"><div class=\"vc_column-inner\"><div class=\"wpb_wrapper\">\n\t<div class=\"wpb_text_column wpb_content_element\" >\n\t\t<div class=\"wpb_wrapper\">\n\t\t\t<h4>Kontakt os?<\/h4>\n<h5><em><strong>Booking Adventures<\/strong><\/em><\/h5>\n<p><em><strong>Lokalbefolkningen<\/strong> og <strong>Nationale<\/strong> Turguider og g\u00e6steservice<\/em><\/p>\n<p><span class=\"text-turquoise\">Reservationer:<\/span> Ture og udflugter i Dom. Rep.<\/p>\n<p><img decoding=\"async\" class=\"emoji\" draggable=\"false\" src=\"https:\/\/s.w.org\/images\/core\/emoji\/11.2.0\/svg\/1f4de.svg\" alt=\"\ud83d\udcde\" title=\"\"> Tlf\/Whatsapp\u00a0 <a href=\"tel:+1-809-720-6035\">+1-809-720-6035<\/a>.<\/p>\n<p><img decoding=\"async\" class=\"emoji\" draggable=\"false\" src=\"https:\/\/s.w.org\/images\/core\/emoji\/11.2.0\/svg\/1f4e9.svg\" alt=\"\ud83d\udce9\" title=\"\"> <a href=\"mailto:info@bookingadventures.com.do\">info@bookingadventures.com.do<\/a><\/p>\n<p><strong>Vi er fleksibel indstilling af private ture af Whatsapp: <a href=\"tel:+18097206035\">+18097206035.<\/a><\/strong><\/p>\n\n\t\t<\/div>\n\t<\/div>\n<\/div><\/div><\/div><\/div>","protected":false},"excerpt":{"rendered":"<p>Trip to Los Haitises National Park with a Local Tour guide concentrates on birdwatching + Caves. Visiting the Cays in Los Haitises National Park, Mangroves, Vegetation, Birding, Caves, Pictographs and the historical areas of Sabana de la Mar in Los Haitises National Park.<\/p>\n<p>&nbsp;<\/p>\n<p><em><strong>V\u00e6lg venligst dato for turen\u00a0<\/strong><\/em><\/p>","protected":false},"featured_media":177,"template":"","meta":[],"product_brand":[],"product_cat":[119,120,96,98,121,122,123,124],"product_tag":[176,177,178,179,448,180,181,182,183,184,185,186,132,187,133,189,190,191,192,114,142,147,193],"class_list":{"0":"post-11312","1":"product","2":"type-product","3":"status-publish","4":"has-post-thumbnail","6":"product_cat-caves","7":"product_cat-fees-entrace","8":"product_cat-hiking","9":"product_cat-local-tour-guides","10":"product_cat-mangroves","11":"product_cat-tours-and-excursions","12":"product_cat-tours-excursions-los-haitises-national-park","13":"product_cat-tours-excursions-samana-bay-dominican-republic","14":"product_tag-biding-sabana-de-la-mar","15":"product_tag-birding","16":"product_tag-birding-dominican-republic","17":"product_tag-birding-in-los-haitises","18":"product_tag-birding-tour-from-punta-cana","19":"product_tag-birdwatching","20":"product_tag-birdwatching-dominicana","21":"product_tag-birdwtaching","22":"product_tag-boat-tour-birding","23":"product_tag-carretera-cano-hondo","24":"product_tag-eco-lodge-paraiso-cano-hondo","25":"product_tag-hire-a-guide-in-los-haitises","26":"product_tag-los-haitises","27":"product_tag-los-haitises-birding","28":"product_tag-los-haitises-national-park","29":"product_tag-los-haitises-national-park-cano-hondo","30":"product_tag-los-haitises-samana","31":"product_tag-nature","32":"product_tag-ridgways-hawk","33":"product_tag-sabana-de-la-mar","34":"product_tag-samana","35":"product_tag-samana-bay","36":"product_tag-wildlife","38":"first","39":"instock","40":"sale","41":"sold-individually","42":"shipping-taxable","43":"product-type-external"},"_links":{"self":[{"href":"https:\/\/haitises.com\/da\/wp-json\/wp\/v2\/product\/11312","targetHints":{"allow":["GET"]}}],"collection":[{"href":"https:\/\/haitises.com\/da\/wp-json\/wp\/v2\/product"}],"about":[{"href":"https:\/\/haitises.com\/da\/wp-json\/wp\/v2\/types\/product"}],"wp:featuredmedia":[{"embeddable":true,"href":"https:\/\/haitises.com\/da\/wp-json\/wp\/v2\/media\/177"}],"wp:attachment":[{"href":"https:\/\/haitises.com\/da\/wp-json\/wp\/v2\/media?parent=11312"}],"wp:term":[{"taxonomy":"product_brand","embeddable":true,"href":"https:\/\/haitises.com\/da\/wp-json\/wp\/v2\/product_brand?post=11312"},{"taxonomy":"product_cat","embeddable":true,"href":"https:\/\/haitises.com\/da\/wp-json\/wp\/v2\/product_cat?post=11312"},{"taxonomy":"product_tag","embeddable":true,"href":"https:\/\/haitises.com\/da\/wp-json\/wp\/v2\/product_tag?post=11312"}],"curies":[{"name":"wp","href":"https:\/\/api.w.org\/{rel}","templated":true}]}}