{"id":10907,"date":"2020-07-18T16:58:56","date_gmt":"2020-07-18T16:58:56","guid":{"rendered":"http:\/\/haitises.com\/?post_type=product&#038;p=10907"},"modified":"2024-04-15T23:54:32","modified_gmt":"2024-04-15T23:54:32","slug":"udflugt-hvalsafari-og-halvmane-miches","status":"publish","type":"product","link":"https:\/\/haitises.com\/da\/privat\/udflugt-hvalsafari-og-halvmane-miches\/","title":{"rendered":"Hvalsafari og halvm\u00e5neudflugt, Miches"},"content":{"rendered":"<div class=\"vc_row wpb_row vc_row-fluid\" ><div class=\"wpb_column vc_column_container vc_col-sm-12\"><div class=\"vc_column-inner\"><div class=\"wpb_wrapper\">[mkdf_section_title title_tag=\u00bb\u00bb disable_break_words=\u00bbno\u00bb subtitle_tag=\u00bb\u00bb title=\u00bbObservaci\u00f3n de Ballenas en Miches &#8211; Experiencia de medio d\u00eda\u00bb subtitle=\u00bbMedia Luna (Half-Moon) incluido.\u00bb]<\/div><\/div><\/div><\/div><div class=\"vc_row wpb_row vc_row-fluid\" ><div class=\"wpb_column vc_column_container vc_col-sm-12\"><div class=\"vc_column-inner\"><div class=\"wpb_wrapper\">\n\t<div class=\"wpb_text_column wpb_content_element\" >\n\t\t<div class=\"wpb_wrapper\">\n\t\t\t<div class=\"vc_row wpb_row vc_row-fluid\">\n<div class=\"wpb_column vc_column_container vc_col-sm-12\">\n<div class=\"vc_column-inner\">\n<div class=\"wpb_wrapper\">\n<div class=\"wpb_text_column wpb_content_element\">\n<div class=\"wpb_wrapper\">\n<div class=\"vc_row wpb_row vc_row-fluid\">\n<div class=\"wpb_column vc_column_container vc_col-sm-12\">\n<div class=\"vc_column-inner\">\n<div class=\"wpb_wrapper\">\n<div class=\"wpb_text_column wpb_content_element\">\n<div class=\"wpb_wrapper\"><\/div>\n<\/div>\n<\/div>\n<\/div>\n<\/div>\n<\/div>\n<\/div>\n<\/div>\n<\/div>\n<\/div>\n<\/div>\n<\/div>\n<div class=\"vc_row wpb_row vc_row-fluid\">\n<div class=\"wpb_column vc_column_container vc_col-sm-12\">\n<div class=\"vc_column-inner\">\n<div class=\"wpb_wrapper\">\n<div class=\"wpb_text_column wpb_content_element\">\n<div class=\"wpb_wrapper\">\n<h3>Beskrivelse<\/h3>\n<p>G\u00e5 ombord p\u00e5 vores b\u00e5d for at bes\u00f8ge pukkelhvaler i deres eget habitat. Denne oplevelse inkluderer en naturlig pool for s\u00f8stjerner og fisk. Snorkling er tilladt i de naturlige bassiner. <strong>Bem\u00e6rk:<\/strong> ikke at sv\u00f8mme med hvaler. Vores kaptajner er uddannet til at sikre, at du ser hvaler.<\/p>\n<p>Fra kl. 9.00 til kl. 13.00 Hvalsafari observatorium og efter denne hvalsafari tur vender vi tilbage til havnen i Miches.<\/p>\n<p><strong>Bem\u00e6rk:<\/strong> Denne tur er ikke privat. Hvis du gerne vil oprette en privat rundvisning, bedes du kontakte os.<\/p>\n<ul>\n<li>Hvalsafari<\/li>\n<li>Naturlig pool til observation af s\u00f8stjerner<\/li>\n<li>Katamaran b\u00e5doverf\u00f8rsel<\/li>\n<li>Kaptajnen s\u00f8rger for instruktion og supervision.<\/li>\n<li>Tur guide<\/li>\n<\/ul>\n<h3>Inklusioner og ekskluderinger<\/h3>\n<h4>Inklusioner<\/h4>\n<ol>\n<li>Tur guide<\/li>\n<li>Katamaran eller b\u00e5dtur<\/li>\n<li>Alle skatter, gebyrer og ekspeditionsgebyrer<\/li>\n<li>Lokale skatter<\/li>\n<li>Drikkevarer<\/li>\n<li>Dramamine-tabletter (valgfrit)<\/li>\n<li>Indgangsgebyrer til helligdommen. (Armb\u00e5nd)<\/li>\n<\/ol>\n<h4>Udelukkelser<\/h4>\n<ol>\n<li>Tips<\/li>\n<li>Biltransport<\/li>\n<li>Alkoholiske drikkevarer<\/li>\n<\/ol>\n<h3><em>Afgang og hjemrejse<\/em><\/h3>\n<p>Den rejsende f\u00e5r et m\u00f8dested efter reservationsprocessen. Ture begynder og slutter ved vores m\u00f8desteder.<\/p>\n<p>Miches Whale Watching \u2013 Halvm\u00e5ne.<\/p>\n<h3><em>Hvad kan man forvente?<\/em><\/h3>\n<p>F\u00e5 dine billetter til en halvdags hvalsafari i Saman\u00e1 Bay fra Miches.<\/p>\n<p>El viaje de avistamiento de ballenas de medio d\u00eda, organizado por \u00abBooking Adventures\u00bb comienza en el punto de encuentro establecido con el gu\u00eda tur\u00edstico. Este viaje visita Media Luna (Half-Moon). El almuerzo en la playa no est\u00e1 incluido en este tour.<\/p>\n<h5>Hvad er halvm\u00e5ne?<\/h5>\n<p>Det er et sted, hvor vandstanden afh\u00e6nger af tidevandets eller havstr\u00f8mmenes horisont, som n\u00e5r den er h\u00f8j, bliver dybere, og n\u00e5r den er lav, falder str\u00f8mmen af bassinet. At v\u00e6re skjult og tilg\u00e5et ved havet, g\u00f8r det til et magisk og jomfruelig sted, for dem, der bes\u00f8ger det uden at ville forlade det. Her er ingen tr\u00e6er til at beskytte dig mod solen, men vandet er koldt, da vindene svajer omr\u00e5det.<\/p>\n<p>Det kan opsummeres, at det er en naturlig lagune i Atlanterhavet, som skylder sit navn, at den set fra oven ligner en halvm\u00e5ne. De lokale kalder det ogs\u00e5 Cayo de la Media Luna, dannet af koralrev og hvidt sand, med krystalklart vand spr\u00f8jtet overalt for at bryde de naturlige b\u00f8lger, som beroliger dets vand. N\u00e5r tidevandet er stabilt, overstiger dets dybde ikke tre fod, hvilket f\u00e5r b\u00e5de b\u00f8rn og voksne til at nyde dette himmelske saltvandssted.<\/p>\n<p><strong>Tidsplan:<\/strong><\/p>\n<p>8:45 \u2013 12:30<\/p>\n<p>Vejret kan \u00e6ndre sig alt efter hvor mange hvaler vi ser.<\/p>\n<h3><em>Hvad skal du medbringe?<\/em><\/h3>\n<ul>\n<li>Kamera<\/li>\n<li>Afskr\u00e6kningsmidler<\/li>\n<li>solcreme<\/li>\n<li>Hat<\/li>\n<li>Komfortable bukser<\/li>\n<li>Badedragt<\/li>\n<li>Kontanter til souvenirs<\/li>\n<\/ul>\n<h3><em>Hotel afhentning<\/em><\/h3>\n<p>Hotel afhentning tilbydes ikke til denne tur. Vi kan konfigurere det via Whatsapp.<\/p>\n<p><strong>Bem\u00e6rk:<\/strong> Hvis du bestiller inden for 24 timer efter turens\/udflugtens afgangstidspunkt, kan vi arrangere hotelafhentning mod ekstra gebyrer. N\u00e5r dit k\u00f8b er gennemf\u00f8rt, sender vi dig fuldst\u00e6ndige kontaktoplysninger (telefonnummer, e-mailadresse osv.), s\u00e5 vores lokale rejseguide kan arrangere afhentning.<\/p>\n<h3><em>Bekr\u00e6ftelse af yderligere information<\/em><\/h3>\n<ol>\n<li>Billetterne er kvitteringen efter betaling for denne tur. Du kan vise betalingen p\u00e5 din telefon.<\/li>\n<li>M\u00f8destedet modtages efter reservationsprocessen.<\/li>\n<li>B\u00f8rn skal ledsages af en voksen.<\/li>\n<li>K\u00f8restolsvenligt<\/li>\n<li>Sp\u00e6db\u00f8rn skal sidde p\u00e5 sk\u00f8det<\/li>\n<li>De fleste rejsende kan deltage.<\/li>\n<\/ol>\n<h3><em>Afbestillingspolitik<\/em><\/h3>\n<p>For en fuld refusion skal du annullere mindst 24 timer f\u00f8r oplevelsens startdato.<\/p>\n<h4>Kontakt os<br \/>\nSAMANA HVAL-TUR<\/h4>\n<p><em>Lokale og nationale rejseledere og g\u00e6stetjenester<\/em><\/p>\n<p>Reservationer: Ture og udflugter i Dom. Rep.<\/p>\n<p>Tlf\/Whatsapp +1-809-720-6035.<\/p>\n<p>info@bookingadventures.com.do<\/p>\n<p>Vi er fleksible Ops\u00e6tning af private ture ved <strong>WhatsApp: <a href=\"tel:+18097206035\">+18097206035.<\/a><\/strong><\/p>\n<\/div>\n<\/div>\n<\/div>\n<\/div>\n<\/div>\n<\/div>\n\n\t\t<\/div>\n\t<\/div>\n<\/div><\/div><\/div><\/div>","protected":false},"excerpt":{"rendered":"<p>Halvdags hvalsafari Saman\u00e1 Bay, Den Dominikanske Republik. Hvalsafari fra havnen i Miches p\u00e5 en behagelig katamaran eller b\u00e5d. Book til morgenen efter morgenmaden for at bes\u00f8ge Media Luna (Half Moon) og hvalsafari. Book denne Saman\u00e1-bugt-udflugt nu for at nyde en god rejseoplevelse for at se hvaler og s\u00f8stjerner.<\/p>\n<p><strong>V\u00e6lg venligst datoen for udflugten:<\/strong><\/p>","protected":false},"featured_media":440,"template":"","meta":[],"product_brand":[],"product_cat":[344,443,124,232],"product_tag":[345,346,113,269,201,147,271,234,235,236,337,338,238],"class_list":{"0":"post-10907","1":"product","2":"type-product","3":"status-publish","4":"has-post-thumbnail","6":"product_cat-miches-whale-watching-and-media-luna","7":"product_cat-tours-y-excursiones-es","8":"product_cat-tours-excursions-samana-bay-dominican-republic","9":"product_cat-whale-watching-samana","10":"product_tag-half-day-whale-watching-miches","11":"product_tag-media-luna-miches","12":"product_tag-miches","13":"product_tag-miches-whale-watching","14":"product_tag-private-tours-samana","15":"product_tag-samana-bay","16":"product_tag-samana-whale-watching","17":"product_tag-whale-samana","18":"product_tag-whale-tours","19":"product_tag-whale-watching-dominican-republic","20":"product_tag-whale-watching-las-galeras","21":"product_tag-whale-watching-las-terrenas","22":"product_tag-whale-watching-samana","24":"first","25":"instock","26":"sale","27":"sold-individually","28":"shipping-taxable","29":"product-type-external"},"_links":{"self":[{"href":"https:\/\/haitises.com\/da\/wp-json\/wp\/v2\/product\/10907","targetHints":{"allow":["GET"]}}],"collection":[{"href":"https:\/\/haitises.com\/da\/wp-json\/wp\/v2\/product"}],"about":[{"href":"https:\/\/haitises.com\/da\/wp-json\/wp\/v2\/types\/product"}],"wp:featuredmedia":[{"embeddable":true,"href":"https:\/\/haitises.com\/da\/wp-json\/wp\/v2\/media\/440"}],"wp:attachment":[{"href":"https:\/\/haitises.com\/da\/wp-json\/wp\/v2\/media?parent=10907"}],"wp:term":[{"taxonomy":"product_brand","embeddable":true,"href":"https:\/\/haitises.com\/da\/wp-json\/wp\/v2\/product_brand?post=10907"},{"taxonomy":"product_cat","embeddable":true,"href":"https:\/\/haitises.com\/da\/wp-json\/wp\/v2\/product_cat?post=10907"},{"taxonomy":"product_tag","embeddable":true,"href":"https:\/\/haitises.com\/da\/wp-json\/wp\/v2\/product_tag?post=10907"}],"curies":[{"name":"wp","href":"https:\/\/api.w.org\/{rel}","templated":true}]}}