{"id":604,"date":"2020-07-08T17:08:34","date_gmt":"2020-07-08T17:08:34","guid":{"rendered":"http:\/\/haitises.com\/?post_type=product&#038;p=604"},"modified":"2024-04-16T15:38:45","modified_gmt":"2024-04-16T15:38:45","slug":"taith-diwrnod-llawn-i-santo-domingo-o-punta-cana-yn-hollgynhwysol","status":"publish","type":"product","link":"https:\/\/haitises.com\/cy\/preifat\/taith-diwrnod-llawn-i-santo-domingo-o-punta-cana-yn-hollgynhwysol\/","title":{"rendered":"Taith diwrnod llawn i Santo Domingo o Punta Cana"},"content":{"rendered":"<div class=\"vc_row wpb_row vc_row-fluid\" ><div class=\"wpb_column vc_column_container vc_col-sm-12\"><div class=\"vc_column-inner\"><div class=\"wpb_wrapper\">[mkdf_section_title subtitle_tag=\u00bb\u00bb subtitle=\u00bbTransporte &amp; Almuerzo incluidos\u00bb]<\/div><\/div><\/div><\/div><div class=\"vc_row wpb_row vc_row-fluid\" ><div class=\"wpb_column vc_column_container vc_col-sm-12\"><div class=\"vc_column-inner\"><div class=\"wpb_wrapper\">\n\t<div class=\"wpb_text_column wpb_content_element\" >\n\t\t<div class=\"wpb_wrapper\">\n\t\t\t<h2>Taith Dinas Santo Domingo o Punta Cana Taith Undydd Hollgynhwysol.<\/h2>\n<h3>Disgrifiad<\/h3>\n<p>Treuliwch ddiwrnod ym Mharth Hanesyddol Trefedigaethol y ddinas hynaf yn America Ladin. Archwiliwch dirnodau ac uchafbwyntiau fel y Plaza de Espa\u00f1a, y Palas Cenedlaethol, Goleudy Columbus, a&#039;r Parth Trefedigaethol.<\/p>\n<p>Arhoswch ym Mharc Cenedlaethol Los Tres Ojos a gweld yr ogof\u00e2u a&#039;r lagwnau tanddaearol a ddefnyddir gan Indiaid Ta\u00edno. Byddwch yn cael eich codi o&#039;ch gwesty ar fws yn gyntaf.<\/p>\n<p>Bydd y daith yn dechrau gyda chwrdd \u00e2 thywysydd proffesiynol a fydd yn rhoi gwybodaeth i chi am yr ynys a diwylliant Dominica, bwyd, cerddoriaeth a llawer mwy. Cynhwysir cinio mewn bwyty Dominican nodweddiadol. Bydd y daith hon yn sicr yn rhoi hanes go iawn yr ynys hon i chi!<\/p>\n<p>Ar \u00f4l y profiad hwn, byddwch yn dychwelyd i&#039;r lleoliad lle byddwch yn cwrdd \u00e2 thywysydd y daith.<\/p>\n<h3>Cynhwysiant a gwaharddiadau<\/h3>\n<h4>Cynhwysion<\/h4>\n<ol>\n<li>Cinio bwffe<\/li>\n<li>Goleudy Columbus<\/li>\n<li>Taith diwrnod i Santo Domingo<\/li>\n<li>Parc Cenedlaethol Tri Llygaid<\/li>\n<li>Taith gerdded y parth trefedigaethol<\/li>\n<li>Y palas cenedlaethol<\/li>\n<li>Sgw\u00e2r Sbaen<\/li>\n<li>Yr holl drethi, ffioedd a thaliadau trin<\/li>\n<li>Trethi lleol<\/li>\n<li>Diodydd<\/li>\n<li>Blasynwyr<\/li>\n<li>Canllaw lleol<\/li>\n<\/ol>\n<h4>Gwaharddiadau<\/h4>\n<ol>\n<li>Cynghorion<\/li>\n<li>Diodydd meddwol<\/li>\n<\/ol>\n<h3><em>Gadael a dychwelyd<\/em><\/h3>\n<p>Bydd y teithiwr yn cael man cyfarfod ar \u00f4l y broses archebu. Mae&#039;r teithiau&#039;n dechrau ac yn gorffen yn eu mannau cyfarfod.<\/p>\n<h3>Taith Dinas Santo Domingo o Punta Cana Taith Undydd Hollgynhwysol.<\/h3>\n<h3><em>Beth i&#039;w ddisgwyl?<\/em><\/h3>\n<p>Santo Domingo es una ciudad m\u00e1gica, llena de historia, cultura y paisajes incre\u00edbles. Camina por la capital m\u00e1s antigua del \u00abNuevo Mundo\u00bb; Santo Domingo es la primera ciudad fundada en Am\u00e9rica.<br \/>\nYm 1992, dathlodd Santo Domingo, dinas hynaf America, ei phen-blwydd yn 500 ers ei darganfod gan Christopher Columbus. Mae gan Santo Domingo yr eglwys gadeiriol, prifysgol a neuadd ddinas gyntaf yn y byd newydd. Mae canol y ddinas gyfan yn llawn adeiladau trefedigaethol o&#039;r 15fed a&#039;r 16eg ganrif.<br \/>\nEn este recorrido no solo visitar\u00e1 los edificios hist\u00f3ricos m\u00e1s importantes, sino tambi\u00e9n algunos museos y una cueva fascinante. \u00abLos Tres Ojos\u00bb es la primera parada donde ver\u00e1s una cueva para aprender sobre la vida de los indios ta\u00ednos.<\/p>\n<h3><em>Beth ddylech chi ddod?<\/em><\/h3>\n<ul>\n<li>Camera<\/li>\n<li>Ymlidwyr<\/li>\n<li>Eli haul<\/li>\n<li>Het<\/li>\n<li>Pants cyfforddus<\/li>\n<li>Esgidiau heicio<\/li>\n<li>Sandalau i ardaloedd y gwanwyn.<\/li>\n<li>Swimsuit<\/li>\n<\/ul>\n<h3><em>Codi gwesty<\/em><\/h3>\n<p>Cynnig casglu teithwyr!<\/p>\n<p>Rydym yn codi o&#039;r holl westai yn Punta Cana.Lleoliad codi yw&#039;r lobi gwesty<br \/>\nOs ydych chi&#039;n aros mewn condo yn yr ardal, byddwn yn eich codi wrth y condo neu&#039;r fynedfa gyrchfan agosaf. Rydym yn ffurfweddu Pickup trwy gysylltu \u00e2 ni ar Whatsapp.<\/p>\n<p><strong>Nodyn:<\/strong> Os archebwch o fewn 24 awr i amser gadael y daith \/ gwibdaith, gallwn drefnu codi gwesty. Unwaith y bydd eich pryniant wedi&#039;i gwblhau, byddwn yn anfon gwybodaeth gyswllt gyflawn atoch (rhif ff\u00f4n, cyfeiriad e-bost, ac ati) ar gyfer ein canllaw taith leol i drefnu trefniadau codi.<\/p>\n<h3><em>Cadarnhad o wybodaeth ychwanegol<\/em><\/h3>\n<ul>\n<li>Y tocynnau yw&#039;r Derbynneb ar \u00f4l talu am y Daith hon. Gallwch ddangos y taliad ar eich ff\u00f4n.<\/li>\n<li>Derbynnir y man cyfarfod ar \u00f4l y broses archebu.<\/li>\n<li>Rhaid i blant fod yng nghwmni oedolyn.<\/li>\n<li>Ddim yn hygyrch i gadeiriau olwyn<\/li>\n<li>Dylai babanod eistedd ar y glin<\/li>\n<li>Heb ei argymell ar gyfer teithwyr \u00e2 phroblemau cefn.<\/li>\n<li>Heb ei argymell ar gyfer teithwyr beichiog.<\/li>\n<li>Dim problemau gyda&#039;r galon na chyflyrau meddygol difrifol eraill.<\/li>\n<li>Gall y rhan fwyaf o deithwyr gymryd rhan.<\/li>\n<\/ul>\n<h3><em>Polisi canslo<\/em><\/h3>\n<p>I gael ad-daliad llawn, canslwch o leiaf 24 awr cyn dyddiad cychwyn y profiad. Bydd arian yn cael ei golli os caiff yr archeb ei chanslo ar yr un diwrnod teithio.<\/p>\n\n\t\t<\/div>\n\t<\/div>\n<\/div><\/div><\/div><\/div><div class=\"vc_row wpb_row vc_row-fluid\" ><div class=\"wpb_column vc_column_container vc_col-sm-12\"><div class=\"vc_column-inner\"><div class=\"wpb_wrapper\">\n\t<div class=\"wpb_video_widget wpb_content_element vc_clearfix   vc_video-aspect-ratio-169 vc_video-el-width-100 vc_video-align-left\" >\n\t\t<div class=\"wpb_wrapper\">\n\t\t\t<h2 class=\"wpb_heading wpb_video_heading\">Fideo Santo Domingo:<\/h2>\n\t\t\t<div class=\"wpb_video_wrapper\"><iframe loading=\"lazy\" title=\"Santo Domingo, Prifddinas y Weriniaeth Ddominicaidd | DYDDIADUR TEITHIO\" width=\"1100\" height=\"619\" src=\"https:\/\/www.youtube.com\/embed\/CixCl3alHJw?feature=oembed\" frameborder=\"0\" allow=\"accelerometer; autoplay; encrypted-media; gyroscope; picture-in-picture\" allowfullscreen><\/iframe><\/div>\n\t\t<\/div>\n\t<\/div>\n<\/div><\/div><\/div><\/div><div class=\"vc_row wpb_row vc_row-fluid\" ><div class=\"wpb_column vc_column_container vc_col-sm-12\"><div class=\"vc_column-inner\"><div class=\"wpb_wrapper\"><div class=\"vc_empty_space\"   style=\"height: 32px\"><span class=\"vc_empty_space_inner\"><\/span><\/div>\n\t<div class=\"wpb_text_column wpb_content_element\" >\n\t\t<div class=\"wpb_wrapper\">\n\t\t\t<h4>Cysylltwch \u00e2 Ni<\/h4>\n<h5>gwarchodfa antur<\/h5>\n<p><em><strong>Tywyswyr teithiau lleol a chenedlaethol a gwasanaethau gwesteion<\/strong><\/em><\/p>\n<p>Archebu lle: Teithiau a Gwibdeithiau yn y Dom.<\/p>\n<p>Ff\u00f4n\/Whatsapp +1-809-720-6035.<\/p>\n<p>info@bookingadventures.com.do<\/p>\n<p><strong>Rydym yn gwneud teithiau preifat gyda chyfluniad hyblyg gan Whatsapp: +18097206035.<\/strong><\/p>\n\n\t\t<\/div>\n\t<\/div>\n<div class=\"vc_empty_space\"   style=\"height: 32px\"><span class=\"vc_empty_space_inner\"><\/span><\/div><\/div><\/div><\/div><\/div>","protected":false},"excerpt":{"rendered":"<p>I wir brofi hanes a diwylliant cyfoethog y Weriniaeth Ddominicaidd, ymunwch \u00e2 ni am daith diwrnod llawn o amgylch Santo Domingo, dinas hynaf yr Americas. Wrth deithio mewn bws modern, gl\u00e2n a chyfforddus, cewch eich difyrru gan dywysydd proffesiynol a fydd yn gwneud y daith hon yn un fywiog ac addysgiadol.<\/p>\n<p>Fe welwch lawer o safleoedd diddorol ar hyd y ffordd, gan gynnwys Afon Chavon, sydd wedi cael sylw mewn ffilmiau gan gynnwys Apocalypse Now a Rambo. Ymweld \u00e2 Pharc Cenedlaethol Los Tres Ojos a&#039;r Parth Trefedigaethol cyflawn ar \u00f4l cinio bwffe arferol.<\/p>\n<p><strong>Dewiswch y dyddiad ar gyfer Taith y Ddinas:<\/strong><\/p>","protected":false},"featured_media":364,"template":"","meta":[],"product_brand":[],"product_cat":[120,135,303,304,305,122,443],"product_tag":[306,307,308,309,310,311,312,313,314,315,316],"class_list":{"0":"post-604","1":"product","2":"type-product","3":"status-publish","4":"has-post-thumbnail","6":"product_cat-fees-entrace","7":"product_cat-lunch","8":"product_cat-santo-domingo-from-punta-cana","9":"product_cat-tours-excursion-santo-domingo","10":"product_cat-tours-and-excursion-punta-cana","11":"product_cat-tours-and-excursions","12":"product_cat-tours-y-excursiones-es","13":"product_tag-columbus-lighthouse","14":"product_tag-day-trip-santo-domingo","15":"product_tag-los-tres-ojos-national-park","16":"product_tag-los-tres-ojos-santo-domingo","17":"product_tag-santo-domingo-city-tour","18":"product_tag-santo-domingo-excursion","19":"product_tag-santo-domingo-tour","20":"product_tag-the-3-eyes","21":"product_tag-the-colonial-zone","22":"product_tag-the-national-palace","23":"product_tag-the-plaza-de-espana","25":"first","26":"instock","27":"sale","28":"sold-individually","29":"shipping-taxable","30":"product-type-external"},"_links":{"self":[{"href":"https:\/\/haitises.com\/cy\/wp-json\/wp\/v2\/product\/604","targetHints":{"allow":["GET"]}}],"collection":[{"href":"https:\/\/haitises.com\/cy\/wp-json\/wp\/v2\/product"}],"about":[{"href":"https:\/\/haitises.com\/cy\/wp-json\/wp\/v2\/types\/product"}],"wp:featuredmedia":[{"embeddable":true,"href":"https:\/\/haitises.com\/cy\/wp-json\/wp\/v2\/media\/364"}],"wp:attachment":[{"href":"https:\/\/haitises.com\/cy\/wp-json\/wp\/v2\/media?parent=604"}],"wp:term":[{"taxonomy":"product_brand","embeddable":true,"href":"https:\/\/haitises.com\/cy\/wp-json\/wp\/v2\/product_brand?post=604"},{"taxonomy":"product_cat","embeddable":true,"href":"https:\/\/haitises.com\/cy\/wp-json\/wp\/v2\/product_cat?post=604"},{"taxonomy":"product_tag","embeddable":true,"href":"https:\/\/haitises.com\/cy\/wp-json\/wp\/v2\/product_tag?post=604"}],"curies":[{"name":"wp","href":"https:\/\/api.w.org\/{rel}","templated":true}]}}