{"id":564,"date":"2020-06-27T01:33:01","date_gmt":"2020-06-27T01:33:01","guid":{"rendered":"http:\/\/haitises.com\/?post_type=product&#038;p=564"},"modified":"2024-04-17T17:19:20","modified_gmt":"2024-04-17T17:19:20","slug":"los-haitises-gwibdaith-caiac-2-awr","status":"publish","type":"product","link":"https:\/\/haitises.com\/cy\/preifat\/los-haitises-gwibdaith-caiac-2-awr\/","title":{"rendered":"Taith Caiac Los Haitises 2 awr"},"content":{"rendered":"<div class=\"vc_row wpb_row vc_row-fluid\" ><div class=\"wpb_column vc_column_container vc_col-sm-12\"><div class=\"vc_column-inner\"><div class=\"wpb_wrapper\">[mkdf_section_title subtitle_tag=\u00bb\u00bb subtitle=\u00bbKayaks y gu\u00eda local\u00bb]<\/div><\/div><\/div><\/div><div class=\"vc_row wpb_row vc_row-fluid\" ><div class=\"wpb_column vc_column_container vc_col-sm-12\"><div class=\"vc_column-inner\"><div class=\"wpb_wrapper\"><div class=\"vc_empty_space\"   style=\"height: 32px\"><span class=\"vc_empty_space_inner\"><\/span><\/div><\/div><\/div><\/div><\/div><div class=\"vc_row wpb_row vc_row-fluid\" ><div class=\"wpb_column vc_column_container vc_col-sm-12\"><div class=\"vc_column-inner\"><div class=\"wpb_wrapper\">\n\t<div class=\"wpb_text_column wpb_content_element\" >\n\t\t<div class=\"wpb_wrapper\">\n\t\t\t<div class=\"vc_row wpb_row vc_row-fluid\">\n<div class=\"wpb_column vc_column_container vc_col-sm-12\">\n<div class=\"vc_column-inner\">\n<div class=\"wpb_wrapper\">\n<div class=\"mkdf-section-title-holder\">\n<div class=\"mkdf-st-inner\">\n<h2>Caiac ym Mharc Cenedlaethol Los Haitises gyda thywysydd taith Ca\u00f1o Hondo 2 awr<\/h2>\n<h3>Disgrifiad<\/h3>\n<p>Caiacio mangrof ym Mharc Cenedlaethol Los Haitises gyda thywysydd lleol 2 awr. Ymweld \u00e2 mangrofau ar Afon Ca\u00f1o Hondo ynghyd \u00e2 throsolwg o Fae San Lorenzo ym Mharc Cenedlaethol Los Haitises, ardal Sabana de la Mar Ca\u00f1o Hondo. Rhag ofn eich bod yn hoffi&#039;r wibdaith hirach: Caiac 4 awr yn Los Haitises.<\/p>\n<ul>\n<li>Mae&#039;r canllaw yn darparu cyfarwyddyd a goruchwyliaeth.<\/li>\n<li>Caiacau a rhwyfau ar gael Dwbl i ddau berson a Syml i un person.<\/li>\n<\/ul>\n<h3>Cynhwysiant a gwaharddiadau<\/h3>\n<h4>Cynhwysion<\/h4>\n<ol>\n<li>taith caiac<\/li>\n<li>Yr holl drethi, ffioedd a thaliadau trin<\/li>\n<li>Trethi lleol<\/li>\n<li>Canllaw lleol<\/li>\n<\/ol>\n<h4>Gwaharddiadau<\/h4>\n<ol>\n<li>Cynghorion<\/li>\n<li>Cludiant<\/li>\n<li>Cinio <em>Nac ydw<\/em> mae wedi&#039;i gynnwys.<\/li>\n<li>Yr ogofau <em>Nac ydw<\/em> maent yn cael eu cynnwys<\/li>\n<li>Diodydd meddwol<\/li>\n<\/ol>\n<h3><em>Gadael a dychwelyd<\/em><\/h3>\n<p>Bydd y teithiwr yn cael man cyfarfod ar \u00f4l y broses archebu. Mae teithiau&#039;n dechrau ac yn gorffen yn ein mannau cyfarfod.<\/p>\n<h3>Beth i&#039;w ddisgwyl?<\/h3>\n<p>Mynnwch eich tocynnau ar gyfer ymweliad caiac 2-awr \u00e2 Choedwig Afon Ca\u00f1o Hondo (mangrofau) gyda thywyswyr teithiau lleol.<\/p>\n<p>Pan fyddwn yn cael yr holl fathau o offer sy&#039;n angenrheidiol ar gyfer eich diogelwch (siacedi achub, ac ati), bydd y weithred yn dechrau caiacio ar Afon Ca\u00f1o Hondo.<\/p>\n<p>El recorrido, organizado por \u00abBooking Adventures\u00bb, comienza en el punto de encuentro establecido con el gu\u00eda tur\u00edstico. Tomando kayaks y atravesando manglares, pasando por antiguas cuevas piratas y en bosques protegidos en esta pintoresca reserva a partir del \u00e1rea de los Hoteles Ca\u00f1o Hondo o de Sabana de la Mar.<\/p>\n<p>Dewch gydag Archebu Anturiaethau a dechrau gweld mangrofau llawn adar, bryniau tonnog o lystyfiant toreithiog ac ogof\u00e2u Parc Cenedlaethol Los Haitises. Mynd ar daith caiac o Afon Ca\u00f1o Hondo, Sabana de la Mar. Trwy&#039;r mangrofau a glanio i mewn i fae agored San Lorenzo, lle gallwch chi dynnu llun o&#039;r dirwedd goediog garw. Edrychwch allan i&#039;r d\u0175r i weld manatees, cramenogion a dolffiniaid.<\/p>\n<p>Rhag ofn eich bod yn hoffi&#039;r daith hon, mae gennym ail opsiwn: caiac yn Los Haitises 4 awr<\/p>\n<p>Daw&#039;r Daith i ben yn y man cychwyn ym Mharc Cenedlaethol Los Haitises. Rydym yn argymell y daith hon am 6:00 am rhag ofn eich bod am weld manatees, cramenogion a dolffiniaid.<\/p>\n<p>Mae 6:00 AM yn gynnar, felly does dim cychod ym Mharc Cenedlaethol Los Haitises eto.<\/p>\n<h3><em>Beth ddylech chi ddod?<\/em><\/h3>\n<ul>\n<li>Camera<\/li>\n<li>Ymlidwyr<\/li>\n<li>Eli haul<\/li>\n<li>Het<\/li>\n<li>Pants cyfforddus<\/li>\n<li>Sandalau<\/li>\n<li>Swimsuit<\/li>\n<\/ul>\n<h3><em>Codi gwesty<\/em><\/h3>\n<p>Ni chynigir pickup gwesty ar gyfer y daith hon.<\/p>\n<p><strong>Nodyn:<\/strong> Os archebwch o fewn 24 awr i amser gadael y daith \/ gwibdaith, gallwn drefnu codi gwesty gyda thaliadau ychwanegol. Unwaith y bydd eich pryniant wedi&#039;i gwblhau, byddwn yn anfon gwybodaeth gyswllt gyflawn atoch (rhif ff\u00f4n, cyfeiriad e-bost, ac ati) ar gyfer ein canllaw taith leol i drefnu trefniadau codi.<\/p>\n<h3><em>Cadarnhad o wybodaeth ychwanegol<\/em><\/h3>\n<ul>\n<li>Y tocynnau yw&#039;r Derbynneb ar \u00f4l talu am y Daith hon. Gallwch ddangos y taliad ar eich ff\u00f4n.<\/li>\n<li>Derbynnir y man cyfarfod ar \u00f4l y broses archebu.<\/li>\n<li>Rhaid i blant fod yng nghwmni oedolyn.<\/li>\n<li>Ddim yn hygyrch i gadeiriau olwyn<\/li>\n<li>Dylai babanod eistedd mewn sedd babi neu gydag oedolyn<\/li>\n<li>Heb ei argymell ar gyfer teithwyr \u00e2 phroblemau cefn.<\/li>\n<li>Heb ei argymell ar gyfer menywod beichiog.<\/li>\n<li>Dim problemau gyda&#039;r galon na chyflyrau meddygol difrifol eraill.<\/li>\n<li>Gall y rhan fwyaf o deithwyr gymryd rhan<\/li>\n<\/ul>\n<h3><em>Polisi canslo<\/em><\/h3>\n<p>I gael ad-daliad llawn, canslwch o leiaf 24 awr cyn dyddiad cychwyn y profiad.<\/p>\n<h3><em>Cysylltwch \u00e2 ni?<\/em><\/h3>\n<p>Archebu Antur<br \/>\nTywyswyr teithiau lleol a chenedlaethol a gwasanaethau gwesteion<\/p>\n<p>Archebu lle: Teithiau a Gwibdeithiau Cynrychiolwyr Dom.<\/p>\n<p>\ud83d\udcde Ff\u00f4n\/Whatsapp +1-809-720-6035.<\/p>\n<p>\ud83d\udce9 info@bookingadventures.com.do<\/p>\n<p>Rydym yn gwneud teithiau preifat gyda hyblygrwydd gan Whatsapp: +18097206035.<\/p>\n<\/div>\n<\/div>\n<\/div>\n<\/div>\n<\/div>\n<\/div>\n<div class=\"vc_row wpb_row vc_row-fluid\">\n<div class=\"wpb_column vc_column_container vc_col-sm-12\">\n<div class=\"vc_column-inner\">\n<div class=\"wpb_wrapper\">\n<div class=\"wpb_text_column wpb_content_element\">\n<div class=\"wpb_wrapper\"><\/div>\n<\/div>\n<\/div>\n<\/div>\n<\/div>\n<\/div>\n\n\t\t<\/div>\n\t<\/div>\n<\/div><\/div><\/div><\/div>","protected":false},"excerpt":{"rendered":"<p>Taith i Barc Cenedlaethol Los Haitises o Sabana de la Mar neu Gwestai Ca\u00f1o Hondo. Caiacio Mangrove ym Mharc Cenedlaethol Los Haitises gyda thywysydd teithiau lleol. Ymweld \u00e2&#039;r mangrofau ar Afon Ca\u00f1o Hondo ynghyd \u00e2 throsolwg o Fae San Lorenzo ym Mharc Cenedlaethol Los Haitises, ardal Sabana de la Mar, Ca\u00f1o Hondo. Os oes gennych ddiddordeb mewn ymweld \u00e2&#039;r ogof\u00e2u hefyd, archebwch daith caiac 4 awr yma.<\/p>\n<ul>\n<li>Mae&#039;r canllaw yn darparu cyfarwyddyd a goruchwyliaeth.<\/li>\n<li>Caiacau a rhwyfau ar gael Dwbl i ddau berson a Syml i un person.<\/li>\n<\/ul>\n<p>Gosodwch y daith hon gyda llwybr heicio a dysgwch am hanes Parc Cenedlaethol Los Haitises gyda phobl leol.<\/p>\n<p><strong>Dewiswch ddyddiad ar gyfer y Daith:<\/strong><\/p>","protected":false},"featured_media":113,"template":"","meta":[],"product_brand":[],"product_cat":[119,96,144,98,121,99,122,443,123,124],"product_tag":[126,127,149,145,150,151,152,153,132,133,114,148,143],"class_list":{"0":"post-564","1":"product","2":"type-product","3":"status-publish","4":"has-post-thumbnail","6":"product_cat-caves","7":"product_cat-hiking","8":"product_cat-kayaking","9":"product_cat-local-tour-guides","10":"product_cat-mangroves","11":"product_cat-swimming-natural-springs","12":"product_cat-tours-and-excursions","13":"product_cat-tours-y-excursiones-es","14":"product_cat-tours-excursions-los-haitises-national-park","15":"product_cat-tours-excursions-samana-bay-dominican-republic","16":"product_tag-cano-hondo","17":"product_tag-cano-hondo-hotel","18":"product_tag-cano-hondo-river","19":"product_tag-day-tour-cano-hondo","20":"product_tag-kayak-dominican-republic","21":"product_tag-kayak-los-haitises","22":"product_tag-kayak-tour","23":"product_tag-kayaking","24":"product_tag-los-haitises","25":"product_tag-los-haitises-national-park","26":"product_tag-sabana-de-la-mar","27":"product_tag-samana-excursions","28":"product_tag-samana-tours","30":"first","31":"instock","32":"sale","33":"sold-individually","34":"shipping-taxable","35":"product-type-external"},"_links":{"self":[{"href":"https:\/\/haitises.com\/cy\/wp-json\/wp\/v2\/product\/564","targetHints":{"allow":["GET"]}}],"collection":[{"href":"https:\/\/haitises.com\/cy\/wp-json\/wp\/v2\/product"}],"about":[{"href":"https:\/\/haitises.com\/cy\/wp-json\/wp\/v2\/types\/product"}],"wp:featuredmedia":[{"embeddable":true,"href":"https:\/\/haitises.com\/cy\/wp-json\/wp\/v2\/media\/113"}],"wp:attachment":[{"href":"https:\/\/haitises.com\/cy\/wp-json\/wp\/v2\/media?parent=564"}],"wp:term":[{"taxonomy":"product_brand","embeddable":true,"href":"https:\/\/haitises.com\/cy\/wp-json\/wp\/v2\/product_brand?post=564"},{"taxonomy":"product_cat","embeddable":true,"href":"https:\/\/haitises.com\/cy\/wp-json\/wp\/v2\/product_cat?post=564"},{"taxonomy":"product_tag","embeddable":true,"href":"https:\/\/haitises.com\/cy\/wp-json\/wp\/v2\/product_tag?post=564"}],"curies":[{"name":"wp","href":"https:\/\/api.w.org\/{rel}","templated":true}]}}