{"id":562,"date":"2020-06-25T15:24:34","date_gmt":"2020-06-25T15:24:34","guid":{"rendered":"http:\/\/haitises.com\/?post_type=product&#038;p=562"},"modified":"2024-04-17T17:28:59","modified_gmt":"2024-04-17T17:28:59","slug":"los-haitises-excursion-en-kayak-4-horas","status":"publish","type":"product","link":"https:\/\/haitises.com\/cy\/preifat\/los-haitises-excursion-en-kayak-4-horas\/","title":{"rendered":"Taith Caiac Los Haitises 4 awr"},"content":{"rendered":"<div class=\"vc_row wpb_row vc_row-fluid\" ><div class=\"wpb_column vc_column_container vc_col-sm-12\"><div class=\"vc_column-inner\"><div class=\"wpb_wrapper\"><div class=\"vc_empty_space\"   style=\"height: 32px\"><span class=\"vc_empty_space_inner\"><\/span><\/div><\/div><\/div><\/div><\/div><div class=\"vc_row wpb_row vc_row-fluid\" ><div class=\"wpb_column vc_column_container vc_col-sm-12\"><div class=\"vc_column-inner\"><div class=\"wpb_wrapper\">[mkdf_section_title subtitle_tag=\u00bb\u00bb subtitle=\u00bbManglares, cuevas y m\u00e1s.\u00bb]<\/div><\/div><\/div><\/div><div class=\"vc_row wpb_row vc_row-fluid\" ><div class=\"wpb_column vc_column_container vc_col-sm-12\"><div class=\"vc_column-inner\"><div class=\"wpb_wrapper\"><div class=\"vc_empty_space\"   style=\"height: 32px\"><span class=\"vc_empty_space_inner\"><\/span><\/div><\/div><\/div><\/div><\/div><div class=\"vc_row wpb_row vc_row-fluid\" ><div class=\"wpb_column vc_column_container vc_col-sm-12\"><div class=\"vc_column-inner\"><div class=\"wpb_wrapper\">\n\t<div class=\"wpb_text_column wpb_content_element\" >\n\t\t<div class=\"wpb_wrapper\">\n\t\t\t<h2>Caiac yn Los Haitises gyda thywysydd taith Ca\u00f1o Hondo 4 awr<\/h2>\n<h3>Disgrifiad<\/h3>\n<p>Caiacio Mangrove ym Mharc Cenedlaethol Los Haitises gyda thywysydd lleol am 4 awr. Ymweld \u00e2 mangrofau, ogof\u00e2u, pictograffau ar Afon Ca\u00f1o Hondo a throsolwg o Fae San Lorenzo ym Mharc Cenedlaethol Los Haitises, ardal Sabana de la Mar, Ca\u00f1o Hondo. Mewn achos o daith fer: caiac Los Haitises 2 awr<\/p>\n<ul>\n<li>Mae&#039;r canllaw yn darparu cyfarwyddyd a goruchwyliaeth.<\/li>\n<li>Caiacau a rhwyfau ar gael Dwbl i ddau berson a Syml i un person.<\/li>\n<\/ul>\n<h3>Cynhwysiant a gwaharddiadau<\/h3>\n<h4>Cynhwysion<\/h4>\n<ol>\n<li>taith caiac<\/li>\n<li>Gwibdeithiau i&#039;r ogof\u00e2u<\/li>\n<li>Yr holl drethi, ffioedd a thaliadau trin<\/li>\n<li>Trethi lleol<\/li>\n<li>Canllaw lleol<\/li>\n<\/ol>\n<h4>Gwaharddiadau<\/h4>\n<ol>\n<li>Cynghorion<\/li>\n<li>Cludiant<\/li>\n<li>Nid yw cinio wedi&#039;i gynnwys.<\/li>\n<li>Diodydd meddwol<\/li>\n<\/ol>\n<h3><em>Gadael a dychwelyd<\/em><\/h3>\n<p>Bydd y teithiwr yn cael man cyfarfod ar \u00f4l y broses archebu. Mae teithiau&#039;n dechrau ac yn gorffen yn ein mannau cyfarfod.<\/p>\n<h3><em>Beth i&#039;w ddisgwyl?<\/em><\/h3>\n<p>Mynnwch eich tocynnau i ymweld 4 awr mewn caiac i Goedwig Afon Ca\u00f1o Hondo (mangrofau), Ynysoedd Creigiog, Gwylio Adar ac Ogof\u00e2u gyda&#039;r tywysydd teithiau lleol.<\/p>\n<p>Rydyn ni&#039;n cael yr holl fathau o offer sy&#039;n angenrheidiol ar gyfer eich diogelwch (siacedi achub, ac ati), ac mae&#039;r weithred yn dechrau trwy gaiac o Afon Ca\u00f1o Hondo.<\/p>\n<p>El recorrido, organizado por \u00abBooking Adventures\u00bb, comienza en el punto de encuentro establecido con el gu\u00eda tur\u00edstico. Tomando los kayaks y atravesando manglares, pasando por antiguas cuevas piratas y por bosques protegidos en esta pintoresca reserva a partir del \u00e1rea de los Hoteles Ca\u00f1o Hondo o de Sabana de la Mar.<\/p>\n<p>Dewch gydag Archebu Anturiaethau a dechrau gweld mangrofau llawn adar, bryniau tonnog o lystyfiant toreithiog ac ogof\u00e2u Parc Cenedlaethol Los Haitises. Ewch ar daith caiac o Afon Ca\u00f1o Hondo, Sabana de la Mar. Trwy&#039;r mangrofau a glanio i mewn i fae agored San Lorenzo, lle gallwch chi dynnu llun o&#039;r dirwedd goediog garw. Edrychwch allan i&#039;r d\u0175r i weld manatees, cramenogion a dolffiniaid.<\/p>\n<p>El nombre del parque nacional proviene de sus habitantes originales, los indios ta\u00ednos. En su idioma, \u00abHaitises\u00bb se traduce como tierras altas o colinas, una referencia a las empinadas formaciones geol\u00f3gicas de la costa con calizas. Avent\u00farate m\u00e1s en el parque para explorar cuevas como la Cueva de la Arena y la Cueva de la L\u00ednea. Las cuevas en la reserva fueron utilizadas como refugio por los indios ta\u00ednos y, m\u00e1s tarde, por los piratas para esconderse. Busque dibujos de indios que decoran algunas de las paredes.<\/p>\n<p>Rhag ofn eich bod yn hoffi&#039;r daith fyrrach hon, mae gennym ail opsiwn: caiac yn Los Haitises 2 awr<\/p>\n<p>Daw&#039;r Daith i ben yn y man cychwyn ym Mharc Cenedlaethol Los Haitises. Rydym yn argymell y daith hon am 6:00 am rhag ofn eich bod am weld manatees, cramenogion a dolffiniaid.<\/p>\n<p>Mae 6:00 AM yn gynnar, felly does dim cychod ym Mharc Cenedlaethol Los Haitises eto.<\/p>\n<h3><em>Beth ddylech chi ddod?<\/em><\/h3>\n<ul>\n<li>Camera<\/li>\n<li>Ymlidwyr<\/li>\n<li>Eli haul<\/li>\n<li>Hat Pants cyfforddus<\/li>\n<li>Sandalau<\/li>\n<li>Swimsuit<\/li>\n<\/ul>\n<h3><em>Codi gwesty<\/em><\/h3>\n<p>Ni chynigir pickup gwesty ar gyfer y daith hon.<\/p>\n<p><strong>Nodyn<\/strong>- Os archebwch o fewn 24 awr i amser gadael y daith \/ gwibdaith, gallwn drefnu codi gwesty gyda thaliadau ychwanegol. Unwaith y bydd eich pryniant wedi&#039;i gwblhau, byddwn yn anfon gwybodaeth gyswllt gyflawn atoch (rhif ff\u00f4n, cyfeiriad e-bost, ac ati) ar gyfer ein canllaw taith leol i drefnu trefniadau codi.<\/p>\n<h3><em>Cadarnhad o wybodaeth ychwanegol<\/em><\/h3>\n<ul>\n<li>Y tocynnau yw&#039;r Derbynneb ar \u00f4l talu am y Daith hon. Gallwch ddangos y taliad ar eich ff\u00f4n.<\/li>\n<li>Derbynnir y man cyfarfod ar \u00f4l y broses archebu.<\/li>\n<li>Rhaid i blant fod yng nghwmni oedolyn.<\/li>\n<li>Ddim yn hygyrch i gadeiriau olwyn<\/li>\n<li>Dylai babanod eistedd mewn sedd babi neu gydag oedolyn<\/li>\n<li>Heb ei argymell ar gyfer teithwyr \u00e2 phroblemau cefn.<\/li>\n<li>Heb ei argymell ar gyfer menywod beichiog.<\/li>\n<li>Dim problemau gyda&#039;r galon na chyflyrau meddygol difrifol eraill.<\/li>\n<li>Gall y rhan fwyaf o deithwyr gymryd rhan.<\/li>\n<\/ul>\n<h3><em>Polisi canslo<\/em><\/h3>\n<p>I gael ad-daliad llawn, canslwch o leiaf 24 awr cyn dyddiad cychwyn y profiad.<\/p>\n<h3><em>Cysylltwch \u00e2 ni?<\/em><\/h3>\n<p>Anturiaethau Archebu<br \/>\nTywyswyr teithiau lleol a chenedlaethol a gwasanaethau gwesteion<\/p>\n<p>Archebu lle: Teithiau a Gwibdeithiau Cynrychiolwyr Dom.<\/p>\n<p>\ud83d\udcde Ff\u00f4n\/Whatsapp +1-809-720-6035.<\/p>\n<p>\ud83d\udce9 info@bookingadventures.com.do<\/p>\n<p>Rydym yn gwneud teithiau preifat gyda hyblygrwydd gan Whatsapp: +18097206035.<\/p>\n\n\t\t<\/div>\n\t<\/div>\n<\/div><\/div><\/div><\/div>","protected":false},"excerpt":{"rendered":"<p>Taith i Barc Cenedlaethol Los Haitises yn cychwyn o Sabana de la Mar yn ardal Ca\u00f1o Hondo, gan ymweld \u00e2 mangrofau, ogof\u00e2u, pictograffau a ffurfiannau creigiau.<\/p>\n<p>Gellir sefydlu&#039;r daith hon gyda&#039;r clip Hiking Routes yma. Dysgwch stori go iawn am hanes Parc Cenedlaethol Los Haitises gyda phobl leol.<\/p>\n<p><strong>Dewiswch ddyddiad ar gyfer y Daith:<\/strong><\/p>","protected":false},"featured_media":229,"template":"","meta":[],"product_brand":[],"product_cat":[144,443,123,124],"product_tag":[126,127,145,150,197,198,199,132,133,200,201,114,147,148],"class_list":{"0":"post-562","1":"product","2":"type-product","3":"status-publish","4":"has-post-thumbnail","6":"product_cat-kayaking","7":"product_cat-tours-y-excursiones-es","8":"product_cat-tours-excursions-los-haitises-national-park","9":"product_cat-tours-excursions-samana-bay-dominican-republic","10":"product_tag-cano-hondo","11":"product_tag-cano-hondo-hotel","12":"product_tag-day-tour-cano-hondo","13":"product_tag-kayak-dominican-republic","14":"product_tag-kayaking-dominican-republic","15":"product_tag-kayaking-los-haitises","16":"product_tag-kayaks","17":"product_tag-los-haitises","18":"product_tag-los-haitises-national-park","19":"product_tag-los-haitises-tours","20":"product_tag-private-tours-samana","21":"product_tag-sabana-de-la-mar","22":"product_tag-samana-bay","23":"product_tag-samana-excursions","25":"first","26":"instock","27":"sale","28":"sold-individually","29":"shipping-taxable","30":"product-type-external"},"_links":{"self":[{"href":"https:\/\/haitises.com\/cy\/wp-json\/wp\/v2\/product\/562","targetHints":{"allow":["GET"]}}],"collection":[{"href":"https:\/\/haitises.com\/cy\/wp-json\/wp\/v2\/product"}],"about":[{"href":"https:\/\/haitises.com\/cy\/wp-json\/wp\/v2\/types\/product"}],"wp:featuredmedia":[{"embeddable":true,"href":"https:\/\/haitises.com\/cy\/wp-json\/wp\/v2\/media\/229"}],"wp:attachment":[{"href":"https:\/\/haitises.com\/cy\/wp-json\/wp\/v2\/media?parent=562"}],"wp:term":[{"taxonomy":"product_brand","embeddable":true,"href":"https:\/\/haitises.com\/cy\/wp-json\/wp\/v2\/product_brand?post=562"},{"taxonomy":"product_cat","embeddable":true,"href":"https:\/\/haitises.com\/cy\/wp-json\/wp\/v2\/product_cat?post=562"},{"taxonomy":"product_tag","embeddable":true,"href":"https:\/\/haitises.com\/cy\/wp-json\/wp\/v2\/product_tag?post=562"}],"curies":[{"name":"wp","href":"https:\/\/api.w.org\/{rel}","templated":true}]}}