{"id":553,"date":"2020-06-21T20:30:49","date_gmt":"2020-06-21T20:30:49","guid":{"rendered":"http:\/\/haitises.com\/?post_type=product&#038;p=553"},"modified":"2024-04-17T21:13:57","modified_gmt":"2024-04-17T21:13:57","slug":"excursion-a-los-haitises-y-cano-hondo-desde-sabana-de-la-mar","status":"publish","type":"product","link":"https:\/\/haitises.com\/cy\/preifat\/excursion-a-los-haitises-y-cano-hondo-desde-sabana-de-la-mar\/","title":{"rendered":"Taith Breifat i Los Haitises a Ca\u00f1o Hondo o Sabana de la Mar"},"content":{"rendered":"<div class=\"vc_row wpb_row vc_row-fluid\" ><div class=\"wpb_column vc_column_container vc_col-sm-12\"><div class=\"vc_column-inner\"><div class=\"wpb_wrapper\">[mkdf_section_title subtitle_tag=\u00bb\u00bb subtitle=\u00bbAlmuerzo y Nataci\u00f3n en Piscinas Naturales\u00bb]<\/div><\/div><\/div><\/div><div class=\"vc_row wpb_row vc_row-fluid\" ><div class=\"wpb_column vc_column_container vc_col-sm-12\"><div class=\"vc_column-inner\"><div class=\"wpb_wrapper\"><div class=\"vc_empty_space\"   style=\"height: 32px\"><span class=\"vc_empty_space_inner\"><\/span><\/div><\/div><\/div><\/div><\/div><div class=\"vc_row wpb_row vc_row-fluid\" ><div class=\"wpb_column vc_column_container vc_col-sm-12\"><div class=\"vc_column-inner\"><div class=\"wpb_wrapper\">\n\t<div class=\"wpb_text_column wpb_content_element\" >\n\t\t<div class=\"wpb_wrapper\">\n\t\t\t<h2>Parc Cenedlaethol Los Haitises + Cinio yn Ca\u00f1o Hondo o Sabana de la Mar<\/h2>\n<h3>Disgrifiad<\/h3>\n<p>Taith diwrnod llawn i Barc Cenedlaethol Los Haitises a chinio yn Ca\u00f1o Hondo ynghyd \u00e2 nofio mewn pyllau naturiol. Dewch gyda ni i ymweld \u00e2&#039;r parc cenedlaethol harddaf yn y Weriniaeth Ddominicaidd, gan ymweld \u00e2 mangrofau, ogof\u00e2u a Bae San Lorenzo. Dychwelwch i borthladd Ca\u00f1o Hondo i gerdded 15 munud i fwynhau cinio arferol gyda golygfa o&#039;r m\u00f4r o Barc Cenedlaethol Los Haitises. Ar \u00f4l hyn nofio mewn gwanwyn naturiol tan 4:30pm.<\/p>\n<ul>\n<li>Yn cynnwys cinio bwffe.<\/li>\n<li>Nofio mewn pyllau naturiol<\/li>\n<li>Trethi wedi&#039;u cynnwys<\/li>\n<li>Mae&#039;r canllaw yn darparu cyfarwyddyd a goruchwyliaeth.<\/li>\n<\/ul>\n<h3>Cynhwysiant a gwaharddiadau<\/h3>\n<h4>Cynhwysion<\/h4>\n<ol>\n<li>cinio yn yr Ecolodge<\/li>\n<li>Taith Los Haitises + Ogof\u00e2u a Phictograffau<\/li>\n<li>Yr holl drethi, ffioedd a thaliadau trin.<\/li>\n<li>Trethi lleol<\/li>\n<li>Diodydd<\/li>\n<li>Yr holl weithgareddau<\/li>\n<li>Canllaw lleol<\/li>\n<\/ol>\n<h4>Gwaharddiadau<\/h4>\n<ol>\n<li>Cynghorion<\/li>\n<li>Cludiant<\/li>\n<li>Diodydd meddwol<\/li>\n<\/ol>\n<h3><em>Gadael a dychwelyd<\/em><\/h3>\n<p>Bydd y teithiwr yn cael man cyfarfod ar \u00f4l y broses archebu. Mae teithiau&#039;n dechrau ac yn gorffen yn ein mannau cyfarfod.<\/p>\n<h3><em>Beth i&#039;w ddisgwyl?<\/em><\/h3>\n<p>Mynnwch eich tocynnau i ymweld \u00e2 Pharc Cenedlaethol Los Haitises gyda chinio bendigedig yn Ca\u00f1o Hondo a nofio yn y ffynhonnau naturiol. Ewch ar daith cwch trwy&#039;r mangrofau, ogof\u00e2u m\u00f4r-ladron hynafol a choedwigoedd gwarchodedig y warchodfa hardd hon, o ardal gwesty Ca\u00f1o Hondo neu o Sabana de la Mar.<\/p>\n<p>El recorrido, organizado por \u00abBooking Adventures\u00bb, comienza en el punto de encuentro establecido con el gu\u00eda tur\u00edstico. Ven con Booking Adventures y comienza a observar algunos manglares llenos de p\u00e1jaros, colinas onduladas de exuberante vegetaci\u00f3n y cuevas del Parque Nacional Los Haitises. Excursi\u00f3n en bote desde el r\u00edo Ca\u00f1o Hondo, Sabana de la Mar.<\/p>\n<p>Trwy&#039;r mangrofau a glanio ym Mae agored San Lorenzo, lle gallwch chi dynnu llun o dirwedd garw&#039;r goedwig. Edrychwch allan i&#039;r d\u0175r i weld manatees, cramenogion a dolffiniaid.<\/p>\n<p>El nombre del parque nacional proviene de sus habitantes originales, los indios ta\u00ednos. En su idioma, \u00abHaitises\u00bb se traduce en tierras altas o colinas, una referencia a las empinadas formaciones geol\u00f3gicas de la costa con calizas. Avent\u00farate m\u00e1s en el parque para explorar cuevas como la Cueva de la Arena y la Cueva de la l\u00ednea. Las cuevas en la reserva fueron utilizadas como refugio por los indios ta\u00ednos y, m\u00e1s tarde, por los piratas escondidos. Busque dibujos de indios que decoran algunas de las paredes. Despu\u00e9s de visitar el Parque Nacional Los Haitises iremos a Ca\u00f1o Hondo. En Ca\u00f1o Hondo aprendiendo sobre esta historia de ecolodge y la hora del almuerzo con la comida t\u00edpica de la comunidad de Sabana de la Mar.<\/p>\n<p>Bydd cinio yn flasus ond nid ydym wedi gorffen eto. Ar \u00f4l cinio, byddwn yn nofio yn y gwanwyn naturiol o Afon Jibales, afon lluosflwydd i Afon Ca\u00f1o Hondo. Arhoswch yn Ca\u00f1o Hondo tan 6:00pm os dymunwch neu lai.<\/p>\n<p>Yn y Pyllau Natur gallwch aros cyhyd ag y dymunwch i nofio a heicio. Os ydych chi&#039;n fegan, gallwn ni hefyd baratoi rhywfaint o fwyd i chi.<\/p>\n<h3><em>Beth ddylech chi ddod?<\/em><\/h3>\n<ul>\n<li>Camera<\/li>\n<li>Ymlidwyr<\/li>\n<li>eli haul<\/li>\n<li>Het<\/li>\n<li>Pants cyfforddus<\/li>\n<li>Esgidiau cerdded coedwig<\/li>\n<li>Sandalau i ardaloedd y gwanwyn.<\/li>\n<li>Swimsuit<\/li>\n<\/ul>\n<h3><em>Codi gwesty<\/em><\/h3>\n<p>Ni chynigir pickup gwesty ar gyfer y daith hon.<\/p>\n<p><strong>Nodyn:<\/strong> Os archebwch o fewn 24 awr i amser gadael y daith \/ gwibdaith, gallwn drefnu codi gwesty gyda thaliadau ychwanegol. Unwaith y bydd eich pryniant wedi&#039;i gwblhau, byddwn yn anfon gwybodaeth gyswllt gyflawn atoch (rhif ff\u00f4n, cyfeiriad e-bost, ac ati) ar gyfer ein canllaw taith leol i drefnu trefniadau codi.<\/p>\n<h3><em>Cadarnhad o wybodaeth ychwanegol<\/em><\/h3>\n<ul>\n<li>Y tocynnau yw&#039;r Derbynneb ar \u00f4l talu am y Daith hon. Gallwch ddangos y taliad ar eich ff\u00f4n.<\/li>\n<li>Derbynnir y man cyfarfod ar \u00f4l y broses archebu.<\/li>\n<li>Rhaid i blant fod yng nghwmni oedolyn.<\/li>\n<li>Ddim yn hygyrch i gadeiriau olwyn<\/li>\n<li>Dylai babanod eistedd mewn sedd babi neu gydag oedolyn<\/li>\n<li>Heb ei argymell ar gyfer teithwyr \u00e2 phroblemau cefn.<\/li>\n<li>Heb ei argymell ar gyfer menywod beichiog.<\/li>\n<li>Dim problemau gyda&#039;r galon na chyflyrau meddygol difrifol eraill.<\/li>\n<li>Gall y rhan fwyaf o deithwyr gymryd rhan.<\/li>\n<\/ul>\n<h3><em>Polisi canslo<\/em><\/h3>\n<p>I gael ad-daliad llawn, canslwch o leiaf 24 awr cyn dyddiad cychwyn y profiad.<\/p>\n\n\t\t<\/div>\n\t<\/div>\n<\/div><\/div><\/div><\/div><div class=\"vc_row wpb_row vc_row-fluid\" ><div class=\"wpb_column vc_column_container vc_col-sm-12\"><div class=\"vc_column-inner\"><div class=\"wpb_wrapper\">\n\t<div class=\"wpb_video_widget wpb_content_element vc_clearfix   vc_video-aspect-ratio-169 vc_video-el-width-100 vc_video-align-left\" >\n\t\t<div class=\"wpb_wrapper\">\n\t\t\t\n\t\t\t<div class=\"wpb_video_wrapper\"><iframe loading=\"lazy\" title=\"Parc Cenedlaethol Los Haitises, Teithiau a Gwibdeithiau o Samana neu Sabana de la Mar. Archebwch Yma:\" src=\"https:\/\/player.vimeo.com\/video\/346508015?dnt=1&amp;app_id=122963\" width=\"1100\" height=\"619\" frameborder=\"0\" allow=\"autoplay; fullscreen\" allowfullscreen><\/iframe><\/div>\n\t\t<\/div>\n\t<\/div>\n<\/div><\/div><\/div><\/div><div class=\"vc_row wpb_row vc_row-fluid\" ><div class=\"wpb_column vc_column_container vc_col-sm-12\"><div class=\"vc_column-inner\"><div class=\"wpb_wrapper\"><div class=\"vc_empty_space\"   style=\"height: 32px\"><span class=\"vc_empty_space_inner\"><\/span><\/div>\n\t<div class=\"wpb_text_column wpb_content_element\" >\n\t\t<div class=\"wpb_wrapper\">\n\t\t\t<h4>Cysylltwch \u00e2 ni?<\/h4>\n<h5>Archebu Antur<\/h5>\n<p><strong><em>Tywyswyr teithiau lleol a chenedlaethol a gwasanaethau gwesteion<\/em><\/strong><\/p>\n<p>Archebu lle: Teithiau a Gwibdeithiau Cynrychiolwyr Dom.<\/p>\n<p>Ff\u00f4n\/Whatsapp +1-809-720-6035.<\/p>\n<p>info@bookingadventures.com.do<\/p>\n<p>Rydym yn gwneud teithiau preifat gyda chyfluniad hyblyg gan Whatsapp: +18097206035.<\/p>\n\n\t\t<\/div>\n\t<\/div>\n<div class=\"vc_empty_space\"   style=\"height: 32px\"><span class=\"vc_empty_space_inner\"><\/span><\/div><\/div><\/div><\/div><\/div>","protected":false},"excerpt":{"rendered":"<p>Taith i Barc Cenedlaethol Los Haitises o Sabana de la Mar, ymweld \u00e2 mangrofau, ogof\u00e2u, pictograffau + cinio ar deithiau Ca\u00f1o Hondo a phyllau nofio.<\/p>\n<p>Gosodwch y daith hon gyda llwybr heicio a dysgwch am hanes Parc Cenedlaethol Los Haitises gan dywyswyr lleol.<\/p>","protected":false},"featured_media":82,"template":"","meta":[],"product_brand":[],"product_cat":[443,123,124],"product_tag":[126,127,128,145,202,203,132,133,146,114,204],"class_list":{"0":"post-553","1":"product","2":"type-product","3":"status-publish","4":"has-post-thumbnail","6":"product_cat-tours-y-excursiones-es","7":"product_cat-tours-excursions-los-haitises-national-park","8":"product_cat-tours-excursions-samana-bay-dominican-republic","9":"product_tag-cano-hondo","10":"product_tag-cano-hondo-hotel","11":"product_tag-cano-hondo-tours","12":"product_tag-day-tour-cano-hondo","13":"product_tag-la-arena-cave","14":"product_tag-line-cave","15":"product_tag-los-haitises","16":"product_tag-los-haitises-national-park","17":"product_tag-mangroves-los-haitises","18":"product_tag-sabana-de-la-mar","19":"product_tag-san-lorenzo-bay","21":"first","22":"instock","23":"sale","24":"sold-individually","25":"shipping-taxable","26":"product-type-external"},"_links":{"self":[{"href":"https:\/\/haitises.com\/cy\/wp-json\/wp\/v2\/product\/553","targetHints":{"allow":["GET"]}}],"collection":[{"href":"https:\/\/haitises.com\/cy\/wp-json\/wp\/v2\/product"}],"about":[{"href":"https:\/\/haitises.com\/cy\/wp-json\/wp\/v2\/types\/product"}],"wp:featuredmedia":[{"embeddable":true,"href":"https:\/\/haitises.com\/cy\/wp-json\/wp\/v2\/media\/82"}],"wp:attachment":[{"href":"https:\/\/haitises.com\/cy\/wp-json\/wp\/v2\/media?parent=553"}],"wp:term":[{"taxonomy":"product_brand","embeddable":true,"href":"https:\/\/haitises.com\/cy\/wp-json\/wp\/v2\/product_brand?post=553"},{"taxonomy":"product_cat","embeddable":true,"href":"https:\/\/haitises.com\/cy\/wp-json\/wp\/v2\/product_cat?post=553"},{"taxonomy":"product_tag","embeddable":true,"href":"https:\/\/haitises.com\/cy\/wp-json\/wp\/v2\/product_tag?post=553"}],"curies":[{"name":"wp","href":"https:\/\/api.w.org\/{rel}","templated":true}]}}