{"id":247,"date":"2020-06-14T12:00:36","date_gmt":"2020-06-14T12:00:36","guid":{"rendered":"http:\/\/haitises.com\/product\/import-placeholder-for-9731\/"},"modified":"2024-04-19T21:53:54","modified_gmt":"2024-04-19T21:53:54","slug":"bahia-de-las-aguilas-beach-day-trip-by-boat-day-pass-snorkeling-lunch","status":"publish","type":"product","link":"https:\/\/haitises.com\/cy\/preifat\/bahia-de-las-aguilas-beach-day-trip-by-boat-day-pass-snorkeling-lunch\/","title":{"rendered":"Bah\u00eda de las Aguilas: Beach Day Trip by Boat -Day Pass &#8211; Snorkeling &#038; Lunch"},"content":{"rendered":"<div class=\"vc_row wpb_row vc_row-fluid\" ><div class=\"wpb_column vc_column_container vc_col-sm-12\"><div class=\"vc_column-inner\"><div class=\"wpb_wrapper\">[mkdf_section_title title_tag=\u00bb\u00bb disable_break_words=\u00bbno\u00bb subtitle_tag=\u00bb\u00bb title=\u00bbBah\u00eda de las Aguilas: Beach Day Trip by Boat\u00bb subtitle=\u00bbDay Pass &#8211; Snorkeling &amp; Lunch\u00bb]<\/div><\/div><\/div><\/div><div class=\"vc_row wpb_row vc_row-fluid\" ><div class=\"wpb_column vc_column_container vc_col-sm-12\"><div class=\"vc_column-inner\"><div class=\"wpb_wrapper\">\n\t<div class=\"wpb_text_column wpb_content_element\" >\n\t\t<div class=\"wpb_wrapper\">\n\t\t\t<h4><b><i>Trosolwg<\/i><\/b><\/h4>\n<p>Enjoy a day at the beach and let your spirits flow, far away from the touristy areas and all the stress. Come and discover the Jaragua National park and Bahia de las \u00c1guilas. Drive along a beautiful road with breathtaking views of the small port and fishing village Cabo Rojo. In Las Cuevas you board a boat that takes you on a 15-minute ride to one of the most beautiful natural beaches of the world. The sands of Bah\u00eda de las Aguilas is pristine and the bay covers 8 km. Experience an exceptional coastal landscape with crystal clear water shining in shades reaching from turquoise to opal-blue melting into the horizon. Lunch is served at the beach, go swimming or snorkeling and explore this untouched natural paradise.<\/p>\n<p>&nbsp;<\/p>\n<ul>\n<li>Tywysydd Lleol gyda phrofiad Diogelwch yn yr ardal.<\/li>\n<li>Private transportation<\/li>\n<li>Ffioedd wedi&#039;u cynnwys<\/li>\n<li>Cinio<\/li>\n<li>Local Tour Guide in Spanish, English or French.<\/li>\n<li>Heicio<\/li>\n<li>Snorkeling<\/li>\n<\/ul>\n<h4><b>Cynhwysiadau a Gwaharddiadau<\/b><\/h4>\n<p>&nbsp;<\/p>\n<p><b>Cynhwysion<\/b><\/p>\n<ol>\n<li>Local Guide with Safety experiencie in the area.<\/li>\n<li>Cludiant preifat ar gyfer grwpiau bach<\/li>\n<li>Yr holl drethi, ffioedd a thaliadau trin<\/li>\n<li>Trethi lleol<\/li>\n<li>Cinio<\/li>\n<li>Heicio<\/li>\n<li>Pyllau Naturiol<\/li>\n<li>Snorkeling<\/li>\n<li>Pob gweithgaredd<\/li>\n<\/ol>\n<p><b>Gwaharddiadau<\/b><\/p>\n<ol>\n<li>Diolchgarwch<\/li>\n<li>Pob Diodydd<\/li>\n<\/ol>\n<h4><em><strong>Gadael a Dychwelyd<\/strong><\/em><\/h4>\n<p>Bydd y teithiwr yn cael man cyfarfod ar \u00f4l y Broses Archebu. Mae teithiau&#039;n cychwyn ac yn gorffen yn eich mannau cyfarfod.<\/p>\n<h2 class=\"styles__heading___mD4_3\" data-radium=\"true\">Bah\u00eda de las Aguilas: Beach Day Trip by Boat -Day Pass &#8211; Snorkeling &amp; Lunch<\/h2>\n<h4><em>Beth i&#039;w Ddisgwyl?<\/em><\/h4>\n<p>Playa de las Aguilas was named after the indigenous eagle. It is famously known as the most beautiful beach of the entire country. The park climate is very arid and the vegetation mainly composed of cacti and other desert plants. The red dirt road that runs along the bay is comparable to an African savanna landscape.<br \/>\nDiscover this paradise for fishermen and lovers of white sand beaches and crystal-clear water. But first, travel to the village La Cueva, where local fishermen live inside caves.<\/p>\n<p>Is there anything missing from this picture perfect moment?<\/p>\n<p>The calm sea and light wind will keep you from suffering too much from the sun and heat. Become an explorer for the day and discover an ecological, natural, and totally unspoiled paradise. You can observe more than 130 species of birds, 76 of which live permanently in the bay, 10 are endemic and 47 are migrants.<\/p>\n<p>08.00 \u2013 Departure from your hotel<br \/>\n09.30 \u2013 Short stop at the Laguna de Oviedo to enjoy the view from the viewing platform<br \/>\n11.00 \u2013 Departure by boat from the village La Cueva to the Bahia de las Aguilas<br \/>\n12.30 \u2013 Typical lunch on the beach<br \/>\n03.00 \u2013 Return to La Cueva<br \/>\n06.00 \u2013 Arrival at your hotel<\/p>\n<h4><em><strong>Beth ddylech chi ddod?<\/strong><\/em><\/h4>\n<ul>\n<li>camera<\/li>\n<li>blagur ymlid<\/li>\n<li>eli haul<\/li>\n<li>Toiled<\/li>\n<li>Het<\/li>\n<li>Pants cyfforddus<\/li>\n<li>Esgidiau cerdded ar gyfer coedwig<\/li>\n<li>Sandalau i ardaloedd y Gwanwyn.<\/li>\n<li>Gwisgo nofio<\/li>\n<\/ul>\n<p>&nbsp;<\/p>\n<h4><b><i>Pickup Gwesty<\/i><\/b><\/h4>\n<p>Cynigir gwasanaeth casglu gwesty ar gyfer y daith hon. Codi\/Cludiant o&#039;ch gwesty (ardal Barahona\/Paraiso\/Los Patos).<\/p>\n<p><b>Nodyn:<\/b>\u00a0If you are booking within 24 hours of the tour\/Excursion departure time, we can arrangements hotel pick-up. We just pick up in Samana area. Once your purchase is complete, we will send you complete contact information (phone number, email address, etc.) for our local Tour guide to organize pick-up arrangements.<\/p>\n<h4><b><i>Gwybodaeth Ychwanegol Cadarnhad<\/i><\/b><\/h4>\n<ol>\n<li>Tocynnau yw&#039;r Derbynneb ar \u00f4l talu&#039;r Daith hon. Gallwch ddangos y taliad ar eich ff\u00f4n.<\/li>\n<li>Derbynnir Man Cyfarfod Ar \u00f4l y Broses Archebu.<\/li>\n<li>Rhaid i blant fod yng nghwmni oedolyn.<\/li>\n<li>Ddim yn hygyrch i gadeiriau olwyn<\/li>\n<li>Rhaid i fabanod eistedd ar liniau<\/li>\n<li>Heb ei argymell ar gyfer teithwyr \u00e2 phroblemau cefn<\/li>\n<li>Heb ei argymell ar gyfer teithwyr beichiog<\/li>\n<li>Dim problemau gyda&#039;r galon na chyflyrau meddygol difrifol eraill<\/li>\n<li>Gall y rhan fwyaf o deithwyr gymryd rhan<\/li>\n<\/ol>\n<h4><b><i>Polisi Canslo<\/i><\/b><\/h4>\n<p>For a full refund, cancel at least 24 hours in advance of the start date of the experience. Funds will be lost if the reservation is canceled the same day of the trip.<\/p>\n\n\t\t<\/div>\n\t<\/div>\n<\/div><\/div><\/div><\/div>","protected":false},"excerpt":{"rendered":"<p>Prynwch Tocyn Tocyn Diwrnod i Bahia las Aguilas o Barahona. Gyrru trwy&#039;r parc cenedlaethol Jaragua a mynd i Cabo Rojo, lle mae cwch yn aros amdanoch chi. Ar \u00f4l taith 15 munud gyda&#039;r cwch, byddwch chi&#039;n cyrraedd y Bah\u00eda de las \u00c1guilas hardd ac ynysig, sy&#039;n cael ei ystyried yn draeth harddaf y wlad. Bydd cinio yn cael ei weini ar y traeth a chewch gyfle i nofio neu ymlacio ar y traeth. Mwynhewch dywod gwyn pristine y traeth 8 km o hyd hwn.<\/p>\n<p>&nbsp;<\/p>\n<p><strong>Dewiswch y diwrnod ar gyfer y daith hon:<\/strong><\/p>","protected":false},"featured_media":500,"template":"","meta":[],"product_brand":[],"product_cat":[396,135],"product_tag":[397,398,399,400,401,402,403,404,405,406,407,408,409,410,411],"class_list":{"0":"post-247","1":"product","2":"type-product","3":"status-publish","4":"has-post-thumbnail","6":"product_cat-bahia-de-las-aguilas-dominican-republic","7":"product_cat-lunch","8":"product_tag-bahia-de-las-aguilas","9":"product_tag-bahia-de-las-aguilas-pedernales","10":"product_tag-bahia-de-las-aguilas-beach-tour","11":"product_tag-bahia-de-las-aguilas-hoteles","12":"product_tag-bahia-de-las-aguilas-map","13":"product_tag-bahia-de-las-aguilas-private-tour","14":"product_tag-bahia-de-las-aguilas-republica-dominicana-hotel","15":"product_tag-bahia-de-las-aguilas-tour-from-punta-cana","16":"product_tag-bahia-de-las-aguilas-beach-day-trip-by-boat","17":"product_tag-bahia-las-aguilas-tours","18":"product_tag-barahona-tours","19":"product_tag-closest-airport-to-bahia-de-las-aguilas","20":"product_tag-hotel-barahona","21":"product_tag-playa-bahia-de-las-aguilas-dominican-republic","22":"product_tag-tours-a-bahia-de-las-aguilas-desde-santo-domingo","24":"first","25":"instock","26":"sale","27":"sold-individually","28":"shipping-taxable","29":"product-type-external"},"_links":{"self":[{"href":"https:\/\/haitises.com\/cy\/wp-json\/wp\/v2\/product\/247","targetHints":{"allow":["GET"]}}],"collection":[{"href":"https:\/\/haitises.com\/cy\/wp-json\/wp\/v2\/product"}],"about":[{"href":"https:\/\/haitises.com\/cy\/wp-json\/wp\/v2\/types\/product"}],"wp:featuredmedia":[{"embeddable":true,"href":"https:\/\/haitises.com\/cy\/wp-json\/wp\/v2\/media\/500"}],"wp:attachment":[{"href":"https:\/\/haitises.com\/cy\/wp-json\/wp\/v2\/media?parent=247"}],"wp:term":[{"taxonomy":"product_brand","embeddable":true,"href":"https:\/\/haitises.com\/cy\/wp-json\/wp\/v2\/product_brand?post=247"},{"taxonomy":"product_cat","embeddable":true,"href":"https:\/\/haitises.com\/cy\/wp-json\/wp\/v2\/product_cat?post=247"},{"taxonomy":"product_tag","embeddable":true,"href":"https:\/\/haitises.com\/cy\/wp-json\/wp\/v2\/product_tag?post=247"}],"curies":[{"name":"wp","href":"https:\/\/api.w.org\/{rel}","templated":true}]}}